{"id":34108,"date":"2021-03-07T09:07:00","date_gmt":"2022-05-17T11:48:14","guid":{"rendered":"https:\/\/alegerglobal.com\/sem categoria\/ecom-ex-handy-10-dz1-telemovel-ex-protegido-para-atex-zona-1-ecra-tactil-de-26-android\/"},"modified":"2022-05-17T12:48:14","modified_gmt":"2022-05-17T11:48:14","slug":"ecom-ex-handy-10-dz1-2","status":"publish","type":"product","link":"https:\/\/alegerglobal.com\/pt-pt\/shop-pt-pt\/industria-de-smartphones\/ecom-ex-handy-10-dz1-2\/","title":{"rendered":"ecom Ex-Handy 10 DZ1, Telem\u00f3vel Ex-protegido para ATEX Zona 1, ecr\u00e3 t\u00e1ctil de 2,6&#8243;, Android"},"content":{"rendered":"","protected":false},"excerpt":{"rendered":"<p><strong>Aprova\u00e7\u00e3o para a Zona Ex 1\/21 e Classe 1\/Div 1:<\/strong> possibilidades de aplica\u00e7\u00e3o a n\u00edvel mundial em conformidade com as directivas ATEX para atmosferas potencialmente explosivas.<br \/>\n<strong>Ecr\u00e3 t\u00e1ctil e teclado:<\/strong> O ecr\u00e3 de 2,6&#8243; est\u00e1 protegido com Gorilla\u00ae Glass e oferece uma excelente legibilidade mesmo sob luz solar. O Ex- Handy 10 pode ser utilizado em condi\u00e7\u00f5es h\u00famidas e mesmo com luvas cal\u00e7adas.<br \/>\n<strong>Bateria de 4400 mAh:<\/strong> A fim de dominar sem falhas mesmo longos dias de trabalho, uma bateria potente com tempos de funcionamento de primeira classe \u00e9 utilizada neste telem\u00f3vel Ex protegido.<br \/>\n<strong>Bot\u00f5es program\u00e1veis:<\/strong> As op\u00e7\u00f5es de ajuste individuais em fun\u00e7\u00e3o da \u00e1rea de utiliza\u00e7\u00e3o e a fun\u00e7\u00e3o push-to-talk permitem uma utiliza\u00e7\u00e3o particularmente descomplicada.<br \/>\n<strong>Seguran\u00e7a dos trabalhadores:<\/strong> Para al\u00e9m da protec\u00e7\u00e3o contra explos\u00f5es, a protec\u00e7\u00e3o dos trabalhadores solteiros assegura de forma fi\u00e1vel uma seguran\u00e7a adicional no local de trabalho.<br \/>\n<strong>Um companheiro fi\u00e1vel:<\/strong> Para suportar os rigores di\u00e1rios do local de trabalho, o robusto smartphone est\u00e1 protegido contra humidade, produtos qu\u00edmicos, vibra\u00e7\u00f5es, poeira e luz solar.<\/p>\n","protected":false},"featured_media":22105,"comment_status":"open","ping_status":"closed","template":"","meta":{"_acf_changed":false},"product_brand":[],"product_cat":[1174,1162],"product_tag":[],"class_list":{"0":"post-34108","1":"product","2":"type-product","3":"status-publish","4":"has-post-thumbnail","6":"product_cat-industria-de-smartphones","7":"product_cat-shop-pt-pt","8":"pa_hersteller-ecom-pt-pt","10":"first","11":"instock","12":"taxable","13":"shipping-taxable","14":"purchasable","15":"product-type-simple"},"acf":[],"yoast_head":"<!-- This site is optimized with the Yoast SEO Premium plugin v20.10 (Yoast SEO v24.3) - https:\/\/yoast.com\/wordpress\/plugins\/seo\/ -->\n<title>Comprar ex telem\u00f3vel 10 DZ1 de ecom - ALEGER \u22c6 Augmented Reality<\/title>\n<meta name=\"description\" content=\"Descubra aqui o telem\u00f3vel ecom Ex 10 DZ1! \u00c9 o seu companheiro ideal na ind\u00fastria. Com o apoio e software dos peritos.\" \/>\n<meta name=\"robots\" content=\"index, follow, max-snippet:-1, max-image-preview:large, max-video-preview:-1\" \/>\n<meta property=\"og:locale\" content=\"pt_PT\" \/>\n<meta property=\"og:type\" content=\"article\" \/>\n<meta property=\"og:title\" content=\"ecom Ex-Handy 10 DZ1, Telem\u00f3vel Ex-protegido para ATEX Zona 1, ecr\u00e3 t\u00e1ctil de 2,6&quot;, Android\" \/>\n<meta property=\"og:description\" content=\"Descubra aqui o telem\u00f3vel ecom Ex 10 DZ1! \u00c9 o seu companheiro ideal na ind\u00fastria. Com o apoio e software dos peritos.\" \/>\n<meta property=\"og:url\" content=\"https:\/\/alegerglobal.com\/pt-pt\/shop-pt-pt\/industria-de-smartphones\/ecom-ex-handy-10-dz1-2\/\" \/>\n<meta property=\"og:site_name\" content=\"ALEGER \u22c6 Augmented Reality\" \/>\n<meta property=\"og:image\" content=\"https:\/\/alegerglobal.com\/wp-content\/uploads\/2021\/01\/csm_ex-handy-10_dz1_technical-data_d82faf83cc.png\" \/>\n\t<meta property=\"og:image:width\" content=\"555\" \/>\n\t<meta property=\"og:image:height\" content=\"555\" \/>\n\t<meta property=\"og:image:type\" content=\"image\/png\" \/>\n<meta name=\"twitter:card\" content=\"summary_large_image\" \/>\n<meta name=\"twitter:label1\" content=\"pre\u00e7o\" \/>\n\t<meta name=\"twitter:data1\" content=\"&euro;1.487,00\" \/>\n\t<meta name=\"twitter:label2\" content=\"Disponibilidade\" \/>\n\t<meta name=\"twitter:data2\" content=\"Em stock\" \/>\n<script type=\"application\/ld+json\" class=\"yoast-schema-graph\">{\"@context\":\"https:\/\/schema.org\",\"@graph\":[{\"@type\":\"WebPage\",\"@id\":\"https:\/\/alegerglobal.com\/pt-pt\/shop-pt-pt\/industria-de-smartphones\/ecom-ex-handy-10-dz1-2\/\",\"url\":\"https:\/\/alegerglobal.com\/pt-pt\/shop-pt-pt\/industria-de-smartphones\/ecom-ex-handy-10-dz1-2\/\",\"name\":\"Comprar ex telem\u00f3vel 10 DZ1 de ecom - ALEGER \u22c6 Augmented Reality\",\"isPartOf\":{\"@id\":\"https:\/\/alegerglobal.com\/pt-pt\/#website\"},\"primaryImageOfPage\":{\"@id\":\"https:\/\/alegerglobal.com\/pt-pt\/shop-pt-pt\/industria-de-smartphones\/ecom-ex-handy-10-dz1-2\/#primaryimage\"},\"image\":{\"@id\":\"https:\/\/alegerglobal.com\/pt-pt\/shop-pt-pt\/industria-de-smartphones\/ecom-ex-handy-10-dz1-2\/#primaryimage\"},\"thumbnailUrl\":\"https:\/\/alegerglobal.com\/wp-content\/uploads\/2021\/01\/csm_ex-handy-10_dz1_technical-data_d82faf83cc.png\",\"datePublished\":\"2022-05-17T11:48:14+00:00\",\"dateModified\":\"2022-05-17T11:48:14+00:00\",\"description\":\"Descubra aqui o telem\u00f3vel ecom Ex 10 DZ1! \u00c9 o seu companheiro ideal na ind\u00fastria. Com o apoio e software dos peritos.\",\"breadcrumb\":{\"@id\":\"https:\/\/alegerglobal.com\/pt-pt\/shop-pt-pt\/industria-de-smartphones\/ecom-ex-handy-10-dz1-2\/#breadcrumb\"},\"inLanguage\":\"pt-PT\",\"potentialAction\":[{\"@type\":\"ReadAction\",\"target\":[\"https:\/\/alegerglobal.com\/pt-pt\/shop-pt-pt\/industria-de-smartphones\/ecom-ex-handy-10-dz1-2\/\"]}]},{\"@type\":\"ImageObject\",\"inLanguage\":\"pt-PT\",\"@id\":\"https:\/\/alegerglobal.com\/pt-pt\/shop-pt-pt\/industria-de-smartphones\/ecom-ex-handy-10-dz1-2\/#primaryimage\",\"url\":\"https:\/\/alegerglobal.com\/wp-content\/uploads\/2021\/01\/csm_ex-handy-10_dz1_technical-data_d82faf83cc.png\",\"contentUrl\":\"https:\/\/alegerglobal.com\/wp-content\/uploads\/2021\/01\/csm_ex-handy-10_dz1_technical-data_d82faf83cc.png\",\"width\":555,\"height\":555,\"caption\":\"ecom Ex-Handy 10 DZ1\"},{\"@type\":\"BreadcrumbList\",\"@id\":\"https:\/\/alegerglobal.com\/pt-pt\/shop-pt-pt\/industria-de-smartphones\/ecom-ex-handy-10-dz1-2\/#breadcrumb\",\"itemListElement\":[{\"@type\":\"ListItem\",\"position\":1,\"name\":\"Home\",\"item\":\"https:\/\/alegerglobal.com\/pt-pt\/novo-pagina-inicial\/\"},{\"@type\":\"ListItem\",\"position\":2,\"name\":\"Produtos\",\"item\":\"https:\/\/alegerglobal.com\/pt-pt\/produtos\/\"},{\"@type\":\"ListItem\",\"position\":3,\"name\":\"ecom Ex-Handy 10 DZ1, Telem\u00f3vel Ex-protegido para ATEX Zona 1, ecr\u00e3 t\u00e1ctil de 2,6&#8243;, Android\"}]},{\"@type\":\"WebSite\",\"@id\":\"https:\/\/alegerglobal.com\/pt-pt\/#website\",\"url\":\"https:\/\/alegerglobal.com\/pt-pt\/\",\"name\":\"ALEGER \u22c6 Augmented Reality\",\"description\":\"Die besten Augmented Reality (AR) L\u00f6sungen der Welt.\",\"publisher\":{\"@id\":\"https:\/\/alegerglobal.com\/pt-pt\/#organization\"},\"potentialAction\":[{\"@type\":\"SearchAction\",\"target\":{\"@type\":\"EntryPoint\",\"urlTemplate\":\"https:\/\/alegerglobal.com\/pt-pt\/?s={search_term_string}\"},\"query-input\":{\"@type\":\"PropertyValueSpecification\",\"valueRequired\":true,\"valueName\":\"search_term_string\"}}],\"inLanguage\":\"pt-PT\"},{\"@type\":\"Organization\",\"@id\":\"https:\/\/alegerglobal.com\/pt-pt\/#organization\",\"name\":\"ALEGER \u22c6 Augmented Reality\",\"url\":\"https:\/\/alegerglobal.com\/pt-pt\/\",\"logo\":{\"@type\":\"ImageObject\",\"inLanguage\":\"pt-PT\",\"@id\":\"https:\/\/alegerglobal.com\/pt-pt\/#\/schema\/logo\/image\/\",\"url\":\"https:\/\/alegerglobal.com\/wp-content\/uploads\/2020\/12\/aleger-logo-quadrat.jpg\",\"contentUrl\":\"https:\/\/alegerglobal.com\/wp-content\/uploads\/2020\/12\/aleger-logo-quadrat.jpg\",\"width\":200,\"height\":176,\"caption\":\"ALEGER \u22c6 Augmented Reality\"},\"image\":{\"@id\":\"https:\/\/alegerglobal.com\/pt-pt\/#\/schema\/logo\/image\/\"}}]}<\/script>\n<meta property=\"product:brand\" content=\"Ecom\" \/>\n<meta property=\"product:price:amount\" content=\"1487.00\" \/>\n<meta property=\"product:price:currency\" content=\"EUR\" \/>\n<meta property=\"og:availability\" content=\"instock\" \/>\n<meta property=\"product:availability\" content=\"instock\" \/>\n<meta property=\"product:condition\" content=\"new\" \/>\n<!-- \/ Yoast SEO Premium plugin. -->","yoast_head_json":{"title":"Comprar ex telem\u00f3vel 10 DZ1 de ecom - ALEGER \u22c6 Augmented Reality","description":"Descubra aqui o telem\u00f3vel ecom Ex 10 DZ1! \u00c9 o seu companheiro ideal na ind\u00fastria. Com o apoio e software dos peritos.","robots":{"index":"index","follow":"follow","max-snippet":"max-snippet:-1","max-image-preview":"max-image-preview:large","max-video-preview":"max-video-preview:-1"},"og_locale":"pt_PT","og_type":"article","og_title":"ecom Ex-Handy 10 DZ1, Telem\u00f3vel Ex-protegido para ATEX Zona 1, ecr\u00e3 t\u00e1ctil de 2,6\", Android","og_description":"Descubra aqui o telem\u00f3vel ecom Ex 10 DZ1! \u00c9 o seu companheiro ideal na ind\u00fastria. Com o apoio e software dos peritos.","og_url":"https:\/\/alegerglobal.com\/pt-pt\/shop-pt-pt\/industria-de-smartphones\/ecom-ex-handy-10-dz1-2\/","og_site_name":"ALEGER \u22c6 Augmented Reality","og_image":[{"width":555,"height":555,"url":"https:\/\/alegerglobal.com\/wp-content\/uploads\/2021\/01\/csm_ex-handy-10_dz1_technical-data_d82faf83cc.png","type":"image\/png"}],"twitter_card":"summary_large_image","twitter_misc":{"pre\u00e7o":"&euro;1.487,00","Disponibilidade":"Em stock"},"schema":{"@context":"https:\/\/schema.org","@graph":[{"@type":"WebPage","@id":"https:\/\/alegerglobal.com\/pt-pt\/shop-pt-pt\/industria-de-smartphones\/ecom-ex-handy-10-dz1-2\/","url":"https:\/\/alegerglobal.com\/pt-pt\/shop-pt-pt\/industria-de-smartphones\/ecom-ex-handy-10-dz1-2\/","name":"Comprar ex telem\u00f3vel 10 DZ1 de ecom - ALEGER \u22c6 Augmented Reality","isPartOf":{"@id":"https:\/\/alegerglobal.com\/pt-pt\/#website"},"primaryImageOfPage":{"@id":"https:\/\/alegerglobal.com\/pt-pt\/shop-pt-pt\/industria-de-smartphones\/ecom-ex-handy-10-dz1-2\/#primaryimage"},"image":{"@id":"https:\/\/alegerglobal.com\/pt-pt\/shop-pt-pt\/industria-de-smartphones\/ecom-ex-handy-10-dz1-2\/#primaryimage"},"thumbnailUrl":"https:\/\/alegerglobal.com\/wp-content\/uploads\/2021\/01\/csm_ex-handy-10_dz1_technical-data_d82faf83cc.png","datePublished":"2022-05-17T11:48:14+00:00","dateModified":"2022-05-17T11:48:14+00:00","description":"Descubra aqui o telem\u00f3vel ecom Ex 10 DZ1! \u00c9 o seu companheiro ideal na ind\u00fastria. Com o apoio e software dos peritos.","breadcrumb":{"@id":"https:\/\/alegerglobal.com\/pt-pt\/shop-pt-pt\/industria-de-smartphones\/ecom-ex-handy-10-dz1-2\/#breadcrumb"},"inLanguage":"pt-PT","potentialAction":[{"@type":"ReadAction","target":["https:\/\/alegerglobal.com\/pt-pt\/shop-pt-pt\/industria-de-smartphones\/ecom-ex-handy-10-dz1-2\/"]}]},{"@type":"ImageObject","inLanguage":"pt-PT","@id":"https:\/\/alegerglobal.com\/pt-pt\/shop-pt-pt\/industria-de-smartphones\/ecom-ex-handy-10-dz1-2\/#primaryimage","url":"https:\/\/alegerglobal.com\/wp-content\/uploads\/2021\/01\/csm_ex-handy-10_dz1_technical-data_d82faf83cc.png","contentUrl":"https:\/\/alegerglobal.com\/wp-content\/uploads\/2021\/01\/csm_ex-handy-10_dz1_technical-data_d82faf83cc.png","width":555,"height":555,"caption":"ecom Ex-Handy 10 DZ1"},{"@type":"BreadcrumbList","@id":"https:\/\/alegerglobal.com\/pt-pt\/shop-pt-pt\/industria-de-smartphones\/ecom-ex-handy-10-dz1-2\/#breadcrumb","itemListElement":[{"@type":"ListItem","position":1,"name":"Home","item":"https:\/\/alegerglobal.com\/pt-pt\/novo-pagina-inicial\/"},{"@type":"ListItem","position":2,"name":"Produtos","item":"https:\/\/alegerglobal.com\/pt-pt\/produtos\/"},{"@type":"ListItem","position":3,"name":"ecom Ex-Handy 10 DZ1, Telem\u00f3vel Ex-protegido para ATEX Zona 1, ecr\u00e3 t\u00e1ctil de 2,6&#8243;, Android"}]},{"@type":"WebSite","@id":"https:\/\/alegerglobal.com\/pt-pt\/#website","url":"https:\/\/alegerglobal.com\/pt-pt\/","name":"ALEGER \u22c6 Augmented Reality","description":"Die besten Augmented Reality (AR) L\u00f6sungen der Welt.","publisher":{"@id":"https:\/\/alegerglobal.com\/pt-pt\/#organization"},"potentialAction":[{"@type":"SearchAction","target":{"@type":"EntryPoint","urlTemplate":"https:\/\/alegerglobal.com\/pt-pt\/?s={search_term_string}"},"query-input":{"@type":"PropertyValueSpecification","valueRequired":true,"valueName":"search_term_string"}}],"inLanguage":"pt-PT"},{"@type":"Organization","@id":"https:\/\/alegerglobal.com\/pt-pt\/#organization","name":"ALEGER \u22c6 Augmented Reality","url":"https:\/\/alegerglobal.com\/pt-pt\/","logo":{"@type":"ImageObject","inLanguage":"pt-PT","@id":"https:\/\/alegerglobal.com\/pt-pt\/#\/schema\/logo\/image\/","url":"https:\/\/alegerglobal.com\/wp-content\/uploads\/2020\/12\/aleger-logo-quadrat.jpg","contentUrl":"https:\/\/alegerglobal.com\/wp-content\/uploads\/2020\/12\/aleger-logo-quadrat.jpg","width":200,"height":176,"caption":"ALEGER \u22c6 Augmented Reality"},"image":{"@id":"https:\/\/alegerglobal.com\/pt-pt\/#\/schema\/logo\/image\/"}}]},"product_brand":"Ecom","product_price_amount":"1487.00","product_price_currency":"EUR","og_availability":"instock","product_availability":"instock","product_condition":"new"},"_links":{"self":[{"href":"https:\/\/alegerglobal.com\/pt-pt\/wp-json\/wp\/v2\/product\/34108","targetHints":{"allow":["GET"]}}],"collection":[{"href":"https:\/\/alegerglobal.com\/pt-pt\/wp-json\/wp\/v2\/product"}],"about":[{"href":"https:\/\/alegerglobal.com\/pt-pt\/wp-json\/wp\/v2\/types\/product"}],"replies":[{"embeddable":true,"href":"https:\/\/alegerglobal.com\/pt-pt\/wp-json\/wp\/v2\/comments?post=34108"}],"version-history":[{"count":0,"href":"https:\/\/alegerglobal.com\/pt-pt\/wp-json\/wp\/v2\/product\/34108\/revisions"}],"wp:featuredmedia":[{"embeddable":true,"href":"https:\/\/alegerglobal.com\/pt-pt\/wp-json\/wp\/v2\/media\/22105"}],"wp:attachment":[{"href":"https:\/\/alegerglobal.com\/pt-pt\/wp-json\/wp\/v2\/media?parent=34108"}],"wp:term":[{"taxonomy":"product_brand","embeddable":true,"href":"https:\/\/alegerglobal.com\/pt-pt\/wp-json\/wp\/v2\/product_brand?post=34108"},{"taxonomy":"product_cat","embeddable":true,"href":"https:\/\/alegerglobal.com\/pt-pt\/wp-json\/wp\/v2\/product_cat?post=34108"},{"taxonomy":"product_tag","embeddable":true,"href":"https:\/\/alegerglobal.com\/pt-pt\/wp-json\/wp\/v2\/product_tag?post=34108"}],"curies":[{"name":"wp","href":"https:\/\/api.w.org\/{rel}","templated":true}]}}