{"id":34083,"date":"2021-02-04T05:54:51","date_gmt":"2022-05-17T10:34:05","guid":{"rendered":"https:\/\/alegerglobal.com\/sem%20categoria\/saco-de-alto-desempenho-9240-mah-conjunto-de-1\/"},"modified":"2022-05-17T11:34:08","modified_gmt":"2022-05-17T10:34:08","slug":"saco-de-alto-desempenho-9240-mah-conjunto-de-1","status":"publish","type":"product","link":"https:\/\/alegerglobal.com\/pt-pt\/shop-pt-pt\/acessorios\/saco-de-alto-desempenho-9240-mah-conjunto-de-1\/","title":{"rendered":"Saco de Alto Desempenho 9240 mAh (conjunto de 1)"},"content":{"rendered":"\t\t<div data-elementor-type=\"product-post\" data-elementor-id=\"34083\" class=\"elementor elementor-34083 elementor-4089\" data-elementor-settings=\"{&quot;ha_cmc_init_switcher&quot;:&quot;no&quot;}\" data-elementor-post-type=\"product\">\n\t\t\t\t\t\t<section class=\"elementor-section elementor-top-section elementor-element elementor-element-5cc40d1 elementor-section-boxed elementor-section-height-default elementor-section-height-default\" data-id=\"5cc40d1\" data-element_type=\"section\" data-settings=\"{&quot;jet_parallax_layout_list&quot;:[],&quot;_ha_eqh_enable&quot;:false}\">\n\t\t\t\t\t\t<div class=\"elementor-container elementor-column-gap-default\">\n\t\t\t\t\t<div class=\"elementor-column elementor-col-100 elementor-top-column elementor-element elementor-element-b73228b\" data-id=\"b73228b\" data-element_type=\"column\">\n\t\t\t<div class=\"elementor-widget-wrap elementor-element-populated\">\n\t\t\t\t\t\t<div class=\"elementor-element elementor-element-8f7798c elementor-widget elementor-widget-text-editor\" data-id=\"8f7798c\" data-element_type=\"widget\" data-widget_type=\"text-editor.default\">\n\t\t\t\t<div class=\"elementor-widget-container\">\n\t\t\t\t\t\t\t\t\t<p><strong>Informa\u00e7\u00e3o sobre o produto<\/strong><\/p><p>Tipo de bateria: Lithium-ion<\/p><p>Voltagem: 10,8 V<\/p><p>Capacidade: 9240 mAh<\/p><p>N\u00famero de c\u00e9lulas: 3S3P<\/p><p>Dimens\u00f5es:<\/p><p>C 140 x L 136 x P 21 mm<\/p><p>Profundidade unit\u00e1ria adicional: Adicional<\/p><p>T 11 mm<\/p><p>Peso: 515 g<\/p><p> <\/p><p><strong>ID SKU<\/strong><\/p><p>SKU ID: GBM9X5<\/p>\t\t\t\t\t\t\t\t<\/div>\n\t\t\t\t<\/div>\n\t\t\t\t\t<\/div>\n\t\t<\/div>\n\t\t\t\t\t<\/div>\n\t\t<\/section>\n\t\t\t\t<\/div>\n\t\t","protected":false},"excerpt":{"rendered":"<p>Este conjunto de baterias de alto desempenho duplica a dura\u00e7\u00e3o da bateria (em compara\u00e7\u00e3o com o conjunto de baterias padr\u00e3o) e representa assim uma<br \/>\nEsta \u00e9 uma excelente solu\u00e7\u00e3o para qualquer pessoa que necessite de uma vida \u00fatil extra da bateria.<\/p>\n","protected":false},"featured_media":23118,"comment_status":"open","ping_status":"closed","template":"","meta":{"_acf_changed":false},"product_brand":[],"product_cat":[1188,1162],"product_tag":[],"class_list":{"0":"post-34083","1":"product","2":"type-product","3":"status-publish","4":"has-post-thumbnail","6":"product_cat-acessorios","7":"product_cat-shop-pt-pt","8":"pa_hersteller-getac-pt-pt","10":"first","11":"instock","12":"taxable","13":"shipping-taxable","14":"purchasable","15":"product-type-simple"},"acf":[],"yoast_head":"<!-- This site is optimized with the Yoast SEO Premium plugin v20.10 (Yoast SEO v24.3) - https:\/\/yoast.com\/wordpress\/plugins\/seo\/ -->\n<title>- ALEGER \u22c6 Augmented Reality<\/title>\n<meta name=\"robots\" content=\"index, follow, max-snippet:-1, max-image-preview:large, max-video-preview:-1\" \/>\n<meta property=\"og:locale\" content=\"pt_PT\" \/>\n<meta property=\"og:type\" content=\"article\" \/>\n<meta property=\"og:title\" content=\"Saco de Alto Desempenho 9240 mAh (conjunto de 1)\" \/>\n<meta property=\"og:description\" content=\"Este conjunto de baterias de alto desempenho duplica a dura\u00e7\u00e3o da bateria (em compara\u00e7\u00e3o com o conjunto de baterias padr\u00e3o) e representa assim uma Esta \u00e9 uma excelente solu\u00e7\u00e3o para qualquer pessoa que necessite de uma vida \u00fatil extra da bateria.\" \/>\n<meta property=\"og:url\" content=\"https:\/\/alegerglobal.com\/pt-pt\/shop-pt-pt\/acessorios\/saco-de-alto-desempenho-9240-mah-conjunto-de-1\/\" \/>\n<meta property=\"og:site_name\" content=\"ALEGER \u22c6 Augmented Reality\" \/>\n<meta property=\"article:modified_time\" content=\"2022-05-17T10:34:08+00:00\" \/>\n<meta property=\"og:image\" content=\"https:\/\/alegerglobal.com\/wp-content\/uploads\/2021\/02\/Unbenannt-106.jpg\" \/>\n\t<meta property=\"og:image:width\" content=\"800\" \/>\n\t<meta property=\"og:image:height\" content=\"800\" \/>\n\t<meta property=\"og:image:type\" content=\"image\/jpeg\" \/>\n<meta name=\"twitter:card\" content=\"summary_large_image\" \/>\n<meta name=\"twitter:label1\" content=\"pre\u00e7o\" \/>\n\t<meta name=\"twitter:data1\" content=\"&euro;228,99\" \/>\n\t<meta name=\"twitter:label2\" content=\"Disponibilidade\" \/>\n\t<meta name=\"twitter:data2\" content=\"Em stock\" \/>\n<script type=\"application\/ld+json\" class=\"yoast-schema-graph\">{\"@context\":\"https:\/\/schema.org\",\"@graph\":[{\"@type\":\"WebPage\",\"@id\":\"https:\/\/alegerglobal.com\/pt-pt\/shop-pt-pt\/acessorios\/saco-de-alto-desempenho-9240-mah-conjunto-de-1\/\",\"url\":\"https:\/\/alegerglobal.com\/pt-pt\/shop-pt-pt\/acessorios\/saco-de-alto-desempenho-9240-mah-conjunto-de-1\/\",\"name\":\"- ALEGER \u22c6 Augmented Reality\",\"isPartOf\":{\"@id\":\"https:\/\/alegerglobal.com\/pt-pt\/#website\"},\"primaryImageOfPage\":{\"@id\":\"https:\/\/alegerglobal.com\/pt-pt\/shop-pt-pt\/acessorios\/saco-de-alto-desempenho-9240-mah-conjunto-de-1\/#primaryimage\"},\"image\":{\"@id\":\"https:\/\/alegerglobal.com\/pt-pt\/shop-pt-pt\/acessorios\/saco-de-alto-desempenho-9240-mah-conjunto-de-1\/#primaryimage\"},\"thumbnailUrl\":\"https:\/\/alegerglobal.com\/wp-content\/uploads\/2021\/02\/Unbenannt-106.jpg\",\"datePublished\":\"2022-05-17T10:34:05+00:00\",\"dateModified\":\"2022-05-17T10:34:08+00:00\",\"breadcrumb\":{\"@id\":\"https:\/\/alegerglobal.com\/pt-pt\/shop-pt-pt\/acessorios\/saco-de-alto-desempenho-9240-mah-conjunto-de-1\/#breadcrumb\"},\"inLanguage\":\"pt-PT\",\"potentialAction\":[{\"@type\":\"ReadAction\",\"target\":[\"https:\/\/alegerglobal.com\/pt-pt\/shop-pt-pt\/acessorios\/saco-de-alto-desempenho-9240-mah-conjunto-de-1\/\"]}]},{\"@type\":\"ImageObject\",\"inLanguage\":\"pt-PT\",\"@id\":\"https:\/\/alegerglobal.com\/pt-pt\/shop-pt-pt\/acessorios\/saco-de-alto-desempenho-9240-mah-conjunto-de-1\/#primaryimage\",\"url\":\"https:\/\/alegerglobal.com\/wp-content\/uploads\/2021\/02\/Unbenannt-106.jpg\",\"contentUrl\":\"https:\/\/alegerglobal.com\/wp-content\/uploads\/2021\/02\/Unbenannt-106.jpg\",\"width\":800,\"height\":800},{\"@type\":\"BreadcrumbList\",\"@id\":\"https:\/\/alegerglobal.com\/pt-pt\/shop-pt-pt\/acessorios\/saco-de-alto-desempenho-9240-mah-conjunto-de-1\/#breadcrumb\",\"itemListElement\":[{\"@type\":\"ListItem\",\"position\":1,\"name\":\"Home\",\"item\":\"https:\/\/alegerglobal.com\/pt-pt\/novo-pagina-inicial\/\"},{\"@type\":\"ListItem\",\"position\":2,\"name\":\"Produtos\",\"item\":\"https:\/\/alegerglobal.com\/pt-pt\/produtos\/\"},{\"@type\":\"ListItem\",\"position\":3,\"name\":\"Saco de Alto Desempenho 9240 mAh (conjunto de 1)\"}]},{\"@type\":\"WebSite\",\"@id\":\"https:\/\/alegerglobal.com\/pt-pt\/#website\",\"url\":\"https:\/\/alegerglobal.com\/pt-pt\/\",\"name\":\"ALEGER \u22c6 Augmented Reality\",\"description\":\"Die besten Augmented Reality (AR) L\u00f6sungen der Welt.\",\"publisher\":{\"@id\":\"https:\/\/alegerglobal.com\/pt-pt\/#organization\"},\"potentialAction\":[{\"@type\":\"SearchAction\",\"target\":{\"@type\":\"EntryPoint\",\"urlTemplate\":\"https:\/\/alegerglobal.com\/pt-pt\/?s={search_term_string}\"},\"query-input\":{\"@type\":\"PropertyValueSpecification\",\"valueRequired\":true,\"valueName\":\"search_term_string\"}}],\"inLanguage\":\"pt-PT\"},{\"@type\":\"Organization\",\"@id\":\"https:\/\/alegerglobal.com\/pt-pt\/#organization\",\"name\":\"ALEGER \u22c6 Augmented Reality\",\"url\":\"https:\/\/alegerglobal.com\/pt-pt\/\",\"logo\":{\"@type\":\"ImageObject\",\"inLanguage\":\"pt-PT\",\"@id\":\"https:\/\/alegerglobal.com\/pt-pt\/#\/schema\/logo\/image\/\",\"url\":\"https:\/\/alegerglobal.com\/wp-content\/uploads\/2020\/12\/aleger-logo-quadrat.jpg\",\"contentUrl\":\"https:\/\/alegerglobal.com\/wp-content\/uploads\/2020\/12\/aleger-logo-quadrat.jpg\",\"width\":200,\"height\":176,\"caption\":\"ALEGER \u22c6 Augmented Reality\"},\"image\":{\"@id\":\"https:\/\/alegerglobal.com\/pt-pt\/#\/schema\/logo\/image\/\"}}]}<\/script>\n<meta property=\"product:brand\" content=\"Getac\" \/>\n<meta property=\"product:price:amount\" content=\"228.99\" \/>\n<meta property=\"product:price:currency\" content=\"EUR\" \/>\n<meta property=\"og:availability\" content=\"instock\" \/>\n<meta property=\"product:availability\" content=\"instock\" \/>\n<meta property=\"product:condition\" content=\"new\" \/>\n<!-- \/ Yoast SEO Premium plugin. -->","yoast_head_json":{"title":"- ALEGER \u22c6 Augmented Reality","robots":{"index":"index","follow":"follow","max-snippet":"max-snippet:-1","max-image-preview":"max-image-preview:large","max-video-preview":"max-video-preview:-1"},"og_locale":"pt_PT","og_type":"article","og_title":"Saco de Alto Desempenho 9240 mAh (conjunto de 1)","og_description":"Este conjunto de baterias de alto desempenho duplica a dura\u00e7\u00e3o da bateria (em compara\u00e7\u00e3o com o conjunto de baterias padr\u00e3o) e representa assim uma Esta \u00e9 uma excelente solu\u00e7\u00e3o para qualquer pessoa que necessite de uma vida \u00fatil extra da bateria.","og_url":"https:\/\/alegerglobal.com\/pt-pt\/shop-pt-pt\/acessorios\/saco-de-alto-desempenho-9240-mah-conjunto-de-1\/","og_site_name":"ALEGER \u22c6 Augmented Reality","article_modified_time":"2022-05-17T10:34:08+00:00","og_image":[{"width":800,"height":800,"url":"https:\/\/alegerglobal.com\/wp-content\/uploads\/2021\/02\/Unbenannt-106.jpg","type":"image\/jpeg"}],"twitter_card":"summary_large_image","twitter_misc":{"pre\u00e7o":"&euro;228,99","Disponibilidade":"Em stock"},"schema":{"@context":"https:\/\/schema.org","@graph":[{"@type":"WebPage","@id":"https:\/\/alegerglobal.com\/pt-pt\/shop-pt-pt\/acessorios\/saco-de-alto-desempenho-9240-mah-conjunto-de-1\/","url":"https:\/\/alegerglobal.com\/pt-pt\/shop-pt-pt\/acessorios\/saco-de-alto-desempenho-9240-mah-conjunto-de-1\/","name":"- ALEGER \u22c6 Augmented Reality","isPartOf":{"@id":"https:\/\/alegerglobal.com\/pt-pt\/#website"},"primaryImageOfPage":{"@id":"https:\/\/alegerglobal.com\/pt-pt\/shop-pt-pt\/acessorios\/saco-de-alto-desempenho-9240-mah-conjunto-de-1\/#primaryimage"},"image":{"@id":"https:\/\/alegerglobal.com\/pt-pt\/shop-pt-pt\/acessorios\/saco-de-alto-desempenho-9240-mah-conjunto-de-1\/#primaryimage"},"thumbnailUrl":"https:\/\/alegerglobal.com\/wp-content\/uploads\/2021\/02\/Unbenannt-106.jpg","datePublished":"2022-05-17T10:34:05+00:00","dateModified":"2022-05-17T10:34:08+00:00","breadcrumb":{"@id":"https:\/\/alegerglobal.com\/pt-pt\/shop-pt-pt\/acessorios\/saco-de-alto-desempenho-9240-mah-conjunto-de-1\/#breadcrumb"},"inLanguage":"pt-PT","potentialAction":[{"@type":"ReadAction","target":["https:\/\/alegerglobal.com\/pt-pt\/shop-pt-pt\/acessorios\/saco-de-alto-desempenho-9240-mah-conjunto-de-1\/"]}]},{"@type":"ImageObject","inLanguage":"pt-PT","@id":"https:\/\/alegerglobal.com\/pt-pt\/shop-pt-pt\/acessorios\/saco-de-alto-desempenho-9240-mah-conjunto-de-1\/#primaryimage","url":"https:\/\/alegerglobal.com\/wp-content\/uploads\/2021\/02\/Unbenannt-106.jpg","contentUrl":"https:\/\/alegerglobal.com\/wp-content\/uploads\/2021\/02\/Unbenannt-106.jpg","width":800,"height":800},{"@type":"BreadcrumbList","@id":"https:\/\/alegerglobal.com\/pt-pt\/shop-pt-pt\/acessorios\/saco-de-alto-desempenho-9240-mah-conjunto-de-1\/#breadcrumb","itemListElement":[{"@type":"ListItem","position":1,"name":"Home","item":"https:\/\/alegerglobal.com\/pt-pt\/novo-pagina-inicial\/"},{"@type":"ListItem","position":2,"name":"Produtos","item":"https:\/\/alegerglobal.com\/pt-pt\/produtos\/"},{"@type":"ListItem","position":3,"name":"Saco de Alto Desempenho 9240 mAh (conjunto de 1)"}]},{"@type":"WebSite","@id":"https:\/\/alegerglobal.com\/pt-pt\/#website","url":"https:\/\/alegerglobal.com\/pt-pt\/","name":"ALEGER \u22c6 Augmented Reality","description":"Die besten Augmented Reality (AR) L\u00f6sungen der Welt.","publisher":{"@id":"https:\/\/alegerglobal.com\/pt-pt\/#organization"},"potentialAction":[{"@type":"SearchAction","target":{"@type":"EntryPoint","urlTemplate":"https:\/\/alegerglobal.com\/pt-pt\/?s={search_term_string}"},"query-input":{"@type":"PropertyValueSpecification","valueRequired":true,"valueName":"search_term_string"}}],"inLanguage":"pt-PT"},{"@type":"Organization","@id":"https:\/\/alegerglobal.com\/pt-pt\/#organization","name":"ALEGER \u22c6 Augmented Reality","url":"https:\/\/alegerglobal.com\/pt-pt\/","logo":{"@type":"ImageObject","inLanguage":"pt-PT","@id":"https:\/\/alegerglobal.com\/pt-pt\/#\/schema\/logo\/image\/","url":"https:\/\/alegerglobal.com\/wp-content\/uploads\/2020\/12\/aleger-logo-quadrat.jpg","contentUrl":"https:\/\/alegerglobal.com\/wp-content\/uploads\/2020\/12\/aleger-logo-quadrat.jpg","width":200,"height":176,"caption":"ALEGER \u22c6 Augmented Reality"},"image":{"@id":"https:\/\/alegerglobal.com\/pt-pt\/#\/schema\/logo\/image\/"}}]},"product_brand":"Getac","product_price_amount":"228.99","product_price_currency":"EUR","og_availability":"instock","product_availability":"instock","product_condition":"new"},"_links":{"self":[{"href":"https:\/\/alegerglobal.com\/pt-pt\/wp-json\/wp\/v2\/product\/34083","targetHints":{"allow":["GET"]}}],"collection":[{"href":"https:\/\/alegerglobal.com\/pt-pt\/wp-json\/wp\/v2\/product"}],"about":[{"href":"https:\/\/alegerglobal.com\/pt-pt\/wp-json\/wp\/v2\/types\/product"}],"replies":[{"embeddable":true,"href":"https:\/\/alegerglobal.com\/pt-pt\/wp-json\/wp\/v2\/comments?post=34083"}],"version-history":[{"count":1,"href":"https:\/\/alegerglobal.com\/pt-pt\/wp-json\/wp\/v2\/product\/34083\/revisions"}],"predecessor-version":[{"id":34084,"href":"https:\/\/alegerglobal.com\/pt-pt\/wp-json\/wp\/v2\/product\/34083\/revisions\/34084"}],"wp:featuredmedia":[{"embeddable":true,"href":"https:\/\/alegerglobal.com\/pt-pt\/wp-json\/wp\/v2\/media\/23118"}],"wp:attachment":[{"href":"https:\/\/alegerglobal.com\/pt-pt\/wp-json\/wp\/v2\/media?parent=34083"}],"wp:term":[{"taxonomy":"product_brand","embeddable":true,"href":"https:\/\/alegerglobal.com\/pt-pt\/wp-json\/wp\/v2\/product_brand?post=34083"},{"taxonomy":"product_cat","embeddable":true,"href":"https:\/\/alegerglobal.com\/pt-pt\/wp-json\/wp\/v2\/product_cat?post=34083"},{"taxonomy":"product_tag","embeddable":true,"href":"https:\/\/alegerglobal.com\/pt-pt\/wp-json\/wp\/v2\/product_tag?post=34083"}],"curies":[{"name":"wp","href":"https:\/\/api.w.org\/{rel}","templated":true}]}}