{"id":34074,"date":"2021-02-04T08:22:52","date_gmt":"2022-05-17T10:33:27","guid":{"rendered":"https:\/\/alegerglobal.com\/sem%20categoria\/docket-oficial\/"},"modified":"2022-05-17T11:33:28","modified_gmt":"2022-05-17T10:33:28","slug":"docket-oficial","status":"publish","type":"product","link":"https:\/\/alegerglobal.com\/pt-pt\/shop-pt-pt\/acessorios\/docket-oficial\/","title":{"rendered":"DOCKET OFICIAL"},"content":{"rendered":"\t\t<div data-elementor-type=\"product-post\" data-elementor-id=\"34074\" class=\"elementor elementor-34074 elementor-4144\" data-elementor-settings=\"{&quot;ha_cmc_init_switcher&quot;:&quot;no&quot;}\" data-elementor-post-type=\"product\">\n\t\t\t\t\t\t<section class=\"elementor-section elementor-top-section elementor-element elementor-element-8409db5 elementor-section-boxed elementor-section-height-default elementor-section-height-default\" data-id=\"8409db5\" data-element_type=\"section\" data-settings=\"{&quot;jet_parallax_layout_list&quot;:[],&quot;_ha_eqh_enable&quot;:false}\">\n\t\t\t\t\t\t<div class=\"elementor-container elementor-column-gap-default\">\n\t\t\t\t\t<div class=\"elementor-column elementor-col-100 elementor-top-column elementor-element elementor-element-234c922\" data-id=\"234c922\" data-element_type=\"column\">\n\t\t\t<div class=\"elementor-widget-wrap elementor-element-populated\">\n\t\t\t\t\t\t<div class=\"elementor-element elementor-element-ab70ee1 elementor-widget elementor-widget-text-editor\" data-id=\"ab70ee1\" data-element_type=\"widget\" data-widget_type=\"text-editor.default\">\n\t\t\t\t<div class=\"elementor-widget-container\">\n\t\t\t\t\t\t\t\t\t<p><strong>Informa\u00e7\u00e3o sobre o produto<\/strong><\/p><p>Doca de escrit\u00f3rio I\/O<\/p><p>Liga\u00e7\u00f5es: RJ45 x 1\/USB 2,0 x 3<\/p><p>Adaptador:<\/p><p>Tens\u00e3o de entrada:<\/p><p>100 V-240 V AC<\/p><p>Tens\u00e3o de sa\u00edda: 12 V DC<\/p><p>Corrente de sa\u00edda: M\u00e1x. 2 A<\/p><p>Dimens\u00f5es:<\/p><p>Doca do escrit\u00f3rio:<\/p><p>L 104,3 x L 150 x A 61,3 mm<\/p><p>Peso: 0,34 kg<\/p><p>Adaptador:<\/p><p>L 57,5 x L 69 x A 32,6 mm<\/p><p>Cabo de sa\u00edda: 1800 mm<\/p><p>Peso: 0,14 kg<\/p><p> <\/p><p><strong>ID SKU<\/strong><\/p><p>Descri\u00e7\u00e3o do SKU ID<\/p><p>GDOF5J<\/p><p>EX80 doca de escrit\u00f3rio (ber\u00e7o de carga com<\/p><p>Adaptador AC, 24 W,<\/p><p>100-240 V AC, 50\/60 Hz)<\/p><p>* Por favor note que o adaptador AC \u00e9<\/p><p>est\u00e1 tamb\u00e9m dispon\u00edvel separadamente (como substituto para<\/p><p>o adaptador AC da doca do escrit\u00f3rio EX80).<\/p><p>(SKU ID: GAA251 conjunto adaptador AC com<\/p><p>ficha US\/EU\/UK\/CHN\/ANZ)<\/p>\t\t\t\t\t\t\t\t<\/div>\n\t\t\t\t<\/div>\n\t\t\t\t\t<\/div>\n\t\t<\/div>\n\t\t\t\t\t<\/div>\n\t\t<\/section>\n\t\t\t\t<\/div>\n\t\t","protected":false},"excerpt":{"rendered":"<p>A doca de escrit\u00f3rio Getac EX80 oferece uma vasta gama de portas de E\/S para ligar os perif\u00e9ricos de chave aos dispositivos do seu escrit\u00f3rio. As portas Ethernet e USB embutidas permitem aos utilizadores recolher rapidamente dados do campo e sincroniz\u00e1-los com os da sede, permitindo relat\u00f3rios e an\u00e1lises em tempo real. Para garantir a seguran\u00e7a mesmo em ambientes explosivos, a tomada de entrada DC foi removida. Para a m\u00e1xima seguran\u00e7a ao carregar, ligar o equipamento \u00e0 doca do escrit\u00f3rio num ambiente n\u00e3o perigoso. Este conjunto adaptador AC inclui cinco fichas diferentes (UE\/UK\/US\/CHN\/ANZ) que cabem em tomadas em todo o mundo. Isto proporciona um conforto adicional durante as opera\u00e7\u00f5es m\u00f3veis.<\/p>\n","protected":false},"featured_media":23120,"comment_status":"open","ping_status":"closed","template":"","meta":{"_acf_changed":false},"product_brand":[],"product_cat":[1188,1162],"product_tag":[],"class_list":{"0":"post-34074","1":"product","2":"type-product","3":"status-publish","4":"has-post-thumbnail","6":"product_cat-acessorios","7":"product_cat-shop-pt-pt","8":"pa_hersteller-getac-pt-pt","10":"first","11":"instock","12":"taxable","13":"shipping-taxable","14":"purchasable","15":"product-type-simple"},"acf":[],"yoast_head":"<!-- This site is optimized with the Yoast SEO Premium plugin v20.10 (Yoast SEO v24.3) - https:\/\/yoast.com\/wordpress\/plugins\/seo\/ -->\n<title>- ALEGER \u22c6 Augmented Reality<\/title>\n<meta name=\"robots\" content=\"index, follow, max-snippet:-1, max-image-preview:large, max-video-preview:-1\" \/>\n<meta property=\"og:locale\" content=\"pt_PT\" \/>\n<meta property=\"og:type\" content=\"article\" \/>\n<meta property=\"og:title\" content=\"DOCKET OFICIAL\" \/>\n<meta property=\"og:description\" content=\"A doca de escrit\u00f3rio Getac EX80 oferece uma vasta gama de portas de E\/S para ligar os perif\u00e9ricos de chave aos dispositivos do seu escrit\u00f3rio. As portas Ethernet e USB embutidas permitem aos utilizadores recolher rapidamente dados do campo e sincroniz\u00e1-los com os da sede, permitindo relat\u00f3rios e an\u00e1lises em tempo real. Para garantir a seguran\u00e7a mesmo em ambientes explosivos, a tomada de entrada DC foi removida. Para a m\u00e1xima seguran\u00e7a ao carregar, ligar o equipamento \u00e0 doca do escrit\u00f3rio num ambiente n\u00e3o perigoso. Este conjunto adaptador AC inclui cinco fichas diferentes (UE\/UK\/US\/CHN\/ANZ) que cabem em tomadas em todo o mundo. Isto proporciona um conforto adicional durante as opera\u00e7\u00f5es m\u00f3veis.\" \/>\n<meta property=\"og:url\" content=\"https:\/\/alegerglobal.com\/pt-pt\/shop-pt-pt\/acessorios\/docket-oficial\/\" \/>\n<meta property=\"og:site_name\" content=\"ALEGER \u22c6 Augmented Reality\" \/>\n<meta property=\"article:modified_time\" content=\"2022-05-17T10:33:28+00:00\" \/>\n<meta property=\"og:image\" content=\"https:\/\/alegerglobal.com\/wp-content\/uploads\/2021\/02\/Unbenannt-108.jpg\" \/>\n\t<meta property=\"og:image:width\" content=\"800\" \/>\n\t<meta property=\"og:image:height\" content=\"800\" \/>\n\t<meta property=\"og:image:type\" content=\"image\/jpeg\" \/>\n<meta name=\"twitter:card\" content=\"summary_large_image\" \/>\n<meta name=\"twitter:label1\" content=\"pre\u00e7o\" \/>\n\t<meta name=\"twitter:data1\" content=\"&euro;54,99\" \/>\n\t<meta name=\"twitter:label2\" content=\"Disponibilidade\" \/>\n\t<meta name=\"twitter:data2\" content=\"Em stock\" \/>\n<script type=\"application\/ld+json\" class=\"yoast-schema-graph\">{\"@context\":\"https:\/\/schema.org\",\"@graph\":[{\"@type\":\"WebPage\",\"@id\":\"https:\/\/alegerglobal.com\/pt-pt\/shop-pt-pt\/acessorios\/docket-oficial\/\",\"url\":\"https:\/\/alegerglobal.com\/pt-pt\/shop-pt-pt\/acessorios\/docket-oficial\/\",\"name\":\"- ALEGER \u22c6 Augmented Reality\",\"isPartOf\":{\"@id\":\"https:\/\/alegerglobal.com\/pt-pt\/#website\"},\"primaryImageOfPage\":{\"@id\":\"https:\/\/alegerglobal.com\/pt-pt\/shop-pt-pt\/acessorios\/docket-oficial\/#primaryimage\"},\"image\":{\"@id\":\"https:\/\/alegerglobal.com\/pt-pt\/shop-pt-pt\/acessorios\/docket-oficial\/#primaryimage\"},\"thumbnailUrl\":\"https:\/\/alegerglobal.com\/wp-content\/uploads\/2021\/02\/Unbenannt-108.jpg\",\"datePublished\":\"2022-05-17T10:33:27+00:00\",\"dateModified\":\"2022-05-17T10:33:28+00:00\",\"breadcrumb\":{\"@id\":\"https:\/\/alegerglobal.com\/pt-pt\/shop-pt-pt\/acessorios\/docket-oficial\/#breadcrumb\"},\"inLanguage\":\"pt-PT\",\"potentialAction\":[{\"@type\":\"ReadAction\",\"target\":[\"https:\/\/alegerglobal.com\/pt-pt\/shop-pt-pt\/acessorios\/docket-oficial\/\"]}]},{\"@type\":\"ImageObject\",\"inLanguage\":\"pt-PT\",\"@id\":\"https:\/\/alegerglobal.com\/pt-pt\/shop-pt-pt\/acessorios\/docket-oficial\/#primaryimage\",\"url\":\"https:\/\/alegerglobal.com\/wp-content\/uploads\/2021\/02\/Unbenannt-108.jpg\",\"contentUrl\":\"https:\/\/alegerglobal.com\/wp-content\/uploads\/2021\/02\/Unbenannt-108.jpg\",\"width\":800,\"height\":800},{\"@type\":\"BreadcrumbList\",\"@id\":\"https:\/\/alegerglobal.com\/pt-pt\/shop-pt-pt\/acessorios\/docket-oficial\/#breadcrumb\",\"itemListElement\":[{\"@type\":\"ListItem\",\"position\":1,\"name\":\"Home\",\"item\":\"https:\/\/alegerglobal.com\/pt-pt\/novo-pagina-inicial\/\"},{\"@type\":\"ListItem\",\"position\":2,\"name\":\"Produtos\",\"item\":\"https:\/\/alegerglobal.com\/pt-pt\/produtos\/\"},{\"@type\":\"ListItem\",\"position\":3,\"name\":\"DOCKET OFICIAL\"}]},{\"@type\":\"WebSite\",\"@id\":\"https:\/\/alegerglobal.com\/pt-pt\/#website\",\"url\":\"https:\/\/alegerglobal.com\/pt-pt\/\",\"name\":\"ALEGER \u22c6 Augmented Reality\",\"description\":\"Die besten Augmented Reality (AR) L\u00f6sungen der Welt.\",\"publisher\":{\"@id\":\"https:\/\/alegerglobal.com\/pt-pt\/#organization\"},\"potentialAction\":[{\"@type\":\"SearchAction\",\"target\":{\"@type\":\"EntryPoint\",\"urlTemplate\":\"https:\/\/alegerglobal.com\/pt-pt\/?s={search_term_string}\"},\"query-input\":{\"@type\":\"PropertyValueSpecification\",\"valueRequired\":true,\"valueName\":\"search_term_string\"}}],\"inLanguage\":\"pt-PT\"},{\"@type\":\"Organization\",\"@id\":\"https:\/\/alegerglobal.com\/pt-pt\/#organization\",\"name\":\"ALEGER \u22c6 Augmented Reality\",\"url\":\"https:\/\/alegerglobal.com\/pt-pt\/\",\"logo\":{\"@type\":\"ImageObject\",\"inLanguage\":\"pt-PT\",\"@id\":\"https:\/\/alegerglobal.com\/pt-pt\/#\/schema\/logo\/image\/\",\"url\":\"https:\/\/alegerglobal.com\/wp-content\/uploads\/2020\/12\/aleger-logo-quadrat.jpg\",\"contentUrl\":\"https:\/\/alegerglobal.com\/wp-content\/uploads\/2020\/12\/aleger-logo-quadrat.jpg\",\"width\":200,\"height\":176,\"caption\":\"ALEGER \u22c6 Augmented Reality\"},\"image\":{\"@id\":\"https:\/\/alegerglobal.com\/pt-pt\/#\/schema\/logo\/image\/\"}}]}<\/script>\n<meta property=\"product:brand\" content=\"Getac\" \/>\n<meta property=\"product:price:amount\" content=\"54.99\" \/>\n<meta property=\"product:price:currency\" content=\"EUR\" \/>\n<meta property=\"og:availability\" content=\"instock\" \/>\n<meta property=\"product:availability\" content=\"instock\" \/>\n<meta property=\"product:condition\" content=\"new\" \/>\n<!-- \/ Yoast SEO Premium plugin. -->","yoast_head_json":{"title":"- ALEGER \u22c6 Augmented Reality","robots":{"index":"index","follow":"follow","max-snippet":"max-snippet:-1","max-image-preview":"max-image-preview:large","max-video-preview":"max-video-preview:-1"},"og_locale":"pt_PT","og_type":"article","og_title":"DOCKET OFICIAL","og_description":"A doca de escrit\u00f3rio Getac EX80 oferece uma vasta gama de portas de E\/S para ligar os perif\u00e9ricos de chave aos dispositivos do seu escrit\u00f3rio. As portas Ethernet e USB embutidas permitem aos utilizadores recolher rapidamente dados do campo e sincroniz\u00e1-los com os da sede, permitindo relat\u00f3rios e an\u00e1lises em tempo real. Para garantir a seguran\u00e7a mesmo em ambientes explosivos, a tomada de entrada DC foi removida. Para a m\u00e1xima seguran\u00e7a ao carregar, ligar o equipamento \u00e0 doca do escrit\u00f3rio num ambiente n\u00e3o perigoso. Este conjunto adaptador AC inclui cinco fichas diferentes (UE\/UK\/US\/CHN\/ANZ) que cabem em tomadas em todo o mundo. Isto proporciona um conforto adicional durante as opera\u00e7\u00f5es m\u00f3veis.","og_url":"https:\/\/alegerglobal.com\/pt-pt\/shop-pt-pt\/acessorios\/docket-oficial\/","og_site_name":"ALEGER \u22c6 Augmented Reality","article_modified_time":"2022-05-17T10:33:28+00:00","og_image":[{"width":800,"height":800,"url":"https:\/\/alegerglobal.com\/wp-content\/uploads\/2021\/02\/Unbenannt-108.jpg","type":"image\/jpeg"}],"twitter_card":"summary_large_image","twitter_misc":{"pre\u00e7o":"&euro;54,99","Disponibilidade":"Em stock"},"schema":{"@context":"https:\/\/schema.org","@graph":[{"@type":"WebPage","@id":"https:\/\/alegerglobal.com\/pt-pt\/shop-pt-pt\/acessorios\/docket-oficial\/","url":"https:\/\/alegerglobal.com\/pt-pt\/shop-pt-pt\/acessorios\/docket-oficial\/","name":"- ALEGER \u22c6 Augmented Reality","isPartOf":{"@id":"https:\/\/alegerglobal.com\/pt-pt\/#website"},"primaryImageOfPage":{"@id":"https:\/\/alegerglobal.com\/pt-pt\/shop-pt-pt\/acessorios\/docket-oficial\/#primaryimage"},"image":{"@id":"https:\/\/alegerglobal.com\/pt-pt\/shop-pt-pt\/acessorios\/docket-oficial\/#primaryimage"},"thumbnailUrl":"https:\/\/alegerglobal.com\/wp-content\/uploads\/2021\/02\/Unbenannt-108.jpg","datePublished":"2022-05-17T10:33:27+00:00","dateModified":"2022-05-17T10:33:28+00:00","breadcrumb":{"@id":"https:\/\/alegerglobal.com\/pt-pt\/shop-pt-pt\/acessorios\/docket-oficial\/#breadcrumb"},"inLanguage":"pt-PT","potentialAction":[{"@type":"ReadAction","target":["https:\/\/alegerglobal.com\/pt-pt\/shop-pt-pt\/acessorios\/docket-oficial\/"]}]},{"@type":"ImageObject","inLanguage":"pt-PT","@id":"https:\/\/alegerglobal.com\/pt-pt\/shop-pt-pt\/acessorios\/docket-oficial\/#primaryimage","url":"https:\/\/alegerglobal.com\/wp-content\/uploads\/2021\/02\/Unbenannt-108.jpg","contentUrl":"https:\/\/alegerglobal.com\/wp-content\/uploads\/2021\/02\/Unbenannt-108.jpg","width":800,"height":800},{"@type":"BreadcrumbList","@id":"https:\/\/alegerglobal.com\/pt-pt\/shop-pt-pt\/acessorios\/docket-oficial\/#breadcrumb","itemListElement":[{"@type":"ListItem","position":1,"name":"Home","item":"https:\/\/alegerglobal.com\/pt-pt\/novo-pagina-inicial\/"},{"@type":"ListItem","position":2,"name":"Produtos","item":"https:\/\/alegerglobal.com\/pt-pt\/produtos\/"},{"@type":"ListItem","position":3,"name":"DOCKET OFICIAL"}]},{"@type":"WebSite","@id":"https:\/\/alegerglobal.com\/pt-pt\/#website","url":"https:\/\/alegerglobal.com\/pt-pt\/","name":"ALEGER \u22c6 Augmented Reality","description":"Die besten Augmented Reality (AR) L\u00f6sungen der Welt.","publisher":{"@id":"https:\/\/alegerglobal.com\/pt-pt\/#organization"},"potentialAction":[{"@type":"SearchAction","target":{"@type":"EntryPoint","urlTemplate":"https:\/\/alegerglobal.com\/pt-pt\/?s={search_term_string}"},"query-input":{"@type":"PropertyValueSpecification","valueRequired":true,"valueName":"search_term_string"}}],"inLanguage":"pt-PT"},{"@type":"Organization","@id":"https:\/\/alegerglobal.com\/pt-pt\/#organization","name":"ALEGER \u22c6 Augmented Reality","url":"https:\/\/alegerglobal.com\/pt-pt\/","logo":{"@type":"ImageObject","inLanguage":"pt-PT","@id":"https:\/\/alegerglobal.com\/pt-pt\/#\/schema\/logo\/image\/","url":"https:\/\/alegerglobal.com\/wp-content\/uploads\/2020\/12\/aleger-logo-quadrat.jpg","contentUrl":"https:\/\/alegerglobal.com\/wp-content\/uploads\/2020\/12\/aleger-logo-quadrat.jpg","width":200,"height":176,"caption":"ALEGER \u22c6 Augmented Reality"},"image":{"@id":"https:\/\/alegerglobal.com\/pt-pt\/#\/schema\/logo\/image\/"}}]},"product_brand":"Getac","product_price_amount":"54.99","product_price_currency":"EUR","og_availability":"instock","product_availability":"instock","product_condition":"new"},"_links":{"self":[{"href":"https:\/\/alegerglobal.com\/pt-pt\/wp-json\/wp\/v2\/product\/34074","targetHints":{"allow":["GET"]}}],"collection":[{"href":"https:\/\/alegerglobal.com\/pt-pt\/wp-json\/wp\/v2\/product"}],"about":[{"href":"https:\/\/alegerglobal.com\/pt-pt\/wp-json\/wp\/v2\/types\/product"}],"replies":[{"embeddable":true,"href":"https:\/\/alegerglobal.com\/pt-pt\/wp-json\/wp\/v2\/comments?post=34074"}],"version-history":[{"count":1,"href":"https:\/\/alegerglobal.com\/pt-pt\/wp-json\/wp\/v2\/product\/34074\/revisions"}],"predecessor-version":[{"id":34076,"href":"https:\/\/alegerglobal.com\/pt-pt\/wp-json\/wp\/v2\/product\/34074\/revisions\/34076"}],"wp:featuredmedia":[{"embeddable":true,"href":"https:\/\/alegerglobal.com\/pt-pt\/wp-json\/wp\/v2\/media\/23120"}],"wp:attachment":[{"href":"https:\/\/alegerglobal.com\/pt-pt\/wp-json\/wp\/v2\/media?parent=34074"}],"wp:term":[{"taxonomy":"product_brand","embeddable":true,"href":"https:\/\/alegerglobal.com\/pt-pt\/wp-json\/wp\/v2\/product_brand?post=34074"},{"taxonomy":"product_cat","embeddable":true,"href":"https:\/\/alegerglobal.com\/pt-pt\/wp-json\/wp\/v2\/product_cat?post=34074"},{"taxonomy":"product_tag","embeddable":true,"href":"https:\/\/alegerglobal.com\/pt-pt\/wp-json\/wp\/v2\/product_tag?post=34074"}],"curies":[{"name":"wp","href":"https:\/\/api.w.org\/{rel}","templated":true}]}}