{"id":33849,"date":"2021-03-12T03:00:00","date_gmt":"2022-05-17T10:00:46","guid":{"rendered":"https:\/\/alegerglobal.com\/sem categoria\/epson-moverio-bt-40-oculos-inteligentes-campo-de-visao-de-34-graus-oled-60-hz-24-bit\/"},"modified":"2022-05-17T11:00:46","modified_gmt":"2022-05-17T10:00:46","slug":"epson-moverio-bt40-2","status":"publish","type":"product","link":"https:\/\/alegerglobal.com\/pt-pt\/shop-pt-pt\/oculos-inteligentes\/epson-moverio-bt40-2\/","title":{"rendered":"Epson Moverio BT-40, \u00f3culos inteligentes, campo de vis\u00e3o de 34 graus, OLED 60 HZ, 24 Bit"},"content":{"rendered":"","protected":false},"excerpt":{"rendered":"<ul>\n<li style=\"font-weight: 400;\" aria-level=\"1\"><b>Trabalhar longas horas sem fadiga:<\/b><span style=\"font-weight: 400;\"> Visor OLED de alta resolu\u00e7\u00e3o com 34 graus de campo de vis\u00e3o e 24 bits de profundidade de cor<\/span><\/li>\n<li style=\"font-weight: 400;\" aria-level=\"1\"><b>F\u00e1cil de usar:<\/b><span style=\"font-weight: 400;\"> Liga\u00e7\u00e3o f\u00e1cil com tablet, PC ou smartphone atrav\u00e9s de cabo USB<\/span><\/li>\n<li style=\"font-weight: 400;\" aria-level=\"1\"><b>Funcionamento flex\u00edvel:<\/b><span style=\"font-weight: 400;\"> Controlo manual por voz ou por gestos<\/span><\/li>\n<li style=\"font-weight: 400;\" aria-level=\"1\"><b>Privacidade protegida:<\/b><span style=\"font-weight: 400;\"> Segundo ecr\u00e3 para trabalhar com dados sens\u00edveis em espa\u00e7os p\u00fablicos<\/span><\/li>\n<li style=\"font-weight: 400;\" aria-level=\"1\"><b>Beneficiar de solu\u00e7\u00f5es prontas:<\/b><span style=\"font-weight: 400;\"> Grande App Store com aplica\u00e7\u00f5es pr\u00f3prias para os produtos Moverio<\/span><\/li>\n<li style=\"font-weight: 400;\" aria-level=\"1\"><b>Desenvolva as suas pr\u00f3prias solu\u00e7\u00f5es:<\/b> ferramentas de desenvolvimento livremente acess\u00edveis para o desenvolvimento f\u00e1cil das suas pr\u00f3prias aplica\u00e7\u00f5es<\/li>\n<\/ul>\n","protected":false},"featured_media":23548,"comment_status":"open","ping_status":"closed","template":"","meta":{"_acf_changed":false},"product_brand":[],"product_cat":[1187,1162],"product_tag":[],"class_list":{"0":"post-33849","1":"product","2":"type-product","3":"status-publish","4":"has-post-thumbnail","6":"product_cat-oculos-inteligentes","7":"product_cat-shop-pt-pt","8":"pa_hersteller-epson-pt-pt","10":"first","11":"instock","12":"taxable","13":"shipping-taxable","14":"purchasable","15":"product-type-simple"},"acf":[],"yoast_head":"<!-- This site is optimized with the Yoast SEO Premium plugin v20.10 (Yoast SEO v24.3) - https:\/\/yoast.com\/wordpress\/plugins\/seo\/ -->\n<title>Comprar Epson Moverio BT40 - ALEGER \u22c6 Augmented Reality<\/title>\n<meta name=\"description\" content=\"\u00d3culos Inteligentes como um local de trabalho virtual com um grande campo de vis\u00e3o e design ergon\u00f3mico! Trabalhar longas horas sem fadiga!\" \/>\n<meta name=\"robots\" content=\"index, follow, max-snippet:-1, max-image-preview:large, max-video-preview:-1\" \/>\n<meta property=\"og:locale\" content=\"pt_PT\" \/>\n<meta property=\"og:type\" content=\"article\" \/>\n<meta property=\"og:title\" content=\"Epson Moverio BT-40, \u00f3culos inteligentes, campo de vis\u00e3o de 34 graus, OLED 60 HZ, 24 Bit\" \/>\n<meta property=\"og:description\" content=\"\u00d3culos Inteligentes como um local de trabalho virtual com um grande campo de vis\u00e3o e design ergon\u00f3mico! Trabalhar longas horas sem fadiga!\" \/>\n<meta property=\"og:url\" content=\"https:\/\/alegerglobal.com\/pt-pt\/shop-pt-pt\/oculos-inteligentes\/epson-moverio-bt40-2\/\" \/>\n<meta property=\"og:site_name\" content=\"ALEGER \u22c6 Augmented Reality\" \/>\n<meta property=\"og:image\" content=\"https:\/\/alegerglobal.com\/wp-content\/uploads\/2021\/03\/epson-bt40-1.jpg\" \/>\n\t<meta property=\"og:image:width\" content=\"800\" \/>\n\t<meta property=\"og:image:height\" content=\"800\" \/>\n\t<meta property=\"og:image:type\" content=\"image\/jpeg\" \/>\n<meta name=\"twitter:card\" content=\"summary_large_image\" \/>\n<meta name=\"twitter:label1\" content=\"pre\u00e7o\" \/>\n\t<meta name=\"twitter:data1\" content=\"&euro;599,00\" \/>\n\t<meta name=\"twitter:label2\" content=\"Disponibilidade\" \/>\n\t<meta name=\"twitter:data2\" content=\"Em stock\" \/>\n<script type=\"application\/ld+json\" class=\"yoast-schema-graph\">{\"@context\":\"https:\/\/schema.org\",\"@graph\":[{\"@type\":\"WebPage\",\"@id\":\"https:\/\/alegerglobal.com\/pt-pt\/shop-pt-pt\/oculos-inteligentes\/epson-moverio-bt40-2\/\",\"url\":\"https:\/\/alegerglobal.com\/pt-pt\/shop-pt-pt\/oculos-inteligentes\/epson-moverio-bt40-2\/\",\"name\":\"Comprar Epson Moverio BT40 - ALEGER \u22c6 Augmented Reality\",\"isPartOf\":{\"@id\":\"https:\/\/alegerglobal.com\/pt-pt\/#website\"},\"primaryImageOfPage\":{\"@id\":\"https:\/\/alegerglobal.com\/pt-pt\/shop-pt-pt\/oculos-inteligentes\/epson-moverio-bt40-2\/#primaryimage\"},\"image\":{\"@id\":\"https:\/\/alegerglobal.com\/pt-pt\/shop-pt-pt\/oculos-inteligentes\/epson-moverio-bt40-2\/#primaryimage\"},\"thumbnailUrl\":\"https:\/\/alegerglobal.com\/wp-content\/uploads\/2021\/03\/epson-bt40-1.jpg\",\"datePublished\":\"2022-05-17T10:00:46+00:00\",\"dateModified\":\"2022-05-17T10:00:46+00:00\",\"description\":\"\u00d3culos Inteligentes como um local de trabalho virtual com um grande campo de vis\u00e3o e design ergon\u00f3mico! Trabalhar longas horas sem fadiga!\",\"breadcrumb\":{\"@id\":\"https:\/\/alegerglobal.com\/pt-pt\/shop-pt-pt\/oculos-inteligentes\/epson-moverio-bt40-2\/#breadcrumb\"},\"inLanguage\":\"pt-PT\",\"potentialAction\":[{\"@type\":\"ReadAction\",\"target\":[\"https:\/\/alegerglobal.com\/pt-pt\/shop-pt-pt\/oculos-inteligentes\/epson-moverio-bt40-2\/\"]}]},{\"@type\":\"ImageObject\",\"inLanguage\":\"pt-PT\",\"@id\":\"https:\/\/alegerglobal.com\/pt-pt\/shop-pt-pt\/oculos-inteligentes\/epson-moverio-bt40-2\/#primaryimage\",\"url\":\"https:\/\/alegerglobal.com\/wp-content\/uploads\/2021\/03\/epson-bt40-1.jpg\",\"contentUrl\":\"https:\/\/alegerglobal.com\/wp-content\/uploads\/2021\/03\/epson-bt40-1.jpg\",\"width\":800,\"height\":800},{\"@type\":\"BreadcrumbList\",\"@id\":\"https:\/\/alegerglobal.com\/pt-pt\/shop-pt-pt\/oculos-inteligentes\/epson-moverio-bt40-2\/#breadcrumb\",\"itemListElement\":[{\"@type\":\"ListItem\",\"position\":1,\"name\":\"Home\",\"item\":\"https:\/\/alegerglobal.com\/pt-pt\/novo-pagina-inicial\/\"},{\"@type\":\"ListItem\",\"position\":2,\"name\":\"Produtos\",\"item\":\"https:\/\/alegerglobal.com\/pt-pt\/produtos\/\"},{\"@type\":\"ListItem\",\"position\":3,\"name\":\"Epson Moverio BT-40, \u00f3culos inteligentes, campo de vis\u00e3o de 34 graus, OLED 60 HZ, 24 Bit\"}]},{\"@type\":\"WebSite\",\"@id\":\"https:\/\/alegerglobal.com\/pt-pt\/#website\",\"url\":\"https:\/\/alegerglobal.com\/pt-pt\/\",\"name\":\"ALEGER \u22c6 Augmented Reality\",\"description\":\"Die besten Augmented Reality (AR) L\u00f6sungen der Welt.\",\"publisher\":{\"@id\":\"https:\/\/alegerglobal.com\/pt-pt\/#organization\"},\"potentialAction\":[{\"@type\":\"SearchAction\",\"target\":{\"@type\":\"EntryPoint\",\"urlTemplate\":\"https:\/\/alegerglobal.com\/pt-pt\/?s={search_term_string}\"},\"query-input\":{\"@type\":\"PropertyValueSpecification\",\"valueRequired\":true,\"valueName\":\"search_term_string\"}}],\"inLanguage\":\"pt-PT\"},{\"@type\":\"Organization\",\"@id\":\"https:\/\/alegerglobal.com\/pt-pt\/#organization\",\"name\":\"ALEGER \u22c6 Augmented Reality\",\"url\":\"https:\/\/alegerglobal.com\/pt-pt\/\",\"logo\":{\"@type\":\"ImageObject\",\"inLanguage\":\"pt-PT\",\"@id\":\"https:\/\/alegerglobal.com\/pt-pt\/#\/schema\/logo\/image\/\",\"url\":\"https:\/\/alegerglobal.com\/wp-content\/uploads\/2020\/12\/aleger-logo-quadrat.jpg\",\"contentUrl\":\"https:\/\/alegerglobal.com\/wp-content\/uploads\/2020\/12\/aleger-logo-quadrat.jpg\",\"width\":200,\"height\":176,\"caption\":\"ALEGER \u22c6 Augmented Reality\"},\"image\":{\"@id\":\"https:\/\/alegerglobal.com\/pt-pt\/#\/schema\/logo\/image\/\"}}]}<\/script>\n<meta property=\"product:brand\" content=\"Epson\" \/>\n<meta property=\"product:price:amount\" content=\"599.00\" \/>\n<meta property=\"product:price:currency\" content=\"EUR\" \/>\n<meta property=\"og:availability\" content=\"instock\" \/>\n<meta property=\"product:availability\" content=\"instock\" \/>\n<meta property=\"product:condition\" content=\"new\" \/>\n<!-- \/ Yoast SEO Premium plugin. -->","yoast_head_json":{"title":"Comprar Epson Moverio BT40 - ALEGER \u22c6 Augmented Reality","description":"\u00d3culos Inteligentes como um local de trabalho virtual com um grande campo de vis\u00e3o e design ergon\u00f3mico! Trabalhar longas horas sem fadiga!","robots":{"index":"index","follow":"follow","max-snippet":"max-snippet:-1","max-image-preview":"max-image-preview:large","max-video-preview":"max-video-preview:-1"},"og_locale":"pt_PT","og_type":"article","og_title":"Epson Moverio BT-40, \u00f3culos inteligentes, campo de vis\u00e3o de 34 graus, OLED 60 HZ, 24 Bit","og_description":"\u00d3culos Inteligentes como um local de trabalho virtual com um grande campo de vis\u00e3o e design ergon\u00f3mico! Trabalhar longas horas sem fadiga!","og_url":"https:\/\/alegerglobal.com\/pt-pt\/shop-pt-pt\/oculos-inteligentes\/epson-moverio-bt40-2\/","og_site_name":"ALEGER \u22c6 Augmented Reality","og_image":[{"width":800,"height":800,"url":"https:\/\/alegerglobal.com\/wp-content\/uploads\/2021\/03\/epson-bt40-1.jpg","type":"image\/jpeg"}],"twitter_card":"summary_large_image","twitter_misc":{"pre\u00e7o":"&euro;599,00","Disponibilidade":"Em stock"},"schema":{"@context":"https:\/\/schema.org","@graph":[{"@type":"WebPage","@id":"https:\/\/alegerglobal.com\/pt-pt\/shop-pt-pt\/oculos-inteligentes\/epson-moverio-bt40-2\/","url":"https:\/\/alegerglobal.com\/pt-pt\/shop-pt-pt\/oculos-inteligentes\/epson-moverio-bt40-2\/","name":"Comprar Epson Moverio BT40 - ALEGER \u22c6 Augmented Reality","isPartOf":{"@id":"https:\/\/alegerglobal.com\/pt-pt\/#website"},"primaryImageOfPage":{"@id":"https:\/\/alegerglobal.com\/pt-pt\/shop-pt-pt\/oculos-inteligentes\/epson-moverio-bt40-2\/#primaryimage"},"image":{"@id":"https:\/\/alegerglobal.com\/pt-pt\/shop-pt-pt\/oculos-inteligentes\/epson-moverio-bt40-2\/#primaryimage"},"thumbnailUrl":"https:\/\/alegerglobal.com\/wp-content\/uploads\/2021\/03\/epson-bt40-1.jpg","datePublished":"2022-05-17T10:00:46+00:00","dateModified":"2022-05-17T10:00:46+00:00","description":"\u00d3culos Inteligentes como um local de trabalho virtual com um grande campo de vis\u00e3o e design ergon\u00f3mico! Trabalhar longas horas sem fadiga!","breadcrumb":{"@id":"https:\/\/alegerglobal.com\/pt-pt\/shop-pt-pt\/oculos-inteligentes\/epson-moverio-bt40-2\/#breadcrumb"},"inLanguage":"pt-PT","potentialAction":[{"@type":"ReadAction","target":["https:\/\/alegerglobal.com\/pt-pt\/shop-pt-pt\/oculos-inteligentes\/epson-moverio-bt40-2\/"]}]},{"@type":"ImageObject","inLanguage":"pt-PT","@id":"https:\/\/alegerglobal.com\/pt-pt\/shop-pt-pt\/oculos-inteligentes\/epson-moverio-bt40-2\/#primaryimage","url":"https:\/\/alegerglobal.com\/wp-content\/uploads\/2021\/03\/epson-bt40-1.jpg","contentUrl":"https:\/\/alegerglobal.com\/wp-content\/uploads\/2021\/03\/epson-bt40-1.jpg","width":800,"height":800},{"@type":"BreadcrumbList","@id":"https:\/\/alegerglobal.com\/pt-pt\/shop-pt-pt\/oculos-inteligentes\/epson-moverio-bt40-2\/#breadcrumb","itemListElement":[{"@type":"ListItem","position":1,"name":"Home","item":"https:\/\/alegerglobal.com\/pt-pt\/novo-pagina-inicial\/"},{"@type":"ListItem","position":2,"name":"Produtos","item":"https:\/\/alegerglobal.com\/pt-pt\/produtos\/"},{"@type":"ListItem","position":3,"name":"Epson Moverio BT-40, \u00f3culos inteligentes, campo de vis\u00e3o de 34 graus, OLED 60 HZ, 24 Bit"}]},{"@type":"WebSite","@id":"https:\/\/alegerglobal.com\/pt-pt\/#website","url":"https:\/\/alegerglobal.com\/pt-pt\/","name":"ALEGER \u22c6 Augmented Reality","description":"Die besten Augmented Reality (AR) L\u00f6sungen der Welt.","publisher":{"@id":"https:\/\/alegerglobal.com\/pt-pt\/#organization"},"potentialAction":[{"@type":"SearchAction","target":{"@type":"EntryPoint","urlTemplate":"https:\/\/alegerglobal.com\/pt-pt\/?s={search_term_string}"},"query-input":{"@type":"PropertyValueSpecification","valueRequired":true,"valueName":"search_term_string"}}],"inLanguage":"pt-PT"},{"@type":"Organization","@id":"https:\/\/alegerglobal.com\/pt-pt\/#organization","name":"ALEGER \u22c6 Augmented Reality","url":"https:\/\/alegerglobal.com\/pt-pt\/","logo":{"@type":"ImageObject","inLanguage":"pt-PT","@id":"https:\/\/alegerglobal.com\/pt-pt\/#\/schema\/logo\/image\/","url":"https:\/\/alegerglobal.com\/wp-content\/uploads\/2020\/12\/aleger-logo-quadrat.jpg","contentUrl":"https:\/\/alegerglobal.com\/wp-content\/uploads\/2020\/12\/aleger-logo-quadrat.jpg","width":200,"height":176,"caption":"ALEGER \u22c6 Augmented Reality"},"image":{"@id":"https:\/\/alegerglobal.com\/pt-pt\/#\/schema\/logo\/image\/"}}]},"product_brand":"Epson","product_price_amount":"599.00","product_price_currency":"EUR","og_availability":"instock","product_availability":"instock","product_condition":"new"},"_links":{"self":[{"href":"https:\/\/alegerglobal.com\/pt-pt\/wp-json\/wp\/v2\/product\/33849","targetHints":{"allow":["GET"]}}],"collection":[{"href":"https:\/\/alegerglobal.com\/pt-pt\/wp-json\/wp\/v2\/product"}],"about":[{"href":"https:\/\/alegerglobal.com\/pt-pt\/wp-json\/wp\/v2\/types\/product"}],"replies":[{"embeddable":true,"href":"https:\/\/alegerglobal.com\/pt-pt\/wp-json\/wp\/v2\/comments?post=33849"}],"version-history":[{"count":0,"href":"https:\/\/alegerglobal.com\/pt-pt\/wp-json\/wp\/v2\/product\/33849\/revisions"}],"wp:featuredmedia":[{"embeddable":true,"href":"https:\/\/alegerglobal.com\/pt-pt\/wp-json\/wp\/v2\/media\/23548"}],"wp:attachment":[{"href":"https:\/\/alegerglobal.com\/pt-pt\/wp-json\/wp\/v2\/media?parent=33849"}],"wp:term":[{"taxonomy":"product_brand","embeddable":true,"href":"https:\/\/alegerglobal.com\/pt-pt\/wp-json\/wp\/v2\/product_brand?post=33849"},{"taxonomy":"product_cat","embeddable":true,"href":"https:\/\/alegerglobal.com\/pt-pt\/wp-json\/wp\/v2\/product_cat?post=33849"},{"taxonomy":"product_tag","embeddable":true,"href":"https:\/\/alegerglobal.com\/pt-pt\/wp-json\/wp\/v2\/product_tag?post=33849"}],"curies":[{"name":"wp","href":"https:\/\/api.w.org\/{rel}","templated":true}]}}