{"id":33845,"date":"2021-03-07T09:01:44","date_gmt":"2022-05-17T10:00:27","guid":{"rendered":"https:\/\/alegerglobal.com\/sem categoria\/ecom-tab-ex-pro-dz2-ex-protected-tablet-atex-zona-2-ecra-tactil-de-101-android\/"},"modified":"2022-05-17T11:00:27","modified_gmt":"2022-05-17T10:00:27","slug":"ecom-tab-ex-pro-dz2-2","status":"publish","type":"product","link":"https:\/\/alegerglobal.com\/pt-pt\/shop-pt-pt\/ecom-tab-ex-pro-dz2-2\/","title":{"rendered":"ecom Tab-Ex\u00ae Pro DZ2 Ex-protected tablet Atex Zona 2, ecr\u00e3 t\u00e1ctil de 10,1&#8243;, Android"},"content":{"rendered":"","protected":false},"excerpt":{"rendered":"<ul>\n<li style=\"font-weight: 400;\"><b>Cumpre com <\/b><b>ATEX<\/b><b> directivas: <\/b><span style=\"font-weight: 400;\">Com aprova\u00e7\u00e3o para<\/span><span style=\"font-weight: 400;\"> Zona Ex<\/span><span style=\"font-weight: 400;\"> 2\/22 e Classe 2\/Div 2, uso mundial em potencial<\/span> <span style=\"font-weight: 400;\">\u00e1reas perigosas \u00e9 poss\u00edvel. <\/span> <\/li>\n<li><b>Bateria de 7,400 mAh<\/b><b>:<\/b><span style=\"font-weight: 400;\"> A bateria substitu\u00edvel e potente assegura tempos de corrida de primeira classe para dominar mesmo longos dias de trabalho sem falhas.<\/span><\/li>\n<li><b>Bot\u00e3o Vermelho e DeepL Acesso<\/b><span style=\"font-weight: 400;\">: Para seguran\u00e7a extra, pode configurar um bot\u00e3o de emerg\u00eancia e atribuir outros bot\u00f5es individualmente.<\/span><\/li>\n<li><b>Resistente ao p\u00f3 e \u00e0 \u00e1gua: <\/b><span style=\"font-weight: 400;\">A pastilha \u00e9<\/span><span style=\"font-weight: 400;\"> Certificado IP68<\/span><span style=\"font-weight: 400;\"> e totalmente funcional mesmo na gama alargada de temperaturas de -20\u00b0C a +55\u00b0C.<\/span><\/li>\n<li><b>512 GB de mem\u00f3ria: <\/b>Com um grande cart\u00e3o SD, h\u00e1 espa\u00e7o suficiente para as suas necessidades. Ao mesmo tempo, todos os dados da empresa est\u00e3o fielmente seguros com o Samsung Knox 3.2.<\/li>\n<\/ul>\n","protected":false},"featured_media":22142,"comment_status":"open","ping_status":"closed","template":"","meta":{"_acf_changed":false},"product_brand":[],"product_cat":[1161,1162,1160],"product_tag":[],"class_list":{"0":"post-33845","1":"product","2":"type-product","3":"status-publish","4":"has-post-thumbnail","6":"product_cat-atex-pt-pt","7":"product_cat-shop-pt-pt","8":"product_cat-tabuleta-resistente","9":"pa_hersteller-ecom-pt-pt","11":"first","12":"instock","13":"taxable","14":"shipping-taxable","15":"purchasable","16":"product-type-simple"},"acf":[],"yoast_head":"<!-- This site is optimized with the Yoast SEO Premium plugin v20.10 (Yoast SEO v24.3) - https:\/\/yoast.com\/wordpress\/plugins\/seo\/ -->\n<title>Comprar Tab-Ex\u00ae Pro DZ2 de ecom - ALEGER \u22c6 Augmented Reality<\/title>\n<meta name=\"description\" content=\"O ecom Tab-Ex\u00ae Pro DZ2 com visor de 10 polegadas oferece a maior diversidade de aplica\u00e7\u00f5es para trabalhar em \u00e1reas perigosas. Saiba mais.\" \/>\n<meta name=\"robots\" content=\"index, follow, max-snippet:-1, max-image-preview:large, max-video-preview:-1\" \/>\n<meta property=\"og:locale\" content=\"pt_PT\" \/>\n<meta property=\"og:type\" content=\"article\" \/>\n<meta property=\"og:title\" content=\"ecom Tab-Ex\u00ae Pro DZ2 Ex-protected tablet Atex Zona 2, ecr\u00e3 t\u00e1ctil de 10,1&quot;, Android\" \/>\n<meta property=\"og:description\" content=\"O ecom Tab-Ex\u00ae Pro DZ2 com visor de 10 polegadas oferece a maior diversidade de aplica\u00e7\u00f5es para trabalhar em \u00e1reas perigosas. Saiba mais.\" \/>\n<meta property=\"og:url\" content=\"https:\/\/alegerglobal.com\/pt-pt\/shop-pt-pt\/ecom-tab-ex-pro-dz2-2\/\" \/>\n<meta property=\"og:site_name\" content=\"ALEGER \u22c6 Augmented Reality\" \/>\n<meta property=\"og:image\" content=\"https:\/\/alegerglobal.com\/wp-content\/uploads\/2021\/01\/csm_Tab-Ex_Pro_DZ2_Gallery_1_8e9532bbeb.png\" \/>\n\t<meta property=\"og:image:width\" content=\"400\" \/>\n\t<meta property=\"og:image:height\" content=\"400\" \/>\n\t<meta property=\"og:image:type\" content=\"image\/png\" \/>\n<meta name=\"twitter:card\" content=\"summary_large_image\" \/>\n<meta name=\"twitter:label1\" content=\"pre\u00e7o\" \/>\n\t<meta name=\"twitter:data1\" content=\"&euro;2.044,00\" \/>\n\t<meta name=\"twitter:label2\" content=\"Disponibilidade\" \/>\n\t<meta name=\"twitter:data2\" content=\"Em stock\" \/>\n<script type=\"application\/ld+json\" class=\"yoast-schema-graph\">{\"@context\":\"https:\/\/schema.org\",\"@graph\":[{\"@type\":\"WebPage\",\"@id\":\"https:\/\/alegerglobal.com\/pt-pt\/shop-pt-pt\/ecom-tab-ex-pro-dz2-2\/\",\"url\":\"https:\/\/alegerglobal.com\/pt-pt\/shop-pt-pt\/ecom-tab-ex-pro-dz2-2\/\",\"name\":\"Comprar Tab-Ex\u00ae Pro DZ2 de ecom - ALEGER \u22c6 Augmented Reality\",\"isPartOf\":{\"@id\":\"https:\/\/alegerglobal.com\/pt-pt\/#website\"},\"primaryImageOfPage\":{\"@id\":\"https:\/\/alegerglobal.com\/pt-pt\/shop-pt-pt\/ecom-tab-ex-pro-dz2-2\/#primaryimage\"},\"image\":{\"@id\":\"https:\/\/alegerglobal.com\/pt-pt\/shop-pt-pt\/ecom-tab-ex-pro-dz2-2\/#primaryimage\"},\"thumbnailUrl\":\"https:\/\/alegerglobal.com\/wp-content\/uploads\/2021\/01\/csm_Tab-Ex_Pro_DZ2_Gallery_1_8e9532bbeb.png\",\"datePublished\":\"2022-05-17T10:00:27+00:00\",\"dateModified\":\"2022-05-17T10:00:27+00:00\",\"description\":\"O ecom Tab-Ex\u00ae Pro DZ2 com visor de 10 polegadas oferece a maior diversidade de aplica\u00e7\u00f5es para trabalhar em \u00e1reas perigosas. Saiba mais.\",\"breadcrumb\":{\"@id\":\"https:\/\/alegerglobal.com\/pt-pt\/shop-pt-pt\/ecom-tab-ex-pro-dz2-2\/#breadcrumb\"},\"inLanguage\":\"pt-PT\",\"potentialAction\":[{\"@type\":\"ReadAction\",\"target\":[\"https:\/\/alegerglobal.com\/pt-pt\/shop-pt-pt\/ecom-tab-ex-pro-dz2-2\/\"]}]},{\"@type\":\"ImageObject\",\"inLanguage\":\"pt-PT\",\"@id\":\"https:\/\/alegerglobal.com\/pt-pt\/shop-pt-pt\/ecom-tab-ex-pro-dz2-2\/#primaryimage\",\"url\":\"https:\/\/alegerglobal.com\/wp-content\/uploads\/2021\/01\/csm_Tab-Ex_Pro_DZ2_Gallery_1_8e9532bbeb.png\",\"contentUrl\":\"https:\/\/alegerglobal.com\/wp-content\/uploads\/2021\/01\/csm_Tab-Ex_Pro_DZ2_Gallery_1_8e9532bbeb.png\",\"width\":400,\"height\":400,\"caption\":\"ecom Tab-Ex\u00ae Pro DZ2 Ex comprimido protegido Atex Zona 2\"},{\"@type\":\"BreadcrumbList\",\"@id\":\"https:\/\/alegerglobal.com\/pt-pt\/shop-pt-pt\/ecom-tab-ex-pro-dz2-2\/#breadcrumb\",\"itemListElement\":[{\"@type\":\"ListItem\",\"position\":1,\"name\":\"Home\",\"item\":\"https:\/\/alegerglobal.com\/pt-pt\/novo-pagina-inicial\/\"},{\"@type\":\"ListItem\",\"position\":2,\"name\":\"Produtos\",\"item\":\"https:\/\/alegerglobal.com\/pt-pt\/produtos\/\"},{\"@type\":\"ListItem\",\"position\":3,\"name\":\"ecom Tab-Ex\u00ae Pro DZ2 Ex-protected tablet Atex Zona 2, ecr\u00e3 t\u00e1ctil de 10,1&#8243;, Android\"}]},{\"@type\":\"WebSite\",\"@id\":\"https:\/\/alegerglobal.com\/pt-pt\/#website\",\"url\":\"https:\/\/alegerglobal.com\/pt-pt\/\",\"name\":\"ALEGER \u22c6 Augmented Reality\",\"description\":\"Die besten Augmented Reality (AR) L\u00f6sungen der Welt.\",\"publisher\":{\"@id\":\"https:\/\/alegerglobal.com\/pt-pt\/#organization\"},\"potentialAction\":[{\"@type\":\"SearchAction\",\"target\":{\"@type\":\"EntryPoint\",\"urlTemplate\":\"https:\/\/alegerglobal.com\/pt-pt\/?s={search_term_string}\"},\"query-input\":{\"@type\":\"PropertyValueSpecification\",\"valueRequired\":true,\"valueName\":\"search_term_string\"}}],\"inLanguage\":\"pt-PT\"},{\"@type\":\"Organization\",\"@id\":\"https:\/\/alegerglobal.com\/pt-pt\/#organization\",\"name\":\"ALEGER \u22c6 Augmented Reality\",\"url\":\"https:\/\/alegerglobal.com\/pt-pt\/\",\"logo\":{\"@type\":\"ImageObject\",\"inLanguage\":\"pt-PT\",\"@id\":\"https:\/\/alegerglobal.com\/pt-pt\/#\/schema\/logo\/image\/\",\"url\":\"https:\/\/alegerglobal.com\/wp-content\/uploads\/2020\/12\/aleger-logo-quadrat.jpg\",\"contentUrl\":\"https:\/\/alegerglobal.com\/wp-content\/uploads\/2020\/12\/aleger-logo-quadrat.jpg\",\"width\":200,\"height\":176,\"caption\":\"ALEGER \u22c6 Augmented Reality\"},\"image\":{\"@id\":\"https:\/\/alegerglobal.com\/pt-pt\/#\/schema\/logo\/image\/\"}}]}<\/script>\n<meta property=\"product:brand\" content=\"Ecom\" \/>\n<meta property=\"product:price:amount\" content=\"2044.00\" \/>\n<meta property=\"product:price:currency\" content=\"EUR\" \/>\n<meta property=\"og:availability\" content=\"instock\" \/>\n<meta property=\"product:availability\" content=\"instock\" \/>\n<meta property=\"product:condition\" content=\"new\" \/>\n<!-- \/ Yoast SEO Premium plugin. -->","yoast_head_json":{"title":"Comprar Tab-Ex\u00ae Pro DZ2 de ecom - ALEGER \u22c6 Augmented Reality","description":"O ecom Tab-Ex\u00ae Pro DZ2 com visor de 10 polegadas oferece a maior diversidade de aplica\u00e7\u00f5es para trabalhar em \u00e1reas perigosas. Saiba mais.","robots":{"index":"index","follow":"follow","max-snippet":"max-snippet:-1","max-image-preview":"max-image-preview:large","max-video-preview":"max-video-preview:-1"},"og_locale":"pt_PT","og_type":"article","og_title":"ecom Tab-Ex\u00ae Pro DZ2 Ex-protected tablet Atex Zona 2, ecr\u00e3 t\u00e1ctil de 10,1\", Android","og_description":"O ecom Tab-Ex\u00ae Pro DZ2 com visor de 10 polegadas oferece a maior diversidade de aplica\u00e7\u00f5es para trabalhar em \u00e1reas perigosas. Saiba mais.","og_url":"https:\/\/alegerglobal.com\/pt-pt\/shop-pt-pt\/ecom-tab-ex-pro-dz2-2\/","og_site_name":"ALEGER \u22c6 Augmented Reality","og_image":[{"width":400,"height":400,"url":"https:\/\/alegerglobal.com\/wp-content\/uploads\/2021\/01\/csm_Tab-Ex_Pro_DZ2_Gallery_1_8e9532bbeb.png","type":"image\/png"}],"twitter_card":"summary_large_image","twitter_misc":{"pre\u00e7o":"&euro;2.044,00","Disponibilidade":"Em stock"},"schema":{"@context":"https:\/\/schema.org","@graph":[{"@type":"WebPage","@id":"https:\/\/alegerglobal.com\/pt-pt\/shop-pt-pt\/ecom-tab-ex-pro-dz2-2\/","url":"https:\/\/alegerglobal.com\/pt-pt\/shop-pt-pt\/ecom-tab-ex-pro-dz2-2\/","name":"Comprar Tab-Ex\u00ae Pro DZ2 de ecom - ALEGER \u22c6 Augmented Reality","isPartOf":{"@id":"https:\/\/alegerglobal.com\/pt-pt\/#website"},"primaryImageOfPage":{"@id":"https:\/\/alegerglobal.com\/pt-pt\/shop-pt-pt\/ecom-tab-ex-pro-dz2-2\/#primaryimage"},"image":{"@id":"https:\/\/alegerglobal.com\/pt-pt\/shop-pt-pt\/ecom-tab-ex-pro-dz2-2\/#primaryimage"},"thumbnailUrl":"https:\/\/alegerglobal.com\/wp-content\/uploads\/2021\/01\/csm_Tab-Ex_Pro_DZ2_Gallery_1_8e9532bbeb.png","datePublished":"2022-05-17T10:00:27+00:00","dateModified":"2022-05-17T10:00:27+00:00","description":"O ecom Tab-Ex\u00ae Pro DZ2 com visor de 10 polegadas oferece a maior diversidade de aplica\u00e7\u00f5es para trabalhar em \u00e1reas perigosas. Saiba mais.","breadcrumb":{"@id":"https:\/\/alegerglobal.com\/pt-pt\/shop-pt-pt\/ecom-tab-ex-pro-dz2-2\/#breadcrumb"},"inLanguage":"pt-PT","potentialAction":[{"@type":"ReadAction","target":["https:\/\/alegerglobal.com\/pt-pt\/shop-pt-pt\/ecom-tab-ex-pro-dz2-2\/"]}]},{"@type":"ImageObject","inLanguage":"pt-PT","@id":"https:\/\/alegerglobal.com\/pt-pt\/shop-pt-pt\/ecom-tab-ex-pro-dz2-2\/#primaryimage","url":"https:\/\/alegerglobal.com\/wp-content\/uploads\/2021\/01\/csm_Tab-Ex_Pro_DZ2_Gallery_1_8e9532bbeb.png","contentUrl":"https:\/\/alegerglobal.com\/wp-content\/uploads\/2021\/01\/csm_Tab-Ex_Pro_DZ2_Gallery_1_8e9532bbeb.png","width":400,"height":400,"caption":"ecom Tab-Ex\u00ae Pro DZ2 Ex comprimido protegido Atex Zona 2"},{"@type":"BreadcrumbList","@id":"https:\/\/alegerglobal.com\/pt-pt\/shop-pt-pt\/ecom-tab-ex-pro-dz2-2\/#breadcrumb","itemListElement":[{"@type":"ListItem","position":1,"name":"Home","item":"https:\/\/alegerglobal.com\/pt-pt\/novo-pagina-inicial\/"},{"@type":"ListItem","position":2,"name":"Produtos","item":"https:\/\/alegerglobal.com\/pt-pt\/produtos\/"},{"@type":"ListItem","position":3,"name":"ecom Tab-Ex\u00ae Pro DZ2 Ex-protected tablet Atex Zona 2, ecr\u00e3 t\u00e1ctil de 10,1&#8243;, Android"}]},{"@type":"WebSite","@id":"https:\/\/alegerglobal.com\/pt-pt\/#website","url":"https:\/\/alegerglobal.com\/pt-pt\/","name":"ALEGER \u22c6 Augmented Reality","description":"Die besten Augmented Reality (AR) L\u00f6sungen der Welt.","publisher":{"@id":"https:\/\/alegerglobal.com\/pt-pt\/#organization"},"potentialAction":[{"@type":"SearchAction","target":{"@type":"EntryPoint","urlTemplate":"https:\/\/alegerglobal.com\/pt-pt\/?s={search_term_string}"},"query-input":{"@type":"PropertyValueSpecification","valueRequired":true,"valueName":"search_term_string"}}],"inLanguage":"pt-PT"},{"@type":"Organization","@id":"https:\/\/alegerglobal.com\/pt-pt\/#organization","name":"ALEGER \u22c6 Augmented Reality","url":"https:\/\/alegerglobal.com\/pt-pt\/","logo":{"@type":"ImageObject","inLanguage":"pt-PT","@id":"https:\/\/alegerglobal.com\/pt-pt\/#\/schema\/logo\/image\/","url":"https:\/\/alegerglobal.com\/wp-content\/uploads\/2020\/12\/aleger-logo-quadrat.jpg","contentUrl":"https:\/\/alegerglobal.com\/wp-content\/uploads\/2020\/12\/aleger-logo-quadrat.jpg","width":200,"height":176,"caption":"ALEGER \u22c6 Augmented Reality"},"image":{"@id":"https:\/\/alegerglobal.com\/pt-pt\/#\/schema\/logo\/image\/"}}]},"product_brand":"Ecom","product_price_amount":"2044.00","product_price_currency":"EUR","og_availability":"instock","product_availability":"instock","product_condition":"new"},"_links":{"self":[{"href":"https:\/\/alegerglobal.com\/pt-pt\/wp-json\/wp\/v2\/product\/33845","targetHints":{"allow":["GET"]}}],"collection":[{"href":"https:\/\/alegerglobal.com\/pt-pt\/wp-json\/wp\/v2\/product"}],"about":[{"href":"https:\/\/alegerglobal.com\/pt-pt\/wp-json\/wp\/v2\/types\/product"}],"replies":[{"embeddable":true,"href":"https:\/\/alegerglobal.com\/pt-pt\/wp-json\/wp\/v2\/comments?post=33845"}],"version-history":[{"count":0,"href":"https:\/\/alegerglobal.com\/pt-pt\/wp-json\/wp\/v2\/product\/33845\/revisions"}],"wp:featuredmedia":[{"embeddable":true,"href":"https:\/\/alegerglobal.com\/pt-pt\/wp-json\/wp\/v2\/media\/22142"}],"wp:attachment":[{"href":"https:\/\/alegerglobal.com\/pt-pt\/wp-json\/wp\/v2\/media?parent=33845"}],"wp:term":[{"taxonomy":"product_brand","embeddable":true,"href":"https:\/\/alegerglobal.com\/pt-pt\/wp-json\/wp\/v2\/product_brand?post=33845"},{"taxonomy":"product_cat","embeddable":true,"href":"https:\/\/alegerglobal.com\/pt-pt\/wp-json\/wp\/v2\/product_cat?post=33845"},{"taxonomy":"product_tag","embeddable":true,"href":"https:\/\/alegerglobal.com\/pt-pt\/wp-json\/wp\/v2\/product_tag?post=33845"}],"curies":[{"name":"wp","href":"https:\/\/api.w.org\/{rel}","templated":true}]}}