{"id":52295,"date":"2026-02-16T18:39:09","date_gmt":"2026-02-16T17:39:09","guid":{"rendered":"https:\/\/alegerglobal.com\/politica-de-privacidade\/"},"modified":"2026-02-16T18:39:10","modified_gmt":"2026-02-16T17:39:10","slug":"politica-de-privacidade","status":"publish","type":"page","link":"https:\/\/alegerglobal.com\/pt-pt\/politica-de-privacidade\/","title":{"rendered":"Pol\u00edtica de privacidade"},"content":{"rendered":"\t\t<div data-elementor-type=\"wp-page\" data-elementor-id=\"52295\" class=\"elementor elementor-52295 elementor-2324\" data-elementor-settings=\"{&quot;ha_cmc_init_switcher&quot;:&quot;no&quot;}\" data-elementor-post-type=\"page\">\n\t\t\t\t\t\t<section class=\"elementor-section elementor-top-section elementor-element elementor-element-5df78ad elementor-section-height-min-height elementor-section-stretched elementor-section-boxed elementor-section-height-default elementor-section-items-middle\" data-id=\"5df78ad\" data-element_type=\"section\" data-settings=\"{&quot;stretch_section&quot;:&quot;section-stretched&quot;,&quot;background_background&quot;:&quot;classic&quot;,&quot;jet_parallax_layout_list&quot;:[],&quot;_ha_eqh_enable&quot;:false}\">\n\t\t\t\t\t\t<div class=\"elementor-container elementor-column-gap-default\">\n\t\t\t\t\t<div class=\"elementor-column elementor-col-100 elementor-top-column elementor-element elementor-element-4f7874d\" data-id=\"4f7874d\" data-element_type=\"column\">\n\t\t\t<div class=\"elementor-widget-wrap elementor-element-populated\">\n\t\t\t\t\t\t<div class=\"elementor-element elementor-element-78de4ad elementor-widget elementor-widget-heading\" data-id=\"78de4ad\" data-element_type=\"widget\" data-widget_type=\"heading.default\">\n\t\t\t\t<div class=\"elementor-widget-container\">\n\t\t\t\t\t<h1 class=\"elementor-heading-title elementor-size-default\">POL\u00cdTICA DE PRIVACIDADE<\/h1>\t\t\t\t<\/div>\n\t\t\t\t<\/div>\n\t\t\t\t\t<\/div>\n\t\t<\/div>\n\t\t\t\t\t<\/div>\n\t\t<\/section>\n\t\t\t\t<section class=\"elementor-section elementor-top-section elementor-element elementor-element-419406e elementor-section-boxed elementor-section-height-default elementor-section-height-default\" data-id=\"419406e\" data-element_type=\"section\" data-settings=\"{&quot;jet_parallax_layout_list&quot;:[],&quot;_ha_eqh_enable&quot;:false}\">\n\t\t\t\t\t\t<div class=\"elementor-container elementor-column-gap-default\">\n\t\t\t\t\t<div class=\"elementor-column elementor-col-100 elementor-top-column elementor-element elementor-element-f3be6d9\" data-id=\"f3be6d9\" data-element_type=\"column\">\n\t\t\t<div class=\"elementor-widget-wrap elementor-element-populated\">\n\t\t\t\t\t\t<div class=\"elementor-element elementor-element-56b275c elementor-widget elementor-widget-text-editor\" data-id=\"56b275c\" data-element_type=\"widget\" data-widget_type=\"text-editor.default\">\n\t\t\t\t<div class=\"elementor-widget-container\">\n\t\t\t\t\t\t\t\t\t<div class=\"policy-text\">\n<div class=\"wp-suggested-text hide-privacy-policy-tutorial\">\n<h3>Que dados pessoais recolhemos e porque os recolhemos<\/h3>\n<h3> <\/h3>\n<h3>Coment\u00e1rios<\/h3>\n<p>Quando os visitantes publicam coment\u00e1rios no s\u00edtio Web, recolhemos os dados apresentados no formul\u00e1rio de coment\u00e1rio, o endere\u00e7o IP do visitante e a cadeia do agente do utilizador (que identifica o browser) para ajudar a reconhecer o spam.<\/p>\n<p>Pode ser criada uma cadeia de caracteres an\u00f3nima (tamb\u00e9m conhecida como hash) a partir do teu endere\u00e7o de e-mail e transmitida ao servi\u00e7o Gravatar para verificar se o est\u00e1s a utilizar. Podes encontrar a pol\u00edtica de privacidade do servi\u00e7o Gravatar aqui: https:\/\/automattic.com\/privacy\/. Depois de o teu coment\u00e1rio ter sido aprovado, a tua imagem de perfil ficar\u00e1 vis\u00edvel publicamente no contexto do teu coment\u00e1rio. <\/p>\n<h3> <\/h3>\n<h3>Meios de comunica\u00e7\u00e3o social<\/h3>\n<p>Se \u00e9s um utilizador registado e carregas fotografias para este s\u00edtio Web, deves evitar carregar fotografias com uma localiza\u00e7\u00e3o GPS EXIF. Os visitantes deste s\u00edtio Web podem descarregar fotografias armazenadas neste s\u00edtio Web e extrair as suas informa\u00e7\u00f5es de localiza\u00e7\u00e3o. <\/p>\n<h3> <\/h3>\n<h3>Formul\u00e1rios de contacto Cookies<\/h3>\n<p>Se escreveres um coment\u00e1rio no nosso s\u00edtio Web, isso pode ser um consentimento para guardar o teu nome, endere\u00e7o de correio eletr\u00f3nico e s\u00edtio Web nos cookies. Esta \u00e9 uma funcionalidade conveniente para que n\u00e3o tenhas de voltar a introduzir todos estes dados quando escreveres outro coment\u00e1rio. Estes cookies s\u00e3o guardados durante um ano.  <\/p>\n<p>Se tiveres uma conta e iniciares sess\u00e3o neste s\u00edtio Web, definiremos um cookie tempor\u00e1rio para determinar se o teu browser aceita cookies. Este cookie n\u00e3o cont\u00e9m quaisquer dados pessoais e ser\u00e1 eliminado quando fechares o teu browser. <\/p>\n<p>Quando te inscreves, configuramos alguns cookies para guardar as tuas informa\u00e7\u00f5es de in\u00edcio de sess\u00e3o e op\u00e7\u00f5es de visualiza\u00e7\u00e3o. Os cookies de in\u00edcio de sess\u00e3o expiram ao fim de dois dias e os cookies para op\u00e7\u00f5es de visualiza\u00e7\u00e3o ao fim de um ano. Se seleccionares &#8220;Manter sess\u00e3o iniciada&#8221; quando inicias sess\u00e3o, o teu in\u00edcio de sess\u00e3o ser\u00e1 mantido durante quinze dias. Quando terminas a sess\u00e3o na tua conta, os cookies de in\u00edcio de sess\u00e3o s\u00e3o eliminados.   <\/p>\n<p>Quando editas ou publicas um artigo, \u00e9 guardado um cookie adicional no teu browser. Este cookie n\u00e3o cont\u00e9m quaisquer dados pessoais e refere-se apenas ao ID de publica\u00e7\u00e3o do artigo que acabaste de editar. O cookie expira ao fim de um dia.  <\/p>\n<h3> <\/h3>\n<h3>Conte\u00fado incorporado de outros s\u00edtios Web<\/h3>\n<p>As publica\u00e7\u00f5es neste s\u00edtio Web podem conter conte\u00fados incorporados (por exemplo, v\u00eddeos, imagens, artigos, etc.). O conte\u00fado incorporado de outros s\u00edtios Web comporta-se exatamente como se o visitante tivesse visitado o outro s\u00edtio Web. <\/p>\n<p>Estes s\u00edtios Web podem recolher dados sobre ti, utilizar cookies, incorporar servi\u00e7os de rastreio adicionais de terceiros e registar a tua intera\u00e7\u00e3o com este conte\u00fado incorporado, incluindo a tua intera\u00e7\u00e3o com o conte\u00fado incorporado se tiveres uma conta e estiveres ligado a este s\u00edtio Web.<\/p>\n<h3> <\/h3>\n<h3>Servi\u00e7os de an\u00e1lise<\/h3>\n<h2> <\/h2>\n<h2>Com quem partilhamos os teus dados<\/h2>\n<h2>Durante quanto tempo guardamos os teus dados<\/h2>\n<p>Quando escreves um coment\u00e1rio, este \u00e9 guardado indefinidamente, incluindo os metadados. Desta forma, podemos reconhecer e aprovar automaticamente os coment\u00e1rios seguintes, em vez de os mantermos numa fila de modera\u00e7\u00e3o. <\/p>\n<p>Para os utilizadores que se registam no nosso s\u00edtio Web, tamb\u00e9m guardamos as informa\u00e7\u00f5es pessoais que fornecem nos seus perfis de utilizador. Todos os utilizadores podem ver, alterar ou eliminar as suas informa\u00e7\u00f5es pessoais em qualquer altura (o nome de utilizador n\u00e3o pode ser alterado). Os administradores do s\u00edtio Web tamb\u00e9m podem ver e alterar estas informa\u00e7\u00f5es.  <\/p>\n<h2>Que direitos tens sobre os teus dados<\/h2>\n<p>Se tens uma conta neste s\u00edtio Web ou escreveste coment\u00e1rios, podes solicitar-nos a exporta\u00e7\u00e3o dos teus dados pessoais, incluindo quaisquer dados que nos tenhas fornecido. Al\u00e9m disso, podes solicitar a elimina\u00e7\u00e3o de todos os dados pessoais que tenhamos guardado sobre ti. Isto n\u00e3o inclui os dados que somos obrigados a reter para fins administrativos, legais ou de seguran\u00e7a.  <\/p>\n<h2> <\/h2>\n<h2>Para onde enviamos os teus dados<\/h2>\n<p>Os coment\u00e1rios dos visitantes podem ser analisados por um servi\u00e7o autom\u00e1tico de dete\u00e7\u00e3o de spam.<\/p>\n<div class=\"policy-text hide-privacy-policy-tutorial\">\n<div class=\"policy-text\">\n<div class=\"wp-suggested-text hide-privacy-policy-tutorial\">\n<h2> <\/h2>\n<h2>O que recolhemos e armazenamos<\/h2>\n<p>Recolhemos informa\u00e7\u00f5es sobre ti durante o processo de encomenda na nossa loja.<\/p>\n<p>Registamos a tua visita ao nosso s\u00edtio Web:<\/p>\n<ul>\n<li>Produtos visualizados: Aqui mostramos-te os produtos que viste recentemente.<\/li>\n<li>Localiza\u00e7\u00e3o, endere\u00e7o IP e tipo de browser: Utilizamos estes dados para efeitos de estimativa de impostos e custos de envio<\/li>\n<li>Endere\u00e7o de envio: Pedimos-te que o indiques para que possamos, por exemplo, determinar os custos de envio antes de fazeres uma encomenda e enviar-te a encomenda.<\/li>\n<\/ul>\n<p>Tamb\u00e9m utilizamos cookies para manter um registo do conte\u00fado do teu cesto de compras enquanto visitas o nosso s\u00edtio Web.<\/p>\n<p>Quando fazes compras connosco, pedimos-te que forne\u00e7as informa\u00e7\u00f5es como o teu nome, endere\u00e7o de fatura\u00e7\u00e3o e de envio, endere\u00e7o de e-mail e n\u00famero de telefone, detalhes do cart\u00e3o de cr\u00e9dito\/detalhes de pagamento e informa\u00e7\u00f5es opcionais sobre a conta, como o nome de utilizador e a palavra-passe. Utilizamos estas informa\u00e7\u00f5es para os seguintes fins: <\/p>\n<ul>\n<li>Envio de informa\u00e7\u00f5es sobre a tua conta e encomenda<\/li>\n<li>Resposta aos teus pedidos de informa\u00e7\u00e3o, incluindo reembolsos e reclama\u00e7\u00f5es<\/li>\n<li>Processamento de opera\u00e7\u00f5es de pagamento e preven\u00e7\u00e3o de fraudes<\/li>\n<li>Cria a tua conta na nossa loja<\/li>\n<li>Cumprimento de todas as obriga\u00e7\u00f5es legais, como o c\u00e1lculo de impostos<\/li>\n<li>Melhoria das ofertas da nossa loja<\/li>\n<li>Enviar mensagens de marketing se desejares receb\u00ea-las<\/li>\n<\/ul>\n<p>Quando crias uma conta connosco, guardamos o teu nome, endere\u00e7o, endere\u00e7o de e-mail e n\u00famero de telefone. Estes dados ser\u00e3o utilizados para preencher as informa\u00e7\u00f5es de pagamento de futuras encomendas. <\/p>\n<p>Normalmente, guardamos as informa\u00e7\u00f5es sobre ti durante o tempo necess\u00e1rio para o fim para o qual foram recolhidas e utilizadas e somos obrigados a guard\u00e1-las. Por exemplo, guardamos informa\u00e7\u00f5es sobre encomendas durante XXX anos para efeitos fiscais e de fatura\u00e7\u00e3o. Isto inclui o teu nome, endere\u00e7o de e-mail, endere\u00e7o de fatura\u00e7\u00e3o e de envio.  <\/p>\n<p>Tamb\u00e9m guardamos coment\u00e1rios ou classifica\u00e7\u00f5es se decidires deix\u00e1-los.<\/p>\n<h2> <\/h2>\n<h2>Quem na nossa equipa tem acesso<\/h2>\n<p>Os membros da nossa equipa t\u00eam acesso \u00e0s informa\u00e7\u00f5es que nos forneces. Por exemplo, tanto os administradores como os gerentes de loja podem aceder ao seguinte: <\/p>\n<ul>\n<li>Informa\u00e7\u00f5es sobre a encomenda, como os produtos comprados, a hora da compra e o endere\u00e7o de envio e<\/li>\n<li>Informa\u00e7\u00f5es do cliente, como o teu nome, endere\u00e7o de correio eletr\u00f3nico, informa\u00e7\u00f5es de fatura\u00e7\u00e3o e envio.<\/li>\n<\/ul>\n<p>Os membros da nossa equipa t\u00eam acesso a estas informa\u00e7\u00f5es para processar encomendas, efetuar reembolsos e prestar-te apoio.<\/p>\n<h3> <\/h3>\n<h3>Pagamentos<\/h3>\n<p>Aceitamos pagamentos com PayPal. Durante o processamento do pagamento, alguns dos teus dados ser\u00e3o transmitidos ao PayPal. Apenas ser\u00e3o transmitidas as informa\u00e7\u00f5es necess\u00e1rias para o processamento ou execu\u00e7\u00e3o do pagamento, tais como o pre\u00e7o total da compra e as informa\u00e7\u00f5es de pagamento.  <\/p>\n<p>Podes ver a <a href=\"https:\/\/www.paypal.com\/us\/webapps\/mpp\/ua\/privacy-full\">pol\u00edtica de privacidade do PayPal<\/a> aqui.<\/p>\n<h3> <\/h3>\n<h3>WPML<\/h3>\n<div class=\"policy-text hide-privacy-policy-tutorial\">\n<p>O WPML utiliza cookies para determinar o idioma atual do visitante, o \u00faltimo idioma visitado e o idioma dos utilizadores que iniciaram sess\u00e3o.<\/p>\n<p>Enquanto estiveres a usar o plugin, o WPML partilhar\u00e1 os dados relativos \u00e0 p\u00e1gina atrav\u00e9s do instalador. Nenhum dado \u00e9 partilhado pelo pr\u00f3prio utilizador. <\/p>\n<div class=\"policy-text hide-privacy-policy-tutorial\">\n<h3> <\/h3>\n<h3>YouTube<\/h3>\n<p>O nosso s\u00edtio Web utiliza plug-ins do YouTube, que \u00e9 operado pela Google. O operador das p\u00e1ginas \u00e9 o YouTube LLC, 901 Cherry Ave, San Bruno, CA 94066, EUA.<\/p>\n<p>Se visitares uma das nossas p\u00e1ginas com um plugin do YouTube, \u00e9 estabelecida uma liga\u00e7\u00e3o aos servidores do YouTube. Aqui, o servidor do YouTube \u00e9 informado sobre qual das nossas p\u00e1ginas visitaste. <\/p>\n<p>Se tiveres sess\u00e3o iniciada na tua conta YouTube, o YouTube permite-te associar o teu comportamento de navega\u00e7\u00e3o diretamente ao teu perfil pessoal. Podes evitar esta associa\u00e7\u00e3o encerrando a sess\u00e3o na tua conta YouTube. <\/p>\n<p>O YouTube \u00e9 utilizado para ajudar a tornar o nosso s\u00edtio Web apelativo. Isto constitui um interesse justificado nos termos do Art. 6 (1) (f) do RGPD. <\/p>\n<p>Para mais informa\u00e7\u00f5es sobre o tratamento dos dados dos utilizadores, consulta a declara\u00e7\u00e3o de prote\u00e7\u00e3o de dados do YouTube em <a href=\"https:\/\/www.google.de\/intl\/de\/policies\/privacy\" target=\"_blank\" rel=\"noopener noreferrer\">https:\/\/www.google.de\/intl\/de\/policies\/privacy.<\/a><\/p>\n<h3> <\/h3>\n<h3>Google Web Fonts<\/h3>\n<p>Para uma representa\u00e7\u00e3o uniforme dos tipos de letra, esta p\u00e1gina utiliza tipos de letra da Web fornecidos pela Google. Quando abres uma p\u00e1gina, o teu browser carrega as fontes da Web necess\u00e1rias para a cache do teu browser, para que os textos e as fontes sejam apresentados corretamente. <\/p>\n<p>Para este efeito, o teu browser tem de estabelecer uma liga\u00e7\u00e3o direta aos servidores da Google. Assim, a Google fica a saber que a nossa p\u00e1gina web foi acedida atrav\u00e9s do teu endere\u00e7o IP. A utiliza\u00e7\u00e3o de fontes Web da Google \u00e9 feita no interesse de uma apresenta\u00e7\u00e3o uniforme e atractiva do nosso plugin. Isto constitui um interesse justificado nos termos do Art. 6 (1) (f) do RGPD.   <\/p>\n<p>Se o teu browser n\u00e3o suportar tipos de letra da Web, \u00e9 utilizado um tipo de letra padr\u00e3o pelo teu computador.<\/p>\n<p>Para mais informa\u00e7\u00f5es sobre o tratamento dos dados dos utilizadores, consulta <a href=\"https:\/\/developers.google.com\/fonts\/faq\" target=\"_blank\" rel=\"noopener noreferrer\">https:\/\/developers.google.com\/fonts\/faq<\/a> e a pol\u00edtica de privacidade da Google em <a href=\"https:\/\/www.google.com\/policies\/privacy\/\" target=\"_blank\" rel=\"noopener noreferrer\">https:\/\/www.google.com\/policies\/privacy\/.<\/a><\/p>\n<\/p>\n<h3>Desativa\u00e7\u00e3o do Google Analytics<\/h3>\n\n<\/div>\n<\/div>\n<\/div>\n<\/div>\n<\/div>\n<\/div>\n<\/div>\n\t\t\t\t\t\t\t\t<\/div>\n\t\t\t\t<\/div>\n\t\t\t\t\t<\/div>\n\t\t<\/div>\n\t\t\t\t\t<\/div>\n\t\t<\/section>\n\t\t\t\t<\/div>\n\t\t","protected":false},"excerpt":{"rendered":"<p>POL\u00cdTICA DE PRIVACIDADE Que dados pessoais recolhemos e porque os recolhemos Coment\u00e1rios Quando os visitantes publicam coment\u00e1rios no s\u00edtio Web, recolhemos os dados apresentados no formul\u00e1rio de coment\u00e1rio, o endere\u00e7o IP do visitante e a cadeia do agente do utilizador (que identifica o browser) para ajudar a reconhecer o spam. Pode ser criada uma cadeia [&hellip;]<\/p>\n","protected":false},"author":3,"featured_media":0,"parent":0,"menu_order":0,"comment_status":"closed","ping_status":"closed","template":"","meta":{"_acf_changed":false,"footnotes":""},"class_list":["post-52295","page","type-page","status-publish","hentry"],"acf":[],"yoast_head":"<!-- This site is optimized with the Yoast SEO Premium plugin v20.10 (Yoast SEO v24.3) - https:\/\/yoast.com\/wordpress\/plugins\/seo\/ -->\n<title>- ALEGER \u22c6 Augmented Reality<\/title>\n<meta name=\"robots\" content=\"noindex, nofollow\" \/>\n<meta property=\"og:locale\" content=\"pt_PT\" \/>\n<meta property=\"og:type\" content=\"article\" \/>\n<meta property=\"og:title\" content=\"Pol\u00edtica de privacidade\" \/>\n<meta property=\"og:description\" content=\"POL\u00cdTICA DE PRIVACIDADE Que dados pessoais recolhemos e porque os recolhemos Coment\u00e1rios Quando os visitantes publicam coment\u00e1rios no s\u00edtio Web, recolhemos os dados apresentados no formul\u00e1rio de coment\u00e1rio, o endere\u00e7o IP do visitante e a cadeia do agente do utilizador (que identifica o browser) para ajudar a reconhecer o spam. Pode ser criada uma cadeia [&hellip;]\" \/>\n<meta property=\"og:url\" content=\"https:\/\/alegerglobal.com\/pt-pt\/politica-de-privacidade\/\" \/>\n<meta property=\"og:site_name\" content=\"ALEGER \u22c6 Augmented Reality\" \/>\n<meta property=\"article:modified_time\" content=\"2026-02-16T17:39:10+00:00\" \/>\n<meta name=\"twitter:card\" content=\"summary_large_image\" \/>\n<meta name=\"twitter:label1\" content=\"Tempo estimado de leitura\" \/>\n\t<meta name=\"twitter:data1\" content=\"8 minutos\" \/>\n<script type=\"application\/ld+json\" class=\"yoast-schema-graph\">{\"@context\":\"https:\/\/schema.org\",\"@graph\":[{\"@type\":\"WebPage\",\"@id\":\"https:\/\/alegerglobal.com\/pt-pt\/politica-de-privacidade\/\",\"url\":\"https:\/\/alegerglobal.com\/pt-pt\/politica-de-privacidade\/\",\"name\":\"- ALEGER \u22c6 Augmented Reality\",\"isPartOf\":{\"@id\":\"https:\/\/alegerglobal.com\/pt-pt\/#website\"},\"datePublished\":\"2026-02-16T17:39:09+00:00\",\"dateModified\":\"2026-02-16T17:39:10+00:00\",\"breadcrumb\":{\"@id\":\"https:\/\/alegerglobal.com\/pt-pt\/politica-de-privacidade\/#breadcrumb\"},\"inLanguage\":\"pt-PT\",\"potentialAction\":[{\"@type\":\"ReadAction\",\"target\":[\"https:\/\/alegerglobal.com\/pt-pt\/politica-de-privacidade\/\"]}]},{\"@type\":\"BreadcrumbList\",\"@id\":\"https:\/\/alegerglobal.com\/pt-pt\/politica-de-privacidade\/#breadcrumb\",\"itemListElement\":[{\"@type\":\"ListItem\",\"position\":1,\"name\":\"Home\",\"item\":\"https:\/\/alegerglobal.com\/pt-pt\/novo-pagina-inicial\/\"},{\"@type\":\"ListItem\",\"position\":2,\"name\":\"Pol\u00edtica de privacidade\"}]},{\"@type\":\"WebSite\",\"@id\":\"https:\/\/alegerglobal.com\/pt-pt\/#website\",\"url\":\"https:\/\/alegerglobal.com\/pt-pt\/\",\"name\":\"ALEGER \u22c6 Augmented Reality\",\"description\":\"Die besten Augmented Reality (AR) L\u00f6sungen der Welt.\",\"publisher\":{\"@id\":\"https:\/\/alegerglobal.com\/pt-pt\/#organization\"},\"potentialAction\":[{\"@type\":\"SearchAction\",\"target\":{\"@type\":\"EntryPoint\",\"urlTemplate\":\"https:\/\/alegerglobal.com\/pt-pt\/?s={search_term_string}\"},\"query-input\":{\"@type\":\"PropertyValueSpecification\",\"valueRequired\":true,\"valueName\":\"search_term_string\"}}],\"inLanguage\":\"pt-PT\"},{\"@type\":\"Organization\",\"@id\":\"https:\/\/alegerglobal.com\/pt-pt\/#organization\",\"name\":\"ALEGER \u22c6 Augmented Reality\",\"url\":\"https:\/\/alegerglobal.com\/pt-pt\/\",\"logo\":{\"@type\":\"ImageObject\",\"inLanguage\":\"pt-PT\",\"@id\":\"https:\/\/alegerglobal.com\/pt-pt\/#\/schema\/logo\/image\/\",\"url\":\"https:\/\/alegerglobal.com\/wp-content\/uploads\/2020\/12\/aleger-logo-quadrat.jpg\",\"contentUrl\":\"https:\/\/alegerglobal.com\/wp-content\/uploads\/2020\/12\/aleger-logo-quadrat.jpg\",\"width\":200,\"height\":176,\"caption\":\"ALEGER \u22c6 Augmented Reality\"},\"image\":{\"@id\":\"https:\/\/alegerglobal.com\/pt-pt\/#\/schema\/logo\/image\/\"}}]}<\/script>\n<!-- \/ Yoast SEO Premium plugin. -->","yoast_head_json":{"title":"- ALEGER \u22c6 Augmented Reality","robots":{"index":"noindex","follow":"nofollow"},"og_locale":"pt_PT","og_type":"article","og_title":"Pol\u00edtica de privacidade","og_description":"POL\u00cdTICA DE PRIVACIDADE Que dados pessoais recolhemos e porque os recolhemos Coment\u00e1rios Quando os visitantes publicam coment\u00e1rios no s\u00edtio Web, recolhemos os dados apresentados no formul\u00e1rio de coment\u00e1rio, o endere\u00e7o IP do visitante e a cadeia do agente do utilizador (que identifica o browser) para ajudar a reconhecer o spam. Pode ser criada uma cadeia [&hellip;]","og_url":"https:\/\/alegerglobal.com\/pt-pt\/politica-de-privacidade\/","og_site_name":"ALEGER \u22c6 Augmented Reality","article_modified_time":"2026-02-16T17:39:10+00:00","twitter_card":"summary_large_image","twitter_misc":{"Tempo estimado de leitura":"8 minutos"},"schema":{"@context":"https:\/\/schema.org","@graph":[{"@type":"WebPage","@id":"https:\/\/alegerglobal.com\/pt-pt\/politica-de-privacidade\/","url":"https:\/\/alegerglobal.com\/pt-pt\/politica-de-privacidade\/","name":"- ALEGER \u22c6 Augmented Reality","isPartOf":{"@id":"https:\/\/alegerglobal.com\/pt-pt\/#website"},"datePublished":"2026-02-16T17:39:09+00:00","dateModified":"2026-02-16T17:39:10+00:00","breadcrumb":{"@id":"https:\/\/alegerglobal.com\/pt-pt\/politica-de-privacidade\/#breadcrumb"},"inLanguage":"pt-PT","potentialAction":[{"@type":"ReadAction","target":["https:\/\/alegerglobal.com\/pt-pt\/politica-de-privacidade\/"]}]},{"@type":"BreadcrumbList","@id":"https:\/\/alegerglobal.com\/pt-pt\/politica-de-privacidade\/#breadcrumb","itemListElement":[{"@type":"ListItem","position":1,"name":"Home","item":"https:\/\/alegerglobal.com\/pt-pt\/novo-pagina-inicial\/"},{"@type":"ListItem","position":2,"name":"Pol\u00edtica de privacidade"}]},{"@type":"WebSite","@id":"https:\/\/alegerglobal.com\/pt-pt\/#website","url":"https:\/\/alegerglobal.com\/pt-pt\/","name":"ALEGER \u22c6 Augmented Reality","description":"Die besten Augmented Reality (AR) L\u00f6sungen der Welt.","publisher":{"@id":"https:\/\/alegerglobal.com\/pt-pt\/#organization"},"potentialAction":[{"@type":"SearchAction","target":{"@type":"EntryPoint","urlTemplate":"https:\/\/alegerglobal.com\/pt-pt\/?s={search_term_string}"},"query-input":{"@type":"PropertyValueSpecification","valueRequired":true,"valueName":"search_term_string"}}],"inLanguage":"pt-PT"},{"@type":"Organization","@id":"https:\/\/alegerglobal.com\/pt-pt\/#organization","name":"ALEGER \u22c6 Augmented Reality","url":"https:\/\/alegerglobal.com\/pt-pt\/","logo":{"@type":"ImageObject","inLanguage":"pt-PT","@id":"https:\/\/alegerglobal.com\/pt-pt\/#\/schema\/logo\/image\/","url":"https:\/\/alegerglobal.com\/wp-content\/uploads\/2020\/12\/aleger-logo-quadrat.jpg","contentUrl":"https:\/\/alegerglobal.com\/wp-content\/uploads\/2020\/12\/aleger-logo-quadrat.jpg","width":200,"height":176,"caption":"ALEGER \u22c6 Augmented Reality"},"image":{"@id":"https:\/\/alegerglobal.com\/pt-pt\/#\/schema\/logo\/image\/"}}]}},"_links":{"self":[{"href":"https:\/\/alegerglobal.com\/pt-pt\/wp-json\/wp\/v2\/pages\/52295","targetHints":{"allow":["GET"]}}],"collection":[{"href":"https:\/\/alegerglobal.com\/pt-pt\/wp-json\/wp\/v2\/pages"}],"about":[{"href":"https:\/\/alegerglobal.com\/pt-pt\/wp-json\/wp\/v2\/types\/page"}],"author":[{"embeddable":true,"href":"https:\/\/alegerglobal.com\/pt-pt\/wp-json\/wp\/v2\/users\/3"}],"replies":[{"embeddable":true,"href":"https:\/\/alegerglobal.com\/pt-pt\/wp-json\/wp\/v2\/comments?post=52295"}],"version-history":[{"count":1,"href":"https:\/\/alegerglobal.com\/pt-pt\/wp-json\/wp\/v2\/pages\/52295\/revisions"}],"predecessor-version":[{"id":52297,"href":"https:\/\/alegerglobal.com\/pt-pt\/wp-json\/wp\/v2\/pages\/52295\/revisions\/52297"}],"wp:attachment":[{"href":"https:\/\/alegerglobal.com\/pt-pt\/wp-json\/wp\/v2\/media?parent=52295"}],"curies":[{"name":"wp","href":"https:\/\/api.w.org\/{rel}","templated":true}]}}