{"id":53344,"date":"2026-03-06T14:32:50","date_gmt":"2026-03-06T13:32:52","guid":{"rendered":"https:\/\/alegerglobal.com\/?post_type=product&#038;p=53344"},"modified":"2026-03-19T18:38:37","modified_gmt":"2026-03-19T17:38:37","slug":"inteligentne-okulary-aleger-xr-500-ar-termowizja-sonar-i-kamera-48-mp-kopie","status":"publish","type":"product","link":"https:\/\/alegerglobal.com\/pl\/shop-pl\/inteligentne-okulary-aleger-xr-500-ar-termowizja-sonar-i-kamera-48-mp-kopie\/","title":{"rendered":"Inteligentne okulary ALEGER XR 800 AR &#8211; wy\u015bwietlacz 1080p, kamera 13 MP, GPS i przemys\u0142owe inteligentne okulary z systemem Android"},"content":{"rendered":"","protected":false},"excerpt":{"rendered":"<p data-start=\"680\" data-end=\"985\"><strong data-start=\"684\" data-end=\"701\">ALEGER XR 800<\/strong> to profesjonalna para inteligentnych okular\u00f3w rozszerzonej rzeczywisto\u015bci do zastosowa\u0144 przemys\u0142owych, inspekcji i prac technicznych. Zintegrowany wy\u015bwietlacz AR wy\u015bwietla cyfrowe informacje bezpo\u015brednio w polu widzenia u\u017cytkownika, umo\u017cliwiaj\u0105c wydajn\u0105 prac\u0119 bez dodatkowych urz\u0105dze\u0144.<\/p>\n<p data-start=\"987\" data-end=\"1469\">Dzi\u0119ki zintegrowanej kamerze, czujnikom i GPS, gogle mog\u0105 przechwytywa\u0107 i przesy\u0142a\u0107 obrazy, dane i informacje \u015brodowiskowe w czasie rzeczywistym. System Android umo\u017cliwia korzystanie z niestandardowych aplikacji i po\u0142\u0105cze\u0144 w chmurze, dzi\u0119ki czemu ALEGER XR 800 szczeg\u00f3lnie nadaje si\u0119 do konserwacji, zdalnego wsparcia, logistyki lub szkole\u0144. Mo\u017cna go wygodnie obs\u0142ugiwa\u0107 za pomoc\u0105 panelu dotykowego, przycisk\u00f3w lub sterowania g\u0142osowego &#8211; ca\u0142kowicie bez u\u017cycia r\u0105k podczas pracy<\/p>\n","protected":false},"featured_media":53357,"comment_status":"open","ping_status":"closed","template":"","meta":{"_acf_changed":false},"product_brand":[],"product_cat":[1008,983],"product_tag":[],"class_list":{"0":"post-53344","1":"product","2":"type-product","3":"status-publish","4":"has-post-thumbnail","6":"product_cat-inteligentne-okulary","7":"product_cat-shop-pl","8":"pa_hersteller-getac-pl","10":"first","11":"instock","12":"taxable","13":"shipping-taxable","14":"product-type-simple"},"acf":[],"yoast_head":"<!-- This site is optimized with the Yoast SEO Premium plugin v20.10 (Yoast SEO v24.3) - https:\/\/yoast.com\/wordpress\/plugins\/seo\/ -->\n<title>Inteligentne okulary ALEGER XR 800 AR - inteligentne okulary przemys\u0142owe z systemem Android<\/title>\n<meta name=\"description\" content=\"ALEGER XR 800 to solidna para inteligentnych okular\u00f3w AR z podw\u00f3jnym wy\u015bwietlaczem, kamer\u0105 13 MP, \u015bledzeniem GPS, sterowaniem g\u0142osowym i systemem Android. Idealne dla przemys\u0142u, inspekcji, konserwacji, logistyki i zdalnego wsparcia.\" \/>\n<meta name=\"robots\" content=\"index, follow, max-snippet:-1, max-image-preview:large, max-video-preview:-1\" \/>\n<meta property=\"og:locale\" content=\"pl_PL\" \/>\n<meta property=\"og:type\" content=\"article\" \/>\n<meta property=\"og:title\" content=\"Inteligentne okulary ALEGER XR 800 AR - wy\u015bwietlacz 1080p, kamera 13 MP, GPS i przemys\u0142owe inteligentne okulary z systemem Android\" \/>\n<meta property=\"og:description\" content=\"ALEGER XR 800 to solidna para inteligentnych okular\u00f3w AR z podw\u00f3jnym wy\u015bwietlaczem, kamer\u0105 13 MP, \u015bledzeniem GPS, sterowaniem g\u0142osowym i systemem Android. Idealne dla przemys\u0142u, inspekcji, konserwacji, logistyki i zdalnego wsparcia.\" \/>\n<meta property=\"og:url\" content=\"https:\/\/alegerglobal.com\/pl\/shop-pl\/inteligentne-okulary-aleger-xr-500-ar-termowizja-sonar-i-kamera-48-mp-kopie\/\" \/>\n<meta property=\"og:site_name\" content=\"ALEGER \u22c6 Augmented Reality\" \/>\n<meta property=\"article:modified_time\" content=\"2026-03-19T17:38:37+00:00\" \/>\n<meta property=\"og:image\" content=\"https:\/\/alegerglobal.com\/wp-content\/uploads\/2026\/03\/ALEGER-XR800-1.png\" \/>\n\t<meta property=\"og:image:width\" content=\"800\" \/>\n\t<meta property=\"og:image:height\" content=\"800\" \/>\n\t<meta property=\"og:image:type\" content=\"image\/png\" \/>\n<meta name=\"twitter:card\" content=\"summary_large_image\" \/>\n<meta name=\"twitter:label1\" content=\"Cena\" \/>\n\t<meta name=\"twitter:data1\" content=\"\" \/>\n\t<meta name=\"twitter:label2\" content=\"Dost\u0119pno\u015b\u0107\" \/>\n\t<meta name=\"twitter:data2\" content=\"Dost\u0119pny\" \/>\n<script type=\"application\/ld+json\" class=\"yoast-schema-graph\">{\"@context\":\"https:\/\/schema.org\",\"@graph\":[{\"@type\":\"WebPage\",\"@id\":\"https:\/\/alegerglobal.com\/pl\/shop-pl\/inteligentne-okulary-aleger-xr-500-ar-termowizja-sonar-i-kamera-48-mp-kopie\/\",\"url\":\"https:\/\/alegerglobal.com\/pl\/shop-pl\/inteligentne-okulary-aleger-xr-500-ar-termowizja-sonar-i-kamera-48-mp-kopie\/\",\"name\":\"Inteligentne okulary ALEGER XR 800 AR - inteligentne okulary przemys\u0142owe z systemem Android\",\"isPartOf\":{\"@id\":\"https:\/\/alegerglobal.com\/pl\/#website\"},\"primaryImageOfPage\":{\"@id\":\"https:\/\/alegerglobal.com\/pl\/shop-pl\/inteligentne-okulary-aleger-xr-500-ar-termowizja-sonar-i-kamera-48-mp-kopie\/#primaryimage\"},\"image\":{\"@id\":\"https:\/\/alegerglobal.com\/pl\/shop-pl\/inteligentne-okulary-aleger-xr-500-ar-termowizja-sonar-i-kamera-48-mp-kopie\/#primaryimage\"},\"thumbnailUrl\":\"https:\/\/alegerglobal.com\/wp-content\/uploads\/2026\/03\/ALEGER-XR800-1.png\",\"datePublished\":\"2026-03-06T13:32:52+00:00\",\"dateModified\":\"2026-03-19T17:38:37+00:00\",\"description\":\"ALEGER XR 800 to solidna para inteligentnych okular\u00f3w AR z podw\u00f3jnym wy\u015bwietlaczem, kamer\u0105 13 MP, \u015bledzeniem GPS, sterowaniem g\u0142osowym i systemem Android. Idealne dla przemys\u0142u, inspekcji, konserwacji, logistyki i zdalnego wsparcia.\",\"breadcrumb\":{\"@id\":\"https:\/\/alegerglobal.com\/pl\/shop-pl\/inteligentne-okulary-aleger-xr-500-ar-termowizja-sonar-i-kamera-48-mp-kopie\/#breadcrumb\"},\"inLanguage\":\"pl-PL\",\"potentialAction\":[{\"@type\":\"ReadAction\",\"target\":[\"https:\/\/alegerglobal.com\/pl\/shop-pl\/inteligentne-okulary-aleger-xr-500-ar-termowizja-sonar-i-kamera-48-mp-kopie\/\"]}]},{\"@type\":\"ImageObject\",\"inLanguage\":\"pl-PL\",\"@id\":\"https:\/\/alegerglobal.com\/pl\/shop-pl\/inteligentne-okulary-aleger-xr-500-ar-termowizja-sonar-i-kamera-48-mp-kopie\/#primaryimage\",\"url\":\"https:\/\/alegerglobal.com\/wp-content\/uploads\/2026\/03\/ALEGER-XR800-1.png\",\"contentUrl\":\"https:\/\/alegerglobal.com\/wp-content\/uploads\/2026\/03\/ALEGER-XR800-1.png\",\"width\":800,\"height\":800},{\"@type\":\"BreadcrumbList\",\"@id\":\"https:\/\/alegerglobal.com\/pl\/shop-pl\/inteligentne-okulary-aleger-xr-500-ar-termowizja-sonar-i-kamera-48-mp-kopie\/#breadcrumb\",\"itemListElement\":[{\"@type\":\"ListItem\",\"position\":1,\"name\":\"Home\",\"item\":\"https:\/\/alegerglobal.com\/pl\/nowosc-strona-glowna\/\"},{\"@type\":\"ListItem\",\"position\":2,\"name\":\"Produkty\",\"item\":\"https:\/\/alegerglobal.com\/pl\/produkty\/\"},{\"@type\":\"ListItem\",\"position\":3,\"name\":\"Inteligentne okulary ALEGER XR 800 AR &#8211; wy\u015bwietlacz 1080p, kamera 13 MP, GPS i przemys\u0142owe inteligentne okulary z systemem Android\"}]},{\"@type\":\"WebSite\",\"@id\":\"https:\/\/alegerglobal.com\/pl\/#website\",\"url\":\"https:\/\/alegerglobal.com\/pl\/\",\"name\":\"ALEGER \u22c6 Augmented Reality\",\"description\":\"Die besten Augmented Reality (AR) L\u00f6sungen der Welt.\",\"publisher\":{\"@id\":\"https:\/\/alegerglobal.com\/pl\/#organization\"},\"potentialAction\":[{\"@type\":\"SearchAction\",\"target\":{\"@type\":\"EntryPoint\",\"urlTemplate\":\"https:\/\/alegerglobal.com\/pl\/?s={search_term_string}\"},\"query-input\":{\"@type\":\"PropertyValueSpecification\",\"valueRequired\":true,\"valueName\":\"search_term_string\"}}],\"inLanguage\":\"pl-PL\"},{\"@type\":\"Organization\",\"@id\":\"https:\/\/alegerglobal.com\/pl\/#organization\",\"name\":\"ALEGER \u22c6 Augmented Reality\",\"url\":\"https:\/\/alegerglobal.com\/pl\/\",\"logo\":{\"@type\":\"ImageObject\",\"inLanguage\":\"pl-PL\",\"@id\":\"https:\/\/alegerglobal.com\/pl\/#\/schema\/logo\/image\/\",\"url\":\"https:\/\/alegerglobal.com\/wp-content\/uploads\/2020\/12\/aleger-logo-quadrat.jpg\",\"contentUrl\":\"https:\/\/alegerglobal.com\/wp-content\/uploads\/2020\/12\/aleger-logo-quadrat.jpg\",\"width\":200,\"height\":176,\"caption\":\"ALEGER \u22c6 Augmented Reality\"},\"image\":{\"@id\":\"https:\/\/alegerglobal.com\/pl\/#\/schema\/logo\/image\/\"}}]}<\/script>\n<meta property=\"product:brand\" content=\"Getac\" \/>\n<meta property=\"product:price:amount\" content=\"0.00\" \/>\n<meta property=\"product:price:currency\" content=\"EUR\" \/>\n<meta property=\"og:availability\" content=\"instock\" \/>\n<meta property=\"product:availability\" content=\"instock\" \/>\n<meta property=\"product:condition\" content=\"new\" \/>\n<!-- \/ Yoast SEO Premium plugin. -->","yoast_head_json":{"title":"Inteligentne okulary ALEGER XR 800 AR - inteligentne okulary przemys\u0142owe z systemem Android","description":"ALEGER XR 800 to solidna para inteligentnych okular\u00f3w AR z podw\u00f3jnym wy\u015bwietlaczem, kamer\u0105 13 MP, \u015bledzeniem GPS, sterowaniem g\u0142osowym i systemem Android. Idealne dla przemys\u0142u, inspekcji, konserwacji, logistyki i zdalnego wsparcia.","robots":{"index":"index","follow":"follow","max-snippet":"max-snippet:-1","max-image-preview":"max-image-preview:large","max-video-preview":"max-video-preview:-1"},"og_locale":"pl_PL","og_type":"article","og_title":"Inteligentne okulary ALEGER XR 800 AR - wy\u015bwietlacz 1080p, kamera 13 MP, GPS i przemys\u0142owe inteligentne okulary z systemem Android","og_description":"ALEGER XR 800 to solidna para inteligentnych okular\u00f3w AR z podw\u00f3jnym wy\u015bwietlaczem, kamer\u0105 13 MP, \u015bledzeniem GPS, sterowaniem g\u0142osowym i systemem Android. Idealne dla przemys\u0142u, inspekcji, konserwacji, logistyki i zdalnego wsparcia.","og_url":"https:\/\/alegerglobal.com\/pl\/shop-pl\/inteligentne-okulary-aleger-xr-500-ar-termowizja-sonar-i-kamera-48-mp-kopie\/","og_site_name":"ALEGER \u22c6 Augmented Reality","article_modified_time":"2026-03-19T17:38:37+00:00","og_image":[{"width":800,"height":800,"url":"https:\/\/alegerglobal.com\/wp-content\/uploads\/2026\/03\/ALEGER-XR800-1.png","type":"image\/png"}],"twitter_card":"summary_large_image","twitter_misc":{"Cena":"","Dost\u0119pno\u015b\u0107":"Dost\u0119pny"},"schema":{"@context":"https:\/\/schema.org","@graph":[{"@type":"WebPage","@id":"https:\/\/alegerglobal.com\/pl\/shop-pl\/inteligentne-okulary-aleger-xr-500-ar-termowizja-sonar-i-kamera-48-mp-kopie\/","url":"https:\/\/alegerglobal.com\/pl\/shop-pl\/inteligentne-okulary-aleger-xr-500-ar-termowizja-sonar-i-kamera-48-mp-kopie\/","name":"Inteligentne okulary ALEGER XR 800 AR - inteligentne okulary przemys\u0142owe z systemem Android","isPartOf":{"@id":"https:\/\/alegerglobal.com\/pl\/#website"},"primaryImageOfPage":{"@id":"https:\/\/alegerglobal.com\/pl\/shop-pl\/inteligentne-okulary-aleger-xr-500-ar-termowizja-sonar-i-kamera-48-mp-kopie\/#primaryimage"},"image":{"@id":"https:\/\/alegerglobal.com\/pl\/shop-pl\/inteligentne-okulary-aleger-xr-500-ar-termowizja-sonar-i-kamera-48-mp-kopie\/#primaryimage"},"thumbnailUrl":"https:\/\/alegerglobal.com\/wp-content\/uploads\/2026\/03\/ALEGER-XR800-1.png","datePublished":"2026-03-06T13:32:52+00:00","dateModified":"2026-03-19T17:38:37+00:00","description":"ALEGER XR 800 to solidna para inteligentnych okular\u00f3w AR z podw\u00f3jnym wy\u015bwietlaczem, kamer\u0105 13 MP, \u015bledzeniem GPS, sterowaniem g\u0142osowym i systemem Android. Idealne dla przemys\u0142u, inspekcji, konserwacji, logistyki i zdalnego wsparcia.","breadcrumb":{"@id":"https:\/\/alegerglobal.com\/pl\/shop-pl\/inteligentne-okulary-aleger-xr-500-ar-termowizja-sonar-i-kamera-48-mp-kopie\/#breadcrumb"},"inLanguage":"pl-PL","potentialAction":[{"@type":"ReadAction","target":["https:\/\/alegerglobal.com\/pl\/shop-pl\/inteligentne-okulary-aleger-xr-500-ar-termowizja-sonar-i-kamera-48-mp-kopie\/"]}]},{"@type":"ImageObject","inLanguage":"pl-PL","@id":"https:\/\/alegerglobal.com\/pl\/shop-pl\/inteligentne-okulary-aleger-xr-500-ar-termowizja-sonar-i-kamera-48-mp-kopie\/#primaryimage","url":"https:\/\/alegerglobal.com\/wp-content\/uploads\/2026\/03\/ALEGER-XR800-1.png","contentUrl":"https:\/\/alegerglobal.com\/wp-content\/uploads\/2026\/03\/ALEGER-XR800-1.png","width":800,"height":800},{"@type":"BreadcrumbList","@id":"https:\/\/alegerglobal.com\/pl\/shop-pl\/inteligentne-okulary-aleger-xr-500-ar-termowizja-sonar-i-kamera-48-mp-kopie\/#breadcrumb","itemListElement":[{"@type":"ListItem","position":1,"name":"Home","item":"https:\/\/alegerglobal.com\/pl\/nowosc-strona-glowna\/"},{"@type":"ListItem","position":2,"name":"Produkty","item":"https:\/\/alegerglobal.com\/pl\/produkty\/"},{"@type":"ListItem","position":3,"name":"Inteligentne okulary ALEGER XR 800 AR &#8211; wy\u015bwietlacz 1080p, kamera 13 MP, GPS i przemys\u0142owe inteligentne okulary z systemem Android"}]},{"@type":"WebSite","@id":"https:\/\/alegerglobal.com\/pl\/#website","url":"https:\/\/alegerglobal.com\/pl\/","name":"ALEGER \u22c6 Augmented Reality","description":"Die besten Augmented Reality (AR) L\u00f6sungen der Welt.","publisher":{"@id":"https:\/\/alegerglobal.com\/pl\/#organization"},"potentialAction":[{"@type":"SearchAction","target":{"@type":"EntryPoint","urlTemplate":"https:\/\/alegerglobal.com\/pl\/?s={search_term_string}"},"query-input":{"@type":"PropertyValueSpecification","valueRequired":true,"valueName":"search_term_string"}}],"inLanguage":"pl-PL"},{"@type":"Organization","@id":"https:\/\/alegerglobal.com\/pl\/#organization","name":"ALEGER \u22c6 Augmented Reality","url":"https:\/\/alegerglobal.com\/pl\/","logo":{"@type":"ImageObject","inLanguage":"pl-PL","@id":"https:\/\/alegerglobal.com\/pl\/#\/schema\/logo\/image\/","url":"https:\/\/alegerglobal.com\/wp-content\/uploads\/2020\/12\/aleger-logo-quadrat.jpg","contentUrl":"https:\/\/alegerglobal.com\/wp-content\/uploads\/2020\/12\/aleger-logo-quadrat.jpg","width":200,"height":176,"caption":"ALEGER \u22c6 Augmented Reality"},"image":{"@id":"https:\/\/alegerglobal.com\/pl\/#\/schema\/logo\/image\/"}}]},"product_brand":"Getac","product_price_amount":"0.00","product_price_currency":"EUR","og_availability":"instock","product_availability":"instock","product_condition":"new"},"_links":{"self":[{"href":"https:\/\/alegerglobal.com\/pl\/wp-json\/wp\/v2\/product\/53344","targetHints":{"allow":["GET"]}}],"collection":[{"href":"https:\/\/alegerglobal.com\/pl\/wp-json\/wp\/v2\/product"}],"about":[{"href":"https:\/\/alegerglobal.com\/pl\/wp-json\/wp\/v2\/types\/product"}],"replies":[{"embeddable":true,"href":"https:\/\/alegerglobal.com\/pl\/wp-json\/wp\/v2\/comments?post=53344"}],"version-history":[{"count":3,"href":"https:\/\/alegerglobal.com\/pl\/wp-json\/wp\/v2\/product\/53344\/revisions"}],"predecessor-version":[{"id":53874,"href":"https:\/\/alegerglobal.com\/pl\/wp-json\/wp\/v2\/product\/53344\/revisions\/53874"}],"wp:featuredmedia":[{"embeddable":true,"href":"https:\/\/alegerglobal.com\/pl\/wp-json\/wp\/v2\/media\/53357"}],"wp:attachment":[{"href":"https:\/\/alegerglobal.com\/pl\/wp-json\/wp\/v2\/media?parent=53344"}],"wp:term":[{"taxonomy":"product_brand","embeddable":true,"href":"https:\/\/alegerglobal.com\/pl\/wp-json\/wp\/v2\/product_brand?post=53344"},{"taxonomy":"product_cat","embeddable":true,"href":"https:\/\/alegerglobal.com\/pl\/wp-json\/wp\/v2\/product_cat?post=53344"},{"taxonomy":"product_tag","embeddable":true,"href":"https:\/\/alegerglobal.com\/pl\/wp-json\/wp\/v2\/product_tag?post=53344"}],"curies":[{"name":"wp","href":"https:\/\/api.w.org\/{rel}","templated":true}]}}