{"id":53287,"date":"2026-03-06T14:08:34","date_gmt":"2026-03-06T13:08:36","guid":{"rendered":"https:\/\/alegerglobal.com\/?post_type=product&#038;p=53287"},"modified":"2026-03-19T18:38:36","modified_gmt":"2026-03-19T17:38:36","slug":"osmo-nano-ultralekka-kamera-sportowa-4k-do-noszenia-na-sobie-kopie","status":"publish","type":"product","link":"https:\/\/alegerglobal.com\/pl\/shop-pl\/osmo-nano-ultralekka-kamera-sportowa-4k-do-noszenia-na-sobie-kopie\/","title":{"rendered":"Inteligentne okulary ALEGER XR 500 AR &#8211; termowizja, sonar i kamera 48 MP"},"content":{"rendered":"","protected":false},"excerpt":{"rendered":"<p data-start=\"619\" data-end=\"996\"><strong data-start=\"623\" data-end=\"640\">ALEGER XR 500<\/strong> to innowacyjne inteligentne okulary AR, kt\u00f3re \u0142\u0105cz\u0105 w sobie najnowocze\u015bniejsze czujniki i technologi\u0119 sztucznej inteligencji, aby rozszerzy\u0107 Twoj\u0105 percepcj\u0119. Zintegrowany wy\u015bwietlacz rzeczywisto\u015bci rozszerzonej zapewnia wa\u017cne informacje bezpo\u015brednio w polu widzenia, a pot\u0119\u017cne modu\u0142y, takie jak kamera termowizyjna, sonar lub endoskop, zapewniaj\u0105 dodatkowy wgl\u0105d.<\/p>\n<p data-start=\"998\" data-end=\"1361\">ALEGER XR 500 dostarcza precyzyjne dane w czasie rzeczywistym i umo\u017cliwia prac\u0119 bez u\u017cycia r\u0105k. Zintegrowana kamera 48 MP, rozpoznawanie obiekt\u00f3w AI i sterowanie g\u0142osowe sprawiaj\u0105, \u017ce jest to wszechstronne, zaawansowane technologicznie narz\u0119dzie dla profesjonalist\u00f3w i odkrywc\u00f3w.<\/p>\n","protected":false},"featured_media":53303,"comment_status":"open","ping_status":"closed","template":"","meta":{"_acf_changed":false},"product_brand":[],"product_cat":[1008,983],"product_tag":[],"class_list":{"0":"post-53287","1":"product","2":"type-product","3":"status-publish","4":"has-post-thumbnail","6":"product_cat-inteligentne-okulary","7":"product_cat-shop-pl","8":"pa_hersteller-getac-pl","10":"first","11":"instock","12":"taxable","13":"shipping-taxable","14":"product-type-simple"},"acf":[],"yoast_head":"<!-- This site is optimized with the Yoast SEO Premium plugin v20.10 (Yoast SEO v24.3) - https:\/\/yoast.com\/wordpress\/plugins\/seo\/ -->\n<title>Inteligentne okulary ALEGER XR 500 AR - obraz termowizyjny i kamera 48 MP<\/title>\n<meta name=\"description\" content=\"Inteligentne okulary ALEGER XR 500 AR \u0142\u0105cz\u0105 w sobie kamer\u0119 48 MP i rozpoznawanie AI w modu\u0142owych, zaawansowanych technologicznie okularach. Idealne do inspekcji technicznych - z wy\u015bwietlaczem AR i obs\u0142ug\u0105 bez u\u017cycia r\u0105k.\" \/>\n<meta name=\"robots\" content=\"index, follow, max-snippet:-1, max-image-preview:large, max-video-preview:-1\" \/>\n<meta property=\"og:locale\" content=\"pl_PL\" \/>\n<meta property=\"og:type\" content=\"article\" \/>\n<meta property=\"og:title\" content=\"Inteligentne okulary ALEGER XR 500 AR - termowizja, sonar i kamera 48 MP\" \/>\n<meta property=\"og:description\" content=\"Inteligentne okulary ALEGER XR 500 AR \u0142\u0105cz\u0105 w sobie kamer\u0119 48 MP i rozpoznawanie AI w modu\u0142owych, zaawansowanych technologicznie okularach. Idealne do inspekcji technicznych - z wy\u015bwietlaczem AR i obs\u0142ug\u0105 bez u\u017cycia r\u0105k.\" \/>\n<meta property=\"og:url\" content=\"https:\/\/alegerglobal.com\/pl\/shop-pl\/osmo-nano-ultralekka-kamera-sportowa-4k-do-noszenia-na-sobie-kopie\/\" \/>\n<meta property=\"og:site_name\" content=\"ALEGER \u22c6 Augmented Reality\" \/>\n<meta property=\"article:modified_time\" content=\"2026-03-19T17:38:36+00:00\" \/>\n<meta property=\"og:image\" content=\"https:\/\/alegerglobal.com\/wp-content\/uploads\/2026\/03\/ALEGER-XR-500-1.png\" \/>\n\t<meta property=\"og:image:width\" content=\"800\" \/>\n\t<meta property=\"og:image:height\" content=\"800\" \/>\n\t<meta property=\"og:image:type\" content=\"image\/png\" \/>\n<meta name=\"twitter:card\" content=\"summary_large_image\" \/>\n<meta name=\"twitter:label1\" content=\"Cena\" \/>\n\t<meta name=\"twitter:data1\" content=\"\" \/>\n\t<meta name=\"twitter:label2\" content=\"Dost\u0119pno\u015b\u0107\" \/>\n\t<meta name=\"twitter:data2\" content=\"Dost\u0119pny\" \/>\n<script type=\"application\/ld+json\" class=\"yoast-schema-graph\">{\"@context\":\"https:\/\/schema.org\",\"@graph\":[{\"@type\":\"WebPage\",\"@id\":\"https:\/\/alegerglobal.com\/pl\/shop-pl\/osmo-nano-ultralekka-kamera-sportowa-4k-do-noszenia-na-sobie-kopie\/\",\"url\":\"https:\/\/alegerglobal.com\/pl\/shop-pl\/osmo-nano-ultralekka-kamera-sportowa-4k-do-noszenia-na-sobie-kopie\/\",\"name\":\"Inteligentne okulary ALEGER XR 500 AR - obraz termowizyjny i kamera 48 MP\",\"isPartOf\":{\"@id\":\"https:\/\/alegerglobal.com\/pl\/#website\"},\"primaryImageOfPage\":{\"@id\":\"https:\/\/alegerglobal.com\/pl\/shop-pl\/osmo-nano-ultralekka-kamera-sportowa-4k-do-noszenia-na-sobie-kopie\/#primaryimage\"},\"image\":{\"@id\":\"https:\/\/alegerglobal.com\/pl\/shop-pl\/osmo-nano-ultralekka-kamera-sportowa-4k-do-noszenia-na-sobie-kopie\/#primaryimage\"},\"thumbnailUrl\":\"https:\/\/alegerglobal.com\/wp-content\/uploads\/2026\/03\/ALEGER-XR-500-1.png\",\"datePublished\":\"2026-03-06T13:08:36+00:00\",\"dateModified\":\"2026-03-19T17:38:36+00:00\",\"description\":\"Inteligentne okulary ALEGER XR 500 AR \u0142\u0105cz\u0105 w sobie kamer\u0119 48 MP i rozpoznawanie AI w modu\u0142owych, zaawansowanych technologicznie okularach. Idealne do inspekcji technicznych - z wy\u015bwietlaczem AR i obs\u0142ug\u0105 bez u\u017cycia r\u0105k.\",\"breadcrumb\":{\"@id\":\"https:\/\/alegerglobal.com\/pl\/shop-pl\/osmo-nano-ultralekka-kamera-sportowa-4k-do-noszenia-na-sobie-kopie\/#breadcrumb\"},\"inLanguage\":\"pl-PL\",\"potentialAction\":[{\"@type\":\"ReadAction\",\"target\":[\"https:\/\/alegerglobal.com\/pl\/shop-pl\/osmo-nano-ultralekka-kamera-sportowa-4k-do-noszenia-na-sobie-kopie\/\"]}]},{\"@type\":\"ImageObject\",\"inLanguage\":\"pl-PL\",\"@id\":\"https:\/\/alegerglobal.com\/pl\/shop-pl\/osmo-nano-ultralekka-kamera-sportowa-4k-do-noszenia-na-sobie-kopie\/#primaryimage\",\"url\":\"https:\/\/alegerglobal.com\/wp-content\/uploads\/2026\/03\/ALEGER-XR-500-1.png\",\"contentUrl\":\"https:\/\/alegerglobal.com\/wp-content\/uploads\/2026\/03\/ALEGER-XR-500-1.png\",\"width\":800,\"height\":800},{\"@type\":\"BreadcrumbList\",\"@id\":\"https:\/\/alegerglobal.com\/pl\/shop-pl\/osmo-nano-ultralekka-kamera-sportowa-4k-do-noszenia-na-sobie-kopie\/#breadcrumb\",\"itemListElement\":[{\"@type\":\"ListItem\",\"position\":1,\"name\":\"Home\",\"item\":\"https:\/\/alegerglobal.com\/pl\/nowosc-strona-glowna\/\"},{\"@type\":\"ListItem\",\"position\":2,\"name\":\"Produkty\",\"item\":\"https:\/\/alegerglobal.com\/pl\/produkty\/\"},{\"@type\":\"ListItem\",\"position\":3,\"name\":\"Inteligentne okulary ALEGER XR 500 AR &#8211; termowizja, sonar i kamera 48 MP\"}]},{\"@type\":\"WebSite\",\"@id\":\"https:\/\/alegerglobal.com\/pl\/#website\",\"url\":\"https:\/\/alegerglobal.com\/pl\/\",\"name\":\"ALEGER \u22c6 Augmented Reality\",\"description\":\"Die besten Augmented Reality (AR) L\u00f6sungen der Welt.\",\"publisher\":{\"@id\":\"https:\/\/alegerglobal.com\/pl\/#organization\"},\"potentialAction\":[{\"@type\":\"SearchAction\",\"target\":{\"@type\":\"EntryPoint\",\"urlTemplate\":\"https:\/\/alegerglobal.com\/pl\/?s={search_term_string}\"},\"query-input\":{\"@type\":\"PropertyValueSpecification\",\"valueRequired\":true,\"valueName\":\"search_term_string\"}}],\"inLanguage\":\"pl-PL\"},{\"@type\":\"Organization\",\"@id\":\"https:\/\/alegerglobal.com\/pl\/#organization\",\"name\":\"ALEGER \u22c6 Augmented Reality\",\"url\":\"https:\/\/alegerglobal.com\/pl\/\",\"logo\":{\"@type\":\"ImageObject\",\"inLanguage\":\"pl-PL\",\"@id\":\"https:\/\/alegerglobal.com\/pl\/#\/schema\/logo\/image\/\",\"url\":\"https:\/\/alegerglobal.com\/wp-content\/uploads\/2020\/12\/aleger-logo-quadrat.jpg\",\"contentUrl\":\"https:\/\/alegerglobal.com\/wp-content\/uploads\/2020\/12\/aleger-logo-quadrat.jpg\",\"width\":200,\"height\":176,\"caption\":\"ALEGER \u22c6 Augmented Reality\"},\"image\":{\"@id\":\"https:\/\/alegerglobal.com\/pl\/#\/schema\/logo\/image\/\"}}]}<\/script>\n<meta property=\"product:brand\" content=\"Getac\" \/>\n<meta property=\"product:price:amount\" content=\"0.00\" \/>\n<meta property=\"product:price:currency\" content=\"EUR\" \/>\n<meta property=\"og:availability\" content=\"instock\" \/>\n<meta property=\"product:availability\" content=\"instock\" \/>\n<meta property=\"product:condition\" content=\"new\" \/>\n<!-- \/ Yoast SEO Premium plugin. -->","yoast_head_json":{"title":"Inteligentne okulary ALEGER XR 500 AR - obraz termowizyjny i kamera 48 MP","description":"Inteligentne okulary ALEGER XR 500 AR \u0142\u0105cz\u0105 w sobie kamer\u0119 48 MP i rozpoznawanie AI w modu\u0142owych, zaawansowanych technologicznie okularach. Idealne do inspekcji technicznych - z wy\u015bwietlaczem AR i obs\u0142ug\u0105 bez u\u017cycia r\u0105k.","robots":{"index":"index","follow":"follow","max-snippet":"max-snippet:-1","max-image-preview":"max-image-preview:large","max-video-preview":"max-video-preview:-1"},"og_locale":"pl_PL","og_type":"article","og_title":"Inteligentne okulary ALEGER XR 500 AR - termowizja, sonar i kamera 48 MP","og_description":"Inteligentne okulary ALEGER XR 500 AR \u0142\u0105cz\u0105 w sobie kamer\u0119 48 MP i rozpoznawanie AI w modu\u0142owych, zaawansowanych technologicznie okularach. Idealne do inspekcji technicznych - z wy\u015bwietlaczem AR i obs\u0142ug\u0105 bez u\u017cycia r\u0105k.","og_url":"https:\/\/alegerglobal.com\/pl\/shop-pl\/osmo-nano-ultralekka-kamera-sportowa-4k-do-noszenia-na-sobie-kopie\/","og_site_name":"ALEGER \u22c6 Augmented Reality","article_modified_time":"2026-03-19T17:38:36+00:00","og_image":[{"width":800,"height":800,"url":"https:\/\/alegerglobal.com\/wp-content\/uploads\/2026\/03\/ALEGER-XR-500-1.png","type":"image\/png"}],"twitter_card":"summary_large_image","twitter_misc":{"Cena":"","Dost\u0119pno\u015b\u0107":"Dost\u0119pny"},"schema":{"@context":"https:\/\/schema.org","@graph":[{"@type":"WebPage","@id":"https:\/\/alegerglobal.com\/pl\/shop-pl\/osmo-nano-ultralekka-kamera-sportowa-4k-do-noszenia-na-sobie-kopie\/","url":"https:\/\/alegerglobal.com\/pl\/shop-pl\/osmo-nano-ultralekka-kamera-sportowa-4k-do-noszenia-na-sobie-kopie\/","name":"Inteligentne okulary ALEGER XR 500 AR - obraz termowizyjny i kamera 48 MP","isPartOf":{"@id":"https:\/\/alegerglobal.com\/pl\/#website"},"primaryImageOfPage":{"@id":"https:\/\/alegerglobal.com\/pl\/shop-pl\/osmo-nano-ultralekka-kamera-sportowa-4k-do-noszenia-na-sobie-kopie\/#primaryimage"},"image":{"@id":"https:\/\/alegerglobal.com\/pl\/shop-pl\/osmo-nano-ultralekka-kamera-sportowa-4k-do-noszenia-na-sobie-kopie\/#primaryimage"},"thumbnailUrl":"https:\/\/alegerglobal.com\/wp-content\/uploads\/2026\/03\/ALEGER-XR-500-1.png","datePublished":"2026-03-06T13:08:36+00:00","dateModified":"2026-03-19T17:38:36+00:00","description":"Inteligentne okulary ALEGER XR 500 AR \u0142\u0105cz\u0105 w sobie kamer\u0119 48 MP i rozpoznawanie AI w modu\u0142owych, zaawansowanych technologicznie okularach. Idealne do inspekcji technicznych - z wy\u015bwietlaczem AR i obs\u0142ug\u0105 bez u\u017cycia r\u0105k.","breadcrumb":{"@id":"https:\/\/alegerglobal.com\/pl\/shop-pl\/osmo-nano-ultralekka-kamera-sportowa-4k-do-noszenia-na-sobie-kopie\/#breadcrumb"},"inLanguage":"pl-PL","potentialAction":[{"@type":"ReadAction","target":["https:\/\/alegerglobal.com\/pl\/shop-pl\/osmo-nano-ultralekka-kamera-sportowa-4k-do-noszenia-na-sobie-kopie\/"]}]},{"@type":"ImageObject","inLanguage":"pl-PL","@id":"https:\/\/alegerglobal.com\/pl\/shop-pl\/osmo-nano-ultralekka-kamera-sportowa-4k-do-noszenia-na-sobie-kopie\/#primaryimage","url":"https:\/\/alegerglobal.com\/wp-content\/uploads\/2026\/03\/ALEGER-XR-500-1.png","contentUrl":"https:\/\/alegerglobal.com\/wp-content\/uploads\/2026\/03\/ALEGER-XR-500-1.png","width":800,"height":800},{"@type":"BreadcrumbList","@id":"https:\/\/alegerglobal.com\/pl\/shop-pl\/osmo-nano-ultralekka-kamera-sportowa-4k-do-noszenia-na-sobie-kopie\/#breadcrumb","itemListElement":[{"@type":"ListItem","position":1,"name":"Home","item":"https:\/\/alegerglobal.com\/pl\/nowosc-strona-glowna\/"},{"@type":"ListItem","position":2,"name":"Produkty","item":"https:\/\/alegerglobal.com\/pl\/produkty\/"},{"@type":"ListItem","position":3,"name":"Inteligentne okulary ALEGER XR 500 AR &#8211; termowizja, sonar i kamera 48 MP"}]},{"@type":"WebSite","@id":"https:\/\/alegerglobal.com\/pl\/#website","url":"https:\/\/alegerglobal.com\/pl\/","name":"ALEGER \u22c6 Augmented Reality","description":"Die besten Augmented Reality (AR) L\u00f6sungen der Welt.","publisher":{"@id":"https:\/\/alegerglobal.com\/pl\/#organization"},"potentialAction":[{"@type":"SearchAction","target":{"@type":"EntryPoint","urlTemplate":"https:\/\/alegerglobal.com\/pl\/?s={search_term_string}"},"query-input":{"@type":"PropertyValueSpecification","valueRequired":true,"valueName":"search_term_string"}}],"inLanguage":"pl-PL"},{"@type":"Organization","@id":"https:\/\/alegerglobal.com\/pl\/#organization","name":"ALEGER \u22c6 Augmented Reality","url":"https:\/\/alegerglobal.com\/pl\/","logo":{"@type":"ImageObject","inLanguage":"pl-PL","@id":"https:\/\/alegerglobal.com\/pl\/#\/schema\/logo\/image\/","url":"https:\/\/alegerglobal.com\/wp-content\/uploads\/2020\/12\/aleger-logo-quadrat.jpg","contentUrl":"https:\/\/alegerglobal.com\/wp-content\/uploads\/2020\/12\/aleger-logo-quadrat.jpg","width":200,"height":176,"caption":"ALEGER \u22c6 Augmented Reality"},"image":{"@id":"https:\/\/alegerglobal.com\/pl\/#\/schema\/logo\/image\/"}}]},"product_brand":"Getac","product_price_amount":"0.00","product_price_currency":"EUR","og_availability":"instock","product_availability":"instock","product_condition":"new"},"_links":{"self":[{"href":"https:\/\/alegerglobal.com\/pl\/wp-json\/wp\/v2\/product\/53287","targetHints":{"allow":["GET"]}}],"collection":[{"href":"https:\/\/alegerglobal.com\/pl\/wp-json\/wp\/v2\/product"}],"about":[{"href":"https:\/\/alegerglobal.com\/pl\/wp-json\/wp\/v2\/types\/product"}],"replies":[{"embeddable":true,"href":"https:\/\/alegerglobal.com\/pl\/wp-json\/wp\/v2\/comments?post=53287"}],"version-history":[{"count":3,"href":"https:\/\/alegerglobal.com\/pl\/wp-json\/wp\/v2\/product\/53287\/revisions"}],"predecessor-version":[{"id":53873,"href":"https:\/\/alegerglobal.com\/pl\/wp-json\/wp\/v2\/product\/53287\/revisions\/53873"}],"wp:featuredmedia":[{"embeddable":true,"href":"https:\/\/alegerglobal.com\/pl\/wp-json\/wp\/v2\/media\/53303"}],"wp:attachment":[{"href":"https:\/\/alegerglobal.com\/pl\/wp-json\/wp\/v2\/media?parent=53287"}],"wp:term":[{"taxonomy":"product_brand","embeddable":true,"href":"https:\/\/alegerglobal.com\/pl\/wp-json\/wp\/v2\/product_brand?post=53287"},{"taxonomy":"product_cat","embeddable":true,"href":"https:\/\/alegerglobal.com\/pl\/wp-json\/wp\/v2\/product_cat?post=53287"},{"taxonomy":"product_tag","embeddable":true,"href":"https:\/\/alegerglobal.com\/pl\/wp-json\/wp\/v2\/product_tag?post=53287"}],"curies":[{"name":"wp","href":"https:\/\/api.w.org\/{rel}","templated":true}]}}