{"id":52688,"date":"2026-02-23T16:23:06","date_gmt":"2026-02-23T15:23:07","guid":{"rendered":"https:\/\/alegerglobal.com\/?post_type=product&#038;p=52688"},"modified":"2026-03-19T18:38:25","modified_gmt":"2026-03-19T17:38:25","slug":"getac-zx70-ex-tablet-z-ochrona-przeciwwybuchowa-strefa-2-atex-wyswietlacz-7-cali-android-9-ip67-mil-std-810h-kopie-kopie-kopie-kopie-kopie","status":"publish","type":"product","link":"https:\/\/alegerglobal.com\/pl\/shop-pl\/gadzety\/getac-zx70-ex-tablet-z-ochrona-przeciwwybuchowa-strefa-2-atex-wyswietlacz-7-cali-android-9-ip67-mil-std-810h-kopie-kopie-kopie-kopie-kopie\/","title":{"rendered":"Osmo Nano &#8211; ultralekka kamera sportowa 4K do noszenia na sobie"},"content":{"rendered":"","protected":false},"excerpt":{"rendered":"<p data-start=\"683\" data-end=\"1119\"><strong data-start=\"3278\" data-end=\"3295\">Osmo Nano<\/strong> to ultralekka, por\u0119czna kamera akcji 4K zaprojektowana do rejestrowania przyg\u00f3d z \u017cywymi, ustabilizowanymi obrazami &#8211; niezale\u017cnie od tego, czy uprawiasz sport, jeste\u015b w ruchu, czy tworzysz materia\u0142y POV. Dzi\u0119ki magnetycznej konstrukcji z podw\u00f3jnym mocowaniem mo\u017cna j\u0105 elastycznie przymocowa\u0107 do kasku, czapki lub sprz\u0119tu i b\u0142yskawicznie prze\u0142\u0105cza\u0107 si\u0119 mi\u0119dzy r\u00f3\u017cnymi perspektywami. Wyposa\u017cona w pot\u0119\u017cny czujnik, zaawansowan\u0105 stabilizacj\u0119 obrazu, tryb SuperNight i wszechstronn\u0105 stacj\u0119 dokuj\u0105c\u0105, Osmo Nano oferuje kreatywn\u0105 swobod\u0119 tw\u00f3rcom, kt\u00f3rzy ceni\u0105 sobie kompaktow\u0105 form\u0119 i profesjonalne rezultaty.<\/p>\n","protected":false},"featured_media":52710,"comment_status":"open","ping_status":"closed","template":"","meta":{"_acf_changed":false},"product_brand":[],"product_cat":[986,983],"product_tag":[],"class_list":{"0":"post-52688","1":"product","2":"type-product","3":"status-publish","4":"has-post-thumbnail","6":"product_cat-gadzety","7":"product_cat-shop-pl","8":"pa_hersteller-getac-pl","10":"first","11":"instock","12":"taxable","13":"shipping-taxable","14":"product-type-simple"},"acf":[],"yoast_head":"<!-- This site is optimized with the Yoast SEO Premium plugin v20.10 (Yoast SEO v24.3) - https:\/\/yoast.com\/wordpress\/plugins\/seo\/ -->\n<title>DJI Osmo Nano - ultralekka kamera sportowa 4K do noszenia na sobie<\/title>\n<meta name=\"description\" content=\"Magnetyczna kamera do noszenia 4K z ultraszerokim k\u0105tem 143\u00b0, stabilizacj\u0105 RockSteady, trybem SuperNight i wszechstronnymi opcjami monta\u017cu - idealna do film\u00f3w przygodowych i POV.\" \/>\n<meta name=\"robots\" content=\"index, follow, max-snippet:-1, max-image-preview:large, max-video-preview:-1\" \/>\n<meta property=\"og:locale\" content=\"pl_PL\" \/>\n<meta property=\"og:type\" content=\"article\" \/>\n<meta property=\"og:title\" content=\"Osmo Nano - ultralekka kamera sportowa 4K do noszenia na sobie\" \/>\n<meta property=\"og:description\" content=\"Magnetyczna kamera do noszenia 4K z ultraszerokim k\u0105tem 143\u00b0, stabilizacj\u0105 RockSteady, trybem SuperNight i wszechstronnymi opcjami monta\u017cu - idealna do film\u00f3w przygodowych i POV.\" \/>\n<meta property=\"og:url\" content=\"https:\/\/alegerglobal.com\/pl\/shop-pl\/gadzety\/getac-zx70-ex-tablet-z-ochrona-przeciwwybuchowa-strefa-2-atex-wyswietlacz-7-cali-android-9-ip67-mil-std-810h-kopie-kopie-kopie-kopie-kopie\/\" \/>\n<meta property=\"og:site_name\" content=\"ALEGER \u22c6 Augmented Reality\" \/>\n<meta property=\"article:modified_time\" content=\"2026-03-19T17:38:25+00:00\" \/>\n<meta property=\"og:image\" content=\"https:\/\/alegerglobal.com\/wp-content\/uploads\/2026\/02\/Produktbild-800x800-1.png\" \/>\n\t<meta property=\"og:image:width\" content=\"800\" \/>\n\t<meta property=\"og:image:height\" content=\"800\" \/>\n\t<meta property=\"og:image:type\" content=\"image\/png\" \/>\n<meta name=\"twitter:card\" content=\"summary_large_image\" \/>\n<meta name=\"twitter:label1\" content=\"Cena\" \/>\n\t<meta name=\"twitter:data1\" content=\"\" \/>\n\t<meta name=\"twitter:label2\" content=\"Dost\u0119pno\u015b\u0107\" \/>\n\t<meta name=\"twitter:data2\" content=\"Dost\u0119pny\" \/>\n<script type=\"application\/ld+json\" class=\"yoast-schema-graph\">{\"@context\":\"https:\/\/schema.org\",\"@graph\":[{\"@type\":\"WebPage\",\"@id\":\"https:\/\/alegerglobal.com\/pl\/shop-pl\/gadzety\/getac-zx70-ex-tablet-z-ochrona-przeciwwybuchowa-strefa-2-atex-wyswietlacz-7-cali-android-9-ip67-mil-std-810h-kopie-kopie-kopie-kopie-kopie\/\",\"url\":\"https:\/\/alegerglobal.com\/pl\/shop-pl\/gadzety\/getac-zx70-ex-tablet-z-ochrona-przeciwwybuchowa-strefa-2-atex-wyswietlacz-7-cali-android-9-ip67-mil-std-810h-kopie-kopie-kopie-kopie-kopie\/\",\"name\":\"DJI Osmo Nano - ultralekka kamera sportowa 4K do noszenia na sobie\",\"isPartOf\":{\"@id\":\"https:\/\/alegerglobal.com\/pl\/#website\"},\"primaryImageOfPage\":{\"@id\":\"https:\/\/alegerglobal.com\/pl\/shop-pl\/gadzety\/getac-zx70-ex-tablet-z-ochrona-przeciwwybuchowa-strefa-2-atex-wyswietlacz-7-cali-android-9-ip67-mil-std-810h-kopie-kopie-kopie-kopie-kopie\/#primaryimage\"},\"image\":{\"@id\":\"https:\/\/alegerglobal.com\/pl\/shop-pl\/gadzety\/getac-zx70-ex-tablet-z-ochrona-przeciwwybuchowa-strefa-2-atex-wyswietlacz-7-cali-android-9-ip67-mil-std-810h-kopie-kopie-kopie-kopie-kopie\/#primaryimage\"},\"thumbnailUrl\":\"https:\/\/alegerglobal.com\/wp-content\/uploads\/2026\/02\/Produktbild-800x800-1.png\",\"datePublished\":\"2026-02-23T15:23:07+00:00\",\"dateModified\":\"2026-03-19T17:38:25+00:00\",\"description\":\"Magnetyczna kamera do noszenia 4K z ultraszerokim k\u0105tem 143\u00b0, stabilizacj\u0105 RockSteady, trybem SuperNight i wszechstronnymi opcjami monta\u017cu - idealna do film\u00f3w przygodowych i POV.\",\"breadcrumb\":{\"@id\":\"https:\/\/alegerglobal.com\/pl\/shop-pl\/gadzety\/getac-zx70-ex-tablet-z-ochrona-przeciwwybuchowa-strefa-2-atex-wyswietlacz-7-cali-android-9-ip67-mil-std-810h-kopie-kopie-kopie-kopie-kopie\/#breadcrumb\"},\"inLanguage\":\"pl-PL\",\"potentialAction\":[{\"@type\":\"ReadAction\",\"target\":[\"https:\/\/alegerglobal.com\/pl\/shop-pl\/gadzety\/getac-zx70-ex-tablet-z-ochrona-przeciwwybuchowa-strefa-2-atex-wyswietlacz-7-cali-android-9-ip67-mil-std-810h-kopie-kopie-kopie-kopie-kopie\/\"]}]},{\"@type\":\"ImageObject\",\"inLanguage\":\"pl-PL\",\"@id\":\"https:\/\/alegerglobal.com\/pl\/shop-pl\/gadzety\/getac-zx70-ex-tablet-z-ochrona-przeciwwybuchowa-strefa-2-atex-wyswietlacz-7-cali-android-9-ip67-mil-std-810h-kopie-kopie-kopie-kopie-kopie\/#primaryimage\",\"url\":\"https:\/\/alegerglobal.com\/wp-content\/uploads\/2026\/02\/Produktbild-800x800-1.png\",\"contentUrl\":\"https:\/\/alegerglobal.com\/wp-content\/uploads\/2026\/02\/Produktbild-800x800-1.png\",\"width\":800,\"height\":800,\"caption\":\"wearable-4k-kamera\"},{\"@type\":\"BreadcrumbList\",\"@id\":\"https:\/\/alegerglobal.com\/pl\/shop-pl\/gadzety\/getac-zx70-ex-tablet-z-ochrona-przeciwwybuchowa-strefa-2-atex-wyswietlacz-7-cali-android-9-ip67-mil-std-810h-kopie-kopie-kopie-kopie-kopie\/#breadcrumb\",\"itemListElement\":[{\"@type\":\"ListItem\",\"position\":1,\"name\":\"Home\",\"item\":\"https:\/\/alegerglobal.com\/pl\/nowosc-strona-glowna\/\"},{\"@type\":\"ListItem\",\"position\":2,\"name\":\"Produkty\",\"item\":\"https:\/\/alegerglobal.com\/pl\/produkty\/\"},{\"@type\":\"ListItem\",\"position\":3,\"name\":\"Osmo Nano &#8211; ultralekka kamera sportowa 4K do noszenia na sobie\"}]},{\"@type\":\"WebSite\",\"@id\":\"https:\/\/alegerglobal.com\/pl\/#website\",\"url\":\"https:\/\/alegerglobal.com\/pl\/\",\"name\":\"ALEGER \u22c6 Augmented Reality\",\"description\":\"Die besten Augmented Reality (AR) L\u00f6sungen der Welt.\",\"publisher\":{\"@id\":\"https:\/\/alegerglobal.com\/pl\/#organization\"},\"potentialAction\":[{\"@type\":\"SearchAction\",\"target\":{\"@type\":\"EntryPoint\",\"urlTemplate\":\"https:\/\/alegerglobal.com\/pl\/?s={search_term_string}\"},\"query-input\":{\"@type\":\"PropertyValueSpecification\",\"valueRequired\":true,\"valueName\":\"search_term_string\"}}],\"inLanguage\":\"pl-PL\"},{\"@type\":\"Organization\",\"@id\":\"https:\/\/alegerglobal.com\/pl\/#organization\",\"name\":\"ALEGER \u22c6 Augmented Reality\",\"url\":\"https:\/\/alegerglobal.com\/pl\/\",\"logo\":{\"@type\":\"ImageObject\",\"inLanguage\":\"pl-PL\",\"@id\":\"https:\/\/alegerglobal.com\/pl\/#\/schema\/logo\/image\/\",\"url\":\"https:\/\/alegerglobal.com\/wp-content\/uploads\/2020\/12\/aleger-logo-quadrat.jpg\",\"contentUrl\":\"https:\/\/alegerglobal.com\/wp-content\/uploads\/2020\/12\/aleger-logo-quadrat.jpg\",\"width\":200,\"height\":176,\"caption\":\"ALEGER \u22c6 Augmented Reality\"},\"image\":{\"@id\":\"https:\/\/alegerglobal.com\/pl\/#\/schema\/logo\/image\/\"}}]}<\/script>\n<meta property=\"product:brand\" content=\"Getac\" \/>\n<meta property=\"product:price:amount\" content=\"0.00\" \/>\n<meta property=\"product:price:currency\" content=\"EUR\" \/>\n<meta property=\"og:availability\" content=\"instock\" \/>\n<meta property=\"product:availability\" content=\"instock\" \/>\n<meta property=\"product:condition\" content=\"new\" \/>\n<!-- \/ Yoast SEO Premium plugin. -->","yoast_head_json":{"title":"DJI Osmo Nano - ultralekka kamera sportowa 4K do noszenia na sobie","description":"Magnetyczna kamera do noszenia 4K z ultraszerokim k\u0105tem 143\u00b0, stabilizacj\u0105 RockSteady, trybem SuperNight i wszechstronnymi opcjami monta\u017cu - idealna do film\u00f3w przygodowych i POV.","robots":{"index":"index","follow":"follow","max-snippet":"max-snippet:-1","max-image-preview":"max-image-preview:large","max-video-preview":"max-video-preview:-1"},"og_locale":"pl_PL","og_type":"article","og_title":"Osmo Nano - ultralekka kamera sportowa 4K do noszenia na sobie","og_description":"Magnetyczna kamera do noszenia 4K z ultraszerokim k\u0105tem 143\u00b0, stabilizacj\u0105 RockSteady, trybem SuperNight i wszechstronnymi opcjami monta\u017cu - idealna do film\u00f3w przygodowych i POV.","og_url":"https:\/\/alegerglobal.com\/pl\/shop-pl\/gadzety\/getac-zx70-ex-tablet-z-ochrona-przeciwwybuchowa-strefa-2-atex-wyswietlacz-7-cali-android-9-ip67-mil-std-810h-kopie-kopie-kopie-kopie-kopie\/","og_site_name":"ALEGER \u22c6 Augmented Reality","article_modified_time":"2026-03-19T17:38:25+00:00","og_image":[{"width":800,"height":800,"url":"https:\/\/alegerglobal.com\/wp-content\/uploads\/2026\/02\/Produktbild-800x800-1.png","type":"image\/png"}],"twitter_card":"summary_large_image","twitter_misc":{"Cena":"","Dost\u0119pno\u015b\u0107":"Dost\u0119pny"},"schema":{"@context":"https:\/\/schema.org","@graph":[{"@type":"WebPage","@id":"https:\/\/alegerglobal.com\/pl\/shop-pl\/gadzety\/getac-zx70-ex-tablet-z-ochrona-przeciwwybuchowa-strefa-2-atex-wyswietlacz-7-cali-android-9-ip67-mil-std-810h-kopie-kopie-kopie-kopie-kopie\/","url":"https:\/\/alegerglobal.com\/pl\/shop-pl\/gadzety\/getac-zx70-ex-tablet-z-ochrona-przeciwwybuchowa-strefa-2-atex-wyswietlacz-7-cali-android-9-ip67-mil-std-810h-kopie-kopie-kopie-kopie-kopie\/","name":"DJI Osmo Nano - ultralekka kamera sportowa 4K do noszenia na sobie","isPartOf":{"@id":"https:\/\/alegerglobal.com\/pl\/#website"},"primaryImageOfPage":{"@id":"https:\/\/alegerglobal.com\/pl\/shop-pl\/gadzety\/getac-zx70-ex-tablet-z-ochrona-przeciwwybuchowa-strefa-2-atex-wyswietlacz-7-cali-android-9-ip67-mil-std-810h-kopie-kopie-kopie-kopie-kopie\/#primaryimage"},"image":{"@id":"https:\/\/alegerglobal.com\/pl\/shop-pl\/gadzety\/getac-zx70-ex-tablet-z-ochrona-przeciwwybuchowa-strefa-2-atex-wyswietlacz-7-cali-android-9-ip67-mil-std-810h-kopie-kopie-kopie-kopie-kopie\/#primaryimage"},"thumbnailUrl":"https:\/\/alegerglobal.com\/wp-content\/uploads\/2026\/02\/Produktbild-800x800-1.png","datePublished":"2026-02-23T15:23:07+00:00","dateModified":"2026-03-19T17:38:25+00:00","description":"Magnetyczna kamera do noszenia 4K z ultraszerokim k\u0105tem 143\u00b0, stabilizacj\u0105 RockSteady, trybem SuperNight i wszechstronnymi opcjami monta\u017cu - idealna do film\u00f3w przygodowych i POV.","breadcrumb":{"@id":"https:\/\/alegerglobal.com\/pl\/shop-pl\/gadzety\/getac-zx70-ex-tablet-z-ochrona-przeciwwybuchowa-strefa-2-atex-wyswietlacz-7-cali-android-9-ip67-mil-std-810h-kopie-kopie-kopie-kopie-kopie\/#breadcrumb"},"inLanguage":"pl-PL","potentialAction":[{"@type":"ReadAction","target":["https:\/\/alegerglobal.com\/pl\/shop-pl\/gadzety\/getac-zx70-ex-tablet-z-ochrona-przeciwwybuchowa-strefa-2-atex-wyswietlacz-7-cali-android-9-ip67-mil-std-810h-kopie-kopie-kopie-kopie-kopie\/"]}]},{"@type":"ImageObject","inLanguage":"pl-PL","@id":"https:\/\/alegerglobal.com\/pl\/shop-pl\/gadzety\/getac-zx70-ex-tablet-z-ochrona-przeciwwybuchowa-strefa-2-atex-wyswietlacz-7-cali-android-9-ip67-mil-std-810h-kopie-kopie-kopie-kopie-kopie\/#primaryimage","url":"https:\/\/alegerglobal.com\/wp-content\/uploads\/2026\/02\/Produktbild-800x800-1.png","contentUrl":"https:\/\/alegerglobal.com\/wp-content\/uploads\/2026\/02\/Produktbild-800x800-1.png","width":800,"height":800,"caption":"wearable-4k-kamera"},{"@type":"BreadcrumbList","@id":"https:\/\/alegerglobal.com\/pl\/shop-pl\/gadzety\/getac-zx70-ex-tablet-z-ochrona-przeciwwybuchowa-strefa-2-atex-wyswietlacz-7-cali-android-9-ip67-mil-std-810h-kopie-kopie-kopie-kopie-kopie\/#breadcrumb","itemListElement":[{"@type":"ListItem","position":1,"name":"Home","item":"https:\/\/alegerglobal.com\/pl\/nowosc-strona-glowna\/"},{"@type":"ListItem","position":2,"name":"Produkty","item":"https:\/\/alegerglobal.com\/pl\/produkty\/"},{"@type":"ListItem","position":3,"name":"Osmo Nano &#8211; ultralekka kamera sportowa 4K do noszenia na sobie"}]},{"@type":"WebSite","@id":"https:\/\/alegerglobal.com\/pl\/#website","url":"https:\/\/alegerglobal.com\/pl\/","name":"ALEGER \u22c6 Augmented Reality","description":"Die besten Augmented Reality (AR) L\u00f6sungen der Welt.","publisher":{"@id":"https:\/\/alegerglobal.com\/pl\/#organization"},"potentialAction":[{"@type":"SearchAction","target":{"@type":"EntryPoint","urlTemplate":"https:\/\/alegerglobal.com\/pl\/?s={search_term_string}"},"query-input":{"@type":"PropertyValueSpecification","valueRequired":true,"valueName":"search_term_string"}}],"inLanguage":"pl-PL"},{"@type":"Organization","@id":"https:\/\/alegerglobal.com\/pl\/#organization","name":"ALEGER \u22c6 Augmented Reality","url":"https:\/\/alegerglobal.com\/pl\/","logo":{"@type":"ImageObject","inLanguage":"pl-PL","@id":"https:\/\/alegerglobal.com\/pl\/#\/schema\/logo\/image\/","url":"https:\/\/alegerglobal.com\/wp-content\/uploads\/2020\/12\/aleger-logo-quadrat.jpg","contentUrl":"https:\/\/alegerglobal.com\/wp-content\/uploads\/2020\/12\/aleger-logo-quadrat.jpg","width":200,"height":176,"caption":"ALEGER \u22c6 Augmented Reality"},"image":{"@id":"https:\/\/alegerglobal.com\/pl\/#\/schema\/logo\/image\/"}}]},"product_brand":"Getac","product_price_amount":"0.00","product_price_currency":"EUR","og_availability":"instock","product_availability":"instock","product_condition":"new"},"_links":{"self":[{"href":"https:\/\/alegerglobal.com\/pl\/wp-json\/wp\/v2\/product\/52688","targetHints":{"allow":["GET"]}}],"collection":[{"href":"https:\/\/alegerglobal.com\/pl\/wp-json\/wp\/v2\/product"}],"about":[{"href":"https:\/\/alegerglobal.com\/pl\/wp-json\/wp\/v2\/types\/product"}],"replies":[{"embeddable":true,"href":"https:\/\/alegerglobal.com\/pl\/wp-json\/wp\/v2\/comments?post=52688"}],"version-history":[{"count":3,"href":"https:\/\/alegerglobal.com\/pl\/wp-json\/wp\/v2\/product\/52688\/revisions"}],"predecessor-version":[{"id":53870,"href":"https:\/\/alegerglobal.com\/pl\/wp-json\/wp\/v2\/product\/52688\/revisions\/53870"}],"wp:featuredmedia":[{"embeddable":true,"href":"https:\/\/alegerglobal.com\/pl\/wp-json\/wp\/v2\/media\/52710"}],"wp:attachment":[{"href":"https:\/\/alegerglobal.com\/pl\/wp-json\/wp\/v2\/media?parent=52688"}],"wp:term":[{"taxonomy":"product_brand","embeddable":true,"href":"https:\/\/alegerglobal.com\/pl\/wp-json\/wp\/v2\/product_brand?post=52688"},{"taxonomy":"product_cat","embeddable":true,"href":"https:\/\/alegerglobal.com\/pl\/wp-json\/wp\/v2\/product_cat?post=52688"},{"taxonomy":"product_tag","embeddable":true,"href":"https:\/\/alegerglobal.com\/pl\/wp-json\/wp\/v2\/product_tag?post=52688"}],"curies":[{"name":"wp","href":"https:\/\/api.w.org\/{rel}","templated":true}]}}