{"id":52052,"date":"2026-02-06T09:52:50","date_gmt":"2026-02-06T08:52:52","guid":{"rendered":"https:\/\/alegerglobal.com\/?post_type=product&#038;p=52052"},"modified":"2026-03-19T18:38:06","modified_gmt":"2026-03-19T17:38:06","slug":"realwear-navigator-500-ip66-mil-std-810-4-gb-ram-64-gb-854x480px-bateria-2600-mah-android-11-kopie-kopie","status":"publish","type":"product","link":"https:\/\/alegerglobal.com\/pl\/shop-pl\/inteligentne-okulary\/realwear-navigator-500-ip66-mil-std-810-4-gb-ram-64-gb-854x480px-bateria-2600-mah-android-11-kopie-kopie\/","title":{"rendered":"ALEGER C5000d &#8211; wysokiej klasy inteligentne okulary AR z wy\u015bwietlaczem falowodowym i technologi\u0105 wielu czujnik\u00f3w"},"content":{"rendered":"","protected":false},"excerpt":{"rendered":"<h3 data-start=\"704\" data-end=\"787\">C5000D &#8211; Profesjonalne inteligentne okulary AR dla przemys\u0142u i zdalnej pomocy<\/h3>\n<p data-start=\"789\" data-end=\"1304\"><strong data-start=\"793\" data-end=\"811\">ALEGER C5000D<\/strong> to pot\u0119\u017cne gogle rzeczywisto\u015bci rozszerzonej przeznaczone do wymagaj\u0105cych zastosowa\u0144 przemys\u0142owych i serwisowych. \u0141\u0105czy w sobie <strong data-start=\"962\" data-end=\"988\">wy\u015bwietlacz OLED<\/strong> o wysokiej rozdzielczo\u015bci z <strong data-start=\"999\" data-end=\"1012\">kamer\u0105 HD<\/strong>, wieloma opcjami sterowania (g\u0142os, gesty, ruchy g\u0142owy) i solidn\u0105, wygodn\u0105 konstrukcj\u0105. Dzi\u0119ki temu C5000D idealnie nadaje si\u0119 do <strong data-start=\"1158\" data-end=\"1183\">zdalnego wsparcia ekspert\u00f3w<\/strong>, cyfrowych instrukcji pracy, konserwacji, inspekcji i szkole\u0144 wspieranych przez AR.<\/p>\n<p data-start=\"1306\" data-end=\"1812\">Okulary wy\u015bwietlaj\u0105 cyfrowe tre\u015bci bezpo\u015brednio w polu widzenia u\u017cytkownika, nie zas\u0142aniaj\u0105c widoku rzeczywistego \u015brodowiska, co jest szczeg\u00f3lnie wa\u017cne w przypadku zastosowa\u0144 bez u\u017cycia r\u0105k w produkcji, logistyce lub serwisie. Po\u0142\u0105czenie wizualizacji AR, stabilnego po\u0142\u0105czenia i wszechstronno\u015bci sterowania sprawia, \u017ce C5000D jest wszechstronnym narz\u0119dziem do zastosowa\u0144 Przemys\u0142u 4.0, w kt\u00f3rych informacje, dokumenty lub wiedza ekspercka musz\u0105 by\u0107 dost\u0119pne bezpo\u015brednio na miejscu.<\/p>\n","protected":false},"featured_media":52074,"comment_status":"open","ping_status":"closed","template":"","meta":{"_acf_changed":false},"product_brand":[],"product_cat":[1008,983],"product_tag":[],"class_list":{"0":"post-52052","1":"product","2":"type-product","3":"status-publish","4":"has-post-thumbnail","6":"product_cat-inteligentne-okulary","7":"product_cat-shop-pl","8":"pa_hersteller-realwear-pl","10":"first","11":"instock","12":"taxable","13":"shipping-taxable","14":"purchasable","15":"product-type-simple"},"acf":[],"yoast_head":"<!-- This site is optimized with the Yoast SEO Premium plugin v20.10 (Yoast SEO v24.3) - https:\/\/yoast.com\/wordpress\/plugins\/seo\/ -->\n<title>Inteligentne okulary AR ALEGER 5000D<\/title>\n<meta name=\"description\" content=\"Inteligentne okulary ALEGER 5000D AR z kamer\u0105 HD, sterowaniem g\u0142osem i gestami - idealne dla przemys\u0142u, zdalnego wsparcia, konserwacji i cyfrowych proces\u00f3w roboczych.\" \/>\n<meta name=\"robots\" content=\"index, follow, max-snippet:-1, max-image-preview:large, max-video-preview:-1\" \/>\n<meta property=\"og:locale\" content=\"pl_PL\" \/>\n<meta property=\"og:type\" content=\"article\" \/>\n<meta property=\"og:title\" content=\"ALEGER C5000d - wysokiej klasy inteligentne okulary AR z wy\u015bwietlaczem falowodowym i technologi\u0105 wielu czujnik\u00f3w\" \/>\n<meta property=\"og:description\" content=\"Inteligentne okulary ALEGER 5000D AR z kamer\u0105 HD, sterowaniem g\u0142osem i gestami - idealne dla przemys\u0142u, zdalnego wsparcia, konserwacji i cyfrowych proces\u00f3w roboczych.\" \/>\n<meta property=\"og:url\" content=\"https:\/\/alegerglobal.com\/pl\/shop-pl\/inteligentne-okulary\/realwear-navigator-500-ip66-mil-std-810-4-gb-ram-64-gb-854x480px-bateria-2600-mah-android-11-kopie-kopie\/\" \/>\n<meta property=\"og:site_name\" content=\"ALEGER \u22c6 Augmented Reality\" \/>\n<meta property=\"article:modified_time\" content=\"2026-03-19T17:38:06+00:00\" \/>\n<meta property=\"og:image\" content=\"https:\/\/alegerglobal.com\/wp-content\/uploads\/2026\/02\/ALEGER-C5000.png\" \/>\n\t<meta property=\"og:image:width\" content=\"800\" \/>\n\t<meta property=\"og:image:height\" content=\"800\" \/>\n\t<meta property=\"og:image:type\" content=\"image\/png\" \/>\n<meta name=\"twitter:card\" content=\"summary_large_image\" \/>\n<meta name=\"twitter:label1\" content=\"Cena\" \/>\n\t<meta name=\"twitter:data1\" content=\"&euro;2.233,31\" \/>\n\t<meta name=\"twitter:label2\" content=\"Dost\u0119pno\u015b\u0107\" \/>\n\t<meta name=\"twitter:data2\" content=\"Dost\u0119pny\" \/>\n<script type=\"application\/ld+json\" class=\"yoast-schema-graph\">{\"@context\":\"https:\/\/schema.org\",\"@graph\":[{\"@type\":\"WebPage\",\"@id\":\"https:\/\/alegerglobal.com\/pl\/shop-pl\/inteligentne-okulary\/realwear-navigator-500-ip66-mil-std-810-4-gb-ram-64-gb-854x480px-bateria-2600-mah-android-11-kopie-kopie\/\",\"url\":\"https:\/\/alegerglobal.com\/pl\/shop-pl\/inteligentne-okulary\/realwear-navigator-500-ip66-mil-std-810-4-gb-ram-64-gb-854x480px-bateria-2600-mah-android-11-kopie-kopie\/\",\"name\":\"Inteligentne okulary AR ALEGER 5000D\",\"isPartOf\":{\"@id\":\"https:\/\/alegerglobal.com\/pl\/#website\"},\"primaryImageOfPage\":{\"@id\":\"https:\/\/alegerglobal.com\/pl\/shop-pl\/inteligentne-okulary\/realwear-navigator-500-ip66-mil-std-810-4-gb-ram-64-gb-854x480px-bateria-2600-mah-android-11-kopie-kopie\/#primaryimage\"},\"image\":{\"@id\":\"https:\/\/alegerglobal.com\/pl\/shop-pl\/inteligentne-okulary\/realwear-navigator-500-ip66-mil-std-810-4-gb-ram-64-gb-854x480px-bateria-2600-mah-android-11-kopie-kopie\/#primaryimage\"},\"thumbnailUrl\":\"https:\/\/alegerglobal.com\/wp-content\/uploads\/2026\/02\/ALEGER-C5000.png\",\"datePublished\":\"2026-02-06T08:52:52+00:00\",\"dateModified\":\"2026-03-19T17:38:06+00:00\",\"description\":\"Inteligentne okulary ALEGER 5000D AR z kamer\u0105 HD, sterowaniem g\u0142osem i gestami - idealne dla przemys\u0142u, zdalnego wsparcia, konserwacji i cyfrowych proces\u00f3w roboczych.\",\"breadcrumb\":{\"@id\":\"https:\/\/alegerglobal.com\/pl\/shop-pl\/inteligentne-okulary\/realwear-navigator-500-ip66-mil-std-810-4-gb-ram-64-gb-854x480px-bateria-2600-mah-android-11-kopie-kopie\/#breadcrumb\"},\"inLanguage\":\"pl-PL\",\"potentialAction\":[{\"@type\":\"ReadAction\",\"target\":[\"https:\/\/alegerglobal.com\/pl\/shop-pl\/inteligentne-okulary\/realwear-navigator-500-ip66-mil-std-810-4-gb-ram-64-gb-854x480px-bateria-2600-mah-android-11-kopie-kopie\/\"]}]},{\"@type\":\"ImageObject\",\"inLanguage\":\"pl-PL\",\"@id\":\"https:\/\/alegerglobal.com\/pl\/shop-pl\/inteligentne-okulary\/realwear-navigator-500-ip66-mil-std-810-4-gb-ram-64-gb-854x480px-bateria-2600-mah-android-11-kopie-kopie\/#primaryimage\",\"url\":\"https:\/\/alegerglobal.com\/wp-content\/uploads\/2026\/02\/ALEGER-C5000.png\",\"contentUrl\":\"https:\/\/alegerglobal.com\/wp-content\/uploads\/2026\/02\/ALEGER-C5000.png\",\"width\":800,\"height\":800},{\"@type\":\"BreadcrumbList\",\"@id\":\"https:\/\/alegerglobal.com\/pl\/shop-pl\/inteligentne-okulary\/realwear-navigator-500-ip66-mil-std-810-4-gb-ram-64-gb-854x480px-bateria-2600-mah-android-11-kopie-kopie\/#breadcrumb\",\"itemListElement\":[{\"@type\":\"ListItem\",\"position\":1,\"name\":\"Home\",\"item\":\"https:\/\/alegerglobal.com\/pl\/nowosc-strona-glowna\/\"},{\"@type\":\"ListItem\",\"position\":2,\"name\":\"Produkty\",\"item\":\"https:\/\/alegerglobal.com\/pl\/produkty\/\"},{\"@type\":\"ListItem\",\"position\":3,\"name\":\"ALEGER C5000d &#8211; wysokiej klasy inteligentne okulary AR z wy\u015bwietlaczem falowodowym i technologi\u0105 wielu czujnik\u00f3w\"}]},{\"@type\":\"WebSite\",\"@id\":\"https:\/\/alegerglobal.com\/pl\/#website\",\"url\":\"https:\/\/alegerglobal.com\/pl\/\",\"name\":\"ALEGER \u22c6 Augmented Reality\",\"description\":\"Die besten Augmented Reality (AR) L\u00f6sungen der Welt.\",\"publisher\":{\"@id\":\"https:\/\/alegerglobal.com\/pl\/#organization\"},\"potentialAction\":[{\"@type\":\"SearchAction\",\"target\":{\"@type\":\"EntryPoint\",\"urlTemplate\":\"https:\/\/alegerglobal.com\/pl\/?s={search_term_string}\"},\"query-input\":{\"@type\":\"PropertyValueSpecification\",\"valueRequired\":true,\"valueName\":\"search_term_string\"}}],\"inLanguage\":\"pl-PL\"},{\"@type\":\"Organization\",\"@id\":\"https:\/\/alegerglobal.com\/pl\/#organization\",\"name\":\"ALEGER \u22c6 Augmented Reality\",\"url\":\"https:\/\/alegerglobal.com\/pl\/\",\"logo\":{\"@type\":\"ImageObject\",\"inLanguage\":\"pl-PL\",\"@id\":\"https:\/\/alegerglobal.com\/pl\/#\/schema\/logo\/image\/\",\"url\":\"https:\/\/alegerglobal.com\/wp-content\/uploads\/2020\/12\/aleger-logo-quadrat.jpg\",\"contentUrl\":\"https:\/\/alegerglobal.com\/wp-content\/uploads\/2020\/12\/aleger-logo-quadrat.jpg\",\"width\":200,\"height\":176,\"caption\":\"ALEGER \u22c6 Augmented Reality\"},\"image\":{\"@id\":\"https:\/\/alegerglobal.com\/pl\/#\/schema\/logo\/image\/\"}}]}<\/script>\n<meta property=\"product:brand\" content=\"RealWear\" \/>\n<meta property=\"product:price:amount\" content=\"2233.31\" \/>\n<meta property=\"product:price:currency\" content=\"EUR\" \/>\n<meta property=\"og:availability\" content=\"instock\" \/>\n<meta property=\"product:availability\" content=\"instock\" \/>\n<meta property=\"product:condition\" content=\"new\" \/>\n<!-- \/ Yoast SEO Premium plugin. -->","yoast_head_json":{"title":"Inteligentne okulary AR ALEGER 5000D","description":"Inteligentne okulary ALEGER 5000D AR z kamer\u0105 HD, sterowaniem g\u0142osem i gestami - idealne dla przemys\u0142u, zdalnego wsparcia, konserwacji i cyfrowych proces\u00f3w roboczych.","robots":{"index":"index","follow":"follow","max-snippet":"max-snippet:-1","max-image-preview":"max-image-preview:large","max-video-preview":"max-video-preview:-1"},"og_locale":"pl_PL","og_type":"article","og_title":"ALEGER C5000d - wysokiej klasy inteligentne okulary AR z wy\u015bwietlaczem falowodowym i technologi\u0105 wielu czujnik\u00f3w","og_description":"Inteligentne okulary ALEGER 5000D AR z kamer\u0105 HD, sterowaniem g\u0142osem i gestami - idealne dla przemys\u0142u, zdalnego wsparcia, konserwacji i cyfrowych proces\u00f3w roboczych.","og_url":"https:\/\/alegerglobal.com\/pl\/shop-pl\/inteligentne-okulary\/realwear-navigator-500-ip66-mil-std-810-4-gb-ram-64-gb-854x480px-bateria-2600-mah-android-11-kopie-kopie\/","og_site_name":"ALEGER \u22c6 Augmented Reality","article_modified_time":"2026-03-19T17:38:06+00:00","og_image":[{"width":800,"height":800,"url":"https:\/\/alegerglobal.com\/wp-content\/uploads\/2026\/02\/ALEGER-C5000.png","type":"image\/png"}],"twitter_card":"summary_large_image","twitter_misc":{"Cena":"&euro;2.233,31","Dost\u0119pno\u015b\u0107":"Dost\u0119pny"},"schema":{"@context":"https:\/\/schema.org","@graph":[{"@type":"WebPage","@id":"https:\/\/alegerglobal.com\/pl\/shop-pl\/inteligentne-okulary\/realwear-navigator-500-ip66-mil-std-810-4-gb-ram-64-gb-854x480px-bateria-2600-mah-android-11-kopie-kopie\/","url":"https:\/\/alegerglobal.com\/pl\/shop-pl\/inteligentne-okulary\/realwear-navigator-500-ip66-mil-std-810-4-gb-ram-64-gb-854x480px-bateria-2600-mah-android-11-kopie-kopie\/","name":"Inteligentne okulary AR ALEGER 5000D","isPartOf":{"@id":"https:\/\/alegerglobal.com\/pl\/#website"},"primaryImageOfPage":{"@id":"https:\/\/alegerglobal.com\/pl\/shop-pl\/inteligentne-okulary\/realwear-navigator-500-ip66-mil-std-810-4-gb-ram-64-gb-854x480px-bateria-2600-mah-android-11-kopie-kopie\/#primaryimage"},"image":{"@id":"https:\/\/alegerglobal.com\/pl\/shop-pl\/inteligentne-okulary\/realwear-navigator-500-ip66-mil-std-810-4-gb-ram-64-gb-854x480px-bateria-2600-mah-android-11-kopie-kopie\/#primaryimage"},"thumbnailUrl":"https:\/\/alegerglobal.com\/wp-content\/uploads\/2026\/02\/ALEGER-C5000.png","datePublished":"2026-02-06T08:52:52+00:00","dateModified":"2026-03-19T17:38:06+00:00","description":"Inteligentne okulary ALEGER 5000D AR z kamer\u0105 HD, sterowaniem g\u0142osem i gestami - idealne dla przemys\u0142u, zdalnego wsparcia, konserwacji i cyfrowych proces\u00f3w roboczych.","breadcrumb":{"@id":"https:\/\/alegerglobal.com\/pl\/shop-pl\/inteligentne-okulary\/realwear-navigator-500-ip66-mil-std-810-4-gb-ram-64-gb-854x480px-bateria-2600-mah-android-11-kopie-kopie\/#breadcrumb"},"inLanguage":"pl-PL","potentialAction":[{"@type":"ReadAction","target":["https:\/\/alegerglobal.com\/pl\/shop-pl\/inteligentne-okulary\/realwear-navigator-500-ip66-mil-std-810-4-gb-ram-64-gb-854x480px-bateria-2600-mah-android-11-kopie-kopie\/"]}]},{"@type":"ImageObject","inLanguage":"pl-PL","@id":"https:\/\/alegerglobal.com\/pl\/shop-pl\/inteligentne-okulary\/realwear-navigator-500-ip66-mil-std-810-4-gb-ram-64-gb-854x480px-bateria-2600-mah-android-11-kopie-kopie\/#primaryimage","url":"https:\/\/alegerglobal.com\/wp-content\/uploads\/2026\/02\/ALEGER-C5000.png","contentUrl":"https:\/\/alegerglobal.com\/wp-content\/uploads\/2026\/02\/ALEGER-C5000.png","width":800,"height":800},{"@type":"BreadcrumbList","@id":"https:\/\/alegerglobal.com\/pl\/shop-pl\/inteligentne-okulary\/realwear-navigator-500-ip66-mil-std-810-4-gb-ram-64-gb-854x480px-bateria-2600-mah-android-11-kopie-kopie\/#breadcrumb","itemListElement":[{"@type":"ListItem","position":1,"name":"Home","item":"https:\/\/alegerglobal.com\/pl\/nowosc-strona-glowna\/"},{"@type":"ListItem","position":2,"name":"Produkty","item":"https:\/\/alegerglobal.com\/pl\/produkty\/"},{"@type":"ListItem","position":3,"name":"ALEGER C5000d &#8211; wysokiej klasy inteligentne okulary AR z wy\u015bwietlaczem falowodowym i technologi\u0105 wielu czujnik\u00f3w"}]},{"@type":"WebSite","@id":"https:\/\/alegerglobal.com\/pl\/#website","url":"https:\/\/alegerglobal.com\/pl\/","name":"ALEGER \u22c6 Augmented Reality","description":"Die besten Augmented Reality (AR) L\u00f6sungen der Welt.","publisher":{"@id":"https:\/\/alegerglobal.com\/pl\/#organization"},"potentialAction":[{"@type":"SearchAction","target":{"@type":"EntryPoint","urlTemplate":"https:\/\/alegerglobal.com\/pl\/?s={search_term_string}"},"query-input":{"@type":"PropertyValueSpecification","valueRequired":true,"valueName":"search_term_string"}}],"inLanguage":"pl-PL"},{"@type":"Organization","@id":"https:\/\/alegerglobal.com\/pl\/#organization","name":"ALEGER \u22c6 Augmented Reality","url":"https:\/\/alegerglobal.com\/pl\/","logo":{"@type":"ImageObject","inLanguage":"pl-PL","@id":"https:\/\/alegerglobal.com\/pl\/#\/schema\/logo\/image\/","url":"https:\/\/alegerglobal.com\/wp-content\/uploads\/2020\/12\/aleger-logo-quadrat.jpg","contentUrl":"https:\/\/alegerglobal.com\/wp-content\/uploads\/2020\/12\/aleger-logo-quadrat.jpg","width":200,"height":176,"caption":"ALEGER \u22c6 Augmented Reality"},"image":{"@id":"https:\/\/alegerglobal.com\/pl\/#\/schema\/logo\/image\/"}}]},"product_brand":"RealWear","product_price_amount":"2233.31","product_price_currency":"EUR","og_availability":"instock","product_availability":"instock","product_condition":"new"},"_links":{"self":[{"href":"https:\/\/alegerglobal.com\/pl\/wp-json\/wp\/v2\/product\/52052","targetHints":{"allow":["GET"]}}],"collection":[{"href":"https:\/\/alegerglobal.com\/pl\/wp-json\/wp\/v2\/product"}],"about":[{"href":"https:\/\/alegerglobal.com\/pl\/wp-json\/wp\/v2\/types\/product"}],"replies":[{"embeddable":true,"href":"https:\/\/alegerglobal.com\/pl\/wp-json\/wp\/v2\/comments?post=52052"}],"version-history":[{"count":3,"href":"https:\/\/alegerglobal.com\/pl\/wp-json\/wp\/v2\/product\/52052\/revisions"}],"predecessor-version":[{"id":53867,"href":"https:\/\/alegerglobal.com\/pl\/wp-json\/wp\/v2\/product\/52052\/revisions\/53867"}],"wp:featuredmedia":[{"embeddable":true,"href":"https:\/\/alegerglobal.com\/pl\/wp-json\/wp\/v2\/media\/52074"}],"wp:attachment":[{"href":"https:\/\/alegerglobal.com\/pl\/wp-json\/wp\/v2\/media?parent=52052"}],"wp:term":[{"taxonomy":"product_brand","embeddable":true,"href":"https:\/\/alegerglobal.com\/pl\/wp-json\/wp\/v2\/product_brand?post=52052"},{"taxonomy":"product_cat","embeddable":true,"href":"https:\/\/alegerglobal.com\/pl\/wp-json\/wp\/v2\/product_cat?post=52052"},{"taxonomy":"product_tag","embeddable":true,"href":"https:\/\/alegerglobal.com\/pl\/wp-json\/wp\/v2\/product_tag?post=52052"}],"curies":[{"name":"wp","href":"https:\/\/api.w.org\/{rel}","templated":true}]}}