{"id":51806,"date":"2025-11-02T15:21:23","date_gmt":"2025-11-02T14:21:25","guid":{"rendered":"https:\/\/alegerglobal.com\/?post_type=product&#038;p=51806"},"modified":"2026-03-19T18:38:09","modified_gmt":"2026-03-19T17:38:09","slug":"getac-zx70-ex-tablet-z-ochrona-przeciwwybuchowa-strefa-2-atex-wyswietlacz-7-cali-android-9-ip67-mil-std-810h-kopie-kopie-kopie-kopie-kopie-kopie-kopie","status":"publish","type":"product","link":"https:\/\/alegerglobal.com\/pl\/shop-pl\/gadzety\/getac-zx70-ex-tablet-z-ochrona-przeciwwybuchowa-strefa-2-atex-wyswietlacz-7-cali-android-9-ip67-mil-std-810h-kopie-kopie-kopie-kopie-kopie-kopie-kopie\/","title":{"rendered":"Zobacz, znajd\u017a, z\u0142ap &#8211; Inspectron Grabber \u0142\u0105czy kamer\u0119 i narz\u0119dzie w jednym urz\u0105dzeniu"},"content":{"rendered":"","protected":false},"excerpt":{"rendered":"<p data-start=\"524\" data-end=\"995\">Chwytak Inspectron to innowacyjne narz\u0119dzie, kt\u00f3re \u0142\u0105czy inspekcj\u0119 wizualn\u0105 z funkcj\u0105 bezpo\u015bredniego pobierania. W ograniczonych, trudno dost\u0119pnych obszarach &#8211; takich jak silniki, ruroci\u0105gi lub rozdzielnie &#8211; urz\u0105dzenie to nie tylko umo\u017cliwia lokalizacj\u0119 komponent\u00f3w lub obiekt\u00f3w, ale tak\u017ce ich ukierunkowane usuwanie za pomoc\u0105 chwytaka na ko\u0144cu sondy. Eliminuje to czasoch\u0142onny demonta\u017c i strat\u0119 czasu podczas prac serwisowych i konserwacyjnych.<\/p>\n<p data-start=\"997\" data-end=\"1425\">Dzi\u0119ki sondzie kamery o grubo\u015bci 18,5 mm (1 m d\u0142ugo\u015bci), kolorowemu wy\u015bwietlaczowi LCD 2,7\u2033, rozdzielczo\u015bci obrazu 640\u00d7480, polu widzenia 80\u00b0, zoomowi cyfrowemu i sze\u015bciostopniowemu o\u015bwietleniu LED, chwytak zapewnia wyra\u017ane dane obrazu. Gdy tylko cel zostanie rozpoznany, gest wyzwalaj\u0105cy na uchwycie wysuwa &#8222;z\u0119by&#8221; chwytaj\u0105ce i umo\u017cliwia uchwycenie obiektu. Dzi\u0119ki temu urz\u0105dzenie upraszcza procesy inspekcji, diagnostyki i odzyskiwania bezpo\u015brednio na miejscu.<\/p>\n","protected":false},"featured_media":51824,"comment_status":"open","ping_status":"closed","template":"","meta":{"_acf_changed":false},"product_brand":[],"product_cat":[986,983],"product_tag":[],"class_list":{"0":"post-51806","1":"product","2":"type-product","3":"status-publish","4":"has-post-thumbnail","6":"product_cat-gadzety","7":"product_cat-shop-pl","8":"pa_hersteller-getac-pl","10":"first","11":"instock","12":"taxable","13":"shipping-taxable","14":"purchasable","15":"product-type-simple"},"acf":[],"yoast_head":"<!-- This site is optimized with the Yoast SEO Premium plugin v20.10 (Yoast SEO v24.3) - https:\/\/yoast.com\/wordpress\/plugins\/seo\/ -->\n<title>Inspectron Grabber - narz\u0119dzie chwytaj\u0105ce do inspekcji i odzyskiwania danych<\/title>\n<meta name=\"description\" content=\"Chwytak Inspectron \u0142\u0105czy w sobie wideoskop i mechanizm chwytaj\u0105cy i umo\u017cliwia wyszukiwanie i pobieranie komponent\u00f3w w oparciu o inspekcj\u0119 - idealne rozwi\u0105zanie dla technologii, konserwacji i napraw.\" \/>\n<meta name=\"robots\" content=\"index, follow, max-snippet:-1, max-image-preview:large, max-video-preview:-1\" \/>\n<meta property=\"og:locale\" content=\"pl_PL\" \/>\n<meta property=\"og:type\" content=\"article\" \/>\n<meta property=\"og:title\" content=\"Zobacz, znajd\u017a, z\u0142ap - Inspectron Grabber \u0142\u0105czy kamer\u0119 i narz\u0119dzie w jednym urz\u0105dzeniu\" \/>\n<meta property=\"og:description\" content=\"Chwytak Inspectron \u0142\u0105czy w sobie wideoskop i mechanizm chwytaj\u0105cy i umo\u017cliwia wyszukiwanie i pobieranie komponent\u00f3w w oparciu o inspekcj\u0119 - idealne rozwi\u0105zanie dla technologii, konserwacji i napraw.\" \/>\n<meta property=\"og:url\" content=\"https:\/\/alegerglobal.com\/pl\/shop-pl\/gadzety\/getac-zx70-ex-tablet-z-ochrona-przeciwwybuchowa-strefa-2-atex-wyswietlacz-7-cali-android-9-ip67-mil-std-810h-kopie-kopie-kopie-kopie-kopie-kopie-kopie\/\" \/>\n<meta property=\"og:site_name\" content=\"ALEGER \u22c6 Augmented Reality\" \/>\n<meta property=\"article:modified_time\" content=\"2026-03-19T17:38:09+00:00\" \/>\n<meta property=\"og:image\" content=\"https:\/\/alegerglobal.com\/wp-content\/uploads\/2025\/11\/inpectron-grabber.png\" \/>\n\t<meta property=\"og:image:width\" content=\"800\" \/>\n\t<meta property=\"og:image:height\" content=\"800\" \/>\n\t<meta property=\"og:image:type\" content=\"image\/png\" \/>\n<meta name=\"twitter:card\" content=\"summary_large_image\" \/>\n<meta name=\"twitter:label1\" content=\"Cena\" \/>\n\t<meta name=\"twitter:data1\" content=\"&euro;2.168,99\" \/>\n\t<meta name=\"twitter:label2\" content=\"Dost\u0119pno\u015b\u0107\" \/>\n\t<meta name=\"twitter:data2\" content=\"Dost\u0119pny\" \/>\n<script type=\"application\/ld+json\" class=\"yoast-schema-graph\">{\"@context\":\"https:\/\/schema.org\",\"@graph\":[{\"@type\":\"WebPage\",\"@id\":\"https:\/\/alegerglobal.com\/pl\/shop-pl\/gadzety\/getac-zx70-ex-tablet-z-ochrona-przeciwwybuchowa-strefa-2-atex-wyswietlacz-7-cali-android-9-ip67-mil-std-810h-kopie-kopie-kopie-kopie-kopie-kopie-kopie\/\",\"url\":\"https:\/\/alegerglobal.com\/pl\/shop-pl\/gadzety\/getac-zx70-ex-tablet-z-ochrona-przeciwwybuchowa-strefa-2-atex-wyswietlacz-7-cali-android-9-ip67-mil-std-810h-kopie-kopie-kopie-kopie-kopie-kopie-kopie\/\",\"name\":\"Inspectron Grabber - narz\u0119dzie chwytaj\u0105ce do inspekcji i odzyskiwania danych\",\"isPartOf\":{\"@id\":\"https:\/\/alegerglobal.com\/pl\/#website\"},\"primaryImageOfPage\":{\"@id\":\"https:\/\/alegerglobal.com\/pl\/shop-pl\/gadzety\/getac-zx70-ex-tablet-z-ochrona-przeciwwybuchowa-strefa-2-atex-wyswietlacz-7-cali-android-9-ip67-mil-std-810h-kopie-kopie-kopie-kopie-kopie-kopie-kopie\/#primaryimage\"},\"image\":{\"@id\":\"https:\/\/alegerglobal.com\/pl\/shop-pl\/gadzety\/getac-zx70-ex-tablet-z-ochrona-przeciwwybuchowa-strefa-2-atex-wyswietlacz-7-cali-android-9-ip67-mil-std-810h-kopie-kopie-kopie-kopie-kopie-kopie-kopie\/#primaryimage\"},\"thumbnailUrl\":\"https:\/\/alegerglobal.com\/wp-content\/uploads\/2025\/11\/inpectron-grabber.png\",\"datePublished\":\"2025-11-02T14:21:25+00:00\",\"dateModified\":\"2026-03-19T17:38:09+00:00\",\"description\":\"Chwytak Inspectron \u0142\u0105czy w sobie wideoskop i mechanizm chwytaj\u0105cy i umo\u017cliwia wyszukiwanie i pobieranie komponent\u00f3w w oparciu o inspekcj\u0119 - idealne rozwi\u0105zanie dla technologii, konserwacji i napraw.\",\"breadcrumb\":{\"@id\":\"https:\/\/alegerglobal.com\/pl\/shop-pl\/gadzety\/getac-zx70-ex-tablet-z-ochrona-przeciwwybuchowa-strefa-2-atex-wyswietlacz-7-cali-android-9-ip67-mil-std-810h-kopie-kopie-kopie-kopie-kopie-kopie-kopie\/#breadcrumb\"},\"inLanguage\":\"pl-PL\",\"potentialAction\":[{\"@type\":\"ReadAction\",\"target\":[\"https:\/\/alegerglobal.com\/pl\/shop-pl\/gadzety\/getac-zx70-ex-tablet-z-ochrona-przeciwwybuchowa-strefa-2-atex-wyswietlacz-7-cali-android-9-ip67-mil-std-810h-kopie-kopie-kopie-kopie-kopie-kopie-kopie\/\"]}]},{\"@type\":\"ImageObject\",\"inLanguage\":\"pl-PL\",\"@id\":\"https:\/\/alegerglobal.com\/pl\/shop-pl\/gadzety\/getac-zx70-ex-tablet-z-ochrona-przeciwwybuchowa-strefa-2-atex-wyswietlacz-7-cali-android-9-ip67-mil-std-810h-kopie-kopie-kopie-kopie-kopie-kopie-kopie\/#primaryimage\",\"url\":\"https:\/\/alegerglobal.com\/wp-content\/uploads\/2025\/11\/inpectron-grabber.png\",\"contentUrl\":\"https:\/\/alegerglobal.com\/wp-content\/uploads\/2025\/11\/inpectron-grabber.png\",\"width\":800,\"height\":800},{\"@type\":\"BreadcrumbList\",\"@id\":\"https:\/\/alegerglobal.com\/pl\/shop-pl\/gadzety\/getac-zx70-ex-tablet-z-ochrona-przeciwwybuchowa-strefa-2-atex-wyswietlacz-7-cali-android-9-ip67-mil-std-810h-kopie-kopie-kopie-kopie-kopie-kopie-kopie\/#breadcrumb\",\"itemListElement\":[{\"@type\":\"ListItem\",\"position\":1,\"name\":\"Home\",\"item\":\"https:\/\/alegerglobal.com\/pl\/nowosc-strona-glowna\/\"},{\"@type\":\"ListItem\",\"position\":2,\"name\":\"Produkty\",\"item\":\"https:\/\/alegerglobal.com\/pl\/produkty\/\"},{\"@type\":\"ListItem\",\"position\":3,\"name\":\"Zobacz, znajd\u017a, z\u0142ap &#8211; Inspectron Grabber \u0142\u0105czy kamer\u0119 i narz\u0119dzie w jednym urz\u0105dzeniu\"}]},{\"@type\":\"WebSite\",\"@id\":\"https:\/\/alegerglobal.com\/pl\/#website\",\"url\":\"https:\/\/alegerglobal.com\/pl\/\",\"name\":\"ALEGER \u22c6 Augmented Reality\",\"description\":\"Die besten Augmented Reality (AR) L\u00f6sungen der Welt.\",\"publisher\":{\"@id\":\"https:\/\/alegerglobal.com\/pl\/#organization\"},\"potentialAction\":[{\"@type\":\"SearchAction\",\"target\":{\"@type\":\"EntryPoint\",\"urlTemplate\":\"https:\/\/alegerglobal.com\/pl\/?s={search_term_string}\"},\"query-input\":{\"@type\":\"PropertyValueSpecification\",\"valueRequired\":true,\"valueName\":\"search_term_string\"}}],\"inLanguage\":\"pl-PL\"},{\"@type\":\"Organization\",\"@id\":\"https:\/\/alegerglobal.com\/pl\/#organization\",\"name\":\"ALEGER \u22c6 Augmented Reality\",\"url\":\"https:\/\/alegerglobal.com\/pl\/\",\"logo\":{\"@type\":\"ImageObject\",\"inLanguage\":\"pl-PL\",\"@id\":\"https:\/\/alegerglobal.com\/pl\/#\/schema\/logo\/image\/\",\"url\":\"https:\/\/alegerglobal.com\/wp-content\/uploads\/2020\/12\/aleger-logo-quadrat.jpg\",\"contentUrl\":\"https:\/\/alegerglobal.com\/wp-content\/uploads\/2020\/12\/aleger-logo-quadrat.jpg\",\"width\":200,\"height\":176,\"caption\":\"ALEGER \u22c6 Augmented Reality\"},\"image\":{\"@id\":\"https:\/\/alegerglobal.com\/pl\/#\/schema\/logo\/image\/\"}}]}<\/script>\n<meta property=\"product:brand\" content=\"Getac\" \/>\n<meta property=\"product:price:amount\" content=\"2168.99\" \/>\n<meta property=\"product:price:currency\" content=\"EUR\" \/>\n<meta property=\"og:availability\" content=\"instock\" \/>\n<meta property=\"product:availability\" content=\"instock\" \/>\n<meta property=\"product:condition\" content=\"new\" \/>\n<!-- \/ Yoast SEO Premium plugin. -->","yoast_head_json":{"title":"Inspectron Grabber - narz\u0119dzie chwytaj\u0105ce do inspekcji i odzyskiwania danych","description":"Chwytak Inspectron \u0142\u0105czy w sobie wideoskop i mechanizm chwytaj\u0105cy i umo\u017cliwia wyszukiwanie i pobieranie komponent\u00f3w w oparciu o inspekcj\u0119 - idealne rozwi\u0105zanie dla technologii, konserwacji i napraw.","robots":{"index":"index","follow":"follow","max-snippet":"max-snippet:-1","max-image-preview":"max-image-preview:large","max-video-preview":"max-video-preview:-1"},"og_locale":"pl_PL","og_type":"article","og_title":"Zobacz, znajd\u017a, z\u0142ap - Inspectron Grabber \u0142\u0105czy kamer\u0119 i narz\u0119dzie w jednym urz\u0105dzeniu","og_description":"Chwytak Inspectron \u0142\u0105czy w sobie wideoskop i mechanizm chwytaj\u0105cy i umo\u017cliwia wyszukiwanie i pobieranie komponent\u00f3w w oparciu o inspekcj\u0119 - idealne rozwi\u0105zanie dla technologii, konserwacji i napraw.","og_url":"https:\/\/alegerglobal.com\/pl\/shop-pl\/gadzety\/getac-zx70-ex-tablet-z-ochrona-przeciwwybuchowa-strefa-2-atex-wyswietlacz-7-cali-android-9-ip67-mil-std-810h-kopie-kopie-kopie-kopie-kopie-kopie-kopie\/","og_site_name":"ALEGER \u22c6 Augmented Reality","article_modified_time":"2026-03-19T17:38:09+00:00","og_image":[{"width":800,"height":800,"url":"https:\/\/alegerglobal.com\/wp-content\/uploads\/2025\/11\/inpectron-grabber.png","type":"image\/png"}],"twitter_card":"summary_large_image","twitter_misc":{"Cena":"&euro;2.168,99","Dost\u0119pno\u015b\u0107":"Dost\u0119pny"},"schema":{"@context":"https:\/\/schema.org","@graph":[{"@type":"WebPage","@id":"https:\/\/alegerglobal.com\/pl\/shop-pl\/gadzety\/getac-zx70-ex-tablet-z-ochrona-przeciwwybuchowa-strefa-2-atex-wyswietlacz-7-cali-android-9-ip67-mil-std-810h-kopie-kopie-kopie-kopie-kopie-kopie-kopie\/","url":"https:\/\/alegerglobal.com\/pl\/shop-pl\/gadzety\/getac-zx70-ex-tablet-z-ochrona-przeciwwybuchowa-strefa-2-atex-wyswietlacz-7-cali-android-9-ip67-mil-std-810h-kopie-kopie-kopie-kopie-kopie-kopie-kopie\/","name":"Inspectron Grabber - narz\u0119dzie chwytaj\u0105ce do inspekcji i odzyskiwania danych","isPartOf":{"@id":"https:\/\/alegerglobal.com\/pl\/#website"},"primaryImageOfPage":{"@id":"https:\/\/alegerglobal.com\/pl\/shop-pl\/gadzety\/getac-zx70-ex-tablet-z-ochrona-przeciwwybuchowa-strefa-2-atex-wyswietlacz-7-cali-android-9-ip67-mil-std-810h-kopie-kopie-kopie-kopie-kopie-kopie-kopie\/#primaryimage"},"image":{"@id":"https:\/\/alegerglobal.com\/pl\/shop-pl\/gadzety\/getac-zx70-ex-tablet-z-ochrona-przeciwwybuchowa-strefa-2-atex-wyswietlacz-7-cali-android-9-ip67-mil-std-810h-kopie-kopie-kopie-kopie-kopie-kopie-kopie\/#primaryimage"},"thumbnailUrl":"https:\/\/alegerglobal.com\/wp-content\/uploads\/2025\/11\/inpectron-grabber.png","datePublished":"2025-11-02T14:21:25+00:00","dateModified":"2026-03-19T17:38:09+00:00","description":"Chwytak Inspectron \u0142\u0105czy w sobie wideoskop i mechanizm chwytaj\u0105cy i umo\u017cliwia wyszukiwanie i pobieranie komponent\u00f3w w oparciu o inspekcj\u0119 - idealne rozwi\u0105zanie dla technologii, konserwacji i napraw.","breadcrumb":{"@id":"https:\/\/alegerglobal.com\/pl\/shop-pl\/gadzety\/getac-zx70-ex-tablet-z-ochrona-przeciwwybuchowa-strefa-2-atex-wyswietlacz-7-cali-android-9-ip67-mil-std-810h-kopie-kopie-kopie-kopie-kopie-kopie-kopie\/#breadcrumb"},"inLanguage":"pl-PL","potentialAction":[{"@type":"ReadAction","target":["https:\/\/alegerglobal.com\/pl\/shop-pl\/gadzety\/getac-zx70-ex-tablet-z-ochrona-przeciwwybuchowa-strefa-2-atex-wyswietlacz-7-cali-android-9-ip67-mil-std-810h-kopie-kopie-kopie-kopie-kopie-kopie-kopie\/"]}]},{"@type":"ImageObject","inLanguage":"pl-PL","@id":"https:\/\/alegerglobal.com\/pl\/shop-pl\/gadzety\/getac-zx70-ex-tablet-z-ochrona-przeciwwybuchowa-strefa-2-atex-wyswietlacz-7-cali-android-9-ip67-mil-std-810h-kopie-kopie-kopie-kopie-kopie-kopie-kopie\/#primaryimage","url":"https:\/\/alegerglobal.com\/wp-content\/uploads\/2025\/11\/inpectron-grabber.png","contentUrl":"https:\/\/alegerglobal.com\/wp-content\/uploads\/2025\/11\/inpectron-grabber.png","width":800,"height":800},{"@type":"BreadcrumbList","@id":"https:\/\/alegerglobal.com\/pl\/shop-pl\/gadzety\/getac-zx70-ex-tablet-z-ochrona-przeciwwybuchowa-strefa-2-atex-wyswietlacz-7-cali-android-9-ip67-mil-std-810h-kopie-kopie-kopie-kopie-kopie-kopie-kopie\/#breadcrumb","itemListElement":[{"@type":"ListItem","position":1,"name":"Home","item":"https:\/\/alegerglobal.com\/pl\/nowosc-strona-glowna\/"},{"@type":"ListItem","position":2,"name":"Produkty","item":"https:\/\/alegerglobal.com\/pl\/produkty\/"},{"@type":"ListItem","position":3,"name":"Zobacz, znajd\u017a, z\u0142ap &#8211; Inspectron Grabber \u0142\u0105czy kamer\u0119 i narz\u0119dzie w jednym urz\u0105dzeniu"}]},{"@type":"WebSite","@id":"https:\/\/alegerglobal.com\/pl\/#website","url":"https:\/\/alegerglobal.com\/pl\/","name":"ALEGER \u22c6 Augmented Reality","description":"Die besten Augmented Reality (AR) L\u00f6sungen der Welt.","publisher":{"@id":"https:\/\/alegerglobal.com\/pl\/#organization"},"potentialAction":[{"@type":"SearchAction","target":{"@type":"EntryPoint","urlTemplate":"https:\/\/alegerglobal.com\/pl\/?s={search_term_string}"},"query-input":{"@type":"PropertyValueSpecification","valueRequired":true,"valueName":"search_term_string"}}],"inLanguage":"pl-PL"},{"@type":"Organization","@id":"https:\/\/alegerglobal.com\/pl\/#organization","name":"ALEGER \u22c6 Augmented Reality","url":"https:\/\/alegerglobal.com\/pl\/","logo":{"@type":"ImageObject","inLanguage":"pl-PL","@id":"https:\/\/alegerglobal.com\/pl\/#\/schema\/logo\/image\/","url":"https:\/\/alegerglobal.com\/wp-content\/uploads\/2020\/12\/aleger-logo-quadrat.jpg","contentUrl":"https:\/\/alegerglobal.com\/wp-content\/uploads\/2020\/12\/aleger-logo-quadrat.jpg","width":200,"height":176,"caption":"ALEGER \u22c6 Augmented Reality"},"image":{"@id":"https:\/\/alegerglobal.com\/pl\/#\/schema\/logo\/image\/"}}]},"product_brand":"Getac","product_price_amount":"2168.99","product_price_currency":"EUR","og_availability":"instock","product_availability":"instock","product_condition":"new"},"_links":{"self":[{"href":"https:\/\/alegerglobal.com\/pl\/wp-json\/wp\/v2\/product\/51806","targetHints":{"allow":["GET"]}}],"collection":[{"href":"https:\/\/alegerglobal.com\/pl\/wp-json\/wp\/v2\/product"}],"about":[{"href":"https:\/\/alegerglobal.com\/pl\/wp-json\/wp\/v2\/types\/product"}],"replies":[{"embeddable":true,"href":"https:\/\/alegerglobal.com\/pl\/wp-json\/wp\/v2\/comments?post=51806"}],"version-history":[{"count":3,"href":"https:\/\/alegerglobal.com\/pl\/wp-json\/wp\/v2\/product\/51806\/revisions"}],"predecessor-version":[{"id":53868,"href":"https:\/\/alegerglobal.com\/pl\/wp-json\/wp\/v2\/product\/51806\/revisions\/53868"}],"wp:featuredmedia":[{"embeddable":true,"href":"https:\/\/alegerglobal.com\/pl\/wp-json\/wp\/v2\/media\/51824"}],"wp:attachment":[{"href":"https:\/\/alegerglobal.com\/pl\/wp-json\/wp\/v2\/media?parent=51806"}],"wp:term":[{"taxonomy":"product_brand","embeddable":true,"href":"https:\/\/alegerglobal.com\/pl\/wp-json\/wp\/v2\/product_brand?post=51806"},{"taxonomy":"product_cat","embeddable":true,"href":"https:\/\/alegerglobal.com\/pl\/wp-json\/wp\/v2\/product_cat?post=51806"},{"taxonomy":"product_tag","embeddable":true,"href":"https:\/\/alegerglobal.com\/pl\/wp-json\/wp\/v2\/product_tag?post=51806"}],"curies":[{"name":"wp","href":"https:\/\/api.w.org\/{rel}","templated":true}]}}