{"id":51764,"date":"2025-11-02T15:12:26","date_gmt":"2025-11-02T14:12:28","guid":{"rendered":"https:\/\/alegerglobal.com\/?post_type=product&#038;p=51764"},"modified":"2026-03-19T18:38:18","modified_gmt":"2026-03-19T17:38:18","slug":"getac-zx70-ex-tablet-z-ochrona-przeciwwybuchowa-strefa-2-atex-wyswietlacz-7-cali-android-9-ip67-mil-std-810h-kopie-kopie-kopie-kopie-kopie-kopie","status":"publish","type":"product","link":"https:\/\/alegerglobal.com\/pl\/shop-pl\/gadzety\/getac-zx70-ex-tablet-z-ochrona-przeciwwybuchowa-strefa-2-atex-wyswietlacz-7-cali-android-9-ip67-mil-std-810h-kopie-kopie-kopie-kopie-kopie-kopie\/","title":{"rendered":"Inspectron WiScope &#8211; Inteligentna kamera inspekcyjna HD z WLAN"},"content":{"rendered":"","protected":false},"excerpt":{"rendered":"<p data-start=\"655\" data-end=\"1082\">Inspectron WiScope to wysokiej jako\u015bci wideoskop klasy przemys\u0142owej z \u0142\u0105czno\u015bci\u0105 Wi-Fi, kt\u00f3ry zosta\u0142 specjalnie opracowany do przeprowadzania z\u0142o\u017conych inspekcji wn\u0119trz w spos\u00f3b wydajny i cyfrowy. Przesy\u0142a obraz HD i dane wideo w czasie rzeczywistym, obs\u0142uguje skanowanie QR i kod\u00f3w kreskowych, a tak\u017ce OCR i p\u0142ynnie integruje si\u0119 ze strukturami przep\u0142ywu pracy i zdalnego wsparcia. Solidna konstrukcja o stopniu ochrony IP67 i wymienne sondy przetwornika obrazu sprawiaj\u0105, \u017ce urz\u0105dzenie jest idealne do u\u017cytku w gor\u0105cych \u015brodowiskach lub trudno dost\u0119pnych miejscach.<\/p>\n","protected":false},"featured_media":51782,"comment_status":"open","ping_status":"closed","template":"","meta":{"_acf_changed":false},"product_brand":[],"product_cat":[986,983],"product_tag":[],"class_list":{"0":"post-51764","1":"product","2":"type-product","3":"status-publish","4":"has-post-thumbnail","6":"product_cat-gadzety","7":"product_cat-shop-pl","8":"pa_hersteller-getac-pl","10":"first","11":"instock","12":"taxable","13":"shipping-taxable","14":"purchasable","15":"product-type-simple"},"acf":[],"yoast_head":"<!-- This site is optimized with the Yoast SEO Premium plugin v20.10 (Yoast SEO v24.3) - https:\/\/yoast.com\/wordpress\/plugins\/seo\/ -->\n<title>Inspectron WiScope - wideoskop HD WiFi dla przemys\u0142u<\/title>\n<meta name=\"description\" content=\"Inspectron WiScope to wideoskop HD z \u0142\u0105czno\u015bci\u0105 Wi-Fi, rozpoznawaniem kod\u00f3w QR\/kod\u00f3w kreskowych\/OCR i stopniem ochrony IP67 - idealny do zdalnych inspekcji i dokumentacji.\" \/>\n<meta name=\"robots\" content=\"index, follow, max-snippet:-1, max-image-preview:large, max-video-preview:-1\" \/>\n<meta property=\"og:locale\" content=\"pl_PL\" \/>\n<meta property=\"og:type\" content=\"article\" \/>\n<meta property=\"og:title\" content=\"Inspectron WiScope - Inteligentna kamera inspekcyjna HD z WLAN\" \/>\n<meta property=\"og:description\" content=\"Inspectron WiScope to wideoskop HD z \u0142\u0105czno\u015bci\u0105 Wi-Fi, rozpoznawaniem kod\u00f3w QR\/kod\u00f3w kreskowych\/OCR i stopniem ochrony IP67 - idealny do zdalnych inspekcji i dokumentacji.\" \/>\n<meta property=\"og:url\" content=\"https:\/\/alegerglobal.com\/pl\/shop-pl\/gadzety\/getac-zx70-ex-tablet-z-ochrona-przeciwwybuchowa-strefa-2-atex-wyswietlacz-7-cali-android-9-ip67-mil-std-810h-kopie-kopie-kopie-kopie-kopie-kopie\/\" \/>\n<meta property=\"og:site_name\" content=\"ALEGER \u22c6 Augmented Reality\" \/>\n<meta property=\"article:modified_time\" content=\"2026-03-19T17:38:18+00:00\" \/>\n<meta property=\"og:image\" content=\"https:\/\/alegerglobal.com\/wp-content\/uploads\/2025\/11\/WiScope.png\" \/>\n\t<meta property=\"og:image:width\" content=\"800\" \/>\n\t<meta property=\"og:image:height\" content=\"800\" \/>\n\t<meta property=\"og:image:type\" content=\"image\/png\" \/>\n<meta name=\"twitter:card\" content=\"summary_large_image\" \/>\n<meta name=\"twitter:label1\" content=\"Cena\" \/>\n\t<meta name=\"twitter:data1\" content=\"&euro;2.168,99\" \/>\n\t<meta name=\"twitter:label2\" content=\"Dost\u0119pno\u015b\u0107\" \/>\n\t<meta name=\"twitter:data2\" content=\"Dost\u0119pny\" \/>\n<script type=\"application\/ld+json\" class=\"yoast-schema-graph\">{\"@context\":\"https:\/\/schema.org\",\"@graph\":[{\"@type\":\"WebPage\",\"@id\":\"https:\/\/alegerglobal.com\/pl\/shop-pl\/gadzety\/getac-zx70-ex-tablet-z-ochrona-przeciwwybuchowa-strefa-2-atex-wyswietlacz-7-cali-android-9-ip67-mil-std-810h-kopie-kopie-kopie-kopie-kopie-kopie\/\",\"url\":\"https:\/\/alegerglobal.com\/pl\/shop-pl\/gadzety\/getac-zx70-ex-tablet-z-ochrona-przeciwwybuchowa-strefa-2-atex-wyswietlacz-7-cali-android-9-ip67-mil-std-810h-kopie-kopie-kopie-kopie-kopie-kopie\/\",\"name\":\"Inspectron WiScope - wideoskop HD WiFi dla przemys\u0142u\",\"isPartOf\":{\"@id\":\"https:\/\/alegerglobal.com\/pl\/#website\"},\"primaryImageOfPage\":{\"@id\":\"https:\/\/alegerglobal.com\/pl\/shop-pl\/gadzety\/getac-zx70-ex-tablet-z-ochrona-przeciwwybuchowa-strefa-2-atex-wyswietlacz-7-cali-android-9-ip67-mil-std-810h-kopie-kopie-kopie-kopie-kopie-kopie\/#primaryimage\"},\"image\":{\"@id\":\"https:\/\/alegerglobal.com\/pl\/shop-pl\/gadzety\/getac-zx70-ex-tablet-z-ochrona-przeciwwybuchowa-strefa-2-atex-wyswietlacz-7-cali-android-9-ip67-mil-std-810h-kopie-kopie-kopie-kopie-kopie-kopie\/#primaryimage\"},\"thumbnailUrl\":\"https:\/\/alegerglobal.com\/wp-content\/uploads\/2025\/11\/WiScope.png\",\"datePublished\":\"2025-11-02T14:12:28+00:00\",\"dateModified\":\"2026-03-19T17:38:18+00:00\",\"description\":\"Inspectron WiScope to wideoskop HD z \u0142\u0105czno\u015bci\u0105 Wi-Fi, rozpoznawaniem kod\u00f3w QR\/kod\u00f3w kreskowych\/OCR i stopniem ochrony IP67 - idealny do zdalnych inspekcji i dokumentacji.\",\"breadcrumb\":{\"@id\":\"https:\/\/alegerglobal.com\/pl\/shop-pl\/gadzety\/getac-zx70-ex-tablet-z-ochrona-przeciwwybuchowa-strefa-2-atex-wyswietlacz-7-cali-android-9-ip67-mil-std-810h-kopie-kopie-kopie-kopie-kopie-kopie\/#breadcrumb\"},\"inLanguage\":\"pl-PL\",\"potentialAction\":[{\"@type\":\"ReadAction\",\"target\":[\"https:\/\/alegerglobal.com\/pl\/shop-pl\/gadzety\/getac-zx70-ex-tablet-z-ochrona-przeciwwybuchowa-strefa-2-atex-wyswietlacz-7-cali-android-9-ip67-mil-std-810h-kopie-kopie-kopie-kopie-kopie-kopie\/\"]}]},{\"@type\":\"ImageObject\",\"inLanguage\":\"pl-PL\",\"@id\":\"https:\/\/alegerglobal.com\/pl\/shop-pl\/gadzety\/getac-zx70-ex-tablet-z-ochrona-przeciwwybuchowa-strefa-2-atex-wyswietlacz-7-cali-android-9-ip67-mil-std-810h-kopie-kopie-kopie-kopie-kopie-kopie\/#primaryimage\",\"url\":\"https:\/\/alegerglobal.com\/wp-content\/uploads\/2025\/11\/WiScope.png\",\"contentUrl\":\"https:\/\/alegerglobal.com\/wp-content\/uploads\/2025\/11\/WiScope.png\",\"width\":800,\"height\":800},{\"@type\":\"BreadcrumbList\",\"@id\":\"https:\/\/alegerglobal.com\/pl\/shop-pl\/gadzety\/getac-zx70-ex-tablet-z-ochrona-przeciwwybuchowa-strefa-2-atex-wyswietlacz-7-cali-android-9-ip67-mil-std-810h-kopie-kopie-kopie-kopie-kopie-kopie\/#breadcrumb\",\"itemListElement\":[{\"@type\":\"ListItem\",\"position\":1,\"name\":\"Home\",\"item\":\"https:\/\/alegerglobal.com\/pl\/nowosc-strona-glowna\/\"},{\"@type\":\"ListItem\",\"position\":2,\"name\":\"Produkty\",\"item\":\"https:\/\/alegerglobal.com\/pl\/produkty\/\"},{\"@type\":\"ListItem\",\"position\":3,\"name\":\"Inspectron WiScope &#8211; Inteligentna kamera inspekcyjna HD z WLAN\"}]},{\"@type\":\"WebSite\",\"@id\":\"https:\/\/alegerglobal.com\/pl\/#website\",\"url\":\"https:\/\/alegerglobal.com\/pl\/\",\"name\":\"ALEGER \u22c6 Augmented Reality\",\"description\":\"Die besten Augmented Reality (AR) L\u00f6sungen der Welt.\",\"publisher\":{\"@id\":\"https:\/\/alegerglobal.com\/pl\/#organization\"},\"potentialAction\":[{\"@type\":\"SearchAction\",\"target\":{\"@type\":\"EntryPoint\",\"urlTemplate\":\"https:\/\/alegerglobal.com\/pl\/?s={search_term_string}\"},\"query-input\":{\"@type\":\"PropertyValueSpecification\",\"valueRequired\":true,\"valueName\":\"search_term_string\"}}],\"inLanguage\":\"pl-PL\"},{\"@type\":\"Organization\",\"@id\":\"https:\/\/alegerglobal.com\/pl\/#organization\",\"name\":\"ALEGER \u22c6 Augmented Reality\",\"url\":\"https:\/\/alegerglobal.com\/pl\/\",\"logo\":{\"@type\":\"ImageObject\",\"inLanguage\":\"pl-PL\",\"@id\":\"https:\/\/alegerglobal.com\/pl\/#\/schema\/logo\/image\/\",\"url\":\"https:\/\/alegerglobal.com\/wp-content\/uploads\/2020\/12\/aleger-logo-quadrat.jpg\",\"contentUrl\":\"https:\/\/alegerglobal.com\/wp-content\/uploads\/2020\/12\/aleger-logo-quadrat.jpg\",\"width\":200,\"height\":176,\"caption\":\"ALEGER \u22c6 Augmented Reality\"},\"image\":{\"@id\":\"https:\/\/alegerglobal.com\/pl\/#\/schema\/logo\/image\/\"}}]}<\/script>\n<meta property=\"product:brand\" content=\"Getac\" \/>\n<meta property=\"product:price:amount\" content=\"2168.99\" \/>\n<meta property=\"product:price:currency\" content=\"EUR\" \/>\n<meta property=\"og:availability\" content=\"instock\" \/>\n<meta property=\"product:availability\" content=\"instock\" \/>\n<meta property=\"product:condition\" content=\"new\" \/>\n<!-- \/ Yoast SEO Premium plugin. -->","yoast_head_json":{"title":"Inspectron WiScope - wideoskop HD WiFi dla przemys\u0142u","description":"Inspectron WiScope to wideoskop HD z \u0142\u0105czno\u015bci\u0105 Wi-Fi, rozpoznawaniem kod\u00f3w QR\/kod\u00f3w kreskowych\/OCR i stopniem ochrony IP67 - idealny do zdalnych inspekcji i dokumentacji.","robots":{"index":"index","follow":"follow","max-snippet":"max-snippet:-1","max-image-preview":"max-image-preview:large","max-video-preview":"max-video-preview:-1"},"og_locale":"pl_PL","og_type":"article","og_title":"Inspectron WiScope - Inteligentna kamera inspekcyjna HD z WLAN","og_description":"Inspectron WiScope to wideoskop HD z \u0142\u0105czno\u015bci\u0105 Wi-Fi, rozpoznawaniem kod\u00f3w QR\/kod\u00f3w kreskowych\/OCR i stopniem ochrony IP67 - idealny do zdalnych inspekcji i dokumentacji.","og_url":"https:\/\/alegerglobal.com\/pl\/shop-pl\/gadzety\/getac-zx70-ex-tablet-z-ochrona-przeciwwybuchowa-strefa-2-atex-wyswietlacz-7-cali-android-9-ip67-mil-std-810h-kopie-kopie-kopie-kopie-kopie-kopie\/","og_site_name":"ALEGER \u22c6 Augmented Reality","article_modified_time":"2026-03-19T17:38:18+00:00","og_image":[{"width":800,"height":800,"url":"https:\/\/alegerglobal.com\/wp-content\/uploads\/2025\/11\/WiScope.png","type":"image\/png"}],"twitter_card":"summary_large_image","twitter_misc":{"Cena":"&euro;2.168,99","Dost\u0119pno\u015b\u0107":"Dost\u0119pny"},"schema":{"@context":"https:\/\/schema.org","@graph":[{"@type":"WebPage","@id":"https:\/\/alegerglobal.com\/pl\/shop-pl\/gadzety\/getac-zx70-ex-tablet-z-ochrona-przeciwwybuchowa-strefa-2-atex-wyswietlacz-7-cali-android-9-ip67-mil-std-810h-kopie-kopie-kopie-kopie-kopie-kopie\/","url":"https:\/\/alegerglobal.com\/pl\/shop-pl\/gadzety\/getac-zx70-ex-tablet-z-ochrona-przeciwwybuchowa-strefa-2-atex-wyswietlacz-7-cali-android-9-ip67-mil-std-810h-kopie-kopie-kopie-kopie-kopie-kopie\/","name":"Inspectron WiScope - wideoskop HD WiFi dla przemys\u0142u","isPartOf":{"@id":"https:\/\/alegerglobal.com\/pl\/#website"},"primaryImageOfPage":{"@id":"https:\/\/alegerglobal.com\/pl\/shop-pl\/gadzety\/getac-zx70-ex-tablet-z-ochrona-przeciwwybuchowa-strefa-2-atex-wyswietlacz-7-cali-android-9-ip67-mil-std-810h-kopie-kopie-kopie-kopie-kopie-kopie\/#primaryimage"},"image":{"@id":"https:\/\/alegerglobal.com\/pl\/shop-pl\/gadzety\/getac-zx70-ex-tablet-z-ochrona-przeciwwybuchowa-strefa-2-atex-wyswietlacz-7-cali-android-9-ip67-mil-std-810h-kopie-kopie-kopie-kopie-kopie-kopie\/#primaryimage"},"thumbnailUrl":"https:\/\/alegerglobal.com\/wp-content\/uploads\/2025\/11\/WiScope.png","datePublished":"2025-11-02T14:12:28+00:00","dateModified":"2026-03-19T17:38:18+00:00","description":"Inspectron WiScope to wideoskop HD z \u0142\u0105czno\u015bci\u0105 Wi-Fi, rozpoznawaniem kod\u00f3w QR\/kod\u00f3w kreskowych\/OCR i stopniem ochrony IP67 - idealny do zdalnych inspekcji i dokumentacji.","breadcrumb":{"@id":"https:\/\/alegerglobal.com\/pl\/shop-pl\/gadzety\/getac-zx70-ex-tablet-z-ochrona-przeciwwybuchowa-strefa-2-atex-wyswietlacz-7-cali-android-9-ip67-mil-std-810h-kopie-kopie-kopie-kopie-kopie-kopie\/#breadcrumb"},"inLanguage":"pl-PL","potentialAction":[{"@type":"ReadAction","target":["https:\/\/alegerglobal.com\/pl\/shop-pl\/gadzety\/getac-zx70-ex-tablet-z-ochrona-przeciwwybuchowa-strefa-2-atex-wyswietlacz-7-cali-android-9-ip67-mil-std-810h-kopie-kopie-kopie-kopie-kopie-kopie\/"]}]},{"@type":"ImageObject","inLanguage":"pl-PL","@id":"https:\/\/alegerglobal.com\/pl\/shop-pl\/gadzety\/getac-zx70-ex-tablet-z-ochrona-przeciwwybuchowa-strefa-2-atex-wyswietlacz-7-cali-android-9-ip67-mil-std-810h-kopie-kopie-kopie-kopie-kopie-kopie\/#primaryimage","url":"https:\/\/alegerglobal.com\/wp-content\/uploads\/2025\/11\/WiScope.png","contentUrl":"https:\/\/alegerglobal.com\/wp-content\/uploads\/2025\/11\/WiScope.png","width":800,"height":800},{"@type":"BreadcrumbList","@id":"https:\/\/alegerglobal.com\/pl\/shop-pl\/gadzety\/getac-zx70-ex-tablet-z-ochrona-przeciwwybuchowa-strefa-2-atex-wyswietlacz-7-cali-android-9-ip67-mil-std-810h-kopie-kopie-kopie-kopie-kopie-kopie\/#breadcrumb","itemListElement":[{"@type":"ListItem","position":1,"name":"Home","item":"https:\/\/alegerglobal.com\/pl\/nowosc-strona-glowna\/"},{"@type":"ListItem","position":2,"name":"Produkty","item":"https:\/\/alegerglobal.com\/pl\/produkty\/"},{"@type":"ListItem","position":3,"name":"Inspectron WiScope &#8211; Inteligentna kamera inspekcyjna HD z WLAN"}]},{"@type":"WebSite","@id":"https:\/\/alegerglobal.com\/pl\/#website","url":"https:\/\/alegerglobal.com\/pl\/","name":"ALEGER \u22c6 Augmented Reality","description":"Die besten Augmented Reality (AR) L\u00f6sungen der Welt.","publisher":{"@id":"https:\/\/alegerglobal.com\/pl\/#organization"},"potentialAction":[{"@type":"SearchAction","target":{"@type":"EntryPoint","urlTemplate":"https:\/\/alegerglobal.com\/pl\/?s={search_term_string}"},"query-input":{"@type":"PropertyValueSpecification","valueRequired":true,"valueName":"search_term_string"}}],"inLanguage":"pl-PL"},{"@type":"Organization","@id":"https:\/\/alegerglobal.com\/pl\/#organization","name":"ALEGER \u22c6 Augmented Reality","url":"https:\/\/alegerglobal.com\/pl\/","logo":{"@type":"ImageObject","inLanguage":"pl-PL","@id":"https:\/\/alegerglobal.com\/pl\/#\/schema\/logo\/image\/","url":"https:\/\/alegerglobal.com\/wp-content\/uploads\/2020\/12\/aleger-logo-quadrat.jpg","contentUrl":"https:\/\/alegerglobal.com\/wp-content\/uploads\/2020\/12\/aleger-logo-quadrat.jpg","width":200,"height":176,"caption":"ALEGER \u22c6 Augmented Reality"},"image":{"@id":"https:\/\/alegerglobal.com\/pl\/#\/schema\/logo\/image\/"}}]},"product_brand":"Getac","product_price_amount":"2168.99","product_price_currency":"EUR","og_availability":"instock","product_availability":"instock","product_condition":"new"},"_links":{"self":[{"href":"https:\/\/alegerglobal.com\/pl\/wp-json\/wp\/v2\/product\/51764","targetHints":{"allow":["GET"]}}],"collection":[{"href":"https:\/\/alegerglobal.com\/pl\/wp-json\/wp\/v2\/product"}],"about":[{"href":"https:\/\/alegerglobal.com\/pl\/wp-json\/wp\/v2\/types\/product"}],"replies":[{"embeddable":true,"href":"https:\/\/alegerglobal.com\/pl\/wp-json\/wp\/v2\/comments?post=51764"}],"version-history":[{"count":3,"href":"https:\/\/alegerglobal.com\/pl\/wp-json\/wp\/v2\/product\/51764\/revisions"}],"predecessor-version":[{"id":53869,"href":"https:\/\/alegerglobal.com\/pl\/wp-json\/wp\/v2\/product\/51764\/revisions\/53869"}],"wp:featuredmedia":[{"embeddable":true,"href":"https:\/\/alegerglobal.com\/pl\/wp-json\/wp\/v2\/media\/51782"}],"wp:attachment":[{"href":"https:\/\/alegerglobal.com\/pl\/wp-json\/wp\/v2\/media?parent=51764"}],"wp:term":[{"taxonomy":"product_brand","embeddable":true,"href":"https:\/\/alegerglobal.com\/pl\/wp-json\/wp\/v2\/product_brand?post=51764"},{"taxonomy":"product_cat","embeddable":true,"href":"https:\/\/alegerglobal.com\/pl\/wp-json\/wp\/v2\/product_cat?post=51764"},{"taxonomy":"product_tag","embeddable":true,"href":"https:\/\/alegerglobal.com\/pl\/wp-json\/wp\/v2\/product_tag?post=51764"}],"curies":[{"name":"wp","href":"https:\/\/api.w.org\/{rel}","templated":true}]}}