{"id":51563,"date":"2025-11-02T14:08:53","date_gmt":"2025-11-02T13:08:55","guid":{"rendered":"https:\/\/alegerglobal.com\/?post_type=product&#038;p=51563"},"modified":"2026-03-19T18:38:30","modified_gmt":"2026-03-19T17:38:30","slug":"getac-zx70-ex-tablet-z-ochrona-przeciwwybuchowa-strefa-2-atex-wyswietlacz-7-cali-android-9-ip67-mil-std-810h-kopie-kopie","status":"publish","type":"product","link":"https:\/\/alegerglobal.com\/pl\/shop-pl\/gadzety\/getac-zx70-ex-tablet-z-ochrona-przeciwwybuchowa-strefa-2-atex-wyswietlacz-7-cali-android-9-ip67-mil-std-810h-kopie-kopie\/","title":{"rendered":"Uvisan VRProM &#8211; wydajna higiena, bezpieczne przechowywanie i \u0142adowanie wsp\u00f3\u0142dzielonych urz\u0105dze\u0144"},"content":{"rendered":"","protected":false},"excerpt":{"rendered":"<p data-start=\"773\" data-end=\"1282\">Uvisan VRProM to innowacyjna szafa do dezynfekcji i \u0142adowania UV-C, zaprojektowana specjalnie dla \u015brodowisk ze wsp\u00f3\u0142dzielonymi urz\u0105dzeniami technologicznymi, takimi jak zestawy s\u0142uchawkowe VR\/AR, tablety lub laptopy. W kr\u00f3tkim czasie dezynfekcji urz\u0105dzenia s\u0105 niezawodnie uwalniane od wirus\u00f3w, bakterii i grzyb\u00f3w &#8211; bez \u017cadnych chemikali\u00f3w, ciep\u0142a ani pozosta\u0142o\u015bci. Jednocze\u015bnie urz\u0105dzenia s\u0105 \u0142adowane przez zintegrowane porty USB, zapewniaj\u0105c czysto\u015b\u0107 i gotowo\u015b\u0107 do u\u017cycia w jednym kroku.<\/p>\n<p data-start=\"1284\" data-end=\"1516\">Dzi\u0119ki solidnej stalowej obudowie z zamykanymi drzwiami i k\u00f3\u0142kami zapewniaj\u0105cymi mobilno\u015b\u0107, VRProM jest idealny do sal szkoleniowych, laboratori\u00f3w VR \/ AR, instytucji edukacyjnych, \u015brodowisk gier \/ gier zr\u0119czno\u015bciowych i profesjonalnych centr\u00f3w szkoleniowych.<\/p>\n","protected":false},"featured_media":51596,"comment_status":"open","ping_status":"closed","template":"","meta":{"_acf_changed":false},"product_brand":[],"product_cat":[986,983],"product_tag":[],"class_list":{"0":"post-51563","1":"product","2":"type-product","3":"status-publish","4":"has-post-thumbnail","6":"product_cat-gadzety","7":"product_cat-shop-pl","8":"pa_hersteller-getac-pl","10":"first","11":"instock","12":"taxable","13":"shipping-taxable","14":"purchasable","15":"product-type-simple"},"acf":[],"yoast_head":"<!-- This site is optimized with the Yoast SEO Premium plugin v20.10 (Yoast SEO v24.3) - https:\/\/yoast.com\/wordpress\/plugins\/seo\/ -->\n<title>Kup Uvisan VRProM - Szafa do dezynfekcji i \u0142adowania UV-C<\/title>\n<meta name=\"description\" content=\"Uvisan VRProM to szafa do dezynfekcji UV-C i \u0142adowania zestaw\u00f3w VR\/AR, tablet\u00f3w i laptop\u00f3w z pokryciem UVC 360\u00b0, do 99,999% i 36 portami.\" \/>\n<meta name=\"robots\" content=\"index, follow, max-snippet:-1, max-image-preview:large, max-video-preview:-1\" \/>\n<meta property=\"og:locale\" content=\"pl_PL\" \/>\n<meta property=\"og:type\" content=\"article\" \/>\n<meta property=\"og:title\" content=\"Uvisan VRProM - wydajna higiena, bezpieczne przechowywanie i \u0142adowanie wsp\u00f3\u0142dzielonych urz\u0105dze\u0144\" \/>\n<meta property=\"og:description\" content=\"Uvisan VRProM to szafa do dezynfekcji UV-C i \u0142adowania zestaw\u00f3w VR\/AR, tablet\u00f3w i laptop\u00f3w z pokryciem UVC 360\u00b0, do 99,999% i 36 portami.\" \/>\n<meta property=\"og:url\" content=\"https:\/\/alegerglobal.com\/pl\/shop-pl\/gadzety\/getac-zx70-ex-tablet-z-ochrona-przeciwwybuchowa-strefa-2-atex-wyswietlacz-7-cali-android-9-ip67-mil-std-810h-kopie-kopie\/\" \/>\n<meta property=\"og:site_name\" content=\"ALEGER \u22c6 Augmented Reality\" \/>\n<meta property=\"article:modified_time\" content=\"2026-03-19T17:38:30+00:00\" \/>\n<meta property=\"og:image\" content=\"https:\/\/alegerglobal.com\/wp-content\/uploads\/2025\/11\/uvisan-vrprom.png\" \/>\n\t<meta property=\"og:image:width\" content=\"800\" \/>\n\t<meta property=\"og:image:height\" content=\"800\" \/>\n\t<meta property=\"og:image:type\" content=\"image\/png\" \/>\n<meta name=\"twitter:card\" content=\"summary_large_image\" \/>\n<meta name=\"twitter:label1\" content=\"Cena\" \/>\n\t<meta name=\"twitter:data1\" content=\"&euro;2.168,99\" \/>\n\t<meta name=\"twitter:label2\" content=\"Dost\u0119pno\u015b\u0107\" \/>\n\t<meta name=\"twitter:data2\" content=\"Dost\u0119pny\" \/>\n<script type=\"application\/ld+json\" class=\"yoast-schema-graph\">{\"@context\":\"https:\/\/schema.org\",\"@graph\":[{\"@type\":\"WebPage\",\"@id\":\"https:\/\/alegerglobal.com\/pl\/shop-pl\/gadzety\/getac-zx70-ex-tablet-z-ochrona-przeciwwybuchowa-strefa-2-atex-wyswietlacz-7-cali-android-9-ip67-mil-std-810h-kopie-kopie\/\",\"url\":\"https:\/\/alegerglobal.com\/pl\/shop-pl\/gadzety\/getac-zx70-ex-tablet-z-ochrona-przeciwwybuchowa-strefa-2-atex-wyswietlacz-7-cali-android-9-ip67-mil-std-810h-kopie-kopie\/\",\"name\":\"Kup Uvisan VRProM - Szafa do dezynfekcji i \u0142adowania UV-C\",\"isPartOf\":{\"@id\":\"https:\/\/alegerglobal.com\/pl\/#website\"},\"primaryImageOfPage\":{\"@id\":\"https:\/\/alegerglobal.com\/pl\/shop-pl\/gadzety\/getac-zx70-ex-tablet-z-ochrona-przeciwwybuchowa-strefa-2-atex-wyswietlacz-7-cali-android-9-ip67-mil-std-810h-kopie-kopie\/#primaryimage\"},\"image\":{\"@id\":\"https:\/\/alegerglobal.com\/pl\/shop-pl\/gadzety\/getac-zx70-ex-tablet-z-ochrona-przeciwwybuchowa-strefa-2-atex-wyswietlacz-7-cali-android-9-ip67-mil-std-810h-kopie-kopie\/#primaryimage\"},\"thumbnailUrl\":\"https:\/\/alegerglobal.com\/wp-content\/uploads\/2025\/11\/uvisan-vrprom.png\",\"datePublished\":\"2025-11-02T13:08:55+00:00\",\"dateModified\":\"2026-03-19T17:38:30+00:00\",\"description\":\"Uvisan VRProM to szafa do dezynfekcji UV-C i \u0142adowania zestaw\u00f3w VR\/AR, tablet\u00f3w i laptop\u00f3w z pokryciem UVC 360\u00b0, do 99,999% i 36 portami.\",\"breadcrumb\":{\"@id\":\"https:\/\/alegerglobal.com\/pl\/shop-pl\/gadzety\/getac-zx70-ex-tablet-z-ochrona-przeciwwybuchowa-strefa-2-atex-wyswietlacz-7-cali-android-9-ip67-mil-std-810h-kopie-kopie\/#breadcrumb\"},\"inLanguage\":\"pl-PL\",\"potentialAction\":[{\"@type\":\"ReadAction\",\"target\":[\"https:\/\/alegerglobal.com\/pl\/shop-pl\/gadzety\/getac-zx70-ex-tablet-z-ochrona-przeciwwybuchowa-strefa-2-atex-wyswietlacz-7-cali-android-9-ip67-mil-std-810h-kopie-kopie\/\"]}]},{\"@type\":\"ImageObject\",\"inLanguage\":\"pl-PL\",\"@id\":\"https:\/\/alegerglobal.com\/pl\/shop-pl\/gadzety\/getac-zx70-ex-tablet-z-ochrona-przeciwwybuchowa-strefa-2-atex-wyswietlacz-7-cali-android-9-ip67-mil-std-810h-kopie-kopie\/#primaryimage\",\"url\":\"https:\/\/alegerglobal.com\/wp-content\/uploads\/2025\/11\/uvisan-vrprom.png\",\"contentUrl\":\"https:\/\/alegerglobal.com\/wp-content\/uploads\/2025\/11\/uvisan-vrprom.png\",\"width\":800,\"height\":800},{\"@type\":\"BreadcrumbList\",\"@id\":\"https:\/\/alegerglobal.com\/pl\/shop-pl\/gadzety\/getac-zx70-ex-tablet-z-ochrona-przeciwwybuchowa-strefa-2-atex-wyswietlacz-7-cali-android-9-ip67-mil-std-810h-kopie-kopie\/#breadcrumb\",\"itemListElement\":[{\"@type\":\"ListItem\",\"position\":1,\"name\":\"Home\",\"item\":\"https:\/\/alegerglobal.com\/pl\/nowosc-strona-glowna\/\"},{\"@type\":\"ListItem\",\"position\":2,\"name\":\"Produkty\",\"item\":\"https:\/\/alegerglobal.com\/pl\/produkty\/\"},{\"@type\":\"ListItem\",\"position\":3,\"name\":\"Uvisan VRProM &#8211; wydajna higiena, bezpieczne przechowywanie i \u0142adowanie wsp\u00f3\u0142dzielonych urz\u0105dze\u0144\"}]},{\"@type\":\"WebSite\",\"@id\":\"https:\/\/alegerglobal.com\/pl\/#website\",\"url\":\"https:\/\/alegerglobal.com\/pl\/\",\"name\":\"ALEGER \u22c6 Augmented Reality\",\"description\":\"Die besten Augmented Reality (AR) L\u00f6sungen der Welt.\",\"publisher\":{\"@id\":\"https:\/\/alegerglobal.com\/pl\/#organization\"},\"potentialAction\":[{\"@type\":\"SearchAction\",\"target\":{\"@type\":\"EntryPoint\",\"urlTemplate\":\"https:\/\/alegerglobal.com\/pl\/?s={search_term_string}\"},\"query-input\":{\"@type\":\"PropertyValueSpecification\",\"valueRequired\":true,\"valueName\":\"search_term_string\"}}],\"inLanguage\":\"pl-PL\"},{\"@type\":\"Organization\",\"@id\":\"https:\/\/alegerglobal.com\/pl\/#organization\",\"name\":\"ALEGER \u22c6 Augmented Reality\",\"url\":\"https:\/\/alegerglobal.com\/pl\/\",\"logo\":{\"@type\":\"ImageObject\",\"inLanguage\":\"pl-PL\",\"@id\":\"https:\/\/alegerglobal.com\/pl\/#\/schema\/logo\/image\/\",\"url\":\"https:\/\/alegerglobal.com\/wp-content\/uploads\/2020\/12\/aleger-logo-quadrat.jpg\",\"contentUrl\":\"https:\/\/alegerglobal.com\/wp-content\/uploads\/2020\/12\/aleger-logo-quadrat.jpg\",\"width\":200,\"height\":176,\"caption\":\"ALEGER \u22c6 Augmented Reality\"},\"image\":{\"@id\":\"https:\/\/alegerglobal.com\/pl\/#\/schema\/logo\/image\/\"}}]}<\/script>\n<meta property=\"product:brand\" content=\"Getac\" \/>\n<meta property=\"product:price:amount\" content=\"2168.99\" \/>\n<meta property=\"product:price:currency\" content=\"EUR\" \/>\n<meta property=\"og:availability\" content=\"instock\" \/>\n<meta property=\"product:availability\" content=\"instock\" \/>\n<meta property=\"product:condition\" content=\"new\" \/>\n<!-- \/ Yoast SEO Premium plugin. -->","yoast_head_json":{"title":"Kup Uvisan VRProM - Szafa do dezynfekcji i \u0142adowania UV-C","description":"Uvisan VRProM to szafa do dezynfekcji UV-C i \u0142adowania zestaw\u00f3w VR\/AR, tablet\u00f3w i laptop\u00f3w z pokryciem UVC 360\u00b0, do 99,999% i 36 portami.","robots":{"index":"index","follow":"follow","max-snippet":"max-snippet:-1","max-image-preview":"max-image-preview:large","max-video-preview":"max-video-preview:-1"},"og_locale":"pl_PL","og_type":"article","og_title":"Uvisan VRProM - wydajna higiena, bezpieczne przechowywanie i \u0142adowanie wsp\u00f3\u0142dzielonych urz\u0105dze\u0144","og_description":"Uvisan VRProM to szafa do dezynfekcji UV-C i \u0142adowania zestaw\u00f3w VR\/AR, tablet\u00f3w i laptop\u00f3w z pokryciem UVC 360\u00b0, do 99,999% i 36 portami.","og_url":"https:\/\/alegerglobal.com\/pl\/shop-pl\/gadzety\/getac-zx70-ex-tablet-z-ochrona-przeciwwybuchowa-strefa-2-atex-wyswietlacz-7-cali-android-9-ip67-mil-std-810h-kopie-kopie\/","og_site_name":"ALEGER \u22c6 Augmented Reality","article_modified_time":"2026-03-19T17:38:30+00:00","og_image":[{"width":800,"height":800,"url":"https:\/\/alegerglobal.com\/wp-content\/uploads\/2025\/11\/uvisan-vrprom.png","type":"image\/png"}],"twitter_card":"summary_large_image","twitter_misc":{"Cena":"&euro;2.168,99","Dost\u0119pno\u015b\u0107":"Dost\u0119pny"},"schema":{"@context":"https:\/\/schema.org","@graph":[{"@type":"WebPage","@id":"https:\/\/alegerglobal.com\/pl\/shop-pl\/gadzety\/getac-zx70-ex-tablet-z-ochrona-przeciwwybuchowa-strefa-2-atex-wyswietlacz-7-cali-android-9-ip67-mil-std-810h-kopie-kopie\/","url":"https:\/\/alegerglobal.com\/pl\/shop-pl\/gadzety\/getac-zx70-ex-tablet-z-ochrona-przeciwwybuchowa-strefa-2-atex-wyswietlacz-7-cali-android-9-ip67-mil-std-810h-kopie-kopie\/","name":"Kup Uvisan VRProM - Szafa do dezynfekcji i \u0142adowania UV-C","isPartOf":{"@id":"https:\/\/alegerglobal.com\/pl\/#website"},"primaryImageOfPage":{"@id":"https:\/\/alegerglobal.com\/pl\/shop-pl\/gadzety\/getac-zx70-ex-tablet-z-ochrona-przeciwwybuchowa-strefa-2-atex-wyswietlacz-7-cali-android-9-ip67-mil-std-810h-kopie-kopie\/#primaryimage"},"image":{"@id":"https:\/\/alegerglobal.com\/pl\/shop-pl\/gadzety\/getac-zx70-ex-tablet-z-ochrona-przeciwwybuchowa-strefa-2-atex-wyswietlacz-7-cali-android-9-ip67-mil-std-810h-kopie-kopie\/#primaryimage"},"thumbnailUrl":"https:\/\/alegerglobal.com\/wp-content\/uploads\/2025\/11\/uvisan-vrprom.png","datePublished":"2025-11-02T13:08:55+00:00","dateModified":"2026-03-19T17:38:30+00:00","description":"Uvisan VRProM to szafa do dezynfekcji UV-C i \u0142adowania zestaw\u00f3w VR\/AR, tablet\u00f3w i laptop\u00f3w z pokryciem UVC 360\u00b0, do 99,999% i 36 portami.","breadcrumb":{"@id":"https:\/\/alegerglobal.com\/pl\/shop-pl\/gadzety\/getac-zx70-ex-tablet-z-ochrona-przeciwwybuchowa-strefa-2-atex-wyswietlacz-7-cali-android-9-ip67-mil-std-810h-kopie-kopie\/#breadcrumb"},"inLanguage":"pl-PL","potentialAction":[{"@type":"ReadAction","target":["https:\/\/alegerglobal.com\/pl\/shop-pl\/gadzety\/getac-zx70-ex-tablet-z-ochrona-przeciwwybuchowa-strefa-2-atex-wyswietlacz-7-cali-android-9-ip67-mil-std-810h-kopie-kopie\/"]}]},{"@type":"ImageObject","inLanguage":"pl-PL","@id":"https:\/\/alegerglobal.com\/pl\/shop-pl\/gadzety\/getac-zx70-ex-tablet-z-ochrona-przeciwwybuchowa-strefa-2-atex-wyswietlacz-7-cali-android-9-ip67-mil-std-810h-kopie-kopie\/#primaryimage","url":"https:\/\/alegerglobal.com\/wp-content\/uploads\/2025\/11\/uvisan-vrprom.png","contentUrl":"https:\/\/alegerglobal.com\/wp-content\/uploads\/2025\/11\/uvisan-vrprom.png","width":800,"height":800},{"@type":"BreadcrumbList","@id":"https:\/\/alegerglobal.com\/pl\/shop-pl\/gadzety\/getac-zx70-ex-tablet-z-ochrona-przeciwwybuchowa-strefa-2-atex-wyswietlacz-7-cali-android-9-ip67-mil-std-810h-kopie-kopie\/#breadcrumb","itemListElement":[{"@type":"ListItem","position":1,"name":"Home","item":"https:\/\/alegerglobal.com\/pl\/nowosc-strona-glowna\/"},{"@type":"ListItem","position":2,"name":"Produkty","item":"https:\/\/alegerglobal.com\/pl\/produkty\/"},{"@type":"ListItem","position":3,"name":"Uvisan VRProM &#8211; wydajna higiena, bezpieczne przechowywanie i \u0142adowanie wsp\u00f3\u0142dzielonych urz\u0105dze\u0144"}]},{"@type":"WebSite","@id":"https:\/\/alegerglobal.com\/pl\/#website","url":"https:\/\/alegerglobal.com\/pl\/","name":"ALEGER \u22c6 Augmented Reality","description":"Die besten Augmented Reality (AR) L\u00f6sungen der Welt.","publisher":{"@id":"https:\/\/alegerglobal.com\/pl\/#organization"},"potentialAction":[{"@type":"SearchAction","target":{"@type":"EntryPoint","urlTemplate":"https:\/\/alegerglobal.com\/pl\/?s={search_term_string}"},"query-input":{"@type":"PropertyValueSpecification","valueRequired":true,"valueName":"search_term_string"}}],"inLanguage":"pl-PL"},{"@type":"Organization","@id":"https:\/\/alegerglobal.com\/pl\/#organization","name":"ALEGER \u22c6 Augmented Reality","url":"https:\/\/alegerglobal.com\/pl\/","logo":{"@type":"ImageObject","inLanguage":"pl-PL","@id":"https:\/\/alegerglobal.com\/pl\/#\/schema\/logo\/image\/","url":"https:\/\/alegerglobal.com\/wp-content\/uploads\/2020\/12\/aleger-logo-quadrat.jpg","contentUrl":"https:\/\/alegerglobal.com\/wp-content\/uploads\/2020\/12\/aleger-logo-quadrat.jpg","width":200,"height":176,"caption":"ALEGER \u22c6 Augmented Reality"},"image":{"@id":"https:\/\/alegerglobal.com\/pl\/#\/schema\/logo\/image\/"}}]},"product_brand":"Getac","product_price_amount":"2168.99","product_price_currency":"EUR","og_availability":"instock","product_availability":"instock","product_condition":"new"},"_links":{"self":[{"href":"https:\/\/alegerglobal.com\/pl\/wp-json\/wp\/v2\/product\/51563","targetHints":{"allow":["GET"]}}],"collection":[{"href":"https:\/\/alegerglobal.com\/pl\/wp-json\/wp\/v2\/product"}],"about":[{"href":"https:\/\/alegerglobal.com\/pl\/wp-json\/wp\/v2\/types\/product"}],"replies":[{"embeddable":true,"href":"https:\/\/alegerglobal.com\/pl\/wp-json\/wp\/v2\/comments?post=51563"}],"version-history":[{"count":3,"href":"https:\/\/alegerglobal.com\/pl\/wp-json\/wp\/v2\/product\/51563\/revisions"}],"predecessor-version":[{"id":53871,"href":"https:\/\/alegerglobal.com\/pl\/wp-json\/wp\/v2\/product\/51563\/revisions\/53871"}],"wp:featuredmedia":[{"embeddable":true,"href":"https:\/\/alegerglobal.com\/pl\/wp-json\/wp\/v2\/media\/51596"}],"wp:attachment":[{"href":"https:\/\/alegerglobal.com\/pl\/wp-json\/wp\/v2\/media?parent=51563"}],"wp:term":[{"taxonomy":"product_brand","embeddable":true,"href":"https:\/\/alegerglobal.com\/pl\/wp-json\/wp\/v2\/product_brand?post=51563"},{"taxonomy":"product_cat","embeddable":true,"href":"https:\/\/alegerglobal.com\/pl\/wp-json\/wp\/v2\/product_cat?post=51563"},{"taxonomy":"product_tag","embeddable":true,"href":"https:\/\/alegerglobal.com\/pl\/wp-json\/wp\/v2\/product_tag?post=51563"}],"curies":[{"name":"wp","href":"https:\/\/api.w.org\/{rel}","templated":true}]}}