{"id":50035,"date":"2025-10-06T11:50:01","date_gmt":"2025-10-06T10:50:03","guid":{"rendered":"https:\/\/alegerglobal.com\/?post_type=product&#038;p=50035"},"modified":"2026-03-19T18:38:03","modified_gmt":"2026-03-19T17:38:03","slug":"realwear-navigator-520-wysokiej-jakosci-okulary-do-transmisji-danych-dla-profesjonalistow-kopie","status":"publish","type":"product","link":"https:\/\/alegerglobal.com\/pl\/shop-pl\/inteligentne-okulary\/realwear-navigator-520-wysokiej-jakosci-okulary-do-transmisji-danych-dla-profesjonalistow-kopie\/","title":{"rendered":"DigiLens ARGO &#8211; nast\u0119pna generacja inteligentnych okular\u00f3w AR dla przemys\u0142u i przedsi\u0119biorstw"},"content":{"rendered":"","protected":false},"excerpt":{"rendered":"<p data-start=\"823\" data-end=\"1310\">Dzi\u0119ki <strong data-start=\"827\" data-end=\"844\">DigiLens ARGO<\/strong>, DigiLens wprowadza na rynek samodzielne rozwi\u0105zanie inteligentnego szk\u0142a AR, kt\u00f3re zosta\u0142o specjalnie zaprojektowane do zastosowa\u0144 przemys\u0142owych i korporacyjnych. ARGO \u0142\u0105czy w sobie najnowocze\u015bniejsz\u0105 optyk\u0119 falowodow\u0105 (Crystal Waveguides), solidn\u0105 konstrukcj\u0119 klasy przemys\u0142owej oraz zaawansowane funkcje kamery, \u015bledzenia i sztucznej inteligencji. Dzi\u0119ki temu idealnie nadaje si\u0119 do konserwacji, inspekcji, zdalnego wsparcia, szkole\u0144 i zastosowa\u0144 zwi\u0105zanych z produkcj\u0105.<\/p>\n","protected":false},"featured_media":50071,"comment_status":"open","ping_status":"closed","template":"","meta":{"_acf_changed":false},"product_brand":[],"product_cat":[1008,983],"product_tag":[],"class_list":{"0":"post-50035","1":"product","2":"type-product","3":"status-publish","4":"has-post-thumbnail","6":"product_cat-inteligentne-okulary","7":"product_cat-shop-pl","8":"pa_hersteller-realwear-pl","10":"first","11":"instock","12":"taxable","13":"shipping-taxable","14":"product-type-simple"},"acf":[],"yoast_head":"<!-- This site is optimized with the Yoast SEO Premium plugin v20.10 (Yoast SEO v24.3) - https:\/\/yoast.com\/wordpress\/plugins\/seo\/ -->\n<title>DigiLens ARGO - inteligentne okulary AR z technologi\u0105 Waveguide<\/title>\n<meta name=\"description\" content=\"Inteligentne okulary DigiLens AR: jasno\u015b\u0107 &gt;3 000 nit\u00f3w, Snapdragon XR2, \u015bledzenie 6DoF, wytrzyma\u0142o\u015b\u0107 (IP65, MIL-STD) - dla przemys\u0142u, zdalnego wsparcia i przep\u0142ywu pracy AR.\" \/>\n<meta name=\"robots\" content=\"index, follow, max-snippet:-1, max-image-preview:large, max-video-preview:-1\" \/>\n<meta property=\"og:locale\" content=\"pl_PL\" \/>\n<meta property=\"og:type\" content=\"article\" \/>\n<meta property=\"og:title\" content=\"DigiLens ARGO - nast\u0119pna generacja inteligentnych okular\u00f3w AR dla przemys\u0142u i przedsi\u0119biorstw\" \/>\n<meta property=\"og:description\" content=\"Inteligentne okulary DigiLens AR: jasno\u015b\u0107 &gt;3 000 nit\u00f3w, Snapdragon XR2, \u015bledzenie 6DoF, wytrzyma\u0142o\u015b\u0107 (IP65, MIL-STD) - dla przemys\u0142u, zdalnego wsparcia i przep\u0142ywu pracy AR.\" \/>\n<meta property=\"og:url\" content=\"https:\/\/alegerglobal.com\/pl\/shop-pl\/inteligentne-okulary\/realwear-navigator-520-wysokiej-jakosci-okulary-do-transmisji-danych-dla-profesjonalistow-kopie\/\" \/>\n<meta property=\"og:site_name\" content=\"ALEGER \u22c6 Augmented Reality\" \/>\n<meta property=\"article:modified_time\" content=\"2026-03-19T17:38:03+00:00\" \/>\n<meta property=\"og:image\" content=\"https:\/\/alegerglobal.com\/wp-content\/uploads\/2025\/10\/digilens-ar-brille.png\" \/>\n\t<meta property=\"og:image:width\" content=\"800\" \/>\n\t<meta property=\"og:image:height\" content=\"800\" \/>\n\t<meta property=\"og:image:type\" content=\"image\/png\" \/>\n<meta name=\"twitter:card\" content=\"summary_large_image\" \/>\n<meta name=\"twitter:label1\" content=\"Cena\" \/>\n\t<meta name=\"twitter:data1\" content=\"\" \/>\n\t<meta name=\"twitter:label2\" content=\"Dost\u0119pno\u015b\u0107\" \/>\n\t<meta name=\"twitter:data2\" content=\"Dost\u0119pny\" \/>\n<script type=\"application\/ld+json\" class=\"yoast-schema-graph\">{\"@context\":\"https:\/\/schema.org\",\"@graph\":[{\"@type\":\"WebPage\",\"@id\":\"https:\/\/alegerglobal.com\/pl\/shop-pl\/inteligentne-okulary\/realwear-navigator-520-wysokiej-jakosci-okulary-do-transmisji-danych-dla-profesjonalistow-kopie\/\",\"url\":\"https:\/\/alegerglobal.com\/pl\/shop-pl\/inteligentne-okulary\/realwear-navigator-520-wysokiej-jakosci-okulary-do-transmisji-danych-dla-profesjonalistow-kopie\/\",\"name\":\"DigiLens ARGO - inteligentne okulary AR z technologi\u0105 Waveguide\",\"isPartOf\":{\"@id\":\"https:\/\/alegerglobal.com\/pl\/#website\"},\"primaryImageOfPage\":{\"@id\":\"https:\/\/alegerglobal.com\/pl\/shop-pl\/inteligentne-okulary\/realwear-navigator-520-wysokiej-jakosci-okulary-do-transmisji-danych-dla-profesjonalistow-kopie\/#primaryimage\"},\"image\":{\"@id\":\"https:\/\/alegerglobal.com\/pl\/shop-pl\/inteligentne-okulary\/realwear-navigator-520-wysokiej-jakosci-okulary-do-transmisji-danych-dla-profesjonalistow-kopie\/#primaryimage\"},\"thumbnailUrl\":\"https:\/\/alegerglobal.com\/wp-content\/uploads\/2025\/10\/digilens-ar-brille.png\",\"datePublished\":\"2025-10-06T10:50:03+00:00\",\"dateModified\":\"2026-03-19T17:38:03+00:00\",\"description\":\"Inteligentne okulary DigiLens AR: jasno\u015b\u0107 >3 000 nit\u00f3w, Snapdragon XR2, \u015bledzenie 6DoF, wytrzyma\u0142o\u015b\u0107 (IP65, MIL-STD) - dla przemys\u0142u, zdalnego wsparcia i przep\u0142ywu pracy AR.\",\"breadcrumb\":{\"@id\":\"https:\/\/alegerglobal.com\/pl\/shop-pl\/inteligentne-okulary\/realwear-navigator-520-wysokiej-jakosci-okulary-do-transmisji-danych-dla-profesjonalistow-kopie\/#breadcrumb\"},\"inLanguage\":\"pl-PL\",\"potentialAction\":[{\"@type\":\"ReadAction\",\"target\":[\"https:\/\/alegerglobal.com\/pl\/shop-pl\/inteligentne-okulary\/realwear-navigator-520-wysokiej-jakosci-okulary-do-transmisji-danych-dla-profesjonalistow-kopie\/\"]}]},{\"@type\":\"ImageObject\",\"inLanguage\":\"pl-PL\",\"@id\":\"https:\/\/alegerglobal.com\/pl\/shop-pl\/inteligentne-okulary\/realwear-navigator-520-wysokiej-jakosci-okulary-do-transmisji-danych-dla-profesjonalistow-kopie\/#primaryimage\",\"url\":\"https:\/\/alegerglobal.com\/wp-content\/uploads\/2025\/10\/digilens-ar-brille.png\",\"contentUrl\":\"https:\/\/alegerglobal.com\/wp-content\/uploads\/2025\/10\/digilens-ar-brille.png\",\"width\":800,\"height\":800},{\"@type\":\"BreadcrumbList\",\"@id\":\"https:\/\/alegerglobal.com\/pl\/shop-pl\/inteligentne-okulary\/realwear-navigator-520-wysokiej-jakosci-okulary-do-transmisji-danych-dla-profesjonalistow-kopie\/#breadcrumb\",\"itemListElement\":[{\"@type\":\"ListItem\",\"position\":1,\"name\":\"Home\",\"item\":\"https:\/\/alegerglobal.com\/pl\/nowosc-strona-glowna\/\"},{\"@type\":\"ListItem\",\"position\":2,\"name\":\"Produkty\",\"item\":\"https:\/\/alegerglobal.com\/pl\/produkty\/\"},{\"@type\":\"ListItem\",\"position\":3,\"name\":\"DigiLens ARGO &#8211; nast\u0119pna generacja inteligentnych okular\u00f3w AR dla przemys\u0142u i przedsi\u0119biorstw\"}]},{\"@type\":\"WebSite\",\"@id\":\"https:\/\/alegerglobal.com\/pl\/#website\",\"url\":\"https:\/\/alegerglobal.com\/pl\/\",\"name\":\"ALEGER \u22c6 Augmented Reality\",\"description\":\"Die besten Augmented Reality (AR) L\u00f6sungen der Welt.\",\"publisher\":{\"@id\":\"https:\/\/alegerglobal.com\/pl\/#organization\"},\"potentialAction\":[{\"@type\":\"SearchAction\",\"target\":{\"@type\":\"EntryPoint\",\"urlTemplate\":\"https:\/\/alegerglobal.com\/pl\/?s={search_term_string}\"},\"query-input\":{\"@type\":\"PropertyValueSpecification\",\"valueRequired\":true,\"valueName\":\"search_term_string\"}}],\"inLanguage\":\"pl-PL\"},{\"@type\":\"Organization\",\"@id\":\"https:\/\/alegerglobal.com\/pl\/#organization\",\"name\":\"ALEGER \u22c6 Augmented Reality\",\"url\":\"https:\/\/alegerglobal.com\/pl\/\",\"logo\":{\"@type\":\"ImageObject\",\"inLanguage\":\"pl-PL\",\"@id\":\"https:\/\/alegerglobal.com\/pl\/#\/schema\/logo\/image\/\",\"url\":\"https:\/\/alegerglobal.com\/wp-content\/uploads\/2020\/12\/aleger-logo-quadrat.jpg\",\"contentUrl\":\"https:\/\/alegerglobal.com\/wp-content\/uploads\/2020\/12\/aleger-logo-quadrat.jpg\",\"width\":200,\"height\":176,\"caption\":\"ALEGER \u22c6 Augmented Reality\"},\"image\":{\"@id\":\"https:\/\/alegerglobal.com\/pl\/#\/schema\/logo\/image\/\"}}]}<\/script>\n<meta property=\"product:brand\" content=\"RealWear\" \/>\n<meta property=\"product:price:amount\" content=\"0.00\" \/>\n<meta property=\"product:price:currency\" content=\"EUR\" \/>\n<meta property=\"og:availability\" content=\"instock\" \/>\n<meta property=\"product:availability\" content=\"instock\" \/>\n<meta property=\"product:condition\" content=\"new\" \/>\n<!-- \/ Yoast SEO Premium plugin. -->","yoast_head_json":{"title":"DigiLens ARGO - inteligentne okulary AR z technologi\u0105 Waveguide","description":"Inteligentne okulary DigiLens AR: jasno\u015b\u0107 >3 000 nit\u00f3w, Snapdragon XR2, \u015bledzenie 6DoF, wytrzyma\u0142o\u015b\u0107 (IP65, MIL-STD) - dla przemys\u0142u, zdalnego wsparcia i przep\u0142ywu pracy AR.","robots":{"index":"index","follow":"follow","max-snippet":"max-snippet:-1","max-image-preview":"max-image-preview:large","max-video-preview":"max-video-preview:-1"},"og_locale":"pl_PL","og_type":"article","og_title":"DigiLens ARGO - nast\u0119pna generacja inteligentnych okular\u00f3w AR dla przemys\u0142u i przedsi\u0119biorstw","og_description":"Inteligentne okulary DigiLens AR: jasno\u015b\u0107 >3 000 nit\u00f3w, Snapdragon XR2, \u015bledzenie 6DoF, wytrzyma\u0142o\u015b\u0107 (IP65, MIL-STD) - dla przemys\u0142u, zdalnego wsparcia i przep\u0142ywu pracy AR.","og_url":"https:\/\/alegerglobal.com\/pl\/shop-pl\/inteligentne-okulary\/realwear-navigator-520-wysokiej-jakosci-okulary-do-transmisji-danych-dla-profesjonalistow-kopie\/","og_site_name":"ALEGER \u22c6 Augmented Reality","article_modified_time":"2026-03-19T17:38:03+00:00","og_image":[{"width":800,"height":800,"url":"https:\/\/alegerglobal.com\/wp-content\/uploads\/2025\/10\/digilens-ar-brille.png","type":"image\/png"}],"twitter_card":"summary_large_image","twitter_misc":{"Cena":"","Dost\u0119pno\u015b\u0107":"Dost\u0119pny"},"schema":{"@context":"https:\/\/schema.org","@graph":[{"@type":"WebPage","@id":"https:\/\/alegerglobal.com\/pl\/shop-pl\/inteligentne-okulary\/realwear-navigator-520-wysokiej-jakosci-okulary-do-transmisji-danych-dla-profesjonalistow-kopie\/","url":"https:\/\/alegerglobal.com\/pl\/shop-pl\/inteligentne-okulary\/realwear-navigator-520-wysokiej-jakosci-okulary-do-transmisji-danych-dla-profesjonalistow-kopie\/","name":"DigiLens ARGO - inteligentne okulary AR z technologi\u0105 Waveguide","isPartOf":{"@id":"https:\/\/alegerglobal.com\/pl\/#website"},"primaryImageOfPage":{"@id":"https:\/\/alegerglobal.com\/pl\/shop-pl\/inteligentne-okulary\/realwear-navigator-520-wysokiej-jakosci-okulary-do-transmisji-danych-dla-profesjonalistow-kopie\/#primaryimage"},"image":{"@id":"https:\/\/alegerglobal.com\/pl\/shop-pl\/inteligentne-okulary\/realwear-navigator-520-wysokiej-jakosci-okulary-do-transmisji-danych-dla-profesjonalistow-kopie\/#primaryimage"},"thumbnailUrl":"https:\/\/alegerglobal.com\/wp-content\/uploads\/2025\/10\/digilens-ar-brille.png","datePublished":"2025-10-06T10:50:03+00:00","dateModified":"2026-03-19T17:38:03+00:00","description":"Inteligentne okulary DigiLens AR: jasno\u015b\u0107 >3 000 nit\u00f3w, Snapdragon XR2, \u015bledzenie 6DoF, wytrzyma\u0142o\u015b\u0107 (IP65, MIL-STD) - dla przemys\u0142u, zdalnego wsparcia i przep\u0142ywu pracy AR.","breadcrumb":{"@id":"https:\/\/alegerglobal.com\/pl\/shop-pl\/inteligentne-okulary\/realwear-navigator-520-wysokiej-jakosci-okulary-do-transmisji-danych-dla-profesjonalistow-kopie\/#breadcrumb"},"inLanguage":"pl-PL","potentialAction":[{"@type":"ReadAction","target":["https:\/\/alegerglobal.com\/pl\/shop-pl\/inteligentne-okulary\/realwear-navigator-520-wysokiej-jakosci-okulary-do-transmisji-danych-dla-profesjonalistow-kopie\/"]}]},{"@type":"ImageObject","inLanguage":"pl-PL","@id":"https:\/\/alegerglobal.com\/pl\/shop-pl\/inteligentne-okulary\/realwear-navigator-520-wysokiej-jakosci-okulary-do-transmisji-danych-dla-profesjonalistow-kopie\/#primaryimage","url":"https:\/\/alegerglobal.com\/wp-content\/uploads\/2025\/10\/digilens-ar-brille.png","contentUrl":"https:\/\/alegerglobal.com\/wp-content\/uploads\/2025\/10\/digilens-ar-brille.png","width":800,"height":800},{"@type":"BreadcrumbList","@id":"https:\/\/alegerglobal.com\/pl\/shop-pl\/inteligentne-okulary\/realwear-navigator-520-wysokiej-jakosci-okulary-do-transmisji-danych-dla-profesjonalistow-kopie\/#breadcrumb","itemListElement":[{"@type":"ListItem","position":1,"name":"Home","item":"https:\/\/alegerglobal.com\/pl\/nowosc-strona-glowna\/"},{"@type":"ListItem","position":2,"name":"Produkty","item":"https:\/\/alegerglobal.com\/pl\/produkty\/"},{"@type":"ListItem","position":3,"name":"DigiLens ARGO &#8211; nast\u0119pna generacja inteligentnych okular\u00f3w AR dla przemys\u0142u i przedsi\u0119biorstw"}]},{"@type":"WebSite","@id":"https:\/\/alegerglobal.com\/pl\/#website","url":"https:\/\/alegerglobal.com\/pl\/","name":"ALEGER \u22c6 Augmented Reality","description":"Die besten Augmented Reality (AR) L\u00f6sungen der Welt.","publisher":{"@id":"https:\/\/alegerglobal.com\/pl\/#organization"},"potentialAction":[{"@type":"SearchAction","target":{"@type":"EntryPoint","urlTemplate":"https:\/\/alegerglobal.com\/pl\/?s={search_term_string}"},"query-input":{"@type":"PropertyValueSpecification","valueRequired":true,"valueName":"search_term_string"}}],"inLanguage":"pl-PL"},{"@type":"Organization","@id":"https:\/\/alegerglobal.com\/pl\/#organization","name":"ALEGER \u22c6 Augmented Reality","url":"https:\/\/alegerglobal.com\/pl\/","logo":{"@type":"ImageObject","inLanguage":"pl-PL","@id":"https:\/\/alegerglobal.com\/pl\/#\/schema\/logo\/image\/","url":"https:\/\/alegerglobal.com\/wp-content\/uploads\/2020\/12\/aleger-logo-quadrat.jpg","contentUrl":"https:\/\/alegerglobal.com\/wp-content\/uploads\/2020\/12\/aleger-logo-quadrat.jpg","width":200,"height":176,"caption":"ALEGER \u22c6 Augmented Reality"},"image":{"@id":"https:\/\/alegerglobal.com\/pl\/#\/schema\/logo\/image\/"}}]},"product_brand":"RealWear","product_price_amount":"0.00","product_price_currency":"EUR","og_availability":"instock","product_availability":"instock","product_condition":"new"},"_links":{"self":[{"href":"https:\/\/alegerglobal.com\/pl\/wp-json\/wp\/v2\/product\/50035","targetHints":{"allow":["GET"]}}],"collection":[{"href":"https:\/\/alegerglobal.com\/pl\/wp-json\/wp\/v2\/product"}],"about":[{"href":"https:\/\/alegerglobal.com\/pl\/wp-json\/wp\/v2\/types\/product"}],"replies":[{"embeddable":true,"href":"https:\/\/alegerglobal.com\/pl\/wp-json\/wp\/v2\/comments?post=50035"}],"version-history":[{"count":3,"href":"https:\/\/alegerglobal.com\/pl\/wp-json\/wp\/v2\/product\/50035\/revisions"}],"predecessor-version":[{"id":53865,"href":"https:\/\/alegerglobal.com\/pl\/wp-json\/wp\/v2\/product\/50035\/revisions\/53865"}],"wp:featuredmedia":[{"embeddable":true,"href":"https:\/\/alegerglobal.com\/pl\/wp-json\/wp\/v2\/media\/50071"}],"wp:attachment":[{"href":"https:\/\/alegerglobal.com\/pl\/wp-json\/wp\/v2\/media?parent=50035"}],"wp:term":[{"taxonomy":"product_brand","embeddable":true,"href":"https:\/\/alegerglobal.com\/pl\/wp-json\/wp\/v2\/product_brand?post=50035"},{"taxonomy":"product_cat","embeddable":true,"href":"https:\/\/alegerglobal.com\/pl\/wp-json\/wp\/v2\/product_cat?post=50035"},{"taxonomy":"product_tag","embeddable":true,"href":"https:\/\/alegerglobal.com\/pl\/wp-json\/wp\/v2\/product_tag?post=50035"}],"curies":[{"name":"wp","href":"https:\/\/api.w.org\/{rel}","templated":true}]}}