{"id":49691,"date":"2025-09-15T08:39:53","date_gmt":"2025-09-15T07:39:55","guid":{"rendered":"https:\/\/alegerglobal.com\/?post_type=product&#038;p=49691"},"modified":"2026-03-25T20:13:12","modified_gmt":"2026-03-25T19:13:12","slug":"realwear-navigator-520-wysokiej-jakosci-okulary-do-transmisji-danych-dla-profesjonalistow","status":"publish","type":"product","link":"https:\/\/alegerglobal.com\/pl\/shop-pl\/inteligentne-okulary\/realwear-navigator-520-wysokiej-jakosci-okulary-do-transmisji-danych-dla-profesjonalistow\/","title":{"rendered":"Moziware Nex\u014d &#8211; Innowacyjne okulary do transmisji danych dla przemys\u0142u i zdalnego wsparcia"},"content":{"rendered":"","protected":false},"excerpt":{"rendered":"<p data-start=\"696\" data-end=\"1106\"><strong data-start=\"700\" data-end=\"717\">Moziware Nex\u014d<\/strong> to pierwsze przemys\u0142owe gogle do transmisji danych z wy\u015bwietlaczem smartfona za po\u015brednictwem Wi-Fi i aplikacji na Androida. \u0141\u0105czy w sobie <strong data-start=\"822\" data-end=\"860\">wyj\u0105tkowo nisk\u0105 wag\u0119 (zaledwie 95 g)<\/strong> z solidn\u0105 konstrukcj\u0105 i wydajnym sprz\u0119tem. Dzi\u0119ki temu idealnie nadaje si\u0119 do u\u017cytku w przemy\u015ble, do zdalnego wsparcia, inspekcji, konserwacji i do wszystkich zastosowa\u0144, w kt\u00f3rych dost\u0119p do informacji bez u\u017cycia r\u0105k ma kluczowe znaczenie.<\/p>\n","protected":false},"featured_media":50089,"comment_status":"open","ping_status":"closed","template":"","meta":{"_acf_changed":false},"product_brand":[],"product_cat":[1008,983],"product_tag":[],"class_list":{"0":"post-49691","1":"product","2":"type-product","3":"status-publish","4":"has-post-thumbnail","6":"product_cat-inteligentne-okulary","7":"product_cat-shop-pl","9":"first","10":"instock","11":"taxable","12":"shipping-taxable","13":"product-type-simple"},"acf":[],"yoast_head":"<!-- This site is optimized with the Yoast SEO Premium plugin v20.10 (Yoast SEO v24.3) - https:\/\/yoast.com\/wordpress\/plugins\/seo\/ -->\n<title>Moziware Nex\u014d - Smart Glasses - Android &amp; 16 MP Camera buy- ALEGER \u22c6 Augmented Reality<\/title>\n<meta name=\"description\" content=\"Moziware Nex\u014d to lekkie (95 g) inteligentne okulary z kamer\u0105 16 MP, w 13 j\u0119zykach i o stopniu ochrony IP66. Idealne dla przemys\u0142u, zdalnego wsparcia i dokumentacji.\" \/>\n<meta name=\"robots\" content=\"index, follow, max-snippet:-1, max-image-preview:large, max-video-preview:-1\" \/>\n<meta property=\"og:locale\" content=\"pl_PL\" \/>\n<meta property=\"og:type\" content=\"article\" \/>\n<meta property=\"og:title\" content=\"Moziware Nex\u014d - Innowacyjne okulary do transmisji danych dla przemys\u0142u i zdalnego wsparcia\" \/>\n<meta property=\"og:description\" content=\"Moziware Nex\u014d to lekkie (95 g) inteligentne okulary z kamer\u0105 16 MP, w 13 j\u0119zykach i o stopniu ochrony IP66. Idealne dla przemys\u0142u, zdalnego wsparcia i dokumentacji.\" \/>\n<meta property=\"og:url\" content=\"https:\/\/alegerglobal.com\/pl\/shop-pl\/inteligentne-okulary\/realwear-navigator-520-wysokiej-jakosci-okulary-do-transmisji-danych-dla-profesjonalistow\/\" \/>\n<meta property=\"og:site_name\" content=\"ALEGER \u22c6 Augmented Reality\" \/>\n<meta property=\"article:modified_time\" content=\"2026-03-25T19:13:12+00:00\" \/>\n<meta property=\"og:image\" content=\"https:\/\/alegerglobal.com\/wp-content\/uploads\/2025\/09\/moziware-nexo.png\" \/>\n\t<meta property=\"og:image:width\" content=\"800\" \/>\n\t<meta property=\"og:image:height\" content=\"800\" \/>\n\t<meta property=\"og:image:type\" content=\"image\/png\" \/>\n<meta name=\"twitter:card\" content=\"summary_large_image\" \/>\n<meta name=\"twitter:label1\" content=\"Cena\" \/>\n\t<meta name=\"twitter:data1\" content=\"\" \/>\n\t<meta name=\"twitter:label2\" content=\"Dost\u0119pno\u015b\u0107\" \/>\n\t<meta name=\"twitter:data2\" content=\"Dost\u0119pny\" \/>\n<script type=\"application\/ld+json\" class=\"yoast-schema-graph\">{\"@context\":\"https:\/\/schema.org\",\"@graph\":[{\"@type\":\"WebPage\",\"@id\":\"https:\/\/alegerglobal.com\/pl\/shop-pl\/inteligentne-okulary\/realwear-navigator-520-wysokiej-jakosci-okulary-do-transmisji-danych-dla-profesjonalistow\/\",\"url\":\"https:\/\/alegerglobal.com\/pl\/shop-pl\/inteligentne-okulary\/realwear-navigator-520-wysokiej-jakosci-okulary-do-transmisji-danych-dla-profesjonalistow\/\",\"name\":\"Moziware Nex\u014d - Smart Glasses - Android & 16 MP Camera buy- ALEGER \u22c6 Augmented Reality\",\"isPartOf\":{\"@id\":\"https:\/\/alegerglobal.com\/pl\/#website\"},\"primaryImageOfPage\":{\"@id\":\"https:\/\/alegerglobal.com\/pl\/shop-pl\/inteligentne-okulary\/realwear-navigator-520-wysokiej-jakosci-okulary-do-transmisji-danych-dla-profesjonalistow\/#primaryimage\"},\"image\":{\"@id\":\"https:\/\/alegerglobal.com\/pl\/shop-pl\/inteligentne-okulary\/realwear-navigator-520-wysokiej-jakosci-okulary-do-transmisji-danych-dla-profesjonalistow\/#primaryimage\"},\"thumbnailUrl\":\"https:\/\/alegerglobal.com\/wp-content\/uploads\/2025\/09\/moziware-nexo.png\",\"datePublished\":\"2025-09-15T07:39:55+00:00\",\"dateModified\":\"2026-03-25T19:13:12+00:00\",\"description\":\"Moziware Nex\u014d to lekkie (95 g) inteligentne okulary z kamer\u0105 16 MP, w 13 j\u0119zykach i o stopniu ochrony IP66. Idealne dla przemys\u0142u, zdalnego wsparcia i dokumentacji.\",\"breadcrumb\":{\"@id\":\"https:\/\/alegerglobal.com\/pl\/shop-pl\/inteligentne-okulary\/realwear-navigator-520-wysokiej-jakosci-okulary-do-transmisji-danych-dla-profesjonalistow\/#breadcrumb\"},\"inLanguage\":\"pl-PL\",\"potentialAction\":[{\"@type\":\"ReadAction\",\"target\":[\"https:\/\/alegerglobal.com\/pl\/shop-pl\/inteligentne-okulary\/realwear-navigator-520-wysokiej-jakosci-okulary-do-transmisji-danych-dla-profesjonalistow\/\"]}]},{\"@type\":\"ImageObject\",\"inLanguage\":\"pl-PL\",\"@id\":\"https:\/\/alegerglobal.com\/pl\/shop-pl\/inteligentne-okulary\/realwear-navigator-520-wysokiej-jakosci-okulary-do-transmisji-danych-dla-profesjonalistow\/#primaryimage\",\"url\":\"https:\/\/alegerglobal.com\/wp-content\/uploads\/2025\/09\/moziware-nexo.png\",\"contentUrl\":\"https:\/\/alegerglobal.com\/wp-content\/uploads\/2025\/09\/moziware-nexo.png\",\"width\":800,\"height\":800},{\"@type\":\"BreadcrumbList\",\"@id\":\"https:\/\/alegerglobal.com\/pl\/shop-pl\/inteligentne-okulary\/realwear-navigator-520-wysokiej-jakosci-okulary-do-transmisji-danych-dla-profesjonalistow\/#breadcrumb\",\"itemListElement\":[{\"@type\":\"ListItem\",\"position\":1,\"name\":\"Home\",\"item\":\"https:\/\/alegerglobal.com\/pl\/nowosc-strona-glowna\/\"},{\"@type\":\"ListItem\",\"position\":2,\"name\":\"Produkty\",\"item\":\"https:\/\/alegerglobal.com\/pl\/produkty\/\"},{\"@type\":\"ListItem\",\"position\":3,\"name\":\"Moziware Nex\u014d &#8211; Innowacyjne okulary do transmisji danych dla przemys\u0142u i zdalnego wsparcia\"}]},{\"@type\":\"WebSite\",\"@id\":\"https:\/\/alegerglobal.com\/pl\/#website\",\"url\":\"https:\/\/alegerglobal.com\/pl\/\",\"name\":\"ALEGER \u22c6 Augmented Reality\",\"description\":\"Die besten Augmented Reality (AR) L\u00f6sungen der Welt.\",\"publisher\":{\"@id\":\"https:\/\/alegerglobal.com\/pl\/#organization\"},\"potentialAction\":[{\"@type\":\"SearchAction\",\"target\":{\"@type\":\"EntryPoint\",\"urlTemplate\":\"https:\/\/alegerglobal.com\/pl\/?s={search_term_string}\"},\"query-input\":{\"@type\":\"PropertyValueSpecification\",\"valueRequired\":true,\"valueName\":\"search_term_string\"}}],\"inLanguage\":\"pl-PL\"},{\"@type\":\"Organization\",\"@id\":\"https:\/\/alegerglobal.com\/pl\/#organization\",\"name\":\"ALEGER \u22c6 Augmented Reality\",\"url\":\"https:\/\/alegerglobal.com\/pl\/\",\"logo\":{\"@type\":\"ImageObject\",\"inLanguage\":\"pl-PL\",\"@id\":\"https:\/\/alegerglobal.com\/pl\/#\/schema\/logo\/image\/\",\"url\":\"https:\/\/alegerglobal.com\/wp-content\/uploads\/2020\/12\/aleger-logo-quadrat.jpg\",\"contentUrl\":\"https:\/\/alegerglobal.com\/wp-content\/uploads\/2020\/12\/aleger-logo-quadrat.jpg\",\"width\":200,\"height\":176,\"caption\":\"ALEGER \u22c6 Augmented Reality\"},\"image\":{\"@id\":\"https:\/\/alegerglobal.com\/pl\/#\/schema\/logo\/image\/\"}}]}<\/script>\n<meta property=\"product:price:amount\" content=\"0.00\" \/>\n<meta property=\"product:price:currency\" content=\"EUR\" \/>\n<meta property=\"og:availability\" content=\"instock\" \/>\n<meta property=\"product:availability\" content=\"instock\" \/>\n<meta property=\"product:condition\" content=\"new\" \/>\n<!-- \/ Yoast SEO Premium plugin. -->","yoast_head_json":{"title":"Moziware Nex\u014d - Smart Glasses - Android & 16 MP Camera buy- ALEGER \u22c6 Augmented Reality","description":"Moziware Nex\u014d to lekkie (95 g) inteligentne okulary z kamer\u0105 16 MP, w 13 j\u0119zykach i o stopniu ochrony IP66. Idealne dla przemys\u0142u, zdalnego wsparcia i dokumentacji.","robots":{"index":"index","follow":"follow","max-snippet":"max-snippet:-1","max-image-preview":"max-image-preview:large","max-video-preview":"max-video-preview:-1"},"og_locale":"pl_PL","og_type":"article","og_title":"Moziware Nex\u014d - Innowacyjne okulary do transmisji danych dla przemys\u0142u i zdalnego wsparcia","og_description":"Moziware Nex\u014d to lekkie (95 g) inteligentne okulary z kamer\u0105 16 MP, w 13 j\u0119zykach i o stopniu ochrony IP66. Idealne dla przemys\u0142u, zdalnego wsparcia i dokumentacji.","og_url":"https:\/\/alegerglobal.com\/pl\/shop-pl\/inteligentne-okulary\/realwear-navigator-520-wysokiej-jakosci-okulary-do-transmisji-danych-dla-profesjonalistow\/","og_site_name":"ALEGER \u22c6 Augmented Reality","article_modified_time":"2026-03-25T19:13:12+00:00","og_image":[{"width":800,"height":800,"url":"https:\/\/alegerglobal.com\/wp-content\/uploads\/2025\/09\/moziware-nexo.png","type":"image\/png"}],"twitter_card":"summary_large_image","twitter_misc":{"Cena":"","Dost\u0119pno\u015b\u0107":"Dost\u0119pny"},"schema":{"@context":"https:\/\/schema.org","@graph":[{"@type":"WebPage","@id":"https:\/\/alegerglobal.com\/pl\/shop-pl\/inteligentne-okulary\/realwear-navigator-520-wysokiej-jakosci-okulary-do-transmisji-danych-dla-profesjonalistow\/","url":"https:\/\/alegerglobal.com\/pl\/shop-pl\/inteligentne-okulary\/realwear-navigator-520-wysokiej-jakosci-okulary-do-transmisji-danych-dla-profesjonalistow\/","name":"Moziware Nex\u014d - Smart Glasses - Android & 16 MP Camera buy- ALEGER \u22c6 Augmented Reality","isPartOf":{"@id":"https:\/\/alegerglobal.com\/pl\/#website"},"primaryImageOfPage":{"@id":"https:\/\/alegerglobal.com\/pl\/shop-pl\/inteligentne-okulary\/realwear-navigator-520-wysokiej-jakosci-okulary-do-transmisji-danych-dla-profesjonalistow\/#primaryimage"},"image":{"@id":"https:\/\/alegerglobal.com\/pl\/shop-pl\/inteligentne-okulary\/realwear-navigator-520-wysokiej-jakosci-okulary-do-transmisji-danych-dla-profesjonalistow\/#primaryimage"},"thumbnailUrl":"https:\/\/alegerglobal.com\/wp-content\/uploads\/2025\/09\/moziware-nexo.png","datePublished":"2025-09-15T07:39:55+00:00","dateModified":"2026-03-25T19:13:12+00:00","description":"Moziware Nex\u014d to lekkie (95 g) inteligentne okulary z kamer\u0105 16 MP, w 13 j\u0119zykach i o stopniu ochrony IP66. Idealne dla przemys\u0142u, zdalnego wsparcia i dokumentacji.","breadcrumb":{"@id":"https:\/\/alegerglobal.com\/pl\/shop-pl\/inteligentne-okulary\/realwear-navigator-520-wysokiej-jakosci-okulary-do-transmisji-danych-dla-profesjonalistow\/#breadcrumb"},"inLanguage":"pl-PL","potentialAction":[{"@type":"ReadAction","target":["https:\/\/alegerglobal.com\/pl\/shop-pl\/inteligentne-okulary\/realwear-navigator-520-wysokiej-jakosci-okulary-do-transmisji-danych-dla-profesjonalistow\/"]}]},{"@type":"ImageObject","inLanguage":"pl-PL","@id":"https:\/\/alegerglobal.com\/pl\/shop-pl\/inteligentne-okulary\/realwear-navigator-520-wysokiej-jakosci-okulary-do-transmisji-danych-dla-profesjonalistow\/#primaryimage","url":"https:\/\/alegerglobal.com\/wp-content\/uploads\/2025\/09\/moziware-nexo.png","contentUrl":"https:\/\/alegerglobal.com\/wp-content\/uploads\/2025\/09\/moziware-nexo.png","width":800,"height":800},{"@type":"BreadcrumbList","@id":"https:\/\/alegerglobal.com\/pl\/shop-pl\/inteligentne-okulary\/realwear-navigator-520-wysokiej-jakosci-okulary-do-transmisji-danych-dla-profesjonalistow\/#breadcrumb","itemListElement":[{"@type":"ListItem","position":1,"name":"Home","item":"https:\/\/alegerglobal.com\/pl\/nowosc-strona-glowna\/"},{"@type":"ListItem","position":2,"name":"Produkty","item":"https:\/\/alegerglobal.com\/pl\/produkty\/"},{"@type":"ListItem","position":3,"name":"Moziware Nex\u014d &#8211; Innowacyjne okulary do transmisji danych dla przemys\u0142u i zdalnego wsparcia"}]},{"@type":"WebSite","@id":"https:\/\/alegerglobal.com\/pl\/#website","url":"https:\/\/alegerglobal.com\/pl\/","name":"ALEGER \u22c6 Augmented Reality","description":"Die besten Augmented Reality (AR) L\u00f6sungen der Welt.","publisher":{"@id":"https:\/\/alegerglobal.com\/pl\/#organization"},"potentialAction":[{"@type":"SearchAction","target":{"@type":"EntryPoint","urlTemplate":"https:\/\/alegerglobal.com\/pl\/?s={search_term_string}"},"query-input":{"@type":"PropertyValueSpecification","valueRequired":true,"valueName":"search_term_string"}}],"inLanguage":"pl-PL"},{"@type":"Organization","@id":"https:\/\/alegerglobal.com\/pl\/#organization","name":"ALEGER \u22c6 Augmented Reality","url":"https:\/\/alegerglobal.com\/pl\/","logo":{"@type":"ImageObject","inLanguage":"pl-PL","@id":"https:\/\/alegerglobal.com\/pl\/#\/schema\/logo\/image\/","url":"https:\/\/alegerglobal.com\/wp-content\/uploads\/2020\/12\/aleger-logo-quadrat.jpg","contentUrl":"https:\/\/alegerglobal.com\/wp-content\/uploads\/2020\/12\/aleger-logo-quadrat.jpg","width":200,"height":176,"caption":"ALEGER \u22c6 Augmented Reality"},"image":{"@id":"https:\/\/alegerglobal.com\/pl\/#\/schema\/logo\/image\/"}}]},"product_price_amount":"0.00","product_price_currency":"EUR","og_availability":"instock","product_availability":"instock","product_condition":"new"},"_links":{"self":[{"href":"https:\/\/alegerglobal.com\/pl\/wp-json\/wp\/v2\/product\/49691","targetHints":{"allow":["GET"]}}],"collection":[{"href":"https:\/\/alegerglobal.com\/pl\/wp-json\/wp\/v2\/product"}],"about":[{"href":"https:\/\/alegerglobal.com\/pl\/wp-json\/wp\/v2\/types\/product"}],"replies":[{"embeddable":true,"href":"https:\/\/alegerglobal.com\/pl\/wp-json\/wp\/v2\/comments?post=49691"}],"version-history":[{"count":3,"href":"https:\/\/alegerglobal.com\/pl\/wp-json\/wp\/v2\/product\/49691\/revisions"}],"predecessor-version":[{"id":54090,"href":"https:\/\/alegerglobal.com\/pl\/wp-json\/wp\/v2\/product\/49691\/revisions\/54090"}],"wp:featuredmedia":[{"embeddable":true,"href":"https:\/\/alegerglobal.com\/pl\/wp-json\/wp\/v2\/media\/50089"}],"wp:attachment":[{"href":"https:\/\/alegerglobal.com\/pl\/wp-json\/wp\/v2\/media?parent=49691"}],"wp:term":[{"taxonomy":"product_brand","embeddable":true,"href":"https:\/\/alegerglobal.com\/pl\/wp-json\/wp\/v2\/product_brand?post=49691"},{"taxonomy":"product_cat","embeddable":true,"href":"https:\/\/alegerglobal.com\/pl\/wp-json\/wp\/v2\/product_cat?post=49691"},{"taxonomy":"product_tag","embeddable":true,"href":"https:\/\/alegerglobal.com\/pl\/wp-json\/wp\/v2\/product_tag?post=49691"}],"curies":[{"name":"wp","href":"https:\/\/api.w.org\/{rel}","templated":true}]}}