{"id":49461,"date":"2025-09-14T17:53:00","date_gmt":"2025-09-14T16:53:02","guid":{"rendered":"https:\/\/alegerglobal.com\/?post_type=product&#038;p=49461"},"modified":"2026-03-25T20:54:31","modified_gmt":"2026-03-25T19:54:31","slug":"ecom-pad-ex-pro-01-p8-dz2-tablet-zabezpieczony-przed-wybuchem-atex-zone-2-ekran-dotykowy-116-windows-3","status":"publish","type":"product","link":"https:\/\/alegerglobal.com\/pl\/shop-pl\/ecom-pad-ex-pro-01-p8-dz2-tablet-zabezpieczony-przed-wybuchem-atex-zone-2-ekran-dotykowy-116-windows-3\/","title":{"rendered":"Smart-Ex\u00ae 203 &#8211; przysz\u0142o\u015bciowy smartfon 5G do pracy w niebezpiecznych warunkach"},"content":{"rendered":"","protected":false},"excerpt":{"rendered":"<p data-start=\"659\" data-end=\"1140\"><strong data-start=\"627\" data-end=\"643\">Smart-Ex 203<\/strong> firmy ECOM \/ Pepperl + Fuchs to pot\u0119\u017cny smartfon przemys\u0142owy opracowany specjalnie dla stref Ex <strong data-start=\"761\" data-end=\"787\">2\/22 i Division 2<\/strong>. Dzi\u0119ki najnowocze\u015bniejszym technologiom, takim jak 5G, WiFi 6, du\u017ca kamera, solidna konstrukcja i doskona\u0142e wsparcie oprogramowania, jest idealny do us\u0142ug terenowych, inspekcji, cyfrowych przep\u0142yw\u00f3w pracy i komunikacji mobilnej w niebezpiecznych obszarach roboczych.<\/p>\n","protected":false},"featured_media":49494,"comment_status":"open","ping_status":"closed","template":"","meta":{"_acf_changed":false},"product_brand":[],"product_cat":[982,2629,2630,983],"product_tag":[],"class_list":{"0":"post-49461","1":"product","2":"type-product","3":"status-publish","4":"has-post-thumbnail","6":"product_cat-atex-pl","7":"product_cat-komputery-przenosne","8":"product_cat-komunikacja","9":"product_cat-shop-pl","10":"pa_hersteller-ecom-pl","12":"first","13":"instock","14":"taxable","15":"shipping-taxable","16":"purchasable","17":"product-type-simple"},"acf":[],"yoast_head":"<!-- This site is optimized with the Yoast SEO Premium plugin v20.10 (Yoast SEO v24.3) - https:\/\/yoast.com\/wordpress\/plugins\/seo\/ -->\n<title>Smart-Ex 203 - smartfon 5G Ex dla strefy 2\/22 i dzia\u0142u 2<\/title>\n<meta name=\"description\" content=\"Wytrzyma\u0142y smartfon Smart-Ex 203 ATEX\/IECEx 5G z ekranem 6,3\u2033 FHD+, aparatem 48 MP, IP68 i MIL-STD-810H. Idealny do niebezpiecznych obszar\u00f3w o wysokiej wydajno\u015bci i bezpiecze\u0144stwie.\" \/>\n<meta name=\"robots\" content=\"index, follow, max-snippet:-1, max-image-preview:large, max-video-preview:-1\" \/>\n<meta property=\"og:locale\" content=\"pl_PL\" \/>\n<meta property=\"og:type\" content=\"article\" \/>\n<meta property=\"og:title\" content=\"Smart-Ex\u00ae 203 - przysz\u0142o\u015bciowy smartfon 5G do pracy w niebezpiecznych warunkach\" \/>\n<meta property=\"og:description\" content=\"Wytrzyma\u0142y smartfon Smart-Ex 203 ATEX\/IECEx 5G z ekranem 6,3\u2033 FHD+, aparatem 48 MP, IP68 i MIL-STD-810H. Idealny do niebezpiecznych obszar\u00f3w o wysokiej wydajno\u015bci i bezpiecze\u0144stwie.\" \/>\n<meta property=\"og:url\" content=\"https:\/\/alegerglobal.com\/pl\/shop-pl\/ecom-pad-ex-pro-01-p8-dz2-tablet-zabezpieczony-przed-wybuchem-atex-zone-2-ekran-dotykowy-116-windows-3\/\" \/>\n<meta property=\"og:site_name\" content=\"ALEGER \u22c6 Augmented Reality\" \/>\n<meta property=\"article:modified_time\" content=\"2026-03-25T19:54:31+00:00\" \/>\n<meta property=\"og:image\" content=\"https:\/\/alegerglobal.com\/wp-content\/uploads\/2025\/09\/Bild14.png\" \/>\n\t<meta property=\"og:image:width\" content=\"400\" \/>\n\t<meta property=\"og:image:height\" content=\"400\" \/>\n\t<meta property=\"og:image:type\" content=\"image\/png\" \/>\n<meta name=\"twitter:card\" content=\"summary_large_image\" \/>\n<meta name=\"twitter:label1\" content=\"Cena\" \/>\n\t<meta name=\"twitter:data1\" content=\"&euro;4.249,00\" \/>\n\t<meta name=\"twitter:label2\" content=\"Dost\u0119pno\u015b\u0107\" \/>\n\t<meta name=\"twitter:data2\" content=\"Dost\u0119pny\" \/>\n<script type=\"application\/ld+json\" class=\"yoast-schema-graph\">{\"@context\":\"https:\/\/schema.org\",\"@graph\":[{\"@type\":\"WebPage\",\"@id\":\"https:\/\/alegerglobal.com\/pl\/shop-pl\/ecom-pad-ex-pro-01-p8-dz2-tablet-zabezpieczony-przed-wybuchem-atex-zone-2-ekran-dotykowy-116-windows-3\/\",\"url\":\"https:\/\/alegerglobal.com\/pl\/shop-pl\/ecom-pad-ex-pro-01-p8-dz2-tablet-zabezpieczony-przed-wybuchem-atex-zone-2-ekran-dotykowy-116-windows-3\/\",\"name\":\"Smart-Ex 203 - smartfon 5G Ex dla strefy 2\/22 i dzia\u0142u 2\",\"isPartOf\":{\"@id\":\"https:\/\/alegerglobal.com\/pl\/#website\"},\"primaryImageOfPage\":{\"@id\":\"https:\/\/alegerglobal.com\/pl\/shop-pl\/ecom-pad-ex-pro-01-p8-dz2-tablet-zabezpieczony-przed-wybuchem-atex-zone-2-ekran-dotykowy-116-windows-3\/#primaryimage\"},\"image\":{\"@id\":\"https:\/\/alegerglobal.com\/pl\/shop-pl\/ecom-pad-ex-pro-01-p8-dz2-tablet-zabezpieczony-przed-wybuchem-atex-zone-2-ekran-dotykowy-116-windows-3\/#primaryimage\"},\"thumbnailUrl\":\"https:\/\/alegerglobal.com\/wp-content\/uploads\/2025\/09\/Bild14.png\",\"datePublished\":\"2025-09-14T16:53:02+00:00\",\"dateModified\":\"2026-03-25T19:54:31+00:00\",\"description\":\"Wytrzyma\u0142y smartfon Smart-Ex 203 ATEX\/IECEx 5G z ekranem 6,3\u2033 FHD+, aparatem 48 MP, IP68 i MIL-STD-810H. Idealny do niebezpiecznych obszar\u00f3w o wysokiej wydajno\u015bci i bezpiecze\u0144stwie.\",\"breadcrumb\":{\"@id\":\"https:\/\/alegerglobal.com\/pl\/shop-pl\/ecom-pad-ex-pro-01-p8-dz2-tablet-zabezpieczony-przed-wybuchem-atex-zone-2-ekran-dotykowy-116-windows-3\/#breadcrumb\"},\"inLanguage\":\"pl-PL\",\"potentialAction\":[{\"@type\":\"ReadAction\",\"target\":[\"https:\/\/alegerglobal.com\/pl\/shop-pl\/ecom-pad-ex-pro-01-p8-dz2-tablet-zabezpieczony-przed-wybuchem-atex-zone-2-ekran-dotykowy-116-windows-3\/\"]}]},{\"@type\":\"ImageObject\",\"inLanguage\":\"pl-PL\",\"@id\":\"https:\/\/alegerglobal.com\/pl\/shop-pl\/ecom-pad-ex-pro-01-p8-dz2-tablet-zabezpieczony-przed-wybuchem-atex-zone-2-ekran-dotykowy-116-windows-3\/#primaryimage\",\"url\":\"https:\/\/alegerglobal.com\/wp-content\/uploads\/2025\/09\/Bild14.png\",\"contentUrl\":\"https:\/\/alegerglobal.com\/wp-content\/uploads\/2025\/09\/Bild14.png\",\"width\":400,\"height\":400},{\"@type\":\"BreadcrumbList\",\"@id\":\"https:\/\/alegerglobal.com\/pl\/shop-pl\/ecom-pad-ex-pro-01-p8-dz2-tablet-zabezpieczony-przed-wybuchem-atex-zone-2-ekran-dotykowy-116-windows-3\/#breadcrumb\",\"itemListElement\":[{\"@type\":\"ListItem\",\"position\":1,\"name\":\"Home\",\"item\":\"https:\/\/alegerglobal.com\/pl\/nowosc-strona-glowna\/\"},{\"@type\":\"ListItem\",\"position\":2,\"name\":\"Produkty\",\"item\":\"https:\/\/alegerglobal.com\/pl\/produkty\/\"},{\"@type\":\"ListItem\",\"position\":3,\"name\":\"Smart-Ex\u00ae 203 &#8211; przysz\u0142o\u015bciowy smartfon 5G do pracy w niebezpiecznych warunkach\"}]},{\"@type\":\"WebSite\",\"@id\":\"https:\/\/alegerglobal.com\/pl\/#website\",\"url\":\"https:\/\/alegerglobal.com\/pl\/\",\"name\":\"ALEGER \u22c6 Augmented Reality\",\"description\":\"Die besten Augmented Reality (AR) L\u00f6sungen der Welt.\",\"publisher\":{\"@id\":\"https:\/\/alegerglobal.com\/pl\/#organization\"},\"potentialAction\":[{\"@type\":\"SearchAction\",\"target\":{\"@type\":\"EntryPoint\",\"urlTemplate\":\"https:\/\/alegerglobal.com\/pl\/?s={search_term_string}\"},\"query-input\":{\"@type\":\"PropertyValueSpecification\",\"valueRequired\":true,\"valueName\":\"search_term_string\"}}],\"inLanguage\":\"pl-PL\"},{\"@type\":\"Organization\",\"@id\":\"https:\/\/alegerglobal.com\/pl\/#organization\",\"name\":\"ALEGER \u22c6 Augmented Reality\",\"url\":\"https:\/\/alegerglobal.com\/pl\/\",\"logo\":{\"@type\":\"ImageObject\",\"inLanguage\":\"pl-PL\",\"@id\":\"https:\/\/alegerglobal.com\/pl\/#\/schema\/logo\/image\/\",\"url\":\"https:\/\/alegerglobal.com\/wp-content\/uploads\/2020\/12\/aleger-logo-quadrat.jpg\",\"contentUrl\":\"https:\/\/alegerglobal.com\/wp-content\/uploads\/2020\/12\/aleger-logo-quadrat.jpg\",\"width\":200,\"height\":176,\"caption\":\"ALEGER \u22c6 Augmented Reality\"},\"image\":{\"@id\":\"https:\/\/alegerglobal.com\/pl\/#\/schema\/logo\/image\/\"}}]}<\/script>\n<meta property=\"product:brand\" content=\"Ecom\" \/>\n<meta property=\"product:price:amount\" content=\"4249.00\" \/>\n<meta property=\"product:price:currency\" content=\"EUR\" \/>\n<meta property=\"og:availability\" content=\"instock\" \/>\n<meta property=\"product:availability\" content=\"instock\" \/>\n<meta property=\"product:condition\" content=\"new\" \/>\n<!-- \/ Yoast SEO Premium plugin. -->","yoast_head_json":{"title":"Smart-Ex 203 - smartfon 5G Ex dla strefy 2\/22 i dzia\u0142u 2","description":"Wytrzyma\u0142y smartfon Smart-Ex 203 ATEX\/IECEx 5G z ekranem 6,3\u2033 FHD+, aparatem 48 MP, IP68 i MIL-STD-810H. Idealny do niebezpiecznych obszar\u00f3w o wysokiej wydajno\u015bci i bezpiecze\u0144stwie.","robots":{"index":"index","follow":"follow","max-snippet":"max-snippet:-1","max-image-preview":"max-image-preview:large","max-video-preview":"max-video-preview:-1"},"og_locale":"pl_PL","og_type":"article","og_title":"Smart-Ex\u00ae 203 - przysz\u0142o\u015bciowy smartfon 5G do pracy w niebezpiecznych warunkach","og_description":"Wytrzyma\u0142y smartfon Smart-Ex 203 ATEX\/IECEx 5G z ekranem 6,3\u2033 FHD+, aparatem 48 MP, IP68 i MIL-STD-810H. Idealny do niebezpiecznych obszar\u00f3w o wysokiej wydajno\u015bci i bezpiecze\u0144stwie.","og_url":"https:\/\/alegerglobal.com\/pl\/shop-pl\/ecom-pad-ex-pro-01-p8-dz2-tablet-zabezpieczony-przed-wybuchem-atex-zone-2-ekran-dotykowy-116-windows-3\/","og_site_name":"ALEGER \u22c6 Augmented Reality","article_modified_time":"2026-03-25T19:54:31+00:00","og_image":[{"width":400,"height":400,"url":"https:\/\/alegerglobal.com\/wp-content\/uploads\/2025\/09\/Bild14.png","type":"image\/png"}],"twitter_card":"summary_large_image","twitter_misc":{"Cena":"&euro;4.249,00","Dost\u0119pno\u015b\u0107":"Dost\u0119pny"},"schema":{"@context":"https:\/\/schema.org","@graph":[{"@type":"WebPage","@id":"https:\/\/alegerglobal.com\/pl\/shop-pl\/ecom-pad-ex-pro-01-p8-dz2-tablet-zabezpieczony-przed-wybuchem-atex-zone-2-ekran-dotykowy-116-windows-3\/","url":"https:\/\/alegerglobal.com\/pl\/shop-pl\/ecom-pad-ex-pro-01-p8-dz2-tablet-zabezpieczony-przed-wybuchem-atex-zone-2-ekran-dotykowy-116-windows-3\/","name":"Smart-Ex 203 - smartfon 5G Ex dla strefy 2\/22 i dzia\u0142u 2","isPartOf":{"@id":"https:\/\/alegerglobal.com\/pl\/#website"},"primaryImageOfPage":{"@id":"https:\/\/alegerglobal.com\/pl\/shop-pl\/ecom-pad-ex-pro-01-p8-dz2-tablet-zabezpieczony-przed-wybuchem-atex-zone-2-ekran-dotykowy-116-windows-3\/#primaryimage"},"image":{"@id":"https:\/\/alegerglobal.com\/pl\/shop-pl\/ecom-pad-ex-pro-01-p8-dz2-tablet-zabezpieczony-przed-wybuchem-atex-zone-2-ekran-dotykowy-116-windows-3\/#primaryimage"},"thumbnailUrl":"https:\/\/alegerglobal.com\/wp-content\/uploads\/2025\/09\/Bild14.png","datePublished":"2025-09-14T16:53:02+00:00","dateModified":"2026-03-25T19:54:31+00:00","description":"Wytrzyma\u0142y smartfon Smart-Ex 203 ATEX\/IECEx 5G z ekranem 6,3\u2033 FHD+, aparatem 48 MP, IP68 i MIL-STD-810H. Idealny do niebezpiecznych obszar\u00f3w o wysokiej wydajno\u015bci i bezpiecze\u0144stwie.","breadcrumb":{"@id":"https:\/\/alegerglobal.com\/pl\/shop-pl\/ecom-pad-ex-pro-01-p8-dz2-tablet-zabezpieczony-przed-wybuchem-atex-zone-2-ekran-dotykowy-116-windows-3\/#breadcrumb"},"inLanguage":"pl-PL","potentialAction":[{"@type":"ReadAction","target":["https:\/\/alegerglobal.com\/pl\/shop-pl\/ecom-pad-ex-pro-01-p8-dz2-tablet-zabezpieczony-przed-wybuchem-atex-zone-2-ekran-dotykowy-116-windows-3\/"]}]},{"@type":"ImageObject","inLanguage":"pl-PL","@id":"https:\/\/alegerglobal.com\/pl\/shop-pl\/ecom-pad-ex-pro-01-p8-dz2-tablet-zabezpieczony-przed-wybuchem-atex-zone-2-ekran-dotykowy-116-windows-3\/#primaryimage","url":"https:\/\/alegerglobal.com\/wp-content\/uploads\/2025\/09\/Bild14.png","contentUrl":"https:\/\/alegerglobal.com\/wp-content\/uploads\/2025\/09\/Bild14.png","width":400,"height":400},{"@type":"BreadcrumbList","@id":"https:\/\/alegerglobal.com\/pl\/shop-pl\/ecom-pad-ex-pro-01-p8-dz2-tablet-zabezpieczony-przed-wybuchem-atex-zone-2-ekran-dotykowy-116-windows-3\/#breadcrumb","itemListElement":[{"@type":"ListItem","position":1,"name":"Home","item":"https:\/\/alegerglobal.com\/pl\/nowosc-strona-glowna\/"},{"@type":"ListItem","position":2,"name":"Produkty","item":"https:\/\/alegerglobal.com\/pl\/produkty\/"},{"@type":"ListItem","position":3,"name":"Smart-Ex\u00ae 203 &#8211; przysz\u0142o\u015bciowy smartfon 5G do pracy w niebezpiecznych warunkach"}]},{"@type":"WebSite","@id":"https:\/\/alegerglobal.com\/pl\/#website","url":"https:\/\/alegerglobal.com\/pl\/","name":"ALEGER \u22c6 Augmented Reality","description":"Die besten Augmented Reality (AR) L\u00f6sungen der Welt.","publisher":{"@id":"https:\/\/alegerglobal.com\/pl\/#organization"},"potentialAction":[{"@type":"SearchAction","target":{"@type":"EntryPoint","urlTemplate":"https:\/\/alegerglobal.com\/pl\/?s={search_term_string}"},"query-input":{"@type":"PropertyValueSpecification","valueRequired":true,"valueName":"search_term_string"}}],"inLanguage":"pl-PL"},{"@type":"Organization","@id":"https:\/\/alegerglobal.com\/pl\/#organization","name":"ALEGER \u22c6 Augmented Reality","url":"https:\/\/alegerglobal.com\/pl\/","logo":{"@type":"ImageObject","inLanguage":"pl-PL","@id":"https:\/\/alegerglobal.com\/pl\/#\/schema\/logo\/image\/","url":"https:\/\/alegerglobal.com\/wp-content\/uploads\/2020\/12\/aleger-logo-quadrat.jpg","contentUrl":"https:\/\/alegerglobal.com\/wp-content\/uploads\/2020\/12\/aleger-logo-quadrat.jpg","width":200,"height":176,"caption":"ALEGER \u22c6 Augmented Reality"},"image":{"@id":"https:\/\/alegerglobal.com\/pl\/#\/schema\/logo\/image\/"}}]},"product_brand":"Ecom","product_price_amount":"4249.00","product_price_currency":"EUR","og_availability":"instock","product_availability":"instock","product_condition":"new"},"_links":{"self":[{"href":"https:\/\/alegerglobal.com\/pl\/wp-json\/wp\/v2\/product\/49461","targetHints":{"allow":["GET"]}}],"collection":[{"href":"https:\/\/alegerglobal.com\/pl\/wp-json\/wp\/v2\/product"}],"about":[{"href":"https:\/\/alegerglobal.com\/pl\/wp-json\/wp\/v2\/types\/product"}],"replies":[{"embeddable":true,"href":"https:\/\/alegerglobal.com\/pl\/wp-json\/wp\/v2\/comments?post=49461"}],"version-history":[{"count":3,"href":"https:\/\/alegerglobal.com\/pl\/wp-json\/wp\/v2\/product\/49461\/revisions"}],"predecessor-version":[{"id":54125,"href":"https:\/\/alegerglobal.com\/pl\/wp-json\/wp\/v2\/product\/49461\/revisions\/54125"}],"wp:featuredmedia":[{"embeddable":true,"href":"https:\/\/alegerglobal.com\/pl\/wp-json\/wp\/v2\/media\/49494"}],"wp:attachment":[{"href":"https:\/\/alegerglobal.com\/pl\/wp-json\/wp\/v2\/media?parent=49461"}],"wp:term":[{"taxonomy":"product_brand","embeddable":true,"href":"https:\/\/alegerglobal.com\/pl\/wp-json\/wp\/v2\/product_brand?post=49461"},{"taxonomy":"product_cat","embeddable":true,"href":"https:\/\/alegerglobal.com\/pl\/wp-json\/wp\/v2\/product_cat?post=49461"},{"taxonomy":"product_tag","embeddable":true,"href":"https:\/\/alegerglobal.com\/pl\/wp-json\/wp\/v2\/product_tag?post=49461"}],"curies":[{"name":"wp","href":"https:\/\/api.w.org\/{rel}","templated":true}]}}