{"id":49372,"date":"2025-09-15T17:21:19","date_gmt":"2025-09-14T16:21:21","guid":{"rendered":"https:\/\/alegerglobal.com\/?post_type=product&#038;p=49372"},"modified":"2026-03-25T20:02:50","modified_gmt":"2026-03-25T19:02:50","slug":"ecom-pad-ex-pro-01-p8-dz2-tablet-zabezpieczony-przed-wybuchem-atex-zone-2-ekran-dotykowy-116-windows","status":"publish","type":"product","link":"https:\/\/alegerglobal.com\/pl\/komputery-przenosne\/ecom-pad-ex-pro-01-p8-dz2-tablet-zabezpieczony-przed-wybuchem-atex-zone-2-ekran-dotykowy-116-windows\/","title":{"rendered":"Pad-Ex\u00ae 01 P12 DZ2 &#8211; Tablet z systemem Windows do bezpiecznego i wydajnego u\u017cytkowania w strefie 2\/22 i dziale 2"},"content":{"rendered":"","protected":false},"excerpt":{"rendered":"<p data-start=\"659\" data-end=\"1140\"><strong data-start=\"682\" data-end=\"704\">Pad-Ex\u00ae 01 P12 DZ2<\/strong> firmy Ecom \/ Pepperl+Fuchs to profesjonalny tablet z systemem Windows, kt\u00f3ry zosta\u0142 specjalnie opracowany do u\u017cytku w \u015brodowiskach niebezpiecznych (strefa 2\/22 i dzia\u0142 2). Oferuje najwy\u017csz\u0105 technologi\u0119, zatwierdzenie Ex i solidno\u015b\u0107 dla przemys\u0142u, inspekcji instalacji, konserwacji i u\u017cytku na zewn\u0105trz.<\/p>\n","protected":false},"featured_media":49435,"comment_status":"open","ping_status":"closed","template":"","meta":{"_acf_changed":false},"product_brand":[],"product_cat":[982,2629,983],"product_tag":[],"class_list":{"0":"post-49372","1":"product","2":"type-product","3":"status-publish","4":"has-post-thumbnail","6":"product_cat-atex-pl","7":"product_cat-komputery-przenosne","8":"product_cat-shop-pl","9":"pa_hersteller-ecom-pl","11":"first","12":"instock","13":"taxable","14":"shipping-taxable","15":"purchasable","16":"product-type-simple"},"acf":[],"yoast_head":"<!-- This site is optimized with the Yoast SEO Premium plugin v20.10 (Yoast SEO v24.3) - https:\/\/yoast.com\/wordpress\/plugins\/seo\/ -->\n<title>Pad-Ex\u00ae 01 P12 DZ2 - tablet 11,6\u2033 Ex Windows dla strefy 2\/22<\/title>\n<meta name=\"description\" content=\"Wytrzyma\u0142y tablet z systemem Windows Pad-Ex\u00ae 01 P12 DZ2 z wy\u015bwietlaczem 11,6\u2033 FHD (1000 nit\u00f3w), Intel Core i5, IP64\/IP65, ATEX\/IECEx Zone 2\/22 &amp; Division 2, idealny do zastosowa\u0144 przemys\u0142owych z bezpiecze\u0144stwem i wydajno\u015bci\u0105.\" \/>\n<meta name=\"robots\" content=\"index, follow, max-snippet:-1, max-image-preview:large, max-video-preview:-1\" \/>\n<meta property=\"og:locale\" content=\"pl_PL\" \/>\n<meta property=\"og:type\" content=\"article\" \/>\n<meta property=\"og:title\" content=\"Pad-Ex\u00ae 01 P12 DZ2 - Tablet z systemem Windows do bezpiecznego i wydajnego u\u017cytkowania w strefie 2\/22 i dziale 2\" \/>\n<meta property=\"og:description\" content=\"Wytrzyma\u0142y tablet z systemem Windows Pad-Ex\u00ae 01 P12 DZ2 z wy\u015bwietlaczem 11,6\u2033 FHD (1000 nit\u00f3w), Intel Core i5, IP64\/IP65, ATEX\/IECEx Zone 2\/22 &amp; Division 2, idealny do zastosowa\u0144 przemys\u0142owych z bezpiecze\u0144stwem i wydajno\u015bci\u0105.\" \/>\n<meta property=\"og:url\" content=\"https:\/\/alegerglobal.com\/pl\/komputery-przenosne\/ecom-pad-ex-pro-01-p8-dz2-tablet-zabezpieczony-przed-wybuchem-atex-zone-2-ekran-dotykowy-116-windows\/\" \/>\n<meta property=\"og:site_name\" content=\"ALEGER \u22c6 Augmented Reality\" \/>\n<meta property=\"article:modified_time\" content=\"2026-03-25T19:02:50+00:00\" \/>\n<meta property=\"og:image\" content=\"https:\/\/alegerglobal.com\/wp-content\/uploads\/2025\/09\/bild10.png\" \/>\n\t<meta property=\"og:image:width\" content=\"400\" \/>\n\t<meta property=\"og:image:height\" content=\"400\" \/>\n\t<meta property=\"og:image:type\" content=\"image\/png\" \/>\n<meta name=\"twitter:card\" content=\"summary_large_image\" \/>\n<meta name=\"twitter:label1\" content=\"Cena\" \/>\n\t<meta name=\"twitter:data1\" content=\"&euro;4.249,00\" \/>\n\t<meta name=\"twitter:label2\" content=\"Dost\u0119pno\u015b\u0107\" \/>\n\t<meta name=\"twitter:data2\" content=\"Dost\u0119pny\" \/>\n<script type=\"application\/ld+json\" class=\"yoast-schema-graph\">{\"@context\":\"https:\/\/schema.org\",\"@graph\":[{\"@type\":\"WebPage\",\"@id\":\"https:\/\/alegerglobal.com\/pl\/komputery-przenosne\/ecom-pad-ex-pro-01-p8-dz2-tablet-zabezpieczony-przed-wybuchem-atex-zone-2-ekran-dotykowy-116-windows\/\",\"url\":\"https:\/\/alegerglobal.com\/pl\/komputery-przenosne\/ecom-pad-ex-pro-01-p8-dz2-tablet-zabezpieczony-przed-wybuchem-atex-zone-2-ekran-dotykowy-116-windows\/\",\"name\":\"Pad-Ex\u00ae 01 P12 DZ2 - tablet 11,6\u2033 Ex Windows dla strefy 2\/22\",\"isPartOf\":{\"@id\":\"https:\/\/alegerglobal.com\/pl\/#website\"},\"primaryImageOfPage\":{\"@id\":\"https:\/\/alegerglobal.com\/pl\/komputery-przenosne\/ecom-pad-ex-pro-01-p8-dz2-tablet-zabezpieczony-przed-wybuchem-atex-zone-2-ekran-dotykowy-116-windows\/#primaryimage\"},\"image\":{\"@id\":\"https:\/\/alegerglobal.com\/pl\/komputery-przenosne\/ecom-pad-ex-pro-01-p8-dz2-tablet-zabezpieczony-przed-wybuchem-atex-zone-2-ekran-dotykowy-116-windows\/#primaryimage\"},\"thumbnailUrl\":\"https:\/\/alegerglobal.com\/wp-content\/uploads\/2025\/09\/bild10.png\",\"datePublished\":\"2025-09-14T16:21:21+00:00\",\"dateModified\":\"2026-03-25T19:02:50+00:00\",\"description\":\"Wytrzyma\u0142y tablet z systemem Windows Pad-Ex\u00ae 01 P12 DZ2 z wy\u015bwietlaczem 11,6\u2033 FHD (1000 nit\u00f3w), Intel Core i5, IP64\/IP65, ATEX\/IECEx Zone 2\/22 & Division 2, idealny do zastosowa\u0144 przemys\u0142owych z bezpiecze\u0144stwem i wydajno\u015bci\u0105.\",\"breadcrumb\":{\"@id\":\"https:\/\/alegerglobal.com\/pl\/komputery-przenosne\/ecom-pad-ex-pro-01-p8-dz2-tablet-zabezpieczony-przed-wybuchem-atex-zone-2-ekran-dotykowy-116-windows\/#breadcrumb\"},\"inLanguage\":\"pl-PL\",\"potentialAction\":[{\"@type\":\"ReadAction\",\"target\":[\"https:\/\/alegerglobal.com\/pl\/komputery-przenosne\/ecom-pad-ex-pro-01-p8-dz2-tablet-zabezpieczony-przed-wybuchem-atex-zone-2-ekran-dotykowy-116-windows\/\"]}]},{\"@type\":\"ImageObject\",\"inLanguage\":\"pl-PL\",\"@id\":\"https:\/\/alegerglobal.com\/pl\/komputery-przenosne\/ecom-pad-ex-pro-01-p8-dz2-tablet-zabezpieczony-przed-wybuchem-atex-zone-2-ekran-dotykowy-116-windows\/#primaryimage\",\"url\":\"https:\/\/alegerglobal.com\/wp-content\/uploads\/2025\/09\/bild10.png\",\"contentUrl\":\"https:\/\/alegerglobal.com\/wp-content\/uploads\/2025\/09\/bild10.png\",\"width\":400,\"height\":400},{\"@type\":\"BreadcrumbList\",\"@id\":\"https:\/\/alegerglobal.com\/pl\/komputery-przenosne\/ecom-pad-ex-pro-01-p8-dz2-tablet-zabezpieczony-przed-wybuchem-atex-zone-2-ekran-dotykowy-116-windows\/#breadcrumb\",\"itemListElement\":[{\"@type\":\"ListItem\",\"position\":1,\"name\":\"Home\",\"item\":\"https:\/\/alegerglobal.com\/pl\/nowosc-strona-glowna\/\"},{\"@type\":\"ListItem\",\"position\":2,\"name\":\"Produkty\",\"item\":\"https:\/\/alegerglobal.com\/pl\/produkty\/\"},{\"@type\":\"ListItem\",\"position\":3,\"name\":\"Pad-Ex\u00ae 01 P12 DZ2 &#8211; Tablet z systemem Windows do bezpiecznego i wydajnego u\u017cytkowania w strefie 2\/22 i dziale 2\"}]},{\"@type\":\"WebSite\",\"@id\":\"https:\/\/alegerglobal.com\/pl\/#website\",\"url\":\"https:\/\/alegerglobal.com\/pl\/\",\"name\":\"ALEGER \u22c6 Augmented Reality\",\"description\":\"Die besten Augmented Reality (AR) L\u00f6sungen der Welt.\",\"publisher\":{\"@id\":\"https:\/\/alegerglobal.com\/pl\/#organization\"},\"potentialAction\":[{\"@type\":\"SearchAction\",\"target\":{\"@type\":\"EntryPoint\",\"urlTemplate\":\"https:\/\/alegerglobal.com\/pl\/?s={search_term_string}\"},\"query-input\":{\"@type\":\"PropertyValueSpecification\",\"valueRequired\":true,\"valueName\":\"search_term_string\"}}],\"inLanguage\":\"pl-PL\"},{\"@type\":\"Organization\",\"@id\":\"https:\/\/alegerglobal.com\/pl\/#organization\",\"name\":\"ALEGER \u22c6 Augmented Reality\",\"url\":\"https:\/\/alegerglobal.com\/pl\/\",\"logo\":{\"@type\":\"ImageObject\",\"inLanguage\":\"pl-PL\",\"@id\":\"https:\/\/alegerglobal.com\/pl\/#\/schema\/logo\/image\/\",\"url\":\"https:\/\/alegerglobal.com\/wp-content\/uploads\/2020\/12\/aleger-logo-quadrat.jpg\",\"contentUrl\":\"https:\/\/alegerglobal.com\/wp-content\/uploads\/2020\/12\/aleger-logo-quadrat.jpg\",\"width\":200,\"height\":176,\"caption\":\"ALEGER \u22c6 Augmented Reality\"},\"image\":{\"@id\":\"https:\/\/alegerglobal.com\/pl\/#\/schema\/logo\/image\/\"}}]}<\/script>\n<meta property=\"product:brand\" content=\"Ecom\" \/>\n<meta property=\"product:price:amount\" content=\"4249.00\" \/>\n<meta property=\"product:price:currency\" content=\"EUR\" \/>\n<meta property=\"og:availability\" content=\"instock\" \/>\n<meta property=\"product:availability\" content=\"instock\" \/>\n<meta property=\"product:condition\" content=\"new\" \/>\n<!-- \/ Yoast SEO Premium plugin. -->","yoast_head_json":{"title":"Pad-Ex\u00ae 01 P12 DZ2 - tablet 11,6\u2033 Ex Windows dla strefy 2\/22","description":"Wytrzyma\u0142y tablet z systemem Windows Pad-Ex\u00ae 01 P12 DZ2 z wy\u015bwietlaczem 11,6\u2033 FHD (1000 nit\u00f3w), Intel Core i5, IP64\/IP65, ATEX\/IECEx Zone 2\/22 & Division 2, idealny do zastosowa\u0144 przemys\u0142owych z bezpiecze\u0144stwem i wydajno\u015bci\u0105.","robots":{"index":"index","follow":"follow","max-snippet":"max-snippet:-1","max-image-preview":"max-image-preview:large","max-video-preview":"max-video-preview:-1"},"og_locale":"pl_PL","og_type":"article","og_title":"Pad-Ex\u00ae 01 P12 DZ2 - Tablet z systemem Windows do bezpiecznego i wydajnego u\u017cytkowania w strefie 2\/22 i dziale 2","og_description":"Wytrzyma\u0142y tablet z systemem Windows Pad-Ex\u00ae 01 P12 DZ2 z wy\u015bwietlaczem 11,6\u2033 FHD (1000 nit\u00f3w), Intel Core i5, IP64\/IP65, ATEX\/IECEx Zone 2\/22 & Division 2, idealny do zastosowa\u0144 przemys\u0142owych z bezpiecze\u0144stwem i wydajno\u015bci\u0105.","og_url":"https:\/\/alegerglobal.com\/pl\/komputery-przenosne\/ecom-pad-ex-pro-01-p8-dz2-tablet-zabezpieczony-przed-wybuchem-atex-zone-2-ekran-dotykowy-116-windows\/","og_site_name":"ALEGER \u22c6 Augmented Reality","article_modified_time":"2026-03-25T19:02:50+00:00","og_image":[{"width":400,"height":400,"url":"https:\/\/alegerglobal.com\/wp-content\/uploads\/2025\/09\/bild10.png","type":"image\/png"}],"twitter_card":"summary_large_image","twitter_misc":{"Cena":"&euro;4.249,00","Dost\u0119pno\u015b\u0107":"Dost\u0119pny"},"schema":{"@context":"https:\/\/schema.org","@graph":[{"@type":"WebPage","@id":"https:\/\/alegerglobal.com\/pl\/komputery-przenosne\/ecom-pad-ex-pro-01-p8-dz2-tablet-zabezpieczony-przed-wybuchem-atex-zone-2-ekran-dotykowy-116-windows\/","url":"https:\/\/alegerglobal.com\/pl\/komputery-przenosne\/ecom-pad-ex-pro-01-p8-dz2-tablet-zabezpieczony-przed-wybuchem-atex-zone-2-ekran-dotykowy-116-windows\/","name":"Pad-Ex\u00ae 01 P12 DZ2 - tablet 11,6\u2033 Ex Windows dla strefy 2\/22","isPartOf":{"@id":"https:\/\/alegerglobal.com\/pl\/#website"},"primaryImageOfPage":{"@id":"https:\/\/alegerglobal.com\/pl\/komputery-przenosne\/ecom-pad-ex-pro-01-p8-dz2-tablet-zabezpieczony-przed-wybuchem-atex-zone-2-ekran-dotykowy-116-windows\/#primaryimage"},"image":{"@id":"https:\/\/alegerglobal.com\/pl\/komputery-przenosne\/ecom-pad-ex-pro-01-p8-dz2-tablet-zabezpieczony-przed-wybuchem-atex-zone-2-ekran-dotykowy-116-windows\/#primaryimage"},"thumbnailUrl":"https:\/\/alegerglobal.com\/wp-content\/uploads\/2025\/09\/bild10.png","datePublished":"2025-09-14T16:21:21+00:00","dateModified":"2026-03-25T19:02:50+00:00","description":"Wytrzyma\u0142y tablet z systemem Windows Pad-Ex\u00ae 01 P12 DZ2 z wy\u015bwietlaczem 11,6\u2033 FHD (1000 nit\u00f3w), Intel Core i5, IP64\/IP65, ATEX\/IECEx Zone 2\/22 & Division 2, idealny do zastosowa\u0144 przemys\u0142owych z bezpiecze\u0144stwem i wydajno\u015bci\u0105.","breadcrumb":{"@id":"https:\/\/alegerglobal.com\/pl\/komputery-przenosne\/ecom-pad-ex-pro-01-p8-dz2-tablet-zabezpieczony-przed-wybuchem-atex-zone-2-ekran-dotykowy-116-windows\/#breadcrumb"},"inLanguage":"pl-PL","potentialAction":[{"@type":"ReadAction","target":["https:\/\/alegerglobal.com\/pl\/komputery-przenosne\/ecom-pad-ex-pro-01-p8-dz2-tablet-zabezpieczony-przed-wybuchem-atex-zone-2-ekran-dotykowy-116-windows\/"]}]},{"@type":"ImageObject","inLanguage":"pl-PL","@id":"https:\/\/alegerglobal.com\/pl\/komputery-przenosne\/ecom-pad-ex-pro-01-p8-dz2-tablet-zabezpieczony-przed-wybuchem-atex-zone-2-ekran-dotykowy-116-windows\/#primaryimage","url":"https:\/\/alegerglobal.com\/wp-content\/uploads\/2025\/09\/bild10.png","contentUrl":"https:\/\/alegerglobal.com\/wp-content\/uploads\/2025\/09\/bild10.png","width":400,"height":400},{"@type":"BreadcrumbList","@id":"https:\/\/alegerglobal.com\/pl\/komputery-przenosne\/ecom-pad-ex-pro-01-p8-dz2-tablet-zabezpieczony-przed-wybuchem-atex-zone-2-ekran-dotykowy-116-windows\/#breadcrumb","itemListElement":[{"@type":"ListItem","position":1,"name":"Home","item":"https:\/\/alegerglobal.com\/pl\/nowosc-strona-glowna\/"},{"@type":"ListItem","position":2,"name":"Produkty","item":"https:\/\/alegerglobal.com\/pl\/produkty\/"},{"@type":"ListItem","position":3,"name":"Pad-Ex\u00ae 01 P12 DZ2 &#8211; Tablet z systemem Windows do bezpiecznego i wydajnego u\u017cytkowania w strefie 2\/22 i dziale 2"}]},{"@type":"WebSite","@id":"https:\/\/alegerglobal.com\/pl\/#website","url":"https:\/\/alegerglobal.com\/pl\/","name":"ALEGER \u22c6 Augmented Reality","description":"Die besten Augmented Reality (AR) L\u00f6sungen der Welt.","publisher":{"@id":"https:\/\/alegerglobal.com\/pl\/#organization"},"potentialAction":[{"@type":"SearchAction","target":{"@type":"EntryPoint","urlTemplate":"https:\/\/alegerglobal.com\/pl\/?s={search_term_string}"},"query-input":{"@type":"PropertyValueSpecification","valueRequired":true,"valueName":"search_term_string"}}],"inLanguage":"pl-PL"},{"@type":"Organization","@id":"https:\/\/alegerglobal.com\/pl\/#organization","name":"ALEGER \u22c6 Augmented Reality","url":"https:\/\/alegerglobal.com\/pl\/","logo":{"@type":"ImageObject","inLanguage":"pl-PL","@id":"https:\/\/alegerglobal.com\/pl\/#\/schema\/logo\/image\/","url":"https:\/\/alegerglobal.com\/wp-content\/uploads\/2020\/12\/aleger-logo-quadrat.jpg","contentUrl":"https:\/\/alegerglobal.com\/wp-content\/uploads\/2020\/12\/aleger-logo-quadrat.jpg","width":200,"height":176,"caption":"ALEGER \u22c6 Augmented Reality"},"image":{"@id":"https:\/\/alegerglobal.com\/pl\/#\/schema\/logo\/image\/"}}]},"product_brand":"Ecom","product_price_amount":"4249.00","product_price_currency":"EUR","og_availability":"instock","product_availability":"instock","product_condition":"new"},"_links":{"self":[{"href":"https:\/\/alegerglobal.com\/pl\/wp-json\/wp\/v2\/product\/49372","targetHints":{"allow":["GET"]}}],"collection":[{"href":"https:\/\/alegerglobal.com\/pl\/wp-json\/wp\/v2\/product"}],"about":[{"href":"https:\/\/alegerglobal.com\/pl\/wp-json\/wp\/v2\/types\/product"}],"replies":[{"embeddable":true,"href":"https:\/\/alegerglobal.com\/pl\/wp-json\/wp\/v2\/comments?post=49372"}],"version-history":[{"count":3,"href":"https:\/\/alegerglobal.com\/pl\/wp-json\/wp\/v2\/product\/49372\/revisions"}],"predecessor-version":[{"id":54083,"href":"https:\/\/alegerglobal.com\/pl\/wp-json\/wp\/v2\/product\/49372\/revisions\/54083"}],"wp:featuredmedia":[{"embeddable":true,"href":"https:\/\/alegerglobal.com\/pl\/wp-json\/wp\/v2\/media\/49435"}],"wp:attachment":[{"href":"https:\/\/alegerglobal.com\/pl\/wp-json\/wp\/v2\/media?parent=49372"}],"wp:term":[{"taxonomy":"product_brand","embeddable":true,"href":"https:\/\/alegerglobal.com\/pl\/wp-json\/wp\/v2\/product_brand?post=49372"},{"taxonomy":"product_cat","embeddable":true,"href":"https:\/\/alegerglobal.com\/pl\/wp-json\/wp\/v2\/product_cat?post=49372"},{"taxonomy":"product_tag","embeddable":true,"href":"https:\/\/alegerglobal.com\/pl\/wp-json\/wp\/v2\/product_tag?post=49372"}],"curies":[{"name":"wp","href":"https:\/\/api.w.org\/{rel}","templated":true}]}}