{"id":49052,"date":"2025-09-14T12:39:54","date_gmt":"2025-09-14T11:39:57","guid":{"rendered":"https:\/\/alegerglobal.com\/?post_type=product&#038;p=49052"},"modified":"2026-03-25T20:36:42","modified_gmt":"2026-03-25T19:36:42","slug":"ecom-smart-ex-02-dz2-smartfon-z-ochrona-ex-dla-strefy-2-atex-5-ekran-dotykowy-android","status":"publish","type":"product","link":"https:\/\/alegerglobal.com\/pl\/shop-pl\/ecom-smart-ex-02-dz2-smartfon-z-ochrona-ex-dla-strefy-2-atex-5-ekran-dotykowy-android\/","title":{"rendered":"Smart-Ex\u00ae 03 DZ2 &#8211; najnowocze\u015bniejszy smartfon przemys\u0142owy 5G dla strefy 2\/22 i dywizji 2"},"content":{"rendered":"","protected":false},"excerpt":{"rendered":"<p data-start=\"274\" data-end=\"664\">Poznaj now\u0105 generacj\u0119 komunikacji mobilnej w \u015brodowiskach niebezpiecznych: <strong data-start=\"370\" data-end=\"390\">Smart-Ex\u00ae 03 DZ2<\/strong> firmy ECOM \/ Pepperl+Fuchs oferuje bezkompromisowe bezpiecze\u0144stwo, maksymaln\u0105 wydajno\u015b\u0107 i inteligentne funkcje &#8211; opracowane specjalnie dla strefy 2\/22 i dzia\u0142u 2. Idealny dla przemys\u0142u, chemikali\u00f3w, ropy i gazu, farmaceutyk\u00f3w i obszar\u00f3w, w kt\u00f3rych ochrona przeciwwybuchowa i niezawodno\u015b\u0107 maj\u0105 kluczowe znaczenie.<\/p>\n","protected":false},"featured_media":49028,"comment_status":"open","ping_status":"closed","template":"","meta":{"_acf_changed":false},"product_brand":[],"product_cat":[982,2629,2630,983],"product_tag":[],"class_list":{"0":"post-49052","1":"product","2":"type-product","3":"status-publish","4":"has-post-thumbnail","6":"product_cat-atex-pl","7":"product_cat-komputery-przenosne","8":"product_cat-komunikacja","9":"product_cat-shop-pl","10":"pa_hersteller-ecom-pl","12":"first","13":"instock","14":"taxable","15":"shipping-taxable","16":"purchasable","17":"product-type-simple"},"acf":[],"yoast_head":"<!-- This site is optimized with the Yoast SEO Premium plugin v20.10 (Yoast SEO v24.3) - https:\/\/yoast.com\/wordpress\/plugins\/seo\/ -->\n<title>Kup Smart-Ex 03 DZ2 od ecom - ALEGER \u22c6 Augmented Reality<\/title>\n<meta name=\"description\" content=\"Zaprojektowany zgodnie z dyrektyw\u0105 ATEX, ecom Smart-Ex 03 DZ2 jest idealnym towarzyszem do zastosowa\u0144 przemys\u0142owych. \ud83d\udd27\ud83d\udd29\" \/>\n<meta name=\"robots\" content=\"index, follow, max-snippet:-1, max-image-preview:large, max-video-preview:-1\" \/>\n<meta property=\"og:locale\" content=\"pl_PL\" \/>\n<meta property=\"og:type\" content=\"article\" \/>\n<meta property=\"og:title\" content=\"Smart-Ex\u00ae 03 DZ2 - najnowocze\u015bniejszy smartfon przemys\u0142owy 5G dla strefy 2\/22 i dywizji 2\" \/>\n<meta property=\"og:description\" content=\"Zaprojektowany zgodnie z dyrektyw\u0105 ATEX, ecom Smart-Ex 03 DZ2 jest idealnym towarzyszem do zastosowa\u0144 przemys\u0142owych. \ud83d\udd27\ud83d\udd29\" \/>\n<meta property=\"og:url\" content=\"https:\/\/alegerglobal.com\/pl\/shop-pl\/ecom-smart-ex-02-dz2-smartfon-z-ochrona-ex-dla-strefy-2-atex-5-ekran-dotykowy-android\/\" \/>\n<meta property=\"og:site_name\" content=\"ALEGER \u22c6 Augmented Reality\" \/>\n<meta property=\"article:modified_time\" content=\"2026-03-25T19:36:42+00:00\" \/>\n<meta property=\"og:image\" content=\"https:\/\/alegerglobal.com\/wp-content\/uploads\/2025\/09\/ecom-smart-ex-03.jpg\" \/>\n\t<meta property=\"og:image:width\" content=\"1016\" \/>\n\t<meta property=\"og:image:height\" content=\"1058\" \/>\n\t<meta property=\"og:image:type\" content=\"image\/jpeg\" \/>\n<meta name=\"twitter:card\" content=\"summary_large_image\" \/>\n<meta name=\"twitter:label1\" content=\"Cena\" \/>\n\t<meta name=\"twitter:data1\" content=\"&euro;1.993,00\" \/>\n\t<meta name=\"twitter:label2\" content=\"Dost\u0119pno\u015b\u0107\" \/>\n\t<meta name=\"twitter:data2\" content=\"Dost\u0119pny\" \/>\n<script type=\"application\/ld+json\" class=\"yoast-schema-graph\">{\"@context\":\"https:\/\/schema.org\",\"@graph\":[{\"@type\":\"WebPage\",\"@id\":\"https:\/\/alegerglobal.com\/pl\/shop-pl\/ecom-smart-ex-02-dz2-smartfon-z-ochrona-ex-dla-strefy-2-atex-5-ekran-dotykowy-android\/\",\"url\":\"https:\/\/alegerglobal.com\/pl\/shop-pl\/ecom-smart-ex-02-dz2-smartfon-z-ochrona-ex-dla-strefy-2-atex-5-ekran-dotykowy-android\/\",\"name\":\"Kup Smart-Ex 03 DZ2 od ecom - ALEGER \u22c6 Augmented Reality\",\"isPartOf\":{\"@id\":\"https:\/\/alegerglobal.com\/pl\/#website\"},\"primaryImageOfPage\":{\"@id\":\"https:\/\/alegerglobal.com\/pl\/shop-pl\/ecom-smart-ex-02-dz2-smartfon-z-ochrona-ex-dla-strefy-2-atex-5-ekran-dotykowy-android\/#primaryimage\"},\"image\":{\"@id\":\"https:\/\/alegerglobal.com\/pl\/shop-pl\/ecom-smart-ex-02-dz2-smartfon-z-ochrona-ex-dla-strefy-2-atex-5-ekran-dotykowy-android\/#primaryimage\"},\"thumbnailUrl\":\"https:\/\/alegerglobal.com\/wp-content\/uploads\/2025\/09\/ecom-smart-ex-03.jpg\",\"datePublished\":\"2025-09-14T11:39:57+00:00\",\"dateModified\":\"2026-03-25T19:36:42+00:00\",\"description\":\"Zaprojektowany zgodnie z dyrektyw\u0105 ATEX, ecom Smart-Ex 03 DZ2 jest idealnym towarzyszem do zastosowa\u0144 przemys\u0142owych. \ud83d\udd27\ud83d\udd29\",\"breadcrumb\":{\"@id\":\"https:\/\/alegerglobal.com\/pl\/shop-pl\/ecom-smart-ex-02-dz2-smartfon-z-ochrona-ex-dla-strefy-2-atex-5-ekran-dotykowy-android\/#breadcrumb\"},\"inLanguage\":\"pl-PL\",\"potentialAction\":[{\"@type\":\"ReadAction\",\"target\":[\"https:\/\/alegerglobal.com\/pl\/shop-pl\/ecom-smart-ex-02-dz2-smartfon-z-ochrona-ex-dla-strefy-2-atex-5-ekran-dotykowy-android\/\"]}]},{\"@type\":\"ImageObject\",\"inLanguage\":\"pl-PL\",\"@id\":\"https:\/\/alegerglobal.com\/pl\/shop-pl\/ecom-smart-ex-02-dz2-smartfon-z-ochrona-ex-dla-strefy-2-atex-5-ekran-dotykowy-android\/#primaryimage\",\"url\":\"https:\/\/alegerglobal.com\/wp-content\/uploads\/2025\/09\/ecom-smart-ex-03.jpg\",\"contentUrl\":\"https:\/\/alegerglobal.com\/wp-content\/uploads\/2025\/09\/ecom-smart-ex-03.jpg\",\"width\":1016,\"height\":1058},{\"@type\":\"BreadcrumbList\",\"@id\":\"https:\/\/alegerglobal.com\/pl\/shop-pl\/ecom-smart-ex-02-dz2-smartfon-z-ochrona-ex-dla-strefy-2-atex-5-ekran-dotykowy-android\/#breadcrumb\",\"itemListElement\":[{\"@type\":\"ListItem\",\"position\":1,\"name\":\"Home\",\"item\":\"https:\/\/alegerglobal.com\/pl\/nowosc-strona-glowna\/\"},{\"@type\":\"ListItem\",\"position\":2,\"name\":\"Produkty\",\"item\":\"https:\/\/alegerglobal.com\/pl\/produkty\/\"},{\"@type\":\"ListItem\",\"position\":3,\"name\":\"Smart-Ex\u00ae 03 DZ2 &#8211; najnowocze\u015bniejszy smartfon przemys\u0142owy 5G dla strefy 2\/22 i dywizji 2\"}]},{\"@type\":\"WebSite\",\"@id\":\"https:\/\/alegerglobal.com\/pl\/#website\",\"url\":\"https:\/\/alegerglobal.com\/pl\/\",\"name\":\"ALEGER \u22c6 Augmented Reality\",\"description\":\"Die besten Augmented Reality (AR) L\u00f6sungen der Welt.\",\"publisher\":{\"@id\":\"https:\/\/alegerglobal.com\/pl\/#organization\"},\"potentialAction\":[{\"@type\":\"SearchAction\",\"target\":{\"@type\":\"EntryPoint\",\"urlTemplate\":\"https:\/\/alegerglobal.com\/pl\/?s={search_term_string}\"},\"query-input\":{\"@type\":\"PropertyValueSpecification\",\"valueRequired\":true,\"valueName\":\"search_term_string\"}}],\"inLanguage\":\"pl-PL\"},{\"@type\":\"Organization\",\"@id\":\"https:\/\/alegerglobal.com\/pl\/#organization\",\"name\":\"ALEGER \u22c6 Augmented Reality\",\"url\":\"https:\/\/alegerglobal.com\/pl\/\",\"logo\":{\"@type\":\"ImageObject\",\"inLanguage\":\"pl-PL\",\"@id\":\"https:\/\/alegerglobal.com\/pl\/#\/schema\/logo\/image\/\",\"url\":\"https:\/\/alegerglobal.com\/wp-content\/uploads\/2020\/12\/aleger-logo-quadrat.jpg\",\"contentUrl\":\"https:\/\/alegerglobal.com\/wp-content\/uploads\/2020\/12\/aleger-logo-quadrat.jpg\",\"width\":200,\"height\":176,\"caption\":\"ALEGER \u22c6 Augmented Reality\"},\"image\":{\"@id\":\"https:\/\/alegerglobal.com\/pl\/#\/schema\/logo\/image\/\"}}]}<\/script>\n<meta property=\"product:brand\" content=\"Ecom\" \/>\n<meta property=\"product:price:amount\" content=\"1993.00\" \/>\n<meta property=\"product:price:currency\" content=\"EUR\" \/>\n<meta property=\"og:availability\" content=\"instock\" \/>\n<meta property=\"product:availability\" content=\"instock\" \/>\n<meta property=\"product:condition\" content=\"new\" \/>\n<!-- \/ Yoast SEO Premium plugin. -->","yoast_head_json":{"title":"Kup Smart-Ex 03 DZ2 od ecom - ALEGER \u22c6 Augmented Reality","description":"Zaprojektowany zgodnie z dyrektyw\u0105 ATEX, ecom Smart-Ex 03 DZ2 jest idealnym towarzyszem do zastosowa\u0144 przemys\u0142owych. \ud83d\udd27\ud83d\udd29","robots":{"index":"index","follow":"follow","max-snippet":"max-snippet:-1","max-image-preview":"max-image-preview:large","max-video-preview":"max-video-preview:-1"},"og_locale":"pl_PL","og_type":"article","og_title":"Smart-Ex\u00ae 03 DZ2 - najnowocze\u015bniejszy smartfon przemys\u0142owy 5G dla strefy 2\/22 i dywizji 2","og_description":"Zaprojektowany zgodnie z dyrektyw\u0105 ATEX, ecom Smart-Ex 03 DZ2 jest idealnym towarzyszem do zastosowa\u0144 przemys\u0142owych. \ud83d\udd27\ud83d\udd29","og_url":"https:\/\/alegerglobal.com\/pl\/shop-pl\/ecom-smart-ex-02-dz2-smartfon-z-ochrona-ex-dla-strefy-2-atex-5-ekran-dotykowy-android\/","og_site_name":"ALEGER \u22c6 Augmented Reality","article_modified_time":"2026-03-25T19:36:42+00:00","og_image":[{"width":1016,"height":1058,"url":"https:\/\/alegerglobal.com\/wp-content\/uploads\/2025\/09\/ecom-smart-ex-03.jpg","type":"image\/jpeg"}],"twitter_card":"summary_large_image","twitter_misc":{"Cena":"&euro;1.993,00","Dost\u0119pno\u015b\u0107":"Dost\u0119pny"},"schema":{"@context":"https:\/\/schema.org","@graph":[{"@type":"WebPage","@id":"https:\/\/alegerglobal.com\/pl\/shop-pl\/ecom-smart-ex-02-dz2-smartfon-z-ochrona-ex-dla-strefy-2-atex-5-ekran-dotykowy-android\/","url":"https:\/\/alegerglobal.com\/pl\/shop-pl\/ecom-smart-ex-02-dz2-smartfon-z-ochrona-ex-dla-strefy-2-atex-5-ekran-dotykowy-android\/","name":"Kup Smart-Ex 03 DZ2 od ecom - ALEGER \u22c6 Augmented Reality","isPartOf":{"@id":"https:\/\/alegerglobal.com\/pl\/#website"},"primaryImageOfPage":{"@id":"https:\/\/alegerglobal.com\/pl\/shop-pl\/ecom-smart-ex-02-dz2-smartfon-z-ochrona-ex-dla-strefy-2-atex-5-ekran-dotykowy-android\/#primaryimage"},"image":{"@id":"https:\/\/alegerglobal.com\/pl\/shop-pl\/ecom-smart-ex-02-dz2-smartfon-z-ochrona-ex-dla-strefy-2-atex-5-ekran-dotykowy-android\/#primaryimage"},"thumbnailUrl":"https:\/\/alegerglobal.com\/wp-content\/uploads\/2025\/09\/ecom-smart-ex-03.jpg","datePublished":"2025-09-14T11:39:57+00:00","dateModified":"2026-03-25T19:36:42+00:00","description":"Zaprojektowany zgodnie z dyrektyw\u0105 ATEX, ecom Smart-Ex 03 DZ2 jest idealnym towarzyszem do zastosowa\u0144 przemys\u0142owych. \ud83d\udd27\ud83d\udd29","breadcrumb":{"@id":"https:\/\/alegerglobal.com\/pl\/shop-pl\/ecom-smart-ex-02-dz2-smartfon-z-ochrona-ex-dla-strefy-2-atex-5-ekran-dotykowy-android\/#breadcrumb"},"inLanguage":"pl-PL","potentialAction":[{"@type":"ReadAction","target":["https:\/\/alegerglobal.com\/pl\/shop-pl\/ecom-smart-ex-02-dz2-smartfon-z-ochrona-ex-dla-strefy-2-atex-5-ekran-dotykowy-android\/"]}]},{"@type":"ImageObject","inLanguage":"pl-PL","@id":"https:\/\/alegerglobal.com\/pl\/shop-pl\/ecom-smart-ex-02-dz2-smartfon-z-ochrona-ex-dla-strefy-2-atex-5-ekran-dotykowy-android\/#primaryimage","url":"https:\/\/alegerglobal.com\/wp-content\/uploads\/2025\/09\/ecom-smart-ex-03.jpg","contentUrl":"https:\/\/alegerglobal.com\/wp-content\/uploads\/2025\/09\/ecom-smart-ex-03.jpg","width":1016,"height":1058},{"@type":"BreadcrumbList","@id":"https:\/\/alegerglobal.com\/pl\/shop-pl\/ecom-smart-ex-02-dz2-smartfon-z-ochrona-ex-dla-strefy-2-atex-5-ekran-dotykowy-android\/#breadcrumb","itemListElement":[{"@type":"ListItem","position":1,"name":"Home","item":"https:\/\/alegerglobal.com\/pl\/nowosc-strona-glowna\/"},{"@type":"ListItem","position":2,"name":"Produkty","item":"https:\/\/alegerglobal.com\/pl\/produkty\/"},{"@type":"ListItem","position":3,"name":"Smart-Ex\u00ae 03 DZ2 &#8211; najnowocze\u015bniejszy smartfon przemys\u0142owy 5G dla strefy 2\/22 i dywizji 2"}]},{"@type":"WebSite","@id":"https:\/\/alegerglobal.com\/pl\/#website","url":"https:\/\/alegerglobal.com\/pl\/","name":"ALEGER \u22c6 Augmented Reality","description":"Die besten Augmented Reality (AR) L\u00f6sungen der Welt.","publisher":{"@id":"https:\/\/alegerglobal.com\/pl\/#organization"},"potentialAction":[{"@type":"SearchAction","target":{"@type":"EntryPoint","urlTemplate":"https:\/\/alegerglobal.com\/pl\/?s={search_term_string}"},"query-input":{"@type":"PropertyValueSpecification","valueRequired":true,"valueName":"search_term_string"}}],"inLanguage":"pl-PL"},{"@type":"Organization","@id":"https:\/\/alegerglobal.com\/pl\/#organization","name":"ALEGER \u22c6 Augmented Reality","url":"https:\/\/alegerglobal.com\/pl\/","logo":{"@type":"ImageObject","inLanguage":"pl-PL","@id":"https:\/\/alegerglobal.com\/pl\/#\/schema\/logo\/image\/","url":"https:\/\/alegerglobal.com\/wp-content\/uploads\/2020\/12\/aleger-logo-quadrat.jpg","contentUrl":"https:\/\/alegerglobal.com\/wp-content\/uploads\/2020\/12\/aleger-logo-quadrat.jpg","width":200,"height":176,"caption":"ALEGER \u22c6 Augmented Reality"},"image":{"@id":"https:\/\/alegerglobal.com\/pl\/#\/schema\/logo\/image\/"}}]},"product_brand":"Ecom","product_price_amount":"1993.00","product_price_currency":"EUR","og_availability":"instock","product_availability":"instock","product_condition":"new"},"_links":{"self":[{"href":"https:\/\/alegerglobal.com\/pl\/wp-json\/wp\/v2\/product\/49052","targetHints":{"allow":["GET"]}}],"collection":[{"href":"https:\/\/alegerglobal.com\/pl\/wp-json\/wp\/v2\/product"}],"about":[{"href":"https:\/\/alegerglobal.com\/pl\/wp-json\/wp\/v2\/types\/product"}],"replies":[{"embeddable":true,"href":"https:\/\/alegerglobal.com\/pl\/wp-json\/wp\/v2\/comments?post=49052"}],"version-history":[{"count":2,"href":"https:\/\/alegerglobal.com\/pl\/wp-json\/wp\/v2\/product\/49052\/revisions"}],"predecessor-version":[{"id":54046,"href":"https:\/\/alegerglobal.com\/pl\/wp-json\/wp\/v2\/product\/49052\/revisions\/54046"}],"wp:featuredmedia":[{"embeddable":true,"href":"https:\/\/alegerglobal.com\/pl\/wp-json\/wp\/v2\/media\/49028"}],"wp:attachment":[{"href":"https:\/\/alegerglobal.com\/pl\/wp-json\/wp\/v2\/media?parent=49052"}],"wp:term":[{"taxonomy":"product_brand","embeddable":true,"href":"https:\/\/alegerglobal.com\/pl\/wp-json\/wp\/v2\/product_brand?post=49052"},{"taxonomy":"product_cat","embeddable":true,"href":"https:\/\/alegerglobal.com\/pl\/wp-json\/wp\/v2\/product_cat?post=49052"},{"taxonomy":"product_tag","embeddable":true,"href":"https:\/\/alegerglobal.com\/pl\/wp-json\/wp\/v2\/product_tag?post=49052"}],"curies":[{"name":"wp","href":"https:\/\/api.w.org\/{rel}","templated":true}]}}