{"id":39786,"date":"2023-01-05T05:23:54","date_gmt":"2024-06-03T12:12:50","guid":{"rendered":"https:\/\/alegerglobal.com\/bez-kategorii\/kamera-termowizyjna\/"},"modified":"2024-06-03T13:12:50","modified_gmt":"2024-06-03T12:12:50","slug":"kamera-termowizyjna","status":"publish","type":"product","link":"https:\/\/alegerglobal.com\/pl\/shop-pl\/akcesoria\/kamera-termowizyjna\/","title":{"rendered":"Kamera termowizyjna"},"content":{"rendered":"","protected":false},"excerpt":{"rendered":"<h2>Uczyni\u0107 niewidzialne widzialnym<\/h2>\n<p>Modu\u0142 kamery termowizyjnej uwidacznia usterki, kt\u00f3rych nie mo\u017cna dostrzec go\u0142ym okiem. Instalacje elektryczne, silniki lub fasady budynk\u00f3w &#8211; odchylenia temperatury mog\u0105 ujawni\u0107 problemy, zanim stan\u0105 si\u0119 one powa\u017cne.<\/p>\n<p>Dzi\u0119ki modu\u0142owej konstrukcji kamer\u0119 mo\u017cna zamontowa\u0107 na RealWear Navigator 500 za pomoc\u0105 jednego klikni\u0119cia. Wystarczy jedno polecenie g\u0142osowe, aby prze\u0142\u0105czy\u0107 si\u0119 z widoku termicznego na normalny. Oznacza to, \u017ce oba tryby mog\u0105 by\u0107 u\u017cywane w spos\u00f3b p\u0142ynny, idealny do kontroli i dokumentacji. Wykorzystywany jest najnowszy sprz\u0119t i oprogramowanie wiod\u0105cego na \u015bwiecie producenta produkt\u00f3w na podczerwie\u0144, firmy FLIR.<\/p>\n<p>Zakres temperatur od -20 do 400 \u00b0C umo\u017cliwia szeroki zakres zastosowa\u0144. Kluczowe dane kamery wizualnej odpowiadaj\u0105 standardowej wersji: czujnik 48 MP, zdj\u0119cia 12 MP i wideo Full HD z pr\u0119dko\u015bci\u0105 do 60 kl.<\/p>\n","protected":false},"featured_media":37711,"comment_status":"open","ping_status":"closed","template":"","meta":{"_acf_changed":false},"product_brand":[],"product_cat":[1009,983],"product_tag":[],"class_list":{"0":"post-39786","1":"product","2":"type-product","3":"status-publish","4":"has-post-thumbnail","6":"product_cat-akcesoria","7":"product_cat-shop-pl","8":"pa_hersteller-realwear-pl","10":"first","11":"instock","12":"taxable","13":"shipping-taxable","14":"product-type-simple"},"acf":[],"yoast_head":"<!-- This site is optimized with the Yoast SEO Premium plugin v20.10 (Yoast SEO v24.3) - https:\/\/yoast.com\/wordpress\/plugins\/seo\/ -->\n<title>Kamera - ep ALEGER \u22c6 Augmented Reality<\/title>\n<meta name=\"robots\" content=\"index, follow, max-snippet:-1, max-image-preview:large, max-video-preview:-1\" \/>\n<meta property=\"og:locale\" content=\"pl_PL\" \/>\n<meta property=\"og:type\" content=\"article\" \/>\n<meta property=\"og:title\" content=\"Kamera termowizyjna\" \/>\n<meta property=\"og:description\" content=\"Uczyni\u0107 niewidzialne widzialnym Modu\u0142 kamery termowizyjnej uwidacznia usterki, kt\u00f3rych nie mo\u017cna dostrzec go\u0142ym okiem. Instalacje elektryczne, silniki lub fasady budynk\u00f3w - odchylenia temperatury mog\u0105 ujawni\u0107 problemy, zanim stan\u0105 si\u0119 one powa\u017cne. Dzi\u0119ki modu\u0142owej konstrukcji kamer\u0119 mo\u017cna zamontowa\u0107 na RealWear Navigator 500 za pomoc\u0105 jednego klikni\u0119cia. Wystarczy jedno polecenie g\u0142osowe, aby prze\u0142\u0105czy\u0107 si\u0119 z widoku termicznego na normalny. Oznacza to, \u017ce oba tryby mog\u0105 by\u0107 u\u017cywane w spos\u00f3b p\u0142ynny, idealny do kontroli i dokumentacji. Wykorzystywany jest najnowszy sprz\u0119t i oprogramowanie wiod\u0105cego na \u015bwiecie producenta produkt\u00f3w na podczerwie\u0144, firmy FLIR. Zakres temperatur od -20 do 400 \u00b0C umo\u017cliwia szeroki zakres zastosowa\u0144. Kluczowe dane kamery wizualnej odpowiadaj\u0105 standardowej wersji: czujnik 48 MP, zdj\u0119cia 12 MP i wideo Full HD z pr\u0119dko\u015bci\u0105 do 60 kl.\" \/>\n<meta property=\"og:url\" content=\"https:\/\/alegerglobal.com\/pl\/shop-pl\/akcesoria\/kamera-termowizyjna\/\" \/>\n<meta property=\"og:site_name\" content=\"ALEGER \u22c6 Augmented Reality\" \/>\n<meta property=\"og:image\" content=\"https:\/\/alegerglobal.com\/wp-content\/uploads\/2023\/01\/Unbenannt-2.jpg\" \/>\n\t<meta property=\"og:image:width\" content=\"800\" \/>\n\t<meta property=\"og:image:height\" content=\"800\" \/>\n\t<meta property=\"og:image:type\" content=\"image\/jpeg\" \/>\n<meta name=\"twitter:card\" content=\"summary_large_image\" \/>\n<meta name=\"twitter:label1\" content=\"Cena\" \/>\n\t<meta name=\"twitter:data1\" content=\"\" \/>\n\t<meta name=\"twitter:label2\" content=\"Dost\u0119pno\u015b\u0107\" \/>\n\t<meta name=\"twitter:data2\" content=\"Dost\u0119pny\" \/>\n<script type=\"application\/ld+json\" class=\"yoast-schema-graph\">{\"@context\":\"https:\/\/schema.org\",\"@graph\":[{\"@type\":\"WebPage\",\"@id\":\"https:\/\/alegerglobal.com\/pl\/shop-pl\/akcesoria\/kamera-termowizyjna\/\",\"url\":\"https:\/\/alegerglobal.com\/pl\/shop-pl\/akcesoria\/kamera-termowizyjna\/\",\"name\":\"Kamera - ep ALEGER \u22c6 Augmented Reality\",\"isPartOf\":{\"@id\":\"https:\/\/alegerglobal.com\/pl\/#website\"},\"primaryImageOfPage\":{\"@id\":\"https:\/\/alegerglobal.com\/pl\/shop-pl\/akcesoria\/kamera-termowizyjna\/#primaryimage\"},\"image\":{\"@id\":\"https:\/\/alegerglobal.com\/pl\/shop-pl\/akcesoria\/kamera-termowizyjna\/#primaryimage\"},\"thumbnailUrl\":\"https:\/\/alegerglobal.com\/wp-content\/uploads\/2023\/01\/Unbenannt-2.jpg\",\"datePublished\":\"2024-06-03T12:12:50+00:00\",\"dateModified\":\"2024-06-03T12:12:50+00:00\",\"breadcrumb\":{\"@id\":\"https:\/\/alegerglobal.com\/pl\/shop-pl\/akcesoria\/kamera-termowizyjna\/#breadcrumb\"},\"inLanguage\":\"pl-PL\",\"potentialAction\":[{\"@type\":\"ReadAction\",\"target\":[\"https:\/\/alegerglobal.com\/pl\/shop-pl\/akcesoria\/kamera-termowizyjna\/\"]}]},{\"@type\":\"ImageObject\",\"inLanguage\":\"pl-PL\",\"@id\":\"https:\/\/alegerglobal.com\/pl\/shop-pl\/akcesoria\/kamera-termowizyjna\/#primaryimage\",\"url\":\"https:\/\/alegerglobal.com\/wp-content\/uploads\/2023\/01\/Unbenannt-2.jpg\",\"contentUrl\":\"https:\/\/alegerglobal.com\/wp-content\/uploads\/2023\/01\/Unbenannt-2.jpg\",\"width\":800,\"height\":800},{\"@type\":\"BreadcrumbList\",\"@id\":\"https:\/\/alegerglobal.com\/pl\/shop-pl\/akcesoria\/kamera-termowizyjna\/#breadcrumb\",\"itemListElement\":[{\"@type\":\"ListItem\",\"position\":1,\"name\":\"Home\",\"item\":\"https:\/\/alegerglobal.com\/pl\/nowosc-strona-glowna\/\"},{\"@type\":\"ListItem\",\"position\":2,\"name\":\"Produkty\",\"item\":\"https:\/\/alegerglobal.com\/pl\/produkty\/\"},{\"@type\":\"ListItem\",\"position\":3,\"name\":\"Kamera termowizyjna\"}]},{\"@type\":\"WebSite\",\"@id\":\"https:\/\/alegerglobal.com\/pl\/#website\",\"url\":\"https:\/\/alegerglobal.com\/pl\/\",\"name\":\"ALEGER \u22c6 Augmented Reality\",\"description\":\"Die besten Augmented Reality (AR) L\u00f6sungen der Welt.\",\"publisher\":{\"@id\":\"https:\/\/alegerglobal.com\/pl\/#organization\"},\"potentialAction\":[{\"@type\":\"SearchAction\",\"target\":{\"@type\":\"EntryPoint\",\"urlTemplate\":\"https:\/\/alegerglobal.com\/pl\/?s={search_term_string}\"},\"query-input\":{\"@type\":\"PropertyValueSpecification\",\"valueRequired\":true,\"valueName\":\"search_term_string\"}}],\"inLanguage\":\"pl-PL\"},{\"@type\":\"Organization\",\"@id\":\"https:\/\/alegerglobal.com\/pl\/#organization\",\"name\":\"ALEGER \u22c6 Augmented Reality\",\"url\":\"https:\/\/alegerglobal.com\/pl\/\",\"logo\":{\"@type\":\"ImageObject\",\"inLanguage\":\"pl-PL\",\"@id\":\"https:\/\/alegerglobal.com\/pl\/#\/schema\/logo\/image\/\",\"url\":\"https:\/\/alegerglobal.com\/wp-content\/uploads\/2020\/12\/aleger-logo-quadrat.jpg\",\"contentUrl\":\"https:\/\/alegerglobal.com\/wp-content\/uploads\/2020\/12\/aleger-logo-quadrat.jpg\",\"width\":200,\"height\":176,\"caption\":\"ALEGER \u22c6 Augmented Reality\"},\"image\":{\"@id\":\"https:\/\/alegerglobal.com\/pl\/#\/schema\/logo\/image\/\"}}]}<\/script>\n<meta property=\"product:brand\" content=\"RealWear\" \/>\n<meta property=\"product:price:amount\" content=\"0.00\" \/>\n<meta property=\"product:price:currency\" content=\"EUR\" \/>\n<meta property=\"og:availability\" content=\"instock\" \/>\n<meta property=\"product:availability\" content=\"instock\" \/>\n<meta property=\"product:condition\" content=\"new\" \/>\n<!-- \/ Yoast SEO Premium plugin. -->","yoast_head_json":{"title":"Kamera - ep ALEGER \u22c6 Augmented Reality","robots":{"index":"index","follow":"follow","max-snippet":"max-snippet:-1","max-image-preview":"max-image-preview:large","max-video-preview":"max-video-preview:-1"},"og_locale":"pl_PL","og_type":"article","og_title":"Kamera termowizyjna","og_description":"Uczyni\u0107 niewidzialne widzialnym Modu\u0142 kamery termowizyjnej uwidacznia usterki, kt\u00f3rych nie mo\u017cna dostrzec go\u0142ym okiem. Instalacje elektryczne, silniki lub fasady budynk\u00f3w - odchylenia temperatury mog\u0105 ujawni\u0107 problemy, zanim stan\u0105 si\u0119 one powa\u017cne. Dzi\u0119ki modu\u0142owej konstrukcji kamer\u0119 mo\u017cna zamontowa\u0107 na RealWear Navigator 500 za pomoc\u0105 jednego klikni\u0119cia. Wystarczy jedno polecenie g\u0142osowe, aby prze\u0142\u0105czy\u0107 si\u0119 z widoku termicznego na normalny. Oznacza to, \u017ce oba tryby mog\u0105 by\u0107 u\u017cywane w spos\u00f3b p\u0142ynny, idealny do kontroli i dokumentacji. Wykorzystywany jest najnowszy sprz\u0119t i oprogramowanie wiod\u0105cego na \u015bwiecie producenta produkt\u00f3w na podczerwie\u0144, firmy FLIR. Zakres temperatur od -20 do 400 \u00b0C umo\u017cliwia szeroki zakres zastosowa\u0144. Kluczowe dane kamery wizualnej odpowiadaj\u0105 standardowej wersji: czujnik 48 MP, zdj\u0119cia 12 MP i wideo Full HD z pr\u0119dko\u015bci\u0105 do 60 kl.","og_url":"https:\/\/alegerglobal.com\/pl\/shop-pl\/akcesoria\/kamera-termowizyjna\/","og_site_name":"ALEGER \u22c6 Augmented Reality","og_image":[{"width":800,"height":800,"url":"https:\/\/alegerglobal.com\/wp-content\/uploads\/2023\/01\/Unbenannt-2.jpg","type":"image\/jpeg"}],"twitter_card":"summary_large_image","twitter_misc":{"Cena":"","Dost\u0119pno\u015b\u0107":"Dost\u0119pny"},"schema":{"@context":"https:\/\/schema.org","@graph":[{"@type":"WebPage","@id":"https:\/\/alegerglobal.com\/pl\/shop-pl\/akcesoria\/kamera-termowizyjna\/","url":"https:\/\/alegerglobal.com\/pl\/shop-pl\/akcesoria\/kamera-termowizyjna\/","name":"Kamera - ep ALEGER \u22c6 Augmented Reality","isPartOf":{"@id":"https:\/\/alegerglobal.com\/pl\/#website"},"primaryImageOfPage":{"@id":"https:\/\/alegerglobal.com\/pl\/shop-pl\/akcesoria\/kamera-termowizyjna\/#primaryimage"},"image":{"@id":"https:\/\/alegerglobal.com\/pl\/shop-pl\/akcesoria\/kamera-termowizyjna\/#primaryimage"},"thumbnailUrl":"https:\/\/alegerglobal.com\/wp-content\/uploads\/2023\/01\/Unbenannt-2.jpg","datePublished":"2024-06-03T12:12:50+00:00","dateModified":"2024-06-03T12:12:50+00:00","breadcrumb":{"@id":"https:\/\/alegerglobal.com\/pl\/shop-pl\/akcesoria\/kamera-termowizyjna\/#breadcrumb"},"inLanguage":"pl-PL","potentialAction":[{"@type":"ReadAction","target":["https:\/\/alegerglobal.com\/pl\/shop-pl\/akcesoria\/kamera-termowizyjna\/"]}]},{"@type":"ImageObject","inLanguage":"pl-PL","@id":"https:\/\/alegerglobal.com\/pl\/shop-pl\/akcesoria\/kamera-termowizyjna\/#primaryimage","url":"https:\/\/alegerglobal.com\/wp-content\/uploads\/2023\/01\/Unbenannt-2.jpg","contentUrl":"https:\/\/alegerglobal.com\/wp-content\/uploads\/2023\/01\/Unbenannt-2.jpg","width":800,"height":800},{"@type":"BreadcrumbList","@id":"https:\/\/alegerglobal.com\/pl\/shop-pl\/akcesoria\/kamera-termowizyjna\/#breadcrumb","itemListElement":[{"@type":"ListItem","position":1,"name":"Home","item":"https:\/\/alegerglobal.com\/pl\/nowosc-strona-glowna\/"},{"@type":"ListItem","position":2,"name":"Produkty","item":"https:\/\/alegerglobal.com\/pl\/produkty\/"},{"@type":"ListItem","position":3,"name":"Kamera termowizyjna"}]},{"@type":"WebSite","@id":"https:\/\/alegerglobal.com\/pl\/#website","url":"https:\/\/alegerglobal.com\/pl\/","name":"ALEGER \u22c6 Augmented Reality","description":"Die besten Augmented Reality (AR) L\u00f6sungen der Welt.","publisher":{"@id":"https:\/\/alegerglobal.com\/pl\/#organization"},"potentialAction":[{"@type":"SearchAction","target":{"@type":"EntryPoint","urlTemplate":"https:\/\/alegerglobal.com\/pl\/?s={search_term_string}"},"query-input":{"@type":"PropertyValueSpecification","valueRequired":true,"valueName":"search_term_string"}}],"inLanguage":"pl-PL"},{"@type":"Organization","@id":"https:\/\/alegerglobal.com\/pl\/#organization","name":"ALEGER \u22c6 Augmented Reality","url":"https:\/\/alegerglobal.com\/pl\/","logo":{"@type":"ImageObject","inLanguage":"pl-PL","@id":"https:\/\/alegerglobal.com\/pl\/#\/schema\/logo\/image\/","url":"https:\/\/alegerglobal.com\/wp-content\/uploads\/2020\/12\/aleger-logo-quadrat.jpg","contentUrl":"https:\/\/alegerglobal.com\/wp-content\/uploads\/2020\/12\/aleger-logo-quadrat.jpg","width":200,"height":176,"caption":"ALEGER \u22c6 Augmented Reality"},"image":{"@id":"https:\/\/alegerglobal.com\/pl\/#\/schema\/logo\/image\/"}}]},"product_brand":"RealWear","product_price_amount":"0.00","product_price_currency":"EUR","og_availability":"instock","product_availability":"instock","product_condition":"new"},"_links":{"self":[{"href":"https:\/\/alegerglobal.com\/pl\/wp-json\/wp\/v2\/product\/39786","targetHints":{"allow":["GET"]}}],"collection":[{"href":"https:\/\/alegerglobal.com\/pl\/wp-json\/wp\/v2\/product"}],"about":[{"href":"https:\/\/alegerglobal.com\/pl\/wp-json\/wp\/v2\/types\/product"}],"replies":[{"embeddable":true,"href":"https:\/\/alegerglobal.com\/pl\/wp-json\/wp\/v2\/comments?post=39786"}],"version-history":[{"count":0,"href":"https:\/\/alegerglobal.com\/pl\/wp-json\/wp\/v2\/product\/39786\/revisions"}],"wp:featuredmedia":[{"embeddable":true,"href":"https:\/\/alegerglobal.com\/pl\/wp-json\/wp\/v2\/media\/37711"}],"wp:attachment":[{"href":"https:\/\/alegerglobal.com\/pl\/wp-json\/wp\/v2\/media?parent=39786"}],"wp:term":[{"taxonomy":"product_brand","embeddable":true,"href":"https:\/\/alegerglobal.com\/pl\/wp-json\/wp\/v2\/product_brand?post=39786"},{"taxonomy":"product_cat","embeddable":true,"href":"https:\/\/alegerglobal.com\/pl\/wp-json\/wp\/v2\/product_cat?post=39786"},{"taxonomy":"product_tag","embeddable":true,"href":"https:\/\/alegerglobal.com\/pl\/wp-json\/wp\/v2\/product_tag?post=39786"}],"curies":[{"name":"wp","href":"https:\/\/api.w.org\/{rel}","templated":true}]}}