{"id":38683,"date":"2024-05-28T03:33:36","date_gmt":"2024-05-28T02:55:36","guid":{"rendered":"https:\/\/alegerglobal.com\/bez-kategorii\/okulary-rokid-max-ar\/"},"modified":"2024-05-29T02:33:21","modified_gmt":"2024-05-29T01:33:21","slug":"rokid-max-ar-glasses","status":"publish","type":"product","link":"https:\/\/alegerglobal.com\/pl\/shop-pl\/inteligentne-okulary\/rokid-max-ar-glasses\/","title":{"rendered":"Okulary Rokid Max AR"},"content":{"rendered":"","protected":false},"excerpt":{"rendered":"<ul>\n<li><strong>50\u00b0 FoV: <\/strong>215-calowy ekran bez obramowania z odleg\u0142o\u015bci 6 metr\u00f3w.<\/li>\n<li><strong>1080P FHD Micro-OLED: <\/strong>cz\u0119stotliwo\u015b\u0107 od\u015bwie\u017cania 120 Hz.<\/li>\n<li><strong>Waga 75 g:<\/strong>wystarczy zabra\u0107 ze sob\u0105.<\/li>\n<li><strong>0,00D do -6,00D: <\/strong>Regulacja kr\u00f3tkowzroczno\u015bci.<\/li>\n<li><strong>Jasno\u015b\u0107 600 nit\u00f3w: <\/strong>wyra\u017ane widzenie w ka\u017cdym \u015brodowisku.<\/li>\n<\/ul>\n","protected":false},"featured_media":38667,"comment_status":"open","ping_status":"closed","template":"","meta":{"_acf_changed":false},"product_brand":[],"product_cat":[1008,983,1021],"product_tag":[],"class_list":{"0":"post-38683","1":"product","2":"type-product","3":"status-publish","4":"has-post-thumbnail","6":"product_cat-inteligentne-okulary","7":"product_cat-shop-pl","8":"product_cat-uncategorized-pl","9":"pa_hersteller-rokid-pl","11":"first","12":"instock","13":"taxable","14":"shipping-taxable","15":"product-type-simple"},"acf":[],"yoast_head":"<!-- This site is optimized with the Yoast SEO Premium plugin v20.10 (Yoast SEO v24.3) - https:\/\/yoast.com\/wordpress\/plugins\/seo\/ -->\n<title>Okulary Rokid Max AR - ALEGER \u22c6 Augmented Reality<\/title>\n<meta name=\"description\" content=\"Lekkie okulary Rokid Max AR ze sterowaniem gestami, komendami g\u0142osowymi, wysok\u0105 rozdzielczo\u015bci\u0105, szerokim polem widzenia i wszechstronnymi aplikacjami\" \/>\n<meta name=\"robots\" content=\"index, follow, max-snippet:-1, max-image-preview:large, max-video-preview:-1\" \/>\n<meta property=\"og:locale\" content=\"pl_PL\" \/>\n<meta property=\"og:type\" content=\"article\" \/>\n<meta property=\"og:title\" content=\"Okulary Rokid Max AR\" \/>\n<meta property=\"og:description\" content=\"Lekkie okulary Rokid Max AR ze sterowaniem gestami, komendami g\u0142osowymi, wysok\u0105 rozdzielczo\u015bci\u0105, szerokim polem widzenia i wszechstronnymi aplikacjami\" \/>\n<meta property=\"og:url\" content=\"https:\/\/alegerglobal.com\/pl\/shop-pl\/inteligentne-okulary\/rokid-max-ar-glasses\/\" \/>\n<meta property=\"og:site_name\" content=\"ALEGER \u22c6 Augmented Reality\" \/>\n<meta property=\"article:modified_time\" content=\"2024-05-29T01:33:21+00:00\" \/>\n<meta property=\"og:image\" content=\"https:\/\/alegerglobal.com\/wp-content\/uploads\/2024\/05\/Unbenannt.jpg\" \/>\n\t<meta property=\"og:image:width\" content=\"800\" \/>\n\t<meta property=\"og:image:height\" content=\"800\" \/>\n\t<meta property=\"og:image:type\" content=\"image\/jpeg\" \/>\n<meta name=\"twitter:card\" content=\"summary_large_image\" \/>\n<meta name=\"twitter:label1\" content=\"Cena\" \/>\n\t<meta name=\"twitter:data1\" content=\"\" \/>\n\t<meta name=\"twitter:label2\" content=\"Dost\u0119pno\u015b\u0107\" \/>\n\t<meta name=\"twitter:data2\" content=\"Dost\u0119pny\" \/>\n<script type=\"application\/ld+json\" class=\"yoast-schema-graph\">{\"@context\":\"https:\/\/schema.org\",\"@graph\":[{\"@type\":\"WebPage\",\"@id\":\"https:\/\/alegerglobal.com\/pl\/shop-pl\/inteligentne-okulary\/rokid-max-ar-glasses\/\",\"url\":\"https:\/\/alegerglobal.com\/pl\/shop-pl\/inteligentne-okulary\/rokid-max-ar-glasses\/\",\"name\":\"Okulary Rokid Max AR - ALEGER \u22c6 Augmented Reality\",\"isPartOf\":{\"@id\":\"https:\/\/alegerglobal.com\/pl\/#website\"},\"primaryImageOfPage\":{\"@id\":\"https:\/\/alegerglobal.com\/pl\/shop-pl\/inteligentne-okulary\/rokid-max-ar-glasses\/#primaryimage\"},\"image\":{\"@id\":\"https:\/\/alegerglobal.com\/pl\/shop-pl\/inteligentne-okulary\/rokid-max-ar-glasses\/#primaryimage\"},\"thumbnailUrl\":\"https:\/\/alegerglobal.com\/wp-content\/uploads\/2024\/05\/Unbenannt.jpg\",\"datePublished\":\"2024-05-28T02:55:36+00:00\",\"dateModified\":\"2024-05-29T01:33:21+00:00\",\"description\":\"Lekkie okulary Rokid Max AR ze sterowaniem gestami, komendami g\u0142osowymi, wysok\u0105 rozdzielczo\u015bci\u0105, szerokim polem widzenia i wszechstronnymi aplikacjami\",\"breadcrumb\":{\"@id\":\"https:\/\/alegerglobal.com\/pl\/shop-pl\/inteligentne-okulary\/rokid-max-ar-glasses\/#breadcrumb\"},\"inLanguage\":\"pl-PL\",\"potentialAction\":[{\"@type\":\"ReadAction\",\"target\":[\"https:\/\/alegerglobal.com\/pl\/shop-pl\/inteligentne-okulary\/rokid-max-ar-glasses\/\"]}]},{\"@type\":\"ImageObject\",\"inLanguage\":\"pl-PL\",\"@id\":\"https:\/\/alegerglobal.com\/pl\/shop-pl\/inteligentne-okulary\/rokid-max-ar-glasses\/#primaryimage\",\"url\":\"https:\/\/alegerglobal.com\/wp-content\/uploads\/2024\/05\/Unbenannt.jpg\",\"contentUrl\":\"https:\/\/alegerglobal.com\/wp-content\/uploads\/2024\/05\/Unbenannt.jpg\",\"width\":800,\"height\":800},{\"@type\":\"BreadcrumbList\",\"@id\":\"https:\/\/alegerglobal.com\/pl\/shop-pl\/inteligentne-okulary\/rokid-max-ar-glasses\/#breadcrumb\",\"itemListElement\":[{\"@type\":\"ListItem\",\"position\":1,\"name\":\"Home\",\"item\":\"https:\/\/alegerglobal.com\/pl\/nowosc-strona-glowna\/\"},{\"@type\":\"ListItem\",\"position\":2,\"name\":\"Produkty\",\"item\":\"https:\/\/alegerglobal.com\/pl\/produkty\/\"},{\"@type\":\"ListItem\",\"position\":3,\"name\":\"Okulary Rokid Max AR\"}]},{\"@type\":\"WebSite\",\"@id\":\"https:\/\/alegerglobal.com\/pl\/#website\",\"url\":\"https:\/\/alegerglobal.com\/pl\/\",\"name\":\"ALEGER \u22c6 Augmented Reality\",\"description\":\"Die besten Augmented Reality (AR) L\u00f6sungen der Welt.\",\"publisher\":{\"@id\":\"https:\/\/alegerglobal.com\/pl\/#organization\"},\"potentialAction\":[{\"@type\":\"SearchAction\",\"target\":{\"@type\":\"EntryPoint\",\"urlTemplate\":\"https:\/\/alegerglobal.com\/pl\/?s={search_term_string}\"},\"query-input\":{\"@type\":\"PropertyValueSpecification\",\"valueRequired\":true,\"valueName\":\"search_term_string\"}}],\"inLanguage\":\"pl-PL\"},{\"@type\":\"Organization\",\"@id\":\"https:\/\/alegerglobal.com\/pl\/#organization\",\"name\":\"ALEGER \u22c6 Augmented Reality\",\"url\":\"https:\/\/alegerglobal.com\/pl\/\",\"logo\":{\"@type\":\"ImageObject\",\"inLanguage\":\"pl-PL\",\"@id\":\"https:\/\/alegerglobal.com\/pl\/#\/schema\/logo\/image\/\",\"url\":\"https:\/\/alegerglobal.com\/wp-content\/uploads\/2020\/12\/aleger-logo-quadrat.jpg\",\"contentUrl\":\"https:\/\/alegerglobal.com\/wp-content\/uploads\/2020\/12\/aleger-logo-quadrat.jpg\",\"width\":200,\"height\":176,\"caption\":\"ALEGER \u22c6 Augmented Reality\"},\"image\":{\"@id\":\"https:\/\/alegerglobal.com\/pl\/#\/schema\/logo\/image\/\"}}]}<\/script>\n<meta property=\"product:brand\" content=\"Rokid\" \/>\n<meta property=\"product:price:amount\" content=\"0.00\" \/>\n<meta property=\"product:price:currency\" content=\"EUR\" \/>\n<meta property=\"og:availability\" content=\"instock\" \/>\n<meta property=\"product:availability\" content=\"instock\" \/>\n<meta property=\"product:condition\" content=\"new\" \/>\n<!-- \/ Yoast SEO Premium plugin. -->","yoast_head_json":{"title":"Okulary Rokid Max AR - ALEGER \u22c6 Augmented Reality","description":"Lekkie okulary Rokid Max AR ze sterowaniem gestami, komendami g\u0142osowymi, wysok\u0105 rozdzielczo\u015bci\u0105, szerokim polem widzenia i wszechstronnymi aplikacjami","robots":{"index":"index","follow":"follow","max-snippet":"max-snippet:-1","max-image-preview":"max-image-preview:large","max-video-preview":"max-video-preview:-1"},"og_locale":"pl_PL","og_type":"article","og_title":"Okulary Rokid Max AR","og_description":"Lekkie okulary Rokid Max AR ze sterowaniem gestami, komendami g\u0142osowymi, wysok\u0105 rozdzielczo\u015bci\u0105, szerokim polem widzenia i wszechstronnymi aplikacjami","og_url":"https:\/\/alegerglobal.com\/pl\/shop-pl\/inteligentne-okulary\/rokid-max-ar-glasses\/","og_site_name":"ALEGER \u22c6 Augmented Reality","article_modified_time":"2024-05-29T01:33:21+00:00","og_image":[{"width":800,"height":800,"url":"https:\/\/alegerglobal.com\/wp-content\/uploads\/2024\/05\/Unbenannt.jpg","type":"image\/jpeg"}],"twitter_card":"summary_large_image","twitter_misc":{"Cena":"","Dost\u0119pno\u015b\u0107":"Dost\u0119pny"},"schema":{"@context":"https:\/\/schema.org","@graph":[{"@type":"WebPage","@id":"https:\/\/alegerglobal.com\/pl\/shop-pl\/inteligentne-okulary\/rokid-max-ar-glasses\/","url":"https:\/\/alegerglobal.com\/pl\/shop-pl\/inteligentne-okulary\/rokid-max-ar-glasses\/","name":"Okulary Rokid Max AR - ALEGER \u22c6 Augmented Reality","isPartOf":{"@id":"https:\/\/alegerglobal.com\/pl\/#website"},"primaryImageOfPage":{"@id":"https:\/\/alegerglobal.com\/pl\/shop-pl\/inteligentne-okulary\/rokid-max-ar-glasses\/#primaryimage"},"image":{"@id":"https:\/\/alegerglobal.com\/pl\/shop-pl\/inteligentne-okulary\/rokid-max-ar-glasses\/#primaryimage"},"thumbnailUrl":"https:\/\/alegerglobal.com\/wp-content\/uploads\/2024\/05\/Unbenannt.jpg","datePublished":"2024-05-28T02:55:36+00:00","dateModified":"2024-05-29T01:33:21+00:00","description":"Lekkie okulary Rokid Max AR ze sterowaniem gestami, komendami g\u0142osowymi, wysok\u0105 rozdzielczo\u015bci\u0105, szerokim polem widzenia i wszechstronnymi aplikacjami","breadcrumb":{"@id":"https:\/\/alegerglobal.com\/pl\/shop-pl\/inteligentne-okulary\/rokid-max-ar-glasses\/#breadcrumb"},"inLanguage":"pl-PL","potentialAction":[{"@type":"ReadAction","target":["https:\/\/alegerglobal.com\/pl\/shop-pl\/inteligentne-okulary\/rokid-max-ar-glasses\/"]}]},{"@type":"ImageObject","inLanguage":"pl-PL","@id":"https:\/\/alegerglobal.com\/pl\/shop-pl\/inteligentne-okulary\/rokid-max-ar-glasses\/#primaryimage","url":"https:\/\/alegerglobal.com\/wp-content\/uploads\/2024\/05\/Unbenannt.jpg","contentUrl":"https:\/\/alegerglobal.com\/wp-content\/uploads\/2024\/05\/Unbenannt.jpg","width":800,"height":800},{"@type":"BreadcrumbList","@id":"https:\/\/alegerglobal.com\/pl\/shop-pl\/inteligentne-okulary\/rokid-max-ar-glasses\/#breadcrumb","itemListElement":[{"@type":"ListItem","position":1,"name":"Home","item":"https:\/\/alegerglobal.com\/pl\/nowosc-strona-glowna\/"},{"@type":"ListItem","position":2,"name":"Produkty","item":"https:\/\/alegerglobal.com\/pl\/produkty\/"},{"@type":"ListItem","position":3,"name":"Okulary Rokid Max AR"}]},{"@type":"WebSite","@id":"https:\/\/alegerglobal.com\/pl\/#website","url":"https:\/\/alegerglobal.com\/pl\/","name":"ALEGER \u22c6 Augmented Reality","description":"Die besten Augmented Reality (AR) L\u00f6sungen der Welt.","publisher":{"@id":"https:\/\/alegerglobal.com\/pl\/#organization"},"potentialAction":[{"@type":"SearchAction","target":{"@type":"EntryPoint","urlTemplate":"https:\/\/alegerglobal.com\/pl\/?s={search_term_string}"},"query-input":{"@type":"PropertyValueSpecification","valueRequired":true,"valueName":"search_term_string"}}],"inLanguage":"pl-PL"},{"@type":"Organization","@id":"https:\/\/alegerglobal.com\/pl\/#organization","name":"ALEGER \u22c6 Augmented Reality","url":"https:\/\/alegerglobal.com\/pl\/","logo":{"@type":"ImageObject","inLanguage":"pl-PL","@id":"https:\/\/alegerglobal.com\/pl\/#\/schema\/logo\/image\/","url":"https:\/\/alegerglobal.com\/wp-content\/uploads\/2020\/12\/aleger-logo-quadrat.jpg","contentUrl":"https:\/\/alegerglobal.com\/wp-content\/uploads\/2020\/12\/aleger-logo-quadrat.jpg","width":200,"height":176,"caption":"ALEGER \u22c6 Augmented Reality"},"image":{"@id":"https:\/\/alegerglobal.com\/pl\/#\/schema\/logo\/image\/"}}]},"product_brand":"Rokid","product_price_amount":"0.00","product_price_currency":"EUR","og_availability":"instock","product_availability":"instock","product_condition":"new"},"_links":{"self":[{"href":"https:\/\/alegerglobal.com\/pl\/wp-json\/wp\/v2\/product\/38683","targetHints":{"allow":["GET"]}}],"collection":[{"href":"https:\/\/alegerglobal.com\/pl\/wp-json\/wp\/v2\/product"}],"about":[{"href":"https:\/\/alegerglobal.com\/pl\/wp-json\/wp\/v2\/types\/product"}],"replies":[{"embeddable":true,"href":"https:\/\/alegerglobal.com\/pl\/wp-json\/wp\/v2\/comments?post=38683"}],"version-history":[{"count":1,"href":"https:\/\/alegerglobal.com\/pl\/wp-json\/wp\/v2\/product\/38683\/revisions"}],"predecessor-version":[{"id":38720,"href":"https:\/\/alegerglobal.com\/pl\/wp-json\/wp\/v2\/product\/38683\/revisions\/38720"}],"wp:featuredmedia":[{"embeddable":true,"href":"https:\/\/alegerglobal.com\/pl\/wp-json\/wp\/v2\/media\/38667"}],"wp:attachment":[{"href":"https:\/\/alegerglobal.com\/pl\/wp-json\/wp\/v2\/media?parent=38683"}],"wp:term":[{"taxonomy":"product_brand","embeddable":true,"href":"https:\/\/alegerglobal.com\/pl\/wp-json\/wp\/v2\/product_brand?post=38683"},{"taxonomy":"product_cat","embeddable":true,"href":"https:\/\/alegerglobal.com\/pl\/wp-json\/wp\/v2\/product_cat?post=38683"},{"taxonomy":"product_tag","embeddable":true,"href":"https:\/\/alegerglobal.com\/pl\/wp-json\/wp\/v2\/product_tag?post=38683"}],"curies":[{"name":"wp","href":"https:\/\/api.w.org\/{rel}","templated":true}]}}