{"id":38645,"date":"2024-02-01T15:30:59","date_gmt":"2024-02-01T14:57:37","guid":{"rendered":"https:\/\/alegerglobal.com\/bez-kategorii\/wytrzymaly-notebook-panasonic-toughbook-40-z-systemem-windows-11-pro\/"},"modified":"2024-02-01T15:57:37","modified_gmt":"2024-02-01T14:57:37","slug":"panasonic-toughbook-40","status":"publish","type":"product","link":"https:\/\/alegerglobal.com\/pl\/shop-pl\/wytrzymaly-laptop\/panasonic-toughbook-40\/","title":{"rendered":"Wytrzyma\u0142y notebook Panasonic TOUGHBOOK 40 z systemem Windows 11 Pro"},"content":{"rendered":"","protected":false},"excerpt":{"rendered":"<ul>\n<li class=\"field__item\"><strong>Modu\u0142owy, w pe\u0142ni wytrzyma\u0142y notebook<\/strong> z 14-calowym kolorowym dotykowym wy\u015bwietlaczem LCD z aktywn\u0105 matryc\u0105<\/li>\n<li class=\"field__item\"><strong>Wytrzyma\u0142a obudowa magnezowa<\/strong>z uchwytem do przenoszenia, certyfikat IP66 i MIL-STD-810H<\/li>\n<li class=\"field__item\"><strong>Bateria o pojemno\u015bci 6500 mAh<\/strong> zapewnia do 36 godzin pracy na baterii<\/li>\n<li class=\"field__item\"><strong>Procesor Intel Core i5\/i7 vPro<\/strong>, 16 GB pami\u0119ci RAM DDR4 (maks. 64 GB), dysk SSD 512 GB<\/li>\n<li class=\"field__item\"><strong>USB 3.2, Wi-Fi 6, Bluetooth 5.1<\/strong> i Thunderbolt 4, opcjonalnie 4G\/5G<\/li>\n<\/ul>\n","protected":false},"featured_media":38616,"comment_status":"open","ping_status":"closed","template":"","meta":{"_acf_changed":false},"product_brand":[],"product_cat":[983,1020],"product_tag":[],"class_list":{"0":"post-38645","1":"product","2":"type-product","3":"status-publish","4":"has-post-thumbnail","6":"product_cat-shop-pl","7":"product_cat-wytrzymaly-laptop","9":"first","10":"instock","11":"taxable","12":"shipping-taxable","13":"product-type-simple"},"acf":[],"yoast_head":"<!-- This site is optimized with the Yoast SEO Premium plugin v20.10 (Yoast SEO v24.3) - https:\/\/yoast.com\/wordpress\/plugins\/seo\/ -->\n<title>Kup Panasonic TOUGHBOOK 40 tutaj - ALEGER \u22c6 Augmented Reality<\/title>\n<meta name=\"description\" content=\"Odkryj laptop TOUGHBOOK 40 tutaj! Maksymalna elastyczno\u015b\u0107 i wysoka wydajno\u015b\u0107! Mocny sprz\u0119t i oprogramowanie!\" \/>\n<meta name=\"robots\" content=\"index, follow, max-snippet:-1, max-image-preview:large, max-video-preview:-1\" \/>\n<meta property=\"og:locale\" content=\"pl_PL\" \/>\n<meta property=\"og:type\" content=\"article\" \/>\n<meta property=\"og:title\" content=\"Wytrzyma\u0142y notebook Panasonic TOUGHBOOK 40 z systemem Windows 11 Pro\" \/>\n<meta property=\"og:description\" content=\"Odkryj laptop TOUGHBOOK 40 tutaj! Maksymalna elastyczno\u015b\u0107 i wysoka wydajno\u015b\u0107! Mocny sprz\u0119t i oprogramowanie!\" \/>\n<meta property=\"og:url\" content=\"https:\/\/alegerglobal.com\/pl\/shop-pl\/wytrzymaly-laptop\/panasonic-toughbook-40\/\" \/>\n<meta property=\"og:site_name\" content=\"ALEGER \u22c6 Augmented Reality\" \/>\n<meta property=\"og:image\" content=\"https:\/\/alegerglobal.com\/wp-content\/uploads\/2024\/02\/Unbenannt.jpg\" \/>\n\t<meta property=\"og:image:width\" content=\"800\" \/>\n\t<meta property=\"og:image:height\" content=\"800\" \/>\n\t<meta property=\"og:image:type\" content=\"image\/jpeg\" \/>\n<meta name=\"twitter:card\" content=\"summary_large_image\" \/>\n<meta name=\"twitter:label1\" content=\"Cena\" \/>\n\t<meta name=\"twitter:data1\" content=\"\" \/>\n\t<meta name=\"twitter:label2\" content=\"Dost\u0119pno\u015b\u0107\" \/>\n\t<meta name=\"twitter:data2\" content=\"Dost\u0119pny\" \/>\n<script type=\"application\/ld+json\" class=\"yoast-schema-graph\">{\"@context\":\"https:\/\/schema.org\",\"@graph\":[{\"@type\":\"WebPage\",\"@id\":\"https:\/\/alegerglobal.com\/pl\/shop-pl\/wytrzymaly-laptop\/panasonic-toughbook-40\/\",\"url\":\"https:\/\/alegerglobal.com\/pl\/shop-pl\/wytrzymaly-laptop\/panasonic-toughbook-40\/\",\"name\":\"Kup Panasonic TOUGHBOOK 40 tutaj - ALEGER \u22c6 Augmented Reality\",\"isPartOf\":{\"@id\":\"https:\/\/alegerglobal.com\/pl\/#website\"},\"primaryImageOfPage\":{\"@id\":\"https:\/\/alegerglobal.com\/pl\/shop-pl\/wytrzymaly-laptop\/panasonic-toughbook-40\/#primaryimage\"},\"image\":{\"@id\":\"https:\/\/alegerglobal.com\/pl\/shop-pl\/wytrzymaly-laptop\/panasonic-toughbook-40\/#primaryimage\"},\"thumbnailUrl\":\"https:\/\/alegerglobal.com\/wp-content\/uploads\/2024\/02\/Unbenannt.jpg\",\"datePublished\":\"2024-02-01T14:57:37+00:00\",\"dateModified\":\"2024-02-01T14:57:37+00:00\",\"description\":\"Odkryj laptop TOUGHBOOK 40 tutaj! Maksymalna elastyczno\u015b\u0107 i wysoka wydajno\u015b\u0107! Mocny sprz\u0119t i oprogramowanie!\",\"breadcrumb\":{\"@id\":\"https:\/\/alegerglobal.com\/pl\/shop-pl\/wytrzymaly-laptop\/panasonic-toughbook-40\/#breadcrumb\"},\"inLanguage\":\"pl-PL\",\"potentialAction\":[{\"@type\":\"ReadAction\",\"target\":[\"https:\/\/alegerglobal.com\/pl\/shop-pl\/wytrzymaly-laptop\/panasonic-toughbook-40\/\"]}]},{\"@type\":\"ImageObject\",\"inLanguage\":\"pl-PL\",\"@id\":\"https:\/\/alegerglobal.com\/pl\/shop-pl\/wytrzymaly-laptop\/panasonic-toughbook-40\/#primaryimage\",\"url\":\"https:\/\/alegerglobal.com\/wp-content\/uploads\/2024\/02\/Unbenannt.jpg\",\"contentUrl\":\"https:\/\/alegerglobal.com\/wp-content\/uploads\/2024\/02\/Unbenannt.jpg\",\"width\":800,\"height\":800},{\"@type\":\"BreadcrumbList\",\"@id\":\"https:\/\/alegerglobal.com\/pl\/shop-pl\/wytrzymaly-laptop\/panasonic-toughbook-40\/#breadcrumb\",\"itemListElement\":[{\"@type\":\"ListItem\",\"position\":1,\"name\":\"Home\",\"item\":\"https:\/\/alegerglobal.com\/pl\/nowosc-strona-glowna\/\"},{\"@type\":\"ListItem\",\"position\":2,\"name\":\"Produkty\",\"item\":\"https:\/\/alegerglobal.com\/pl\/produkty\/\"},{\"@type\":\"ListItem\",\"position\":3,\"name\":\"Wytrzyma\u0142y notebook Panasonic TOUGHBOOK 40 z systemem Windows 11 Pro\"}]},{\"@type\":\"WebSite\",\"@id\":\"https:\/\/alegerglobal.com\/pl\/#website\",\"url\":\"https:\/\/alegerglobal.com\/pl\/\",\"name\":\"ALEGER \u22c6 Augmented Reality\",\"description\":\"Die besten Augmented Reality (AR) L\u00f6sungen der Welt.\",\"publisher\":{\"@id\":\"https:\/\/alegerglobal.com\/pl\/#organization\"},\"potentialAction\":[{\"@type\":\"SearchAction\",\"target\":{\"@type\":\"EntryPoint\",\"urlTemplate\":\"https:\/\/alegerglobal.com\/pl\/?s={search_term_string}\"},\"query-input\":{\"@type\":\"PropertyValueSpecification\",\"valueRequired\":true,\"valueName\":\"search_term_string\"}}],\"inLanguage\":\"pl-PL\"},{\"@type\":\"Organization\",\"@id\":\"https:\/\/alegerglobal.com\/pl\/#organization\",\"name\":\"ALEGER \u22c6 Augmented Reality\",\"url\":\"https:\/\/alegerglobal.com\/pl\/\",\"logo\":{\"@type\":\"ImageObject\",\"inLanguage\":\"pl-PL\",\"@id\":\"https:\/\/alegerglobal.com\/pl\/#\/schema\/logo\/image\/\",\"url\":\"https:\/\/alegerglobal.com\/wp-content\/uploads\/2020\/12\/aleger-logo-quadrat.jpg\",\"contentUrl\":\"https:\/\/alegerglobal.com\/wp-content\/uploads\/2020\/12\/aleger-logo-quadrat.jpg\",\"width\":200,\"height\":176,\"caption\":\"ALEGER \u22c6 Augmented Reality\"},\"image\":{\"@id\":\"https:\/\/alegerglobal.com\/pl\/#\/schema\/logo\/image\/\"}}]}<\/script>\n<meta property=\"product:price:amount\" content=\"0.00\" \/>\n<meta property=\"product:price:currency\" content=\"EUR\" \/>\n<meta property=\"og:availability\" content=\"instock\" \/>\n<meta property=\"product:availability\" content=\"instock\" \/>\n<meta property=\"product:condition\" content=\"new\" \/>\n<!-- \/ Yoast SEO Premium plugin. -->","yoast_head_json":{"title":"Kup Panasonic TOUGHBOOK 40 tutaj - ALEGER \u22c6 Augmented Reality","description":"Odkryj laptop TOUGHBOOK 40 tutaj! Maksymalna elastyczno\u015b\u0107 i wysoka wydajno\u015b\u0107! Mocny sprz\u0119t i oprogramowanie!","robots":{"index":"index","follow":"follow","max-snippet":"max-snippet:-1","max-image-preview":"max-image-preview:large","max-video-preview":"max-video-preview:-1"},"og_locale":"pl_PL","og_type":"article","og_title":"Wytrzyma\u0142y notebook Panasonic TOUGHBOOK 40 z systemem Windows 11 Pro","og_description":"Odkryj laptop TOUGHBOOK 40 tutaj! Maksymalna elastyczno\u015b\u0107 i wysoka wydajno\u015b\u0107! Mocny sprz\u0119t i oprogramowanie!","og_url":"https:\/\/alegerglobal.com\/pl\/shop-pl\/wytrzymaly-laptop\/panasonic-toughbook-40\/","og_site_name":"ALEGER \u22c6 Augmented Reality","og_image":[{"width":800,"height":800,"url":"https:\/\/alegerglobal.com\/wp-content\/uploads\/2024\/02\/Unbenannt.jpg","type":"image\/jpeg"}],"twitter_card":"summary_large_image","twitter_misc":{"Cena":"","Dost\u0119pno\u015b\u0107":"Dost\u0119pny"},"schema":{"@context":"https:\/\/schema.org","@graph":[{"@type":"WebPage","@id":"https:\/\/alegerglobal.com\/pl\/shop-pl\/wytrzymaly-laptop\/panasonic-toughbook-40\/","url":"https:\/\/alegerglobal.com\/pl\/shop-pl\/wytrzymaly-laptop\/panasonic-toughbook-40\/","name":"Kup Panasonic TOUGHBOOK 40 tutaj - ALEGER \u22c6 Augmented Reality","isPartOf":{"@id":"https:\/\/alegerglobal.com\/pl\/#website"},"primaryImageOfPage":{"@id":"https:\/\/alegerglobal.com\/pl\/shop-pl\/wytrzymaly-laptop\/panasonic-toughbook-40\/#primaryimage"},"image":{"@id":"https:\/\/alegerglobal.com\/pl\/shop-pl\/wytrzymaly-laptop\/panasonic-toughbook-40\/#primaryimage"},"thumbnailUrl":"https:\/\/alegerglobal.com\/wp-content\/uploads\/2024\/02\/Unbenannt.jpg","datePublished":"2024-02-01T14:57:37+00:00","dateModified":"2024-02-01T14:57:37+00:00","description":"Odkryj laptop TOUGHBOOK 40 tutaj! Maksymalna elastyczno\u015b\u0107 i wysoka wydajno\u015b\u0107! Mocny sprz\u0119t i oprogramowanie!","breadcrumb":{"@id":"https:\/\/alegerglobal.com\/pl\/shop-pl\/wytrzymaly-laptop\/panasonic-toughbook-40\/#breadcrumb"},"inLanguage":"pl-PL","potentialAction":[{"@type":"ReadAction","target":["https:\/\/alegerglobal.com\/pl\/shop-pl\/wytrzymaly-laptop\/panasonic-toughbook-40\/"]}]},{"@type":"ImageObject","inLanguage":"pl-PL","@id":"https:\/\/alegerglobal.com\/pl\/shop-pl\/wytrzymaly-laptop\/panasonic-toughbook-40\/#primaryimage","url":"https:\/\/alegerglobal.com\/wp-content\/uploads\/2024\/02\/Unbenannt.jpg","contentUrl":"https:\/\/alegerglobal.com\/wp-content\/uploads\/2024\/02\/Unbenannt.jpg","width":800,"height":800},{"@type":"BreadcrumbList","@id":"https:\/\/alegerglobal.com\/pl\/shop-pl\/wytrzymaly-laptop\/panasonic-toughbook-40\/#breadcrumb","itemListElement":[{"@type":"ListItem","position":1,"name":"Home","item":"https:\/\/alegerglobal.com\/pl\/nowosc-strona-glowna\/"},{"@type":"ListItem","position":2,"name":"Produkty","item":"https:\/\/alegerglobal.com\/pl\/produkty\/"},{"@type":"ListItem","position":3,"name":"Wytrzyma\u0142y notebook Panasonic TOUGHBOOK 40 z systemem Windows 11 Pro"}]},{"@type":"WebSite","@id":"https:\/\/alegerglobal.com\/pl\/#website","url":"https:\/\/alegerglobal.com\/pl\/","name":"ALEGER \u22c6 Augmented Reality","description":"Die besten Augmented Reality (AR) L\u00f6sungen der Welt.","publisher":{"@id":"https:\/\/alegerglobal.com\/pl\/#organization"},"potentialAction":[{"@type":"SearchAction","target":{"@type":"EntryPoint","urlTemplate":"https:\/\/alegerglobal.com\/pl\/?s={search_term_string}"},"query-input":{"@type":"PropertyValueSpecification","valueRequired":true,"valueName":"search_term_string"}}],"inLanguage":"pl-PL"},{"@type":"Organization","@id":"https:\/\/alegerglobal.com\/pl\/#organization","name":"ALEGER \u22c6 Augmented Reality","url":"https:\/\/alegerglobal.com\/pl\/","logo":{"@type":"ImageObject","inLanguage":"pl-PL","@id":"https:\/\/alegerglobal.com\/pl\/#\/schema\/logo\/image\/","url":"https:\/\/alegerglobal.com\/wp-content\/uploads\/2020\/12\/aleger-logo-quadrat.jpg","contentUrl":"https:\/\/alegerglobal.com\/wp-content\/uploads\/2020\/12\/aleger-logo-quadrat.jpg","width":200,"height":176,"caption":"ALEGER \u22c6 Augmented Reality"},"image":{"@id":"https:\/\/alegerglobal.com\/pl\/#\/schema\/logo\/image\/"}}]},"product_price_amount":"0.00","product_price_currency":"EUR","og_availability":"instock","product_availability":"instock","product_condition":"new"},"_links":{"self":[{"href":"https:\/\/alegerglobal.com\/pl\/wp-json\/wp\/v2\/product\/38645","targetHints":{"allow":["GET"]}}],"collection":[{"href":"https:\/\/alegerglobal.com\/pl\/wp-json\/wp\/v2\/product"}],"about":[{"href":"https:\/\/alegerglobal.com\/pl\/wp-json\/wp\/v2\/types\/product"}],"replies":[{"embeddable":true,"href":"https:\/\/alegerglobal.com\/pl\/wp-json\/wp\/v2\/comments?post=38645"}],"version-history":[{"count":0,"href":"https:\/\/alegerglobal.com\/pl\/wp-json\/wp\/v2\/product\/38645\/revisions"}],"wp:featuredmedia":[{"embeddable":true,"href":"https:\/\/alegerglobal.com\/pl\/wp-json\/wp\/v2\/media\/38616"}],"wp:attachment":[{"href":"https:\/\/alegerglobal.com\/pl\/wp-json\/wp\/v2\/media?parent=38645"}],"wp:term":[{"taxonomy":"product_brand","embeddable":true,"href":"https:\/\/alegerglobal.com\/pl\/wp-json\/wp\/v2\/product_brand?post=38645"},{"taxonomy":"product_cat","embeddable":true,"href":"https:\/\/alegerglobal.com\/pl\/wp-json\/wp\/v2\/product_cat?post=38645"},{"taxonomy":"product_tag","embeddable":true,"href":"https:\/\/alegerglobal.com\/pl\/wp-json\/wp\/v2\/product_tag?post=38645"}],"curies":[{"name":"wp","href":"https:\/\/api.w.org\/{rel}","templated":true}]}}