{"id":38288,"date":"2023-09-11T09:29:52","date_gmt":"2023-09-11T08:58:01","guid":{"rendered":"https:\/\/alegerglobal.com\/bez-kategorii\/uzywane-microsoft-hololens-2-50-znizki-inteligentne-okulary-z-imponujacym-polem-widzenia-50-stopni-i-windows-holographic\/"},"modified":"2023-09-11T09:58:04","modified_gmt":"2023-09-11T08:58:04","slug":"hololens-2-used","status":"publish","type":"product","link":"https:\/\/alegerglobal.com\/pl\/shop-pl\/inteligentne-okulary\/hololens-2-used\/","title":{"rendered":"U\u017cywane Microsoft HoloLens 2 (50% zni\u017cki): Inteligentne okulary z imponuj\u0105cym polem widzenia 50 stopni i Windows Holographic"},"content":{"rendered":"","protected":false},"excerpt":{"rendered":"<ul>\n<li><b>D\u0142ugi czas u\u017cytkowania:<\/b><span style=\"font-weight: 400;\"> Ciesz si\u0119 2-3 godzinami nieprzerwanego AR<\/span><\/li>\n<li><b>Absolutna mobilno\u015b\u0107:<\/b> dzi\u0119ki samodzielnemu u\u017cytkowaniu bez po\u0142\u0105czenia z komputerem<\/li>\n<li><b>Wygodna przestrze\u0144 robocza:<\/b> Zanurz si\u0119 we wci\u0105gaj\u0105cym 50-stopniowym polu widzenia z imponuj\u0105c\u0105 cz\u0119stotliwo\u015bci\u0105 od\u015bwie\u017cania 75 Hz i wyra\u017an\u0105 rozdzielczo\u015bci\u0105 2K.<\/li>\n<li><b>Najnowocze\u015bniejsza technologia oprogramowania:<\/b> zaawansowane oprogramowanie AI symuluje imponuj\u0105c\u0105 funkcjonalno\u015b\u0107 ludzkiego m\u00f3zgu.<\/li>\n<li><b>Intuicyjne sterowanie:<\/b> Bez wysi\u0142ku wykonuj precyzyjne gesty i steruj HoloLens za pomoc\u0105 g\u0142osu.<\/li>\n<li><b>Pot\u0119\u017cny sprz\u0119t dla wszystkich wyzwa\u0144: <\/b>Procesor Snapdragon 850 i 2 GB pami\u0119ci DDR4 zapewniaj\u0105 moc potrzebn\u0105 do wymagaj\u0105cych zastosowa\u0144<\/li>\n<\/ul>\n","protected":false},"featured_media":38337,"comment_status":"open","ping_status":"closed","template":"","meta":{"_acf_changed":false},"product_brand":[],"product_cat":[1008,983],"product_tag":[],"class_list":{"0":"post-38288","1":"product","2":"type-product","3":"status-publish","4":"has-post-thumbnail","6":"product_cat-inteligentne-okulary","7":"product_cat-shop-pl","8":"pa_hersteller-microsoft-pl","10":"first","11":"instock","12":"taxable","13":"shipping-taxable","14":"product-type-simple"},"acf":[],"yoast_head":"<!-- This site is optimized with the Yoast SEO Premium plugin v20.10 (Yoast SEO v24.3) - https:\/\/yoast.com\/wordpress\/plugins\/seo\/ -->\n<title>U\u017cywane Hololens 2 jak nowe - 50% zni\u017cki- ALEGER \u22c6 Augmented Reality<\/title>\n<meta name=\"description\" content=\"Odkryj u\u017cywane Hololens 2 w idealnym stanie i skorzystaj z bezkonkurencyjnej zni\u017cki w wysoko\u015bci 50%.\" \/>\n<meta name=\"robots\" content=\"index, follow, max-snippet:-1, max-image-preview:large, max-video-preview:-1\" \/>\n<meta property=\"og:locale\" content=\"pl_PL\" \/>\n<meta property=\"og:type\" content=\"article\" \/>\n<meta property=\"og:title\" content=\"U\u017cywane Microsoft HoloLens 2 (50% zni\u017cki): Inteligentne okulary z imponuj\u0105cym polem widzenia 50 stopni i Windows Holographic\" \/>\n<meta property=\"og:description\" content=\"Odkryj u\u017cywane Hololens 2 w idealnym stanie i skorzystaj z bezkonkurencyjnej zni\u017cki w wysoko\u015bci 50%.\" \/>\n<meta property=\"og:url\" content=\"https:\/\/alegerglobal.com\/pl\/shop-pl\/inteligentne-okulary\/hololens-2-used\/\" \/>\n<meta property=\"og:site_name\" content=\"ALEGER \u22c6 Augmented Reality\" \/>\n<meta property=\"article:modified_time\" content=\"2023-09-11T08:58:04+00:00\" \/>\n<meta property=\"og:image\" content=\"https:\/\/alegerglobal.com\/wp-content\/uploads\/2023\/09\/1-scaled.webp\" \/>\n\t<meta property=\"og:image:width\" content=\"2048\" \/>\n\t<meta property=\"og:image:height\" content=\"1365\" \/>\n\t<meta property=\"og:image:type\" content=\"image\/webp\" \/>\n<meta name=\"twitter:card\" content=\"summary_large_image\" \/>\n<meta name=\"twitter:label1\" content=\"Cena\" \/>\n\t<meta name=\"twitter:data1\" content=\"\" \/>\n\t<meta name=\"twitter:label2\" content=\"Dost\u0119pno\u015b\u0107\" \/>\n\t<meta name=\"twitter:data2\" content=\"Dost\u0119pny\" \/>\n<script type=\"application\/ld+json\" class=\"yoast-schema-graph\">{\"@context\":\"https:\/\/schema.org\",\"@graph\":[{\"@type\":\"WebPage\",\"@id\":\"https:\/\/alegerglobal.com\/pl\/shop-pl\/inteligentne-okulary\/hololens-2-used\/\",\"url\":\"https:\/\/alegerglobal.com\/pl\/shop-pl\/inteligentne-okulary\/hololens-2-used\/\",\"name\":\"U\u017cywane Hololens 2 jak nowe - 50% zni\u017cki- ALEGER \u22c6 Augmented Reality\",\"isPartOf\":{\"@id\":\"https:\/\/alegerglobal.com\/pl\/#website\"},\"primaryImageOfPage\":{\"@id\":\"https:\/\/alegerglobal.com\/pl\/shop-pl\/inteligentne-okulary\/hololens-2-used\/#primaryimage\"},\"image\":{\"@id\":\"https:\/\/alegerglobal.com\/pl\/shop-pl\/inteligentne-okulary\/hololens-2-used\/#primaryimage\"},\"thumbnailUrl\":\"https:\/\/alegerglobal.com\/wp-content\/uploads\/2023\/09\/hololens-50_v2.png\",\"datePublished\":\"2023-09-11T08:58:01+00:00\",\"dateModified\":\"2023-09-11T08:58:04+00:00\",\"description\":\"Odkryj u\u017cywane Hololens 2 w idealnym stanie i skorzystaj z bezkonkurencyjnej zni\u017cki w wysoko\u015bci 50%.\",\"breadcrumb\":{\"@id\":\"https:\/\/alegerglobal.com\/pl\/shop-pl\/inteligentne-okulary\/hololens-2-used\/#breadcrumb\"},\"inLanguage\":\"pl-PL\",\"potentialAction\":[{\"@type\":\"ReadAction\",\"target\":[\"https:\/\/alegerglobal.com\/pl\/shop-pl\/inteligentne-okulary\/hololens-2-used\/\"]}]},{\"@type\":\"ImageObject\",\"inLanguage\":\"pl-PL\",\"@id\":\"https:\/\/alegerglobal.com\/pl\/shop-pl\/inteligentne-okulary\/hololens-2-used\/#primaryimage\",\"url\":\"https:\/\/alegerglobal.com\/wp-content\/uploads\/2023\/09\/hololens-50_v2.png\",\"contentUrl\":\"https:\/\/alegerglobal.com\/wp-content\/uploads\/2023\/09\/hololens-50_v2.png\",\"width\":1000,\"height\":1000},{\"@type\":\"BreadcrumbList\",\"@id\":\"https:\/\/alegerglobal.com\/pl\/shop-pl\/inteligentne-okulary\/hololens-2-used\/#breadcrumb\",\"itemListElement\":[{\"@type\":\"ListItem\",\"position\":1,\"name\":\"Home\",\"item\":\"https:\/\/alegerglobal.com\/pl\/nowosc-strona-glowna\/\"},{\"@type\":\"ListItem\",\"position\":2,\"name\":\"Produkty\",\"item\":\"https:\/\/alegerglobal.com\/pl\/produkty\/\"},{\"@type\":\"ListItem\",\"position\":3,\"name\":\"U\u017cywane Microsoft HoloLens 2 (50% zni\u017cki): Inteligentne okulary z imponuj\u0105cym polem widzenia 50 stopni i Windows Holographic\"}]},{\"@type\":\"WebSite\",\"@id\":\"https:\/\/alegerglobal.com\/pl\/#website\",\"url\":\"https:\/\/alegerglobal.com\/pl\/\",\"name\":\"ALEGER \u22c6 Augmented Reality\",\"description\":\"Die besten Augmented Reality (AR) L\u00f6sungen der Welt.\",\"publisher\":{\"@id\":\"https:\/\/alegerglobal.com\/pl\/#organization\"},\"potentialAction\":[{\"@type\":\"SearchAction\",\"target\":{\"@type\":\"EntryPoint\",\"urlTemplate\":\"https:\/\/alegerglobal.com\/pl\/?s={search_term_string}\"},\"query-input\":{\"@type\":\"PropertyValueSpecification\",\"valueRequired\":true,\"valueName\":\"search_term_string\"}}],\"inLanguage\":\"pl-PL\"},{\"@type\":\"Organization\",\"@id\":\"https:\/\/alegerglobal.com\/pl\/#organization\",\"name\":\"ALEGER \u22c6 Augmented Reality\",\"url\":\"https:\/\/alegerglobal.com\/pl\/\",\"logo\":{\"@type\":\"ImageObject\",\"inLanguage\":\"pl-PL\",\"@id\":\"https:\/\/alegerglobal.com\/pl\/#\/schema\/logo\/image\/\",\"url\":\"https:\/\/alegerglobal.com\/wp-content\/uploads\/2020\/12\/aleger-logo-quadrat.jpg\",\"contentUrl\":\"https:\/\/alegerglobal.com\/wp-content\/uploads\/2020\/12\/aleger-logo-quadrat.jpg\",\"width\":200,\"height\":176,\"caption\":\"ALEGER \u22c6 Augmented Reality\"},\"image\":{\"@id\":\"https:\/\/alegerglobal.com\/pl\/#\/schema\/logo\/image\/\"}}]}<\/script>\n<meta property=\"product:brand\" content=\"Microsoft\" \/>\n<meta property=\"product:price:amount\" content=\"0.00\" \/>\n<meta property=\"product:price:currency\" content=\"EUR\" \/>\n<meta property=\"og:availability\" content=\"instock\" \/>\n<meta property=\"product:availability\" content=\"instock\" \/>\n<meta property=\"product:condition\" content=\"new\" \/>\n<!-- \/ Yoast SEO Premium plugin. -->","yoast_head_json":{"title":"U\u017cywane Hololens 2 jak nowe - 50% zni\u017cki- ALEGER \u22c6 Augmented Reality","description":"Odkryj u\u017cywane Hololens 2 w idealnym stanie i skorzystaj z bezkonkurencyjnej zni\u017cki w wysoko\u015bci 50%.","robots":{"index":"index","follow":"follow","max-snippet":"max-snippet:-1","max-image-preview":"max-image-preview:large","max-video-preview":"max-video-preview:-1"},"og_locale":"pl_PL","og_type":"article","og_title":"U\u017cywane Microsoft HoloLens 2 (50% zni\u017cki): Inteligentne okulary z imponuj\u0105cym polem widzenia 50 stopni i Windows Holographic","og_description":"Odkryj u\u017cywane Hololens 2 w idealnym stanie i skorzystaj z bezkonkurencyjnej zni\u017cki w wysoko\u015bci 50%.","og_url":"https:\/\/alegerglobal.com\/pl\/shop-pl\/inteligentne-okulary\/hololens-2-used\/","og_site_name":"ALEGER \u22c6 Augmented Reality","article_modified_time":"2023-09-11T08:58:04+00:00","og_image":[{"width":2048,"height":1365,"url":"https:\/\/alegerglobal.com\/wp-content\/uploads\/2023\/09\/1-scaled.webp","type":"image\/webp"}],"twitter_card":"summary_large_image","twitter_misc":{"Cena":"","Dost\u0119pno\u015b\u0107":"Dost\u0119pny"},"schema":{"@context":"https:\/\/schema.org","@graph":[{"@type":"WebPage","@id":"https:\/\/alegerglobal.com\/pl\/shop-pl\/inteligentne-okulary\/hololens-2-used\/","url":"https:\/\/alegerglobal.com\/pl\/shop-pl\/inteligentne-okulary\/hololens-2-used\/","name":"U\u017cywane Hololens 2 jak nowe - 50% zni\u017cki- ALEGER \u22c6 Augmented Reality","isPartOf":{"@id":"https:\/\/alegerglobal.com\/pl\/#website"},"primaryImageOfPage":{"@id":"https:\/\/alegerglobal.com\/pl\/shop-pl\/inteligentne-okulary\/hololens-2-used\/#primaryimage"},"image":{"@id":"https:\/\/alegerglobal.com\/pl\/shop-pl\/inteligentne-okulary\/hololens-2-used\/#primaryimage"},"thumbnailUrl":"https:\/\/alegerglobal.com\/wp-content\/uploads\/2023\/09\/hololens-50_v2.png","datePublished":"2023-09-11T08:58:01+00:00","dateModified":"2023-09-11T08:58:04+00:00","description":"Odkryj u\u017cywane Hololens 2 w idealnym stanie i skorzystaj z bezkonkurencyjnej zni\u017cki w wysoko\u015bci 50%.","breadcrumb":{"@id":"https:\/\/alegerglobal.com\/pl\/shop-pl\/inteligentne-okulary\/hololens-2-used\/#breadcrumb"},"inLanguage":"pl-PL","potentialAction":[{"@type":"ReadAction","target":["https:\/\/alegerglobal.com\/pl\/shop-pl\/inteligentne-okulary\/hololens-2-used\/"]}]},{"@type":"ImageObject","inLanguage":"pl-PL","@id":"https:\/\/alegerglobal.com\/pl\/shop-pl\/inteligentne-okulary\/hololens-2-used\/#primaryimage","url":"https:\/\/alegerglobal.com\/wp-content\/uploads\/2023\/09\/hololens-50_v2.png","contentUrl":"https:\/\/alegerglobal.com\/wp-content\/uploads\/2023\/09\/hololens-50_v2.png","width":1000,"height":1000},{"@type":"BreadcrumbList","@id":"https:\/\/alegerglobal.com\/pl\/shop-pl\/inteligentne-okulary\/hololens-2-used\/#breadcrumb","itemListElement":[{"@type":"ListItem","position":1,"name":"Home","item":"https:\/\/alegerglobal.com\/pl\/nowosc-strona-glowna\/"},{"@type":"ListItem","position":2,"name":"Produkty","item":"https:\/\/alegerglobal.com\/pl\/produkty\/"},{"@type":"ListItem","position":3,"name":"U\u017cywane Microsoft HoloLens 2 (50% zni\u017cki): Inteligentne okulary z imponuj\u0105cym polem widzenia 50 stopni i Windows Holographic"}]},{"@type":"WebSite","@id":"https:\/\/alegerglobal.com\/pl\/#website","url":"https:\/\/alegerglobal.com\/pl\/","name":"ALEGER \u22c6 Augmented Reality","description":"Die besten Augmented Reality (AR) L\u00f6sungen der Welt.","publisher":{"@id":"https:\/\/alegerglobal.com\/pl\/#organization"},"potentialAction":[{"@type":"SearchAction","target":{"@type":"EntryPoint","urlTemplate":"https:\/\/alegerglobal.com\/pl\/?s={search_term_string}"},"query-input":{"@type":"PropertyValueSpecification","valueRequired":true,"valueName":"search_term_string"}}],"inLanguage":"pl-PL"},{"@type":"Organization","@id":"https:\/\/alegerglobal.com\/pl\/#organization","name":"ALEGER \u22c6 Augmented Reality","url":"https:\/\/alegerglobal.com\/pl\/","logo":{"@type":"ImageObject","inLanguage":"pl-PL","@id":"https:\/\/alegerglobal.com\/pl\/#\/schema\/logo\/image\/","url":"https:\/\/alegerglobal.com\/wp-content\/uploads\/2020\/12\/aleger-logo-quadrat.jpg","contentUrl":"https:\/\/alegerglobal.com\/wp-content\/uploads\/2020\/12\/aleger-logo-quadrat.jpg","width":200,"height":176,"caption":"ALEGER \u22c6 Augmented Reality"},"image":{"@id":"https:\/\/alegerglobal.com\/pl\/#\/schema\/logo\/image\/"}}]},"product_brand":"Microsoft","product_price_amount":"0.00","product_price_currency":"EUR","og_availability":"instock","product_availability":"instock","product_condition":"new"},"_links":{"self":[{"href":"https:\/\/alegerglobal.com\/pl\/wp-json\/wp\/v2\/product\/38288","targetHints":{"allow":["GET"]}}],"collection":[{"href":"https:\/\/alegerglobal.com\/pl\/wp-json\/wp\/v2\/product"}],"about":[{"href":"https:\/\/alegerglobal.com\/pl\/wp-json\/wp\/v2\/types\/product"}],"replies":[{"embeddable":true,"href":"https:\/\/alegerglobal.com\/pl\/wp-json\/wp\/v2\/comments?post=38288"}],"version-history":[{"count":1,"href":"https:\/\/alegerglobal.com\/pl\/wp-json\/wp\/v2\/product\/38288\/revisions"}],"predecessor-version":[{"id":38289,"href":"https:\/\/alegerglobal.com\/pl\/wp-json\/wp\/v2\/product\/38288\/revisions\/38289"}],"wp:featuredmedia":[{"embeddable":true,"href":"https:\/\/alegerglobal.com\/pl\/wp-json\/wp\/v2\/media\/38337"}],"wp:attachment":[{"href":"https:\/\/alegerglobal.com\/pl\/wp-json\/wp\/v2\/media?parent=38288"}],"wp:term":[{"taxonomy":"product_brand","embeddable":true,"href":"https:\/\/alegerglobal.com\/pl\/wp-json\/wp\/v2\/product_brand?post=38288"},{"taxonomy":"product_cat","embeddable":true,"href":"https:\/\/alegerglobal.com\/pl\/wp-json\/wp\/v2\/product_cat?post=38288"},{"taxonomy":"product_tag","embeddable":true,"href":"https:\/\/alegerglobal.com\/pl\/wp-json\/wp\/v2\/product_tag?post=38288"}],"curies":[{"name":"wp","href":"https:\/\/api.w.org\/{rel}","templated":true}]}}