{"id":33774,"date":"2022-01-11T04:55:55","date_gmt":"2022-05-17T07:16:58","guid":{"rendered":"https:\/\/alegerglobal.com\/bez-kategorii\/i-safe-mobile-hmt-1z1-gogle-do-transmisji-danych-z-ochrona-przeciwwybuchowa-strefa-1-atex-pole-widzenia-20-stopni-android-8\/"},"modified":"2022-05-17T08:16:58","modified_gmt":"2022-05-17T07:16:58","slug":"hmt-1z1-2","status":"publish","type":"product","link":"https:\/\/alegerglobal.com\/pl\/shop-pl\/inteligentne-okulary\/hmt-1z1-2\/","title":{"rendered":"i.safe MOBILE HMT-1Z1 Gogle do transmisji danych z ochron\u0105 przeciwwybuchow\u0105, strefa 1 ATEX, pole widzenia 20 stopni, Android 8"},"content":{"rendered":"","protected":false},"excerpt":{"rendered":"<ul>\n<li style=\"font-weight: 400;\" aria-level=\"1\"><b>Praca bez u\u017cycia r\u0105k:<\/b><span style=\"font-weight: 400;\"> Okulary z danymi mo\u017cna obs\u0142ugiwa\u0107 ca\u0142kowicie bez u\u017cycia r\u0105k<\/span><\/li>\n<li style=\"font-weight: 400;\" aria-level=\"1\"><b>Zacznij dzia\u0142a\u0107 natychmiast:<\/b><span style=\"font-weight: 400;\"> Cztery fabrycznie zainstalowane aplikacje do obs\u0142ugi film\u00f3w, zarz\u0105dzania dokumentami i skanera kod\u00f3w kreskowych<\/span><\/li>\n<li style=\"font-weight: 400;\" aria-level=\"1\"><b>Dokument bez problem\u00f3w:<\/b><span style=\"font-weight: 400;\"> Ostre zdj\u0119cia i filmy dzi\u0119ki aparatowi o rozdzielczo\u015bci 16 MP i cyfrowemu stabilizatorowi obrazu<\/span><\/li>\n<li style=\"font-weight: 400;\" aria-level=\"1\"><b>Praca bez przerw na \u0142adowanie<\/b><span style=\"font-weight: 400;\"> Pojemna bateria 3400 mAh zapewnia d\u0142ugi czas pracy<\/span><\/li>\n<li style=\"font-weight: 400;\" aria-level=\"1\"><b>Niezak\u0142\u00f3cona komunikacja:<\/b><span style=\"font-weight: 400;\"> 4 mikrofony z redukcj\u0105 szum\u00f3w i zintegrowany g\u0142o\u015bnik 91 dB<\/span><\/li>\n<li style=\"font-weight: 400;\" aria-level=\"1\"><b>Ochrona przed wod\u0105 i py\u0142em:<\/b> certyfikat IP66<\/li>\n<\/ul>\n","protected":false},"featured_media":16321,"comment_status":"open","ping_status":"closed","template":"","meta":{"_acf_changed":false},"product_brand":[],"product_cat":[982,1008,983],"product_tag":[],"class_list":{"0":"post-33774","1":"product","2":"type-product","3":"status-publish","4":"has-post-thumbnail","6":"product_cat-atex-pl","7":"product_cat-inteligentne-okulary","8":"product_cat-shop-pl","9":"pa_hersteller-i-bezpieczny","11":"first","12":"instock","13":"taxable","14":"shipping-taxable","15":"purchasable","16":"product-type-simple"},"acf":[],"yoast_head":"<!-- This site is optimized with the Yoast SEO Premium plugin v20.10 (Yoast SEO v24.3) - https:\/\/yoast.com\/wordpress\/plugins\/seo\/ -->\n<title>HMT-1Z1: Okulary z danymi zabezpieczonymi przed dost\u0119pem os\u00f3b niepowo\u0142anych kupuj ALEGER \u22c6 Augmented Reality<\/title>\n<meta name=\"description\" content=\"Kup tutaj HMT-1Z1 z certyfikatem Atex i uzyskaj profesjonaln\u0105 pomoc techniczn\u0105 od ALEGER w zakresie zastosowa\u0144 przemys\u0142owych.\" \/>\n<meta name=\"robots\" content=\"index, follow, max-snippet:-1, max-image-preview:large, max-video-preview:-1\" \/>\n<meta property=\"og:locale\" content=\"pl_PL\" \/>\n<meta property=\"og:type\" content=\"article\" \/>\n<meta property=\"og:title\" content=\"i.safe MOBILE HMT-1Z1 Gogle do transmisji danych z ochron\u0105 przeciwwybuchow\u0105, strefa 1 ATEX, pole widzenia 20 stopni, Android 8\" \/>\n<meta property=\"og:description\" content=\"Kup tutaj HMT-1Z1 z certyfikatem Atex i uzyskaj profesjonaln\u0105 pomoc techniczn\u0105 od ALEGER w zakresie zastosowa\u0144 przemys\u0142owych.\" \/>\n<meta property=\"og:url\" content=\"https:\/\/alegerglobal.com\/pl\/shop-pl\/inteligentne-okulary\/hmt-1z1-2\/\" \/>\n<meta property=\"og:site_name\" content=\"ALEGER \u22c6 Augmented Reality\" \/>\n<meta property=\"og:image\" content=\"https:\/\/alegerglobal.com\/wp-content\/uploads\/2020\/12\/Unbenannt.jpg\" \/>\n\t<meta property=\"og:image:width\" content=\"800\" \/>\n\t<meta property=\"og:image:height\" content=\"800\" \/>\n\t<meta property=\"og:image:type\" content=\"image\/jpeg\" \/>\n<meta name=\"twitter:card\" content=\"summary_large_image\" \/>\n<meta name=\"twitter:label1\" content=\"Cena\" \/>\n\t<meta name=\"twitter:data1\" content=\"&euro;5.243,79\" \/>\n\t<meta name=\"twitter:label2\" content=\"Dost\u0119pno\u015b\u0107\" \/>\n\t<meta name=\"twitter:data2\" content=\"Dost\u0119pny\" \/>\n<script type=\"application\/ld+json\" class=\"yoast-schema-graph\">{\"@context\":\"https:\/\/schema.org\",\"@graph\":[{\"@type\":\"WebPage\",\"@id\":\"https:\/\/alegerglobal.com\/pl\/shop-pl\/inteligentne-okulary\/hmt-1z1-2\/\",\"url\":\"https:\/\/alegerglobal.com\/pl\/shop-pl\/inteligentne-okulary\/hmt-1z1-2\/\",\"name\":\"HMT-1Z1: Okulary z danymi zabezpieczonymi przed dost\u0119pem os\u00f3b niepowo\u0142anych kupuj ALEGER \u22c6 Augmented Reality\",\"isPartOf\":{\"@id\":\"https:\/\/alegerglobal.com\/pl\/#website\"},\"primaryImageOfPage\":{\"@id\":\"https:\/\/alegerglobal.com\/pl\/shop-pl\/inteligentne-okulary\/hmt-1z1-2\/#primaryimage\"},\"image\":{\"@id\":\"https:\/\/alegerglobal.com\/pl\/shop-pl\/inteligentne-okulary\/hmt-1z1-2\/#primaryimage\"},\"thumbnailUrl\":\"https:\/\/alegerglobal.com\/wp-content\/uploads\/2020\/12\/Unbenannt.jpg\",\"datePublished\":\"2022-05-17T07:16:58+00:00\",\"dateModified\":\"2022-05-17T07:16:58+00:00\",\"description\":\"Kup tutaj HMT-1Z1 z certyfikatem Atex i uzyskaj profesjonaln\u0105 pomoc techniczn\u0105 od ALEGER w zakresie zastosowa\u0144 przemys\u0142owych.\",\"breadcrumb\":{\"@id\":\"https:\/\/alegerglobal.com\/pl\/shop-pl\/inteligentne-okulary\/hmt-1z1-2\/#breadcrumb\"},\"inLanguage\":\"pl-PL\",\"potentialAction\":[{\"@type\":\"ReadAction\",\"target\":[\"https:\/\/alegerglobal.com\/pl\/shop-pl\/inteligentne-okulary\/hmt-1z1-2\/\"]}]},{\"@type\":\"ImageObject\",\"inLanguage\":\"pl-PL\",\"@id\":\"https:\/\/alegerglobal.com\/pl\/shop-pl\/inteligentne-okulary\/hmt-1z1-2\/#primaryimage\",\"url\":\"https:\/\/alegerglobal.com\/wp-content\/uploads\/2020\/12\/Unbenannt.jpg\",\"contentUrl\":\"https:\/\/alegerglobal.com\/wp-content\/uploads\/2020\/12\/Unbenannt.jpg\",\"width\":800,\"height\":800,\"caption\":\"i.safe MOBILE HMT-1Z1\"},{\"@type\":\"BreadcrumbList\",\"@id\":\"https:\/\/alegerglobal.com\/pl\/shop-pl\/inteligentne-okulary\/hmt-1z1-2\/#breadcrumb\",\"itemListElement\":[{\"@type\":\"ListItem\",\"position\":1,\"name\":\"Home\",\"item\":\"https:\/\/alegerglobal.com\/pl\/nowosc-strona-glowna\/\"},{\"@type\":\"ListItem\",\"position\":2,\"name\":\"Produkty\",\"item\":\"https:\/\/alegerglobal.com\/pl\/produkty\/\"},{\"@type\":\"ListItem\",\"position\":3,\"name\":\"i.safe MOBILE HMT-1Z1 Gogle do transmisji danych z ochron\u0105 przeciwwybuchow\u0105, strefa 1 ATEX, pole widzenia 20 stopni, Android 8\"}]},{\"@type\":\"WebSite\",\"@id\":\"https:\/\/alegerglobal.com\/pl\/#website\",\"url\":\"https:\/\/alegerglobal.com\/pl\/\",\"name\":\"ALEGER \u22c6 Augmented Reality\",\"description\":\"Die besten Augmented Reality (AR) L\u00f6sungen der Welt.\",\"publisher\":{\"@id\":\"https:\/\/alegerglobal.com\/pl\/#organization\"},\"potentialAction\":[{\"@type\":\"SearchAction\",\"target\":{\"@type\":\"EntryPoint\",\"urlTemplate\":\"https:\/\/alegerglobal.com\/pl\/?s={search_term_string}\"},\"query-input\":{\"@type\":\"PropertyValueSpecification\",\"valueRequired\":true,\"valueName\":\"search_term_string\"}}],\"inLanguage\":\"pl-PL\"},{\"@type\":\"Organization\",\"@id\":\"https:\/\/alegerglobal.com\/pl\/#organization\",\"name\":\"ALEGER \u22c6 Augmented Reality\",\"url\":\"https:\/\/alegerglobal.com\/pl\/\",\"logo\":{\"@type\":\"ImageObject\",\"inLanguage\":\"pl-PL\",\"@id\":\"https:\/\/alegerglobal.com\/pl\/#\/schema\/logo\/image\/\",\"url\":\"https:\/\/alegerglobal.com\/wp-content\/uploads\/2020\/12\/aleger-logo-quadrat.jpg\",\"contentUrl\":\"https:\/\/alegerglobal.com\/wp-content\/uploads\/2020\/12\/aleger-logo-quadrat.jpg\",\"width\":200,\"height\":176,\"caption\":\"ALEGER \u22c6 Augmented Reality\"},\"image\":{\"@id\":\"https:\/\/alegerglobal.com\/pl\/#\/schema\/logo\/image\/\"}}]}<\/script>\n<meta property=\"product:brand\" content=\"i.bezpieczny\" \/>\n<meta property=\"product:price:amount\" content=\"5243.79\" \/>\n<meta property=\"product:price:currency\" content=\"EUR\" \/>\n<meta property=\"og:availability\" content=\"instock\" \/>\n<meta property=\"product:availability\" content=\"instock\" \/>\n<meta property=\"product:condition\" content=\"new\" \/>\n<!-- \/ Yoast SEO Premium plugin. -->","yoast_head_json":{"title":"HMT-1Z1: Okulary z danymi zabezpieczonymi przed dost\u0119pem os\u00f3b niepowo\u0142anych kupuj ALEGER \u22c6 Augmented Reality","description":"Kup tutaj HMT-1Z1 z certyfikatem Atex i uzyskaj profesjonaln\u0105 pomoc techniczn\u0105 od ALEGER w zakresie zastosowa\u0144 przemys\u0142owych.","robots":{"index":"index","follow":"follow","max-snippet":"max-snippet:-1","max-image-preview":"max-image-preview:large","max-video-preview":"max-video-preview:-1"},"og_locale":"pl_PL","og_type":"article","og_title":"i.safe MOBILE HMT-1Z1 Gogle do transmisji danych z ochron\u0105 przeciwwybuchow\u0105, strefa 1 ATEX, pole widzenia 20 stopni, Android 8","og_description":"Kup tutaj HMT-1Z1 z certyfikatem Atex i uzyskaj profesjonaln\u0105 pomoc techniczn\u0105 od ALEGER w zakresie zastosowa\u0144 przemys\u0142owych.","og_url":"https:\/\/alegerglobal.com\/pl\/shop-pl\/inteligentne-okulary\/hmt-1z1-2\/","og_site_name":"ALEGER \u22c6 Augmented Reality","og_image":[{"width":800,"height":800,"url":"https:\/\/alegerglobal.com\/wp-content\/uploads\/2020\/12\/Unbenannt.jpg","type":"image\/jpeg"}],"twitter_card":"summary_large_image","twitter_misc":{"Cena":"&euro;5.243,79","Dost\u0119pno\u015b\u0107":"Dost\u0119pny"},"schema":{"@context":"https:\/\/schema.org","@graph":[{"@type":"WebPage","@id":"https:\/\/alegerglobal.com\/pl\/shop-pl\/inteligentne-okulary\/hmt-1z1-2\/","url":"https:\/\/alegerglobal.com\/pl\/shop-pl\/inteligentne-okulary\/hmt-1z1-2\/","name":"HMT-1Z1: Okulary z danymi zabezpieczonymi przed dost\u0119pem os\u00f3b niepowo\u0142anych kupuj ALEGER \u22c6 Augmented Reality","isPartOf":{"@id":"https:\/\/alegerglobal.com\/pl\/#website"},"primaryImageOfPage":{"@id":"https:\/\/alegerglobal.com\/pl\/shop-pl\/inteligentne-okulary\/hmt-1z1-2\/#primaryimage"},"image":{"@id":"https:\/\/alegerglobal.com\/pl\/shop-pl\/inteligentne-okulary\/hmt-1z1-2\/#primaryimage"},"thumbnailUrl":"https:\/\/alegerglobal.com\/wp-content\/uploads\/2020\/12\/Unbenannt.jpg","datePublished":"2022-05-17T07:16:58+00:00","dateModified":"2022-05-17T07:16:58+00:00","description":"Kup tutaj HMT-1Z1 z certyfikatem Atex i uzyskaj profesjonaln\u0105 pomoc techniczn\u0105 od ALEGER w zakresie zastosowa\u0144 przemys\u0142owych.","breadcrumb":{"@id":"https:\/\/alegerglobal.com\/pl\/shop-pl\/inteligentne-okulary\/hmt-1z1-2\/#breadcrumb"},"inLanguage":"pl-PL","potentialAction":[{"@type":"ReadAction","target":["https:\/\/alegerglobal.com\/pl\/shop-pl\/inteligentne-okulary\/hmt-1z1-2\/"]}]},{"@type":"ImageObject","inLanguage":"pl-PL","@id":"https:\/\/alegerglobal.com\/pl\/shop-pl\/inteligentne-okulary\/hmt-1z1-2\/#primaryimage","url":"https:\/\/alegerglobal.com\/wp-content\/uploads\/2020\/12\/Unbenannt.jpg","contentUrl":"https:\/\/alegerglobal.com\/wp-content\/uploads\/2020\/12\/Unbenannt.jpg","width":800,"height":800,"caption":"i.safe MOBILE HMT-1Z1"},{"@type":"BreadcrumbList","@id":"https:\/\/alegerglobal.com\/pl\/shop-pl\/inteligentne-okulary\/hmt-1z1-2\/#breadcrumb","itemListElement":[{"@type":"ListItem","position":1,"name":"Home","item":"https:\/\/alegerglobal.com\/pl\/nowosc-strona-glowna\/"},{"@type":"ListItem","position":2,"name":"Produkty","item":"https:\/\/alegerglobal.com\/pl\/produkty\/"},{"@type":"ListItem","position":3,"name":"i.safe MOBILE HMT-1Z1 Gogle do transmisji danych z ochron\u0105 przeciwwybuchow\u0105, strefa 1 ATEX, pole widzenia 20 stopni, Android 8"}]},{"@type":"WebSite","@id":"https:\/\/alegerglobal.com\/pl\/#website","url":"https:\/\/alegerglobal.com\/pl\/","name":"ALEGER \u22c6 Augmented Reality","description":"Die besten Augmented Reality (AR) L\u00f6sungen der Welt.","publisher":{"@id":"https:\/\/alegerglobal.com\/pl\/#organization"},"potentialAction":[{"@type":"SearchAction","target":{"@type":"EntryPoint","urlTemplate":"https:\/\/alegerglobal.com\/pl\/?s={search_term_string}"},"query-input":{"@type":"PropertyValueSpecification","valueRequired":true,"valueName":"search_term_string"}}],"inLanguage":"pl-PL"},{"@type":"Organization","@id":"https:\/\/alegerglobal.com\/pl\/#organization","name":"ALEGER \u22c6 Augmented Reality","url":"https:\/\/alegerglobal.com\/pl\/","logo":{"@type":"ImageObject","inLanguage":"pl-PL","@id":"https:\/\/alegerglobal.com\/pl\/#\/schema\/logo\/image\/","url":"https:\/\/alegerglobal.com\/wp-content\/uploads\/2020\/12\/aleger-logo-quadrat.jpg","contentUrl":"https:\/\/alegerglobal.com\/wp-content\/uploads\/2020\/12\/aleger-logo-quadrat.jpg","width":200,"height":176,"caption":"ALEGER \u22c6 Augmented Reality"},"image":{"@id":"https:\/\/alegerglobal.com\/pl\/#\/schema\/logo\/image\/"}}]},"product_brand":"i.bezpieczny","product_price_amount":"5243.79","product_price_currency":"EUR","og_availability":"instock","product_availability":"instock","product_condition":"new"},"_links":{"self":[{"href":"https:\/\/alegerglobal.com\/pl\/wp-json\/wp\/v2\/product\/33774","targetHints":{"allow":["GET"]}}],"collection":[{"href":"https:\/\/alegerglobal.com\/pl\/wp-json\/wp\/v2\/product"}],"about":[{"href":"https:\/\/alegerglobal.com\/pl\/wp-json\/wp\/v2\/types\/product"}],"replies":[{"embeddable":true,"href":"https:\/\/alegerglobal.com\/pl\/wp-json\/wp\/v2\/comments?post=33774"}],"version-history":[{"count":0,"href":"https:\/\/alegerglobal.com\/pl\/wp-json\/wp\/v2\/product\/33774\/revisions"}],"wp:featuredmedia":[{"embeddable":true,"href":"https:\/\/alegerglobal.com\/pl\/wp-json\/wp\/v2\/media\/16321"}],"wp:attachment":[{"href":"https:\/\/alegerglobal.com\/pl\/wp-json\/wp\/v2\/media?parent=33774"}],"wp:term":[{"taxonomy":"product_brand","embeddable":true,"href":"https:\/\/alegerglobal.com\/pl\/wp-json\/wp\/v2\/product_brand?post=33774"},{"taxonomy":"product_cat","embeddable":true,"href":"https:\/\/alegerglobal.com\/pl\/wp-json\/wp\/v2\/product_cat?post=33774"},{"taxonomy":"product_tag","embeddable":true,"href":"https:\/\/alegerglobal.com\/pl\/wp-json\/wp\/v2\/product_tag?post=33774"}],"curies":[{"name":"wp","href":"https:\/\/api.w.org\/{rel}","templated":true}]}}