{"id":33773,"date":"2021-03-12T04:24:52","date_gmt":"2022-05-17T07:16:57","guid":{"rendered":"https:\/\/alegerglobal.com\/bez-kategorii\/hololens-2-inteligentne-okulary-pole-widzenia-50-stopni-windows-holographic\/"},"modified":"2022-05-17T08:16:57","modified_gmt":"2022-05-17T07:16:57","slug":"hololens-2-2","status":"publish","type":"product","link":"https:\/\/alegerglobal.com\/pl\/shop-pl\/inteligentne-okulary\/hololens-2-2\/","title":{"rendered":"HoloLens 2, inteligentne okulary, pole widzenia 50 stopni, Windows Holographic"},"content":{"rendered":"","protected":false},"excerpt":{"rendered":"<ul>\n<li style=\"font-weight: 400;\"><b>D\u0142ugie u\u017cytkowanie:<\/b><span style=\"font-weight: 400;\"> 2-3 godziny pracy na baterii<\/span><\/li>\n<li style=\"font-weight: 400;\"><b>Mobilno\u015b\u0107 w ka\u017cdej chwili: <\/b><span style=\"font-weight: 400;\">Mo\u017ce by\u0107 u\u017cywany niezale\u017cnie, bez po\u0142\u0105czenia z komputerem PC<\/span><\/li>\n<li style=\"font-weight: 400;\"><b>Wygodna praca:<\/b><span style=\"font-weight: 400;\"> Wy\u015bwietlacz o polu widzenia 50 stopni, cz\u0119stotliwo\u015bci od\u015bwie\u017cania 75 HZ i rozdzielczo\u015bci 2K<\/span><\/li>\n<li style=\"font-weight: 400;\"><b>Nowoczesna technologia oprogramowania:<\/b><span style=\"font-weight: 400;\"> Zaawansowane oprogramowanie sztucznej inteligencji symuluje dzia\u0142anie ludzkiego m\u00f3zgu<\/span><\/li>\n<li style=\"font-weight: 400;\"><b>Intuicyjna obs\u0142uga:<\/b><span style=\"font-weight: 400;\"> Bezpo\u015brednie sterowanie gestami i sterowanie za pomoc\u0105 j\u0119zyka naturalnego<\/span><\/li>\n<li style=\"font-weight: 400;\"><b>Wydajny sprz\u0119t do wymagaj\u0105cych zastosowa\u0144:<\/b> Procesor Snapdragon 850 i 2 GB pami\u0119ci DDR4<\/li>\n<\/ul>\n","protected":false},"featured_media":15921,"comment_status":"open","ping_status":"closed","template":"","meta":{"_acf_changed":false},"product_brand":[],"product_cat":[1008,983],"product_tag":[],"class_list":{"0":"post-33773","1":"product","2":"type-product","3":"status-publish","4":"has-post-thumbnail","6":"product_cat-inteligentne-okulary","7":"product_cat-shop-pl","8":"pa_hersteller-microsoft-pl","10":"first","11":"instock","12":"taxable","13":"shipping-taxable","14":"purchasable","15":"product-type-simple"},"acf":[],"yoast_head":"<!-- This site is optimized with the Yoast SEO Premium plugin v20.10 (Yoast SEO v24.3) - https:\/\/yoast.com\/wordpress\/plugins\/seo\/ -->\n<title>Kup Micrososft Hololens 2 \ud83e\udd7d - ALEGER \u22c6 Augmented Reality<\/title>\n<meta name=\"description\" content=\"Kup Hololens 2 tutaj i zapewnij sobie przewag\u0119 nad konkurencj\u0105. Od in\u017cynierii cyfrowej po inteligentne budownictwo - Hololens umo\u017cliwia rozw\u00f3j Twojej firmy.\" \/>\n<meta name=\"robots\" content=\"index, follow, max-snippet:-1, max-image-preview:large, max-video-preview:-1\" \/>\n<meta property=\"og:locale\" content=\"pl_PL\" \/>\n<meta property=\"og:type\" content=\"article\" \/>\n<meta property=\"og:title\" content=\"HoloLens 2, inteligentne okulary, pole widzenia 50 stopni, Windows Holographic\" \/>\n<meta property=\"og:description\" content=\"Kup Hololens 2 tutaj i zapewnij sobie przewag\u0119 nad konkurencj\u0105. Od in\u017cynierii cyfrowej po inteligentne budownictwo - Hololens umo\u017cliwia rozw\u00f3j Twojej firmy.\" \/>\n<meta property=\"og:url\" content=\"https:\/\/alegerglobal.com\/pl\/shop-pl\/inteligentne-okulary\/hololens-2-2\/\" \/>\n<meta property=\"og:site_name\" content=\"ALEGER \u22c6 Augmented Reality\" \/>\n<meta property=\"og:image\" content=\"https:\/\/alegerglobal.com\/wp-content\/uploads\/2021\/01\/Aleger_HoloLens2_CLA_08_f-scaled.jpg\" \/>\n\t<meta property=\"og:image:width\" content=\"2560\" \/>\n\t<meta property=\"og:image:height\" content=\"1706\" \/>\n\t<meta property=\"og:image:type\" content=\"image\/jpeg\" \/>\n<meta name=\"twitter:card\" content=\"summary_large_image\" \/>\n<meta name=\"twitter:label1\" content=\"Cena\" \/>\n\t<meta name=\"twitter:data1\" content=\"&euro;3.649,00\" \/>\n\t<meta name=\"twitter:label2\" content=\"Dost\u0119pno\u015b\u0107\" \/>\n\t<meta name=\"twitter:data2\" content=\"Dost\u0119pny\" \/>\n<script type=\"application\/ld+json\" class=\"yoast-schema-graph\">{\"@context\":\"https:\/\/schema.org\",\"@graph\":[{\"@type\":\"WebPage\",\"@id\":\"https:\/\/alegerglobal.com\/pl\/shop-pl\/inteligentne-okulary\/hololens-2-2\/\",\"url\":\"https:\/\/alegerglobal.com\/pl\/shop-pl\/inteligentne-okulary\/hololens-2-2\/\",\"name\":\"Kup Micrososft Hololens 2 \ud83e\udd7d - ALEGER \u22c6 Augmented Reality\",\"isPartOf\":{\"@id\":\"https:\/\/alegerglobal.com\/pl\/#website\"},\"primaryImageOfPage\":{\"@id\":\"https:\/\/alegerglobal.com\/pl\/shop-pl\/inteligentne-okulary\/hololens-2-2\/#primaryimage\"},\"image\":{\"@id\":\"https:\/\/alegerglobal.com\/pl\/shop-pl\/inteligentne-okulary\/hololens-2-2\/#primaryimage\"},\"thumbnailUrl\":\"https:\/\/alegerglobal.com\/wp-content\/uploads\/2021\/01\/Aleger_HoloLens2_CLA_08_f-scaled.jpg\",\"datePublished\":\"2022-05-17T07:16:57+00:00\",\"dateModified\":\"2022-05-17T07:16:57+00:00\",\"description\":\"Kup Hololens 2 tutaj i zapewnij sobie przewag\u0119 nad konkurencj\u0105. Od in\u017cynierii cyfrowej po inteligentne budownictwo - Hololens umo\u017cliwia rozw\u00f3j Twojej firmy.\",\"breadcrumb\":{\"@id\":\"https:\/\/alegerglobal.com\/pl\/shop-pl\/inteligentne-okulary\/hololens-2-2\/#breadcrumb\"},\"inLanguage\":\"pl-PL\",\"potentialAction\":[{\"@type\":\"ReadAction\",\"target\":[\"https:\/\/alegerglobal.com\/pl\/shop-pl\/inteligentne-okulary\/hololens-2-2\/\"]}]},{\"@type\":\"ImageObject\",\"inLanguage\":\"pl-PL\",\"@id\":\"https:\/\/alegerglobal.com\/pl\/shop-pl\/inteligentne-okulary\/hololens-2-2\/#primaryimage\",\"url\":\"https:\/\/alegerglobal.com\/wp-content\/uploads\/2021\/01\/Aleger_HoloLens2_CLA_08_f-scaled.jpg\",\"contentUrl\":\"https:\/\/alegerglobal.com\/wp-content\/uploads\/2021\/01\/Aleger_HoloLens2_CLA_08_f-scaled.jpg\",\"width\":2048,\"height\":1365,\"caption\":\"Microsoft HoloLens 2\"},{\"@type\":\"BreadcrumbList\",\"@id\":\"https:\/\/alegerglobal.com\/pl\/shop-pl\/inteligentne-okulary\/hololens-2-2\/#breadcrumb\",\"itemListElement\":[{\"@type\":\"ListItem\",\"position\":1,\"name\":\"Home\",\"item\":\"https:\/\/alegerglobal.com\/pl\/nowosc-strona-glowna\/\"},{\"@type\":\"ListItem\",\"position\":2,\"name\":\"Produkty\",\"item\":\"https:\/\/alegerglobal.com\/pl\/produkty\/\"},{\"@type\":\"ListItem\",\"position\":3,\"name\":\"HoloLens 2, inteligentne okulary, pole widzenia 50 stopni, Windows Holographic\"}]},{\"@type\":\"WebSite\",\"@id\":\"https:\/\/alegerglobal.com\/pl\/#website\",\"url\":\"https:\/\/alegerglobal.com\/pl\/\",\"name\":\"ALEGER \u22c6 Augmented Reality\",\"description\":\"Die besten Augmented Reality (AR) L\u00f6sungen der Welt.\",\"publisher\":{\"@id\":\"https:\/\/alegerglobal.com\/pl\/#organization\"},\"potentialAction\":[{\"@type\":\"SearchAction\",\"target\":{\"@type\":\"EntryPoint\",\"urlTemplate\":\"https:\/\/alegerglobal.com\/pl\/?s={search_term_string}\"},\"query-input\":{\"@type\":\"PropertyValueSpecification\",\"valueRequired\":true,\"valueName\":\"search_term_string\"}}],\"inLanguage\":\"pl-PL\"},{\"@type\":\"Organization\",\"@id\":\"https:\/\/alegerglobal.com\/pl\/#organization\",\"name\":\"ALEGER \u22c6 Augmented Reality\",\"url\":\"https:\/\/alegerglobal.com\/pl\/\",\"logo\":{\"@type\":\"ImageObject\",\"inLanguage\":\"pl-PL\",\"@id\":\"https:\/\/alegerglobal.com\/pl\/#\/schema\/logo\/image\/\",\"url\":\"https:\/\/alegerglobal.com\/wp-content\/uploads\/2020\/12\/aleger-logo-quadrat.jpg\",\"contentUrl\":\"https:\/\/alegerglobal.com\/wp-content\/uploads\/2020\/12\/aleger-logo-quadrat.jpg\",\"width\":200,\"height\":176,\"caption\":\"ALEGER \u22c6 Augmented Reality\"},\"image\":{\"@id\":\"https:\/\/alegerglobal.com\/pl\/#\/schema\/logo\/image\/\"}}]}<\/script>\n<meta property=\"product:brand\" content=\"Microsoft\" \/>\n<meta property=\"product:price:amount\" content=\"3649.00\" \/>\n<meta property=\"product:price:currency\" content=\"EUR\" \/>\n<meta property=\"og:availability\" content=\"instock\" \/>\n<meta property=\"product:availability\" content=\"instock\" \/>\n<meta property=\"product:condition\" content=\"new\" \/>\n<!-- \/ Yoast SEO Premium plugin. -->","yoast_head_json":{"title":"Kup Micrososft Hololens 2 \ud83e\udd7d - ALEGER \u22c6 Augmented Reality","description":"Kup Hololens 2 tutaj i zapewnij sobie przewag\u0119 nad konkurencj\u0105. Od in\u017cynierii cyfrowej po inteligentne budownictwo - Hololens umo\u017cliwia rozw\u00f3j Twojej firmy.","robots":{"index":"index","follow":"follow","max-snippet":"max-snippet:-1","max-image-preview":"max-image-preview:large","max-video-preview":"max-video-preview:-1"},"og_locale":"pl_PL","og_type":"article","og_title":"HoloLens 2, inteligentne okulary, pole widzenia 50 stopni, Windows Holographic","og_description":"Kup Hololens 2 tutaj i zapewnij sobie przewag\u0119 nad konkurencj\u0105. Od in\u017cynierii cyfrowej po inteligentne budownictwo - Hololens umo\u017cliwia rozw\u00f3j Twojej firmy.","og_url":"https:\/\/alegerglobal.com\/pl\/shop-pl\/inteligentne-okulary\/hololens-2-2\/","og_site_name":"ALEGER \u22c6 Augmented Reality","og_image":[{"width":2560,"height":1706,"url":"https:\/\/alegerglobal.com\/wp-content\/uploads\/2021\/01\/Aleger_HoloLens2_CLA_08_f-scaled.jpg","type":"image\/jpeg"}],"twitter_card":"summary_large_image","twitter_misc":{"Cena":"&euro;3.649,00","Dost\u0119pno\u015b\u0107":"Dost\u0119pny"},"schema":{"@context":"https:\/\/schema.org","@graph":[{"@type":"WebPage","@id":"https:\/\/alegerglobal.com\/pl\/shop-pl\/inteligentne-okulary\/hololens-2-2\/","url":"https:\/\/alegerglobal.com\/pl\/shop-pl\/inteligentne-okulary\/hololens-2-2\/","name":"Kup Micrososft Hololens 2 \ud83e\udd7d - ALEGER \u22c6 Augmented Reality","isPartOf":{"@id":"https:\/\/alegerglobal.com\/pl\/#website"},"primaryImageOfPage":{"@id":"https:\/\/alegerglobal.com\/pl\/shop-pl\/inteligentne-okulary\/hololens-2-2\/#primaryimage"},"image":{"@id":"https:\/\/alegerglobal.com\/pl\/shop-pl\/inteligentne-okulary\/hololens-2-2\/#primaryimage"},"thumbnailUrl":"https:\/\/alegerglobal.com\/wp-content\/uploads\/2021\/01\/Aleger_HoloLens2_CLA_08_f-scaled.jpg","datePublished":"2022-05-17T07:16:57+00:00","dateModified":"2022-05-17T07:16:57+00:00","description":"Kup Hololens 2 tutaj i zapewnij sobie przewag\u0119 nad konkurencj\u0105. Od in\u017cynierii cyfrowej po inteligentne budownictwo - Hololens umo\u017cliwia rozw\u00f3j Twojej firmy.","breadcrumb":{"@id":"https:\/\/alegerglobal.com\/pl\/shop-pl\/inteligentne-okulary\/hololens-2-2\/#breadcrumb"},"inLanguage":"pl-PL","potentialAction":[{"@type":"ReadAction","target":["https:\/\/alegerglobal.com\/pl\/shop-pl\/inteligentne-okulary\/hololens-2-2\/"]}]},{"@type":"ImageObject","inLanguage":"pl-PL","@id":"https:\/\/alegerglobal.com\/pl\/shop-pl\/inteligentne-okulary\/hololens-2-2\/#primaryimage","url":"https:\/\/alegerglobal.com\/wp-content\/uploads\/2021\/01\/Aleger_HoloLens2_CLA_08_f-scaled.jpg","contentUrl":"https:\/\/alegerglobal.com\/wp-content\/uploads\/2021\/01\/Aleger_HoloLens2_CLA_08_f-scaled.jpg","width":2048,"height":1365,"caption":"Microsoft HoloLens 2"},{"@type":"BreadcrumbList","@id":"https:\/\/alegerglobal.com\/pl\/shop-pl\/inteligentne-okulary\/hololens-2-2\/#breadcrumb","itemListElement":[{"@type":"ListItem","position":1,"name":"Home","item":"https:\/\/alegerglobal.com\/pl\/nowosc-strona-glowna\/"},{"@type":"ListItem","position":2,"name":"Produkty","item":"https:\/\/alegerglobal.com\/pl\/produkty\/"},{"@type":"ListItem","position":3,"name":"HoloLens 2, inteligentne okulary, pole widzenia 50 stopni, Windows Holographic"}]},{"@type":"WebSite","@id":"https:\/\/alegerglobal.com\/pl\/#website","url":"https:\/\/alegerglobal.com\/pl\/","name":"ALEGER \u22c6 Augmented Reality","description":"Die besten Augmented Reality (AR) L\u00f6sungen der Welt.","publisher":{"@id":"https:\/\/alegerglobal.com\/pl\/#organization"},"potentialAction":[{"@type":"SearchAction","target":{"@type":"EntryPoint","urlTemplate":"https:\/\/alegerglobal.com\/pl\/?s={search_term_string}"},"query-input":{"@type":"PropertyValueSpecification","valueRequired":true,"valueName":"search_term_string"}}],"inLanguage":"pl-PL"},{"@type":"Organization","@id":"https:\/\/alegerglobal.com\/pl\/#organization","name":"ALEGER \u22c6 Augmented Reality","url":"https:\/\/alegerglobal.com\/pl\/","logo":{"@type":"ImageObject","inLanguage":"pl-PL","@id":"https:\/\/alegerglobal.com\/pl\/#\/schema\/logo\/image\/","url":"https:\/\/alegerglobal.com\/wp-content\/uploads\/2020\/12\/aleger-logo-quadrat.jpg","contentUrl":"https:\/\/alegerglobal.com\/wp-content\/uploads\/2020\/12\/aleger-logo-quadrat.jpg","width":200,"height":176,"caption":"ALEGER \u22c6 Augmented Reality"},"image":{"@id":"https:\/\/alegerglobal.com\/pl\/#\/schema\/logo\/image\/"}}]},"product_brand":"Microsoft","product_price_amount":"3649.00","product_price_currency":"EUR","og_availability":"instock","product_availability":"instock","product_condition":"new"},"_links":{"self":[{"href":"https:\/\/alegerglobal.com\/pl\/wp-json\/wp\/v2\/product\/33773","targetHints":{"allow":["GET"]}}],"collection":[{"href":"https:\/\/alegerglobal.com\/pl\/wp-json\/wp\/v2\/product"}],"about":[{"href":"https:\/\/alegerglobal.com\/pl\/wp-json\/wp\/v2\/types\/product"}],"replies":[{"embeddable":true,"href":"https:\/\/alegerglobal.com\/pl\/wp-json\/wp\/v2\/comments?post=33773"}],"version-history":[{"count":0,"href":"https:\/\/alegerglobal.com\/pl\/wp-json\/wp\/v2\/product\/33773\/revisions"}],"wp:featuredmedia":[{"embeddable":true,"href":"https:\/\/alegerglobal.com\/pl\/wp-json\/wp\/v2\/media\/15921"}],"wp:attachment":[{"href":"https:\/\/alegerglobal.com\/pl\/wp-json\/wp\/v2\/media?parent=33773"}],"wp:term":[{"taxonomy":"product_brand","embeddable":true,"href":"https:\/\/alegerglobal.com\/pl\/wp-json\/wp\/v2\/product_brand?post=33773"},{"taxonomy":"product_cat","embeddable":true,"href":"https:\/\/alegerglobal.com\/pl\/wp-json\/wp\/v2\/product_cat?post=33773"},{"taxonomy":"product_tag","embeddable":true,"href":"https:\/\/alegerglobal.com\/pl\/wp-json\/wp\/v2\/product_tag?post=33773"}],"curies":[{"name":"wp","href":"https:\/\/api.w.org\/{rel}","templated":true}]}}