{"id":33772,"date":"2022-01-11T04:51:15","date_gmt":"2022-05-17T07:16:57","guid":{"rendered":"https:\/\/alegerglobal.com\/bez-kategorii\/okulary-do-danych-dynaedge-ar-de-100-intel-core-4-gb-ram-128-gb-ssd-windows-11\/"},"modified":"2022-05-17T08:16:57","modified_gmt":"2022-05-17T07:16:57","slug":"dynaedge-de-100-2","status":"publish","type":"product","link":"https:\/\/alegerglobal.com\/pl\/shop-pl\/inteligentne-okulary\/dynaedge-de-100-2\/","title":{"rendered":"Okulary do danych dynaEdge AR DE-100, Intel Core, 4 GB RAM, 128 GB SSD, Windows 11"},"content":{"rendered":"","protected":false},"excerpt":{"rendered":"<ul>\n<li style=\"font-weight: 400;\" aria-level=\"1\"><b>Okulary na dane + przeno\u015bny procesor:<\/b><span style=\"font-weight: 400;\"> dynaEdge AR De-100 \u0142\u0105czy przegl\u0105dark\u0119 AR-100 i modu\u0142 DE 100-24 <\/span> <\/li>\n<li style=\"font-weight: 400;\" aria-level=\"1\"><b>Bezpiecze\u0144stwo punkt\u00f3w ko\u0144cowych:<\/b><span style=\"font-weight: 400;\"> Zainstalowany system Windows 11 Pro<\/span><\/li>\n<li style=\"font-weight: 400;\" aria-level=\"1\"><b>Do wymagaj\u0105cych zastosowa\u0144: <\/b><span style=\"font-weight: 400;\">Wydajny procesor Intel + 4 GB pami\u0119ci RAM<\/span><\/li>\n<li style=\"font-weight: 400;\" aria-level=\"1\"><b>Nowoczesne oprogramowanie: <\/b><span style=\"font-weight: 400;\">Preinstalowany pakiet Toshiba Vision DE Suite<\/span><\/li>\n<li style=\"font-weight: 400;\" aria-level=\"1\"><b>Szybka pami\u0119\u0107:<\/b> dysk SSD o pojemno\u015bci 128 GB<\/li>\n<\/ul>\n","protected":false},"featured_media":23865,"comment_status":"open","ping_status":"closed","template":"","meta":{"_acf_changed":false},"product_brand":[],"product_cat":[1008,983],"product_tag":[],"class_list":{"0":"post-33772","1":"product","2":"type-product","3":"status-publish","4":"has-post-thumbnail","6":"product_cat-inteligentne-okulary","7":"product_cat-shop-pl","8":"pa_hersteller-dynaedge-pl","10":"first","11":"instock","12":"taxable","13":"shipping-taxable","14":"product-type-simple"},"acf":[],"yoast_head":"<!-- This site is optimized with the Yoast SEO Premium plugin v20.10 (Yoast SEO v24.3) - https:\/\/yoast.com\/wordpress\/plugins\/seo\/ -->\n<title>Kup dynaEdge AR DE-100 ALEGER \u22c6 Augmented Reality<\/title>\n<meta name=\"description\" content=\"Szukasz wysokiej jako\u015bci okular\u00f3w do zbierania danych? Wtedy dynaEdge AR DE-100 o wysokiej wydajno\u015bci i z w\u0142asn\u0105 platform\u0105 AR jest w\u0142a\u015bnie dla Ciebie!\" \/>\n<meta name=\"robots\" content=\"index, follow, max-snippet:-1, max-image-preview:large, max-video-preview:-1\" \/>\n<meta property=\"og:locale\" content=\"pl_PL\" \/>\n<meta property=\"og:type\" content=\"article\" \/>\n<meta property=\"og:title\" content=\"Okulary do danych dynaEdge AR DE-100, Intel Core, 4 GB RAM, 128 GB SSD, Windows 11\" \/>\n<meta property=\"og:description\" content=\"Szukasz wysokiej jako\u015bci okular\u00f3w do zbierania danych? Wtedy dynaEdge AR DE-100 o wysokiej wydajno\u015bci i z w\u0142asn\u0105 platform\u0105 AR jest w\u0142a\u015bnie dla Ciebie!\" \/>\n<meta property=\"og:url\" content=\"https:\/\/alegerglobal.com\/pl\/shop-pl\/inteligentne-okulary\/dynaedge-de-100-2\/\" \/>\n<meta property=\"og:site_name\" content=\"ALEGER \u22c6 Augmented Reality\" \/>\n<meta property=\"og:image\" content=\"https:\/\/alegerglobal.com\/wp-content\/uploads\/2021\/03\/Unbenannt-118.jpg\" \/>\n\t<meta property=\"og:image:width\" content=\"800\" \/>\n\t<meta property=\"og:image:height\" content=\"800\" \/>\n\t<meta property=\"og:image:type\" content=\"image\/jpeg\" \/>\n<meta name=\"twitter:card\" content=\"summary_large_image\" \/>\n<meta name=\"twitter:label1\" content=\"Cena\" \/>\n\t<meta name=\"twitter:data1\" content=\"\" \/>\n\t<meta name=\"twitter:label2\" content=\"Dost\u0119pno\u015b\u0107\" \/>\n\t<meta name=\"twitter:data2\" content=\"Dost\u0119pny\" \/>\n<script type=\"application\/ld+json\" class=\"yoast-schema-graph\">{\"@context\":\"https:\/\/schema.org\",\"@graph\":[{\"@type\":\"WebPage\",\"@id\":\"https:\/\/alegerglobal.com\/pl\/shop-pl\/inteligentne-okulary\/dynaedge-de-100-2\/\",\"url\":\"https:\/\/alegerglobal.com\/pl\/shop-pl\/inteligentne-okulary\/dynaedge-de-100-2\/\",\"name\":\"Kup dynaEdge AR DE-100 ALEGER \u22c6 Augmented Reality\",\"isPartOf\":{\"@id\":\"https:\/\/alegerglobal.com\/pl\/#website\"},\"primaryImageOfPage\":{\"@id\":\"https:\/\/alegerglobal.com\/pl\/shop-pl\/inteligentne-okulary\/dynaedge-de-100-2\/#primaryimage\"},\"image\":{\"@id\":\"https:\/\/alegerglobal.com\/pl\/shop-pl\/inteligentne-okulary\/dynaedge-de-100-2\/#primaryimage\"},\"thumbnailUrl\":\"https:\/\/alegerglobal.com\/wp-content\/uploads\/2021\/03\/Unbenannt-118.jpg\",\"datePublished\":\"2022-05-17T07:16:57+00:00\",\"dateModified\":\"2022-05-17T07:16:57+00:00\",\"description\":\"Szukasz wysokiej jako\u015bci okular\u00f3w do zbierania danych? Wtedy dynaEdge AR DE-100 o wysokiej wydajno\u015bci i z w\u0142asn\u0105 platform\u0105 AR jest w\u0142a\u015bnie dla Ciebie!\",\"breadcrumb\":{\"@id\":\"https:\/\/alegerglobal.com\/pl\/shop-pl\/inteligentne-okulary\/dynaedge-de-100-2\/#breadcrumb\"},\"inLanguage\":\"pl-PL\",\"potentialAction\":[{\"@type\":\"ReadAction\",\"target\":[\"https:\/\/alegerglobal.com\/pl\/shop-pl\/inteligentne-okulary\/dynaedge-de-100-2\/\"]}]},{\"@type\":\"ImageObject\",\"inLanguage\":\"pl-PL\",\"@id\":\"https:\/\/alegerglobal.com\/pl\/shop-pl\/inteligentne-okulary\/dynaedge-de-100-2\/#primaryimage\",\"url\":\"https:\/\/alegerglobal.com\/wp-content\/uploads\/2021\/03\/Unbenannt-118.jpg\",\"contentUrl\":\"https:\/\/alegerglobal.com\/wp-content\/uploads\/2021\/03\/Unbenannt-118.jpg\",\"width\":800,\"height\":800},{\"@type\":\"BreadcrumbList\",\"@id\":\"https:\/\/alegerglobal.com\/pl\/shop-pl\/inteligentne-okulary\/dynaedge-de-100-2\/#breadcrumb\",\"itemListElement\":[{\"@type\":\"ListItem\",\"position\":1,\"name\":\"Home\",\"item\":\"https:\/\/alegerglobal.com\/pl\/nowosc-strona-glowna\/\"},{\"@type\":\"ListItem\",\"position\":2,\"name\":\"Produkty\",\"item\":\"https:\/\/alegerglobal.com\/pl\/produkty\/\"},{\"@type\":\"ListItem\",\"position\":3,\"name\":\"Okulary do danych dynaEdge AR DE-100, Intel Core, 4 GB RAM, 128 GB SSD, Windows 11\"}]},{\"@type\":\"WebSite\",\"@id\":\"https:\/\/alegerglobal.com\/pl\/#website\",\"url\":\"https:\/\/alegerglobal.com\/pl\/\",\"name\":\"ALEGER \u22c6 Augmented Reality\",\"description\":\"Die besten Augmented Reality (AR) L\u00f6sungen der Welt.\",\"publisher\":{\"@id\":\"https:\/\/alegerglobal.com\/pl\/#organization\"},\"potentialAction\":[{\"@type\":\"SearchAction\",\"target\":{\"@type\":\"EntryPoint\",\"urlTemplate\":\"https:\/\/alegerglobal.com\/pl\/?s={search_term_string}\"},\"query-input\":{\"@type\":\"PropertyValueSpecification\",\"valueRequired\":true,\"valueName\":\"search_term_string\"}}],\"inLanguage\":\"pl-PL\"},{\"@type\":\"Organization\",\"@id\":\"https:\/\/alegerglobal.com\/pl\/#organization\",\"name\":\"ALEGER \u22c6 Augmented Reality\",\"url\":\"https:\/\/alegerglobal.com\/pl\/\",\"logo\":{\"@type\":\"ImageObject\",\"inLanguage\":\"pl-PL\",\"@id\":\"https:\/\/alegerglobal.com\/pl\/#\/schema\/logo\/image\/\",\"url\":\"https:\/\/alegerglobal.com\/wp-content\/uploads\/2020\/12\/aleger-logo-quadrat.jpg\",\"contentUrl\":\"https:\/\/alegerglobal.com\/wp-content\/uploads\/2020\/12\/aleger-logo-quadrat.jpg\",\"width\":200,\"height\":176,\"caption\":\"ALEGER \u22c6 Augmented Reality\"},\"image\":{\"@id\":\"https:\/\/alegerglobal.com\/pl\/#\/schema\/logo\/image\/\"}}]}<\/script>\n<meta property=\"product:brand\" content=\"dynaEdge\" \/>\n<meta property=\"product:price:amount\" content=\"0.00\" \/>\n<meta property=\"product:price:currency\" content=\"EUR\" \/>\n<meta property=\"og:availability\" content=\"instock\" \/>\n<meta property=\"product:availability\" content=\"instock\" \/>\n<meta property=\"product:condition\" content=\"new\" \/>\n<!-- \/ Yoast SEO Premium plugin. -->","yoast_head_json":{"title":"Kup dynaEdge AR DE-100 ALEGER \u22c6 Augmented Reality","description":"Szukasz wysokiej jako\u015bci okular\u00f3w do zbierania danych? Wtedy dynaEdge AR DE-100 o wysokiej wydajno\u015bci i z w\u0142asn\u0105 platform\u0105 AR jest w\u0142a\u015bnie dla Ciebie!","robots":{"index":"index","follow":"follow","max-snippet":"max-snippet:-1","max-image-preview":"max-image-preview:large","max-video-preview":"max-video-preview:-1"},"og_locale":"pl_PL","og_type":"article","og_title":"Okulary do danych dynaEdge AR DE-100, Intel Core, 4 GB RAM, 128 GB SSD, Windows 11","og_description":"Szukasz wysokiej jako\u015bci okular\u00f3w do zbierania danych? Wtedy dynaEdge AR DE-100 o wysokiej wydajno\u015bci i z w\u0142asn\u0105 platform\u0105 AR jest w\u0142a\u015bnie dla Ciebie!","og_url":"https:\/\/alegerglobal.com\/pl\/shop-pl\/inteligentne-okulary\/dynaedge-de-100-2\/","og_site_name":"ALEGER \u22c6 Augmented Reality","og_image":[{"width":800,"height":800,"url":"https:\/\/alegerglobal.com\/wp-content\/uploads\/2021\/03\/Unbenannt-118.jpg","type":"image\/jpeg"}],"twitter_card":"summary_large_image","twitter_misc":{"Cena":"","Dost\u0119pno\u015b\u0107":"Dost\u0119pny"},"schema":{"@context":"https:\/\/schema.org","@graph":[{"@type":"WebPage","@id":"https:\/\/alegerglobal.com\/pl\/shop-pl\/inteligentne-okulary\/dynaedge-de-100-2\/","url":"https:\/\/alegerglobal.com\/pl\/shop-pl\/inteligentne-okulary\/dynaedge-de-100-2\/","name":"Kup dynaEdge AR DE-100 ALEGER \u22c6 Augmented Reality","isPartOf":{"@id":"https:\/\/alegerglobal.com\/pl\/#website"},"primaryImageOfPage":{"@id":"https:\/\/alegerglobal.com\/pl\/shop-pl\/inteligentne-okulary\/dynaedge-de-100-2\/#primaryimage"},"image":{"@id":"https:\/\/alegerglobal.com\/pl\/shop-pl\/inteligentne-okulary\/dynaedge-de-100-2\/#primaryimage"},"thumbnailUrl":"https:\/\/alegerglobal.com\/wp-content\/uploads\/2021\/03\/Unbenannt-118.jpg","datePublished":"2022-05-17T07:16:57+00:00","dateModified":"2022-05-17T07:16:57+00:00","description":"Szukasz wysokiej jako\u015bci okular\u00f3w do zbierania danych? Wtedy dynaEdge AR DE-100 o wysokiej wydajno\u015bci i z w\u0142asn\u0105 platform\u0105 AR jest w\u0142a\u015bnie dla Ciebie!","breadcrumb":{"@id":"https:\/\/alegerglobal.com\/pl\/shop-pl\/inteligentne-okulary\/dynaedge-de-100-2\/#breadcrumb"},"inLanguage":"pl-PL","potentialAction":[{"@type":"ReadAction","target":["https:\/\/alegerglobal.com\/pl\/shop-pl\/inteligentne-okulary\/dynaedge-de-100-2\/"]}]},{"@type":"ImageObject","inLanguage":"pl-PL","@id":"https:\/\/alegerglobal.com\/pl\/shop-pl\/inteligentne-okulary\/dynaedge-de-100-2\/#primaryimage","url":"https:\/\/alegerglobal.com\/wp-content\/uploads\/2021\/03\/Unbenannt-118.jpg","contentUrl":"https:\/\/alegerglobal.com\/wp-content\/uploads\/2021\/03\/Unbenannt-118.jpg","width":800,"height":800},{"@type":"BreadcrumbList","@id":"https:\/\/alegerglobal.com\/pl\/shop-pl\/inteligentne-okulary\/dynaedge-de-100-2\/#breadcrumb","itemListElement":[{"@type":"ListItem","position":1,"name":"Home","item":"https:\/\/alegerglobal.com\/pl\/nowosc-strona-glowna\/"},{"@type":"ListItem","position":2,"name":"Produkty","item":"https:\/\/alegerglobal.com\/pl\/produkty\/"},{"@type":"ListItem","position":3,"name":"Okulary do danych dynaEdge AR DE-100, Intel Core, 4 GB RAM, 128 GB SSD, Windows 11"}]},{"@type":"WebSite","@id":"https:\/\/alegerglobal.com\/pl\/#website","url":"https:\/\/alegerglobal.com\/pl\/","name":"ALEGER \u22c6 Augmented Reality","description":"Die besten Augmented Reality (AR) L\u00f6sungen der Welt.","publisher":{"@id":"https:\/\/alegerglobal.com\/pl\/#organization"},"potentialAction":[{"@type":"SearchAction","target":{"@type":"EntryPoint","urlTemplate":"https:\/\/alegerglobal.com\/pl\/?s={search_term_string}"},"query-input":{"@type":"PropertyValueSpecification","valueRequired":true,"valueName":"search_term_string"}}],"inLanguage":"pl-PL"},{"@type":"Organization","@id":"https:\/\/alegerglobal.com\/pl\/#organization","name":"ALEGER \u22c6 Augmented Reality","url":"https:\/\/alegerglobal.com\/pl\/","logo":{"@type":"ImageObject","inLanguage":"pl-PL","@id":"https:\/\/alegerglobal.com\/pl\/#\/schema\/logo\/image\/","url":"https:\/\/alegerglobal.com\/wp-content\/uploads\/2020\/12\/aleger-logo-quadrat.jpg","contentUrl":"https:\/\/alegerglobal.com\/wp-content\/uploads\/2020\/12\/aleger-logo-quadrat.jpg","width":200,"height":176,"caption":"ALEGER \u22c6 Augmented Reality"},"image":{"@id":"https:\/\/alegerglobal.com\/pl\/#\/schema\/logo\/image\/"}}]},"product_brand":"dynaEdge","product_price_amount":"0.00","product_price_currency":"EUR","og_availability":"instock","product_availability":"instock","product_condition":"new"},"_links":{"self":[{"href":"https:\/\/alegerglobal.com\/pl\/wp-json\/wp\/v2\/product\/33772","targetHints":{"allow":["GET"]}}],"collection":[{"href":"https:\/\/alegerglobal.com\/pl\/wp-json\/wp\/v2\/product"}],"about":[{"href":"https:\/\/alegerglobal.com\/pl\/wp-json\/wp\/v2\/types\/product"}],"replies":[{"embeddable":true,"href":"https:\/\/alegerglobal.com\/pl\/wp-json\/wp\/v2\/comments?post=33772"}],"version-history":[{"count":0,"href":"https:\/\/alegerglobal.com\/pl\/wp-json\/wp\/v2\/product\/33772\/revisions"}],"wp:featuredmedia":[{"embeddable":true,"href":"https:\/\/alegerglobal.com\/pl\/wp-json\/wp\/v2\/media\/23865"}],"wp:attachment":[{"href":"https:\/\/alegerglobal.com\/pl\/wp-json\/wp\/v2\/media?parent=33772"}],"wp:term":[{"taxonomy":"product_brand","embeddable":true,"href":"https:\/\/alegerglobal.com\/pl\/wp-json\/wp\/v2\/product_brand?post=33772"},{"taxonomy":"product_cat","embeddable":true,"href":"https:\/\/alegerglobal.com\/pl\/wp-json\/wp\/v2\/product_cat?post=33772"},{"taxonomy":"product_tag","embeddable":true,"href":"https:\/\/alegerglobal.com\/pl\/wp-json\/wp\/v2\/product_tag?post=33772"}],"curies":[{"name":"wp","href":"https:\/\/api.w.org\/{rel}","templated":true}]}}