{"id":33766,"date":"2022-01-11T04:52:19","date_gmt":"2022-05-17T07:16:54","guid":{"rendered":"https:\/\/alegerglobal.com\/bez-kategorii\/magic-leap-one-creator-okulary-ar-przenosny-komputer\/"},"modified":"2022-05-17T08:16:54","modified_gmt":"2022-05-17T07:16:54","slug":"magiczny-skok-1","status":"publish","type":"product","link":"https:\/\/alegerglobal.com\/pl\/shop-pl\/inteligentne-okulary\/magiczny-skok-1\/","title":{"rendered":"Magic Leap One Creator, okulary AR, przeno\u015bny komputer"},"content":{"rendered":"","protected":false},"excerpt":{"rendered":"<ul>\n<li style=\"font-weight: 400;\" aria-level=\"1\"><b>Lekka waga:<\/b><span style=\"font-weight: 400;\"> Magic Leap 1 wa\u017cy zaledwie 316 g<\/span><\/li>\n<li style=\"font-weight: 400;\" aria-level=\"1\"><b>Wydajny proces: <\/b><span style=\"font-weight: 400;\">3-rdzeniowy procesor do wszystkich popularnych zastosowa\u0144<\/span><\/li>\n<li style=\"font-weight: 400;\" aria-level=\"1\"><b>Szybki procesor graficzny:<\/b><span style=\"font-weight: 400;\"> Rozbudowane wizualizacje 3D<\/span><\/li>\n<li style=\"font-weight: 400;\" aria-level=\"1\"><b>Elastyczna kontrola:<\/b><span style=\"font-weight: 400;\">  \u015aledzenie wzroku, d\u0142oni i mowy dla elastycznego sterowania bez u\u017cycia r\u0105k, w tym Kontroler<\/span><\/li>\n<li style=\"font-weight: 400;\" aria-level=\"1\"><b>Wy\u015bwietlacz o wysokiej rozdzielczo\u015bci: <\/b><span style=\"font-weight: 400;\">Rozdzielczo\u015b\u0107 1280 x 960 px dla ka\u017cdego oka przy 120 HZ zapewnia prac\u0119 bez zm\u0119czenia<\/span><\/li>\n<li style=\"font-weight: 400;\" aria-level=\"1\"><b>Idealne rozwi\u0105zanie do zdalnej konserwacji i szkole\u0144:<\/b> wirtualizacja \u015brodowiska na mapie 3D<\/li>\n<\/ul>\n","protected":false},"featured_media":16700,"comment_status":"open","ping_status":"closed","template":"","meta":{"_acf_changed":false},"product_brand":[],"product_cat":[1008,983],"product_tag":[],"class_list":{"0":"post-33766","1":"product","2":"type-product","3":"status-publish","4":"has-post-thumbnail","6":"product_cat-inteligentne-okulary","7":"product_cat-shop-pl","8":"pa_hersteller-magic-leap-pl","10":"first","11":"instock","12":"taxable","13":"shipping-taxable","14":"purchasable","15":"product-type-simple"},"acf":[],"yoast_head":"<!-- This site is optimized with the Yoast SEO Premium plugin v20.10 (Yoast SEO v24.3) - https:\/\/yoast.com\/wordpress\/plugins\/seo\/ -->\n<title>Kup Magic Leap One Creator - ALEGER \u22c6 Augmented Reality<\/title>\n<meta name=\"description\" content=\"Okulary Magic Leap One Creator AR maj\u0105 mi\u0119dzy innymi wy\u015bwietlacz o wysokiej rozdzielczo\u015bci i d\u0142ug\u0105 \u017cywotno\u015b\u0107 baterii - idealne rozwi\u0105zanie dla obs\u0142ugi technicznej.\" \/>\n<meta name=\"robots\" content=\"index, follow, max-snippet:-1, max-image-preview:large, max-video-preview:-1\" \/>\n<meta property=\"og:locale\" content=\"pl_PL\" \/>\n<meta property=\"og:type\" content=\"article\" \/>\n<meta property=\"og:title\" content=\"Magic Leap One Creator, okulary AR, przeno\u015bny komputer\" \/>\n<meta property=\"og:description\" content=\"Okulary Magic Leap One Creator AR maj\u0105 mi\u0119dzy innymi wy\u015bwietlacz o wysokiej rozdzielczo\u015bci i d\u0142ug\u0105 \u017cywotno\u015b\u0107 baterii - idealne rozwi\u0105zanie dla obs\u0142ugi technicznej.\" \/>\n<meta property=\"og:url\" content=\"https:\/\/alegerglobal.com\/pl\/shop-pl\/inteligentne-okulary\/magiczny-skok-1\/\" \/>\n<meta property=\"og:site_name\" content=\"ALEGER \u22c6 Augmented Reality\" \/>\n<meta property=\"og:image\" content=\"https:\/\/alegerglobal.com\/wp-content\/uploads\/2021\/11\/Unbenannt.png\" \/>\n\t<meta property=\"og:image:width\" content=\"800\" \/>\n\t<meta property=\"og:image:height\" content=\"800\" \/>\n\t<meta property=\"og:image:type\" content=\"image\/png\" \/>\n<meta name=\"twitter:card\" content=\"summary_large_image\" \/>\n<meta name=\"twitter:label1\" content=\"Cena\" \/>\n\t<meta name=\"twitter:data1\" content=\"&euro;2.819,00\" \/>\n\t<meta name=\"twitter:label2\" content=\"Dost\u0119pno\u015b\u0107\" \/>\n\t<meta name=\"twitter:data2\" content=\"Dost\u0119pny\" \/>\n<script type=\"application\/ld+json\" class=\"yoast-schema-graph\">{\"@context\":\"https:\/\/schema.org\",\"@graph\":[{\"@type\":\"WebPage\",\"@id\":\"https:\/\/alegerglobal.com\/pl\/shop-pl\/inteligentne-okulary\/magiczny-skok-1\/\",\"url\":\"https:\/\/alegerglobal.com\/pl\/shop-pl\/inteligentne-okulary\/magiczny-skok-1\/\",\"name\":\"Kup Magic Leap One Creator - ALEGER \u22c6 Augmented Reality\",\"isPartOf\":{\"@id\":\"https:\/\/alegerglobal.com\/pl\/#website\"},\"primaryImageOfPage\":{\"@id\":\"https:\/\/alegerglobal.com\/pl\/shop-pl\/inteligentne-okulary\/magiczny-skok-1\/#primaryimage\"},\"image\":{\"@id\":\"https:\/\/alegerglobal.com\/pl\/shop-pl\/inteligentne-okulary\/magiczny-skok-1\/#primaryimage\"},\"thumbnailUrl\":\"https:\/\/alegerglobal.com\/wp-content\/uploads\/2021\/11\/Unbenannt.png\",\"datePublished\":\"2022-05-17T07:16:54+00:00\",\"dateModified\":\"2022-05-17T07:16:54+00:00\",\"description\":\"Okulary Magic Leap One Creator AR maj\u0105 mi\u0119dzy innymi wy\u015bwietlacz o wysokiej rozdzielczo\u015bci i d\u0142ug\u0105 \u017cywotno\u015b\u0107 baterii - idealne rozwi\u0105zanie dla obs\u0142ugi technicznej.\",\"breadcrumb\":{\"@id\":\"https:\/\/alegerglobal.com\/pl\/shop-pl\/inteligentne-okulary\/magiczny-skok-1\/#breadcrumb\"},\"inLanguage\":\"pl-PL\",\"potentialAction\":[{\"@type\":\"ReadAction\",\"target\":[\"https:\/\/alegerglobal.com\/pl\/shop-pl\/inteligentne-okulary\/magiczny-skok-1\/\"]}]},{\"@type\":\"ImageObject\",\"inLanguage\":\"pl-PL\",\"@id\":\"https:\/\/alegerglobal.com\/pl\/shop-pl\/inteligentne-okulary\/magiczny-skok-1\/#primaryimage\",\"url\":\"https:\/\/alegerglobal.com\/wp-content\/uploads\/2021\/11\/Unbenannt.png\",\"contentUrl\":\"https:\/\/alegerglobal.com\/wp-content\/uploads\/2021\/11\/Unbenannt.png\",\"width\":800,\"height\":800},{\"@type\":\"BreadcrumbList\",\"@id\":\"https:\/\/alegerglobal.com\/pl\/shop-pl\/inteligentne-okulary\/magiczny-skok-1\/#breadcrumb\",\"itemListElement\":[{\"@type\":\"ListItem\",\"position\":1,\"name\":\"Home\",\"item\":\"https:\/\/alegerglobal.com\/pl\/nowosc-strona-glowna\/\"},{\"@type\":\"ListItem\",\"position\":2,\"name\":\"Produkty\",\"item\":\"https:\/\/alegerglobal.com\/pl\/produkty\/\"},{\"@type\":\"ListItem\",\"position\":3,\"name\":\"Magic Leap One Creator, okulary AR, przeno\u015bny komputer\"}]},{\"@type\":\"WebSite\",\"@id\":\"https:\/\/alegerglobal.com\/pl\/#website\",\"url\":\"https:\/\/alegerglobal.com\/pl\/\",\"name\":\"ALEGER \u22c6 Augmented Reality\",\"description\":\"Die besten Augmented Reality (AR) L\u00f6sungen der Welt.\",\"publisher\":{\"@id\":\"https:\/\/alegerglobal.com\/pl\/#organization\"},\"potentialAction\":[{\"@type\":\"SearchAction\",\"target\":{\"@type\":\"EntryPoint\",\"urlTemplate\":\"https:\/\/alegerglobal.com\/pl\/?s={search_term_string}\"},\"query-input\":{\"@type\":\"PropertyValueSpecification\",\"valueRequired\":true,\"valueName\":\"search_term_string\"}}],\"inLanguage\":\"pl-PL\"},{\"@type\":\"Organization\",\"@id\":\"https:\/\/alegerglobal.com\/pl\/#organization\",\"name\":\"ALEGER \u22c6 Augmented Reality\",\"url\":\"https:\/\/alegerglobal.com\/pl\/\",\"logo\":{\"@type\":\"ImageObject\",\"inLanguage\":\"pl-PL\",\"@id\":\"https:\/\/alegerglobal.com\/pl\/#\/schema\/logo\/image\/\",\"url\":\"https:\/\/alegerglobal.com\/wp-content\/uploads\/2020\/12\/aleger-logo-quadrat.jpg\",\"contentUrl\":\"https:\/\/alegerglobal.com\/wp-content\/uploads\/2020\/12\/aleger-logo-quadrat.jpg\",\"width\":200,\"height\":176,\"caption\":\"ALEGER \u22c6 Augmented Reality\"},\"image\":{\"@id\":\"https:\/\/alegerglobal.com\/pl\/#\/schema\/logo\/image\/\"}}]}<\/script>\n<meta property=\"product:brand\" content=\"Magic Leap\" \/>\n<meta property=\"product:price:amount\" content=\"2819.00\" \/>\n<meta property=\"product:price:currency\" content=\"EUR\" \/>\n<meta property=\"og:availability\" content=\"instock\" \/>\n<meta property=\"product:availability\" content=\"instock\" \/>\n<meta property=\"product:condition\" content=\"new\" \/>\n<!-- \/ Yoast SEO Premium plugin. -->","yoast_head_json":{"title":"Kup Magic Leap One Creator - ALEGER \u22c6 Augmented Reality","description":"Okulary Magic Leap One Creator AR maj\u0105 mi\u0119dzy innymi wy\u015bwietlacz o wysokiej rozdzielczo\u015bci i d\u0142ug\u0105 \u017cywotno\u015b\u0107 baterii - idealne rozwi\u0105zanie dla obs\u0142ugi technicznej.","robots":{"index":"index","follow":"follow","max-snippet":"max-snippet:-1","max-image-preview":"max-image-preview:large","max-video-preview":"max-video-preview:-1"},"og_locale":"pl_PL","og_type":"article","og_title":"Magic Leap One Creator, okulary AR, przeno\u015bny komputer","og_description":"Okulary Magic Leap One Creator AR maj\u0105 mi\u0119dzy innymi wy\u015bwietlacz o wysokiej rozdzielczo\u015bci i d\u0142ug\u0105 \u017cywotno\u015b\u0107 baterii - idealne rozwi\u0105zanie dla obs\u0142ugi technicznej.","og_url":"https:\/\/alegerglobal.com\/pl\/shop-pl\/inteligentne-okulary\/magiczny-skok-1\/","og_site_name":"ALEGER \u22c6 Augmented Reality","og_image":[{"width":800,"height":800,"url":"https:\/\/alegerglobal.com\/wp-content\/uploads\/2021\/11\/Unbenannt.png","type":"image\/png"}],"twitter_card":"summary_large_image","twitter_misc":{"Cena":"&euro;2.819,00","Dost\u0119pno\u015b\u0107":"Dost\u0119pny"},"schema":{"@context":"https:\/\/schema.org","@graph":[{"@type":"WebPage","@id":"https:\/\/alegerglobal.com\/pl\/shop-pl\/inteligentne-okulary\/magiczny-skok-1\/","url":"https:\/\/alegerglobal.com\/pl\/shop-pl\/inteligentne-okulary\/magiczny-skok-1\/","name":"Kup Magic Leap One Creator - ALEGER \u22c6 Augmented Reality","isPartOf":{"@id":"https:\/\/alegerglobal.com\/pl\/#website"},"primaryImageOfPage":{"@id":"https:\/\/alegerglobal.com\/pl\/shop-pl\/inteligentne-okulary\/magiczny-skok-1\/#primaryimage"},"image":{"@id":"https:\/\/alegerglobal.com\/pl\/shop-pl\/inteligentne-okulary\/magiczny-skok-1\/#primaryimage"},"thumbnailUrl":"https:\/\/alegerglobal.com\/wp-content\/uploads\/2021\/11\/Unbenannt.png","datePublished":"2022-05-17T07:16:54+00:00","dateModified":"2022-05-17T07:16:54+00:00","description":"Okulary Magic Leap One Creator AR maj\u0105 mi\u0119dzy innymi wy\u015bwietlacz o wysokiej rozdzielczo\u015bci i d\u0142ug\u0105 \u017cywotno\u015b\u0107 baterii - idealne rozwi\u0105zanie dla obs\u0142ugi technicznej.","breadcrumb":{"@id":"https:\/\/alegerglobal.com\/pl\/shop-pl\/inteligentne-okulary\/magiczny-skok-1\/#breadcrumb"},"inLanguage":"pl-PL","potentialAction":[{"@type":"ReadAction","target":["https:\/\/alegerglobal.com\/pl\/shop-pl\/inteligentne-okulary\/magiczny-skok-1\/"]}]},{"@type":"ImageObject","inLanguage":"pl-PL","@id":"https:\/\/alegerglobal.com\/pl\/shop-pl\/inteligentne-okulary\/magiczny-skok-1\/#primaryimage","url":"https:\/\/alegerglobal.com\/wp-content\/uploads\/2021\/11\/Unbenannt.png","contentUrl":"https:\/\/alegerglobal.com\/wp-content\/uploads\/2021\/11\/Unbenannt.png","width":800,"height":800},{"@type":"BreadcrumbList","@id":"https:\/\/alegerglobal.com\/pl\/shop-pl\/inteligentne-okulary\/magiczny-skok-1\/#breadcrumb","itemListElement":[{"@type":"ListItem","position":1,"name":"Home","item":"https:\/\/alegerglobal.com\/pl\/nowosc-strona-glowna\/"},{"@type":"ListItem","position":2,"name":"Produkty","item":"https:\/\/alegerglobal.com\/pl\/produkty\/"},{"@type":"ListItem","position":3,"name":"Magic Leap One Creator, okulary AR, przeno\u015bny komputer"}]},{"@type":"WebSite","@id":"https:\/\/alegerglobal.com\/pl\/#website","url":"https:\/\/alegerglobal.com\/pl\/","name":"ALEGER \u22c6 Augmented Reality","description":"Die besten Augmented Reality (AR) L\u00f6sungen der Welt.","publisher":{"@id":"https:\/\/alegerglobal.com\/pl\/#organization"},"potentialAction":[{"@type":"SearchAction","target":{"@type":"EntryPoint","urlTemplate":"https:\/\/alegerglobal.com\/pl\/?s={search_term_string}"},"query-input":{"@type":"PropertyValueSpecification","valueRequired":true,"valueName":"search_term_string"}}],"inLanguage":"pl-PL"},{"@type":"Organization","@id":"https:\/\/alegerglobal.com\/pl\/#organization","name":"ALEGER \u22c6 Augmented Reality","url":"https:\/\/alegerglobal.com\/pl\/","logo":{"@type":"ImageObject","inLanguage":"pl-PL","@id":"https:\/\/alegerglobal.com\/pl\/#\/schema\/logo\/image\/","url":"https:\/\/alegerglobal.com\/wp-content\/uploads\/2020\/12\/aleger-logo-quadrat.jpg","contentUrl":"https:\/\/alegerglobal.com\/wp-content\/uploads\/2020\/12\/aleger-logo-quadrat.jpg","width":200,"height":176,"caption":"ALEGER \u22c6 Augmented Reality"},"image":{"@id":"https:\/\/alegerglobal.com\/pl\/#\/schema\/logo\/image\/"}}]},"product_brand":"Magic Leap","product_price_amount":"2819.00","product_price_currency":"EUR","og_availability":"instock","product_availability":"instock","product_condition":"new"},"_links":{"self":[{"href":"https:\/\/alegerglobal.com\/pl\/wp-json\/wp\/v2\/product\/33766","targetHints":{"allow":["GET"]}}],"collection":[{"href":"https:\/\/alegerglobal.com\/pl\/wp-json\/wp\/v2\/product"}],"about":[{"href":"https:\/\/alegerglobal.com\/pl\/wp-json\/wp\/v2\/types\/product"}],"replies":[{"embeddable":true,"href":"https:\/\/alegerglobal.com\/pl\/wp-json\/wp\/v2\/comments?post=33766"}],"version-history":[{"count":0,"href":"https:\/\/alegerglobal.com\/pl\/wp-json\/wp\/v2\/product\/33766\/revisions"}],"wp:featuredmedia":[{"embeddable":true,"href":"https:\/\/alegerglobal.com\/pl\/wp-json\/wp\/v2\/media\/16700"}],"wp:attachment":[{"href":"https:\/\/alegerglobal.com\/pl\/wp-json\/wp\/v2\/media?parent=33766"}],"wp:term":[{"taxonomy":"product_brand","embeddable":true,"href":"https:\/\/alegerglobal.com\/pl\/wp-json\/wp\/v2\/product_brand?post=33766"},{"taxonomy":"product_cat","embeddable":true,"href":"https:\/\/alegerglobal.com\/pl\/wp-json\/wp\/v2\/product_cat?post=33766"},{"taxonomy":"product_tag","embeddable":true,"href":"https:\/\/alegerglobal.com\/pl\/wp-json\/wp\/v2\/product_tag?post=33766"}],"curies":[{"name":"wp","href":"https:\/\/api.w.org\/{rel}","templated":true}]}}