{"id":33765,"date":"2022-05-10T13:15:22","date_gmt":"2022-05-17T07:16:53","guid":{"rendered":"https:\/\/alegerglobal.com\/bez-kategorii\/realwear-hmt-1-przemyslowe-inteligentne-okulary-wyswietlacz-20-stopni-ip66-mil-std-810g\/"},"modified":"2022-05-20T07:35:13","modified_gmt":"2022-05-20T06:35:13","slug":"realwear-hmt-1","status":"publish","type":"product","link":"https:\/\/alegerglobal.com\/pl\/shop-pl\/inteligentne-okulary\/realwear-hmt-1\/","title":{"rendered":"RealWear HMT-1, przemys\u0142owe inteligentne okulary, wy\u015bwietlacz 20 stopni, IP66 MIL-STD-810G"},"content":{"rendered":"\t\t<div data-elementor-type=\"product-post\" data-elementor-id=\"33765\" class=\"elementor elementor-33765\" data-elementor-settings=\"{&quot;ha_cmc_init_switcher&quot;:&quot;no&quot;}\" data-elementor-post-type=\"product\">\n\t\t\t\t\t\t<section class=\"elementor-section elementor-top-section elementor-element elementor-element-1f96e96e elementor-section-boxed elementor-section-height-default elementor-section-height-default\" data-id=\"1f96e96e\" data-element_type=\"section\" data-settings=\"{&quot;jet_parallax_layout_list&quot;:[],&quot;_ha_eqh_enable&quot;:false}\">\n\t\t\t\t\t\t<div class=\"elementor-container elementor-column-gap-default\">\n\t\t\t\t\t<div class=\"elementor-column elementor-col-100 elementor-top-column elementor-element elementor-element-6a7946db\" data-id=\"6a7946db\" data-element_type=\"column\">\n\t\t\t<div class=\"elementor-widget-wrap elementor-element-populated\">\n\t\t\t\t\t\t<div class=\"elementor-element elementor-element-1b2cda19 elementor-tabs-view-horizontal elementor-widget elementor-widget-tabs\" data-id=\"1b2cda19\" data-element_type=\"widget\" data-widget_type=\"tabs.default\">\n\t\t\t\t<div class=\"elementor-widget-container\">\n\t\t\t\t\t\t\t<div class=\"elementor-tabs\">\n\t\t\t<div class=\"elementor-tabs-wrapper\" role=\"tablist\" >\n\t\t\t\t\t\t\t\t\t<div id=\"elementor-tab-title-4551\" class=\"elementor-tab-title elementor-tab-desktop-title\" aria-selected=\"true\" data-tab=\"1\" role=\"tab\" tabindex=\"0\" aria-controls=\"elementor-tab-content-4551\" aria-expanded=\"false\">Przegl\u0105d<\/div>\n\t\t\t\t\t\t\t\t\t<div id=\"elementor-tab-title-4552\" class=\"elementor-tab-title elementor-tab-desktop-title\" aria-selected=\"false\" data-tab=\"2\" role=\"tab\" tabindex=\"-1\" aria-controls=\"elementor-tab-content-4552\" aria-expanded=\"false\">Szczeg\u00f3\u0142y techniczne<\/div>\n\t\t\t\t\t\t\t<\/div>\n\t\t\t<div class=\"elementor-tabs-content-wrapper\" role=\"tablist\" aria-orientation=\"vertical\">\n\t\t\t\t\t\t\t\t\t<div class=\"elementor-tab-title elementor-tab-mobile-title\" aria-selected=\"true\" data-tab=\"1\" role=\"tab\" tabindex=\"0\" aria-controls=\"elementor-tab-content-4551\" aria-expanded=\"false\">Przegl\u0105d<\/div>\n\t\t\t\t\t<div id=\"elementor-tab-content-4551\" class=\"elementor-tab-content elementor-clearfix\" data-tab=\"1\" role=\"tabpanel\" aria-labelledby=\"elementor-tab-title-4551\" tabindex=\"0\" hidden=\"false\"><h2><b>Inteligentne okulary dla przemys\u0142u: wytrzyma\u0142e, odporne, profesjonalne<\/b><\/h2><p><span style=\"font-weight: 400;\">Realwear HMT-1 to wytrzyma\u0142e gogle do danych przeznaczone do u\u017cytku w przemy\u015ble. Umo\u017cliwia sterowanie g\u0142osem. Cztery mikrofony i zaawansowana technologia AI zapewniaj\u0105 dzia\u0142anie nawet w g\u0142o\u015bniejszych miejscach. Okulary AR mo\u017cna \u0142atwo zamontowa\u0107 na he\u0142mach i goglach ochronnych. Urz\u0105dzenie posiada certyfikat IP66 i weryfikacj\u0119 MIL-STD-810G. Oznacza to, \u017ce okulary do transmisji danych dzia\u0142aj\u0105 nawet w ekstremalnych temperaturach od -20\u00b0 C do +50\u00b0 C i s\u0105 odporne na upadek z wysoko\u015bci do 2 metr\u00f3w. Dost\u0119pny jest r\u00f3wnie\u017c inny model gogli, HMT-1-Z1, kt\u00f3ry zosta\u0142 zatwierdzony do u\u017cytku w strefach zagro\u017conych wybuchem ATEX Strefa 1.  <\/span><\/p><h2> <\/h2><h2><b>Inteligentne okulary Realweare z 8-godzinnym czasem pracy i trzyletni\u0105 gwarancj\u0105<\/b><\/h2><p><span style=\"font-weight: 400;\">Okulary do transmisji danych Realweare oferuj\u0105 te same funkcje, co tablet, kt\u00f3rego mo\u017cna u\u017cywa\u0107 bez u\u017cycia r\u0105k. Wy\u015bwietlacz monokularowy, kt\u00f3ry jest umieszczony bezpo\u015brednio przed okiem, ma przek\u0105tn\u0105 7 cali. W ten spos\u00f3b zawsze b\u0119dziesz mie\u0107 wgl\u0105d w to, co si\u0119 dzieje. Teraz mo\u017cesz prowadzi\u0107 wideorozmowy, zarz\u0105dza\u0107 dokumentami lub dokumentowa\u0107 sprawy za pomoc\u0105 g\u0142osu. Wizualizacja danych IoT jest r\u00f3wnie\u017c wygodna dzi\u0119ki Realweare HMT-1.  <\/span><\/p><h2> <\/h2><p><span style=\"font-weight: 400;\">Akumulator o pojemno\u015bci 3250 mAh zapewnia d\u0142ugi czas pracy &#8211; do 8 godzin, dzi\u0119ki czemu mo\u017cna u\u017cywa\u0107 HMT-1 przez ca\u0142\u0105 zmian\u0119 bez przerwy. HMT-1 jest obj\u0119ty trzyletni\u0105 gwarancj\u0105, kt\u00f3ra obejmuje urz\u0105dzenie w przypadku uszkodzenia, a tak\u017ce zapewnia dost\u0119p do obszernej bazy wiedzy, kt\u00f3ra pomo\u017ce w pe\u0142ni wykorzysta\u0107 mo\u017cliwo\u015bci okular\u00f3w do transmisji danych.  <\/span><\/p><\/div>\n\t\t\t\t\t\t\t\t\t<div class=\"elementor-tab-title elementor-tab-mobile-title\" aria-selected=\"false\" data-tab=\"2\" role=\"tab\" tabindex=\"-1\" aria-controls=\"elementor-tab-content-4552\" aria-expanded=\"false\">Szczeg\u00f3\u0142y techniczne<\/div>\n\t\t\t\t\t<div id=\"elementor-tab-content-4552\" class=\"elementor-tab-content elementor-clearfix\" data-tab=\"2\" role=\"tabpanel\" aria-labelledby=\"elementor-tab-title-4552\" tabindex=\"0\" hidden=\"hidden\"><ul><li style=\"font-weight: 400;\"><span style=\"font-weight: 400;\">Android 8.1.0 (AOSP) + zestaw g\u0142o\u015bnom\u00f3wi\u0105cy WearHF\u2122.<\/span><\/li><li style=\"font-weight: 400;\"><span style=\"font-weight: 400;\">8-rdzeniowy procesor Qualcomm\u00ae Snapdragon\u2122 625 2,0 GHz z uk\u0142adem GPU Adreno 506 &#8211; OpenGL ES 3.1 i OpenCL 2.0<\/span><\/li><li style=\"font-weight: 400;\"><span style=\"font-weight: 400;\">16 GB pami\u0119ci wewn\u0119trznej \/ 2 GB RAM \/ gniazdo MicroSD (maks. obs\u0142ugiwana karta 256 GB)<\/span><\/li><li style=\"font-weight: 400;\"><span style=\"font-weight: 400;\">Do\u0142\u0105czone aplikacje: Nawigator dokument\u00f3w, kamera z czytnikiem kod\u00f3w kreskowych, rejestrator wideo, odtwarzacz multimedialny<\/span><\/li><li style=\"font-weight: 400;\"><span style=\"font-weight: 400;\">Bluetooth<\/span><\/li><li style=\"font-weight: 400;\"><span style=\"font-weight: 400;\">Wi-Fi 802.11 a\/b\/g\/n\/ac &#8211; 2,4 GHz i 5 GHz<\/span><\/li><li style=\"font-weight: 400;\"><span style=\"font-weight: 400;\">GPS, GLONASS, A-GPS<\/span><\/li><li style=\"font-weight: 400;\"><span style=\"font-weight: 400;\">9-DOF (3-osiowy akcelerometr, magnetometr i \u017cyroskop), stabilizacja wspomagana oprogramowaniem<\/span><\/li><li style=\"font-weight: 400;\"><span style=\"font-weight: 400;\">Akumulator litowo-jonowy o pojemno\u015bci 3250 mAh, z mo\u017cliwo\u015bci\u0105 \u0142adowania i wymiany w miejscu pracy<\/span><\/li><li style=\"font-weight: 400;\"><span style=\"font-weight: 400;\">Waga 380 g<\/span><\/li><li style=\"font-weight: 400;\"><span style=\"font-weight: 400;\">Zgodno\u015b\u0107 z normami IP66 i MIL-STD-810G<\/span><\/li><li style=\"font-weight: 400;\"><span style=\"font-weight: 400;\">Test na upadek z wysoko\u015bci 2 metr\u00f3w<\/span><\/li><li style=\"font-weight: 400;\"><span style=\"font-weight: 400;\">3,5 mm audio<\/span><\/li><li style=\"font-weight: 400;\"><span style=\"font-weight: 400;\">1 Micro USB<\/span><\/li><li style=\"font-weight: 400;\"><span style=\"font-weight: 400;\">1 USB Typ-C<\/span><\/li><li style=\"font-weight: 400;\"><span style=\"font-weight: 400;\">Wy\u015bwietlacz o k\u0105cie widzenia 20\u00b0, 24 kolorach i rozdzielczo\u015bci WVGA (854\u00d7480)<\/span><\/li><li style=\"font-weight: 400;\"><span style=\"font-weight: 400;\">Mikrofon<\/span><\/li><li style=\"font-weight: 400;\"><span style=\"font-weight: 400;\">4 mikrofony cyfrowe z aktywn\u0105 redukcj\u0105 szum\u00f3w<\/span><\/li><li style=\"font-weight: 400;\"><span style=\"font-weight: 400;\">Precyzyjne rozpoznawanie mowy nawet w typowym ha\u0142asie przemys\u0142owym o nat\u0119\u017ceniu 95 dBA<\/span><\/li><li style=\"font-weight: 400;\"><span style=\"font-weight: 400;\">Wewn\u0119trzny g\u0142o\u015bnik 91 dBA<\/span><\/li><li style=\"font-weight: 400;\"><span style=\"font-weight: 400;\">Aparat: 16 MP, 4-osiowa optyczna stabilizacja obrazu, PDAF z lamp\u0105 b\u0142yskow\u0105 LED<\/span><\/li><li style=\"font-weight: 400;\"><span style=\"font-weight: 400;\">Wideo: Do 1080p @30fps. Kodeki: VP8, VP9 i obs\u0142uga kodowania sprz\u0119towego dla H.264, H.265 HEVC<\/span><\/li><li style=\"font-weight: 400;\"><span style=\"font-weight: 400;\">Akcesoria: \u0142adowarka \u015bcienna, kabel USB Typu-C do \u0142adowania, przej\u015bci\u00f3wka z USB Typu-C na USB Micro, pasek na g\u0142ow\u0119, podk\u0142adka za g\u0142ow\u0119, od\u0142\u0105czany zestaw baterii<\/span><\/li><\/ul><p> <\/p><\/div>\n\t\t\t\t\t\t\t<\/div>\n\t\t<\/div>\n\t\t\t\t\t\t<\/div>\n\t\t\t\t<\/div>\n\t\t\t\t\t<\/div>\n\t\t<\/div>\n\t\t\t\t\t<\/div>\n\t\t<\/section>\n\t\t\t\t<\/div>\n\t\t","protected":false},"excerpt":{"rendered":"<ul>\n<li><b>Wytrzyma\u0142e okulary do transmisji danych dla przemys\u0142u z certyfikatem IP66 i MIL-STD-810<\/b><\/li>\n<li><b>Obs\u0142uga bez u\u017cycia r\u0105k:<\/b><span style=\"font-weight: 400;\"> System operacyjny oparty na g\u0142osie, lokalne rozpoznawanie mowy w ha\u0142a\u015bliwych miejscach<\/span><\/li>\n<li><b>Stosowa\u0107 z wyposa\u017ceniem ochronnym:<\/b><span style=\"font-weight: 400;\"> Do u\u017cytku ze standardowymi kaskami twardymi, nak\u0142adkami przeciwodbiciowymi i okularami ochronnymi.<\/span><\/li>\n<li><b>Sta\u0142y przegl\u0105d sytuacji:<\/b> du\u017cy wy\u015bwietlacz z polem widzenia o przek\u0105tnej 20 stopni<\/li>\n<\/ul>\n","protected":false},"featured_media":16376,"comment_status":"open","ping_status":"closed","template":"","meta":{"_acf_changed":false},"product_brand":[],"product_cat":[1008,983],"product_tag":[],"class_list":{"0":"post-33765","1":"product","2":"type-product","3":"status-publish","4":"has-post-thumbnail","6":"product_cat-inteligentne-okulary","7":"product_cat-shop-pl","8":"pa_hersteller-realwear-pl","10":"first","11":"instock","12":"taxable","13":"shipping-taxable","14":"purchasable","15":"product-type-simple"},"acf":[],"yoast_head":"<!-- This site is optimized with the Yoast SEO Premium plugin v20.10 (Yoast SEO v24.3) - https:\/\/yoast.com\/wordpress\/plugins\/seo\/ -->\n<title>Kup Realwear HMT-1 (2022) - ALEGER \u22c6 Augmented Reality<\/title>\n<meta name=\"description\" content=\"W Aleger mo\u017cna naby\u0107 HMT-1 firmy Realwear. Ch\u0119tnie udzielimy porad dotycz\u0105cych efektywnego korzystania z urz\u0105dzenia, instalowania aplikacji i wielu innych.\" \/>\n<meta name=\"robots\" content=\"index, follow, max-snippet:-1, max-image-preview:large, max-video-preview:-1\" \/>\n<meta property=\"og:locale\" content=\"pl_PL\" \/>\n<meta property=\"og:type\" content=\"article\" \/>\n<meta property=\"og:title\" content=\"RealWear HMT-1, przemys\u0142owe inteligentne okulary, wy\u015bwietlacz 20 stopni, IP66 MIL-STD-810G\" \/>\n<meta property=\"og:description\" content=\"W Aleger mo\u017cna naby\u0107 HMT-1 firmy Realwear. Ch\u0119tnie udzielimy porad dotycz\u0105cych efektywnego korzystania z urz\u0105dzenia, instalowania aplikacji i wielu innych.\" \/>\n<meta property=\"og:url\" content=\"https:\/\/alegerglobal.com\/pl\/shop-pl\/inteligentne-okulary\/realwear-hmt-1\/\" \/>\n<meta property=\"og:site_name\" content=\"ALEGER \u22c6 Augmented Reality\" \/>\n<meta property=\"article:modified_time\" content=\"2022-05-20T06:35:13+00:00\" \/>\n<meta property=\"og:image\" content=\"https:\/\/alegerglobal.com\/wp-content\/uploads\/2021\/01\/Unbenannt-29.jpg\" \/>\n\t<meta property=\"og:image:width\" content=\"800\" \/>\n\t<meta property=\"og:image:height\" content=\"800\" \/>\n\t<meta property=\"og:image:type\" content=\"image\/jpeg\" \/>\n<meta name=\"twitter:card\" content=\"summary_large_image\" \/>\n<meta name=\"twitter:label1\" content=\"Cena\" \/>\n\t<meta name=\"twitter:data1\" content=\"&euro;1.795,50\" \/>\n\t<meta name=\"twitter:label2\" content=\"Dost\u0119pno\u015b\u0107\" \/>\n\t<meta name=\"twitter:data2\" content=\"Dost\u0119pny\" \/>\n<script type=\"application\/ld+json\" class=\"yoast-schema-graph\">{\"@context\":\"https:\/\/schema.org\",\"@graph\":[{\"@type\":\"WebPage\",\"@id\":\"https:\/\/alegerglobal.com\/pl\/shop-pl\/inteligentne-okulary\/realwear-hmt-1\/\",\"url\":\"https:\/\/alegerglobal.com\/pl\/shop-pl\/inteligentne-okulary\/realwear-hmt-1\/\",\"name\":\"Kup Realwear HMT-1 (2022) - ALEGER \u22c6 Augmented Reality\",\"isPartOf\":{\"@id\":\"https:\/\/alegerglobal.com\/pl\/#website\"},\"primaryImageOfPage\":{\"@id\":\"https:\/\/alegerglobal.com\/pl\/shop-pl\/inteligentne-okulary\/realwear-hmt-1\/#primaryimage\"},\"image\":{\"@id\":\"https:\/\/alegerglobal.com\/pl\/shop-pl\/inteligentne-okulary\/realwear-hmt-1\/#primaryimage\"},\"thumbnailUrl\":\"https:\/\/alegerglobal.com\/wp-content\/uploads\/2021\/01\/Unbenannt-29.jpg\",\"datePublished\":\"2022-05-17T07:16:53+00:00\",\"dateModified\":\"2022-05-20T06:35:13+00:00\",\"description\":\"W Aleger mo\u017cna naby\u0107 HMT-1 firmy Realwear. Ch\u0119tnie udzielimy porad dotycz\u0105cych efektywnego korzystania z urz\u0105dzenia, instalowania aplikacji i wielu innych.\",\"breadcrumb\":{\"@id\":\"https:\/\/alegerglobal.com\/pl\/shop-pl\/inteligentne-okulary\/realwear-hmt-1\/#breadcrumb\"},\"inLanguage\":\"pl-PL\",\"potentialAction\":[{\"@type\":\"ReadAction\",\"target\":[\"https:\/\/alegerglobal.com\/pl\/shop-pl\/inteligentne-okulary\/realwear-hmt-1\/\"]}]},{\"@type\":\"ImageObject\",\"inLanguage\":\"pl-PL\",\"@id\":\"https:\/\/alegerglobal.com\/pl\/shop-pl\/inteligentne-okulary\/realwear-hmt-1\/#primaryimage\",\"url\":\"https:\/\/alegerglobal.com\/wp-content\/uploads\/2021\/01\/Unbenannt-29.jpg\",\"contentUrl\":\"https:\/\/alegerglobal.com\/wp-content\/uploads\/2021\/01\/Unbenannt-29.jpg\",\"width\":800,\"height\":800,\"caption\":\"Kup RealWear HMT-1 w ALEGER\"},{\"@type\":\"BreadcrumbList\",\"@id\":\"https:\/\/alegerglobal.com\/pl\/shop-pl\/inteligentne-okulary\/realwear-hmt-1\/#breadcrumb\",\"itemListElement\":[{\"@type\":\"ListItem\",\"position\":1,\"name\":\"Home\",\"item\":\"https:\/\/alegerglobal.com\/pl\/nowosc-strona-glowna\/\"},{\"@type\":\"ListItem\",\"position\":2,\"name\":\"Produkty\",\"item\":\"https:\/\/alegerglobal.com\/pl\/produkty\/\"},{\"@type\":\"ListItem\",\"position\":3,\"name\":\"RealWear HMT-1, przemys\u0142owe inteligentne okulary, wy\u015bwietlacz 20 stopni, IP66 MIL-STD-810G\"}]},{\"@type\":\"WebSite\",\"@id\":\"https:\/\/alegerglobal.com\/pl\/#website\",\"url\":\"https:\/\/alegerglobal.com\/pl\/\",\"name\":\"ALEGER \u22c6 Augmented Reality\",\"description\":\"Die besten Augmented Reality (AR) L\u00f6sungen der Welt.\",\"publisher\":{\"@id\":\"https:\/\/alegerglobal.com\/pl\/#organization\"},\"potentialAction\":[{\"@type\":\"SearchAction\",\"target\":{\"@type\":\"EntryPoint\",\"urlTemplate\":\"https:\/\/alegerglobal.com\/pl\/?s={search_term_string}\"},\"query-input\":{\"@type\":\"PropertyValueSpecification\",\"valueRequired\":true,\"valueName\":\"search_term_string\"}}],\"inLanguage\":\"pl-PL\"},{\"@type\":\"Organization\",\"@id\":\"https:\/\/alegerglobal.com\/pl\/#organization\",\"name\":\"ALEGER \u22c6 Augmented Reality\",\"url\":\"https:\/\/alegerglobal.com\/pl\/\",\"logo\":{\"@type\":\"ImageObject\",\"inLanguage\":\"pl-PL\",\"@id\":\"https:\/\/alegerglobal.com\/pl\/#\/schema\/logo\/image\/\",\"url\":\"https:\/\/alegerglobal.com\/wp-content\/uploads\/2020\/12\/aleger-logo-quadrat.jpg\",\"contentUrl\":\"https:\/\/alegerglobal.com\/wp-content\/uploads\/2020\/12\/aleger-logo-quadrat.jpg\",\"width\":200,\"height\":176,\"caption\":\"ALEGER \u22c6 Augmented Reality\"},\"image\":{\"@id\":\"https:\/\/alegerglobal.com\/pl\/#\/schema\/logo\/image\/\"}}]}<\/script>\n<meta property=\"product:brand\" content=\"RealWear\" \/>\n<meta property=\"product:price:amount\" content=\"1795.50\" \/>\n<meta property=\"product:price:currency\" content=\"EUR\" \/>\n<meta property=\"og:availability\" content=\"instock\" \/>\n<meta property=\"product:availability\" content=\"instock\" \/>\n<meta property=\"product:condition\" content=\"new\" \/>\n<!-- \/ Yoast SEO Premium plugin. -->","yoast_head_json":{"title":"Kup Realwear HMT-1 (2022) - ALEGER \u22c6 Augmented Reality","description":"W Aleger mo\u017cna naby\u0107 HMT-1 firmy Realwear. Ch\u0119tnie udzielimy porad dotycz\u0105cych efektywnego korzystania z urz\u0105dzenia, instalowania aplikacji i wielu innych.","robots":{"index":"index","follow":"follow","max-snippet":"max-snippet:-1","max-image-preview":"max-image-preview:large","max-video-preview":"max-video-preview:-1"},"og_locale":"pl_PL","og_type":"article","og_title":"RealWear HMT-1, przemys\u0142owe inteligentne okulary, wy\u015bwietlacz 20 stopni, IP66 MIL-STD-810G","og_description":"W Aleger mo\u017cna naby\u0107 HMT-1 firmy Realwear. Ch\u0119tnie udzielimy porad dotycz\u0105cych efektywnego korzystania z urz\u0105dzenia, instalowania aplikacji i wielu innych.","og_url":"https:\/\/alegerglobal.com\/pl\/shop-pl\/inteligentne-okulary\/realwear-hmt-1\/","og_site_name":"ALEGER \u22c6 Augmented Reality","article_modified_time":"2022-05-20T06:35:13+00:00","og_image":[{"width":800,"height":800,"url":"https:\/\/alegerglobal.com\/wp-content\/uploads\/2021\/01\/Unbenannt-29.jpg","type":"image\/jpeg"}],"twitter_card":"summary_large_image","twitter_misc":{"Cena":"&euro;1.795,50","Dost\u0119pno\u015b\u0107":"Dost\u0119pny"},"schema":{"@context":"https:\/\/schema.org","@graph":[{"@type":"WebPage","@id":"https:\/\/alegerglobal.com\/pl\/shop-pl\/inteligentne-okulary\/realwear-hmt-1\/","url":"https:\/\/alegerglobal.com\/pl\/shop-pl\/inteligentne-okulary\/realwear-hmt-1\/","name":"Kup Realwear HMT-1 (2022) - ALEGER \u22c6 Augmented Reality","isPartOf":{"@id":"https:\/\/alegerglobal.com\/pl\/#website"},"primaryImageOfPage":{"@id":"https:\/\/alegerglobal.com\/pl\/shop-pl\/inteligentne-okulary\/realwear-hmt-1\/#primaryimage"},"image":{"@id":"https:\/\/alegerglobal.com\/pl\/shop-pl\/inteligentne-okulary\/realwear-hmt-1\/#primaryimage"},"thumbnailUrl":"https:\/\/alegerglobal.com\/wp-content\/uploads\/2021\/01\/Unbenannt-29.jpg","datePublished":"2022-05-17T07:16:53+00:00","dateModified":"2022-05-20T06:35:13+00:00","description":"W Aleger mo\u017cna naby\u0107 HMT-1 firmy Realwear. Ch\u0119tnie udzielimy porad dotycz\u0105cych efektywnego korzystania z urz\u0105dzenia, instalowania aplikacji i wielu innych.","breadcrumb":{"@id":"https:\/\/alegerglobal.com\/pl\/shop-pl\/inteligentne-okulary\/realwear-hmt-1\/#breadcrumb"},"inLanguage":"pl-PL","potentialAction":[{"@type":"ReadAction","target":["https:\/\/alegerglobal.com\/pl\/shop-pl\/inteligentne-okulary\/realwear-hmt-1\/"]}]},{"@type":"ImageObject","inLanguage":"pl-PL","@id":"https:\/\/alegerglobal.com\/pl\/shop-pl\/inteligentne-okulary\/realwear-hmt-1\/#primaryimage","url":"https:\/\/alegerglobal.com\/wp-content\/uploads\/2021\/01\/Unbenannt-29.jpg","contentUrl":"https:\/\/alegerglobal.com\/wp-content\/uploads\/2021\/01\/Unbenannt-29.jpg","width":800,"height":800,"caption":"Kup RealWear HMT-1 w ALEGER"},{"@type":"BreadcrumbList","@id":"https:\/\/alegerglobal.com\/pl\/shop-pl\/inteligentne-okulary\/realwear-hmt-1\/#breadcrumb","itemListElement":[{"@type":"ListItem","position":1,"name":"Home","item":"https:\/\/alegerglobal.com\/pl\/nowosc-strona-glowna\/"},{"@type":"ListItem","position":2,"name":"Produkty","item":"https:\/\/alegerglobal.com\/pl\/produkty\/"},{"@type":"ListItem","position":3,"name":"RealWear HMT-1, przemys\u0142owe inteligentne okulary, wy\u015bwietlacz 20 stopni, IP66 MIL-STD-810G"}]},{"@type":"WebSite","@id":"https:\/\/alegerglobal.com\/pl\/#website","url":"https:\/\/alegerglobal.com\/pl\/","name":"ALEGER \u22c6 Augmented Reality","description":"Die besten Augmented Reality (AR) L\u00f6sungen der Welt.","publisher":{"@id":"https:\/\/alegerglobal.com\/pl\/#organization"},"potentialAction":[{"@type":"SearchAction","target":{"@type":"EntryPoint","urlTemplate":"https:\/\/alegerglobal.com\/pl\/?s={search_term_string}"},"query-input":{"@type":"PropertyValueSpecification","valueRequired":true,"valueName":"search_term_string"}}],"inLanguage":"pl-PL"},{"@type":"Organization","@id":"https:\/\/alegerglobal.com\/pl\/#organization","name":"ALEGER \u22c6 Augmented Reality","url":"https:\/\/alegerglobal.com\/pl\/","logo":{"@type":"ImageObject","inLanguage":"pl-PL","@id":"https:\/\/alegerglobal.com\/pl\/#\/schema\/logo\/image\/","url":"https:\/\/alegerglobal.com\/wp-content\/uploads\/2020\/12\/aleger-logo-quadrat.jpg","contentUrl":"https:\/\/alegerglobal.com\/wp-content\/uploads\/2020\/12\/aleger-logo-quadrat.jpg","width":200,"height":176,"caption":"ALEGER \u22c6 Augmented Reality"},"image":{"@id":"https:\/\/alegerglobal.com\/pl\/#\/schema\/logo\/image\/"}}]},"product_brand":"RealWear","product_price_amount":"1795.50","product_price_currency":"EUR","og_availability":"instock","product_availability":"instock","product_condition":"new"},"_links":{"self":[{"href":"https:\/\/alegerglobal.com\/pl\/wp-json\/wp\/v2\/product\/33765","targetHints":{"allow":["GET"]}}],"collection":[{"href":"https:\/\/alegerglobal.com\/pl\/wp-json\/wp\/v2\/product"}],"about":[{"href":"https:\/\/alegerglobal.com\/pl\/wp-json\/wp\/v2\/types\/product"}],"replies":[{"embeddable":true,"href":"https:\/\/alegerglobal.com\/pl\/wp-json\/wp\/v2\/comments?post=33765"}],"version-history":[{"count":3,"href":"https:\/\/alegerglobal.com\/pl\/wp-json\/wp\/v2\/product\/33765\/revisions"}],"predecessor-version":[{"id":35842,"href":"https:\/\/alegerglobal.com\/pl\/wp-json\/wp\/v2\/product\/33765\/revisions\/35842"}],"wp:featuredmedia":[{"embeddable":true,"href":"https:\/\/alegerglobal.com\/pl\/wp-json\/wp\/v2\/media\/16376"}],"wp:attachment":[{"href":"https:\/\/alegerglobal.com\/pl\/wp-json\/wp\/v2\/media?parent=33765"}],"wp:term":[{"taxonomy":"product_brand","embeddable":true,"href":"https:\/\/alegerglobal.com\/pl\/wp-json\/wp\/v2\/product_brand?post=33765"},{"taxonomy":"product_cat","embeddable":true,"href":"https:\/\/alegerglobal.com\/pl\/wp-json\/wp\/v2\/product_cat?post=33765"},{"taxonomy":"product_tag","embeddable":true,"href":"https:\/\/alegerglobal.com\/pl\/wp-json\/wp\/v2\/product_tag?post=33765"}],"curies":[{"name":"wp","href":"https:\/\/api.w.org\/{rel}","templated":true}]}}