{"id":33762,"date":"2021-11-16T23:03:26","date_gmt":"2022-05-17T07:16:50","guid":{"rendered":"https:\/\/alegerglobal.com\/bez-kategorii\/okulary-vuzix-m4000-ar-wyswietlacz-640x480px-8-mp-4k-30-fps-bateria-1000-mah-android-8\/"},"modified":"2022-05-19T09:09:57","modified_gmt":"2022-05-19T08:09:57","slug":"vuzix-m-4000","status":"publish","type":"product","link":"https:\/\/alegerglobal.com\/pl\/shop-pl\/inteligentne-okulary\/vuzix-m-4000\/","title":{"rendered":"Okulary Vuzix M4000 AR, wy\u015bwietlacz 640x480px, 8 MP, 4K 30 FPS, bateria 1000 mAH, Android 8"},"content":{"rendered":"","protected":false},"excerpt":{"rendered":"<ul>\n<li style=\"font-weight: 400;\" aria-level=\"1\"><b>Wytrzyma\u0142o\u015b\u0107:<\/b><span style=\"font-weight: 400;\"> Odporno\u015b\u0107 na kurz, wod\u0119, upadek i upadek zgodnie z norm\u0105 IP67<\/span><\/li>\n<li style=\"font-weight: 400;\" aria-level=\"1\"><b>Samodzielnie:<\/b><span style=\"font-weight: 400;\"> Dzia\u0142a bez dodatkowego terminala<\/span><\/li>\n<li style=\"font-weight: 400;\" aria-level=\"1\"><b>Mocne:<\/b><span style=\"font-weight: 400;\"> Szybki procesor i 6 GB pami\u0119ci RAM<\/span><\/li>\n<li style=\"font-weight: 400;\" aria-level=\"1\"><b>Komunikacja: <\/b><span style=\"font-weight: 400;\">Zintegrowana kamera i mikrofon umo\u017cliwiaj\u0105 komunikacj\u0119 z osobami trzecimi<\/span><\/li>\n<li style=\"font-weight: 400;\" aria-level=\"1\"><b>Nagrywanie w wysokiej rozdzielczo\u015bci:<\/b><span style=\"font-weight: 400;\"> Filmy 4K i zdj\u0119cia 8 MP<\/span><\/li>\n<li style=\"font-weight: 400;\" aria-level=\"1\"><b>D\u0142ugi czas pracy akumulatora: <\/b><span style=\"font-weight: 400;\">Do 3 godzin nieprzerwanej pracy<\/span><\/li>\n<li style=\"font-weight: 400;\" aria-level=\"1\"><b>Nowoczesne oprogramowanie: <\/b><span style=\"font-weight: 400;\">Android 8 jako system operacyjny<\/span><\/li>\n<li style=\"font-weight: 400;\" aria-level=\"1\"><b>Niezawodno\u015b\u0107:<\/b><span style=\"font-weight: 400;\"> 1 rok gwarancji<\/span><\/li>\n<\/ul>\n","protected":false},"featured_media":17013,"comment_status":"open","ping_status":"closed","template":"","meta":{"_acf_changed":false},"product_brand":[],"product_cat":[1008,983],"product_tag":[1108],"class_list":{"0":"post-33762","1":"product","2":"type-product","3":"status-publish","4":"has-post-thumbnail","6":"product_cat-inteligentne-okulary","7":"product_cat-shop-pl","8":"product_tag-vuzix-m-4000-pl","9":"pa_hersteller-vuzix-pl","11":"first","12":"instock","13":"taxable","14":"shipping-taxable","15":"purchasable","16":"product-type-simple"},"acf":[],"yoast_head":"<!-- This site is optimized with the Yoast SEO Premium plugin v20.10 (Yoast SEO v24.3) - https:\/\/yoast.com\/wordpress\/plugins\/seo\/ -->\n<title>Kup Vuzix M4000 tutaj - ALEGER \u22c6 Augmented Reality<\/title>\n<meta name=\"description\" content=\"Vuzix M4000 to wysokiej jako\u015bci inteligentne okulary z certyfikatem IP67, lekka konstrukcja i doskona\u0142y komfort noszenia.\" \/>\n<meta name=\"robots\" content=\"index, follow, max-snippet:-1, max-image-preview:large, max-video-preview:-1\" \/>\n<meta property=\"og:locale\" content=\"pl_PL\" \/>\n<meta property=\"og:type\" content=\"article\" \/>\n<meta property=\"og:title\" content=\"Okulary Vuzix M4000 AR, wy\u015bwietlacz 640x480px, 8 MP, 4K 30 FPS, bateria 1000 mAH, Android 8\" \/>\n<meta property=\"og:description\" content=\"Vuzix M4000 to wysokiej jako\u015bci inteligentne okulary z certyfikatem IP67, lekka konstrukcja i doskona\u0142y komfort noszenia.\" \/>\n<meta property=\"og:url\" content=\"https:\/\/alegerglobal.com\/pl\/shop-pl\/inteligentne-okulary\/vuzix-m-4000\/\" \/>\n<meta property=\"og:site_name\" content=\"ALEGER \u22c6 Augmented Reality\" \/>\n<meta property=\"article:modified_time\" content=\"2022-05-19T08:09:57+00:00\" \/>\n<meta property=\"og:image\" content=\"https:\/\/alegerglobal.com\/wp-content\/uploads\/2022\/01\/svsv.png\" \/>\n\t<meta property=\"og:image:width\" content=\"800\" \/>\n\t<meta property=\"og:image:height\" content=\"800\" \/>\n\t<meta property=\"og:image:type\" content=\"image\/png\" \/>\n<meta name=\"twitter:card\" content=\"summary_large_image\" \/>\n<meta name=\"twitter:label1\" content=\"Cena\" \/>\n\t<meta name=\"twitter:data1\" content=\"&euro;2.613,00\" \/>\n\t<meta name=\"twitter:label2\" content=\"Dost\u0119pno\u015b\u0107\" \/>\n\t<meta name=\"twitter:data2\" content=\"Dost\u0119pny\" \/>\n<script type=\"application\/ld+json\" class=\"yoast-schema-graph\">{\"@context\":\"https:\/\/schema.org\",\"@graph\":[{\"@type\":\"WebPage\",\"@id\":\"https:\/\/alegerglobal.com\/pl\/shop-pl\/inteligentne-okulary\/vuzix-m-4000\/\",\"url\":\"https:\/\/alegerglobal.com\/pl\/shop-pl\/inteligentne-okulary\/vuzix-m-4000\/\",\"name\":\"Kup Vuzix M4000 tutaj - ALEGER \u22c6 Augmented Reality\",\"isPartOf\":{\"@id\":\"https:\/\/alegerglobal.com\/pl\/#website\"},\"primaryImageOfPage\":{\"@id\":\"https:\/\/alegerglobal.com\/pl\/shop-pl\/inteligentne-okulary\/vuzix-m-4000\/#primaryimage\"},\"image\":{\"@id\":\"https:\/\/alegerglobal.com\/pl\/shop-pl\/inteligentne-okulary\/vuzix-m-4000\/#primaryimage\"},\"thumbnailUrl\":\"https:\/\/alegerglobal.com\/wp-content\/uploads\/2022\/01\/svsv.png\",\"datePublished\":\"2022-05-17T07:16:50+00:00\",\"dateModified\":\"2022-05-19T08:09:57+00:00\",\"description\":\"Vuzix M4000 to wysokiej jako\u015bci inteligentne okulary z certyfikatem IP67, lekka konstrukcja i doskona\u0142y komfort noszenia.\",\"breadcrumb\":{\"@id\":\"https:\/\/alegerglobal.com\/pl\/shop-pl\/inteligentne-okulary\/vuzix-m-4000\/#breadcrumb\"},\"inLanguage\":\"pl-PL\",\"potentialAction\":[{\"@type\":\"ReadAction\",\"target\":[\"https:\/\/alegerglobal.com\/pl\/shop-pl\/inteligentne-okulary\/vuzix-m-4000\/\"]}]},{\"@type\":\"ImageObject\",\"inLanguage\":\"pl-PL\",\"@id\":\"https:\/\/alegerglobal.com\/pl\/shop-pl\/inteligentne-okulary\/vuzix-m-4000\/#primaryimage\",\"url\":\"https:\/\/alegerglobal.com\/wp-content\/uploads\/2022\/01\/svsv.png\",\"contentUrl\":\"https:\/\/alegerglobal.com\/wp-content\/uploads\/2022\/01\/svsv.png\",\"width\":800,\"height\":800},{\"@type\":\"BreadcrumbList\",\"@id\":\"https:\/\/alegerglobal.com\/pl\/shop-pl\/inteligentne-okulary\/vuzix-m-4000\/#breadcrumb\",\"itemListElement\":[{\"@type\":\"ListItem\",\"position\":1,\"name\":\"Home\",\"item\":\"https:\/\/alegerglobal.com\/pl\/nowosc-strona-glowna\/\"},{\"@type\":\"ListItem\",\"position\":2,\"name\":\"Produkty\",\"item\":\"https:\/\/alegerglobal.com\/pl\/produkty\/\"},{\"@type\":\"ListItem\",\"position\":3,\"name\":\"Okulary Vuzix M4000 AR, wy\u015bwietlacz 640x480px, 8 MP, 4K 30 FPS, bateria 1000 mAH, Android 8\"}]},{\"@type\":\"WebSite\",\"@id\":\"https:\/\/alegerglobal.com\/pl\/#website\",\"url\":\"https:\/\/alegerglobal.com\/pl\/\",\"name\":\"ALEGER \u22c6 Augmented Reality\",\"description\":\"Die besten Augmented Reality (AR) L\u00f6sungen der Welt.\",\"publisher\":{\"@id\":\"https:\/\/alegerglobal.com\/pl\/#organization\"},\"potentialAction\":[{\"@type\":\"SearchAction\",\"target\":{\"@type\":\"EntryPoint\",\"urlTemplate\":\"https:\/\/alegerglobal.com\/pl\/?s={search_term_string}\"},\"query-input\":{\"@type\":\"PropertyValueSpecification\",\"valueRequired\":true,\"valueName\":\"search_term_string\"}}],\"inLanguage\":\"pl-PL\"},{\"@type\":\"Organization\",\"@id\":\"https:\/\/alegerglobal.com\/pl\/#organization\",\"name\":\"ALEGER \u22c6 Augmented Reality\",\"url\":\"https:\/\/alegerglobal.com\/pl\/\",\"logo\":{\"@type\":\"ImageObject\",\"inLanguage\":\"pl-PL\",\"@id\":\"https:\/\/alegerglobal.com\/pl\/#\/schema\/logo\/image\/\",\"url\":\"https:\/\/alegerglobal.com\/wp-content\/uploads\/2020\/12\/aleger-logo-quadrat.jpg\",\"contentUrl\":\"https:\/\/alegerglobal.com\/wp-content\/uploads\/2020\/12\/aleger-logo-quadrat.jpg\",\"width\":200,\"height\":176,\"caption\":\"ALEGER \u22c6 Augmented Reality\"},\"image\":{\"@id\":\"https:\/\/alegerglobal.com\/pl\/#\/schema\/logo\/image\/\"}}]}<\/script>\n<meta property=\"product:brand\" content=\"Vuzix\" \/>\n<meta property=\"product:price:amount\" content=\"2613.00\" \/>\n<meta property=\"product:price:currency\" content=\"EUR\" \/>\n<meta property=\"og:availability\" content=\"instock\" \/>\n<meta property=\"product:availability\" content=\"instock\" \/>\n<meta property=\"product:condition\" content=\"new\" \/>\n<!-- \/ Yoast SEO Premium plugin. -->","yoast_head_json":{"title":"Kup Vuzix M4000 tutaj - ALEGER \u22c6 Augmented Reality","description":"Vuzix M4000 to wysokiej jako\u015bci inteligentne okulary z certyfikatem IP67, lekka konstrukcja i doskona\u0142y komfort noszenia.","robots":{"index":"index","follow":"follow","max-snippet":"max-snippet:-1","max-image-preview":"max-image-preview:large","max-video-preview":"max-video-preview:-1"},"og_locale":"pl_PL","og_type":"article","og_title":"Okulary Vuzix M4000 AR, wy\u015bwietlacz 640x480px, 8 MP, 4K 30 FPS, bateria 1000 mAH, Android 8","og_description":"Vuzix M4000 to wysokiej jako\u015bci inteligentne okulary z certyfikatem IP67, lekka konstrukcja i doskona\u0142y komfort noszenia.","og_url":"https:\/\/alegerglobal.com\/pl\/shop-pl\/inteligentne-okulary\/vuzix-m-4000\/","og_site_name":"ALEGER \u22c6 Augmented Reality","article_modified_time":"2022-05-19T08:09:57+00:00","og_image":[{"width":800,"height":800,"url":"https:\/\/alegerglobal.com\/wp-content\/uploads\/2022\/01\/svsv.png","type":"image\/png"}],"twitter_card":"summary_large_image","twitter_misc":{"Cena":"&euro;2.613,00","Dost\u0119pno\u015b\u0107":"Dost\u0119pny"},"schema":{"@context":"https:\/\/schema.org","@graph":[{"@type":"WebPage","@id":"https:\/\/alegerglobal.com\/pl\/shop-pl\/inteligentne-okulary\/vuzix-m-4000\/","url":"https:\/\/alegerglobal.com\/pl\/shop-pl\/inteligentne-okulary\/vuzix-m-4000\/","name":"Kup Vuzix M4000 tutaj - ALEGER \u22c6 Augmented Reality","isPartOf":{"@id":"https:\/\/alegerglobal.com\/pl\/#website"},"primaryImageOfPage":{"@id":"https:\/\/alegerglobal.com\/pl\/shop-pl\/inteligentne-okulary\/vuzix-m-4000\/#primaryimage"},"image":{"@id":"https:\/\/alegerglobal.com\/pl\/shop-pl\/inteligentne-okulary\/vuzix-m-4000\/#primaryimage"},"thumbnailUrl":"https:\/\/alegerglobal.com\/wp-content\/uploads\/2022\/01\/svsv.png","datePublished":"2022-05-17T07:16:50+00:00","dateModified":"2022-05-19T08:09:57+00:00","description":"Vuzix M4000 to wysokiej jako\u015bci inteligentne okulary z certyfikatem IP67, lekka konstrukcja i doskona\u0142y komfort noszenia.","breadcrumb":{"@id":"https:\/\/alegerglobal.com\/pl\/shop-pl\/inteligentne-okulary\/vuzix-m-4000\/#breadcrumb"},"inLanguage":"pl-PL","potentialAction":[{"@type":"ReadAction","target":["https:\/\/alegerglobal.com\/pl\/shop-pl\/inteligentne-okulary\/vuzix-m-4000\/"]}]},{"@type":"ImageObject","inLanguage":"pl-PL","@id":"https:\/\/alegerglobal.com\/pl\/shop-pl\/inteligentne-okulary\/vuzix-m-4000\/#primaryimage","url":"https:\/\/alegerglobal.com\/wp-content\/uploads\/2022\/01\/svsv.png","contentUrl":"https:\/\/alegerglobal.com\/wp-content\/uploads\/2022\/01\/svsv.png","width":800,"height":800},{"@type":"BreadcrumbList","@id":"https:\/\/alegerglobal.com\/pl\/shop-pl\/inteligentne-okulary\/vuzix-m-4000\/#breadcrumb","itemListElement":[{"@type":"ListItem","position":1,"name":"Home","item":"https:\/\/alegerglobal.com\/pl\/nowosc-strona-glowna\/"},{"@type":"ListItem","position":2,"name":"Produkty","item":"https:\/\/alegerglobal.com\/pl\/produkty\/"},{"@type":"ListItem","position":3,"name":"Okulary Vuzix M4000 AR, wy\u015bwietlacz 640x480px, 8 MP, 4K 30 FPS, bateria 1000 mAH, Android 8"}]},{"@type":"WebSite","@id":"https:\/\/alegerglobal.com\/pl\/#website","url":"https:\/\/alegerglobal.com\/pl\/","name":"ALEGER \u22c6 Augmented Reality","description":"Die besten Augmented Reality (AR) L\u00f6sungen der Welt.","publisher":{"@id":"https:\/\/alegerglobal.com\/pl\/#organization"},"potentialAction":[{"@type":"SearchAction","target":{"@type":"EntryPoint","urlTemplate":"https:\/\/alegerglobal.com\/pl\/?s={search_term_string}"},"query-input":{"@type":"PropertyValueSpecification","valueRequired":true,"valueName":"search_term_string"}}],"inLanguage":"pl-PL"},{"@type":"Organization","@id":"https:\/\/alegerglobal.com\/pl\/#organization","name":"ALEGER \u22c6 Augmented Reality","url":"https:\/\/alegerglobal.com\/pl\/","logo":{"@type":"ImageObject","inLanguage":"pl-PL","@id":"https:\/\/alegerglobal.com\/pl\/#\/schema\/logo\/image\/","url":"https:\/\/alegerglobal.com\/wp-content\/uploads\/2020\/12\/aleger-logo-quadrat.jpg","contentUrl":"https:\/\/alegerglobal.com\/wp-content\/uploads\/2020\/12\/aleger-logo-quadrat.jpg","width":200,"height":176,"caption":"ALEGER \u22c6 Augmented Reality"},"image":{"@id":"https:\/\/alegerglobal.com\/pl\/#\/schema\/logo\/image\/"}}]},"product_brand":"Vuzix","product_price_amount":"2613.00","product_price_currency":"EUR","og_availability":"instock","product_availability":"instock","product_condition":"new"},"_links":{"self":[{"href":"https:\/\/alegerglobal.com\/pl\/wp-json\/wp\/v2\/product\/33762","targetHints":{"allow":["GET"]}}],"collection":[{"href":"https:\/\/alegerglobal.com\/pl\/wp-json\/wp\/v2\/product"}],"about":[{"href":"https:\/\/alegerglobal.com\/pl\/wp-json\/wp\/v2\/types\/product"}],"replies":[{"embeddable":true,"href":"https:\/\/alegerglobal.com\/pl\/wp-json\/wp\/v2\/comments?post=33762"}],"version-history":[{"count":1,"href":"https:\/\/alegerglobal.com\/pl\/wp-json\/wp\/v2\/product\/33762\/revisions"}],"predecessor-version":[{"id":34990,"href":"https:\/\/alegerglobal.com\/pl\/wp-json\/wp\/v2\/product\/33762\/revisions\/34990"}],"wp:featuredmedia":[{"embeddable":true,"href":"https:\/\/alegerglobal.com\/pl\/wp-json\/wp\/v2\/media\/17013"}],"wp:attachment":[{"href":"https:\/\/alegerglobal.com\/pl\/wp-json\/wp\/v2\/media?parent=33762"}],"wp:term":[{"taxonomy":"product_brand","embeddable":true,"href":"https:\/\/alegerglobal.com\/pl\/wp-json\/wp\/v2\/product_brand?post=33762"},{"taxonomy":"product_cat","embeddable":true,"href":"https:\/\/alegerglobal.com\/pl\/wp-json\/wp\/v2\/product_cat?post=33762"},{"taxonomy":"product_tag","embeddable":true,"href":"https:\/\/alegerglobal.com\/pl\/wp-json\/wp\/v2\/product_tag?post=33762"}],"curies":[{"name":"wp","href":"https:\/\/api.w.org\/{rel}","templated":true}]}}