{"id":33760,"date":"2024-01-10T08:25:29","date_gmt":"2022-05-17T07:14:52","guid":{"rendered":"https:\/\/alegerglobal.com\/bez-kategorii\/getac-f110-ex-tablet-w-wersji-przeciwwybuchowej-ip65-mil-std-810g-windows-10-pro\/"},"modified":"2026-03-25T17:21:53","modified_gmt":"2026-03-25T16:21:53","slug":"getac-f110-ex-2","status":"publish","type":"product","link":"https:\/\/alegerglobal.com\/pl\/shop-pl\/atex-pl\/getac-f110-ex-2\/","title":{"rendered":"Getac F110-EX &#8211; w pe\u0142ni wzmocniony tablet przeciwwybuchowy (ATEX \/ IECEx)"},"content":{"rendered":"<p><a>Przegl\u0105d<\/a><br \/>\n<a>Szczeg\u00f3\u0142y techniczne<\/a><br \/>\nPrzegl\u0105d<\/p>\n<h2>Tablet firmy Getac o stopniu ochrony IP65 do u\u017cytku w strefie 2 ATEX z wy\u015bwietlaczem LumiBond<\/h2>\n<p>Getac F110-ex w wersji przeciwwybuchowej to przydatne narz\u0119dzie pracy w strefie 2 ATEX, charakteryzuj\u0105ce si\u0119 wytrzyma\u0142o\u015bci\u0105 po\u0142\u0105czon\u0105 z du\u017c\u0105 moc\u0105 obliczeniow\u0105. Posiada elastyczne opcje konfiguracji oraz du\u017cy i jasny wy\u015bwietlacz, kt\u00f3ry u\u0142atwia prac\u0119 przy wietrze i pogodzie. F110-ex jest r\u00f3wnie\u017c odporny na kurz i wilgo\u0107 dzi\u0119ki certyfikatowi IP65. Jest r\u00f3wnie\u017c zabezpieczony przed uszkodzeniami spowodowanymi upadkiem z wysoko\u015bci do 180 cm.<\/p>\n<p>Wy\u015bwietlacz o przek\u0105tnej 11,6 cala i rozdzielczo\u015bci Full HD wykorzystuje innowacyjn\u0105 technologi\u0119 LumiBond, kt\u00f3ra zapewnia wi\u0119ksz\u0105 wytrzyma\u0142o\u015b\u0107, ostre kontrasty i mo\u017cliwo\u015b\u0107 czytania bez odblask\u00f3w w s\u0142o\u0144cu. Wy\u015bwietlacz LumiBond sprawia, \u017ce Getac F110-Ex jest idealnym towarzyszem do pracy na zewn\u0105trz.<\/p>\n<h2>\u0141atwa nawigacja i d\u0142ugi czas pracy dzi\u0119ki systemowi baterii How-Swap<\/h2>\n<p>Cztery r\u00f3\u017cne tryby dotykowe pozwalaj\u0105 na wygodn\u0105 nawigacj\u0119 nawet w r\u0119kawiczkach, w deszczu lub przy u\u017cyciu rysika. Jednocze\u015bnie u\u017cytkownik pozostaje zawsze mobilny, poniewa\u017c urz\u0105dzenie jest nie wi\u0119ksze ni\u017c kartka papieru formatu DIN A4. Dwa akumulatory umo\u017cliwiaj\u0105 korzystanie z urz\u0105dzenia przez ca\u0142\u0105 zmian\u0119 bez konieczno\u015bci \u0142adowania. F110-ex jest wyposa\u017cona w system wymiany podczas pracy (hot-swap), dzi\u0119ki czemu mo\u017cna \u0142atwo wymieni\u0107 pojedynczy akumulator podczas pracy.<\/p>\n<p>Je\u015bli urz\u0105dzenie ulegnie uszkodzeniu podczas u\u017cytkowania, u\u017cytkownik mo\u017ce skorzysta\u0107 z trzyletniej gwarancji, dzi\u0119ki czemu w ci\u0105gu kilku dni otrzyma sprawne urz\u0105dzenie z powrotem.<\/p>\n<p>Szczeg\u00f3\u0142y techniczne<\/p>\n","protected":false},"excerpt":{"rendered":"<ul>\n<li data-start=\"204\" data-end=\"404\"><strong data-start=\"204\" data-end=\"250\">W pe\u0142ni odporny na eksplozje, wytrzyma\u0142y tablet:<\/strong><br data-start=\"250\" data-end=\"253\">Certyfikat ATEX i IECEx (strefa 2\/22), przetestowany zgodnie z MIL-STD-810H i IP66 &#8211; opracowany z my\u015bl\u0105 o bezpiecznym u\u017cytkowaniu w strefach zagro\u017conych wybuchem.<\/li>\n<li data-start=\"406\" data-end=\"526\"><strong data-start=\"406\" data-end=\"434\">Nowoczesny system operacyjny:<\/strong><br data-start=\"434\" data-end=\"437\">Windows 11 Pro umo\u017cliwia korzystanie ze wszystkich popularnych aplikacji biznesowych i bran\u017cowych.<\/li>\n<li data-start=\"528\" data-end=\"680\"><strong data-start=\"528\" data-end=\"547\">Wydajno\u015b\u0107:<\/strong><br data-start=\"547\" data-end=\"550\">Procesor Intel\u00ae Core\u2122 i5-1335U (do 4,6 GHz) i 16 GB pami\u0119ci DDR5 zapewniaj\u0105 szybk\u0105 i niezawodn\u0105 wydajno\u015b\u0107.<\/li>\n<li data-start=\"682\" data-end=\"877\"><strong data-start=\"682\" data-end=\"714\">Jasny i wytrzyma\u0142y wy\u015bwietlacz:<\/strong><br data-start=\"714\" data-end=\"717\">11,6-calowy wy\u015bwietlacz Full HD (1920 x 1080) z technologi\u0105 LumiBond\u00ae 2.0 i jasno\u015bci\u0105 do 1200 nit\u00f3w &#8211; optymalna czytelno\u015b\u0107 nawet w bezpo\u015brednim \u015bwietle s\u0142onecznym.<\/li>\n<li data-start=\"879\" data-end=\"1007\"><strong data-start=\"879\" data-end=\"907\">Zwi\u0119kszona ochrona przed upadkiem:<\/strong><br data-start=\"907\" data-end=\"910\">Ochrona przed wstrz\u0105sami i wibracjami zgodnie z MIL-STD-810H, zaprojektowana do profesjonalnego u\u017cytku na zewn\u0105trz.<\/li>\n<li data-start=\"1009\" data-end=\"1125\"><strong data-start=\"1009\" data-end=\"1038\">Elastyczne zasilanie:<\/strong><br data-start=\"1038\" data-end=\"1041\">System podw\u00f3jnych akumulator\u00f3w typu hot-swap zapewniaj\u0105cy nieprzerwan\u0105 prac\u0119 i d\u0142ugi czas dzia\u0142ania<\/li>\n<\/ul>\n","protected":false},"featured_media":16792,"comment_status":"open","ping_status":"closed","template":"","meta":{"_acf_changed":false},"product_brand":[],"product_cat":[982,2629,2630],"product_tag":[],"class_list":{"0":"post-33760","1":"product","2":"type-product","3":"status-publish","4":"has-post-thumbnail","6":"product_cat-atex-pl","7":"product_cat-komputery-przenosne","8":"product_cat-komunikacja","9":"pa_hersteller-getac-pl","11":"first","12":"instock","13":"taxable","14":"shipping-taxable","15":"purchasable","16":"product-type-simple"},"acf":[],"yoast_head":"<!-- This site is optimized with the Yoast SEO Premium plugin v20.10 (Yoast SEO v24.3) - https:\/\/yoast.com\/wordpress\/plugins\/seo\/ -->\n<title>Kup Getac F110-ex tutaj - ALEGER \u22c6 Augmented Reality<\/title>\n<meta name=\"description\" content=\"Odkryj tutaj tablet Getac z ochron\u0105 przeciwwybuchow\u0105 IP65! Jest to przydatne narz\u0119dzie pracy podczas dzia\u0142a\u0144 w strefie 2 ATEX!\" \/>\n<meta name=\"robots\" content=\"index, follow, max-snippet:-1, max-image-preview:large, max-video-preview:-1\" \/>\n<meta property=\"og:locale\" content=\"pl_PL\" \/>\n<meta property=\"og:type\" content=\"article\" \/>\n<meta property=\"og:title\" content=\"Getac F110-EX - w pe\u0142ni wzmocniony tablet przeciwwybuchowy (ATEX \/ IECEx)\" \/>\n<meta property=\"og:description\" content=\"Odkryj tutaj tablet Getac z ochron\u0105 przeciwwybuchow\u0105 IP65! Jest to przydatne narz\u0119dzie pracy podczas dzia\u0142a\u0144 w strefie 2 ATEX!\" \/>\n<meta property=\"og:url\" content=\"https:\/\/alegerglobal.com\/pl\/shop-pl\/atex-pl\/getac-f110-ex-2\/\" \/>\n<meta property=\"og:site_name\" content=\"ALEGER \u22c6 Augmented Reality\" \/>\n<meta property=\"article:modified_time\" content=\"2026-03-25T16:21:53+00:00\" \/>\n<meta property=\"og:image\" content=\"https:\/\/alegerglobal.com\/wp-content\/uploads\/2021\/03\/Unbenannt-12.jpg\" \/>\n\t<meta property=\"og:image:width\" content=\"800\" \/>\n\t<meta property=\"og:image:height\" content=\"800\" \/>\n\t<meta property=\"og:image:type\" content=\"image\/jpeg\" \/>\n<meta name=\"twitter:card\" content=\"summary_large_image\" \/>\n<meta name=\"twitter:label1\" content=\"Cena\" \/>\n\t<meta name=\"twitter:data1\" content=\"&euro;3.041,99\" \/>\n\t<meta name=\"twitter:label2\" content=\"Dost\u0119pno\u015b\u0107\" \/>\n\t<meta name=\"twitter:data2\" content=\"Dost\u0119pny\" \/>\n<script type=\"application\/ld+json\" class=\"yoast-schema-graph\">{\"@context\":\"https:\/\/schema.org\",\"@graph\":[{\"@type\":\"WebPage\",\"@id\":\"https:\/\/alegerglobal.com\/pl\/shop-pl\/atex-pl\/getac-f110-ex-2\/\",\"url\":\"https:\/\/alegerglobal.com\/pl\/shop-pl\/atex-pl\/getac-f110-ex-2\/\",\"name\":\"Kup Getac F110-ex tutaj - ALEGER \u22c6 Augmented Reality\",\"isPartOf\":{\"@id\":\"https:\/\/alegerglobal.com\/pl\/#website\"},\"primaryImageOfPage\":{\"@id\":\"https:\/\/alegerglobal.com\/pl\/shop-pl\/atex-pl\/getac-f110-ex-2\/#primaryimage\"},\"image\":{\"@id\":\"https:\/\/alegerglobal.com\/pl\/shop-pl\/atex-pl\/getac-f110-ex-2\/#primaryimage\"},\"thumbnailUrl\":\"https:\/\/alegerglobal.com\/wp-content\/uploads\/2021\/03\/Unbenannt-12.jpg\",\"datePublished\":\"2022-05-17T07:14:52+00:00\",\"dateModified\":\"2026-03-25T16:21:53+00:00\",\"description\":\"Odkryj tutaj tablet Getac z ochron\u0105 przeciwwybuchow\u0105 IP65! Jest to przydatne narz\u0119dzie pracy podczas dzia\u0142a\u0144 w strefie 2 ATEX!\",\"breadcrumb\":{\"@id\":\"https:\/\/alegerglobal.com\/pl\/shop-pl\/atex-pl\/getac-f110-ex-2\/#breadcrumb\"},\"inLanguage\":\"pl-PL\",\"potentialAction\":[{\"@type\":\"ReadAction\",\"target\":[\"https:\/\/alegerglobal.com\/pl\/shop-pl\/atex-pl\/getac-f110-ex-2\/\"]}]},{\"@type\":\"ImageObject\",\"inLanguage\":\"pl-PL\",\"@id\":\"https:\/\/alegerglobal.com\/pl\/shop-pl\/atex-pl\/getac-f110-ex-2\/#primaryimage\",\"url\":\"https:\/\/alegerglobal.com\/wp-content\/uploads\/2021\/03\/Unbenannt-12.jpg\",\"contentUrl\":\"https:\/\/alegerglobal.com\/wp-content\/uploads\/2021\/03\/Unbenannt-12.jpg\",\"width\":800,\"height\":800,\"caption\":\"Getac F110-EX\"},{\"@type\":\"BreadcrumbList\",\"@id\":\"https:\/\/alegerglobal.com\/pl\/shop-pl\/atex-pl\/getac-f110-ex-2\/#breadcrumb\",\"itemListElement\":[{\"@type\":\"ListItem\",\"position\":1,\"name\":\"Home\",\"item\":\"https:\/\/alegerglobal.com\/pl\/nowosc-strona-glowna\/\"},{\"@type\":\"ListItem\",\"position\":2,\"name\":\"Produkty\",\"item\":\"https:\/\/alegerglobal.com\/pl\/produkty\/\"},{\"@type\":\"ListItem\",\"position\":3,\"name\":\"Getac F110-EX &#8211; w pe\u0142ni wzmocniony tablet przeciwwybuchowy (ATEX \/ IECEx)\"}]},{\"@type\":\"WebSite\",\"@id\":\"https:\/\/alegerglobal.com\/pl\/#website\",\"url\":\"https:\/\/alegerglobal.com\/pl\/\",\"name\":\"ALEGER \u22c6 Augmented Reality\",\"description\":\"Die besten Augmented Reality (AR) L\u00f6sungen der Welt.\",\"publisher\":{\"@id\":\"https:\/\/alegerglobal.com\/pl\/#organization\"},\"potentialAction\":[{\"@type\":\"SearchAction\",\"target\":{\"@type\":\"EntryPoint\",\"urlTemplate\":\"https:\/\/alegerglobal.com\/pl\/?s={search_term_string}\"},\"query-input\":{\"@type\":\"PropertyValueSpecification\",\"valueRequired\":true,\"valueName\":\"search_term_string\"}}],\"inLanguage\":\"pl-PL\"},{\"@type\":\"Organization\",\"@id\":\"https:\/\/alegerglobal.com\/pl\/#organization\",\"name\":\"ALEGER \u22c6 Augmented Reality\",\"url\":\"https:\/\/alegerglobal.com\/pl\/\",\"logo\":{\"@type\":\"ImageObject\",\"inLanguage\":\"pl-PL\",\"@id\":\"https:\/\/alegerglobal.com\/pl\/#\/schema\/logo\/image\/\",\"url\":\"https:\/\/alegerglobal.com\/wp-content\/uploads\/2020\/12\/aleger-logo-quadrat.jpg\",\"contentUrl\":\"https:\/\/alegerglobal.com\/wp-content\/uploads\/2020\/12\/aleger-logo-quadrat.jpg\",\"width\":200,\"height\":176,\"caption\":\"ALEGER \u22c6 Augmented Reality\"},\"image\":{\"@id\":\"https:\/\/alegerglobal.com\/pl\/#\/schema\/logo\/image\/\"}}]}<\/script>\n<meta property=\"product:brand\" content=\"Getac\" \/>\n<meta property=\"product:price:amount\" content=\"3041.99\" \/>\n<meta property=\"product:price:currency\" content=\"EUR\" \/>\n<meta property=\"og:availability\" content=\"instock\" \/>\n<meta property=\"product:availability\" content=\"instock\" \/>\n<meta property=\"product:condition\" content=\"new\" \/>\n<!-- \/ Yoast SEO Premium plugin. -->","yoast_head_json":{"title":"Kup Getac F110-ex tutaj - ALEGER \u22c6 Augmented Reality","description":"Odkryj tutaj tablet Getac z ochron\u0105 przeciwwybuchow\u0105 IP65! Jest to przydatne narz\u0119dzie pracy podczas dzia\u0142a\u0144 w strefie 2 ATEX!","robots":{"index":"index","follow":"follow","max-snippet":"max-snippet:-1","max-image-preview":"max-image-preview:large","max-video-preview":"max-video-preview:-1"},"og_locale":"pl_PL","og_type":"article","og_title":"Getac F110-EX - w pe\u0142ni wzmocniony tablet przeciwwybuchowy (ATEX \/ IECEx)","og_description":"Odkryj tutaj tablet Getac z ochron\u0105 przeciwwybuchow\u0105 IP65! Jest to przydatne narz\u0119dzie pracy podczas dzia\u0142a\u0144 w strefie 2 ATEX!","og_url":"https:\/\/alegerglobal.com\/pl\/shop-pl\/atex-pl\/getac-f110-ex-2\/","og_site_name":"ALEGER \u22c6 Augmented Reality","article_modified_time":"2026-03-25T16:21:53+00:00","og_image":[{"width":800,"height":800,"url":"https:\/\/alegerglobal.com\/wp-content\/uploads\/2021\/03\/Unbenannt-12.jpg","type":"image\/jpeg"}],"twitter_card":"summary_large_image","twitter_misc":{"Cena":"&euro;3.041,99","Dost\u0119pno\u015b\u0107":"Dost\u0119pny"},"schema":{"@context":"https:\/\/schema.org","@graph":[{"@type":"WebPage","@id":"https:\/\/alegerglobal.com\/pl\/shop-pl\/atex-pl\/getac-f110-ex-2\/","url":"https:\/\/alegerglobal.com\/pl\/shop-pl\/atex-pl\/getac-f110-ex-2\/","name":"Kup Getac F110-ex tutaj - ALEGER \u22c6 Augmented Reality","isPartOf":{"@id":"https:\/\/alegerglobal.com\/pl\/#website"},"primaryImageOfPage":{"@id":"https:\/\/alegerglobal.com\/pl\/shop-pl\/atex-pl\/getac-f110-ex-2\/#primaryimage"},"image":{"@id":"https:\/\/alegerglobal.com\/pl\/shop-pl\/atex-pl\/getac-f110-ex-2\/#primaryimage"},"thumbnailUrl":"https:\/\/alegerglobal.com\/wp-content\/uploads\/2021\/03\/Unbenannt-12.jpg","datePublished":"2022-05-17T07:14:52+00:00","dateModified":"2026-03-25T16:21:53+00:00","description":"Odkryj tutaj tablet Getac z ochron\u0105 przeciwwybuchow\u0105 IP65! Jest to przydatne narz\u0119dzie pracy podczas dzia\u0142a\u0144 w strefie 2 ATEX!","breadcrumb":{"@id":"https:\/\/alegerglobal.com\/pl\/shop-pl\/atex-pl\/getac-f110-ex-2\/#breadcrumb"},"inLanguage":"pl-PL","potentialAction":[{"@type":"ReadAction","target":["https:\/\/alegerglobal.com\/pl\/shop-pl\/atex-pl\/getac-f110-ex-2\/"]}]},{"@type":"ImageObject","inLanguage":"pl-PL","@id":"https:\/\/alegerglobal.com\/pl\/shop-pl\/atex-pl\/getac-f110-ex-2\/#primaryimage","url":"https:\/\/alegerglobal.com\/wp-content\/uploads\/2021\/03\/Unbenannt-12.jpg","contentUrl":"https:\/\/alegerglobal.com\/wp-content\/uploads\/2021\/03\/Unbenannt-12.jpg","width":800,"height":800,"caption":"Getac F110-EX"},{"@type":"BreadcrumbList","@id":"https:\/\/alegerglobal.com\/pl\/shop-pl\/atex-pl\/getac-f110-ex-2\/#breadcrumb","itemListElement":[{"@type":"ListItem","position":1,"name":"Home","item":"https:\/\/alegerglobal.com\/pl\/nowosc-strona-glowna\/"},{"@type":"ListItem","position":2,"name":"Produkty","item":"https:\/\/alegerglobal.com\/pl\/produkty\/"},{"@type":"ListItem","position":3,"name":"Getac F110-EX &#8211; w pe\u0142ni wzmocniony tablet przeciwwybuchowy (ATEX \/ IECEx)"}]},{"@type":"WebSite","@id":"https:\/\/alegerglobal.com\/pl\/#website","url":"https:\/\/alegerglobal.com\/pl\/","name":"ALEGER \u22c6 Augmented Reality","description":"Die besten Augmented Reality (AR) L\u00f6sungen der Welt.","publisher":{"@id":"https:\/\/alegerglobal.com\/pl\/#organization"},"potentialAction":[{"@type":"SearchAction","target":{"@type":"EntryPoint","urlTemplate":"https:\/\/alegerglobal.com\/pl\/?s={search_term_string}"},"query-input":{"@type":"PropertyValueSpecification","valueRequired":true,"valueName":"search_term_string"}}],"inLanguage":"pl-PL"},{"@type":"Organization","@id":"https:\/\/alegerglobal.com\/pl\/#organization","name":"ALEGER \u22c6 Augmented Reality","url":"https:\/\/alegerglobal.com\/pl\/","logo":{"@type":"ImageObject","inLanguage":"pl-PL","@id":"https:\/\/alegerglobal.com\/pl\/#\/schema\/logo\/image\/","url":"https:\/\/alegerglobal.com\/wp-content\/uploads\/2020\/12\/aleger-logo-quadrat.jpg","contentUrl":"https:\/\/alegerglobal.com\/wp-content\/uploads\/2020\/12\/aleger-logo-quadrat.jpg","width":200,"height":176,"caption":"ALEGER \u22c6 Augmented Reality"},"image":{"@id":"https:\/\/alegerglobal.com\/pl\/#\/schema\/logo\/image\/"}}]},"product_brand":"Getac","product_price_amount":"3041.99","product_price_currency":"EUR","og_availability":"instock","product_availability":"instock","product_condition":"new"},"_links":{"self":[{"href":"https:\/\/alegerglobal.com\/pl\/wp-json\/wp\/v2\/product\/33760","targetHints":{"allow":["GET"]}}],"collection":[{"href":"https:\/\/alegerglobal.com\/pl\/wp-json\/wp\/v2\/product"}],"about":[{"href":"https:\/\/alegerglobal.com\/pl\/wp-json\/wp\/v2\/types\/product"}],"replies":[{"embeddable":true,"href":"https:\/\/alegerglobal.com\/pl\/wp-json\/wp\/v2\/comments?post=33760"}],"version-history":[{"count":1,"href":"https:\/\/alegerglobal.com\/pl\/wp-json\/wp\/v2\/product\/33760\/revisions"}],"predecessor-version":[{"id":54082,"href":"https:\/\/alegerglobal.com\/pl\/wp-json\/wp\/v2\/product\/33760\/revisions\/54082"}],"wp:featuredmedia":[{"embeddable":true,"href":"https:\/\/alegerglobal.com\/pl\/wp-json\/wp\/v2\/media\/16792"}],"wp:attachment":[{"href":"https:\/\/alegerglobal.com\/pl\/wp-json\/wp\/v2\/media?parent=33760"}],"wp:term":[{"taxonomy":"product_brand","embeddable":true,"href":"https:\/\/alegerglobal.com\/pl\/wp-json\/wp\/v2\/product_brand?post=33760"},{"taxonomy":"product_cat","embeddable":true,"href":"https:\/\/alegerglobal.com\/pl\/wp-json\/wp\/v2\/product_cat?post=33760"},{"taxonomy":"product_tag","embeddable":true,"href":"https:\/\/alegerglobal.com\/pl\/wp-json\/wp\/v2\/product_tag?post=33760"}],"curies":[{"name":"wp","href":"https:\/\/api.w.org\/{rel}","templated":true}]}}