{"id":33758,"date":"2021-03-10T08:28:50","date_gmt":"2022-05-17T07:14:48","guid":{"rendered":"https:\/\/alegerglobal.com\/bez-kategorii\/getac-b360-wytrzymaly-notebook-mil-std-810h-mil-std-461g-ip66-133-cala-windows-10-pro\/"},"modified":"2022-05-17T08:14:48","modified_gmt":"2022-05-17T07:14:48","slug":"getac-b360-2","status":"publish","type":"product","link":"https:\/\/alegerglobal.com\/pl\/shop-pl\/wytrzymaly-laptop\/getac-b360-2\/","title":{"rendered":"Getac B360, wytrzyma\u0142y notebook, MIL-STD-810H, MIL-STD-461G, IP66, 13,3 cala, Windows 10 Pro"},"content":{"rendered":"","protected":false},"excerpt":{"rendered":"<ul>\n<li aria-level=\"1\"><b>Wytrzyma\u0142y notebook z certyfikatami MIL-STD-810H, MIL-STD-461G, IP66 i ANSI\/ISE-12.12.01.<\/b><\/li>\n<li aria-level=\"1\"><b>Wyra\u017any obraz w nocy i w \u015bwietle s\u0142onecznym:<\/b><span style=\"font-weight: 400;\"> Wy\u015bwietlacz o przek\u0105tnej 13,3 cala (ok. 34 cm), jasno\u015bci 1400 nit\u00f3w i technologii LumiBond 2.0 <\/span> <\/li>\n<li aria-level=\"1\"><b>Wydajny sprz\u0119t:<\/b><span style=\"font-weight: 400;\"> 8 GB pami\u0119ci DDR4 i wydajny procesor i5<\/span><\/li>\n<li aria-level=\"1\"><b>Szczeg\u00f3lnie szybkie przechowywanie du\u017cych ilo\u015bci danych:<\/b><span style=\"font-weight: 400;\"> 256 GB NVMe SSD<\/span><\/li>\n<\/ul>\n","protected":false},"featured_media":16031,"comment_status":"open","ping_status":"closed","template":"","meta":{"_acf_changed":false},"product_brand":[],"product_cat":[983,1020],"product_tag":[],"class_list":{"0":"post-33758","1":"product","2":"type-product","3":"status-publish","4":"has-post-thumbnail","6":"product_cat-shop-pl","7":"product_cat-wytrzymaly-laptop","8":"pa_hersteller-getac-pl","10":"first","11":"instock","12":"taxable","13":"shipping-taxable","14":"purchasable","15":"product-type-simple"},"acf":[],"yoast_head":"<!-- This site is optimized with the Yoast SEO Premium plugin v20.10 (Yoast SEO v24.3) - https:\/\/yoast.com\/wordpress\/plugins\/seo\/ -->\n<title>Tutaj mo\u017cna uzyska\u0107 ALEGER \u22c6 Augmented Realitypliku Getac B360 ALEGER \u22c6 Augmented Reality<\/title>\n<meta name=\"description\" content=\"Poznaj wytrzyma\u0142y notebook Getac B360 tutaj. Jest przeznaczony do stosowania w warunkach ekstremalnych. Jest bardzo lekki!\" \/>\n<meta name=\"robots\" content=\"index, follow, max-snippet:-1, max-image-preview:large, max-video-preview:-1\" \/>\n<meta property=\"og:locale\" content=\"pl_PL\" \/>\n<meta property=\"og:type\" content=\"article\" \/>\n<meta property=\"og:title\" content=\"Getac B360, wytrzyma\u0142y notebook, MIL-STD-810H, MIL-STD-461G, IP66, 13,3 cala, Windows 10 Pro\" \/>\n<meta property=\"og:description\" content=\"Poznaj wytrzyma\u0142y notebook Getac B360 tutaj. Jest przeznaczony do stosowania w warunkach ekstremalnych. Jest bardzo lekki!\" \/>\n<meta property=\"og:url\" content=\"https:\/\/alegerglobal.com\/pl\/shop-pl\/wytrzymaly-laptop\/getac-b360-2\/\" \/>\n<meta property=\"og:site_name\" content=\"ALEGER \u22c6 Augmented Reality\" \/>\n<meta property=\"og:image\" content=\"https:\/\/alegerglobal.com\/wp-content\/uploads\/2021\/01\/b360-slider1.png\" \/>\n\t<meta property=\"og:image:width\" content=\"1280\" \/>\n\t<meta property=\"og:image:height\" content=\"1280\" \/>\n\t<meta property=\"og:image:type\" content=\"image\/png\" \/>\n<meta name=\"twitter:card\" content=\"summary_large_image\" \/>\n<meta name=\"twitter:label1\" content=\"Cena\" \/>\n\t<meta name=\"twitter:data1\" content=\"&euro;3.480,99\" \/>\n\t<meta name=\"twitter:label2\" content=\"Dost\u0119pno\u015b\u0107\" \/>\n\t<meta name=\"twitter:data2\" content=\"Dost\u0119pny\" \/>\n<script type=\"application\/ld+json\" class=\"yoast-schema-graph\">{\"@context\":\"https:\/\/schema.org\",\"@graph\":[{\"@type\":\"WebPage\",\"@id\":\"https:\/\/alegerglobal.com\/pl\/shop-pl\/wytrzymaly-laptop\/getac-b360-2\/\",\"url\":\"https:\/\/alegerglobal.com\/pl\/shop-pl\/wytrzymaly-laptop\/getac-b360-2\/\",\"name\":\"Tutaj mo\u017cna uzyska\u0107 ALEGER \u22c6 Augmented Realitypliku Getac B360 ALEGER \u22c6 Augmented Reality\",\"isPartOf\":{\"@id\":\"https:\/\/alegerglobal.com\/pl\/#website\"},\"primaryImageOfPage\":{\"@id\":\"https:\/\/alegerglobal.com\/pl\/shop-pl\/wytrzymaly-laptop\/getac-b360-2\/#primaryimage\"},\"image\":{\"@id\":\"https:\/\/alegerglobal.com\/pl\/shop-pl\/wytrzymaly-laptop\/getac-b360-2\/#primaryimage\"},\"thumbnailUrl\":\"https:\/\/alegerglobal.com\/wp-content\/uploads\/2021\/01\/b360-slider1.png\",\"datePublished\":\"2022-05-17T07:14:48+00:00\",\"dateModified\":\"2022-05-17T07:14:48+00:00\",\"description\":\"Poznaj wytrzyma\u0142y notebook Getac B360 tutaj. Jest przeznaczony do stosowania w warunkach ekstremalnych. Jest bardzo lekki!\",\"breadcrumb\":{\"@id\":\"https:\/\/alegerglobal.com\/pl\/shop-pl\/wytrzymaly-laptop\/getac-b360-2\/#breadcrumb\"},\"inLanguage\":\"pl-PL\",\"potentialAction\":[{\"@type\":\"ReadAction\",\"target\":[\"https:\/\/alegerglobal.com\/pl\/shop-pl\/wytrzymaly-laptop\/getac-b360-2\/\"]}]},{\"@type\":\"ImageObject\",\"inLanguage\":\"pl-PL\",\"@id\":\"https:\/\/alegerglobal.com\/pl\/shop-pl\/wytrzymaly-laptop\/getac-b360-2\/#primaryimage\",\"url\":\"https:\/\/alegerglobal.com\/wp-content\/uploads\/2021\/01\/b360-slider1.png\",\"contentUrl\":\"https:\/\/alegerglobal.com\/wp-content\/uploads\/2021\/01\/b360-slider1.png\",\"width\":1280,\"height\":1280,\"caption\":\"Getac B360\"},{\"@type\":\"BreadcrumbList\",\"@id\":\"https:\/\/alegerglobal.com\/pl\/shop-pl\/wytrzymaly-laptop\/getac-b360-2\/#breadcrumb\",\"itemListElement\":[{\"@type\":\"ListItem\",\"position\":1,\"name\":\"Home\",\"item\":\"https:\/\/alegerglobal.com\/pl\/nowosc-strona-glowna\/\"},{\"@type\":\"ListItem\",\"position\":2,\"name\":\"Produkty\",\"item\":\"https:\/\/alegerglobal.com\/pl\/produkty\/\"},{\"@type\":\"ListItem\",\"position\":3,\"name\":\"Getac B360, wytrzyma\u0142y notebook, MIL-STD-810H, MIL-STD-461G, IP66, 13,3 cala, Windows 10 Pro\"}]},{\"@type\":\"WebSite\",\"@id\":\"https:\/\/alegerglobal.com\/pl\/#website\",\"url\":\"https:\/\/alegerglobal.com\/pl\/\",\"name\":\"ALEGER \u22c6 Augmented Reality\",\"description\":\"Die besten Augmented Reality (AR) L\u00f6sungen der Welt.\",\"publisher\":{\"@id\":\"https:\/\/alegerglobal.com\/pl\/#organization\"},\"potentialAction\":[{\"@type\":\"SearchAction\",\"target\":{\"@type\":\"EntryPoint\",\"urlTemplate\":\"https:\/\/alegerglobal.com\/pl\/?s={search_term_string}\"},\"query-input\":{\"@type\":\"PropertyValueSpecification\",\"valueRequired\":true,\"valueName\":\"search_term_string\"}}],\"inLanguage\":\"pl-PL\"},{\"@type\":\"Organization\",\"@id\":\"https:\/\/alegerglobal.com\/pl\/#organization\",\"name\":\"ALEGER \u22c6 Augmented Reality\",\"url\":\"https:\/\/alegerglobal.com\/pl\/\",\"logo\":{\"@type\":\"ImageObject\",\"inLanguage\":\"pl-PL\",\"@id\":\"https:\/\/alegerglobal.com\/pl\/#\/schema\/logo\/image\/\",\"url\":\"https:\/\/alegerglobal.com\/wp-content\/uploads\/2020\/12\/aleger-logo-quadrat.jpg\",\"contentUrl\":\"https:\/\/alegerglobal.com\/wp-content\/uploads\/2020\/12\/aleger-logo-quadrat.jpg\",\"width\":200,\"height\":176,\"caption\":\"ALEGER \u22c6 Augmented Reality\"},\"image\":{\"@id\":\"https:\/\/alegerglobal.com\/pl\/#\/schema\/logo\/image\/\"}}]}<\/script>\n<meta property=\"product:brand\" content=\"Getac\" \/>\n<meta property=\"product:price:amount\" content=\"3480.99\" \/>\n<meta property=\"product:price:currency\" content=\"EUR\" \/>\n<meta property=\"og:availability\" content=\"instock\" \/>\n<meta property=\"product:availability\" content=\"instock\" \/>\n<meta property=\"product:condition\" content=\"new\" \/>\n<!-- \/ Yoast SEO Premium plugin. -->","yoast_head_json":{"title":"Tutaj mo\u017cna uzyska\u0107 ALEGER \u22c6 Augmented Realitypliku Getac B360 ALEGER \u22c6 Augmented Reality","description":"Poznaj wytrzyma\u0142y notebook Getac B360 tutaj. Jest przeznaczony do stosowania w warunkach ekstremalnych. Jest bardzo lekki!","robots":{"index":"index","follow":"follow","max-snippet":"max-snippet:-1","max-image-preview":"max-image-preview:large","max-video-preview":"max-video-preview:-1"},"og_locale":"pl_PL","og_type":"article","og_title":"Getac B360, wytrzyma\u0142y notebook, MIL-STD-810H, MIL-STD-461G, IP66, 13,3 cala, Windows 10 Pro","og_description":"Poznaj wytrzyma\u0142y notebook Getac B360 tutaj. Jest przeznaczony do stosowania w warunkach ekstremalnych. Jest bardzo lekki!","og_url":"https:\/\/alegerglobal.com\/pl\/shop-pl\/wytrzymaly-laptop\/getac-b360-2\/","og_site_name":"ALEGER \u22c6 Augmented Reality","og_image":[{"width":1280,"height":1280,"url":"https:\/\/alegerglobal.com\/wp-content\/uploads\/2021\/01\/b360-slider1.png","type":"image\/png"}],"twitter_card":"summary_large_image","twitter_misc":{"Cena":"&euro;3.480,99","Dost\u0119pno\u015b\u0107":"Dost\u0119pny"},"schema":{"@context":"https:\/\/schema.org","@graph":[{"@type":"WebPage","@id":"https:\/\/alegerglobal.com\/pl\/shop-pl\/wytrzymaly-laptop\/getac-b360-2\/","url":"https:\/\/alegerglobal.com\/pl\/shop-pl\/wytrzymaly-laptop\/getac-b360-2\/","name":"Tutaj mo\u017cna uzyska\u0107 ALEGER \u22c6 Augmented Realitypliku Getac B360 ALEGER \u22c6 Augmented Reality","isPartOf":{"@id":"https:\/\/alegerglobal.com\/pl\/#website"},"primaryImageOfPage":{"@id":"https:\/\/alegerglobal.com\/pl\/shop-pl\/wytrzymaly-laptop\/getac-b360-2\/#primaryimage"},"image":{"@id":"https:\/\/alegerglobal.com\/pl\/shop-pl\/wytrzymaly-laptop\/getac-b360-2\/#primaryimage"},"thumbnailUrl":"https:\/\/alegerglobal.com\/wp-content\/uploads\/2021\/01\/b360-slider1.png","datePublished":"2022-05-17T07:14:48+00:00","dateModified":"2022-05-17T07:14:48+00:00","description":"Poznaj wytrzyma\u0142y notebook Getac B360 tutaj. Jest przeznaczony do stosowania w warunkach ekstremalnych. Jest bardzo lekki!","breadcrumb":{"@id":"https:\/\/alegerglobal.com\/pl\/shop-pl\/wytrzymaly-laptop\/getac-b360-2\/#breadcrumb"},"inLanguage":"pl-PL","potentialAction":[{"@type":"ReadAction","target":["https:\/\/alegerglobal.com\/pl\/shop-pl\/wytrzymaly-laptop\/getac-b360-2\/"]}]},{"@type":"ImageObject","inLanguage":"pl-PL","@id":"https:\/\/alegerglobal.com\/pl\/shop-pl\/wytrzymaly-laptop\/getac-b360-2\/#primaryimage","url":"https:\/\/alegerglobal.com\/wp-content\/uploads\/2021\/01\/b360-slider1.png","contentUrl":"https:\/\/alegerglobal.com\/wp-content\/uploads\/2021\/01\/b360-slider1.png","width":1280,"height":1280,"caption":"Getac B360"},{"@type":"BreadcrumbList","@id":"https:\/\/alegerglobal.com\/pl\/shop-pl\/wytrzymaly-laptop\/getac-b360-2\/#breadcrumb","itemListElement":[{"@type":"ListItem","position":1,"name":"Home","item":"https:\/\/alegerglobal.com\/pl\/nowosc-strona-glowna\/"},{"@type":"ListItem","position":2,"name":"Produkty","item":"https:\/\/alegerglobal.com\/pl\/produkty\/"},{"@type":"ListItem","position":3,"name":"Getac B360, wytrzyma\u0142y notebook, MIL-STD-810H, MIL-STD-461G, IP66, 13,3 cala, Windows 10 Pro"}]},{"@type":"WebSite","@id":"https:\/\/alegerglobal.com\/pl\/#website","url":"https:\/\/alegerglobal.com\/pl\/","name":"ALEGER \u22c6 Augmented Reality","description":"Die besten Augmented Reality (AR) L\u00f6sungen der Welt.","publisher":{"@id":"https:\/\/alegerglobal.com\/pl\/#organization"},"potentialAction":[{"@type":"SearchAction","target":{"@type":"EntryPoint","urlTemplate":"https:\/\/alegerglobal.com\/pl\/?s={search_term_string}"},"query-input":{"@type":"PropertyValueSpecification","valueRequired":true,"valueName":"search_term_string"}}],"inLanguage":"pl-PL"},{"@type":"Organization","@id":"https:\/\/alegerglobal.com\/pl\/#organization","name":"ALEGER \u22c6 Augmented Reality","url":"https:\/\/alegerglobal.com\/pl\/","logo":{"@type":"ImageObject","inLanguage":"pl-PL","@id":"https:\/\/alegerglobal.com\/pl\/#\/schema\/logo\/image\/","url":"https:\/\/alegerglobal.com\/wp-content\/uploads\/2020\/12\/aleger-logo-quadrat.jpg","contentUrl":"https:\/\/alegerglobal.com\/wp-content\/uploads\/2020\/12\/aleger-logo-quadrat.jpg","width":200,"height":176,"caption":"ALEGER \u22c6 Augmented Reality"},"image":{"@id":"https:\/\/alegerglobal.com\/pl\/#\/schema\/logo\/image\/"}}]},"product_brand":"Getac","product_price_amount":"3480.99","product_price_currency":"EUR","og_availability":"instock","product_availability":"instock","product_condition":"new"},"_links":{"self":[{"href":"https:\/\/alegerglobal.com\/pl\/wp-json\/wp\/v2\/product\/33758","targetHints":{"allow":["GET"]}}],"collection":[{"href":"https:\/\/alegerglobal.com\/pl\/wp-json\/wp\/v2\/product"}],"about":[{"href":"https:\/\/alegerglobal.com\/pl\/wp-json\/wp\/v2\/types\/product"}],"replies":[{"embeddable":true,"href":"https:\/\/alegerglobal.com\/pl\/wp-json\/wp\/v2\/comments?post=33758"}],"version-history":[{"count":0,"href":"https:\/\/alegerglobal.com\/pl\/wp-json\/wp\/v2\/product\/33758\/revisions"}],"wp:featuredmedia":[{"embeddable":true,"href":"https:\/\/alegerglobal.com\/pl\/wp-json\/wp\/v2\/media\/16031"}],"wp:attachment":[{"href":"https:\/\/alegerglobal.com\/pl\/wp-json\/wp\/v2\/media?parent=33758"}],"wp:term":[{"taxonomy":"product_brand","embeddable":true,"href":"https:\/\/alegerglobal.com\/pl\/wp-json\/wp\/v2\/product_brand?post=33758"},{"taxonomy":"product_cat","embeddable":true,"href":"https:\/\/alegerglobal.com\/pl\/wp-json\/wp\/v2\/product_cat?post=33758"},{"taxonomy":"product_tag","embeddable":true,"href":"https:\/\/alegerglobal.com\/pl\/wp-json\/wp\/v2\/product_tag?post=33758"}],"curies":[{"name":"wp","href":"https:\/\/api.w.org\/{rel}","templated":true}]}}