{"id":33755,"date":"2021-03-10T08:58:48","date_gmt":"2022-05-17T07:14:09","guid":{"rendered":"https:\/\/alegerglobal.com\/bez-kategorii\/panasonic-toughbook-n1-wytrzymaly-tablet-mil-std-810g-ip68-47-cala-android-9-skaner-kodow-kreskowych\/"},"modified":"2022-05-17T08:14:09","modified_gmt":"2022-05-17T07:14:09","slug":"panasonic-toughbook-n1-2","status":"publish","type":"product","link":"https:\/\/alegerglobal.com\/pl\/shop-pl\/panasonic-toughbook-n1-2\/","title":{"rendered":"Panasonic Toughbook N1, wytrzyma\u0142y tablet, MIL-STD 810G, IP68, 4,7 cala, Android 9, skaner kod\u00f3w kreskowych"},"content":{"rendered":"","protected":false},"excerpt":{"rendered":"<ul>\n<li aria-level=\"1\"><b>Wytrzyma\u0142y tablet w formacie podr\u0119cznym z certyfikatem MIL-STD 810G i IP68<\/b><\/li>\n<li aria-level=\"1\"><b>Widoczno\u015b\u0107 w ka\u017cdych warunkach o\u015bwietleniowych:<\/b><span style=\"font-weight: 400;\"> nieo\u015blepiaj\u0105cy wy\u015bwietlacz 4,7 cala o jasno\u015bci 500 cd\/m\u00b2 <\/span> <\/li>\n<li aria-level=\"1\"><b>Dokumentacja aplikacji z kamer\u0105: <\/b><span style=\"font-weight: 400;\">Z ty\u0142u znajduje si\u0119 aparat fotograficzny o rozdzielczo\u015bci 8 MP z lamp\u0105 b\u0142yskow\u0105 LED.<\/span><\/li>\n<li aria-level=\"1\"><b>Wygodna i elastyczna obs\u0142uga<\/b><span style=\"font-weight: 400;\">Wy\u015bwietlacz mo\u017cna obs\u0142ugiwa\u0107 w zwyk\u0142ych r\u0119kawicach i opcjonalnie za pomoc\u0105 rysika.<\/span><\/li>\n<li aria-level=\"1\"><b>Aktualny i bezpieczny system operacyjny:<\/b><span style=\"font-weight: 400;\"> Android 9, kompatybilny z systemem COMPASS 2.<\/span><\/li>\n<li aria-level=\"1\"><b>Odczyt danych bez dodatkowego urz\u0105dzenia:<\/b><span style=\"font-weight: 400;\"> zintegrowany skaner kod\u00f3w kreskowych<\/span><\/li>\n<li aria-level=\"1\"><b>Gwarancja 3 lata, z mo\u017cliwo\u015bci\u0105 przed\u0142u\u017cenia do 5 lat<\/b><\/li>\n<\/ul>\n<ul>\n<li style=\"list-style-type: none;\">\n<\/li>\n<\/ul>\n<p>&nbsp;<\/p>\n","protected":false},"featured_media":16324,"comment_status":"open","ping_status":"closed","template":"","meta":{"_acf_changed":false},"product_brand":[],"product_cat":[983,981],"product_tag":[],"class_list":{"0":"post-33755","1":"product","2":"type-product","3":"status-publish","4":"has-post-thumbnail","6":"product_cat-shop-pl","7":"product_cat-wytrzymaly-tablet","8":"pa_hersteller-panasonic-pl","10":"first","11":"instock","12":"taxable","13":"shipping-taxable","14":"purchasable","15":"product-type-simple"},"acf":[],"yoast_head":"<!-- This site is optimized with the Yoast SEO Premium plugin v20.10 (Yoast SEO v24.3) - https:\/\/yoast.com\/wordpress\/plugins\/seo\/ -->\n<title>Kup Panasonic Toughbook N1 tutaj - ALEGER \u22c6 Augmented Reality<\/title>\n<meta name=\"description\" content=\"Oto lekki i cienki tablet podr\u0119czny o przek\u0105tnej 4,7 cala! Bardzo wytrzyma\u0142y! Do stosowania w ka\u017cdych warunkach pogodowych!\" \/>\n<meta name=\"robots\" content=\"index, follow, max-snippet:-1, max-image-preview:large, max-video-preview:-1\" \/>\n<meta property=\"og:locale\" content=\"pl_PL\" \/>\n<meta property=\"og:type\" content=\"article\" \/>\n<meta property=\"og:title\" content=\"Panasonic Toughbook N1, wytrzyma\u0142y tablet, MIL-STD 810G, IP68, 4,7 cala, Android 9, skaner kod\u00f3w kreskowych\" \/>\n<meta property=\"og:description\" content=\"Oto lekki i cienki tablet podr\u0119czny o przek\u0105tnej 4,7 cala! Bardzo wytrzyma\u0142y! Do stosowania w ka\u017cdych warunkach pogodowych!\" \/>\n<meta property=\"og:url\" content=\"https:\/\/alegerglobal.com\/pl\/shop-pl\/panasonic-toughbook-n1-2\/\" \/>\n<meta property=\"og:site_name\" content=\"ALEGER \u22c6 Augmented Reality\" \/>\n<meta property=\"og:image\" content=\"https:\/\/alegerglobal.com\/wp-content\/uploads\/2021\/01\/Unbenannt-13.jpg\" \/>\n\t<meta property=\"og:image:width\" content=\"800\" \/>\n\t<meta property=\"og:image:height\" content=\"800\" \/>\n\t<meta property=\"og:image:type\" content=\"image\/jpeg\" \/>\n<meta name=\"twitter:card\" content=\"summary_large_image\" \/>\n<meta name=\"twitter:label1\" content=\"Cena\" \/>\n\t<meta name=\"twitter:data1\" content=\"&euro;2.065,99\" \/>\n\t<meta name=\"twitter:label2\" content=\"Dost\u0119pno\u015b\u0107\" \/>\n\t<meta name=\"twitter:data2\" content=\"Dost\u0119pny\" \/>\n<script type=\"application\/ld+json\" class=\"yoast-schema-graph\">{\"@context\":\"https:\/\/schema.org\",\"@graph\":[{\"@type\":\"WebPage\",\"@id\":\"https:\/\/alegerglobal.com\/pl\/shop-pl\/panasonic-toughbook-n1-2\/\",\"url\":\"https:\/\/alegerglobal.com\/pl\/shop-pl\/panasonic-toughbook-n1-2\/\",\"name\":\"Kup Panasonic Toughbook N1 tutaj - ALEGER \u22c6 Augmented Reality\",\"isPartOf\":{\"@id\":\"https:\/\/alegerglobal.com\/pl\/#website\"},\"primaryImageOfPage\":{\"@id\":\"https:\/\/alegerglobal.com\/pl\/shop-pl\/panasonic-toughbook-n1-2\/#primaryimage\"},\"image\":{\"@id\":\"https:\/\/alegerglobal.com\/pl\/shop-pl\/panasonic-toughbook-n1-2\/#primaryimage\"},\"thumbnailUrl\":\"https:\/\/alegerglobal.com\/wp-content\/uploads\/2021\/01\/Unbenannt-13.jpg\",\"datePublished\":\"2022-05-17T07:14:09+00:00\",\"dateModified\":\"2022-05-17T07:14:09+00:00\",\"description\":\"Oto lekki i cienki tablet podr\u0119czny o przek\u0105tnej 4,7 cala! Bardzo wytrzyma\u0142y! Do stosowania w ka\u017cdych warunkach pogodowych!\",\"breadcrumb\":{\"@id\":\"https:\/\/alegerglobal.com\/pl\/shop-pl\/panasonic-toughbook-n1-2\/#breadcrumb\"},\"inLanguage\":\"pl-PL\",\"potentialAction\":[{\"@type\":\"ReadAction\",\"target\":[\"https:\/\/alegerglobal.com\/pl\/shop-pl\/panasonic-toughbook-n1-2\/\"]}]},{\"@type\":\"ImageObject\",\"inLanguage\":\"pl-PL\",\"@id\":\"https:\/\/alegerglobal.com\/pl\/shop-pl\/panasonic-toughbook-n1-2\/#primaryimage\",\"url\":\"https:\/\/alegerglobal.com\/wp-content\/uploads\/2021\/01\/Unbenannt-13.jpg\",\"contentUrl\":\"https:\/\/alegerglobal.com\/wp-content\/uploads\/2021\/01\/Unbenannt-13.jpg\",\"width\":800,\"height\":800,\"caption\":\"Panasonic Toughbook N1\"},{\"@type\":\"BreadcrumbList\",\"@id\":\"https:\/\/alegerglobal.com\/pl\/shop-pl\/panasonic-toughbook-n1-2\/#breadcrumb\",\"itemListElement\":[{\"@type\":\"ListItem\",\"position\":1,\"name\":\"Home\",\"item\":\"https:\/\/alegerglobal.com\/pl\/nowosc-strona-glowna\/\"},{\"@type\":\"ListItem\",\"position\":2,\"name\":\"Produkty\",\"item\":\"https:\/\/alegerglobal.com\/pl\/produkty\/\"},{\"@type\":\"ListItem\",\"position\":3,\"name\":\"Panasonic Toughbook N1, wytrzyma\u0142y tablet, MIL-STD 810G, IP68, 4,7 cala, Android 9, skaner kod\u00f3w kreskowych\"}]},{\"@type\":\"WebSite\",\"@id\":\"https:\/\/alegerglobal.com\/pl\/#website\",\"url\":\"https:\/\/alegerglobal.com\/pl\/\",\"name\":\"ALEGER \u22c6 Augmented Reality\",\"description\":\"Die besten Augmented Reality (AR) L\u00f6sungen der Welt.\",\"publisher\":{\"@id\":\"https:\/\/alegerglobal.com\/pl\/#organization\"},\"potentialAction\":[{\"@type\":\"SearchAction\",\"target\":{\"@type\":\"EntryPoint\",\"urlTemplate\":\"https:\/\/alegerglobal.com\/pl\/?s={search_term_string}\"},\"query-input\":{\"@type\":\"PropertyValueSpecification\",\"valueRequired\":true,\"valueName\":\"search_term_string\"}}],\"inLanguage\":\"pl-PL\"},{\"@type\":\"Organization\",\"@id\":\"https:\/\/alegerglobal.com\/pl\/#organization\",\"name\":\"ALEGER \u22c6 Augmented Reality\",\"url\":\"https:\/\/alegerglobal.com\/pl\/\",\"logo\":{\"@type\":\"ImageObject\",\"inLanguage\":\"pl-PL\",\"@id\":\"https:\/\/alegerglobal.com\/pl\/#\/schema\/logo\/image\/\",\"url\":\"https:\/\/alegerglobal.com\/wp-content\/uploads\/2020\/12\/aleger-logo-quadrat.jpg\",\"contentUrl\":\"https:\/\/alegerglobal.com\/wp-content\/uploads\/2020\/12\/aleger-logo-quadrat.jpg\",\"width\":200,\"height\":176,\"caption\":\"ALEGER \u22c6 Augmented Reality\"},\"image\":{\"@id\":\"https:\/\/alegerglobal.com\/pl\/#\/schema\/logo\/image\/\"}}]}<\/script>\n<meta property=\"product:brand\" content=\"Panasonic\" \/>\n<meta property=\"product:price:amount\" content=\"2065.99\" \/>\n<meta property=\"product:price:currency\" content=\"EUR\" \/>\n<meta property=\"og:availability\" content=\"instock\" \/>\n<meta property=\"product:availability\" content=\"instock\" \/>\n<meta property=\"product:condition\" content=\"new\" \/>\n<!-- \/ Yoast SEO Premium plugin. -->","yoast_head_json":{"title":"Kup Panasonic Toughbook N1 tutaj - ALEGER \u22c6 Augmented Reality","description":"Oto lekki i cienki tablet podr\u0119czny o przek\u0105tnej 4,7 cala! Bardzo wytrzyma\u0142y! Do stosowania w ka\u017cdych warunkach pogodowych!","robots":{"index":"index","follow":"follow","max-snippet":"max-snippet:-1","max-image-preview":"max-image-preview:large","max-video-preview":"max-video-preview:-1"},"og_locale":"pl_PL","og_type":"article","og_title":"Panasonic Toughbook N1, wytrzyma\u0142y tablet, MIL-STD 810G, IP68, 4,7 cala, Android 9, skaner kod\u00f3w kreskowych","og_description":"Oto lekki i cienki tablet podr\u0119czny o przek\u0105tnej 4,7 cala! Bardzo wytrzyma\u0142y! Do stosowania w ka\u017cdych warunkach pogodowych!","og_url":"https:\/\/alegerglobal.com\/pl\/shop-pl\/panasonic-toughbook-n1-2\/","og_site_name":"ALEGER \u22c6 Augmented Reality","og_image":[{"width":800,"height":800,"url":"https:\/\/alegerglobal.com\/wp-content\/uploads\/2021\/01\/Unbenannt-13.jpg","type":"image\/jpeg"}],"twitter_card":"summary_large_image","twitter_misc":{"Cena":"&euro;2.065,99","Dost\u0119pno\u015b\u0107":"Dost\u0119pny"},"schema":{"@context":"https:\/\/schema.org","@graph":[{"@type":"WebPage","@id":"https:\/\/alegerglobal.com\/pl\/shop-pl\/panasonic-toughbook-n1-2\/","url":"https:\/\/alegerglobal.com\/pl\/shop-pl\/panasonic-toughbook-n1-2\/","name":"Kup Panasonic Toughbook N1 tutaj - ALEGER \u22c6 Augmented Reality","isPartOf":{"@id":"https:\/\/alegerglobal.com\/pl\/#website"},"primaryImageOfPage":{"@id":"https:\/\/alegerglobal.com\/pl\/shop-pl\/panasonic-toughbook-n1-2\/#primaryimage"},"image":{"@id":"https:\/\/alegerglobal.com\/pl\/shop-pl\/panasonic-toughbook-n1-2\/#primaryimage"},"thumbnailUrl":"https:\/\/alegerglobal.com\/wp-content\/uploads\/2021\/01\/Unbenannt-13.jpg","datePublished":"2022-05-17T07:14:09+00:00","dateModified":"2022-05-17T07:14:09+00:00","description":"Oto lekki i cienki tablet podr\u0119czny o przek\u0105tnej 4,7 cala! Bardzo wytrzyma\u0142y! Do stosowania w ka\u017cdych warunkach pogodowych!","breadcrumb":{"@id":"https:\/\/alegerglobal.com\/pl\/shop-pl\/panasonic-toughbook-n1-2\/#breadcrumb"},"inLanguage":"pl-PL","potentialAction":[{"@type":"ReadAction","target":["https:\/\/alegerglobal.com\/pl\/shop-pl\/panasonic-toughbook-n1-2\/"]}]},{"@type":"ImageObject","inLanguage":"pl-PL","@id":"https:\/\/alegerglobal.com\/pl\/shop-pl\/panasonic-toughbook-n1-2\/#primaryimage","url":"https:\/\/alegerglobal.com\/wp-content\/uploads\/2021\/01\/Unbenannt-13.jpg","contentUrl":"https:\/\/alegerglobal.com\/wp-content\/uploads\/2021\/01\/Unbenannt-13.jpg","width":800,"height":800,"caption":"Panasonic Toughbook N1"},{"@type":"BreadcrumbList","@id":"https:\/\/alegerglobal.com\/pl\/shop-pl\/panasonic-toughbook-n1-2\/#breadcrumb","itemListElement":[{"@type":"ListItem","position":1,"name":"Home","item":"https:\/\/alegerglobal.com\/pl\/nowosc-strona-glowna\/"},{"@type":"ListItem","position":2,"name":"Produkty","item":"https:\/\/alegerglobal.com\/pl\/produkty\/"},{"@type":"ListItem","position":3,"name":"Panasonic Toughbook N1, wytrzyma\u0142y tablet, MIL-STD 810G, IP68, 4,7 cala, Android 9, skaner kod\u00f3w kreskowych"}]},{"@type":"WebSite","@id":"https:\/\/alegerglobal.com\/pl\/#website","url":"https:\/\/alegerglobal.com\/pl\/","name":"ALEGER \u22c6 Augmented Reality","description":"Die besten Augmented Reality (AR) L\u00f6sungen der Welt.","publisher":{"@id":"https:\/\/alegerglobal.com\/pl\/#organization"},"potentialAction":[{"@type":"SearchAction","target":{"@type":"EntryPoint","urlTemplate":"https:\/\/alegerglobal.com\/pl\/?s={search_term_string}"},"query-input":{"@type":"PropertyValueSpecification","valueRequired":true,"valueName":"search_term_string"}}],"inLanguage":"pl-PL"},{"@type":"Organization","@id":"https:\/\/alegerglobal.com\/pl\/#organization","name":"ALEGER \u22c6 Augmented Reality","url":"https:\/\/alegerglobal.com\/pl\/","logo":{"@type":"ImageObject","inLanguage":"pl-PL","@id":"https:\/\/alegerglobal.com\/pl\/#\/schema\/logo\/image\/","url":"https:\/\/alegerglobal.com\/wp-content\/uploads\/2020\/12\/aleger-logo-quadrat.jpg","contentUrl":"https:\/\/alegerglobal.com\/wp-content\/uploads\/2020\/12\/aleger-logo-quadrat.jpg","width":200,"height":176,"caption":"ALEGER \u22c6 Augmented Reality"},"image":{"@id":"https:\/\/alegerglobal.com\/pl\/#\/schema\/logo\/image\/"}}]},"product_brand":"Panasonic","product_price_amount":"2065.99","product_price_currency":"EUR","og_availability":"instock","product_availability":"instock","product_condition":"new"},"_links":{"self":[{"href":"https:\/\/alegerglobal.com\/pl\/wp-json\/wp\/v2\/product\/33755","targetHints":{"allow":["GET"]}}],"collection":[{"href":"https:\/\/alegerglobal.com\/pl\/wp-json\/wp\/v2\/product"}],"about":[{"href":"https:\/\/alegerglobal.com\/pl\/wp-json\/wp\/v2\/types\/product"}],"replies":[{"embeddable":true,"href":"https:\/\/alegerglobal.com\/pl\/wp-json\/wp\/v2\/comments?post=33755"}],"version-history":[{"count":0,"href":"https:\/\/alegerglobal.com\/pl\/wp-json\/wp\/v2\/product\/33755\/revisions"}],"wp:featuredmedia":[{"embeddable":true,"href":"https:\/\/alegerglobal.com\/pl\/wp-json\/wp\/v2\/media\/16324"}],"wp:attachment":[{"href":"https:\/\/alegerglobal.com\/pl\/wp-json\/wp\/v2\/media?parent=33755"}],"wp:term":[{"taxonomy":"product_brand","embeddable":true,"href":"https:\/\/alegerglobal.com\/pl\/wp-json\/wp\/v2\/product_brand?post=33755"},{"taxonomy":"product_cat","embeddable":true,"href":"https:\/\/alegerglobal.com\/pl\/wp-json\/wp\/v2\/product_cat?post=33755"},{"taxonomy":"product_tag","embeddable":true,"href":"https:\/\/alegerglobal.com\/pl\/wp-json\/wp\/v2\/product_tag?post=33755"}],"curies":[{"name":"wp","href":"https:\/\/api.w.org\/{rel}","templated":true}]}}