{"id":33754,"date":"2021-03-10T08:31:24","date_gmt":"2022-05-17T07:14:09","guid":{"rendered":"https:\/\/alegerglobal.com\/bez-kategorii\/getac-x500-server-wytrzymaly-notebook-mil-std-810h-ip65-156-cala-raid-5-windows-server-2016\/"},"modified":"2022-05-17T08:14:09","modified_gmt":"2022-05-17T07:14:09","slug":"serwer-getac-x500","status":"publish","type":"product","link":"https:\/\/alegerglobal.com\/pl\/shop-pl\/wytrzymaly-laptop\/serwer-getac-x500\/","title":{"rendered":"GETAC X500 SERVER, wytrzyma\u0142y notebook, MIL-STD-810H, IP65, 15,6 cala, RAID 5, Windows Server 2016"},"content":{"rendered":"","protected":false},"excerpt":{"rendered":"<p>&nbsp;<\/p>\n<ul>\n<li aria-level=\"1\"><b>Wytrzyma\u0142y notebook z certyfikatem IP65 MIL-STD-810H i MIL-STD-461G oraz weryfikacj\u0105 IP65<\/b><\/li>\n<li aria-level=\"1\"><b>Szybki sprz\u0119t: <\/b><span style=\"font-weight: 400;\">Procesor Intel Xeon, GTX 1050, 32 GB RAM.<\/span><\/li>\n<li aria-level=\"1\"><b>Mo\u017cliwo\u015b\u0107 dostosowania do potrzeb u\u017cytkownika: <\/b><span style=\"font-weight: 400;\">Szybszy procesor, do 64 GB pami\u0119ci, zewn\u0119trzna karta graficzna i do 5 dysk\u00f3w twardych o pojemno\u015bci do 1 TB w macierzy RAID5.<\/span><\/li>\n<li aria-level=\"1\"><b>Du\u017cy wy\u015bwietlacz o wysokiej rozdzielczo\u015bci: <\/b><span style=\"font-weight: 400;\">Wy\u015bwietlacz o przek\u0105tnej 15,6 cala (ok. 40 cm), rozdzielczo\u015bci 1920 x 1080 px i jasno\u015bci 1000 nit\u00f3w<\/span><\/li>\n<li aria-level=\"1\"><b>Elastyczne po\u0142\u0105czenia: <\/b><span style=\"font-weight: 400;\">Dwa porty szeregowe do pod\u0142\u0105czania urz\u0105dze\u0144 zewn\u0119trznych<\/span><\/li>\n<li aria-level=\"1\"><b>Akumulator 8700 mAh zapewniaj\u0105cy 20 godzin pracy<\/b><\/li>\n<li aria-level=\"1\"><b>Zawsze b\u0105d\u017a w kontakcie:<\/b><span style=\"font-weight: 400;\"> Dwa porty Ethernet<\/span><\/li>\n<li aria-level=\"1\"><b>D\u0142uga gwarancja: 5 lat gwarancji <\/b>od zderzaka do zderzaka<\/li>\n<\/ul>\n","protected":false},"featured_media":16045,"comment_status":"open","ping_status":"closed","template":"","meta":{"_acf_changed":false},"product_brand":[],"product_cat":[983,1020],"product_tag":[],"class_list":{"0":"post-33754","1":"product","2":"type-product","3":"status-publish","4":"has-post-thumbnail","6":"product_cat-shop-pl","7":"product_cat-wytrzymaly-laptop","8":"pa_hersteller-getac-pl","10":"first","11":"instock","12":"taxable","13":"shipping-taxable","14":"purchasable","15":"product-type-simple"},"acf":[],"yoast_head":"<!-- This site is optimized with the Yoast SEO Premium plugin v20.10 (Yoast SEO v24.3) - https:\/\/yoast.com\/wordpress\/plugins\/seo\/ -->\n<title>Kup GETAC X500 SERVER (2022) - ALEGER \u22c6 Augmented Reality<\/title>\n<meta name=\"description\" content=\"Odkryj wytrzyma\u0142y laptop X500 tutaj! Dzi\u0119ki modelowi X500 firma Getac oferuje mobilny serwer przeznaczony do pracy w niekorzystnych warunkach.\" \/>\n<meta name=\"robots\" content=\"index, follow, max-snippet:-1, max-image-preview:large, max-video-preview:-1\" \/>\n<meta property=\"og:locale\" content=\"pl_PL\" \/>\n<meta property=\"og:type\" content=\"article\" \/>\n<meta property=\"og:title\" content=\"GETAC X500 SERVER, wytrzyma\u0142y notebook, MIL-STD-810H, IP65, 15,6 cala, RAID 5, Windows Server 2016\" \/>\n<meta property=\"og:description\" content=\"Odkryj wytrzyma\u0142y laptop X500 tutaj! Dzi\u0119ki modelowi X500 firma Getac oferuje mobilny serwer przeznaczony do pracy w niekorzystnych warunkach.\" \/>\n<meta property=\"og:url\" content=\"https:\/\/alegerglobal.com\/pl\/shop-pl\/wytrzymaly-laptop\/serwer-getac-x500\/\" \/>\n<meta property=\"og:site_name\" content=\"ALEGER \u22c6 Augmented Reality\" \/>\n<meta property=\"og:image\" content=\"https:\/\/alegerglobal.com\/wp-content\/uploads\/2021\/01\/x500-server_1-1.png\" \/>\n\t<meta property=\"og:image:width\" content=\"1280\" \/>\n\t<meta property=\"og:image:height\" content=\"1280\" \/>\n\t<meta property=\"og:image:type\" content=\"image\/png\" \/>\n<meta name=\"twitter:card\" content=\"summary_large_image\" \/>\n<meta name=\"twitter:label1\" content=\"Cena\" \/>\n\t<meta name=\"twitter:data1\" content=\"&euro;9.180,99\" \/>\n\t<meta name=\"twitter:label2\" content=\"Dost\u0119pno\u015b\u0107\" \/>\n\t<meta name=\"twitter:data2\" content=\"Dost\u0119pny\" \/>\n<script type=\"application\/ld+json\" class=\"yoast-schema-graph\">{\"@context\":\"https:\/\/schema.org\",\"@graph\":[{\"@type\":\"WebPage\",\"@id\":\"https:\/\/alegerglobal.com\/pl\/shop-pl\/wytrzymaly-laptop\/serwer-getac-x500\/\",\"url\":\"https:\/\/alegerglobal.com\/pl\/shop-pl\/wytrzymaly-laptop\/serwer-getac-x500\/\",\"name\":\"Kup GETAC X500 SERVER (2022) - ALEGER \u22c6 Augmented Reality\",\"isPartOf\":{\"@id\":\"https:\/\/alegerglobal.com\/pl\/#website\"},\"primaryImageOfPage\":{\"@id\":\"https:\/\/alegerglobal.com\/pl\/shop-pl\/wytrzymaly-laptop\/serwer-getac-x500\/#primaryimage\"},\"image\":{\"@id\":\"https:\/\/alegerglobal.com\/pl\/shop-pl\/wytrzymaly-laptop\/serwer-getac-x500\/#primaryimage\"},\"thumbnailUrl\":\"https:\/\/alegerglobal.com\/wp-content\/uploads\/2021\/01\/x500-server_1-1.png\",\"datePublished\":\"2022-05-17T07:14:09+00:00\",\"dateModified\":\"2022-05-17T07:14:09+00:00\",\"description\":\"Odkryj wytrzyma\u0142y laptop X500 tutaj! Dzi\u0119ki modelowi X500 firma Getac oferuje mobilny serwer przeznaczony do pracy w niekorzystnych warunkach.\",\"breadcrumb\":{\"@id\":\"https:\/\/alegerglobal.com\/pl\/shop-pl\/wytrzymaly-laptop\/serwer-getac-x500\/#breadcrumb\"},\"inLanguage\":\"pl-PL\",\"potentialAction\":[{\"@type\":\"ReadAction\",\"target\":[\"https:\/\/alegerglobal.com\/pl\/shop-pl\/wytrzymaly-laptop\/serwer-getac-x500\/\"]}]},{\"@type\":\"ImageObject\",\"inLanguage\":\"pl-PL\",\"@id\":\"https:\/\/alegerglobal.com\/pl\/shop-pl\/wytrzymaly-laptop\/serwer-getac-x500\/#primaryimage\",\"url\":\"https:\/\/alegerglobal.com\/wp-content\/uploads\/2021\/01\/x500-server_1-1.png\",\"contentUrl\":\"https:\/\/alegerglobal.com\/wp-content\/uploads\/2021\/01\/x500-server_1-1.png\",\"width\":1280,\"height\":1280,\"caption\":\"SERWER GETAC X500\"},{\"@type\":\"BreadcrumbList\",\"@id\":\"https:\/\/alegerglobal.com\/pl\/shop-pl\/wytrzymaly-laptop\/serwer-getac-x500\/#breadcrumb\",\"itemListElement\":[{\"@type\":\"ListItem\",\"position\":1,\"name\":\"Home\",\"item\":\"https:\/\/alegerglobal.com\/pl\/nowosc-strona-glowna\/\"},{\"@type\":\"ListItem\",\"position\":2,\"name\":\"Produkty\",\"item\":\"https:\/\/alegerglobal.com\/pl\/produkty\/\"},{\"@type\":\"ListItem\",\"position\":3,\"name\":\"GETAC X500 SERVER, wytrzyma\u0142y notebook, MIL-STD-810H, IP65, 15,6 cala, RAID 5, Windows Server 2016\"}]},{\"@type\":\"WebSite\",\"@id\":\"https:\/\/alegerglobal.com\/pl\/#website\",\"url\":\"https:\/\/alegerglobal.com\/pl\/\",\"name\":\"ALEGER \u22c6 Augmented Reality\",\"description\":\"Die besten Augmented Reality (AR) L\u00f6sungen der Welt.\",\"publisher\":{\"@id\":\"https:\/\/alegerglobal.com\/pl\/#organization\"},\"potentialAction\":[{\"@type\":\"SearchAction\",\"target\":{\"@type\":\"EntryPoint\",\"urlTemplate\":\"https:\/\/alegerglobal.com\/pl\/?s={search_term_string}\"},\"query-input\":{\"@type\":\"PropertyValueSpecification\",\"valueRequired\":true,\"valueName\":\"search_term_string\"}}],\"inLanguage\":\"pl-PL\"},{\"@type\":\"Organization\",\"@id\":\"https:\/\/alegerglobal.com\/pl\/#organization\",\"name\":\"ALEGER \u22c6 Augmented Reality\",\"url\":\"https:\/\/alegerglobal.com\/pl\/\",\"logo\":{\"@type\":\"ImageObject\",\"inLanguage\":\"pl-PL\",\"@id\":\"https:\/\/alegerglobal.com\/pl\/#\/schema\/logo\/image\/\",\"url\":\"https:\/\/alegerglobal.com\/wp-content\/uploads\/2020\/12\/aleger-logo-quadrat.jpg\",\"contentUrl\":\"https:\/\/alegerglobal.com\/wp-content\/uploads\/2020\/12\/aleger-logo-quadrat.jpg\",\"width\":200,\"height\":176,\"caption\":\"ALEGER \u22c6 Augmented Reality\"},\"image\":{\"@id\":\"https:\/\/alegerglobal.com\/pl\/#\/schema\/logo\/image\/\"}}]}<\/script>\n<meta property=\"product:brand\" content=\"Getac\" \/>\n<meta property=\"product:price:amount\" content=\"9180.99\" \/>\n<meta property=\"product:price:currency\" content=\"EUR\" \/>\n<meta property=\"og:availability\" content=\"instock\" \/>\n<meta property=\"product:availability\" content=\"instock\" \/>\n<meta property=\"product:condition\" content=\"new\" \/>\n<!-- \/ Yoast SEO Premium plugin. -->","yoast_head_json":{"title":"Kup GETAC X500 SERVER (2022) - ALEGER \u22c6 Augmented Reality","description":"Odkryj wytrzyma\u0142y laptop X500 tutaj! Dzi\u0119ki modelowi X500 firma Getac oferuje mobilny serwer przeznaczony do pracy w niekorzystnych warunkach.","robots":{"index":"index","follow":"follow","max-snippet":"max-snippet:-1","max-image-preview":"max-image-preview:large","max-video-preview":"max-video-preview:-1"},"og_locale":"pl_PL","og_type":"article","og_title":"GETAC X500 SERVER, wytrzyma\u0142y notebook, MIL-STD-810H, IP65, 15,6 cala, RAID 5, Windows Server 2016","og_description":"Odkryj wytrzyma\u0142y laptop X500 tutaj! Dzi\u0119ki modelowi X500 firma Getac oferuje mobilny serwer przeznaczony do pracy w niekorzystnych warunkach.","og_url":"https:\/\/alegerglobal.com\/pl\/shop-pl\/wytrzymaly-laptop\/serwer-getac-x500\/","og_site_name":"ALEGER \u22c6 Augmented Reality","og_image":[{"width":1280,"height":1280,"url":"https:\/\/alegerglobal.com\/wp-content\/uploads\/2021\/01\/x500-server_1-1.png","type":"image\/png"}],"twitter_card":"summary_large_image","twitter_misc":{"Cena":"&euro;9.180,99","Dost\u0119pno\u015b\u0107":"Dost\u0119pny"},"schema":{"@context":"https:\/\/schema.org","@graph":[{"@type":"WebPage","@id":"https:\/\/alegerglobal.com\/pl\/shop-pl\/wytrzymaly-laptop\/serwer-getac-x500\/","url":"https:\/\/alegerglobal.com\/pl\/shop-pl\/wytrzymaly-laptop\/serwer-getac-x500\/","name":"Kup GETAC X500 SERVER (2022) - ALEGER \u22c6 Augmented Reality","isPartOf":{"@id":"https:\/\/alegerglobal.com\/pl\/#website"},"primaryImageOfPage":{"@id":"https:\/\/alegerglobal.com\/pl\/shop-pl\/wytrzymaly-laptop\/serwer-getac-x500\/#primaryimage"},"image":{"@id":"https:\/\/alegerglobal.com\/pl\/shop-pl\/wytrzymaly-laptop\/serwer-getac-x500\/#primaryimage"},"thumbnailUrl":"https:\/\/alegerglobal.com\/wp-content\/uploads\/2021\/01\/x500-server_1-1.png","datePublished":"2022-05-17T07:14:09+00:00","dateModified":"2022-05-17T07:14:09+00:00","description":"Odkryj wytrzyma\u0142y laptop X500 tutaj! Dzi\u0119ki modelowi X500 firma Getac oferuje mobilny serwer przeznaczony do pracy w niekorzystnych warunkach.","breadcrumb":{"@id":"https:\/\/alegerglobal.com\/pl\/shop-pl\/wytrzymaly-laptop\/serwer-getac-x500\/#breadcrumb"},"inLanguage":"pl-PL","potentialAction":[{"@type":"ReadAction","target":["https:\/\/alegerglobal.com\/pl\/shop-pl\/wytrzymaly-laptop\/serwer-getac-x500\/"]}]},{"@type":"ImageObject","inLanguage":"pl-PL","@id":"https:\/\/alegerglobal.com\/pl\/shop-pl\/wytrzymaly-laptop\/serwer-getac-x500\/#primaryimage","url":"https:\/\/alegerglobal.com\/wp-content\/uploads\/2021\/01\/x500-server_1-1.png","contentUrl":"https:\/\/alegerglobal.com\/wp-content\/uploads\/2021\/01\/x500-server_1-1.png","width":1280,"height":1280,"caption":"SERWER GETAC X500"},{"@type":"BreadcrumbList","@id":"https:\/\/alegerglobal.com\/pl\/shop-pl\/wytrzymaly-laptop\/serwer-getac-x500\/#breadcrumb","itemListElement":[{"@type":"ListItem","position":1,"name":"Home","item":"https:\/\/alegerglobal.com\/pl\/nowosc-strona-glowna\/"},{"@type":"ListItem","position":2,"name":"Produkty","item":"https:\/\/alegerglobal.com\/pl\/produkty\/"},{"@type":"ListItem","position":3,"name":"GETAC X500 SERVER, wytrzyma\u0142y notebook, MIL-STD-810H, IP65, 15,6 cala, RAID 5, Windows Server 2016"}]},{"@type":"WebSite","@id":"https:\/\/alegerglobal.com\/pl\/#website","url":"https:\/\/alegerglobal.com\/pl\/","name":"ALEGER \u22c6 Augmented Reality","description":"Die besten Augmented Reality (AR) L\u00f6sungen der Welt.","publisher":{"@id":"https:\/\/alegerglobal.com\/pl\/#organization"},"potentialAction":[{"@type":"SearchAction","target":{"@type":"EntryPoint","urlTemplate":"https:\/\/alegerglobal.com\/pl\/?s={search_term_string}"},"query-input":{"@type":"PropertyValueSpecification","valueRequired":true,"valueName":"search_term_string"}}],"inLanguage":"pl-PL"},{"@type":"Organization","@id":"https:\/\/alegerglobal.com\/pl\/#organization","name":"ALEGER \u22c6 Augmented Reality","url":"https:\/\/alegerglobal.com\/pl\/","logo":{"@type":"ImageObject","inLanguage":"pl-PL","@id":"https:\/\/alegerglobal.com\/pl\/#\/schema\/logo\/image\/","url":"https:\/\/alegerglobal.com\/wp-content\/uploads\/2020\/12\/aleger-logo-quadrat.jpg","contentUrl":"https:\/\/alegerglobal.com\/wp-content\/uploads\/2020\/12\/aleger-logo-quadrat.jpg","width":200,"height":176,"caption":"ALEGER \u22c6 Augmented Reality"},"image":{"@id":"https:\/\/alegerglobal.com\/pl\/#\/schema\/logo\/image\/"}}]},"product_brand":"Getac","product_price_amount":"9180.99","product_price_currency":"EUR","og_availability":"instock","product_availability":"instock","product_condition":"new"},"_links":{"self":[{"href":"https:\/\/alegerglobal.com\/pl\/wp-json\/wp\/v2\/product\/33754","targetHints":{"allow":["GET"]}}],"collection":[{"href":"https:\/\/alegerglobal.com\/pl\/wp-json\/wp\/v2\/product"}],"about":[{"href":"https:\/\/alegerglobal.com\/pl\/wp-json\/wp\/v2\/types\/product"}],"replies":[{"embeddable":true,"href":"https:\/\/alegerglobal.com\/pl\/wp-json\/wp\/v2\/comments?post=33754"}],"version-history":[{"count":0,"href":"https:\/\/alegerglobal.com\/pl\/wp-json\/wp\/v2\/product\/33754\/revisions"}],"wp:featuredmedia":[{"embeddable":true,"href":"https:\/\/alegerglobal.com\/pl\/wp-json\/wp\/v2\/media\/16045"}],"wp:attachment":[{"href":"https:\/\/alegerglobal.com\/pl\/wp-json\/wp\/v2\/media?parent=33754"}],"wp:term":[{"taxonomy":"product_brand","embeddable":true,"href":"https:\/\/alegerglobal.com\/pl\/wp-json\/wp\/v2\/product_brand?post=33754"},{"taxonomy":"product_cat","embeddable":true,"href":"https:\/\/alegerglobal.com\/pl\/wp-json\/wp\/v2\/product_cat?post=33754"},{"taxonomy":"product_tag","embeddable":true,"href":"https:\/\/alegerglobal.com\/pl\/wp-json\/wp\/v2\/product_tag?post=33754"}],"curies":[{"name":"wp","href":"https:\/\/api.w.org\/{rel}","templated":true}]}}