{"id":33751,"date":"2021-03-10T09:00:59","date_gmt":"2022-05-17T07:14:06","guid":{"rendered":"https:\/\/alegerglobal.com\/bez-kategorii\/panasonic-toughbook-a3-wytrzymaly-tablet-mil-std-810g-101-cala-android-9-3-lata-gwarancji\/"},"modified":"2022-05-17T08:14:06","modified_gmt":"2022-05-17T07:14:06","slug":"twarda-ksiazka-a3","status":"publish","type":"product","link":"https:\/\/alegerglobal.com\/pl\/shop-pl\/twarda-ksiazka-a3\/","title":{"rendered":"Panasonic Toughbook A3, wytrzyma\u0142y tablet, MIL-STD-810G, 10,1 cala, Android 9, 3 lata gwarancji"},"content":{"rendered":"","protected":false},"excerpt":{"rendered":"<ul>\n<li aria-level=\"1\"><b>Wytrzyma\u0142y tablet z certyfikatem MIL-STD-810 G i IP65<\/b><\/li>\n<li aria-level=\"1\"><b>Wygodna praca:<\/b><span style=\"font-weight: 400;\"> Ekran o przek\u0105tnej 10,1 cala umo\u017cliwiaj\u0105cy prac\u0119 w ka\u017cdych warunkach o\u015bwietleniowych<\/span><\/li>\n<li aria-level=\"1\"><b>Mo\u017cna u\u017cywa\u0107 przy ka\u017cdej pogodzie:<\/b><span style=\"font-weight: 400;\"> Certyfikat IP65 i odporno\u015b\u0107 na upadek z wysoko\u015bci do 1,5 metra<\/span><\/li>\n<li aria-level=\"1\"><b>Aktualne oprogramowanie:<\/b><span style=\"font-weight: 400;\"> System operacyjny Android 9 i kompatybilny z COMPASS 2.0<\/span><\/li>\n<li aria-level=\"1\"><b>Elastyczne pod\u0142\u0105czanie urz\u0105dze\u0144:<\/b><span style=\"font-weight: 400;\"> Dowolnie konfigurowalny port z opcj\u0105 legacy<\/span><\/li>\n<li aria-level=\"1\"><b>D\u0142ugi czas u\u017cytkowania bez konieczno\u015bci \u0142adowania:<\/b><span style=\"font-weight: 400;\"> Bateria o czasie pracy 9 godzin, z dodatkow\u0105 bateri\u0105 15,5 godziny pracy<\/span><\/li>\n<li aria-level=\"1\"><b>D\u0142ugotrwa\u0142e wsparcie: 3-letnia <\/b>gwarancja, kt\u00f3r\u0105 w razie potrzeby mo\u017cna przed\u0142u\u017cy\u0107 do 5 lat<\/li>\n<\/ul>\n","protected":false},"featured_media":16976,"comment_status":"open","ping_status":"closed","template":"","meta":{"_acf_changed":false},"product_brand":[],"product_cat":[983,981],"product_tag":[],"class_list":{"0":"post-33751","1":"product","2":"type-product","3":"status-publish","4":"has-post-thumbnail","6":"product_cat-shop-pl","7":"product_cat-wytrzymaly-tablet","8":"pa_hersteller-panasonic-pl","10":"first","11":"instock","12":"taxable","13":"shipping-taxable","14":"product-type-simple"},"acf":[],"yoast_head":"<!-- This site is optimized with the Yoast SEO Premium plugin v20.10 (Yoast SEO v24.3) - https:\/\/yoast.com\/wordpress\/plugins\/seo\/ -->\n<title>Kupno Panasonic Toughbook A3 - ALEGER \u22c6 Augmented Reality<\/title>\n<meta name=\"description\" content=\"Dzi\u0119ki tabletowi Panasonic Toughbook A3 na rynku pojawi\u0142 si\u0119 tablet, kt\u00f3ry spe\u0142nia z\u0142o\u017cone wymagania przemys\u0142u\" \/>\n<meta name=\"robots\" content=\"index, follow, max-snippet:-1, max-image-preview:large, max-video-preview:-1\" \/>\n<meta property=\"og:locale\" content=\"pl_PL\" \/>\n<meta property=\"og:type\" content=\"article\" \/>\n<meta property=\"og:title\" content=\"Panasonic Toughbook A3, wytrzyma\u0142y tablet, MIL-STD-810G, 10,1 cala, Android 9, 3 lata gwarancji\" \/>\n<meta property=\"og:description\" content=\"Dzi\u0119ki tabletowi Panasonic Toughbook A3 na rynku pojawi\u0142 si\u0119 tablet, kt\u00f3ry spe\u0142nia z\u0142o\u017cone wymagania przemys\u0142u\" \/>\n<meta property=\"og:url\" content=\"https:\/\/alegerglobal.com\/pl\/shop-pl\/twarda-ksiazka-a3\/\" \/>\n<meta property=\"og:site_name\" content=\"ALEGER \u22c6 Augmented Reality\" \/>\n<meta property=\"og:image\" content=\"https:\/\/alegerglobal.com\/wp-content\/uploads\/2022\/01\/Unbenannt-31.jpg\" \/>\n\t<meta property=\"og:image:width\" content=\"800\" \/>\n\t<meta property=\"og:image:height\" content=\"800\" \/>\n\t<meta property=\"og:image:type\" content=\"image\/jpeg\" \/>\n<meta name=\"twitter:card\" content=\"summary_large_image\" \/>\n<meta name=\"twitter:label1\" content=\"Cena\" \/>\n\t<meta name=\"twitter:data1\" content=\"\" \/>\n\t<meta name=\"twitter:label2\" content=\"Dost\u0119pno\u015b\u0107\" \/>\n\t<meta name=\"twitter:data2\" content=\"Dost\u0119pny\" \/>\n<script type=\"application\/ld+json\" class=\"yoast-schema-graph\">{\"@context\":\"https:\/\/schema.org\",\"@graph\":[{\"@type\":\"WebPage\",\"@id\":\"https:\/\/alegerglobal.com\/pl\/shop-pl\/twarda-ksiazka-a3\/\",\"url\":\"https:\/\/alegerglobal.com\/pl\/shop-pl\/twarda-ksiazka-a3\/\",\"name\":\"Kupno Panasonic Toughbook A3 - ALEGER \u22c6 Augmented Reality\",\"isPartOf\":{\"@id\":\"https:\/\/alegerglobal.com\/pl\/#website\"},\"primaryImageOfPage\":{\"@id\":\"https:\/\/alegerglobal.com\/pl\/shop-pl\/twarda-ksiazka-a3\/#primaryimage\"},\"image\":{\"@id\":\"https:\/\/alegerglobal.com\/pl\/shop-pl\/twarda-ksiazka-a3\/#primaryimage\"},\"thumbnailUrl\":\"https:\/\/alegerglobal.com\/wp-content\/uploads\/2022\/01\/Unbenannt-31.jpg\",\"datePublished\":\"2022-05-17T07:14:06+00:00\",\"dateModified\":\"2022-05-17T07:14:06+00:00\",\"description\":\"Dzi\u0119ki tabletowi Panasonic Toughbook A3 na rynku pojawi\u0142 si\u0119 tablet, kt\u00f3ry spe\u0142nia z\u0142o\u017cone wymagania przemys\u0142u\",\"breadcrumb\":{\"@id\":\"https:\/\/alegerglobal.com\/pl\/shop-pl\/twarda-ksiazka-a3\/#breadcrumb\"},\"inLanguage\":\"pl-PL\",\"potentialAction\":[{\"@type\":\"ReadAction\",\"target\":[\"https:\/\/alegerglobal.com\/pl\/shop-pl\/twarda-ksiazka-a3\/\"]}]},{\"@type\":\"ImageObject\",\"inLanguage\":\"pl-PL\",\"@id\":\"https:\/\/alegerglobal.com\/pl\/shop-pl\/twarda-ksiazka-a3\/#primaryimage\",\"url\":\"https:\/\/alegerglobal.com\/wp-content\/uploads\/2022\/01\/Unbenannt-31.jpg\",\"contentUrl\":\"https:\/\/alegerglobal.com\/wp-content\/uploads\/2022\/01\/Unbenannt-31.jpg\",\"width\":800,\"height\":800},{\"@type\":\"BreadcrumbList\",\"@id\":\"https:\/\/alegerglobal.com\/pl\/shop-pl\/twarda-ksiazka-a3\/#breadcrumb\",\"itemListElement\":[{\"@type\":\"ListItem\",\"position\":1,\"name\":\"Home\",\"item\":\"https:\/\/alegerglobal.com\/pl\/nowosc-strona-glowna\/\"},{\"@type\":\"ListItem\",\"position\":2,\"name\":\"Produkty\",\"item\":\"https:\/\/alegerglobal.com\/pl\/produkty\/\"},{\"@type\":\"ListItem\",\"position\":3,\"name\":\"Panasonic Toughbook A3, wytrzyma\u0142y tablet, MIL-STD-810G, 10,1 cala, Android 9, 3 lata gwarancji\"}]},{\"@type\":\"WebSite\",\"@id\":\"https:\/\/alegerglobal.com\/pl\/#website\",\"url\":\"https:\/\/alegerglobal.com\/pl\/\",\"name\":\"ALEGER \u22c6 Augmented Reality\",\"description\":\"Die besten Augmented Reality (AR) L\u00f6sungen der Welt.\",\"publisher\":{\"@id\":\"https:\/\/alegerglobal.com\/pl\/#organization\"},\"potentialAction\":[{\"@type\":\"SearchAction\",\"target\":{\"@type\":\"EntryPoint\",\"urlTemplate\":\"https:\/\/alegerglobal.com\/pl\/?s={search_term_string}\"},\"query-input\":{\"@type\":\"PropertyValueSpecification\",\"valueRequired\":true,\"valueName\":\"search_term_string\"}}],\"inLanguage\":\"pl-PL\"},{\"@type\":\"Organization\",\"@id\":\"https:\/\/alegerglobal.com\/pl\/#organization\",\"name\":\"ALEGER \u22c6 Augmented Reality\",\"url\":\"https:\/\/alegerglobal.com\/pl\/\",\"logo\":{\"@type\":\"ImageObject\",\"inLanguage\":\"pl-PL\",\"@id\":\"https:\/\/alegerglobal.com\/pl\/#\/schema\/logo\/image\/\",\"url\":\"https:\/\/alegerglobal.com\/wp-content\/uploads\/2020\/12\/aleger-logo-quadrat.jpg\",\"contentUrl\":\"https:\/\/alegerglobal.com\/wp-content\/uploads\/2020\/12\/aleger-logo-quadrat.jpg\",\"width\":200,\"height\":176,\"caption\":\"ALEGER \u22c6 Augmented Reality\"},\"image\":{\"@id\":\"https:\/\/alegerglobal.com\/pl\/#\/schema\/logo\/image\/\"}}]}<\/script>\n<meta property=\"product:brand\" content=\"Panasonic\" \/>\n<meta property=\"product:price:amount\" content=\"0.00\" \/>\n<meta property=\"product:price:currency\" content=\"EUR\" \/>\n<meta property=\"og:availability\" content=\"instock\" \/>\n<meta property=\"product:availability\" content=\"instock\" \/>\n<meta property=\"product:condition\" content=\"new\" \/>\n<!-- \/ Yoast SEO Premium plugin. -->","yoast_head_json":{"title":"Kupno Panasonic Toughbook A3 - ALEGER \u22c6 Augmented Reality","description":"Dzi\u0119ki tabletowi Panasonic Toughbook A3 na rynku pojawi\u0142 si\u0119 tablet, kt\u00f3ry spe\u0142nia z\u0142o\u017cone wymagania przemys\u0142u","robots":{"index":"index","follow":"follow","max-snippet":"max-snippet:-1","max-image-preview":"max-image-preview:large","max-video-preview":"max-video-preview:-1"},"og_locale":"pl_PL","og_type":"article","og_title":"Panasonic Toughbook A3, wytrzyma\u0142y tablet, MIL-STD-810G, 10,1 cala, Android 9, 3 lata gwarancji","og_description":"Dzi\u0119ki tabletowi Panasonic Toughbook A3 na rynku pojawi\u0142 si\u0119 tablet, kt\u00f3ry spe\u0142nia z\u0142o\u017cone wymagania przemys\u0142u","og_url":"https:\/\/alegerglobal.com\/pl\/shop-pl\/twarda-ksiazka-a3\/","og_site_name":"ALEGER \u22c6 Augmented Reality","og_image":[{"width":800,"height":800,"url":"https:\/\/alegerglobal.com\/wp-content\/uploads\/2022\/01\/Unbenannt-31.jpg","type":"image\/jpeg"}],"twitter_card":"summary_large_image","twitter_misc":{"Cena":"","Dost\u0119pno\u015b\u0107":"Dost\u0119pny"},"schema":{"@context":"https:\/\/schema.org","@graph":[{"@type":"WebPage","@id":"https:\/\/alegerglobal.com\/pl\/shop-pl\/twarda-ksiazka-a3\/","url":"https:\/\/alegerglobal.com\/pl\/shop-pl\/twarda-ksiazka-a3\/","name":"Kupno Panasonic Toughbook A3 - ALEGER \u22c6 Augmented Reality","isPartOf":{"@id":"https:\/\/alegerglobal.com\/pl\/#website"},"primaryImageOfPage":{"@id":"https:\/\/alegerglobal.com\/pl\/shop-pl\/twarda-ksiazka-a3\/#primaryimage"},"image":{"@id":"https:\/\/alegerglobal.com\/pl\/shop-pl\/twarda-ksiazka-a3\/#primaryimage"},"thumbnailUrl":"https:\/\/alegerglobal.com\/wp-content\/uploads\/2022\/01\/Unbenannt-31.jpg","datePublished":"2022-05-17T07:14:06+00:00","dateModified":"2022-05-17T07:14:06+00:00","description":"Dzi\u0119ki tabletowi Panasonic Toughbook A3 na rynku pojawi\u0142 si\u0119 tablet, kt\u00f3ry spe\u0142nia z\u0142o\u017cone wymagania przemys\u0142u","breadcrumb":{"@id":"https:\/\/alegerglobal.com\/pl\/shop-pl\/twarda-ksiazka-a3\/#breadcrumb"},"inLanguage":"pl-PL","potentialAction":[{"@type":"ReadAction","target":["https:\/\/alegerglobal.com\/pl\/shop-pl\/twarda-ksiazka-a3\/"]}]},{"@type":"ImageObject","inLanguage":"pl-PL","@id":"https:\/\/alegerglobal.com\/pl\/shop-pl\/twarda-ksiazka-a3\/#primaryimage","url":"https:\/\/alegerglobal.com\/wp-content\/uploads\/2022\/01\/Unbenannt-31.jpg","contentUrl":"https:\/\/alegerglobal.com\/wp-content\/uploads\/2022\/01\/Unbenannt-31.jpg","width":800,"height":800},{"@type":"BreadcrumbList","@id":"https:\/\/alegerglobal.com\/pl\/shop-pl\/twarda-ksiazka-a3\/#breadcrumb","itemListElement":[{"@type":"ListItem","position":1,"name":"Home","item":"https:\/\/alegerglobal.com\/pl\/nowosc-strona-glowna\/"},{"@type":"ListItem","position":2,"name":"Produkty","item":"https:\/\/alegerglobal.com\/pl\/produkty\/"},{"@type":"ListItem","position":3,"name":"Panasonic Toughbook A3, wytrzyma\u0142y tablet, MIL-STD-810G, 10,1 cala, Android 9, 3 lata gwarancji"}]},{"@type":"WebSite","@id":"https:\/\/alegerglobal.com\/pl\/#website","url":"https:\/\/alegerglobal.com\/pl\/","name":"ALEGER \u22c6 Augmented Reality","description":"Die besten Augmented Reality (AR) L\u00f6sungen der Welt.","publisher":{"@id":"https:\/\/alegerglobal.com\/pl\/#organization"},"potentialAction":[{"@type":"SearchAction","target":{"@type":"EntryPoint","urlTemplate":"https:\/\/alegerglobal.com\/pl\/?s={search_term_string}"},"query-input":{"@type":"PropertyValueSpecification","valueRequired":true,"valueName":"search_term_string"}}],"inLanguage":"pl-PL"},{"@type":"Organization","@id":"https:\/\/alegerglobal.com\/pl\/#organization","name":"ALEGER \u22c6 Augmented Reality","url":"https:\/\/alegerglobal.com\/pl\/","logo":{"@type":"ImageObject","inLanguage":"pl-PL","@id":"https:\/\/alegerglobal.com\/pl\/#\/schema\/logo\/image\/","url":"https:\/\/alegerglobal.com\/wp-content\/uploads\/2020\/12\/aleger-logo-quadrat.jpg","contentUrl":"https:\/\/alegerglobal.com\/wp-content\/uploads\/2020\/12\/aleger-logo-quadrat.jpg","width":200,"height":176,"caption":"ALEGER \u22c6 Augmented Reality"},"image":{"@id":"https:\/\/alegerglobal.com\/pl\/#\/schema\/logo\/image\/"}}]},"product_brand":"Panasonic","product_price_amount":"0.00","product_price_currency":"EUR","og_availability":"instock","product_availability":"instock","product_condition":"new"},"_links":{"self":[{"href":"https:\/\/alegerglobal.com\/pl\/wp-json\/wp\/v2\/product\/33751","targetHints":{"allow":["GET"]}}],"collection":[{"href":"https:\/\/alegerglobal.com\/pl\/wp-json\/wp\/v2\/product"}],"about":[{"href":"https:\/\/alegerglobal.com\/pl\/wp-json\/wp\/v2\/types\/product"}],"replies":[{"embeddable":true,"href":"https:\/\/alegerglobal.com\/pl\/wp-json\/wp\/v2\/comments?post=33751"}],"version-history":[{"count":0,"href":"https:\/\/alegerglobal.com\/pl\/wp-json\/wp\/v2\/product\/33751\/revisions"}],"wp:featuredmedia":[{"embeddable":true,"href":"https:\/\/alegerglobal.com\/pl\/wp-json\/wp\/v2\/media\/16976"}],"wp:attachment":[{"href":"https:\/\/alegerglobal.com\/pl\/wp-json\/wp\/v2\/media?parent=33751"}],"wp:term":[{"taxonomy":"product_brand","embeddable":true,"href":"https:\/\/alegerglobal.com\/pl\/wp-json\/wp\/v2\/product_brand?post=33751"},{"taxonomy":"product_cat","embeddable":true,"href":"https:\/\/alegerglobal.com\/pl\/wp-json\/wp\/v2\/product_cat?post=33751"},{"taxonomy":"product_tag","embeddable":true,"href":"https:\/\/alegerglobal.com\/pl\/wp-json\/wp\/v2\/product_tag?post=33751"}],"curies":[{"name":"wp","href":"https:\/\/api.w.org\/{rel}","templated":true}]}}