{"id":33749,"date":"2021-03-10T09:01:12","date_gmt":"2022-05-17T07:14:03","guid":{"rendered":"https:\/\/alegerglobal.com\/bez-kategorii\/toughbook-g2-wytrzymaly-tablet-mil-std-810g-ip65-wyswietlacz-101-cala-windows-10-pro\/"},"modified":"2022-05-17T08:14:03","modified_gmt":"2022-05-17T07:14:03","slug":"twarda-ksiazka-g2","status":"publish","type":"product","link":"https:\/\/alegerglobal.com\/pl\/shop-pl\/twarda-ksiazka-g2\/","title":{"rendered":"Toughbook G2, wytrzyma\u0142y tablet, MIL-STD 810G, IP65, wy\u015bwietlacz 10,1 cala, Windows 10 Pro"},"content":{"rendered":"","protected":false},"excerpt":{"rendered":"<ul>\n<li><b>  Wytrzyma\u0142y tablet z certyfikatem IP65 + MIL-STD 810G<\/b><\/li>\n<li><b>Mocne: <\/b><span style=\"font-weight: 400;\">Nowoczesny procesor i5 i 16 GB pami\u0119ci RAM zapewniaj\u0105cy p\u0142ynne dzia\u0142anie aplikacji biznesowych<\/span><\/li>\n<li><b>Widoczno\u015b\u0107 w ka\u017cdych warunkach o\u015bwietleniowych:<\/b><span style=\"font-weight: 400;\"> Du\u017cy wy\u015bwietlacz o przek\u0105tnej 10,1 cala, bez odblask\u00f3w, w rozdzielczo\u015bci Full HD<\/span><\/li>\n<li><b>D\u0142ugie u\u017cytkowanie:<\/b><span style=\"font-weight: 400;\"> Czas pracy akumulatora do 12 godzin<\/span><\/li>\n<li><b>Elastyczno\u015b\u0107 dzia\u0142ania: <\/b><span style=\"font-weight: 400;\">Jasny pojemno\u015bciowy ekran dotykowy o jasno\u015bci 1000 cd\/m3, kt\u00f3ry mo\u017cna obs\u0142ugiwa\u0107 w r\u0119kawicach i z digitizerem<\/span><\/li>\n<li><b>Aktualny system operacyjny:<\/b><span style=\"font-weight: 400;\"> Tablet dzia\u0142a w systemie Windows 10, a zatem jest kompatybilny ze wszystkimi aplikacjami PC<\/span><\/li>\n<li><b>Zabezpieczony tablet PC Core:<\/b><span style=\"font-weight: 400;\"> Zintegrowane rozwi\u0105zanie sprz\u0119towe, firmware i oprogramowanie chroni przed manipulowaniem oprogramowaniem sprz\u0119towym i innymi cyberatakami<\/span><\/li>\n<\/ul>\n","protected":false},"featured_media":16942,"comment_status":"open","ping_status":"closed","template":"","meta":{"_acf_changed":false},"product_brand":[],"product_cat":[983,981],"product_tag":[],"class_list":{"0":"post-33749","1":"product","2":"type-product","3":"status-publish","4":"has-post-thumbnail","6":"product_cat-shop-pl","7":"product_cat-wytrzymaly-tablet","8":"pa_hersteller-panasonic-pl","10":"first","11":"instock","12":"taxable","13":"shipping-taxable","14":"product-type-simple"},"acf":[],"yoast_head":"<!-- This site is optimized with the Yoast SEO Premium plugin v20.10 (Yoast SEO v24.3) - https:\/\/yoast.com\/wordpress\/plugins\/seo\/ -->\n<title>Toughbook G2 od Panasonic - ALEGER \u22c6 Augmented Reality<\/title>\n<meta name=\"description\" content=\"Toughbook G2 firmy Panasonic to wytrzyma\u0142y tablet o mocy i architekturze oprogramowania notebooka\" \/>\n<meta name=\"robots\" content=\"index, follow, max-snippet:-1, max-image-preview:large, max-video-preview:-1\" \/>\n<meta property=\"og:locale\" content=\"pl_PL\" \/>\n<meta property=\"og:type\" content=\"article\" \/>\n<meta property=\"og:title\" content=\"Toughbook G2, wytrzyma\u0142y tablet, MIL-STD 810G, IP65, wy\u015bwietlacz 10,1 cala, Windows 10 Pro\" \/>\n<meta property=\"og:description\" content=\"Toughbook G2 firmy Panasonic to wytrzyma\u0142y tablet o mocy i architekturze oprogramowania notebooka\" \/>\n<meta property=\"og:url\" content=\"https:\/\/alegerglobal.com\/pl\/shop-pl\/twarda-ksiazka-g2\/\" \/>\n<meta property=\"og:site_name\" content=\"ALEGER \u22c6 Augmented Reality\" \/>\n<meta property=\"og:image\" content=\"https:\/\/alegerglobal.com\/wp-content\/uploads\/2021\/03\/Unbenannt-55.jpg\" \/>\n\t<meta property=\"og:image:width\" content=\"800\" \/>\n\t<meta property=\"og:image:height\" content=\"800\" \/>\n\t<meta property=\"og:image:type\" content=\"image\/jpeg\" \/>\n<meta name=\"twitter:card\" content=\"summary_large_image\" \/>\n<meta name=\"twitter:label1\" content=\"Cena\" \/>\n\t<meta name=\"twitter:data1\" content=\"\" \/>\n\t<meta name=\"twitter:label2\" content=\"Dost\u0119pno\u015b\u0107\" \/>\n\t<meta name=\"twitter:data2\" content=\"Dost\u0119pny\" \/>\n<script type=\"application\/ld+json\" class=\"yoast-schema-graph\">{\"@context\":\"https:\/\/schema.org\",\"@graph\":[{\"@type\":\"WebPage\",\"@id\":\"https:\/\/alegerglobal.com\/pl\/shop-pl\/twarda-ksiazka-g2\/\",\"url\":\"https:\/\/alegerglobal.com\/pl\/shop-pl\/twarda-ksiazka-g2\/\",\"name\":\"Toughbook G2 od Panasonic - ALEGER \u22c6 Augmented Reality\",\"isPartOf\":{\"@id\":\"https:\/\/alegerglobal.com\/pl\/#website\"},\"primaryImageOfPage\":{\"@id\":\"https:\/\/alegerglobal.com\/pl\/shop-pl\/twarda-ksiazka-g2\/#primaryimage\"},\"image\":{\"@id\":\"https:\/\/alegerglobal.com\/pl\/shop-pl\/twarda-ksiazka-g2\/#primaryimage\"},\"thumbnailUrl\":\"https:\/\/alegerglobal.com\/wp-content\/uploads\/2021\/03\/Unbenannt-55.jpg\",\"datePublished\":\"2022-05-17T07:14:03+00:00\",\"dateModified\":\"2022-05-17T07:14:03+00:00\",\"description\":\"Toughbook G2 firmy Panasonic to wytrzyma\u0142y tablet o mocy i architekturze oprogramowania notebooka\",\"breadcrumb\":{\"@id\":\"https:\/\/alegerglobal.com\/pl\/shop-pl\/twarda-ksiazka-g2\/#breadcrumb\"},\"inLanguage\":\"pl-PL\",\"potentialAction\":[{\"@type\":\"ReadAction\",\"target\":[\"https:\/\/alegerglobal.com\/pl\/shop-pl\/twarda-ksiazka-g2\/\"]}]},{\"@type\":\"ImageObject\",\"inLanguage\":\"pl-PL\",\"@id\":\"https:\/\/alegerglobal.com\/pl\/shop-pl\/twarda-ksiazka-g2\/#primaryimage\",\"url\":\"https:\/\/alegerglobal.com\/wp-content\/uploads\/2021\/03\/Unbenannt-55.jpg\",\"contentUrl\":\"https:\/\/alegerglobal.com\/wp-content\/uploads\/2021\/03\/Unbenannt-55.jpg\",\"width\":800,\"height\":800},{\"@type\":\"BreadcrumbList\",\"@id\":\"https:\/\/alegerglobal.com\/pl\/shop-pl\/twarda-ksiazka-g2\/#breadcrumb\",\"itemListElement\":[{\"@type\":\"ListItem\",\"position\":1,\"name\":\"Home\",\"item\":\"https:\/\/alegerglobal.com\/pl\/nowosc-strona-glowna\/\"},{\"@type\":\"ListItem\",\"position\":2,\"name\":\"Produkty\",\"item\":\"https:\/\/alegerglobal.com\/pl\/produkty\/\"},{\"@type\":\"ListItem\",\"position\":3,\"name\":\"Toughbook G2, wytrzyma\u0142y tablet, MIL-STD 810G, IP65, wy\u015bwietlacz 10,1 cala, Windows 10 Pro\"}]},{\"@type\":\"WebSite\",\"@id\":\"https:\/\/alegerglobal.com\/pl\/#website\",\"url\":\"https:\/\/alegerglobal.com\/pl\/\",\"name\":\"ALEGER \u22c6 Augmented Reality\",\"description\":\"Die besten Augmented Reality (AR) L\u00f6sungen der Welt.\",\"publisher\":{\"@id\":\"https:\/\/alegerglobal.com\/pl\/#organization\"},\"potentialAction\":[{\"@type\":\"SearchAction\",\"target\":{\"@type\":\"EntryPoint\",\"urlTemplate\":\"https:\/\/alegerglobal.com\/pl\/?s={search_term_string}\"},\"query-input\":{\"@type\":\"PropertyValueSpecification\",\"valueRequired\":true,\"valueName\":\"search_term_string\"}}],\"inLanguage\":\"pl-PL\"},{\"@type\":\"Organization\",\"@id\":\"https:\/\/alegerglobal.com\/pl\/#organization\",\"name\":\"ALEGER \u22c6 Augmented Reality\",\"url\":\"https:\/\/alegerglobal.com\/pl\/\",\"logo\":{\"@type\":\"ImageObject\",\"inLanguage\":\"pl-PL\",\"@id\":\"https:\/\/alegerglobal.com\/pl\/#\/schema\/logo\/image\/\",\"url\":\"https:\/\/alegerglobal.com\/wp-content\/uploads\/2020\/12\/aleger-logo-quadrat.jpg\",\"contentUrl\":\"https:\/\/alegerglobal.com\/wp-content\/uploads\/2020\/12\/aleger-logo-quadrat.jpg\",\"width\":200,\"height\":176,\"caption\":\"ALEGER \u22c6 Augmented Reality\"},\"image\":{\"@id\":\"https:\/\/alegerglobal.com\/pl\/#\/schema\/logo\/image\/\"}}]}<\/script>\n<meta property=\"product:brand\" content=\"Panasonic\" \/>\n<meta property=\"product:price:amount\" content=\"0.00\" \/>\n<meta property=\"product:price:currency\" content=\"EUR\" \/>\n<meta property=\"og:availability\" content=\"instock\" \/>\n<meta property=\"product:availability\" content=\"instock\" \/>\n<meta property=\"product:condition\" content=\"new\" \/>\n<!-- \/ Yoast SEO Premium plugin. -->","yoast_head_json":{"title":"Toughbook G2 od Panasonic - ALEGER \u22c6 Augmented Reality","description":"Toughbook G2 firmy Panasonic to wytrzyma\u0142y tablet o mocy i architekturze oprogramowania notebooka","robots":{"index":"index","follow":"follow","max-snippet":"max-snippet:-1","max-image-preview":"max-image-preview:large","max-video-preview":"max-video-preview:-1"},"og_locale":"pl_PL","og_type":"article","og_title":"Toughbook G2, wytrzyma\u0142y tablet, MIL-STD 810G, IP65, wy\u015bwietlacz 10,1 cala, Windows 10 Pro","og_description":"Toughbook G2 firmy Panasonic to wytrzyma\u0142y tablet o mocy i architekturze oprogramowania notebooka","og_url":"https:\/\/alegerglobal.com\/pl\/shop-pl\/twarda-ksiazka-g2\/","og_site_name":"ALEGER \u22c6 Augmented Reality","og_image":[{"width":800,"height":800,"url":"https:\/\/alegerglobal.com\/wp-content\/uploads\/2021\/03\/Unbenannt-55.jpg","type":"image\/jpeg"}],"twitter_card":"summary_large_image","twitter_misc":{"Cena":"","Dost\u0119pno\u015b\u0107":"Dost\u0119pny"},"schema":{"@context":"https:\/\/schema.org","@graph":[{"@type":"WebPage","@id":"https:\/\/alegerglobal.com\/pl\/shop-pl\/twarda-ksiazka-g2\/","url":"https:\/\/alegerglobal.com\/pl\/shop-pl\/twarda-ksiazka-g2\/","name":"Toughbook G2 od Panasonic - ALEGER \u22c6 Augmented Reality","isPartOf":{"@id":"https:\/\/alegerglobal.com\/pl\/#website"},"primaryImageOfPage":{"@id":"https:\/\/alegerglobal.com\/pl\/shop-pl\/twarda-ksiazka-g2\/#primaryimage"},"image":{"@id":"https:\/\/alegerglobal.com\/pl\/shop-pl\/twarda-ksiazka-g2\/#primaryimage"},"thumbnailUrl":"https:\/\/alegerglobal.com\/wp-content\/uploads\/2021\/03\/Unbenannt-55.jpg","datePublished":"2022-05-17T07:14:03+00:00","dateModified":"2022-05-17T07:14:03+00:00","description":"Toughbook G2 firmy Panasonic to wytrzyma\u0142y tablet o mocy i architekturze oprogramowania notebooka","breadcrumb":{"@id":"https:\/\/alegerglobal.com\/pl\/shop-pl\/twarda-ksiazka-g2\/#breadcrumb"},"inLanguage":"pl-PL","potentialAction":[{"@type":"ReadAction","target":["https:\/\/alegerglobal.com\/pl\/shop-pl\/twarda-ksiazka-g2\/"]}]},{"@type":"ImageObject","inLanguage":"pl-PL","@id":"https:\/\/alegerglobal.com\/pl\/shop-pl\/twarda-ksiazka-g2\/#primaryimage","url":"https:\/\/alegerglobal.com\/wp-content\/uploads\/2021\/03\/Unbenannt-55.jpg","contentUrl":"https:\/\/alegerglobal.com\/wp-content\/uploads\/2021\/03\/Unbenannt-55.jpg","width":800,"height":800},{"@type":"BreadcrumbList","@id":"https:\/\/alegerglobal.com\/pl\/shop-pl\/twarda-ksiazka-g2\/#breadcrumb","itemListElement":[{"@type":"ListItem","position":1,"name":"Home","item":"https:\/\/alegerglobal.com\/pl\/nowosc-strona-glowna\/"},{"@type":"ListItem","position":2,"name":"Produkty","item":"https:\/\/alegerglobal.com\/pl\/produkty\/"},{"@type":"ListItem","position":3,"name":"Toughbook G2, wytrzyma\u0142y tablet, MIL-STD 810G, IP65, wy\u015bwietlacz 10,1 cala, Windows 10 Pro"}]},{"@type":"WebSite","@id":"https:\/\/alegerglobal.com\/pl\/#website","url":"https:\/\/alegerglobal.com\/pl\/","name":"ALEGER \u22c6 Augmented Reality","description":"Die besten Augmented Reality (AR) L\u00f6sungen der Welt.","publisher":{"@id":"https:\/\/alegerglobal.com\/pl\/#organization"},"potentialAction":[{"@type":"SearchAction","target":{"@type":"EntryPoint","urlTemplate":"https:\/\/alegerglobal.com\/pl\/?s={search_term_string}"},"query-input":{"@type":"PropertyValueSpecification","valueRequired":true,"valueName":"search_term_string"}}],"inLanguage":"pl-PL"},{"@type":"Organization","@id":"https:\/\/alegerglobal.com\/pl\/#organization","name":"ALEGER \u22c6 Augmented Reality","url":"https:\/\/alegerglobal.com\/pl\/","logo":{"@type":"ImageObject","inLanguage":"pl-PL","@id":"https:\/\/alegerglobal.com\/pl\/#\/schema\/logo\/image\/","url":"https:\/\/alegerglobal.com\/wp-content\/uploads\/2020\/12\/aleger-logo-quadrat.jpg","contentUrl":"https:\/\/alegerglobal.com\/wp-content\/uploads\/2020\/12\/aleger-logo-quadrat.jpg","width":200,"height":176,"caption":"ALEGER \u22c6 Augmented Reality"},"image":{"@id":"https:\/\/alegerglobal.com\/pl\/#\/schema\/logo\/image\/"}}]},"product_brand":"Panasonic","product_price_amount":"0.00","product_price_currency":"EUR","og_availability":"instock","product_availability":"instock","product_condition":"new"},"_links":{"self":[{"href":"https:\/\/alegerglobal.com\/pl\/wp-json\/wp\/v2\/product\/33749","targetHints":{"allow":["GET"]}}],"collection":[{"href":"https:\/\/alegerglobal.com\/pl\/wp-json\/wp\/v2\/product"}],"about":[{"href":"https:\/\/alegerglobal.com\/pl\/wp-json\/wp\/v2\/types\/product"}],"replies":[{"embeddable":true,"href":"https:\/\/alegerglobal.com\/pl\/wp-json\/wp\/v2\/comments?post=33749"}],"version-history":[{"count":0,"href":"https:\/\/alegerglobal.com\/pl\/wp-json\/wp\/v2\/product\/33749\/revisions"}],"wp:featuredmedia":[{"embeddable":true,"href":"https:\/\/alegerglobal.com\/pl\/wp-json\/wp\/v2\/media\/16942"}],"wp:attachment":[{"href":"https:\/\/alegerglobal.com\/pl\/wp-json\/wp\/v2\/media?parent=33749"}],"wp:term":[{"taxonomy":"product_brand","embeddable":true,"href":"https:\/\/alegerglobal.com\/pl\/wp-json\/wp\/v2\/product_brand?post=33749"},{"taxonomy":"product_cat","embeddable":true,"href":"https:\/\/alegerglobal.com\/pl\/wp-json\/wp\/v2\/product_cat?post=33749"},{"taxonomy":"product_tag","embeddable":true,"href":"https:\/\/alegerglobal.com\/pl\/wp-json\/wp\/v2\/product_tag?post=33749"}],"curies":[{"name":"wp","href":"https:\/\/api.w.org\/{rel}","templated":true}]}}