{"id":33748,"date":"2021-03-10T08:57:24","date_gmt":"2022-05-17T07:14:03","guid":{"rendered":"https:\/\/alegerglobal.com\/bez-kategorii\/toughbook-t1-wytrzymaly-tablet-mil-std-810g-ip68-wyswietlacz-5-cali-skaner-kodow-kreskowych\/"},"modified":"2022-05-17T08:14:03","modified_gmt":"2022-05-17T07:14:03","slug":"toughbookt1-2","status":"publish","type":"product","link":"https:\/\/alegerglobal.com\/pl\/shop-pl\/toughbookt1-2\/","title":{"rendered":"Toughbook T1, wytrzyma\u0142y tablet, MIL-STD-810G, IP68, wy\u015bwietlacz 5 cali, skaner kod\u00f3w kreskowych"},"content":{"rendered":"","protected":false},"excerpt":{"rendered":"<ul>\n<li aria-level=\"1\"><b>Wytrzyma\u0142y tablet z certyfikatem MIL-STD-810G i IP68<\/b><\/li>\n<li aria-level=\"1\"><b>Nieskomplikowana praca na zewn\u0105trz:<\/b><span style=\"font-weight: 400;\"> 5-calowy wy\u015bwietlacz bez odblask\u00f3w z pojemno\u015bciowym ekranem dotykowym<\/span><\/li>\n<li aria-level=\"1\"><b>Odczyt i przetwarzanie danych:<\/b><span style=\"font-weight: 400;\"> Zintegrowany skaner kod\u00f3w kreskowych<\/span><\/li>\n<li aria-level=\"1\"><b>Prosta komunikacja:<\/b><span style=\"font-weight: 400;\"> Rozbudowane funkcje telefoniczne<\/span><\/li>\n<li aria-level=\"1\"><b>Najnowsze oprogramowanie:<\/b><span style=\"font-weight: 400;\"> Zgodno\u015b\u0107 z systemem Android 9 i systemem COMPASS<\/span><\/li>\n<li aria-level=\"1\"><b>Trwa\u0142y<\/b><span style=\"font-weight: 400;\">: py\u0142oszczelno\u015b\u0107, wodoodporno\u015b\u0107 i odporno\u015b\u0107 na upadki z wysoko\u015bci do 1,5 m<\/span><\/li>\n<li aria-level=\"1\"><b>Elastyczne po\u0142\u0105czenie:<\/b><span style=\"font-weight: 400;\"> za po\u015brednictwem sieci WLAN, Bluetooth lub NFC<\/span><\/li>\n<li aria-level=\"1\"><b>D\u0142ugie, nieprzerwane u\u017cytkowanie:<\/b><span style=\"font-weight: 400;\"> Bateria o pojemno\u015bci 3200 mAh i czasie pracy do 12 godzin<\/span><\/li>\n<\/ul>\n<p><b>Pomoc techniczna w przypadku awarii:<\/b><span style=\"font-weight: 400;\"> 3 lata gwarancji, z mo\u017cliwo\u015bci\u0105 przed\u0142u\u017cenia do 5 lat<\/span><\/p>\n","protected":false},"featured_media":17022,"comment_status":"open","ping_status":"closed","template":"","meta":{"_acf_changed":false},"product_brand":[],"product_cat":[983,981],"product_tag":[],"class_list":{"0":"post-33748","1":"product","2":"type-product","3":"status-publish","4":"has-post-thumbnail","6":"product_cat-shop-pl","7":"product_cat-wytrzymaly-tablet","8":"pa_hersteller-panasonic-pl","10":"first","11":"instock","12":"taxable","13":"shipping-taxable","14":"purchasable","15":"product-type-simple"},"acf":[],"yoast_head":"<!-- This site is optimized with the Yoast SEO Premium plugin v20.10 (Yoast SEO v24.3) - https:\/\/yoast.com\/wordpress\/plugins\/seo\/ -->\n<title>Kup Toughbook T1 tutaj - ALEGER \u22c6 Augmented Reality<\/title>\n<meta name=\"description\" content=\"Odkryj wytrzyma\u0142y, 5-calowy tablet z certyfikatem IP68 i zintegrowanym skanerem kod\u00f3w kreskowych tutaj! Bardzo d\u0142ugi czas pracy baterii!\" \/>\n<meta name=\"robots\" content=\"index, follow, max-snippet:-1, max-image-preview:large, max-video-preview:-1\" \/>\n<meta property=\"og:locale\" content=\"pl_PL\" \/>\n<meta property=\"og:type\" content=\"article\" \/>\n<meta property=\"og:title\" content=\"Toughbook T1, wytrzyma\u0142y tablet, MIL-STD-810G, IP68, wy\u015bwietlacz 5 cali, skaner kod\u00f3w kreskowych\" \/>\n<meta property=\"og:description\" content=\"Odkryj wytrzyma\u0142y, 5-calowy tablet z certyfikatem IP68 i zintegrowanym skanerem kod\u00f3w kreskowych tutaj! Bardzo d\u0142ugi czas pracy baterii!\" \/>\n<meta property=\"og:url\" content=\"https:\/\/alegerglobal.com\/pl\/shop-pl\/toughbookt1-2\/\" \/>\n<meta property=\"og:site_name\" content=\"ALEGER \u22c6 Augmented Reality\" \/>\n<meta property=\"og:image\" content=\"https:\/\/alegerglobal.com\/wp-content\/uploads\/2021\/03\/Unbenannt-65.jpg\" \/>\n\t<meta property=\"og:image:width\" content=\"800\" \/>\n\t<meta property=\"og:image:height\" content=\"800\" \/>\n\t<meta property=\"og:image:type\" content=\"image\/jpeg\" \/>\n<meta name=\"twitter:card\" content=\"summary_large_image\" \/>\n<meta name=\"twitter:label1\" content=\"Cena\" \/>\n\t<meta name=\"twitter:data1\" content=\"&euro;1.650,99\" \/>\n\t<meta name=\"twitter:label2\" content=\"Dost\u0119pno\u015b\u0107\" \/>\n\t<meta name=\"twitter:data2\" content=\"Dost\u0119pny\" \/>\n<script type=\"application\/ld+json\" class=\"yoast-schema-graph\">{\"@context\":\"https:\/\/schema.org\",\"@graph\":[{\"@type\":\"WebPage\",\"@id\":\"https:\/\/alegerglobal.com\/pl\/shop-pl\/toughbookt1-2\/\",\"url\":\"https:\/\/alegerglobal.com\/pl\/shop-pl\/toughbookt1-2\/\",\"name\":\"Kup Toughbook T1 tutaj - ALEGER \u22c6 Augmented Reality\",\"isPartOf\":{\"@id\":\"https:\/\/alegerglobal.com\/pl\/#website\"},\"primaryImageOfPage\":{\"@id\":\"https:\/\/alegerglobal.com\/pl\/shop-pl\/toughbookt1-2\/#primaryimage\"},\"image\":{\"@id\":\"https:\/\/alegerglobal.com\/pl\/shop-pl\/toughbookt1-2\/#primaryimage\"},\"thumbnailUrl\":\"https:\/\/alegerglobal.com\/wp-content\/uploads\/2021\/03\/Unbenannt-65.jpg\",\"datePublished\":\"2022-05-17T07:14:03+00:00\",\"dateModified\":\"2022-05-17T07:14:03+00:00\",\"description\":\"Odkryj wytrzyma\u0142y, 5-calowy tablet z certyfikatem IP68 i zintegrowanym skanerem kod\u00f3w kreskowych tutaj! Bardzo d\u0142ugi czas pracy baterii!\",\"breadcrumb\":{\"@id\":\"https:\/\/alegerglobal.com\/pl\/shop-pl\/toughbookt1-2\/#breadcrumb\"},\"inLanguage\":\"pl-PL\",\"potentialAction\":[{\"@type\":\"ReadAction\",\"target\":[\"https:\/\/alegerglobal.com\/pl\/shop-pl\/toughbookt1-2\/\"]}]},{\"@type\":\"ImageObject\",\"inLanguage\":\"pl-PL\",\"@id\":\"https:\/\/alegerglobal.com\/pl\/shop-pl\/toughbookt1-2\/#primaryimage\",\"url\":\"https:\/\/alegerglobal.com\/wp-content\/uploads\/2021\/03\/Unbenannt-65.jpg\",\"contentUrl\":\"https:\/\/alegerglobal.com\/wp-content\/uploads\/2021\/03\/Unbenannt-65.jpg\",\"width\":800,\"height\":800},{\"@type\":\"BreadcrumbList\",\"@id\":\"https:\/\/alegerglobal.com\/pl\/shop-pl\/toughbookt1-2\/#breadcrumb\",\"itemListElement\":[{\"@type\":\"ListItem\",\"position\":1,\"name\":\"Home\",\"item\":\"https:\/\/alegerglobal.com\/pl\/nowosc-strona-glowna\/\"},{\"@type\":\"ListItem\",\"position\":2,\"name\":\"Produkty\",\"item\":\"https:\/\/alegerglobal.com\/pl\/produkty\/\"},{\"@type\":\"ListItem\",\"position\":3,\"name\":\"Toughbook T1, wytrzyma\u0142y tablet, MIL-STD-810G, IP68, wy\u015bwietlacz 5 cali, skaner kod\u00f3w kreskowych\"}]},{\"@type\":\"WebSite\",\"@id\":\"https:\/\/alegerglobal.com\/pl\/#website\",\"url\":\"https:\/\/alegerglobal.com\/pl\/\",\"name\":\"ALEGER \u22c6 Augmented Reality\",\"description\":\"Die besten Augmented Reality (AR) L\u00f6sungen der Welt.\",\"publisher\":{\"@id\":\"https:\/\/alegerglobal.com\/pl\/#organization\"},\"potentialAction\":[{\"@type\":\"SearchAction\",\"target\":{\"@type\":\"EntryPoint\",\"urlTemplate\":\"https:\/\/alegerglobal.com\/pl\/?s={search_term_string}\"},\"query-input\":{\"@type\":\"PropertyValueSpecification\",\"valueRequired\":true,\"valueName\":\"search_term_string\"}}],\"inLanguage\":\"pl-PL\"},{\"@type\":\"Organization\",\"@id\":\"https:\/\/alegerglobal.com\/pl\/#organization\",\"name\":\"ALEGER \u22c6 Augmented Reality\",\"url\":\"https:\/\/alegerglobal.com\/pl\/\",\"logo\":{\"@type\":\"ImageObject\",\"inLanguage\":\"pl-PL\",\"@id\":\"https:\/\/alegerglobal.com\/pl\/#\/schema\/logo\/image\/\",\"url\":\"https:\/\/alegerglobal.com\/wp-content\/uploads\/2020\/12\/aleger-logo-quadrat.jpg\",\"contentUrl\":\"https:\/\/alegerglobal.com\/wp-content\/uploads\/2020\/12\/aleger-logo-quadrat.jpg\",\"width\":200,\"height\":176,\"caption\":\"ALEGER \u22c6 Augmented Reality\"},\"image\":{\"@id\":\"https:\/\/alegerglobal.com\/pl\/#\/schema\/logo\/image\/\"}}]}<\/script>\n<meta property=\"product:brand\" content=\"Panasonic\" \/>\n<meta property=\"product:price:amount\" content=\"1650.99\" \/>\n<meta property=\"product:price:currency\" content=\"EUR\" \/>\n<meta property=\"og:availability\" content=\"instock\" \/>\n<meta property=\"product:availability\" content=\"instock\" \/>\n<meta property=\"product:condition\" content=\"new\" \/>\n<!-- \/ Yoast SEO Premium plugin. -->","yoast_head_json":{"title":"Kup Toughbook T1 tutaj - ALEGER \u22c6 Augmented Reality","description":"Odkryj wytrzyma\u0142y, 5-calowy tablet z certyfikatem IP68 i zintegrowanym skanerem kod\u00f3w kreskowych tutaj! Bardzo d\u0142ugi czas pracy baterii!","robots":{"index":"index","follow":"follow","max-snippet":"max-snippet:-1","max-image-preview":"max-image-preview:large","max-video-preview":"max-video-preview:-1"},"og_locale":"pl_PL","og_type":"article","og_title":"Toughbook T1, wytrzyma\u0142y tablet, MIL-STD-810G, IP68, wy\u015bwietlacz 5 cali, skaner kod\u00f3w kreskowych","og_description":"Odkryj wytrzyma\u0142y, 5-calowy tablet z certyfikatem IP68 i zintegrowanym skanerem kod\u00f3w kreskowych tutaj! Bardzo d\u0142ugi czas pracy baterii!","og_url":"https:\/\/alegerglobal.com\/pl\/shop-pl\/toughbookt1-2\/","og_site_name":"ALEGER \u22c6 Augmented Reality","og_image":[{"width":800,"height":800,"url":"https:\/\/alegerglobal.com\/wp-content\/uploads\/2021\/03\/Unbenannt-65.jpg","type":"image\/jpeg"}],"twitter_card":"summary_large_image","twitter_misc":{"Cena":"&euro;1.650,99","Dost\u0119pno\u015b\u0107":"Dost\u0119pny"},"schema":{"@context":"https:\/\/schema.org","@graph":[{"@type":"WebPage","@id":"https:\/\/alegerglobal.com\/pl\/shop-pl\/toughbookt1-2\/","url":"https:\/\/alegerglobal.com\/pl\/shop-pl\/toughbookt1-2\/","name":"Kup Toughbook T1 tutaj - ALEGER \u22c6 Augmented Reality","isPartOf":{"@id":"https:\/\/alegerglobal.com\/pl\/#website"},"primaryImageOfPage":{"@id":"https:\/\/alegerglobal.com\/pl\/shop-pl\/toughbookt1-2\/#primaryimage"},"image":{"@id":"https:\/\/alegerglobal.com\/pl\/shop-pl\/toughbookt1-2\/#primaryimage"},"thumbnailUrl":"https:\/\/alegerglobal.com\/wp-content\/uploads\/2021\/03\/Unbenannt-65.jpg","datePublished":"2022-05-17T07:14:03+00:00","dateModified":"2022-05-17T07:14:03+00:00","description":"Odkryj wytrzyma\u0142y, 5-calowy tablet z certyfikatem IP68 i zintegrowanym skanerem kod\u00f3w kreskowych tutaj! Bardzo d\u0142ugi czas pracy baterii!","breadcrumb":{"@id":"https:\/\/alegerglobal.com\/pl\/shop-pl\/toughbookt1-2\/#breadcrumb"},"inLanguage":"pl-PL","potentialAction":[{"@type":"ReadAction","target":["https:\/\/alegerglobal.com\/pl\/shop-pl\/toughbookt1-2\/"]}]},{"@type":"ImageObject","inLanguage":"pl-PL","@id":"https:\/\/alegerglobal.com\/pl\/shop-pl\/toughbookt1-2\/#primaryimage","url":"https:\/\/alegerglobal.com\/wp-content\/uploads\/2021\/03\/Unbenannt-65.jpg","contentUrl":"https:\/\/alegerglobal.com\/wp-content\/uploads\/2021\/03\/Unbenannt-65.jpg","width":800,"height":800},{"@type":"BreadcrumbList","@id":"https:\/\/alegerglobal.com\/pl\/shop-pl\/toughbookt1-2\/#breadcrumb","itemListElement":[{"@type":"ListItem","position":1,"name":"Home","item":"https:\/\/alegerglobal.com\/pl\/nowosc-strona-glowna\/"},{"@type":"ListItem","position":2,"name":"Produkty","item":"https:\/\/alegerglobal.com\/pl\/produkty\/"},{"@type":"ListItem","position":3,"name":"Toughbook T1, wytrzyma\u0142y tablet, MIL-STD-810G, IP68, wy\u015bwietlacz 5 cali, skaner kod\u00f3w kreskowych"}]},{"@type":"WebSite","@id":"https:\/\/alegerglobal.com\/pl\/#website","url":"https:\/\/alegerglobal.com\/pl\/","name":"ALEGER \u22c6 Augmented Reality","description":"Die besten Augmented Reality (AR) L\u00f6sungen der Welt.","publisher":{"@id":"https:\/\/alegerglobal.com\/pl\/#organization"},"potentialAction":[{"@type":"SearchAction","target":{"@type":"EntryPoint","urlTemplate":"https:\/\/alegerglobal.com\/pl\/?s={search_term_string}"},"query-input":{"@type":"PropertyValueSpecification","valueRequired":true,"valueName":"search_term_string"}}],"inLanguage":"pl-PL"},{"@type":"Organization","@id":"https:\/\/alegerglobal.com\/pl\/#organization","name":"ALEGER \u22c6 Augmented Reality","url":"https:\/\/alegerglobal.com\/pl\/","logo":{"@type":"ImageObject","inLanguage":"pl-PL","@id":"https:\/\/alegerglobal.com\/pl\/#\/schema\/logo\/image\/","url":"https:\/\/alegerglobal.com\/wp-content\/uploads\/2020\/12\/aleger-logo-quadrat.jpg","contentUrl":"https:\/\/alegerglobal.com\/wp-content\/uploads\/2020\/12\/aleger-logo-quadrat.jpg","width":200,"height":176,"caption":"ALEGER \u22c6 Augmented Reality"},"image":{"@id":"https:\/\/alegerglobal.com\/pl\/#\/schema\/logo\/image\/"}}]},"product_brand":"Panasonic","product_price_amount":"1650.99","product_price_currency":"EUR","og_availability":"instock","product_availability":"instock","product_condition":"new"},"_links":{"self":[{"href":"https:\/\/alegerglobal.com\/pl\/wp-json\/wp\/v2\/product\/33748","targetHints":{"allow":["GET"]}}],"collection":[{"href":"https:\/\/alegerglobal.com\/pl\/wp-json\/wp\/v2\/product"}],"about":[{"href":"https:\/\/alegerglobal.com\/pl\/wp-json\/wp\/v2\/types\/product"}],"replies":[{"embeddable":true,"href":"https:\/\/alegerglobal.com\/pl\/wp-json\/wp\/v2\/comments?post=33748"}],"version-history":[{"count":0,"href":"https:\/\/alegerglobal.com\/pl\/wp-json\/wp\/v2\/product\/33748\/revisions"}],"wp:featuredmedia":[{"embeddable":true,"href":"https:\/\/alegerglobal.com\/pl\/wp-json\/wp\/v2\/media\/17022"}],"wp:attachment":[{"href":"https:\/\/alegerglobal.com\/pl\/wp-json\/wp\/v2\/media?parent=33748"}],"wp:term":[{"taxonomy":"product_brand","embeddable":true,"href":"https:\/\/alegerglobal.com\/pl\/wp-json\/wp\/v2\/product_brand?post=33748"},{"taxonomy":"product_cat","embeddable":true,"href":"https:\/\/alegerglobal.com\/pl\/wp-json\/wp\/v2\/product_cat?post=33748"},{"taxonomy":"product_tag","embeddable":true,"href":"https:\/\/alegerglobal.com\/pl\/wp-json\/wp\/v2\/product_tag?post=33748"}],"curies":[{"name":"wp","href":"https:\/\/api.w.org\/{rel}","templated":true}]}}