{"id":33734,"date":"2021-03-10T08:08:48","date_gmt":"2022-05-17T07:11:09","guid":{"rendered":"https:\/\/alegerglobal.com\/bez-kategorii\/getac-ex80-tablet-odporny-na-warunki-atmosferyczne-atex-1-i-2-ip67-mil-std-810-g-8-cali-windows-10-pro\/"},"modified":"2022-05-17T08:11:09","modified_gmt":"2022-05-17T07:11:09","slug":"ex-tablet-getac-ex-80-2","status":"publish","type":"product","link":"https:\/\/alegerglobal.com\/pl\/shop-pl\/ex-tablet-getac-ex-80-2\/","title":{"rendered":"Getac EX80, tablet odporny na warunki atmosferyczne ATEX 1 i 2, IP67, MIL-STD 810 G, 8 cali, Windows 10 Pro"},"content":{"rendered":"","protected":false},"excerpt":{"rendered":"<ul>\n<li aria-level=\"1\"><b>W pe\u0142ni wzmocniony tablet Getac do pracy w strefach ATEX 1 i 2, sprawdzony zgodnie z norm\u0105 MIL-STD 810G, z certyfikatem IP67 i zabezpieczony przed dzia\u0142aniem mg\u0142y solnej<\/b><\/li>\n<li aria-level=\"1\"><b>Mo\u017cna je stosowa\u0107 z wi\u0119kszo\u015bci\u0105 oprogramowania:<\/b><span style=\"font-weight: 400;\"> System operacyjny Windows 10 Pro zapewnia maksymaln\u0105 zgodno\u015b\u0107 z oprogramowaniem<\/span><\/li>\n<li aria-level=\"1\"><b>Wszystkie dane zawsze w zasi\u0119gu wzroku:<\/b><span style=\"font-weight: 400;\"> 8-calowy wy\u015bwietlacz o jasno\u015bci 600 nit\u00f3w i wysokiej czytelno\u015bci nawet w \u015bwietle s\u0142onecznym<\/span><\/li>\n<li aria-level=\"1\"><b>Elastyczna kontrola:<\/b><span style=\"font-weight: 400;\"> Ekran dotykowy mo\u017ce by\u0107 u\u017cywany w zwyk\u0142ych r\u0119kawicach, a klawiatura posiada sze\u015b\u0107 klawiszy, w tym klawisze swobodnie programowalne<\/span><\/li>\n<li aria-level=\"1\"><b>Wystarczaj\u0105ca ilo\u015b\u0107 miejsca na wszystkie dane: <\/b><span style=\"font-weight: 400;\">128 GB pami\u0119ci masowej<\/span><\/li>\n<li aria-level=\"1\"><b>\u0141atwe uczestniczenie w wideokonferencjach i dokumentowanie operacji:<\/b><span style=\"font-weight: 400;\"> Przednia kamera 2 MP i aparat 8 MP z lamp\u0105 b\u0142yskow\u0105 LED i autofokusem<\/span><\/li>\n<li aria-level=\"1\"><b>D\u0142ugi czas u\u017cytkowania bez przerw na \u0142adowanie:<\/b><span style=\"font-weight: 400;\"> Bateria 4200 mAh o \u017cywotno\u015bci 10 godzin<\/span><\/li>\n<\/ul>\n","protected":false},"featured_media":16204,"comment_status":"open","ping_status":"closed","template":"","meta":{"_acf_changed":false},"product_brand":[],"product_cat":[983],"product_tag":[],"class_list":{"0":"post-33734","1":"product","2":"type-product","3":"status-publish","4":"has-post-thumbnail","6":"product_cat-shop-pl","7":"pa_hersteller-getac-pl","9":"first","10":"instock","11":"taxable","12":"shipping-taxable","13":"purchasable","14":"product-type-simple"},"acf":[],"yoast_head":"<!-- This site is optimized with the Yoast SEO Premium plugin v20.10 (Yoast SEO v24.3) - https:\/\/yoast.com\/wordpress\/plugins\/seo\/ -->\n<title>Kup Getac EX80 - ALEGER \u22c6 Augmented Reality<\/title>\n<meta name=\"description\" content=\"Odkryj wytrzyma\u0142y tablet EX80 tutaj! Jest to jedyny tablet firmy Getac przeznaczony do u\u017cytku w strefach iskrobezpiecznych 1 i 2!\" \/>\n<meta name=\"robots\" content=\"index, follow, max-snippet:-1, max-image-preview:large, max-video-preview:-1\" \/>\n<meta property=\"og:locale\" content=\"pl_PL\" \/>\n<meta property=\"og:type\" content=\"article\" \/>\n<meta property=\"og:title\" content=\"Getac EX80, tablet odporny na warunki atmosferyczne ATEX 1 i 2, IP67, MIL-STD 810 G, 8 cali, Windows 10 Pro\" \/>\n<meta property=\"og:description\" content=\"Odkryj wytrzyma\u0142y tablet EX80 tutaj! Jest to jedyny tablet firmy Getac przeznaczony do u\u017cytku w strefach iskrobezpiecznych 1 i 2!\" \/>\n<meta property=\"og:url\" content=\"https:\/\/alegerglobal.com\/pl\/shop-pl\/ex-tablet-getac-ex-80-2\/\" \/>\n<meta property=\"og:site_name\" content=\"ALEGER \u22c6 Augmented Reality\" \/>\n<meta property=\"og:image\" content=\"https:\/\/alegerglobal.com\/wp-content\/uploads\/2021\/02\/ex80-hero_1.png\" \/>\n\t<meta property=\"og:image:width\" content=\"1280\" \/>\n\t<meta property=\"og:image:height\" content=\"1280\" \/>\n\t<meta property=\"og:image:type\" content=\"image\/png\" \/>\n<meta name=\"twitter:card\" content=\"summary_large_image\" \/>\n<meta name=\"twitter:label1\" content=\"Cena\" \/>\n\t<meta name=\"twitter:data1\" content=\"&euro;3.499,99\" \/>\n\t<meta name=\"twitter:label2\" content=\"Dost\u0119pno\u015b\u0107\" \/>\n\t<meta name=\"twitter:data2\" content=\"Dost\u0119pny\" \/>\n<script type=\"application\/ld+json\" class=\"yoast-schema-graph\">{\"@context\":\"https:\/\/schema.org\",\"@graph\":[{\"@type\":\"WebPage\",\"@id\":\"https:\/\/alegerglobal.com\/pl\/shop-pl\/ex-tablet-getac-ex-80-2\/\",\"url\":\"https:\/\/alegerglobal.com\/pl\/shop-pl\/ex-tablet-getac-ex-80-2\/\",\"name\":\"Kup Getac EX80 - ALEGER \u22c6 Augmented Reality\",\"isPartOf\":{\"@id\":\"https:\/\/alegerglobal.com\/pl\/#website\"},\"primaryImageOfPage\":{\"@id\":\"https:\/\/alegerglobal.com\/pl\/shop-pl\/ex-tablet-getac-ex-80-2\/#primaryimage\"},\"image\":{\"@id\":\"https:\/\/alegerglobal.com\/pl\/shop-pl\/ex-tablet-getac-ex-80-2\/#primaryimage\"},\"thumbnailUrl\":\"https:\/\/alegerglobal.com\/wp-content\/uploads\/2021\/02\/ex80-hero_1.png\",\"datePublished\":\"2022-05-17T07:11:09+00:00\",\"dateModified\":\"2022-05-17T07:11:09+00:00\",\"description\":\"Odkryj wytrzyma\u0142y tablet EX80 tutaj! Jest to jedyny tablet firmy Getac przeznaczony do u\u017cytku w strefach iskrobezpiecznych 1 i 2!\",\"breadcrumb\":{\"@id\":\"https:\/\/alegerglobal.com\/pl\/shop-pl\/ex-tablet-getac-ex-80-2\/#breadcrumb\"},\"inLanguage\":\"pl-PL\",\"potentialAction\":[{\"@type\":\"ReadAction\",\"target\":[\"https:\/\/alegerglobal.com\/pl\/shop-pl\/ex-tablet-getac-ex-80-2\/\"]}]},{\"@type\":\"ImageObject\",\"inLanguage\":\"pl-PL\",\"@id\":\"https:\/\/alegerglobal.com\/pl\/shop-pl\/ex-tablet-getac-ex-80-2\/#primaryimage\",\"url\":\"https:\/\/alegerglobal.com\/wp-content\/uploads\/2021\/02\/ex80-hero_1.png\",\"contentUrl\":\"https:\/\/alegerglobal.com\/wp-content\/uploads\/2021\/02\/ex80-hero_1.png\",\"width\":1280,\"height\":1280,\"caption\":\"Getac EX80, tablet w wykonaniu Ex ATEX 1 i 2\"},{\"@type\":\"BreadcrumbList\",\"@id\":\"https:\/\/alegerglobal.com\/pl\/shop-pl\/ex-tablet-getac-ex-80-2\/#breadcrumb\",\"itemListElement\":[{\"@type\":\"ListItem\",\"position\":1,\"name\":\"Home\",\"item\":\"https:\/\/alegerglobal.com\/pl\/nowosc-strona-glowna\/\"},{\"@type\":\"ListItem\",\"position\":2,\"name\":\"Produkty\",\"item\":\"https:\/\/alegerglobal.com\/pl\/produkty\/\"},{\"@type\":\"ListItem\",\"position\":3,\"name\":\"Getac EX80, tablet odporny na warunki atmosferyczne ATEX 1 i 2, IP67, MIL-STD 810 G, 8 cali, Windows 10 Pro\"}]},{\"@type\":\"WebSite\",\"@id\":\"https:\/\/alegerglobal.com\/pl\/#website\",\"url\":\"https:\/\/alegerglobal.com\/pl\/\",\"name\":\"ALEGER \u22c6 Augmented Reality\",\"description\":\"Die besten Augmented Reality (AR) L\u00f6sungen der Welt.\",\"publisher\":{\"@id\":\"https:\/\/alegerglobal.com\/pl\/#organization\"},\"potentialAction\":[{\"@type\":\"SearchAction\",\"target\":{\"@type\":\"EntryPoint\",\"urlTemplate\":\"https:\/\/alegerglobal.com\/pl\/?s={search_term_string}\"},\"query-input\":{\"@type\":\"PropertyValueSpecification\",\"valueRequired\":true,\"valueName\":\"search_term_string\"}}],\"inLanguage\":\"pl-PL\"},{\"@type\":\"Organization\",\"@id\":\"https:\/\/alegerglobal.com\/pl\/#organization\",\"name\":\"ALEGER \u22c6 Augmented Reality\",\"url\":\"https:\/\/alegerglobal.com\/pl\/\",\"logo\":{\"@type\":\"ImageObject\",\"inLanguage\":\"pl-PL\",\"@id\":\"https:\/\/alegerglobal.com\/pl\/#\/schema\/logo\/image\/\",\"url\":\"https:\/\/alegerglobal.com\/wp-content\/uploads\/2020\/12\/aleger-logo-quadrat.jpg\",\"contentUrl\":\"https:\/\/alegerglobal.com\/wp-content\/uploads\/2020\/12\/aleger-logo-quadrat.jpg\",\"width\":200,\"height\":176,\"caption\":\"ALEGER \u22c6 Augmented Reality\"},\"image\":{\"@id\":\"https:\/\/alegerglobal.com\/pl\/#\/schema\/logo\/image\/\"}}]}<\/script>\n<meta property=\"product:brand\" content=\"Getac\" \/>\n<meta property=\"product:price:amount\" content=\"3499.99\" \/>\n<meta property=\"product:price:currency\" content=\"EUR\" \/>\n<meta property=\"og:availability\" content=\"instock\" \/>\n<meta property=\"product:availability\" content=\"instock\" \/>\n<meta property=\"product:condition\" content=\"new\" \/>\n<!-- \/ Yoast SEO Premium plugin. -->","yoast_head_json":{"title":"Kup Getac EX80 - ALEGER \u22c6 Augmented Reality","description":"Odkryj wytrzyma\u0142y tablet EX80 tutaj! Jest to jedyny tablet firmy Getac przeznaczony do u\u017cytku w strefach iskrobezpiecznych 1 i 2!","robots":{"index":"index","follow":"follow","max-snippet":"max-snippet:-1","max-image-preview":"max-image-preview:large","max-video-preview":"max-video-preview:-1"},"og_locale":"pl_PL","og_type":"article","og_title":"Getac EX80, tablet odporny na warunki atmosferyczne ATEX 1 i 2, IP67, MIL-STD 810 G, 8 cali, Windows 10 Pro","og_description":"Odkryj wytrzyma\u0142y tablet EX80 tutaj! Jest to jedyny tablet firmy Getac przeznaczony do u\u017cytku w strefach iskrobezpiecznych 1 i 2!","og_url":"https:\/\/alegerglobal.com\/pl\/shop-pl\/ex-tablet-getac-ex-80-2\/","og_site_name":"ALEGER \u22c6 Augmented Reality","og_image":[{"width":1280,"height":1280,"url":"https:\/\/alegerglobal.com\/wp-content\/uploads\/2021\/02\/ex80-hero_1.png","type":"image\/png"}],"twitter_card":"summary_large_image","twitter_misc":{"Cena":"&euro;3.499,99","Dost\u0119pno\u015b\u0107":"Dost\u0119pny"},"schema":{"@context":"https:\/\/schema.org","@graph":[{"@type":"WebPage","@id":"https:\/\/alegerglobal.com\/pl\/shop-pl\/ex-tablet-getac-ex-80-2\/","url":"https:\/\/alegerglobal.com\/pl\/shop-pl\/ex-tablet-getac-ex-80-2\/","name":"Kup Getac EX80 - ALEGER \u22c6 Augmented Reality","isPartOf":{"@id":"https:\/\/alegerglobal.com\/pl\/#website"},"primaryImageOfPage":{"@id":"https:\/\/alegerglobal.com\/pl\/shop-pl\/ex-tablet-getac-ex-80-2\/#primaryimage"},"image":{"@id":"https:\/\/alegerglobal.com\/pl\/shop-pl\/ex-tablet-getac-ex-80-2\/#primaryimage"},"thumbnailUrl":"https:\/\/alegerglobal.com\/wp-content\/uploads\/2021\/02\/ex80-hero_1.png","datePublished":"2022-05-17T07:11:09+00:00","dateModified":"2022-05-17T07:11:09+00:00","description":"Odkryj wytrzyma\u0142y tablet EX80 tutaj! Jest to jedyny tablet firmy Getac przeznaczony do u\u017cytku w strefach iskrobezpiecznych 1 i 2!","breadcrumb":{"@id":"https:\/\/alegerglobal.com\/pl\/shop-pl\/ex-tablet-getac-ex-80-2\/#breadcrumb"},"inLanguage":"pl-PL","potentialAction":[{"@type":"ReadAction","target":["https:\/\/alegerglobal.com\/pl\/shop-pl\/ex-tablet-getac-ex-80-2\/"]}]},{"@type":"ImageObject","inLanguage":"pl-PL","@id":"https:\/\/alegerglobal.com\/pl\/shop-pl\/ex-tablet-getac-ex-80-2\/#primaryimage","url":"https:\/\/alegerglobal.com\/wp-content\/uploads\/2021\/02\/ex80-hero_1.png","contentUrl":"https:\/\/alegerglobal.com\/wp-content\/uploads\/2021\/02\/ex80-hero_1.png","width":1280,"height":1280,"caption":"Getac EX80, tablet w wykonaniu Ex ATEX 1 i 2"},{"@type":"BreadcrumbList","@id":"https:\/\/alegerglobal.com\/pl\/shop-pl\/ex-tablet-getac-ex-80-2\/#breadcrumb","itemListElement":[{"@type":"ListItem","position":1,"name":"Home","item":"https:\/\/alegerglobal.com\/pl\/nowosc-strona-glowna\/"},{"@type":"ListItem","position":2,"name":"Produkty","item":"https:\/\/alegerglobal.com\/pl\/produkty\/"},{"@type":"ListItem","position":3,"name":"Getac EX80, tablet odporny na warunki atmosferyczne ATEX 1 i 2, IP67, MIL-STD 810 G, 8 cali, Windows 10 Pro"}]},{"@type":"WebSite","@id":"https:\/\/alegerglobal.com\/pl\/#website","url":"https:\/\/alegerglobal.com\/pl\/","name":"ALEGER \u22c6 Augmented Reality","description":"Die besten Augmented Reality (AR) L\u00f6sungen der Welt.","publisher":{"@id":"https:\/\/alegerglobal.com\/pl\/#organization"},"potentialAction":[{"@type":"SearchAction","target":{"@type":"EntryPoint","urlTemplate":"https:\/\/alegerglobal.com\/pl\/?s={search_term_string}"},"query-input":{"@type":"PropertyValueSpecification","valueRequired":true,"valueName":"search_term_string"}}],"inLanguage":"pl-PL"},{"@type":"Organization","@id":"https:\/\/alegerglobal.com\/pl\/#organization","name":"ALEGER \u22c6 Augmented Reality","url":"https:\/\/alegerglobal.com\/pl\/","logo":{"@type":"ImageObject","inLanguage":"pl-PL","@id":"https:\/\/alegerglobal.com\/pl\/#\/schema\/logo\/image\/","url":"https:\/\/alegerglobal.com\/wp-content\/uploads\/2020\/12\/aleger-logo-quadrat.jpg","contentUrl":"https:\/\/alegerglobal.com\/wp-content\/uploads\/2020\/12\/aleger-logo-quadrat.jpg","width":200,"height":176,"caption":"ALEGER \u22c6 Augmented Reality"},"image":{"@id":"https:\/\/alegerglobal.com\/pl\/#\/schema\/logo\/image\/"}}]},"product_brand":"Getac","product_price_amount":"3499.99","product_price_currency":"EUR","og_availability":"instock","product_availability":"instock","product_condition":"new"},"_links":{"self":[{"href":"https:\/\/alegerglobal.com\/pl\/wp-json\/wp\/v2\/product\/33734","targetHints":{"allow":["GET"]}}],"collection":[{"href":"https:\/\/alegerglobal.com\/pl\/wp-json\/wp\/v2\/product"}],"about":[{"href":"https:\/\/alegerglobal.com\/pl\/wp-json\/wp\/v2\/types\/product"}],"replies":[{"embeddable":true,"href":"https:\/\/alegerglobal.com\/pl\/wp-json\/wp\/v2\/comments?post=33734"}],"version-history":[{"count":0,"href":"https:\/\/alegerglobal.com\/pl\/wp-json\/wp\/v2\/product\/33734\/revisions"}],"wp:featuredmedia":[{"embeddable":true,"href":"https:\/\/alegerglobal.com\/pl\/wp-json\/wp\/v2\/media\/16204"}],"wp:attachment":[{"href":"https:\/\/alegerglobal.com\/pl\/wp-json\/wp\/v2\/media?parent=33734"}],"wp:term":[{"taxonomy":"product_brand","embeddable":true,"href":"https:\/\/alegerglobal.com\/pl\/wp-json\/wp\/v2\/product_brand?post=33734"},{"taxonomy":"product_cat","embeddable":true,"href":"https:\/\/alegerglobal.com\/pl\/wp-json\/wp\/v2\/product_cat?post=33734"},{"taxonomy":"product_tag","embeddable":true,"href":"https:\/\/alegerglobal.com\/pl\/wp-json\/wp\/v2\/product_tag?post=33734"}],"curies":[{"name":"wp","href":"https:\/\/api.w.org\/{rel}","templated":true}]}}