{"id":33731,"date":"2021-03-08T10:04:15","date_gmt":"2022-05-17T07:11:05","guid":{"rendered":"https:\/\/alegerglobal.com\/bez-kategorii\/tablet-i-safe-mobile-is930-rg-rugged-wyswietlacz-8-cali-czujniki-srodowiskowe-android-9\/"},"modified":"2022-05-17T08:11:05","modified_gmt":"2022-05-17T07:11:05","slug":"i-safe-mobile-is930-rg-2","status":"publish","type":"product","link":"https:\/\/alegerglobal.com\/pl\/shop-pl\/i-safe-mobile-is930-rg-2\/","title":{"rendered":"Tablet i.safe MOBILE IS930.RG rugged, wy\u015bwietlacz 8 cali, czujniki \u015brodowiskowe, Android 9"},"content":{"rendered":"","protected":false},"excerpt":{"rendered":"<ul>\n<li style=\"font-weight: 400;\" aria-level=\"1\"><b>Wytrzyma\u0142y tablet:<\/b><span style=\"font-weight: 400;\"> Wy\u015bwietlacz RugDisplay i certyfikat IP68 <\/span> <\/li>\n<li style=\"font-weight: 400;\" aria-level=\"1\"><b>Szybka konfiguracja:<\/b><span style=\"font-weight: 400;\"> z obs\u0142ug\u0105 NFC<\/span><\/li>\n<li style=\"font-weight: 400;\" aria-level=\"1\"><b>Du\u017co miejsca na dane: <\/b><span style=\"font-weight: 400;\">64 GB pami\u0119ci, z mo\u017cliwo\u015bci\u0105 rozszerzenia do 128 GB za pomoc\u0105 karty microSD<\/span><\/li>\n<li style=\"font-weight: 400;\" aria-level=\"1\"><b>Zdj\u0119cia i filmy z terenu:<\/b><span style=\"font-weight: 400;\"> Dwie kamery o rozdzielczo\u015bci 13 MP i 5 MP do robienia ostrych zdj\u0119\u0107 podczas misji<\/span><\/li>\n<li style=\"font-weight: 400;\" aria-level=\"1\"><b>U\u017cyj tabletu jako urz\u0105dzenia pomiarowego: <\/b><span style=\"font-weight: 400;\">Zintegrowane czujniki do pomiaru temperatury, odleg\u0142o\u015bci, pr\u0119dko\u015bci i magnes\u00f3w<\/span><\/li>\n<li style=\"font-weight: 400;\" aria-level=\"1\"><b>Zawsze wszystkie wa\u017cne informacje w zasi\u0119gu wzroku:<\/b><span style=\"font-weight: 400;\"> Du\u017cy wy\u015bwietlacz o przek\u0105tnej 8 cali (ok. 20 cm)<\/span><\/li>\n<li style=\"font-weight: 400;\" aria-level=\"1\"><b>D\u0142ugi czas pracy akumulatora: <\/b><span style=\"font-weight: 400;\">Wydajna bateria o pojemno\u015bci 8400 mAh<\/span><\/li>\n<li style=\"font-weight: 400;\" aria-level=\"1\"><b>Ochrona samotnych pracownik\u00f3w:<\/b> przycisk po\u0142\u0105czenia alarmowego i GPS (w po\u0142\u0105czeniu z aplikacj\u0105 innej firmy)<\/li>\n<\/ul>\n","protected":false},"featured_media":16258,"comment_status":"open","ping_status":"closed","template":"","meta":{"_acf_changed":false},"product_brand":[],"product_cat":[983,981],"product_tag":[],"class_list":{"0":"post-33731","1":"product","2":"type-product","3":"status-publish","4":"has-post-thumbnail","6":"product_cat-shop-pl","7":"product_cat-wytrzymaly-tablet","8":"pa_hersteller-i-bezpieczny","10":"first","11":"instock","12":"taxable","13":"shipping-taxable","14":"purchasable","15":"product-type-simple"},"acf":[],"yoast_head":"<!-- This site is optimized with the Yoast SEO Premium plugin v20.10 (Yoast SEO v24.3) - https:\/\/yoast.com\/wordpress\/plugins\/seo\/ -->\n<title>Kup i.Safe Mobile IS930.RG tutaj - ALEGER \u22c6 Augmented Reality<\/title>\n<meta name=\"description\" content=\"IS930.RG to wytrzyma\u0142y tablet przeznaczony do pracy na placu budowy lub w przemy\u015ble. To wytrzyma\u0142y tablet!\" \/>\n<meta name=\"robots\" content=\"index, follow, max-snippet:-1, max-image-preview:large, max-video-preview:-1\" \/>\n<meta property=\"og:locale\" content=\"pl_PL\" \/>\n<meta property=\"og:type\" content=\"article\" \/>\n<meta property=\"og:title\" content=\"Tablet i.safe MOBILE IS930.RG rugged, wy\u015bwietlacz 8 cali, czujniki \u015brodowiskowe, Android 9\" \/>\n<meta property=\"og:description\" content=\"IS930.RG to wytrzyma\u0142y tablet przeznaczony do pracy na placu budowy lub w przemy\u015ble. To wytrzyma\u0142y tablet!\" \/>\n<meta property=\"og:url\" content=\"https:\/\/alegerglobal.com\/pl\/shop-pl\/i-safe-mobile-is930-rg-2\/\" \/>\n<meta property=\"og:site_name\" content=\"ALEGER \u22c6 Augmented Reality\" \/>\n<meta property=\"og:image\" content=\"https:\/\/alegerglobal.com\/wp-content\/uploads\/2021\/02\/Unbenannt.jpg\" \/>\n\t<meta property=\"og:image:width\" content=\"800\" \/>\n\t<meta property=\"og:image:height\" content=\"800\" \/>\n\t<meta property=\"og:image:type\" content=\"image\/jpeg\" \/>\n<meta name=\"twitter:card\" content=\"summary_large_image\" \/>\n<meta name=\"twitter:label1\" content=\"Cena\" \/>\n\t<meta name=\"twitter:data1\" content=\"&euro;1.749,99\" \/>\n\t<meta name=\"twitter:label2\" content=\"Dost\u0119pno\u015b\u0107\" \/>\n\t<meta name=\"twitter:data2\" content=\"Dost\u0119pny\" \/>\n<script type=\"application\/ld+json\" class=\"yoast-schema-graph\">{\"@context\":\"https:\/\/schema.org\",\"@graph\":[{\"@type\":\"WebPage\",\"@id\":\"https:\/\/alegerglobal.com\/pl\/shop-pl\/i-safe-mobile-is930-rg-2\/\",\"url\":\"https:\/\/alegerglobal.com\/pl\/shop-pl\/i-safe-mobile-is930-rg-2\/\",\"name\":\"Kup i.Safe Mobile IS930.RG tutaj - ALEGER \u22c6 Augmented Reality\",\"isPartOf\":{\"@id\":\"https:\/\/alegerglobal.com\/pl\/#website\"},\"primaryImageOfPage\":{\"@id\":\"https:\/\/alegerglobal.com\/pl\/shop-pl\/i-safe-mobile-is930-rg-2\/#primaryimage\"},\"image\":{\"@id\":\"https:\/\/alegerglobal.com\/pl\/shop-pl\/i-safe-mobile-is930-rg-2\/#primaryimage\"},\"thumbnailUrl\":\"https:\/\/alegerglobal.com\/wp-content\/uploads\/2021\/02\/Unbenannt.jpg\",\"datePublished\":\"2022-05-17T07:11:05+00:00\",\"dateModified\":\"2022-05-17T07:11:05+00:00\",\"description\":\"IS930.RG to wytrzyma\u0142y tablet przeznaczony do pracy na placu budowy lub w przemy\u015ble. To wytrzyma\u0142y tablet!\",\"breadcrumb\":{\"@id\":\"https:\/\/alegerglobal.com\/pl\/shop-pl\/i-safe-mobile-is930-rg-2\/#breadcrumb\"},\"inLanguage\":\"pl-PL\",\"potentialAction\":[{\"@type\":\"ReadAction\",\"target\":[\"https:\/\/alegerglobal.com\/pl\/shop-pl\/i-safe-mobile-is930-rg-2\/\"]}]},{\"@type\":\"ImageObject\",\"inLanguage\":\"pl-PL\",\"@id\":\"https:\/\/alegerglobal.com\/pl\/shop-pl\/i-safe-mobile-is930-rg-2\/#primaryimage\",\"url\":\"https:\/\/alegerglobal.com\/wp-content\/uploads\/2021\/02\/Unbenannt.jpg\",\"contentUrl\":\"https:\/\/alegerglobal.com\/wp-content\/uploads\/2021\/02\/Unbenannt.jpg\",\"width\":800,\"height\":800,\"caption\":\"i.safe MOBILE IS930.RG\"},{\"@type\":\"BreadcrumbList\",\"@id\":\"https:\/\/alegerglobal.com\/pl\/shop-pl\/i-safe-mobile-is930-rg-2\/#breadcrumb\",\"itemListElement\":[{\"@type\":\"ListItem\",\"position\":1,\"name\":\"Home\",\"item\":\"https:\/\/alegerglobal.com\/pl\/nowosc-strona-glowna\/\"},{\"@type\":\"ListItem\",\"position\":2,\"name\":\"Produkty\",\"item\":\"https:\/\/alegerglobal.com\/pl\/produkty\/\"},{\"@type\":\"ListItem\",\"position\":3,\"name\":\"Tablet i.safe MOBILE IS930.RG rugged, wy\u015bwietlacz 8 cali, czujniki \u015brodowiskowe, Android 9\"}]},{\"@type\":\"WebSite\",\"@id\":\"https:\/\/alegerglobal.com\/pl\/#website\",\"url\":\"https:\/\/alegerglobal.com\/pl\/\",\"name\":\"ALEGER \u22c6 Augmented Reality\",\"description\":\"Die besten Augmented Reality (AR) L\u00f6sungen der Welt.\",\"publisher\":{\"@id\":\"https:\/\/alegerglobal.com\/pl\/#organization\"},\"potentialAction\":[{\"@type\":\"SearchAction\",\"target\":{\"@type\":\"EntryPoint\",\"urlTemplate\":\"https:\/\/alegerglobal.com\/pl\/?s={search_term_string}\"},\"query-input\":{\"@type\":\"PropertyValueSpecification\",\"valueRequired\":true,\"valueName\":\"search_term_string\"}}],\"inLanguage\":\"pl-PL\"},{\"@type\":\"Organization\",\"@id\":\"https:\/\/alegerglobal.com\/pl\/#organization\",\"name\":\"ALEGER \u22c6 Augmented Reality\",\"url\":\"https:\/\/alegerglobal.com\/pl\/\",\"logo\":{\"@type\":\"ImageObject\",\"inLanguage\":\"pl-PL\",\"@id\":\"https:\/\/alegerglobal.com\/pl\/#\/schema\/logo\/image\/\",\"url\":\"https:\/\/alegerglobal.com\/wp-content\/uploads\/2020\/12\/aleger-logo-quadrat.jpg\",\"contentUrl\":\"https:\/\/alegerglobal.com\/wp-content\/uploads\/2020\/12\/aleger-logo-quadrat.jpg\",\"width\":200,\"height\":176,\"caption\":\"ALEGER \u22c6 Augmented Reality\"},\"image\":{\"@id\":\"https:\/\/alegerglobal.com\/pl\/#\/schema\/logo\/image\/\"}}]}<\/script>\n<meta property=\"product:brand\" content=\"i.bezpieczny\" \/>\n<meta property=\"product:price:amount\" content=\"1749.99\" \/>\n<meta property=\"product:price:currency\" content=\"EUR\" \/>\n<meta property=\"og:availability\" content=\"instock\" \/>\n<meta property=\"product:availability\" content=\"instock\" \/>\n<meta property=\"product:condition\" content=\"new\" \/>\n<!-- \/ Yoast SEO Premium plugin. -->","yoast_head_json":{"title":"Kup i.Safe Mobile IS930.RG tutaj - ALEGER \u22c6 Augmented Reality","description":"IS930.RG to wytrzyma\u0142y tablet przeznaczony do pracy na placu budowy lub w przemy\u015ble. To wytrzyma\u0142y tablet!","robots":{"index":"index","follow":"follow","max-snippet":"max-snippet:-1","max-image-preview":"max-image-preview:large","max-video-preview":"max-video-preview:-1"},"og_locale":"pl_PL","og_type":"article","og_title":"Tablet i.safe MOBILE IS930.RG rugged, wy\u015bwietlacz 8 cali, czujniki \u015brodowiskowe, Android 9","og_description":"IS930.RG to wytrzyma\u0142y tablet przeznaczony do pracy na placu budowy lub w przemy\u015ble. To wytrzyma\u0142y tablet!","og_url":"https:\/\/alegerglobal.com\/pl\/shop-pl\/i-safe-mobile-is930-rg-2\/","og_site_name":"ALEGER \u22c6 Augmented Reality","og_image":[{"width":800,"height":800,"url":"https:\/\/alegerglobal.com\/wp-content\/uploads\/2021\/02\/Unbenannt.jpg","type":"image\/jpeg"}],"twitter_card":"summary_large_image","twitter_misc":{"Cena":"&euro;1.749,99","Dost\u0119pno\u015b\u0107":"Dost\u0119pny"},"schema":{"@context":"https:\/\/schema.org","@graph":[{"@type":"WebPage","@id":"https:\/\/alegerglobal.com\/pl\/shop-pl\/i-safe-mobile-is930-rg-2\/","url":"https:\/\/alegerglobal.com\/pl\/shop-pl\/i-safe-mobile-is930-rg-2\/","name":"Kup i.Safe Mobile IS930.RG tutaj - ALEGER \u22c6 Augmented Reality","isPartOf":{"@id":"https:\/\/alegerglobal.com\/pl\/#website"},"primaryImageOfPage":{"@id":"https:\/\/alegerglobal.com\/pl\/shop-pl\/i-safe-mobile-is930-rg-2\/#primaryimage"},"image":{"@id":"https:\/\/alegerglobal.com\/pl\/shop-pl\/i-safe-mobile-is930-rg-2\/#primaryimage"},"thumbnailUrl":"https:\/\/alegerglobal.com\/wp-content\/uploads\/2021\/02\/Unbenannt.jpg","datePublished":"2022-05-17T07:11:05+00:00","dateModified":"2022-05-17T07:11:05+00:00","description":"IS930.RG to wytrzyma\u0142y tablet przeznaczony do pracy na placu budowy lub w przemy\u015ble. To wytrzyma\u0142y tablet!","breadcrumb":{"@id":"https:\/\/alegerglobal.com\/pl\/shop-pl\/i-safe-mobile-is930-rg-2\/#breadcrumb"},"inLanguage":"pl-PL","potentialAction":[{"@type":"ReadAction","target":["https:\/\/alegerglobal.com\/pl\/shop-pl\/i-safe-mobile-is930-rg-2\/"]}]},{"@type":"ImageObject","inLanguage":"pl-PL","@id":"https:\/\/alegerglobal.com\/pl\/shop-pl\/i-safe-mobile-is930-rg-2\/#primaryimage","url":"https:\/\/alegerglobal.com\/wp-content\/uploads\/2021\/02\/Unbenannt.jpg","contentUrl":"https:\/\/alegerglobal.com\/wp-content\/uploads\/2021\/02\/Unbenannt.jpg","width":800,"height":800,"caption":"i.safe MOBILE IS930.RG"},{"@type":"BreadcrumbList","@id":"https:\/\/alegerglobal.com\/pl\/shop-pl\/i-safe-mobile-is930-rg-2\/#breadcrumb","itemListElement":[{"@type":"ListItem","position":1,"name":"Home","item":"https:\/\/alegerglobal.com\/pl\/nowosc-strona-glowna\/"},{"@type":"ListItem","position":2,"name":"Produkty","item":"https:\/\/alegerglobal.com\/pl\/produkty\/"},{"@type":"ListItem","position":3,"name":"Tablet i.safe MOBILE IS930.RG rugged, wy\u015bwietlacz 8 cali, czujniki \u015brodowiskowe, Android 9"}]},{"@type":"WebSite","@id":"https:\/\/alegerglobal.com\/pl\/#website","url":"https:\/\/alegerglobal.com\/pl\/","name":"ALEGER \u22c6 Augmented Reality","description":"Die besten Augmented Reality (AR) L\u00f6sungen der Welt.","publisher":{"@id":"https:\/\/alegerglobal.com\/pl\/#organization"},"potentialAction":[{"@type":"SearchAction","target":{"@type":"EntryPoint","urlTemplate":"https:\/\/alegerglobal.com\/pl\/?s={search_term_string}"},"query-input":{"@type":"PropertyValueSpecification","valueRequired":true,"valueName":"search_term_string"}}],"inLanguage":"pl-PL"},{"@type":"Organization","@id":"https:\/\/alegerglobal.com\/pl\/#organization","name":"ALEGER \u22c6 Augmented Reality","url":"https:\/\/alegerglobal.com\/pl\/","logo":{"@type":"ImageObject","inLanguage":"pl-PL","@id":"https:\/\/alegerglobal.com\/pl\/#\/schema\/logo\/image\/","url":"https:\/\/alegerglobal.com\/wp-content\/uploads\/2020\/12\/aleger-logo-quadrat.jpg","contentUrl":"https:\/\/alegerglobal.com\/wp-content\/uploads\/2020\/12\/aleger-logo-quadrat.jpg","width":200,"height":176,"caption":"ALEGER \u22c6 Augmented Reality"},"image":{"@id":"https:\/\/alegerglobal.com\/pl\/#\/schema\/logo\/image\/"}}]},"product_brand":"i.bezpieczny","product_price_amount":"1749.99","product_price_currency":"EUR","og_availability":"instock","product_availability":"instock","product_condition":"new"},"_links":{"self":[{"href":"https:\/\/alegerglobal.com\/pl\/wp-json\/wp\/v2\/product\/33731","targetHints":{"allow":["GET"]}}],"collection":[{"href":"https:\/\/alegerglobal.com\/pl\/wp-json\/wp\/v2\/product"}],"about":[{"href":"https:\/\/alegerglobal.com\/pl\/wp-json\/wp\/v2\/types\/product"}],"replies":[{"embeddable":true,"href":"https:\/\/alegerglobal.com\/pl\/wp-json\/wp\/v2\/comments?post=33731"}],"version-history":[{"count":0,"href":"https:\/\/alegerglobal.com\/pl\/wp-json\/wp\/v2\/product\/33731\/revisions"}],"wp:featuredmedia":[{"embeddable":true,"href":"https:\/\/alegerglobal.com\/pl\/wp-json\/wp\/v2\/media\/16258"}],"wp:attachment":[{"href":"https:\/\/alegerglobal.com\/pl\/wp-json\/wp\/v2\/media?parent=33731"}],"wp:term":[{"taxonomy":"product_brand","embeddable":true,"href":"https:\/\/alegerglobal.com\/pl\/wp-json\/wp\/v2\/product_brand?post=33731"},{"taxonomy":"product_cat","embeddable":true,"href":"https:\/\/alegerglobal.com\/pl\/wp-json\/wp\/v2\/product_cat?post=33731"},{"taxonomy":"product_tag","embeddable":true,"href":"https:\/\/alegerglobal.com\/pl\/wp-json\/wp\/v2\/product_tag?post=33731"}],"curies":[{"name":"wp","href":"https:\/\/api.w.org\/{rel}","templated":true}]}}