{"id":33729,"date":"2021-03-10T08:12:13","date_gmt":"2022-05-17T07:11:04","guid":{"rendered":"https:\/\/alegerglobal.com\/bez-kategorii\/getac-ux10-wytrzymaly-tablet-mil-std-810g-101-cala-256-gb-ssd-windows-10\/"},"modified":"2022-05-17T08:11:04","modified_gmt":"2022-05-17T07:11:04","slug":"getac-ux10-2","status":"publish","type":"product","link":"https:\/\/alegerglobal.com\/pl\/shop-pl\/atex-pl\/getac-ux10-2\/","title":{"rendered":"Getac UX10, wytrzyma\u0142y tablet, MIL-STD-810G, 10,1 cala, 256 GB SSD, Windows 10"},"content":{"rendered":"","protected":false},"excerpt":{"rendered":"<ul>\n<li aria-level=\"1\"><b>Wytrzyma\u0142y tablet z certyfikatem MIL-STD 810G<\/b><\/li>\n<li aria-level=\"1\"><b>Nowoczesny system operacyjny: <\/b><span style=\"font-weight: 400;\">Preinstalowany system Windows 10 Pro<\/span><\/li>\n<li aria-level=\"1\"><b>Wydajny sprz\u0119t:<\/b><span style=\"font-weight: 400;\"> Szybki procesor i7 z 8 GB pami\u0119ci DDR4<\/span><\/li>\n<li aria-level=\"1\"><b>Pracuj w \u015bwietle s\u0142onecznym i w ciemno\u015bci:<\/b><span style=\"font-weight: 400;\"> Du\u017cy wy\u015bwietlacz LumiBond\u00ae o przek\u0105tnej 10,1 cala i jasno\u015bci 1000 nit\u00f3w <\/span> <\/li>\n<li aria-level=\"1\"><b>Szybkie i pojemne przechowywanie danych:<\/b><span style=\"font-weight: 400;\"> 256 GB SSD<\/span><\/li>\n<li aria-level=\"1\"><b>Prosta i elastyczna obs\u0142uga: <\/b><span style=\"font-weight: 400;\">za pomoc\u0105 ekranu dotykowego lub pi\u0119ciu dowolnie programowalnych przycisk\u00f3w tabletu<\/span><\/li>\n<li aria-level=\"1\"><b>Wysoki poziom bezpiecze\u0144stwa danych:<\/b><span style=\"font-weight: 400;\"> Zintegrowany uk\u0142ad TPM 2.0 i blokada Kensington<\/span><\/li>\n<li aria-level=\"1\"><b>3-letnia gwarancja &#8222;od zderzaka do zderzaka&#8221;.<\/b><\/li>\n<\/ul>\n<ul>\n<li style=\"list-style-type: none;\">\n<\/li>\n<\/ul>\n<p>&nbsp;<\/p>\n","protected":false},"featured_media":16017,"comment_status":"open","ping_status":"closed","template":"","meta":{"_acf_changed":false},"product_brand":[],"product_cat":[982],"product_tag":[],"class_list":{"0":"post-33729","1":"product","2":"type-product","3":"status-publish","4":"has-post-thumbnail","6":"product_cat-atex-pl","7":"pa_hersteller-getac-pl","9":"first","10":"instock","11":"taxable","12":"shipping-taxable","13":"purchasable","14":"product-type-simple"},"acf":[],"yoast_head":"<!-- This site is optimized with the Yoast SEO Premium plugin v20.10 (Yoast SEO v24.3) - https:\/\/yoast.com\/wordpress\/plugins\/seo\/ -->\n<title>Kup Getac UX10 tutaj (2022) - ALEGER \u22c6 Augmented Reality<\/title>\n<meta name=\"description\" content=\"Getac UX10 to wytrzyma\u0142y tablet, kt\u00f3ry pozwala na bezpieczn\u0105 i efektywn\u0105 prac\u0119 w \u015brodowisku przemys\u0142owym.\" \/>\n<meta name=\"robots\" content=\"index, follow, max-snippet:-1, max-image-preview:large, max-video-preview:-1\" \/>\n<meta property=\"og:locale\" content=\"pl_PL\" \/>\n<meta property=\"og:type\" content=\"article\" \/>\n<meta property=\"og:title\" content=\"Getac UX10, wytrzyma\u0142y tablet, MIL-STD-810G, 10,1 cala, 256 GB SSD, Windows 10\" \/>\n<meta property=\"og:description\" content=\"Getac UX10 to wytrzyma\u0142y tablet, kt\u00f3ry pozwala na bezpieczn\u0105 i efektywn\u0105 prac\u0119 w \u015brodowisku przemys\u0142owym.\" \/>\n<meta property=\"og:url\" content=\"https:\/\/alegerglobal.com\/pl\/shop-pl\/atex-pl\/getac-ux10-2\/\" \/>\n<meta property=\"og:site_name\" content=\"ALEGER \u22c6 Augmented Reality\" \/>\n<meta property=\"og:image\" content=\"https:\/\/alegerglobal.com\/wp-content\/uploads\/2021\/01\/UX10-slider-1.png\" \/>\n\t<meta property=\"og:image:width\" content=\"1500\" \/>\n\t<meta property=\"og:image:height\" content=\"1500\" \/>\n\t<meta property=\"og:image:type\" content=\"image\/png\" \/>\n<meta name=\"twitter:card\" content=\"summary_large_image\" \/>\n<meta name=\"twitter:label1\" content=\"Cena\" \/>\n\t<meta name=\"twitter:data1\" content=\"&euro;2.499,99\" \/>\n\t<meta name=\"twitter:label2\" content=\"Dost\u0119pno\u015b\u0107\" \/>\n\t<meta name=\"twitter:data2\" content=\"Dost\u0119pny\" \/>\n<script type=\"application\/ld+json\" class=\"yoast-schema-graph\">{\"@context\":\"https:\/\/schema.org\",\"@graph\":[{\"@type\":\"WebPage\",\"@id\":\"https:\/\/alegerglobal.com\/pl\/shop-pl\/atex-pl\/getac-ux10-2\/\",\"url\":\"https:\/\/alegerglobal.com\/pl\/shop-pl\/atex-pl\/getac-ux10-2\/\",\"name\":\"Kup Getac UX10 tutaj (2022) - ALEGER \u22c6 Augmented Reality\",\"isPartOf\":{\"@id\":\"https:\/\/alegerglobal.com\/pl\/#website\"},\"primaryImageOfPage\":{\"@id\":\"https:\/\/alegerglobal.com\/pl\/shop-pl\/atex-pl\/getac-ux10-2\/#primaryimage\"},\"image\":{\"@id\":\"https:\/\/alegerglobal.com\/pl\/shop-pl\/atex-pl\/getac-ux10-2\/#primaryimage\"},\"thumbnailUrl\":\"https:\/\/alegerglobal.com\/wp-content\/uploads\/2021\/01\/UX10-slider-1.png\",\"datePublished\":\"2022-05-17T07:11:04+00:00\",\"dateModified\":\"2022-05-17T07:11:04+00:00\",\"description\":\"Getac UX10 to wytrzyma\u0142y tablet, kt\u00f3ry pozwala na bezpieczn\u0105 i efektywn\u0105 prac\u0119 w \u015brodowisku przemys\u0142owym.\",\"breadcrumb\":{\"@id\":\"https:\/\/alegerglobal.com\/pl\/shop-pl\/atex-pl\/getac-ux10-2\/#breadcrumb\"},\"inLanguage\":\"pl-PL\",\"potentialAction\":[{\"@type\":\"ReadAction\",\"target\":[\"https:\/\/alegerglobal.com\/pl\/shop-pl\/atex-pl\/getac-ux10-2\/\"]}]},{\"@type\":\"ImageObject\",\"inLanguage\":\"pl-PL\",\"@id\":\"https:\/\/alegerglobal.com\/pl\/shop-pl\/atex-pl\/getac-ux10-2\/#primaryimage\",\"url\":\"https:\/\/alegerglobal.com\/wp-content\/uploads\/2021\/01\/UX10-slider-1.png\",\"contentUrl\":\"https:\/\/alegerglobal.com\/wp-content\/uploads\/2021\/01\/UX10-slider-1.png\",\"width\":1500,\"height\":1500,\"caption\":\"Getac UX10 w wersji przeciwwybuchowej\"},{\"@type\":\"BreadcrumbList\",\"@id\":\"https:\/\/alegerglobal.com\/pl\/shop-pl\/atex-pl\/getac-ux10-2\/#breadcrumb\",\"itemListElement\":[{\"@type\":\"ListItem\",\"position\":1,\"name\":\"Home\",\"item\":\"https:\/\/alegerglobal.com\/pl\/nowosc-strona-glowna\/\"},{\"@type\":\"ListItem\",\"position\":2,\"name\":\"Produkty\",\"item\":\"https:\/\/alegerglobal.com\/pl\/produkty\/\"},{\"@type\":\"ListItem\",\"position\":3,\"name\":\"Getac UX10, wytrzyma\u0142y tablet, MIL-STD-810G, 10,1 cala, 256 GB SSD, Windows 10\"}]},{\"@type\":\"WebSite\",\"@id\":\"https:\/\/alegerglobal.com\/pl\/#website\",\"url\":\"https:\/\/alegerglobal.com\/pl\/\",\"name\":\"ALEGER \u22c6 Augmented Reality\",\"description\":\"Die besten Augmented Reality (AR) L\u00f6sungen der Welt.\",\"publisher\":{\"@id\":\"https:\/\/alegerglobal.com\/pl\/#organization\"},\"potentialAction\":[{\"@type\":\"SearchAction\",\"target\":{\"@type\":\"EntryPoint\",\"urlTemplate\":\"https:\/\/alegerglobal.com\/pl\/?s={search_term_string}\"},\"query-input\":{\"@type\":\"PropertyValueSpecification\",\"valueRequired\":true,\"valueName\":\"search_term_string\"}}],\"inLanguage\":\"pl-PL\"},{\"@type\":\"Organization\",\"@id\":\"https:\/\/alegerglobal.com\/pl\/#organization\",\"name\":\"ALEGER \u22c6 Augmented Reality\",\"url\":\"https:\/\/alegerglobal.com\/pl\/\",\"logo\":{\"@type\":\"ImageObject\",\"inLanguage\":\"pl-PL\",\"@id\":\"https:\/\/alegerglobal.com\/pl\/#\/schema\/logo\/image\/\",\"url\":\"https:\/\/alegerglobal.com\/wp-content\/uploads\/2020\/12\/aleger-logo-quadrat.jpg\",\"contentUrl\":\"https:\/\/alegerglobal.com\/wp-content\/uploads\/2020\/12\/aleger-logo-quadrat.jpg\",\"width\":200,\"height\":176,\"caption\":\"ALEGER \u22c6 Augmented Reality\"},\"image\":{\"@id\":\"https:\/\/alegerglobal.com\/pl\/#\/schema\/logo\/image\/\"}}]}<\/script>\n<meta property=\"product:brand\" content=\"Getac\" \/>\n<meta property=\"product:price:amount\" content=\"2499.99\" \/>\n<meta property=\"product:price:currency\" content=\"EUR\" \/>\n<meta property=\"og:availability\" content=\"instock\" \/>\n<meta property=\"product:availability\" content=\"instock\" \/>\n<meta property=\"product:condition\" content=\"new\" \/>\n<!-- \/ Yoast SEO Premium plugin. -->","yoast_head_json":{"title":"Kup Getac UX10 tutaj (2022) - ALEGER \u22c6 Augmented Reality","description":"Getac UX10 to wytrzyma\u0142y tablet, kt\u00f3ry pozwala na bezpieczn\u0105 i efektywn\u0105 prac\u0119 w \u015brodowisku przemys\u0142owym.","robots":{"index":"index","follow":"follow","max-snippet":"max-snippet:-1","max-image-preview":"max-image-preview:large","max-video-preview":"max-video-preview:-1"},"og_locale":"pl_PL","og_type":"article","og_title":"Getac UX10, wytrzyma\u0142y tablet, MIL-STD-810G, 10,1 cala, 256 GB SSD, Windows 10","og_description":"Getac UX10 to wytrzyma\u0142y tablet, kt\u00f3ry pozwala na bezpieczn\u0105 i efektywn\u0105 prac\u0119 w \u015brodowisku przemys\u0142owym.","og_url":"https:\/\/alegerglobal.com\/pl\/shop-pl\/atex-pl\/getac-ux10-2\/","og_site_name":"ALEGER \u22c6 Augmented Reality","og_image":[{"width":1500,"height":1500,"url":"https:\/\/alegerglobal.com\/wp-content\/uploads\/2021\/01\/UX10-slider-1.png","type":"image\/png"}],"twitter_card":"summary_large_image","twitter_misc":{"Cena":"&euro;2.499,99","Dost\u0119pno\u015b\u0107":"Dost\u0119pny"},"schema":{"@context":"https:\/\/schema.org","@graph":[{"@type":"WebPage","@id":"https:\/\/alegerglobal.com\/pl\/shop-pl\/atex-pl\/getac-ux10-2\/","url":"https:\/\/alegerglobal.com\/pl\/shop-pl\/atex-pl\/getac-ux10-2\/","name":"Kup Getac UX10 tutaj (2022) - ALEGER \u22c6 Augmented Reality","isPartOf":{"@id":"https:\/\/alegerglobal.com\/pl\/#website"},"primaryImageOfPage":{"@id":"https:\/\/alegerglobal.com\/pl\/shop-pl\/atex-pl\/getac-ux10-2\/#primaryimage"},"image":{"@id":"https:\/\/alegerglobal.com\/pl\/shop-pl\/atex-pl\/getac-ux10-2\/#primaryimage"},"thumbnailUrl":"https:\/\/alegerglobal.com\/wp-content\/uploads\/2021\/01\/UX10-slider-1.png","datePublished":"2022-05-17T07:11:04+00:00","dateModified":"2022-05-17T07:11:04+00:00","description":"Getac UX10 to wytrzyma\u0142y tablet, kt\u00f3ry pozwala na bezpieczn\u0105 i efektywn\u0105 prac\u0119 w \u015brodowisku przemys\u0142owym.","breadcrumb":{"@id":"https:\/\/alegerglobal.com\/pl\/shop-pl\/atex-pl\/getac-ux10-2\/#breadcrumb"},"inLanguage":"pl-PL","potentialAction":[{"@type":"ReadAction","target":["https:\/\/alegerglobal.com\/pl\/shop-pl\/atex-pl\/getac-ux10-2\/"]}]},{"@type":"ImageObject","inLanguage":"pl-PL","@id":"https:\/\/alegerglobal.com\/pl\/shop-pl\/atex-pl\/getac-ux10-2\/#primaryimage","url":"https:\/\/alegerglobal.com\/wp-content\/uploads\/2021\/01\/UX10-slider-1.png","contentUrl":"https:\/\/alegerglobal.com\/wp-content\/uploads\/2021\/01\/UX10-slider-1.png","width":1500,"height":1500,"caption":"Getac UX10 w wersji przeciwwybuchowej"},{"@type":"BreadcrumbList","@id":"https:\/\/alegerglobal.com\/pl\/shop-pl\/atex-pl\/getac-ux10-2\/#breadcrumb","itemListElement":[{"@type":"ListItem","position":1,"name":"Home","item":"https:\/\/alegerglobal.com\/pl\/nowosc-strona-glowna\/"},{"@type":"ListItem","position":2,"name":"Produkty","item":"https:\/\/alegerglobal.com\/pl\/produkty\/"},{"@type":"ListItem","position":3,"name":"Getac UX10, wytrzyma\u0142y tablet, MIL-STD-810G, 10,1 cala, 256 GB SSD, Windows 10"}]},{"@type":"WebSite","@id":"https:\/\/alegerglobal.com\/pl\/#website","url":"https:\/\/alegerglobal.com\/pl\/","name":"ALEGER \u22c6 Augmented Reality","description":"Die besten Augmented Reality (AR) L\u00f6sungen der Welt.","publisher":{"@id":"https:\/\/alegerglobal.com\/pl\/#organization"},"potentialAction":[{"@type":"SearchAction","target":{"@type":"EntryPoint","urlTemplate":"https:\/\/alegerglobal.com\/pl\/?s={search_term_string}"},"query-input":{"@type":"PropertyValueSpecification","valueRequired":true,"valueName":"search_term_string"}}],"inLanguage":"pl-PL"},{"@type":"Organization","@id":"https:\/\/alegerglobal.com\/pl\/#organization","name":"ALEGER \u22c6 Augmented Reality","url":"https:\/\/alegerglobal.com\/pl\/","logo":{"@type":"ImageObject","inLanguage":"pl-PL","@id":"https:\/\/alegerglobal.com\/pl\/#\/schema\/logo\/image\/","url":"https:\/\/alegerglobal.com\/wp-content\/uploads\/2020\/12\/aleger-logo-quadrat.jpg","contentUrl":"https:\/\/alegerglobal.com\/wp-content\/uploads\/2020\/12\/aleger-logo-quadrat.jpg","width":200,"height":176,"caption":"ALEGER \u22c6 Augmented Reality"},"image":{"@id":"https:\/\/alegerglobal.com\/pl\/#\/schema\/logo\/image\/"}}]},"product_brand":"Getac","product_price_amount":"2499.99","product_price_currency":"EUR","og_availability":"instock","product_availability":"instock","product_condition":"new"},"_links":{"self":[{"href":"https:\/\/alegerglobal.com\/pl\/wp-json\/wp\/v2\/product\/33729","targetHints":{"allow":["GET"]}}],"collection":[{"href":"https:\/\/alegerglobal.com\/pl\/wp-json\/wp\/v2\/product"}],"about":[{"href":"https:\/\/alegerglobal.com\/pl\/wp-json\/wp\/v2\/types\/product"}],"replies":[{"embeddable":true,"href":"https:\/\/alegerglobal.com\/pl\/wp-json\/wp\/v2\/comments?post=33729"}],"version-history":[{"count":0,"href":"https:\/\/alegerglobal.com\/pl\/wp-json\/wp\/v2\/product\/33729\/revisions"}],"wp:featuredmedia":[{"embeddable":true,"href":"https:\/\/alegerglobal.com\/pl\/wp-json\/wp\/v2\/media\/16017"}],"wp:attachment":[{"href":"https:\/\/alegerglobal.com\/pl\/wp-json\/wp\/v2\/media?parent=33729"}],"wp:term":[{"taxonomy":"product_brand","embeddable":true,"href":"https:\/\/alegerglobal.com\/pl\/wp-json\/wp\/v2\/product_brand?post=33729"},{"taxonomy":"product_cat","embeddable":true,"href":"https:\/\/alegerglobal.com\/pl\/wp-json\/wp\/v2\/product_cat?post=33729"},{"taxonomy":"product_tag","embeddable":true,"href":"https:\/\/alegerglobal.com\/pl\/wp-json\/wp\/v2\/product_tag?post=33729"}],"curies":[{"name":"wp","href":"https:\/\/api.w.org\/{rel}","templated":true}]}}