{"id":33718,"date":"2021-03-07T08:00:03","date_gmt":"2022-05-17T07:06:32","guid":{"rendered":"https:\/\/alegerglobal.com\/bez-kategorii\/ecom-loc-ex-01-latarnia-morska-zabezpieczona-przed-wybuchem-strefa-atex-1\/"},"modified":"2022-05-17T08:06:32","modified_gmt":"2022-05-17T07:06:32","slug":"ecom-loc-ex-01-2","status":"publish","type":"product","link":"https:\/\/alegerglobal.com\/pl\/shop-pl\/ecom-loc-ex-01-2\/","title":{"rendered":"ecom Loc-Ex\u00ae 01, latarnia morska zabezpieczona przed wybuchem, strefa Atex 1"},"content":{"rendered":"","protected":false},"excerpt":{"rendered":"<ul>\n<li style=\"font-weight: 400;\"><b>Dla \u015brodowisk zagro\u017conych wybuchem:<\/b><span style=\"font-weight: 400;\"> Z zatwierdzeniem dla Strefy 1\/21 (ATEX \/ IECEx) i Dzia\u0142u 1 (NEC \/ CEC), do stosowania na ca\u0142ym \u015bwiecie zgodnie z<\/span><span style=\"font-weight: 400;\"> ATEX<\/span><span style=\"font-weight: 400;\"> dyrektywy.<\/span><\/li>\n<li><b>Wi\u0119ksza przejrzysto\u015b\u0107: <\/b><span style=\"font-weight: 400;\">Uproszczony przebieg proces\u00f3w, lepsze sterowanie i lokalizacja na zewn\u0105trz i wewn\u0105trz budynk\u00f3w. <\/span> <\/li>\n<li style=\"font-weight: 400;\"><b>Dla rozszerzonego zakresu temperatur:<\/b> <span style=\"font-weight: 400;\">Certyfikat IP64<\/span><span style=\"font-weight: 400;\"> Nawet w temperaturach od -20\u00b0C do +55\u00b0C urz\u0105dzenie Beacon zachowuje pe\u0142n\u0105 funkcjonalno\u015b\u0107.<\/span><\/li>\n<li style=\"font-weight: 400;\"><b>Wi\u0119ksza ochrona pracownik\u00f3w:<\/b><span style=\"font-weight: 400;\"> Ochrona samotnego pracownika niezawodnie zapewnia dodatkowe bezpiecze\u0144stwo w miejscu pracy.<\/span><\/li>\n<li style=\"font-weight: 400;\"><b>Du\u017cy zasi\u0119g:<\/b> sygna\u0142y mog\u0105 by\u0107 przesy\u0142ane na odleg\u0142o\u015b\u0107 30 m wewn\u0105trz pomieszcze\u0144 i do 200 m na zewn\u0105trz.<\/li>\n<\/ul>\n","protected":false},"featured_media":16886,"comment_status":"open","ping_status":"closed","template":"","meta":{"_acf_changed":false},"product_brand":[],"product_cat":[982,983],"product_tag":[],"class_list":{"0":"post-33718","1":"product","2":"type-product","3":"status-publish","4":"has-post-thumbnail","6":"product_cat-atex-pl","7":"product_cat-shop-pl","8":"pa_hersteller-ecom-pl","10":"first","11":"instock","12":"taxable","13":"shipping-taxable","14":"purchasable","15":"product-type-simple"},"acf":[],"yoast_head":"<!-- This site is optimized with the Yoast SEO Premium plugin v20.10 (Yoast SEO v24.3) - https:\/\/yoast.com\/wordpress\/plugins\/seo\/ -->\n<title>Ecom Loc-Ex\u00ae 01 buy online - ALEGER \u22c6 Augmented Reality<\/title>\n<meta name=\"description\" content=\"Sygnalizator Beacon firmy ecom z ochron\u0105 przeciwwybuchow\u0105 dla strefy 2 Atex zapewnia maksymalne bezpiecze\u0144stwo zak\u0142adu i ochron\u0119 samotnych pracownik\u00f3w. Odkryj tutaj!\" \/>\n<meta name=\"robots\" content=\"index, follow, max-snippet:-1, max-image-preview:large, max-video-preview:-1\" \/>\n<meta property=\"og:locale\" content=\"pl_PL\" \/>\n<meta property=\"og:type\" content=\"article\" \/>\n<meta property=\"og:title\" content=\"ecom Loc-Ex\u00ae 01, latarnia morska zabezpieczona przed wybuchem, strefa Atex 1\" \/>\n<meta property=\"og:description\" content=\"Sygnalizator Beacon firmy ecom z ochron\u0105 przeciwwybuchow\u0105 dla strefy 2 Atex zapewnia maksymalne bezpiecze\u0144stwo zak\u0142adu i ochron\u0119 samotnych pracownik\u00f3w. Odkryj tutaj!\" \/>\n<meta property=\"og:url\" content=\"https:\/\/alegerglobal.com\/pl\/shop-pl\/ecom-loc-ex-01-2\/\" \/>\n<meta property=\"og:site_name\" content=\"ALEGER \u22c6 Augmented Reality\" \/>\n<meta property=\"og:image\" content=\"https:\/\/alegerglobal.com\/wp-content\/uploads\/2021\/03\/Unbenannt-47.jpg\" \/>\n\t<meta property=\"og:image:width\" content=\"800\" \/>\n\t<meta property=\"og:image:height\" content=\"800\" \/>\n\t<meta property=\"og:image:type\" content=\"image\/jpeg\" \/>\n<meta name=\"twitter:card\" content=\"summary_large_image\" \/>\n<meta name=\"twitter:label1\" content=\"Cena\" \/>\n\t<meta name=\"twitter:data1\" content=\"&euro;560,00\" \/>\n\t<meta name=\"twitter:label2\" content=\"Dost\u0119pno\u015b\u0107\" \/>\n\t<meta name=\"twitter:data2\" content=\"Dost\u0119pny\" \/>\n<script type=\"application\/ld+json\" class=\"yoast-schema-graph\">{\"@context\":\"https:\/\/schema.org\",\"@graph\":[{\"@type\":\"WebPage\",\"@id\":\"https:\/\/alegerglobal.com\/pl\/shop-pl\/ecom-loc-ex-01-2\/\",\"url\":\"https:\/\/alegerglobal.com\/pl\/shop-pl\/ecom-loc-ex-01-2\/\",\"name\":\"Ecom Loc-Ex\u00ae 01 buy online - ALEGER \u22c6 Augmented Reality\",\"isPartOf\":{\"@id\":\"https:\/\/alegerglobal.com\/pl\/#website\"},\"primaryImageOfPage\":{\"@id\":\"https:\/\/alegerglobal.com\/pl\/shop-pl\/ecom-loc-ex-01-2\/#primaryimage\"},\"image\":{\"@id\":\"https:\/\/alegerglobal.com\/pl\/shop-pl\/ecom-loc-ex-01-2\/#primaryimage\"},\"thumbnailUrl\":\"https:\/\/alegerglobal.com\/wp-content\/uploads\/2021\/03\/Unbenannt-47.jpg\",\"datePublished\":\"2022-05-17T07:06:32+00:00\",\"dateModified\":\"2022-05-17T07:06:32+00:00\",\"description\":\"Sygnalizator Beacon firmy ecom z ochron\u0105 przeciwwybuchow\u0105 dla strefy 2 Atex zapewnia maksymalne bezpiecze\u0144stwo zak\u0142adu i ochron\u0119 samotnych pracownik\u00f3w. Odkryj tutaj!\",\"breadcrumb\":{\"@id\":\"https:\/\/alegerglobal.com\/pl\/shop-pl\/ecom-loc-ex-01-2\/#breadcrumb\"},\"inLanguage\":\"pl-PL\",\"potentialAction\":[{\"@type\":\"ReadAction\",\"target\":[\"https:\/\/alegerglobal.com\/pl\/shop-pl\/ecom-loc-ex-01-2\/\"]}]},{\"@type\":\"ImageObject\",\"inLanguage\":\"pl-PL\",\"@id\":\"https:\/\/alegerglobal.com\/pl\/shop-pl\/ecom-loc-ex-01-2\/#primaryimage\",\"url\":\"https:\/\/alegerglobal.com\/wp-content\/uploads\/2021\/03\/Unbenannt-47.jpg\",\"contentUrl\":\"https:\/\/alegerglobal.com\/wp-content\/uploads\/2021\/03\/Unbenannt-47.jpg\",\"width\":800,\"height\":800},{\"@type\":\"BreadcrumbList\",\"@id\":\"https:\/\/alegerglobal.com\/pl\/shop-pl\/ecom-loc-ex-01-2\/#breadcrumb\",\"itemListElement\":[{\"@type\":\"ListItem\",\"position\":1,\"name\":\"Home\",\"item\":\"https:\/\/alegerglobal.com\/pl\/nowosc-strona-glowna\/\"},{\"@type\":\"ListItem\",\"position\":2,\"name\":\"Produkty\",\"item\":\"https:\/\/alegerglobal.com\/pl\/produkty\/\"},{\"@type\":\"ListItem\",\"position\":3,\"name\":\"ecom Loc-Ex\u00ae 01, latarnia morska zabezpieczona przed wybuchem, strefa Atex 1\"}]},{\"@type\":\"WebSite\",\"@id\":\"https:\/\/alegerglobal.com\/pl\/#website\",\"url\":\"https:\/\/alegerglobal.com\/pl\/\",\"name\":\"ALEGER \u22c6 Augmented Reality\",\"description\":\"Die besten Augmented Reality (AR) L\u00f6sungen der Welt.\",\"publisher\":{\"@id\":\"https:\/\/alegerglobal.com\/pl\/#organization\"},\"potentialAction\":[{\"@type\":\"SearchAction\",\"target\":{\"@type\":\"EntryPoint\",\"urlTemplate\":\"https:\/\/alegerglobal.com\/pl\/?s={search_term_string}\"},\"query-input\":{\"@type\":\"PropertyValueSpecification\",\"valueRequired\":true,\"valueName\":\"search_term_string\"}}],\"inLanguage\":\"pl-PL\"},{\"@type\":\"Organization\",\"@id\":\"https:\/\/alegerglobal.com\/pl\/#organization\",\"name\":\"ALEGER \u22c6 Augmented Reality\",\"url\":\"https:\/\/alegerglobal.com\/pl\/\",\"logo\":{\"@type\":\"ImageObject\",\"inLanguage\":\"pl-PL\",\"@id\":\"https:\/\/alegerglobal.com\/pl\/#\/schema\/logo\/image\/\",\"url\":\"https:\/\/alegerglobal.com\/wp-content\/uploads\/2020\/12\/aleger-logo-quadrat.jpg\",\"contentUrl\":\"https:\/\/alegerglobal.com\/wp-content\/uploads\/2020\/12\/aleger-logo-quadrat.jpg\",\"width\":200,\"height\":176,\"caption\":\"ALEGER \u22c6 Augmented Reality\"},\"image\":{\"@id\":\"https:\/\/alegerglobal.com\/pl\/#\/schema\/logo\/image\/\"}}]}<\/script>\n<meta property=\"product:brand\" content=\"Ecom\" \/>\n<meta property=\"product:price:amount\" content=\"560.00\" \/>\n<meta property=\"product:price:currency\" content=\"EUR\" \/>\n<meta property=\"og:availability\" content=\"instock\" \/>\n<meta property=\"product:availability\" content=\"instock\" \/>\n<meta property=\"product:condition\" content=\"new\" \/>\n<!-- \/ Yoast SEO Premium plugin. -->","yoast_head_json":{"title":"Ecom Loc-Ex\u00ae 01 buy online - ALEGER \u22c6 Augmented Reality","description":"Sygnalizator Beacon firmy ecom z ochron\u0105 przeciwwybuchow\u0105 dla strefy 2 Atex zapewnia maksymalne bezpiecze\u0144stwo zak\u0142adu i ochron\u0119 samotnych pracownik\u00f3w. Odkryj tutaj!","robots":{"index":"index","follow":"follow","max-snippet":"max-snippet:-1","max-image-preview":"max-image-preview:large","max-video-preview":"max-video-preview:-1"},"og_locale":"pl_PL","og_type":"article","og_title":"ecom Loc-Ex\u00ae 01, latarnia morska zabezpieczona przed wybuchem, strefa Atex 1","og_description":"Sygnalizator Beacon firmy ecom z ochron\u0105 przeciwwybuchow\u0105 dla strefy 2 Atex zapewnia maksymalne bezpiecze\u0144stwo zak\u0142adu i ochron\u0119 samotnych pracownik\u00f3w. Odkryj tutaj!","og_url":"https:\/\/alegerglobal.com\/pl\/shop-pl\/ecom-loc-ex-01-2\/","og_site_name":"ALEGER \u22c6 Augmented Reality","og_image":[{"width":800,"height":800,"url":"https:\/\/alegerglobal.com\/wp-content\/uploads\/2021\/03\/Unbenannt-47.jpg","type":"image\/jpeg"}],"twitter_card":"summary_large_image","twitter_misc":{"Cena":"&euro;560,00","Dost\u0119pno\u015b\u0107":"Dost\u0119pny"},"schema":{"@context":"https:\/\/schema.org","@graph":[{"@type":"WebPage","@id":"https:\/\/alegerglobal.com\/pl\/shop-pl\/ecom-loc-ex-01-2\/","url":"https:\/\/alegerglobal.com\/pl\/shop-pl\/ecom-loc-ex-01-2\/","name":"Ecom Loc-Ex\u00ae 01 buy online - ALEGER \u22c6 Augmented Reality","isPartOf":{"@id":"https:\/\/alegerglobal.com\/pl\/#website"},"primaryImageOfPage":{"@id":"https:\/\/alegerglobal.com\/pl\/shop-pl\/ecom-loc-ex-01-2\/#primaryimage"},"image":{"@id":"https:\/\/alegerglobal.com\/pl\/shop-pl\/ecom-loc-ex-01-2\/#primaryimage"},"thumbnailUrl":"https:\/\/alegerglobal.com\/wp-content\/uploads\/2021\/03\/Unbenannt-47.jpg","datePublished":"2022-05-17T07:06:32+00:00","dateModified":"2022-05-17T07:06:32+00:00","description":"Sygnalizator Beacon firmy ecom z ochron\u0105 przeciwwybuchow\u0105 dla strefy 2 Atex zapewnia maksymalne bezpiecze\u0144stwo zak\u0142adu i ochron\u0119 samotnych pracownik\u00f3w. Odkryj tutaj!","breadcrumb":{"@id":"https:\/\/alegerglobal.com\/pl\/shop-pl\/ecom-loc-ex-01-2\/#breadcrumb"},"inLanguage":"pl-PL","potentialAction":[{"@type":"ReadAction","target":["https:\/\/alegerglobal.com\/pl\/shop-pl\/ecom-loc-ex-01-2\/"]}]},{"@type":"ImageObject","inLanguage":"pl-PL","@id":"https:\/\/alegerglobal.com\/pl\/shop-pl\/ecom-loc-ex-01-2\/#primaryimage","url":"https:\/\/alegerglobal.com\/wp-content\/uploads\/2021\/03\/Unbenannt-47.jpg","contentUrl":"https:\/\/alegerglobal.com\/wp-content\/uploads\/2021\/03\/Unbenannt-47.jpg","width":800,"height":800},{"@type":"BreadcrumbList","@id":"https:\/\/alegerglobal.com\/pl\/shop-pl\/ecom-loc-ex-01-2\/#breadcrumb","itemListElement":[{"@type":"ListItem","position":1,"name":"Home","item":"https:\/\/alegerglobal.com\/pl\/nowosc-strona-glowna\/"},{"@type":"ListItem","position":2,"name":"Produkty","item":"https:\/\/alegerglobal.com\/pl\/produkty\/"},{"@type":"ListItem","position":3,"name":"ecom Loc-Ex\u00ae 01, latarnia morska zabezpieczona przed wybuchem, strefa Atex 1"}]},{"@type":"WebSite","@id":"https:\/\/alegerglobal.com\/pl\/#website","url":"https:\/\/alegerglobal.com\/pl\/","name":"ALEGER \u22c6 Augmented Reality","description":"Die besten Augmented Reality (AR) L\u00f6sungen der Welt.","publisher":{"@id":"https:\/\/alegerglobal.com\/pl\/#organization"},"potentialAction":[{"@type":"SearchAction","target":{"@type":"EntryPoint","urlTemplate":"https:\/\/alegerglobal.com\/pl\/?s={search_term_string}"},"query-input":{"@type":"PropertyValueSpecification","valueRequired":true,"valueName":"search_term_string"}}],"inLanguage":"pl-PL"},{"@type":"Organization","@id":"https:\/\/alegerglobal.com\/pl\/#organization","name":"ALEGER \u22c6 Augmented Reality","url":"https:\/\/alegerglobal.com\/pl\/","logo":{"@type":"ImageObject","inLanguage":"pl-PL","@id":"https:\/\/alegerglobal.com\/pl\/#\/schema\/logo\/image\/","url":"https:\/\/alegerglobal.com\/wp-content\/uploads\/2020\/12\/aleger-logo-quadrat.jpg","contentUrl":"https:\/\/alegerglobal.com\/wp-content\/uploads\/2020\/12\/aleger-logo-quadrat.jpg","width":200,"height":176,"caption":"ALEGER \u22c6 Augmented Reality"},"image":{"@id":"https:\/\/alegerglobal.com\/pl\/#\/schema\/logo\/image\/"}}]},"product_brand":"Ecom","product_price_amount":"560.00","product_price_currency":"EUR","og_availability":"instock","product_availability":"instock","product_condition":"new"},"_links":{"self":[{"href":"https:\/\/alegerglobal.com\/pl\/wp-json\/wp\/v2\/product\/33718","targetHints":{"allow":["GET"]}}],"collection":[{"href":"https:\/\/alegerglobal.com\/pl\/wp-json\/wp\/v2\/product"}],"about":[{"href":"https:\/\/alegerglobal.com\/pl\/wp-json\/wp\/v2\/types\/product"}],"replies":[{"embeddable":true,"href":"https:\/\/alegerglobal.com\/pl\/wp-json\/wp\/v2\/comments?post=33718"}],"version-history":[{"count":0,"href":"https:\/\/alegerglobal.com\/pl\/wp-json\/wp\/v2\/product\/33718\/revisions"}],"wp:featuredmedia":[{"embeddable":true,"href":"https:\/\/alegerglobal.com\/pl\/wp-json\/wp\/v2\/media\/16886"}],"wp:attachment":[{"href":"https:\/\/alegerglobal.com\/pl\/wp-json\/wp\/v2\/media?parent=33718"}],"wp:term":[{"taxonomy":"product_brand","embeddable":true,"href":"https:\/\/alegerglobal.com\/pl\/wp-json\/wp\/v2\/product_brand?post=33718"},{"taxonomy":"product_cat","embeddable":true,"href":"https:\/\/alegerglobal.com\/pl\/wp-json\/wp\/v2\/product_cat?post=33718"},{"taxonomy":"product_tag","embeddable":true,"href":"https:\/\/alegerglobal.com\/pl\/wp-json\/wp\/v2\/product_tag?post=33718"}],"curies":[{"name":"wp","href":"https:\/\/api.w.org\/{rel}","templated":true}]}}