{"id":33716,"date":"2021-03-07T08:59:40","date_gmt":"2022-05-17T07:06:31","guid":{"rendered":"https:\/\/alegerglobal.com\/bez-kategorii\/ecom-pad-ex-pro-01-p8-dz2-tablet-zabezpieczony-przed-wybuchem-atex-zone-2-ekran-dotykowy-116-windows\/"},"modified":"2022-05-17T08:06:31","modified_gmt":"2022-05-17T07:06:31","slug":"ecom-pad-ex-pro-01-p8-dz2-2","status":"publish","type":"product","link":"https:\/\/alegerglobal.com\/pl\/shop-pl\/ecom-pad-ex-pro-01-p8-dz2-2\/","title":{"rendered":"ecom Pad-Ex\u00ae Pro 01 P8 DZ2, tablet zabezpieczony przed wybuchem, Atex Zone 2, ekran dotykowy 11,6&#8243;, Windows"},"content":{"rendered":"","protected":false},"excerpt":{"rendered":"<ul>\n<li style=\"font-weight: 400;\"><b>Zatwierdzenie dla<\/b><b> Strefa Ex<\/b><b> 2\/22 i Klasa 2\/Dywizja 2:<\/b><span style=\"font-weight: 400;\"> Mo\u017cliwo\u015bci zastosowania na ca\u0142ym \u015bwiecie wed\u0142ug<\/span><span style=\"font-weight: 400;\"> ATEX<\/span><span style=\"font-weight: 400;\"> dyrektywy dotycz\u0105ce atmosfery potencjalnie wybuchowej.<\/span><\/li>\n<li><b>Pojemno\u015bciowy ekran wielodotykowy:<\/b><span style=\"font-weight: 400;\"> Wy\u015bwietlacz o przek\u0105tnej 11,6 cala ma rozdzielczo\u015b\u0107 HD 1920&#215;1080 pikseli i jest doskonale czytelny nawet w bezpo\u015brednim \u015bwietle s\u0142onecznym.<\/span><\/li>\n<li style=\"font-weight: 400;\"><b>Du\u017ca moc obliczeniowa:<\/b><span style=\"font-weight: 400;\"> Procesory Intel\u00ae Core\u2122 i5 \u00f3smej generacji spe\u0142niaj\u0105 z\u0142o\u017cone wymagania aplikacji Industry 4.0. <\/span> <\/li>\n<li style=\"font-weight: 400;\"><b>Certyfikat IP64:<\/b><span style=\"font-weight: 400;\"> Wytrzyma\u0142y tablet Ex jest odporny na temperatury od -10\u00b0C do +55\u00b0C, wilgo\u0107, kurz, chemikalia i wibracje. <\/span> <\/li>\n<li style=\"font-weight: 400;\"><b>Rzeczywisto\u015b\u0107 rozszerzona:<\/b> dzi\u0119ki cyfrowej reprezentacji w rzeczywistym otoczeniu i czasie rzeczywistym<b>rzeczywisto\u015b\u0107 rozszerzona<\/b> wspomaga monitorowanie i rozwi\u0105zywanie problem\u00f3w w wielu r\u00f3\u017cnych systemach.<\/li>\n<\/ul>\n","protected":false},"featured_media":15880,"comment_status":"open","ping_status":"closed","template":"","meta":{"_acf_changed":false},"product_brand":[],"product_cat":[982,983,981],"product_tag":[],"class_list":{"0":"post-33716","1":"product","2":"type-product","3":"status-publish","4":"has-post-thumbnail","6":"product_cat-atex-pl","7":"product_cat-shop-pl","8":"product_cat-wytrzymaly-tablet","9":"pa_hersteller-ecom-pl","11":"first","12":"instock","13":"taxable","14":"shipping-taxable","15":"purchasable","16":"product-type-simple"},"acf":[],"yoast_head":"<!-- This site is optimized with the Yoast SEO Premium plugin v20.10 (Yoast SEO v24.3) - https:\/\/yoast.com\/wordpress\/plugins\/seo\/ -->\n<title>Kup Pad-Ex\u00ae Pro 01 P8 DZ2 z ecom - ALEGER \u22c6 Augmented Reality<\/title>\n<meta name=\"description\" content=\"Odkryj solidne urz\u0105dzenie Pad-Ex\u00ae Pro 01 P8 DZ2 firmy ecom. Pracuj mobilnie i bezpiecznie dzi\u0119ki temu tabletowi dla strefy 2 Atex.\" \/>\n<meta name=\"robots\" content=\"index, follow, max-snippet:-1, max-image-preview:large, max-video-preview:-1\" \/>\n<meta property=\"og:locale\" content=\"pl_PL\" \/>\n<meta property=\"og:type\" content=\"article\" \/>\n<meta property=\"og:title\" content=\"ecom Pad-Ex\u00ae Pro 01 P8 DZ2, tablet zabezpieczony przed wybuchem, Atex Zone 2, ekran dotykowy 11,6&quot;, Windows\" \/>\n<meta property=\"og:description\" content=\"Odkryj solidne urz\u0105dzenie Pad-Ex\u00ae Pro 01 P8 DZ2 firmy ecom. Pracuj mobilnie i bezpiecznie dzi\u0119ki temu tabletowi dla strefy 2 Atex.\" \/>\n<meta property=\"og:url\" content=\"https:\/\/alegerglobal.com\/pl\/shop-pl\/ecom-pad-ex-pro-01-p8-dz2-2\/\" \/>\n<meta property=\"og:site_name\" content=\"ALEGER \u22c6 Augmented Reality\" \/>\n<meta property=\"og:image\" content=\"https:\/\/alegerglobal.com\/wp-content\/uploads\/2021\/01\/csm_Pad-Ex_01_P8_DZ2_Gallery_1_97c295eb9f.png\" \/>\n\t<meta property=\"og:image:width\" content=\"400\" \/>\n\t<meta property=\"og:image:height\" content=\"400\" \/>\n\t<meta property=\"og:image:type\" content=\"image\/png\" \/>\n<meta name=\"twitter:card\" content=\"summary_large_image\" \/>\n<meta name=\"twitter:label1\" content=\"Cena\" \/>\n\t<meta name=\"twitter:data1\" content=\"&euro;4.249,00\" \/>\n\t<meta name=\"twitter:label2\" content=\"Dost\u0119pno\u015b\u0107\" \/>\n\t<meta name=\"twitter:data2\" content=\"Dost\u0119pny\" \/>\n<script type=\"application\/ld+json\" class=\"yoast-schema-graph\">{\"@context\":\"https:\/\/schema.org\",\"@graph\":[{\"@type\":\"WebPage\",\"@id\":\"https:\/\/alegerglobal.com\/pl\/shop-pl\/ecom-pad-ex-pro-01-p8-dz2-2\/\",\"url\":\"https:\/\/alegerglobal.com\/pl\/shop-pl\/ecom-pad-ex-pro-01-p8-dz2-2\/\",\"name\":\"Kup Pad-Ex\u00ae Pro 01 P8 DZ2 z ecom - ALEGER \u22c6 Augmented Reality\",\"isPartOf\":{\"@id\":\"https:\/\/alegerglobal.com\/pl\/#website\"},\"primaryImageOfPage\":{\"@id\":\"https:\/\/alegerglobal.com\/pl\/shop-pl\/ecom-pad-ex-pro-01-p8-dz2-2\/#primaryimage\"},\"image\":{\"@id\":\"https:\/\/alegerglobal.com\/pl\/shop-pl\/ecom-pad-ex-pro-01-p8-dz2-2\/#primaryimage\"},\"thumbnailUrl\":\"https:\/\/alegerglobal.com\/wp-content\/uploads\/2021\/01\/csm_Pad-Ex_01_P8_DZ2_Gallery_1_97c295eb9f.png\",\"datePublished\":\"2022-05-17T07:06:31+00:00\",\"dateModified\":\"2022-05-17T07:06:31+00:00\",\"description\":\"Odkryj solidne urz\u0105dzenie Pad-Ex\u00ae Pro 01 P8 DZ2 firmy ecom. Pracuj mobilnie i bezpiecznie dzi\u0119ki temu tabletowi dla strefy 2 Atex.\",\"breadcrumb\":{\"@id\":\"https:\/\/alegerglobal.com\/pl\/shop-pl\/ecom-pad-ex-pro-01-p8-dz2-2\/#breadcrumb\"},\"inLanguage\":\"pl-PL\",\"potentialAction\":[{\"@type\":\"ReadAction\",\"target\":[\"https:\/\/alegerglobal.com\/pl\/shop-pl\/ecom-pad-ex-pro-01-p8-dz2-2\/\"]}]},{\"@type\":\"ImageObject\",\"inLanguage\":\"pl-PL\",\"@id\":\"https:\/\/alegerglobal.com\/pl\/shop-pl\/ecom-pad-ex-pro-01-p8-dz2-2\/#primaryimage\",\"url\":\"https:\/\/alegerglobal.com\/wp-content\/uploads\/2021\/01\/csm_Pad-Ex_01_P8_DZ2_Gallery_1_97c295eb9f.png\",\"contentUrl\":\"https:\/\/alegerglobal.com\/wp-content\/uploads\/2021\/01\/csm_Pad-Ex_01_P8_DZ2_Gallery_1_97c295eb9f.png\",\"width\":400,\"height\":400,\"caption\":\"ecom Pad-Ex\u00ae Pro 01 P8 DZ2, tablet z ochron\u0105 Ex dla strefy 2 Atex\"},{\"@type\":\"BreadcrumbList\",\"@id\":\"https:\/\/alegerglobal.com\/pl\/shop-pl\/ecom-pad-ex-pro-01-p8-dz2-2\/#breadcrumb\",\"itemListElement\":[{\"@type\":\"ListItem\",\"position\":1,\"name\":\"Home\",\"item\":\"https:\/\/alegerglobal.com\/pl\/nowosc-strona-glowna\/\"},{\"@type\":\"ListItem\",\"position\":2,\"name\":\"Produkty\",\"item\":\"https:\/\/alegerglobal.com\/pl\/produkty\/\"},{\"@type\":\"ListItem\",\"position\":3,\"name\":\"ecom Pad-Ex\u00ae Pro 01 P8 DZ2, tablet zabezpieczony przed wybuchem, Atex Zone 2, ekran dotykowy 11,6&#8243;, Windows\"}]},{\"@type\":\"WebSite\",\"@id\":\"https:\/\/alegerglobal.com\/pl\/#website\",\"url\":\"https:\/\/alegerglobal.com\/pl\/\",\"name\":\"ALEGER \u22c6 Augmented Reality\",\"description\":\"Die besten Augmented Reality (AR) L\u00f6sungen der Welt.\",\"publisher\":{\"@id\":\"https:\/\/alegerglobal.com\/pl\/#organization\"},\"potentialAction\":[{\"@type\":\"SearchAction\",\"target\":{\"@type\":\"EntryPoint\",\"urlTemplate\":\"https:\/\/alegerglobal.com\/pl\/?s={search_term_string}\"},\"query-input\":{\"@type\":\"PropertyValueSpecification\",\"valueRequired\":true,\"valueName\":\"search_term_string\"}}],\"inLanguage\":\"pl-PL\"},{\"@type\":\"Organization\",\"@id\":\"https:\/\/alegerglobal.com\/pl\/#organization\",\"name\":\"ALEGER \u22c6 Augmented Reality\",\"url\":\"https:\/\/alegerglobal.com\/pl\/\",\"logo\":{\"@type\":\"ImageObject\",\"inLanguage\":\"pl-PL\",\"@id\":\"https:\/\/alegerglobal.com\/pl\/#\/schema\/logo\/image\/\",\"url\":\"https:\/\/alegerglobal.com\/wp-content\/uploads\/2020\/12\/aleger-logo-quadrat.jpg\",\"contentUrl\":\"https:\/\/alegerglobal.com\/wp-content\/uploads\/2020\/12\/aleger-logo-quadrat.jpg\",\"width\":200,\"height\":176,\"caption\":\"ALEGER \u22c6 Augmented Reality\"},\"image\":{\"@id\":\"https:\/\/alegerglobal.com\/pl\/#\/schema\/logo\/image\/\"}}]}<\/script>\n<meta property=\"product:brand\" content=\"Ecom\" \/>\n<meta property=\"product:price:amount\" content=\"4249.00\" \/>\n<meta property=\"product:price:currency\" content=\"EUR\" \/>\n<meta property=\"og:availability\" content=\"instock\" \/>\n<meta property=\"product:availability\" content=\"instock\" \/>\n<meta property=\"product:condition\" content=\"new\" \/>\n<!-- \/ Yoast SEO Premium plugin. -->","yoast_head_json":{"title":"Kup Pad-Ex\u00ae Pro 01 P8 DZ2 z ecom - ALEGER \u22c6 Augmented Reality","description":"Odkryj solidne urz\u0105dzenie Pad-Ex\u00ae Pro 01 P8 DZ2 firmy ecom. Pracuj mobilnie i bezpiecznie dzi\u0119ki temu tabletowi dla strefy 2 Atex.","robots":{"index":"index","follow":"follow","max-snippet":"max-snippet:-1","max-image-preview":"max-image-preview:large","max-video-preview":"max-video-preview:-1"},"og_locale":"pl_PL","og_type":"article","og_title":"ecom Pad-Ex\u00ae Pro 01 P8 DZ2, tablet zabezpieczony przed wybuchem, Atex Zone 2, ekran dotykowy 11,6\", Windows","og_description":"Odkryj solidne urz\u0105dzenie Pad-Ex\u00ae Pro 01 P8 DZ2 firmy ecom. Pracuj mobilnie i bezpiecznie dzi\u0119ki temu tabletowi dla strefy 2 Atex.","og_url":"https:\/\/alegerglobal.com\/pl\/shop-pl\/ecom-pad-ex-pro-01-p8-dz2-2\/","og_site_name":"ALEGER \u22c6 Augmented Reality","og_image":[{"width":400,"height":400,"url":"https:\/\/alegerglobal.com\/wp-content\/uploads\/2021\/01\/csm_Pad-Ex_01_P8_DZ2_Gallery_1_97c295eb9f.png","type":"image\/png"}],"twitter_card":"summary_large_image","twitter_misc":{"Cena":"&euro;4.249,00","Dost\u0119pno\u015b\u0107":"Dost\u0119pny"},"schema":{"@context":"https:\/\/schema.org","@graph":[{"@type":"WebPage","@id":"https:\/\/alegerglobal.com\/pl\/shop-pl\/ecom-pad-ex-pro-01-p8-dz2-2\/","url":"https:\/\/alegerglobal.com\/pl\/shop-pl\/ecom-pad-ex-pro-01-p8-dz2-2\/","name":"Kup Pad-Ex\u00ae Pro 01 P8 DZ2 z ecom - ALEGER \u22c6 Augmented Reality","isPartOf":{"@id":"https:\/\/alegerglobal.com\/pl\/#website"},"primaryImageOfPage":{"@id":"https:\/\/alegerglobal.com\/pl\/shop-pl\/ecom-pad-ex-pro-01-p8-dz2-2\/#primaryimage"},"image":{"@id":"https:\/\/alegerglobal.com\/pl\/shop-pl\/ecom-pad-ex-pro-01-p8-dz2-2\/#primaryimage"},"thumbnailUrl":"https:\/\/alegerglobal.com\/wp-content\/uploads\/2021\/01\/csm_Pad-Ex_01_P8_DZ2_Gallery_1_97c295eb9f.png","datePublished":"2022-05-17T07:06:31+00:00","dateModified":"2022-05-17T07:06:31+00:00","description":"Odkryj solidne urz\u0105dzenie Pad-Ex\u00ae Pro 01 P8 DZ2 firmy ecom. Pracuj mobilnie i bezpiecznie dzi\u0119ki temu tabletowi dla strefy 2 Atex.","breadcrumb":{"@id":"https:\/\/alegerglobal.com\/pl\/shop-pl\/ecom-pad-ex-pro-01-p8-dz2-2\/#breadcrumb"},"inLanguage":"pl-PL","potentialAction":[{"@type":"ReadAction","target":["https:\/\/alegerglobal.com\/pl\/shop-pl\/ecom-pad-ex-pro-01-p8-dz2-2\/"]}]},{"@type":"ImageObject","inLanguage":"pl-PL","@id":"https:\/\/alegerglobal.com\/pl\/shop-pl\/ecom-pad-ex-pro-01-p8-dz2-2\/#primaryimage","url":"https:\/\/alegerglobal.com\/wp-content\/uploads\/2021\/01\/csm_Pad-Ex_01_P8_DZ2_Gallery_1_97c295eb9f.png","contentUrl":"https:\/\/alegerglobal.com\/wp-content\/uploads\/2021\/01\/csm_Pad-Ex_01_P8_DZ2_Gallery_1_97c295eb9f.png","width":400,"height":400,"caption":"ecom Pad-Ex\u00ae Pro 01 P8 DZ2, tablet z ochron\u0105 Ex dla strefy 2 Atex"},{"@type":"BreadcrumbList","@id":"https:\/\/alegerglobal.com\/pl\/shop-pl\/ecom-pad-ex-pro-01-p8-dz2-2\/#breadcrumb","itemListElement":[{"@type":"ListItem","position":1,"name":"Home","item":"https:\/\/alegerglobal.com\/pl\/nowosc-strona-glowna\/"},{"@type":"ListItem","position":2,"name":"Produkty","item":"https:\/\/alegerglobal.com\/pl\/produkty\/"},{"@type":"ListItem","position":3,"name":"ecom Pad-Ex\u00ae Pro 01 P8 DZ2, tablet zabezpieczony przed wybuchem, Atex Zone 2, ekran dotykowy 11,6&#8243;, Windows"}]},{"@type":"WebSite","@id":"https:\/\/alegerglobal.com\/pl\/#website","url":"https:\/\/alegerglobal.com\/pl\/","name":"ALEGER \u22c6 Augmented Reality","description":"Die besten Augmented Reality (AR) L\u00f6sungen der Welt.","publisher":{"@id":"https:\/\/alegerglobal.com\/pl\/#organization"},"potentialAction":[{"@type":"SearchAction","target":{"@type":"EntryPoint","urlTemplate":"https:\/\/alegerglobal.com\/pl\/?s={search_term_string}"},"query-input":{"@type":"PropertyValueSpecification","valueRequired":true,"valueName":"search_term_string"}}],"inLanguage":"pl-PL"},{"@type":"Organization","@id":"https:\/\/alegerglobal.com\/pl\/#organization","name":"ALEGER \u22c6 Augmented Reality","url":"https:\/\/alegerglobal.com\/pl\/","logo":{"@type":"ImageObject","inLanguage":"pl-PL","@id":"https:\/\/alegerglobal.com\/pl\/#\/schema\/logo\/image\/","url":"https:\/\/alegerglobal.com\/wp-content\/uploads\/2020\/12\/aleger-logo-quadrat.jpg","contentUrl":"https:\/\/alegerglobal.com\/wp-content\/uploads\/2020\/12\/aleger-logo-quadrat.jpg","width":200,"height":176,"caption":"ALEGER \u22c6 Augmented Reality"},"image":{"@id":"https:\/\/alegerglobal.com\/pl\/#\/schema\/logo\/image\/"}}]},"product_brand":"Ecom","product_price_amount":"4249.00","product_price_currency":"EUR","og_availability":"instock","product_availability":"instock","product_condition":"new"},"_links":{"self":[{"href":"https:\/\/alegerglobal.com\/pl\/wp-json\/wp\/v2\/product\/33716","targetHints":{"allow":["GET"]}}],"collection":[{"href":"https:\/\/alegerglobal.com\/pl\/wp-json\/wp\/v2\/product"}],"about":[{"href":"https:\/\/alegerglobal.com\/pl\/wp-json\/wp\/v2\/types\/product"}],"replies":[{"embeddable":true,"href":"https:\/\/alegerglobal.com\/pl\/wp-json\/wp\/v2\/comments?post=33716"}],"version-history":[{"count":0,"href":"https:\/\/alegerglobal.com\/pl\/wp-json\/wp\/v2\/product\/33716\/revisions"}],"wp:featuredmedia":[{"embeddable":true,"href":"https:\/\/alegerglobal.com\/pl\/wp-json\/wp\/v2\/media\/15880"}],"wp:attachment":[{"href":"https:\/\/alegerglobal.com\/pl\/wp-json\/wp\/v2\/media?parent=33716"}],"wp:term":[{"taxonomy":"product_brand","embeddable":true,"href":"https:\/\/alegerglobal.com\/pl\/wp-json\/wp\/v2\/product_brand?post=33716"},{"taxonomy":"product_cat","embeddable":true,"href":"https:\/\/alegerglobal.com\/pl\/wp-json\/wp\/v2\/product_cat?post=33716"},{"taxonomy":"product_tag","embeddable":true,"href":"https:\/\/alegerglobal.com\/pl\/wp-json\/wp\/v2\/product_tag?post=33716"}],"curies":[{"name":"wp","href":"https:\/\/api.w.org\/{rel}","templated":true}]}}