{"id":33709,"date":"2021-03-07T09:07:00","date_gmt":"2022-05-17T07:05:14","guid":{"rendered":"https:\/\/alegerglobal.com\/bez-kategorii\/ecom-ex-handy-10-dz1-telefon-komorkowy-z-ochrona-ex-dla-strefy-1-atex-ekran-dotykowy-26-android\/"},"modified":"2022-05-17T08:05:14","modified_gmt":"2022-05-17T07:05:14","slug":"ecom-ex-handy-10-dz1-2","status":"publish","type":"product","link":"https:\/\/alegerglobal.com\/pl\/shop-pl\/branzowy-smartfon\/ecom-ex-handy-10-dz1-2\/","title":{"rendered":"ecom Ex-Handy 10 DZ1, telefon kom\u00f3rkowy z ochron\u0105 Ex dla strefy 1 ATEX, ekran dotykowy 2,6&#8243;, Android"},"content":{"rendered":"","protected":false},"excerpt":{"rendered":"<p><strong>Zatwierdzenie dla strefy Ex 1\/21 i klasy 1\/Div 1:<\/strong> mo\u017cliwo\u015b\u0107 stosowania na ca\u0142ym \u015bwiecie zgodnie z dyrektywami ATEX dotycz\u0105cymi<strong>stref<\/strong> zagro\u017conych wybuchem.<br \/>\n<strong>Ekran dotykowy i klawiatura:<\/strong> wy\u015bwietlacz o przek\u0105tnej 2,6 cala jest chroniony szk\u0142em Gorilla\u00ae Glass i zapewnia doskona\u0142\u0105 czytelno\u015b\u0107 nawet w \u015bwietle s\u0142onecznym. Urz\u0105dzenie Ex- Handy 10 mo\u017ce by\u0107 u\u017cywane w mokrych warunkach, nawet w r\u0119kawicach.<br \/>\n<strong>Bateria 4400 mAh:<\/strong> w tym telefonie kom\u00f3rkowym z zabezpieczeniem Ex zastosowano wydajn\u0105 bateri\u0119 o najwy\u017cszej jako\u015bci dzia\u0142ania, aby bezproblemowo przetrwa\u0107 nawet d\u0142ugie dni pracy.<br \/>\n<strong>Przyciski programowalne:<\/strong> Indywidualne opcje regulacji w zale\u017cno\u015bci od obszaru zastosowania oraz funkcja push-to-talk umo\u017cliwiaj\u0105 wyj\u0105tkowo prost\u0105 obs\u0142ug\u0119.<br \/>\n<strong>Bezpiecze\u0144stwo pracownik\u00f3w:<\/strong> opr\u00f3cz ochrony przeciwwybuchowej, ochrona samotnego pracownika niezawodnie zapewnia dodatkowe bezpiecze\u0144stwo w miejscu pracy.<br \/>\n<strong>Niezawodny towarzysz:<\/strong> aby wytrzyma\u0107 codzienne trudy pracy, ten wytrzyma\u0142y smartfon jest chroniony przed wilgoci\u0105, chemikaliami, wibracjami, kurzem i \u015bwiat\u0142em s\u0142onecznym.<\/p>\n","protected":false},"featured_media":15860,"comment_status":"open","ping_status":"closed","template":"","meta":{"_acf_changed":false},"product_brand":[],"product_cat":[995,983],"product_tag":[],"class_list":{"0":"post-33709","1":"product","2":"type-product","3":"status-publish","4":"has-post-thumbnail","6":"product_cat-branzowy-smartfon","7":"product_cat-shop-pl","8":"pa_hersteller-ecom-pl","10":"first","11":"instock","12":"taxable","13":"shipping-taxable","14":"purchasable","15":"product-type-simple"},"acf":[],"yoast_head":"<!-- This site is optimized with the Yoast SEO Premium plugin v20.10 (Yoast SEO v24.3) - https:\/\/yoast.com\/wordpress\/plugins\/seo\/ -->\n<title>Kupno by\u0142ego telefonu kom\u00f3rkowego 10 DZ1 z ecom - ALEGER \u22c6 Augmented Reality<\/title>\n<meta name=\"description\" content=\"Odkryj telefon kom\u00f3rkowy ecom Ex 10 DZ1 tutaj! Jest to ich idealny towarzysz w bran\u017cy. Pomoc techniczna i oprogramowanie od ekspert\u00f3w.\" \/>\n<meta name=\"robots\" content=\"index, follow, max-snippet:-1, max-image-preview:large, max-video-preview:-1\" \/>\n<meta property=\"og:locale\" content=\"pl_PL\" \/>\n<meta property=\"og:type\" content=\"article\" \/>\n<meta property=\"og:title\" content=\"ecom Ex-Handy 10 DZ1, telefon kom\u00f3rkowy z ochron\u0105 Ex dla strefy 1 ATEX, ekran dotykowy 2,6&quot;, Android\" \/>\n<meta property=\"og:description\" content=\"Odkryj telefon kom\u00f3rkowy ecom Ex 10 DZ1 tutaj! Jest to ich idealny towarzysz w bran\u017cy. Pomoc techniczna i oprogramowanie od ekspert\u00f3w.\" \/>\n<meta property=\"og:url\" content=\"https:\/\/alegerglobal.com\/pl\/shop-pl\/branzowy-smartfon\/ecom-ex-handy-10-dz1-2\/\" \/>\n<meta property=\"og:site_name\" content=\"ALEGER \u22c6 Augmented Reality\" \/>\n<meta property=\"og:image\" content=\"https:\/\/alegerglobal.com\/wp-content\/uploads\/2021\/01\/csm_ex-handy-10_dz1_technical-data_d82faf83cc.png\" \/>\n\t<meta property=\"og:image:width\" content=\"555\" \/>\n\t<meta property=\"og:image:height\" content=\"555\" \/>\n\t<meta property=\"og:image:type\" content=\"image\/png\" \/>\n<meta name=\"twitter:card\" content=\"summary_large_image\" \/>\n<meta name=\"twitter:label1\" content=\"Cena\" \/>\n\t<meta name=\"twitter:data1\" content=\"&euro;1.487,00\" \/>\n\t<meta name=\"twitter:label2\" content=\"Dost\u0119pno\u015b\u0107\" \/>\n\t<meta name=\"twitter:data2\" content=\"Dost\u0119pny\" \/>\n<script type=\"application\/ld+json\" class=\"yoast-schema-graph\">{\"@context\":\"https:\/\/schema.org\",\"@graph\":[{\"@type\":\"WebPage\",\"@id\":\"https:\/\/alegerglobal.com\/pl\/shop-pl\/branzowy-smartfon\/ecom-ex-handy-10-dz1-2\/\",\"url\":\"https:\/\/alegerglobal.com\/pl\/shop-pl\/branzowy-smartfon\/ecom-ex-handy-10-dz1-2\/\",\"name\":\"Kupno by\u0142ego telefonu kom\u00f3rkowego 10 DZ1 z ecom - ALEGER \u22c6 Augmented Reality\",\"isPartOf\":{\"@id\":\"https:\/\/alegerglobal.com\/pl\/#website\"},\"primaryImageOfPage\":{\"@id\":\"https:\/\/alegerglobal.com\/pl\/shop-pl\/branzowy-smartfon\/ecom-ex-handy-10-dz1-2\/#primaryimage\"},\"image\":{\"@id\":\"https:\/\/alegerglobal.com\/pl\/shop-pl\/branzowy-smartfon\/ecom-ex-handy-10-dz1-2\/#primaryimage\"},\"thumbnailUrl\":\"https:\/\/alegerglobal.com\/wp-content\/uploads\/2021\/01\/csm_ex-handy-10_dz1_technical-data_d82faf83cc.png\",\"datePublished\":\"2022-05-17T07:05:14+00:00\",\"dateModified\":\"2022-05-17T07:05:14+00:00\",\"description\":\"Odkryj telefon kom\u00f3rkowy ecom Ex 10 DZ1 tutaj! Jest to ich idealny towarzysz w bran\u017cy. Pomoc techniczna i oprogramowanie od ekspert\u00f3w.\",\"breadcrumb\":{\"@id\":\"https:\/\/alegerglobal.com\/pl\/shop-pl\/branzowy-smartfon\/ecom-ex-handy-10-dz1-2\/#breadcrumb\"},\"inLanguage\":\"pl-PL\",\"potentialAction\":[{\"@type\":\"ReadAction\",\"target\":[\"https:\/\/alegerglobal.com\/pl\/shop-pl\/branzowy-smartfon\/ecom-ex-handy-10-dz1-2\/\"]}]},{\"@type\":\"ImageObject\",\"inLanguage\":\"pl-PL\",\"@id\":\"https:\/\/alegerglobal.com\/pl\/shop-pl\/branzowy-smartfon\/ecom-ex-handy-10-dz1-2\/#primaryimage\",\"url\":\"https:\/\/alegerglobal.com\/wp-content\/uploads\/2021\/01\/csm_ex-handy-10_dz1_technical-data_d82faf83cc.png\",\"contentUrl\":\"https:\/\/alegerglobal.com\/wp-content\/uploads\/2021\/01\/csm_ex-handy-10_dz1_technical-data_d82faf83cc.png\",\"width\":555,\"height\":555,\"caption\":\"ecom Ex-Handy 10 DZ1\"},{\"@type\":\"BreadcrumbList\",\"@id\":\"https:\/\/alegerglobal.com\/pl\/shop-pl\/branzowy-smartfon\/ecom-ex-handy-10-dz1-2\/#breadcrumb\",\"itemListElement\":[{\"@type\":\"ListItem\",\"position\":1,\"name\":\"Home\",\"item\":\"https:\/\/alegerglobal.com\/pl\/nowosc-strona-glowna\/\"},{\"@type\":\"ListItem\",\"position\":2,\"name\":\"Produkty\",\"item\":\"https:\/\/alegerglobal.com\/pl\/produkty\/\"},{\"@type\":\"ListItem\",\"position\":3,\"name\":\"ecom Ex-Handy 10 DZ1, telefon kom\u00f3rkowy z ochron\u0105 Ex dla strefy 1 ATEX, ekran dotykowy 2,6&#8243;, Android\"}]},{\"@type\":\"WebSite\",\"@id\":\"https:\/\/alegerglobal.com\/pl\/#website\",\"url\":\"https:\/\/alegerglobal.com\/pl\/\",\"name\":\"ALEGER \u22c6 Augmented Reality\",\"description\":\"Die besten Augmented Reality (AR) L\u00f6sungen der Welt.\",\"publisher\":{\"@id\":\"https:\/\/alegerglobal.com\/pl\/#organization\"},\"potentialAction\":[{\"@type\":\"SearchAction\",\"target\":{\"@type\":\"EntryPoint\",\"urlTemplate\":\"https:\/\/alegerglobal.com\/pl\/?s={search_term_string}\"},\"query-input\":{\"@type\":\"PropertyValueSpecification\",\"valueRequired\":true,\"valueName\":\"search_term_string\"}}],\"inLanguage\":\"pl-PL\"},{\"@type\":\"Organization\",\"@id\":\"https:\/\/alegerglobal.com\/pl\/#organization\",\"name\":\"ALEGER \u22c6 Augmented Reality\",\"url\":\"https:\/\/alegerglobal.com\/pl\/\",\"logo\":{\"@type\":\"ImageObject\",\"inLanguage\":\"pl-PL\",\"@id\":\"https:\/\/alegerglobal.com\/pl\/#\/schema\/logo\/image\/\",\"url\":\"https:\/\/alegerglobal.com\/wp-content\/uploads\/2020\/12\/aleger-logo-quadrat.jpg\",\"contentUrl\":\"https:\/\/alegerglobal.com\/wp-content\/uploads\/2020\/12\/aleger-logo-quadrat.jpg\",\"width\":200,\"height\":176,\"caption\":\"ALEGER \u22c6 Augmented Reality\"},\"image\":{\"@id\":\"https:\/\/alegerglobal.com\/pl\/#\/schema\/logo\/image\/\"}}]}<\/script>\n<meta property=\"product:brand\" content=\"Ecom\" \/>\n<meta property=\"product:price:amount\" content=\"1487.00\" \/>\n<meta property=\"product:price:currency\" content=\"EUR\" \/>\n<meta property=\"og:availability\" content=\"instock\" \/>\n<meta property=\"product:availability\" content=\"instock\" \/>\n<meta property=\"product:condition\" content=\"new\" \/>\n<!-- \/ Yoast SEO Premium plugin. -->","yoast_head_json":{"title":"Kupno by\u0142ego telefonu kom\u00f3rkowego 10 DZ1 z ecom - ALEGER \u22c6 Augmented Reality","description":"Odkryj telefon kom\u00f3rkowy ecom Ex 10 DZ1 tutaj! Jest to ich idealny towarzysz w bran\u017cy. Pomoc techniczna i oprogramowanie od ekspert\u00f3w.","robots":{"index":"index","follow":"follow","max-snippet":"max-snippet:-1","max-image-preview":"max-image-preview:large","max-video-preview":"max-video-preview:-1"},"og_locale":"pl_PL","og_type":"article","og_title":"ecom Ex-Handy 10 DZ1, telefon kom\u00f3rkowy z ochron\u0105 Ex dla strefy 1 ATEX, ekran dotykowy 2,6\", Android","og_description":"Odkryj telefon kom\u00f3rkowy ecom Ex 10 DZ1 tutaj! Jest to ich idealny towarzysz w bran\u017cy. Pomoc techniczna i oprogramowanie od ekspert\u00f3w.","og_url":"https:\/\/alegerglobal.com\/pl\/shop-pl\/branzowy-smartfon\/ecom-ex-handy-10-dz1-2\/","og_site_name":"ALEGER \u22c6 Augmented Reality","og_image":[{"width":555,"height":555,"url":"https:\/\/alegerglobal.com\/wp-content\/uploads\/2021\/01\/csm_ex-handy-10_dz1_technical-data_d82faf83cc.png","type":"image\/png"}],"twitter_card":"summary_large_image","twitter_misc":{"Cena":"&euro;1.487,00","Dost\u0119pno\u015b\u0107":"Dost\u0119pny"},"schema":{"@context":"https:\/\/schema.org","@graph":[{"@type":"WebPage","@id":"https:\/\/alegerglobal.com\/pl\/shop-pl\/branzowy-smartfon\/ecom-ex-handy-10-dz1-2\/","url":"https:\/\/alegerglobal.com\/pl\/shop-pl\/branzowy-smartfon\/ecom-ex-handy-10-dz1-2\/","name":"Kupno by\u0142ego telefonu kom\u00f3rkowego 10 DZ1 z ecom - ALEGER \u22c6 Augmented Reality","isPartOf":{"@id":"https:\/\/alegerglobal.com\/pl\/#website"},"primaryImageOfPage":{"@id":"https:\/\/alegerglobal.com\/pl\/shop-pl\/branzowy-smartfon\/ecom-ex-handy-10-dz1-2\/#primaryimage"},"image":{"@id":"https:\/\/alegerglobal.com\/pl\/shop-pl\/branzowy-smartfon\/ecom-ex-handy-10-dz1-2\/#primaryimage"},"thumbnailUrl":"https:\/\/alegerglobal.com\/wp-content\/uploads\/2021\/01\/csm_ex-handy-10_dz1_technical-data_d82faf83cc.png","datePublished":"2022-05-17T07:05:14+00:00","dateModified":"2022-05-17T07:05:14+00:00","description":"Odkryj telefon kom\u00f3rkowy ecom Ex 10 DZ1 tutaj! Jest to ich idealny towarzysz w bran\u017cy. Pomoc techniczna i oprogramowanie od ekspert\u00f3w.","breadcrumb":{"@id":"https:\/\/alegerglobal.com\/pl\/shop-pl\/branzowy-smartfon\/ecom-ex-handy-10-dz1-2\/#breadcrumb"},"inLanguage":"pl-PL","potentialAction":[{"@type":"ReadAction","target":["https:\/\/alegerglobal.com\/pl\/shop-pl\/branzowy-smartfon\/ecom-ex-handy-10-dz1-2\/"]}]},{"@type":"ImageObject","inLanguage":"pl-PL","@id":"https:\/\/alegerglobal.com\/pl\/shop-pl\/branzowy-smartfon\/ecom-ex-handy-10-dz1-2\/#primaryimage","url":"https:\/\/alegerglobal.com\/wp-content\/uploads\/2021\/01\/csm_ex-handy-10_dz1_technical-data_d82faf83cc.png","contentUrl":"https:\/\/alegerglobal.com\/wp-content\/uploads\/2021\/01\/csm_ex-handy-10_dz1_technical-data_d82faf83cc.png","width":555,"height":555,"caption":"ecom Ex-Handy 10 DZ1"},{"@type":"BreadcrumbList","@id":"https:\/\/alegerglobal.com\/pl\/shop-pl\/branzowy-smartfon\/ecom-ex-handy-10-dz1-2\/#breadcrumb","itemListElement":[{"@type":"ListItem","position":1,"name":"Home","item":"https:\/\/alegerglobal.com\/pl\/nowosc-strona-glowna\/"},{"@type":"ListItem","position":2,"name":"Produkty","item":"https:\/\/alegerglobal.com\/pl\/produkty\/"},{"@type":"ListItem","position":3,"name":"ecom Ex-Handy 10 DZ1, telefon kom\u00f3rkowy z ochron\u0105 Ex dla strefy 1 ATEX, ekran dotykowy 2,6&#8243;, Android"}]},{"@type":"WebSite","@id":"https:\/\/alegerglobal.com\/pl\/#website","url":"https:\/\/alegerglobal.com\/pl\/","name":"ALEGER \u22c6 Augmented Reality","description":"Die besten Augmented Reality (AR) L\u00f6sungen der Welt.","publisher":{"@id":"https:\/\/alegerglobal.com\/pl\/#organization"},"potentialAction":[{"@type":"SearchAction","target":{"@type":"EntryPoint","urlTemplate":"https:\/\/alegerglobal.com\/pl\/?s={search_term_string}"},"query-input":{"@type":"PropertyValueSpecification","valueRequired":true,"valueName":"search_term_string"}}],"inLanguage":"pl-PL"},{"@type":"Organization","@id":"https:\/\/alegerglobal.com\/pl\/#organization","name":"ALEGER \u22c6 Augmented Reality","url":"https:\/\/alegerglobal.com\/pl\/","logo":{"@type":"ImageObject","inLanguage":"pl-PL","@id":"https:\/\/alegerglobal.com\/pl\/#\/schema\/logo\/image\/","url":"https:\/\/alegerglobal.com\/wp-content\/uploads\/2020\/12\/aleger-logo-quadrat.jpg","contentUrl":"https:\/\/alegerglobal.com\/wp-content\/uploads\/2020\/12\/aleger-logo-quadrat.jpg","width":200,"height":176,"caption":"ALEGER \u22c6 Augmented Reality"},"image":{"@id":"https:\/\/alegerglobal.com\/pl\/#\/schema\/logo\/image\/"}}]},"product_brand":"Ecom","product_price_amount":"1487.00","product_price_currency":"EUR","og_availability":"instock","product_availability":"instock","product_condition":"new"},"_links":{"self":[{"href":"https:\/\/alegerglobal.com\/pl\/wp-json\/wp\/v2\/product\/33709","targetHints":{"allow":["GET"]}}],"collection":[{"href":"https:\/\/alegerglobal.com\/pl\/wp-json\/wp\/v2\/product"}],"about":[{"href":"https:\/\/alegerglobal.com\/pl\/wp-json\/wp\/v2\/types\/product"}],"replies":[{"embeddable":true,"href":"https:\/\/alegerglobal.com\/pl\/wp-json\/wp\/v2\/comments?post=33709"}],"version-history":[{"count":0,"href":"https:\/\/alegerglobal.com\/pl\/wp-json\/wp\/v2\/product\/33709\/revisions"}],"wp:featuredmedia":[{"embeddable":true,"href":"https:\/\/alegerglobal.com\/pl\/wp-json\/wp\/v2\/media\/15860"}],"wp:attachment":[{"href":"https:\/\/alegerglobal.com\/pl\/wp-json\/wp\/v2\/media?parent=33709"}],"wp:term":[{"taxonomy":"product_brand","embeddable":true,"href":"https:\/\/alegerglobal.com\/pl\/wp-json\/wp\/v2\/product_brand?post=33709"},{"taxonomy":"product_cat","embeddable":true,"href":"https:\/\/alegerglobal.com\/pl\/wp-json\/wp\/v2\/product_cat?post=33709"},{"taxonomy":"product_tag","embeddable":true,"href":"https:\/\/alegerglobal.com\/pl\/wp-json\/wp\/v2\/product_tag?post=33709"}],"curies":[{"name":"wp","href":"https:\/\/api.w.org\/{rel}","templated":true}]}}