{"id":33708,"date":"2021-03-07T09:08:07","date_gmt":"2022-05-17T07:05:12","guid":{"rendered":"https:\/\/alegerglobal.com\/bez-kategorii\/ecom-smart-ex-02-dz2-smartfon-z-ochrona-ex-dla-strefy-2-atex-5-ekran-dotykowy-android\/"},"modified":"2022-05-17T08:05:12","modified_gmt":"2022-05-17T07:05:12","slug":"ecom-smart-ex-02-dz2-2","status":"publish","type":"product","link":"https:\/\/alegerglobal.com\/pl\/shop-pl\/branzowy-smartfon\/ecom-smart-ex-02-dz2-2\/","title":{"rendered":"ecom Smart-Ex 02 DZ2, smartfon z ochron\u0105 Ex dla strefy 2 ATEX, 5&#8243; ekran dotykowy, Android"},"content":{"rendered":"","protected":false},"excerpt":{"rendered":"<ul>\n<li style=\"font-weight: 400;\"><b>Zatwierdzenie dla<\/b><b> Strefa Ex<\/b><b> 2\/22 i Klasa 2\/Dywizja 2:<\/b><span style=\"font-weight: 400;\"> Mo\u017cliwo\u015bci zastosowania na ca\u0142ym \u015bwiecie wed\u0142ug<\/span><span style=\"font-weight: 400;\"> ATEX<\/span><span style=\"font-weight: 400;\"> dyrektywy dotycz\u0105ce atmosfery potencjalnie wybuchowej. <\/span> <\/li>\n<li style=\"font-weight: 400;\"><b>Ekran dotykowy o wysokiej rozdzielczo\u015bci: <\/b><span style=\"font-weight: 400;\">Chroniony szk\u0142em Gorilla\u00ae Glass, 5-calowy wy\u015bwietlacz mo\u017ce by\u0107 bez problemu u\u017cywany w r\u0119kawiczkach lub w mokrych warunkach i jest doskonale czytelny nawet w \u015bwietle s\u0142onecznym.<\/span><\/li>\n<li><b>Najmocniejszy wymienny akumulator:<\/b> <span style=\"font-weight: 400;\">Bezb\u0142\u0119dne radzenie sobie z d\u0142ugimi dniami pracy, <\/span><span style=\"font-weight: 400;\">the <\/span><span style=\"font-weight: 400;\">smartfon iskrobezpieczny <\/span><span style=\"font-weight: 400;\">u\u017cywa akumulatora z <\/span><span style=\"font-weight: 400;\">4400 mAh.<\/span><\/li>\n<li><b>\u0141atwo\u015b\u0107 u\u017cycia<\/b><span style=\"font-weight: 400;\">: <\/span><span style=\"font-weight: 400;\">DeepL Dost\u0119p umo\u017cliwia indywidualn\u0105 optymalizacj\u0119<\/span><span style=\"font-weight: 400;\"> oraz <\/span><span style=\"font-weight: 400;\">oraz funkcj\u0119 &#8222;push-to-talk&#8221; (naci\u015bnij i m\u00f3w) <\/span><span style=\"font-weight: 400;\">nieskomplikowany <\/span> <span style=\"font-weight: 400;\">Komunikacja gwarantowana. D<\/span><span style=\"font-weight: 400;\">o\u0142o\u017cenie i wielko\u015b\u0107 przycisk\u00f3w s\u0105 przystosowane do u\u017cywania w r\u0119kawiczkach.<\/span><\/li>\n<li><b>Dla temperatur w zakresie od -20\u00b0C do +60\u00b0C: <\/b><span style=\"font-weight: 400;\">Smartfon z<\/span><span style=\"font-weight: 400;\"> Certyfikat IP68<\/span><span style=\"font-weight: 400;\"> jest w pe\u0142ni funkcjonalny nawet w rozszerzonym zakresie temperatur.<\/span><\/li>\n<li style=\"font-weight: 400;\"><b>Wytrzymuje codzienne obci\u0105\u017cenia i napr\u0119\u017cenia:  <\/b><span style=\"font-weight: 400;\">Wytrzyma\u0142y smartfon jest idealny do pracy w trudnych warunkach. Ochrona przed wilgoci\u0105, chemikaliami, wibracjami, kurzem i \u015bwiat\u0142em s\u0142onecznym sprawia, \u017ce urz\u0105dzenie jest niezawodnym towarzyszem.  <\/span><\/li>\n<\/ul>\n","protected":false},"featured_media":15865,"comment_status":"open","ping_status":"closed","template":"","meta":{"_acf_changed":false},"product_brand":[],"product_cat":[982,995,983],"product_tag":[],"class_list":{"0":"post-33708","1":"product","2":"type-product","3":"status-publish","4":"has-post-thumbnail","6":"product_cat-atex-pl","7":"product_cat-branzowy-smartfon","8":"product_cat-shop-pl","9":"pa_hersteller-ecom-pl","11":"first","12":"instock","13":"taxable","14":"shipping-taxable","15":"purchasable","16":"product-type-simple"},"acf":[],"yoast_head":"<!-- This site is optimized with the Yoast SEO Premium plugin v20.10 (Yoast SEO v24.3) - https:\/\/yoast.com\/wordpress\/plugins\/seo\/ -->\n<title>Kup Smart-Ex 02 DZ2 z ecom ALEGER \u22c6 Augmented Reality<\/title>\n<meta name=\"description\" content=\"Zaprojektowany zgodnie z dyrektyw\u0105 ATEX, ecom Smart-Ex 02 DZ2 jest idealnym towarzyszem do zastosowa\u0144 przemys\u0142owych. \ud83d\udd27\ud83d\udd29\" \/>\n<meta name=\"robots\" content=\"index, follow, max-snippet:-1, max-image-preview:large, max-video-preview:-1\" \/>\n<meta property=\"og:locale\" content=\"pl_PL\" \/>\n<meta property=\"og:type\" content=\"article\" \/>\n<meta property=\"og:title\" content=\"ecom Smart-Ex 02 DZ2, smartfon z ochron\u0105 Ex dla strefy 2 ATEX, 5&quot; ekran dotykowy, Android\" \/>\n<meta property=\"og:description\" content=\"Zaprojektowany zgodnie z dyrektyw\u0105 ATEX, ecom Smart-Ex 02 DZ2 jest idealnym towarzyszem do zastosowa\u0144 przemys\u0142owych. \ud83d\udd27\ud83d\udd29\" \/>\n<meta property=\"og:url\" content=\"https:\/\/alegerglobal.com\/pl\/shop-pl\/branzowy-smartfon\/ecom-smart-ex-02-dz2-2\/\" \/>\n<meta property=\"og:site_name\" content=\"ALEGER \u22c6 Augmented Reality\" \/>\n<meta property=\"og:image\" content=\"https:\/\/alegerglobal.com\/wp-content\/uploads\/2021\/01\/csm_smart-ex_02_dz2-tech_b2d8a71094.png\" \/>\n\t<meta property=\"og:image:width\" content=\"555\" \/>\n\t<meta property=\"og:image:height\" content=\"555\" \/>\n\t<meta property=\"og:image:type\" content=\"image\/png\" \/>\n<meta name=\"twitter:card\" content=\"summary_large_image\" \/>\n<meta name=\"twitter:label1\" content=\"Cena\" \/>\n\t<meta name=\"twitter:data1\" content=\"&euro;1.993,00\" \/>\n\t<meta name=\"twitter:label2\" content=\"Dost\u0119pno\u015b\u0107\" \/>\n\t<meta name=\"twitter:data2\" content=\"Dost\u0119pny\" \/>\n<script type=\"application\/ld+json\" class=\"yoast-schema-graph\">{\"@context\":\"https:\/\/schema.org\",\"@graph\":[{\"@type\":\"WebPage\",\"@id\":\"https:\/\/alegerglobal.com\/pl\/shop-pl\/branzowy-smartfon\/ecom-smart-ex-02-dz2-2\/\",\"url\":\"https:\/\/alegerglobal.com\/pl\/shop-pl\/branzowy-smartfon\/ecom-smart-ex-02-dz2-2\/\",\"name\":\"Kup Smart-Ex 02 DZ2 z ecom ALEGER \u22c6 Augmented Reality\",\"isPartOf\":{\"@id\":\"https:\/\/alegerglobal.com\/pl\/#website\"},\"primaryImageOfPage\":{\"@id\":\"https:\/\/alegerglobal.com\/pl\/shop-pl\/branzowy-smartfon\/ecom-smart-ex-02-dz2-2\/#primaryimage\"},\"image\":{\"@id\":\"https:\/\/alegerglobal.com\/pl\/shop-pl\/branzowy-smartfon\/ecom-smart-ex-02-dz2-2\/#primaryimage\"},\"thumbnailUrl\":\"https:\/\/alegerglobal.com\/wp-content\/uploads\/2021\/01\/csm_smart-ex_02_dz2-tech_b2d8a71094.png\",\"datePublished\":\"2022-05-17T07:05:12+00:00\",\"dateModified\":\"2022-05-17T07:05:12+00:00\",\"description\":\"Zaprojektowany zgodnie z dyrektyw\u0105 ATEX, ecom Smart-Ex 02 DZ2 jest idealnym towarzyszem do zastosowa\u0144 przemys\u0142owych. \ud83d\udd27\ud83d\udd29\",\"breadcrumb\":{\"@id\":\"https:\/\/alegerglobal.com\/pl\/shop-pl\/branzowy-smartfon\/ecom-smart-ex-02-dz2-2\/#breadcrumb\"},\"inLanguage\":\"pl-PL\",\"potentialAction\":[{\"@type\":\"ReadAction\",\"target\":[\"https:\/\/alegerglobal.com\/pl\/shop-pl\/branzowy-smartfon\/ecom-smart-ex-02-dz2-2\/\"]}]},{\"@type\":\"ImageObject\",\"inLanguage\":\"pl-PL\",\"@id\":\"https:\/\/alegerglobal.com\/pl\/shop-pl\/branzowy-smartfon\/ecom-smart-ex-02-dz2-2\/#primaryimage\",\"url\":\"https:\/\/alegerglobal.com\/wp-content\/uploads\/2021\/01\/csm_smart-ex_02_dz2-tech_b2d8a71094.png\",\"contentUrl\":\"https:\/\/alegerglobal.com\/wp-content\/uploads\/2021\/01\/csm_smart-ex_02_dz2-tech_b2d8a71094.png\",\"width\":555,\"height\":555,\"caption\":\"ecom Smart-Ex 02 DZ2, smartfon z ochron\u0105 Ex dla strefy 2 ATEX\"},{\"@type\":\"BreadcrumbList\",\"@id\":\"https:\/\/alegerglobal.com\/pl\/shop-pl\/branzowy-smartfon\/ecom-smart-ex-02-dz2-2\/#breadcrumb\",\"itemListElement\":[{\"@type\":\"ListItem\",\"position\":1,\"name\":\"Home\",\"item\":\"https:\/\/alegerglobal.com\/pl\/nowosc-strona-glowna\/\"},{\"@type\":\"ListItem\",\"position\":2,\"name\":\"Produkty\",\"item\":\"https:\/\/alegerglobal.com\/pl\/produkty\/\"},{\"@type\":\"ListItem\",\"position\":3,\"name\":\"ecom Smart-Ex 02 DZ2, smartfon z ochron\u0105 Ex dla strefy 2 ATEX, 5&#8243; ekran dotykowy, Android\"}]},{\"@type\":\"WebSite\",\"@id\":\"https:\/\/alegerglobal.com\/pl\/#website\",\"url\":\"https:\/\/alegerglobal.com\/pl\/\",\"name\":\"ALEGER \u22c6 Augmented Reality\",\"description\":\"Die besten Augmented Reality (AR) L\u00f6sungen der Welt.\",\"publisher\":{\"@id\":\"https:\/\/alegerglobal.com\/pl\/#organization\"},\"potentialAction\":[{\"@type\":\"SearchAction\",\"target\":{\"@type\":\"EntryPoint\",\"urlTemplate\":\"https:\/\/alegerglobal.com\/pl\/?s={search_term_string}\"},\"query-input\":{\"@type\":\"PropertyValueSpecification\",\"valueRequired\":true,\"valueName\":\"search_term_string\"}}],\"inLanguage\":\"pl-PL\"},{\"@type\":\"Organization\",\"@id\":\"https:\/\/alegerglobal.com\/pl\/#organization\",\"name\":\"ALEGER \u22c6 Augmented Reality\",\"url\":\"https:\/\/alegerglobal.com\/pl\/\",\"logo\":{\"@type\":\"ImageObject\",\"inLanguage\":\"pl-PL\",\"@id\":\"https:\/\/alegerglobal.com\/pl\/#\/schema\/logo\/image\/\",\"url\":\"https:\/\/alegerglobal.com\/wp-content\/uploads\/2020\/12\/aleger-logo-quadrat.jpg\",\"contentUrl\":\"https:\/\/alegerglobal.com\/wp-content\/uploads\/2020\/12\/aleger-logo-quadrat.jpg\",\"width\":200,\"height\":176,\"caption\":\"ALEGER \u22c6 Augmented Reality\"},\"image\":{\"@id\":\"https:\/\/alegerglobal.com\/pl\/#\/schema\/logo\/image\/\"}}]}<\/script>\n<meta property=\"product:brand\" content=\"Ecom\" \/>\n<meta property=\"product:price:amount\" content=\"1993.00\" \/>\n<meta property=\"product:price:currency\" content=\"EUR\" \/>\n<meta property=\"og:availability\" content=\"instock\" \/>\n<meta property=\"product:availability\" content=\"instock\" \/>\n<meta property=\"product:condition\" content=\"new\" \/>\n<!-- \/ Yoast SEO Premium plugin. -->","yoast_head_json":{"title":"Kup Smart-Ex 02 DZ2 z ecom ALEGER \u22c6 Augmented Reality","description":"Zaprojektowany zgodnie z dyrektyw\u0105 ATEX, ecom Smart-Ex 02 DZ2 jest idealnym towarzyszem do zastosowa\u0144 przemys\u0142owych. \ud83d\udd27\ud83d\udd29","robots":{"index":"index","follow":"follow","max-snippet":"max-snippet:-1","max-image-preview":"max-image-preview:large","max-video-preview":"max-video-preview:-1"},"og_locale":"pl_PL","og_type":"article","og_title":"ecom Smart-Ex 02 DZ2, smartfon z ochron\u0105 Ex dla strefy 2 ATEX, 5\" ekran dotykowy, Android","og_description":"Zaprojektowany zgodnie z dyrektyw\u0105 ATEX, ecom Smart-Ex 02 DZ2 jest idealnym towarzyszem do zastosowa\u0144 przemys\u0142owych. \ud83d\udd27\ud83d\udd29","og_url":"https:\/\/alegerglobal.com\/pl\/shop-pl\/branzowy-smartfon\/ecom-smart-ex-02-dz2-2\/","og_site_name":"ALEGER \u22c6 Augmented Reality","og_image":[{"width":555,"height":555,"url":"https:\/\/alegerglobal.com\/wp-content\/uploads\/2021\/01\/csm_smart-ex_02_dz2-tech_b2d8a71094.png","type":"image\/png"}],"twitter_card":"summary_large_image","twitter_misc":{"Cena":"&euro;1.993,00","Dost\u0119pno\u015b\u0107":"Dost\u0119pny"},"schema":{"@context":"https:\/\/schema.org","@graph":[{"@type":"WebPage","@id":"https:\/\/alegerglobal.com\/pl\/shop-pl\/branzowy-smartfon\/ecom-smart-ex-02-dz2-2\/","url":"https:\/\/alegerglobal.com\/pl\/shop-pl\/branzowy-smartfon\/ecom-smart-ex-02-dz2-2\/","name":"Kup Smart-Ex 02 DZ2 z ecom ALEGER \u22c6 Augmented Reality","isPartOf":{"@id":"https:\/\/alegerglobal.com\/pl\/#website"},"primaryImageOfPage":{"@id":"https:\/\/alegerglobal.com\/pl\/shop-pl\/branzowy-smartfon\/ecom-smart-ex-02-dz2-2\/#primaryimage"},"image":{"@id":"https:\/\/alegerglobal.com\/pl\/shop-pl\/branzowy-smartfon\/ecom-smart-ex-02-dz2-2\/#primaryimage"},"thumbnailUrl":"https:\/\/alegerglobal.com\/wp-content\/uploads\/2021\/01\/csm_smart-ex_02_dz2-tech_b2d8a71094.png","datePublished":"2022-05-17T07:05:12+00:00","dateModified":"2022-05-17T07:05:12+00:00","description":"Zaprojektowany zgodnie z dyrektyw\u0105 ATEX, ecom Smart-Ex 02 DZ2 jest idealnym towarzyszem do zastosowa\u0144 przemys\u0142owych. \ud83d\udd27\ud83d\udd29","breadcrumb":{"@id":"https:\/\/alegerglobal.com\/pl\/shop-pl\/branzowy-smartfon\/ecom-smart-ex-02-dz2-2\/#breadcrumb"},"inLanguage":"pl-PL","potentialAction":[{"@type":"ReadAction","target":["https:\/\/alegerglobal.com\/pl\/shop-pl\/branzowy-smartfon\/ecom-smart-ex-02-dz2-2\/"]}]},{"@type":"ImageObject","inLanguage":"pl-PL","@id":"https:\/\/alegerglobal.com\/pl\/shop-pl\/branzowy-smartfon\/ecom-smart-ex-02-dz2-2\/#primaryimage","url":"https:\/\/alegerglobal.com\/wp-content\/uploads\/2021\/01\/csm_smart-ex_02_dz2-tech_b2d8a71094.png","contentUrl":"https:\/\/alegerglobal.com\/wp-content\/uploads\/2021\/01\/csm_smart-ex_02_dz2-tech_b2d8a71094.png","width":555,"height":555,"caption":"ecom Smart-Ex 02 DZ2, smartfon z ochron\u0105 Ex dla strefy 2 ATEX"},{"@type":"BreadcrumbList","@id":"https:\/\/alegerglobal.com\/pl\/shop-pl\/branzowy-smartfon\/ecom-smart-ex-02-dz2-2\/#breadcrumb","itemListElement":[{"@type":"ListItem","position":1,"name":"Home","item":"https:\/\/alegerglobal.com\/pl\/nowosc-strona-glowna\/"},{"@type":"ListItem","position":2,"name":"Produkty","item":"https:\/\/alegerglobal.com\/pl\/produkty\/"},{"@type":"ListItem","position":3,"name":"ecom Smart-Ex 02 DZ2, smartfon z ochron\u0105 Ex dla strefy 2 ATEX, 5&#8243; ekran dotykowy, Android"}]},{"@type":"WebSite","@id":"https:\/\/alegerglobal.com\/pl\/#website","url":"https:\/\/alegerglobal.com\/pl\/","name":"ALEGER \u22c6 Augmented Reality","description":"Die besten Augmented Reality (AR) L\u00f6sungen der Welt.","publisher":{"@id":"https:\/\/alegerglobal.com\/pl\/#organization"},"potentialAction":[{"@type":"SearchAction","target":{"@type":"EntryPoint","urlTemplate":"https:\/\/alegerglobal.com\/pl\/?s={search_term_string}"},"query-input":{"@type":"PropertyValueSpecification","valueRequired":true,"valueName":"search_term_string"}}],"inLanguage":"pl-PL"},{"@type":"Organization","@id":"https:\/\/alegerglobal.com\/pl\/#organization","name":"ALEGER \u22c6 Augmented Reality","url":"https:\/\/alegerglobal.com\/pl\/","logo":{"@type":"ImageObject","inLanguage":"pl-PL","@id":"https:\/\/alegerglobal.com\/pl\/#\/schema\/logo\/image\/","url":"https:\/\/alegerglobal.com\/wp-content\/uploads\/2020\/12\/aleger-logo-quadrat.jpg","contentUrl":"https:\/\/alegerglobal.com\/wp-content\/uploads\/2020\/12\/aleger-logo-quadrat.jpg","width":200,"height":176,"caption":"ALEGER \u22c6 Augmented Reality"},"image":{"@id":"https:\/\/alegerglobal.com\/pl\/#\/schema\/logo\/image\/"}}]},"product_brand":"Ecom","product_price_amount":"1993.00","product_price_currency":"EUR","og_availability":"instock","product_availability":"instock","product_condition":"new"},"_links":{"self":[{"href":"https:\/\/alegerglobal.com\/pl\/wp-json\/wp\/v2\/product\/33708","targetHints":{"allow":["GET"]}}],"collection":[{"href":"https:\/\/alegerglobal.com\/pl\/wp-json\/wp\/v2\/product"}],"about":[{"href":"https:\/\/alegerglobal.com\/pl\/wp-json\/wp\/v2\/types\/product"}],"replies":[{"embeddable":true,"href":"https:\/\/alegerglobal.com\/pl\/wp-json\/wp\/v2\/comments?post=33708"}],"version-history":[{"count":0,"href":"https:\/\/alegerglobal.com\/pl\/wp-json\/wp\/v2\/product\/33708\/revisions"}],"wp:featuredmedia":[{"embeddable":true,"href":"https:\/\/alegerglobal.com\/pl\/wp-json\/wp\/v2\/media\/15865"}],"wp:attachment":[{"href":"https:\/\/alegerglobal.com\/pl\/wp-json\/wp\/v2\/media?parent=33708"}],"wp:term":[{"taxonomy":"product_brand","embeddable":true,"href":"https:\/\/alegerglobal.com\/pl\/wp-json\/wp\/v2\/product_brand?post=33708"},{"taxonomy":"product_cat","embeddable":true,"href":"https:\/\/alegerglobal.com\/pl\/wp-json\/wp\/v2\/product_cat?post=33708"},{"taxonomy":"product_tag","embeddable":true,"href":"https:\/\/alegerglobal.com\/pl\/wp-json\/wp\/v2\/product_tag?post=33708"}],"curies":[{"name":"wp","href":"https:\/\/api.w.org\/{rel}","templated":true}]}}