{"id":33707,"date":"2021-03-07T09:09:35","date_gmt":"2022-05-17T07:05:11","guid":{"rendered":"https:\/\/alegerglobal.com\/bez-kategorii\/ecom-smart-ex-02-dz1-smartfon-z-ochrona-ex-dla-strefy-1-atex-ekran-dotykowy-5-android\/"},"modified":"2022-05-17T08:05:11","modified_gmt":"2022-05-17T07:05:11","slug":"ecom-smart-ex-02-dz1-2","status":"publish","type":"product","link":"https:\/\/alegerglobal.com\/pl\/shop-pl\/branzowy-smartfon\/ecom-smart-ex-02-dz1-2\/","title":{"rendered":"ecom Smart-Ex 02 DZ1, smartfon z ochron\u0105 Ex dla strefy 1 ATEX, ekran dotykowy 5&#8243;, Android"},"content":{"rendered":"","protected":false},"excerpt":{"rendered":"<ul>\n<li style=\"font-weight: 400;\"><b>Mo\u017cliwo\u015bci zastosowania na ca\u0142ym \u015bwiecie<\/b><span style=\"font-weight: 400;\">Wed\u0142ug <\/span><span style=\"font-weight: 400;\">ATEX <\/span><span style=\"font-weight: 400;\">dyrektywy, urz\u0105dzenie nadaje si\u0119 do stosowania w strefach zagro\u017conych wybuchem w<\/span><span style=\"font-weight: 400;\"> Strefa Ex<\/span><span style=\"font-weight: 400;\"> 1\/21 i klasa 1\/Div 1. <\/span> <\/li>\n<li style=\"font-weight: 400;\"><b>Wy\u015bwietlacz chroniony szk\u0142em Gorilla\u00ae Glass: <\/b><span style=\"font-weight: 400;\">5-calowy ekran dotykowy o wysokiej rozdzielczo\u015bci mo\u017cna odczyta\u0107<\/span> <span style=\"font-weight: 400;\">Mo\u017cna go \u0142atwo odczyta\u0107 w \u015bwietle s\u0142onecznym i jest funkcjonalny r\u00f3wnie\u017c w r\u0119kawiczkach lub w wilgotnych warunkach.<\/span><\/li>\n<li><b>Wymienny akumulator o du\u017cej mocy:<\/b><span style=\"font-weight: 400;\"> Strona <\/span><span style=\"font-weight: 400;\">smartfon iskrobezpieczny <\/span><span style=\"font-weight: 400;\">wykorzystuje pot\u0119\u017cny <\/span><span style=\"font-weight: 400;\">bateria o pojemno\u015bci 4400 mAh, dzi\u0119ki czemu mo\u017cna sobie poradzi\u0107 z d\u0142ugimi dniami pracy.<\/span><\/li>\n<li><b>Zoptymalizowane klawisze<\/b><span style=\"font-weight: 400;\">Pozycja i rozmiar klawiszy zosta\u0142y dostosowane do u\u017cywania w r\u0119kawiczkach. <\/span><span style=\"font-weight: 400;\">Funkcja Push-to-talk i inne dost\u0119py na stronie DeepL umo\u017cliwiaj\u0105 szczeg\u00f3lnie efektywne korzystanie z telefonu.<\/span><\/li>\n<li><b>Dla rozszerzonego zakresu temperatur: <\/b><span style=\"font-weight: 400;\">Dodatkowo do<\/span><span style=\"font-weight: 400;\"> Certyfikat IP68<\/span><span style=\"font-weight: 400;\"> smartfon jest w pe\u0142ni funkcjonalny tak\u017ce w temperaturach od -20\u00b0C do +60\u00b0C. <\/span> <\/li>\n<li style=\"font-weight: 400;\"><b>Do pracy w trudnych warunkach: <\/b><span style=\"font-weight: 400;\">Ten wytrzyma\u0142y smartfon jest niezawodnym towarzyszem w terenie i chroni przed wilgoci\u0105, chemikaliami, wibracjami, kurzem i \u015bwiat\u0142em s\u0142onecznym. <\/span> <\/li>\n<\/ul>\n","protected":false},"featured_media":15863,"comment_status":"open","ping_status":"closed","template":"","meta":{"_acf_changed":false},"product_brand":[],"product_cat":[982,995,983],"product_tag":[],"class_list":{"0":"post-33707","1":"product","2":"type-product","3":"status-publish","4":"has-post-thumbnail","6":"product_cat-atex-pl","7":"product_cat-branzowy-smartfon","8":"product_cat-shop-pl","9":"pa_hersteller-ecom-pl","11":"first","12":"instock","13":"taxable","14":"shipping-taxable","15":"purchasable","16":"product-type-simple"},"acf":[],"yoast_head":"<!-- This site is optimized with the Yoast SEO Premium plugin v20.10 (Yoast SEO v24.3) - https:\/\/yoast.com\/wordpress\/plugins\/seo\/ -->\n<title>Kup Ecom Smart-Ex 02 DZ1 - ALEGER \u22c6 Augmented Reality<\/title>\n<meta name=\"description\" content=\"Smart-Ex 02 DZ1 firmy Ecom to idealny towarzysz do zastosowa\u0144 zewn\u0119trznych w strefach zagro\u017conych wybuchem. Dowiedz si\u0119 wi\u0119cej tutaj.\" \/>\n<meta name=\"robots\" content=\"index, follow, max-snippet:-1, max-image-preview:large, max-video-preview:-1\" \/>\n<meta property=\"og:locale\" content=\"pl_PL\" \/>\n<meta property=\"og:type\" content=\"article\" \/>\n<meta property=\"og:title\" content=\"ecom Smart-Ex 02 DZ1, smartfon z ochron\u0105 Ex dla strefy 1 ATEX, ekran dotykowy 5&quot;, Android\" \/>\n<meta property=\"og:description\" content=\"Smart-Ex 02 DZ1 firmy Ecom to idealny towarzysz do zastosowa\u0144 zewn\u0119trznych w strefach zagro\u017conych wybuchem. Dowiedz si\u0119 wi\u0119cej tutaj.\" \/>\n<meta property=\"og:url\" content=\"https:\/\/alegerglobal.com\/pl\/shop-pl\/branzowy-smartfon\/ecom-smart-ex-02-dz1-2\/\" \/>\n<meta property=\"og:site_name\" content=\"ALEGER \u22c6 Augmented Reality\" \/>\n<meta property=\"og:image\" content=\"https:\/\/alegerglobal.com\/wp-content\/uploads\/2021\/01\/csm_smart-ex_02-tech_c6f7974c67.png\" \/>\n\t<meta property=\"og:image:width\" content=\"555\" \/>\n\t<meta property=\"og:image:height\" content=\"555\" \/>\n\t<meta property=\"og:image:type\" content=\"image\/png\" \/>\n<meta name=\"twitter:card\" content=\"summary_large_image\" \/>\n<meta name=\"twitter:label1\" content=\"Cena\" \/>\n\t<meta name=\"twitter:data1\" content=\"&euro;2.338,00\" \/>\n\t<meta name=\"twitter:label2\" content=\"Dost\u0119pno\u015b\u0107\" \/>\n\t<meta name=\"twitter:data2\" content=\"Dost\u0119pny\" \/>\n<script type=\"application\/ld+json\" class=\"yoast-schema-graph\">{\"@context\":\"https:\/\/schema.org\",\"@graph\":[{\"@type\":\"WebPage\",\"@id\":\"https:\/\/alegerglobal.com\/pl\/shop-pl\/branzowy-smartfon\/ecom-smart-ex-02-dz1-2\/\",\"url\":\"https:\/\/alegerglobal.com\/pl\/shop-pl\/branzowy-smartfon\/ecom-smart-ex-02-dz1-2\/\",\"name\":\"Kup Ecom Smart-Ex 02 DZ1 - ALEGER \u22c6 Augmented Reality\",\"isPartOf\":{\"@id\":\"https:\/\/alegerglobal.com\/pl\/#website\"},\"primaryImageOfPage\":{\"@id\":\"https:\/\/alegerglobal.com\/pl\/shop-pl\/branzowy-smartfon\/ecom-smart-ex-02-dz1-2\/#primaryimage\"},\"image\":{\"@id\":\"https:\/\/alegerglobal.com\/pl\/shop-pl\/branzowy-smartfon\/ecom-smart-ex-02-dz1-2\/#primaryimage\"},\"thumbnailUrl\":\"https:\/\/alegerglobal.com\/wp-content\/uploads\/2021\/01\/csm_smart-ex_02-tech_c6f7974c67.png\",\"datePublished\":\"2022-05-17T07:05:11+00:00\",\"dateModified\":\"2022-05-17T07:05:11+00:00\",\"description\":\"Smart-Ex 02 DZ1 firmy Ecom to idealny towarzysz do zastosowa\u0144 zewn\u0119trznych w strefach zagro\u017conych wybuchem. Dowiedz si\u0119 wi\u0119cej tutaj.\",\"breadcrumb\":{\"@id\":\"https:\/\/alegerglobal.com\/pl\/shop-pl\/branzowy-smartfon\/ecom-smart-ex-02-dz1-2\/#breadcrumb\"},\"inLanguage\":\"pl-PL\",\"potentialAction\":[{\"@type\":\"ReadAction\",\"target\":[\"https:\/\/alegerglobal.com\/pl\/shop-pl\/branzowy-smartfon\/ecom-smart-ex-02-dz1-2\/\"]}]},{\"@type\":\"ImageObject\",\"inLanguage\":\"pl-PL\",\"@id\":\"https:\/\/alegerglobal.com\/pl\/shop-pl\/branzowy-smartfon\/ecom-smart-ex-02-dz1-2\/#primaryimage\",\"url\":\"https:\/\/alegerglobal.com\/wp-content\/uploads\/2021\/01\/csm_smart-ex_02-tech_c6f7974c67.png\",\"contentUrl\":\"https:\/\/alegerglobal.com\/wp-content\/uploads\/2021\/01\/csm_smart-ex_02-tech_c6f7974c67.png\",\"width\":555,\"height\":555,\"caption\":\"ecom Smart-Ex 02 DZ1 - smartfon z by\u0142\u0105 ochron\u0105\"},{\"@type\":\"BreadcrumbList\",\"@id\":\"https:\/\/alegerglobal.com\/pl\/shop-pl\/branzowy-smartfon\/ecom-smart-ex-02-dz1-2\/#breadcrumb\",\"itemListElement\":[{\"@type\":\"ListItem\",\"position\":1,\"name\":\"Home\",\"item\":\"https:\/\/alegerglobal.com\/pl\/nowosc-strona-glowna\/\"},{\"@type\":\"ListItem\",\"position\":2,\"name\":\"Produkty\",\"item\":\"https:\/\/alegerglobal.com\/pl\/produkty\/\"},{\"@type\":\"ListItem\",\"position\":3,\"name\":\"ecom Smart-Ex 02 DZ1, smartfon z ochron\u0105 Ex dla strefy 1 ATEX, ekran dotykowy 5&#8243;, Android\"}]},{\"@type\":\"WebSite\",\"@id\":\"https:\/\/alegerglobal.com\/pl\/#website\",\"url\":\"https:\/\/alegerglobal.com\/pl\/\",\"name\":\"ALEGER \u22c6 Augmented Reality\",\"description\":\"Die besten Augmented Reality (AR) L\u00f6sungen der Welt.\",\"publisher\":{\"@id\":\"https:\/\/alegerglobal.com\/pl\/#organization\"},\"potentialAction\":[{\"@type\":\"SearchAction\",\"target\":{\"@type\":\"EntryPoint\",\"urlTemplate\":\"https:\/\/alegerglobal.com\/pl\/?s={search_term_string}\"},\"query-input\":{\"@type\":\"PropertyValueSpecification\",\"valueRequired\":true,\"valueName\":\"search_term_string\"}}],\"inLanguage\":\"pl-PL\"},{\"@type\":\"Organization\",\"@id\":\"https:\/\/alegerglobal.com\/pl\/#organization\",\"name\":\"ALEGER \u22c6 Augmented Reality\",\"url\":\"https:\/\/alegerglobal.com\/pl\/\",\"logo\":{\"@type\":\"ImageObject\",\"inLanguage\":\"pl-PL\",\"@id\":\"https:\/\/alegerglobal.com\/pl\/#\/schema\/logo\/image\/\",\"url\":\"https:\/\/alegerglobal.com\/wp-content\/uploads\/2020\/12\/aleger-logo-quadrat.jpg\",\"contentUrl\":\"https:\/\/alegerglobal.com\/wp-content\/uploads\/2020\/12\/aleger-logo-quadrat.jpg\",\"width\":200,\"height\":176,\"caption\":\"ALEGER \u22c6 Augmented Reality\"},\"image\":{\"@id\":\"https:\/\/alegerglobal.com\/pl\/#\/schema\/logo\/image\/\"}}]}<\/script>\n<meta property=\"product:brand\" content=\"Ecom\" \/>\n<meta property=\"product:price:amount\" content=\"2338.00\" \/>\n<meta property=\"product:price:currency\" content=\"EUR\" \/>\n<meta property=\"og:availability\" content=\"instock\" \/>\n<meta property=\"product:availability\" content=\"instock\" \/>\n<meta property=\"product:condition\" content=\"new\" \/>\n<!-- \/ Yoast SEO Premium plugin. -->","yoast_head_json":{"title":"Kup Ecom Smart-Ex 02 DZ1 - ALEGER \u22c6 Augmented Reality","description":"Smart-Ex 02 DZ1 firmy Ecom to idealny towarzysz do zastosowa\u0144 zewn\u0119trznych w strefach zagro\u017conych wybuchem. Dowiedz si\u0119 wi\u0119cej tutaj.","robots":{"index":"index","follow":"follow","max-snippet":"max-snippet:-1","max-image-preview":"max-image-preview:large","max-video-preview":"max-video-preview:-1"},"og_locale":"pl_PL","og_type":"article","og_title":"ecom Smart-Ex 02 DZ1, smartfon z ochron\u0105 Ex dla strefy 1 ATEX, ekran dotykowy 5\", Android","og_description":"Smart-Ex 02 DZ1 firmy Ecom to idealny towarzysz do zastosowa\u0144 zewn\u0119trznych w strefach zagro\u017conych wybuchem. Dowiedz si\u0119 wi\u0119cej tutaj.","og_url":"https:\/\/alegerglobal.com\/pl\/shop-pl\/branzowy-smartfon\/ecom-smart-ex-02-dz1-2\/","og_site_name":"ALEGER \u22c6 Augmented Reality","og_image":[{"width":555,"height":555,"url":"https:\/\/alegerglobal.com\/wp-content\/uploads\/2021\/01\/csm_smart-ex_02-tech_c6f7974c67.png","type":"image\/png"}],"twitter_card":"summary_large_image","twitter_misc":{"Cena":"&euro;2.338,00","Dost\u0119pno\u015b\u0107":"Dost\u0119pny"},"schema":{"@context":"https:\/\/schema.org","@graph":[{"@type":"WebPage","@id":"https:\/\/alegerglobal.com\/pl\/shop-pl\/branzowy-smartfon\/ecom-smart-ex-02-dz1-2\/","url":"https:\/\/alegerglobal.com\/pl\/shop-pl\/branzowy-smartfon\/ecom-smart-ex-02-dz1-2\/","name":"Kup Ecom Smart-Ex 02 DZ1 - ALEGER \u22c6 Augmented Reality","isPartOf":{"@id":"https:\/\/alegerglobal.com\/pl\/#website"},"primaryImageOfPage":{"@id":"https:\/\/alegerglobal.com\/pl\/shop-pl\/branzowy-smartfon\/ecom-smart-ex-02-dz1-2\/#primaryimage"},"image":{"@id":"https:\/\/alegerglobal.com\/pl\/shop-pl\/branzowy-smartfon\/ecom-smart-ex-02-dz1-2\/#primaryimage"},"thumbnailUrl":"https:\/\/alegerglobal.com\/wp-content\/uploads\/2021\/01\/csm_smart-ex_02-tech_c6f7974c67.png","datePublished":"2022-05-17T07:05:11+00:00","dateModified":"2022-05-17T07:05:11+00:00","description":"Smart-Ex 02 DZ1 firmy Ecom to idealny towarzysz do zastosowa\u0144 zewn\u0119trznych w strefach zagro\u017conych wybuchem. Dowiedz si\u0119 wi\u0119cej tutaj.","breadcrumb":{"@id":"https:\/\/alegerglobal.com\/pl\/shop-pl\/branzowy-smartfon\/ecom-smart-ex-02-dz1-2\/#breadcrumb"},"inLanguage":"pl-PL","potentialAction":[{"@type":"ReadAction","target":["https:\/\/alegerglobal.com\/pl\/shop-pl\/branzowy-smartfon\/ecom-smart-ex-02-dz1-2\/"]}]},{"@type":"ImageObject","inLanguage":"pl-PL","@id":"https:\/\/alegerglobal.com\/pl\/shop-pl\/branzowy-smartfon\/ecom-smart-ex-02-dz1-2\/#primaryimage","url":"https:\/\/alegerglobal.com\/wp-content\/uploads\/2021\/01\/csm_smart-ex_02-tech_c6f7974c67.png","contentUrl":"https:\/\/alegerglobal.com\/wp-content\/uploads\/2021\/01\/csm_smart-ex_02-tech_c6f7974c67.png","width":555,"height":555,"caption":"ecom Smart-Ex 02 DZ1 - smartfon z by\u0142\u0105 ochron\u0105"},{"@type":"BreadcrumbList","@id":"https:\/\/alegerglobal.com\/pl\/shop-pl\/branzowy-smartfon\/ecom-smart-ex-02-dz1-2\/#breadcrumb","itemListElement":[{"@type":"ListItem","position":1,"name":"Home","item":"https:\/\/alegerglobal.com\/pl\/nowosc-strona-glowna\/"},{"@type":"ListItem","position":2,"name":"Produkty","item":"https:\/\/alegerglobal.com\/pl\/produkty\/"},{"@type":"ListItem","position":3,"name":"ecom Smart-Ex 02 DZ1, smartfon z ochron\u0105 Ex dla strefy 1 ATEX, ekran dotykowy 5&#8243;, Android"}]},{"@type":"WebSite","@id":"https:\/\/alegerglobal.com\/pl\/#website","url":"https:\/\/alegerglobal.com\/pl\/","name":"ALEGER \u22c6 Augmented Reality","description":"Die besten Augmented Reality (AR) L\u00f6sungen der Welt.","publisher":{"@id":"https:\/\/alegerglobal.com\/pl\/#organization"},"potentialAction":[{"@type":"SearchAction","target":{"@type":"EntryPoint","urlTemplate":"https:\/\/alegerglobal.com\/pl\/?s={search_term_string}"},"query-input":{"@type":"PropertyValueSpecification","valueRequired":true,"valueName":"search_term_string"}}],"inLanguage":"pl-PL"},{"@type":"Organization","@id":"https:\/\/alegerglobal.com\/pl\/#organization","name":"ALEGER \u22c6 Augmented Reality","url":"https:\/\/alegerglobal.com\/pl\/","logo":{"@type":"ImageObject","inLanguage":"pl-PL","@id":"https:\/\/alegerglobal.com\/pl\/#\/schema\/logo\/image\/","url":"https:\/\/alegerglobal.com\/wp-content\/uploads\/2020\/12\/aleger-logo-quadrat.jpg","contentUrl":"https:\/\/alegerglobal.com\/wp-content\/uploads\/2020\/12\/aleger-logo-quadrat.jpg","width":200,"height":176,"caption":"ALEGER \u22c6 Augmented Reality"},"image":{"@id":"https:\/\/alegerglobal.com\/pl\/#\/schema\/logo\/image\/"}}]},"product_brand":"Ecom","product_price_amount":"2338.00","product_price_currency":"EUR","og_availability":"instock","product_availability":"instock","product_condition":"new"},"_links":{"self":[{"href":"https:\/\/alegerglobal.com\/pl\/wp-json\/wp\/v2\/product\/33707","targetHints":{"allow":["GET"]}}],"collection":[{"href":"https:\/\/alegerglobal.com\/pl\/wp-json\/wp\/v2\/product"}],"about":[{"href":"https:\/\/alegerglobal.com\/pl\/wp-json\/wp\/v2\/types\/product"}],"replies":[{"embeddable":true,"href":"https:\/\/alegerglobal.com\/pl\/wp-json\/wp\/v2\/comments?post=33707"}],"version-history":[{"count":0,"href":"https:\/\/alegerglobal.com\/pl\/wp-json\/wp\/v2\/product\/33707\/revisions"}],"wp:featuredmedia":[{"embeddable":true,"href":"https:\/\/alegerglobal.com\/pl\/wp-json\/wp\/v2\/media\/15863"}],"wp:attachment":[{"href":"https:\/\/alegerglobal.com\/pl\/wp-json\/wp\/v2\/media?parent=33707"}],"wp:term":[{"taxonomy":"product_brand","embeddable":true,"href":"https:\/\/alegerglobal.com\/pl\/wp-json\/wp\/v2\/product_brand?post=33707"},{"taxonomy":"product_cat","embeddable":true,"href":"https:\/\/alegerglobal.com\/pl\/wp-json\/wp\/v2\/product_cat?post=33707"},{"taxonomy":"product_tag","embeddable":true,"href":"https:\/\/alegerglobal.com\/pl\/wp-json\/wp\/v2\/product_tag?post=33707"}],"curies":[{"name":"wp","href":"https:\/\/api.w.org\/{rel}","templated":true}]}}