{"id":33704,"date":"2021-02-05T06:00:19","date_gmt":"2022-05-17T07:02:08","guid":{"rendered":"https:\/\/alegerglobal.com\/bez-kategorii\/stacja-dokujaca-getac-office\/"},"modified":"2022-05-17T08:02:09","modified_gmt":"2022-05-17T07:02:09","slug":"stacja-dokujaca-getac-office","status":"publish","type":"product","link":"https:\/\/alegerglobal.com\/pl\/shop-pl\/akcesoria\/stacja-dokujaca-getac-office\/","title":{"rendered":"STACJA DOKUJ\u0104CA GETAC OFFICE"},"content":{"rendered":"\t\t<div data-elementor-type=\"product-post\" data-elementor-id=\"33704\" class=\"elementor elementor-33704 elementor-4287\" data-elementor-settings=\"{&quot;ha_cmc_init_switcher&quot;:&quot;no&quot;}\" data-elementor-post-type=\"product\">\n\t\t\t\t\t\t<section class=\"elementor-section elementor-top-section elementor-element elementor-element-5238936 elementor-section-boxed elementor-section-height-default elementor-section-height-default\" data-id=\"5238936\" data-element_type=\"section\" data-settings=\"{&quot;jet_parallax_layout_list&quot;:[],&quot;_ha_eqh_enable&quot;:false}\">\n\t\t\t\t\t\t<div class=\"elementor-container elementor-column-gap-default\">\n\t\t\t\t\t<div class=\"elementor-column elementor-col-100 elementor-top-column elementor-element elementor-element-751094a\" data-id=\"751094a\" data-element_type=\"column\">\n\t\t\t<div class=\"elementor-widget-wrap elementor-element-populated\">\n\t\t\t\t\t\t<div class=\"elementor-element elementor-element-c761f9c elementor-widget elementor-widget-text-editor\" data-id=\"c761f9c\" data-element_type=\"widget\" data-widget_type=\"text-editor.default\">\n\t\t\t\t<div class=\"elementor-widget-container\">\n\t\t\t\t\t\t\t\t\t<p><strong>Informacje o produkcie<\/strong><\/p><p>Wymiary:<\/p><p>d\u0142. 139,9 x szer. 105,3 x wys. 69,7 mm<\/p><p>Masa: 310 g<\/p><p>Wersja JAE:<\/p><p>Gniazdo DC in x 1<\/p><p>Wyj\u015bcie audio x 1<\/p><p>USB (Host) x 2<\/p><p>Micro USB (klient) x 1<\/p><p>LAN x 1<\/p><p>HDMI x 1<\/p><p>* z zasilaczem sieciowym 60 W<\/p><p>Wersja Pogo:<\/p><p>Gniazdo DC in x 1<\/p><p>Wyj\u015bcie audio x 1<\/p><p>USB (Host) x 2<\/p><p>LAN x 1<\/p><p>* z zasilaczem sieciowym 60 W<\/p><p> <\/p><p><strong>ID SKU<\/strong><\/p><p>Wersja JAE:<\/p><p>ID SKU: GDOF*H<\/p><p>* EU = E, US = U, UK = K, AU = A,<\/p><p>CHN = C, TW = T &#8211; Przew\u00f3d zasilaj\u0105cy<\/p><p>Wersja Pogo:<\/p><p>IDENTYFIKATOR SKU: GDOF*G<\/p><p>* EU = E, US = U, UK = K &#8211; Kabel zasilaj\u0105cy<\/p>\t\t\t\t\t\t\t\t<\/div>\n\t\t\t\t<\/div>\n\t\t\t\t\t<\/div>\n\t\t<\/div>\n\t\t\t\t\t<\/div>\n\t\t<\/section>\n\t\t\t\t<\/div>\n\t\t","protected":false},"excerpt":{"rendered":"<p>Stacja dokuj\u0105ca Getac Office Dock udost\u0119pnia szereg port\u00f3w we\/wy umo\u017cliwiaj\u0105cych pod\u0142\u0105czenie najwa\u017cniejszych urz\u0105dze\u0144 peryferyjnych do urz\u0105dze\u0144 w biurze. Dzi\u0119ki wbudowanym z\u0142\u0105czom Ethernet, HDMI i USB u\u017cytkownicy mog\u0105 szybko zbiera\u0107 dane z terenu i synchronizowa\u0107 je z danymi w siedzibie g\u0142\u00f3wnej, co umo\u017cliwia raportowanie i analiz\u0119 w czasie rzeczywistym. Zintegrowane porty pogo zapewniaj\u0105 \u0142atwe \u0142adowanie przy dotkni\u0119ciu i u\u0142atwiaj\u0105 wyjmowanie tabletu jedn\u0105 r\u0119k\u0105.<\/p>\n","protected":false},"featured_media":16445,"comment_status":"open","ping_status":"closed","template":"","meta":{"_acf_changed":false},"product_brand":[],"product_cat":[1009,983],"product_tag":[],"class_list":{"0":"post-33704","1":"product","2":"type-product","3":"status-publish","4":"has-post-thumbnail","6":"product_cat-akcesoria","7":"product_cat-shop-pl","8":"pa_hersteller-getac-pl","10":"first","11":"instock","12":"taxable","13":"shipping-taxable","14":"purchasable","15":"product-type-simple"},"acf":[],"yoast_head":"<!-- This site is optimized with the Yoast SEO Premium plugin v20.10 (Yoast SEO v24.3) - https:\/\/yoast.com\/wordpress\/plugins\/seo\/ -->\n<title>- ALEGER \u22c6 Augmented Reality<\/title>\n<meta name=\"robots\" content=\"index, follow, max-snippet:-1, max-image-preview:large, max-video-preview:-1\" \/>\n<meta property=\"og:locale\" content=\"pl_PL\" \/>\n<meta property=\"og:type\" content=\"article\" \/>\n<meta property=\"og:title\" content=\"STACJA DOKUJ\u0104CA GETAC OFFICE\" \/>\n<meta property=\"og:description\" content=\"Stacja dokuj\u0105ca Getac Office Dock udost\u0119pnia szereg port\u00f3w we\/wy umo\u017cliwiaj\u0105cych pod\u0142\u0105czenie najwa\u017cniejszych urz\u0105dze\u0144 peryferyjnych do urz\u0105dze\u0144 w biurze. Dzi\u0119ki wbudowanym z\u0142\u0105czom Ethernet, HDMI i USB u\u017cytkownicy mog\u0105 szybko zbiera\u0107 dane z terenu i synchronizowa\u0107 je z danymi w siedzibie g\u0142\u00f3wnej, co umo\u017cliwia raportowanie i analiz\u0119 w czasie rzeczywistym. Zintegrowane porty pogo zapewniaj\u0105 \u0142atwe \u0142adowanie przy dotkni\u0119ciu i u\u0142atwiaj\u0105 wyjmowanie tabletu jedn\u0105 r\u0119k\u0105.\" \/>\n<meta property=\"og:url\" content=\"https:\/\/alegerglobal.com\/pl\/shop-pl\/akcesoria\/stacja-dokujaca-getac-office\/\" \/>\n<meta property=\"og:site_name\" content=\"ALEGER \u22c6 Augmented Reality\" \/>\n<meta property=\"article:modified_time\" content=\"2022-05-17T07:02:09+00:00\" \/>\n<meta property=\"og:image\" content=\"https:\/\/alegerglobal.com\/wp-content\/uploads\/2021\/02\/Unbenannt-119.jpg\" \/>\n\t<meta property=\"og:image:width\" content=\"800\" \/>\n\t<meta property=\"og:image:height\" content=\"800\" \/>\n\t<meta property=\"og:image:type\" content=\"image\/jpeg\" \/>\n<meta name=\"twitter:card\" content=\"summary_large_image\" \/>\n<meta name=\"twitter:label1\" content=\"Cena\" \/>\n\t<meta name=\"twitter:data1\" content=\"&euro;274,99\" \/>\n\t<meta name=\"twitter:label2\" content=\"Dost\u0119pno\u015b\u0107\" \/>\n\t<meta name=\"twitter:data2\" content=\"Dost\u0119pny\" \/>\n<script type=\"application\/ld+json\" class=\"yoast-schema-graph\">{\"@context\":\"https:\/\/schema.org\",\"@graph\":[{\"@type\":\"WebPage\",\"@id\":\"https:\/\/alegerglobal.com\/pl\/shop-pl\/akcesoria\/stacja-dokujaca-getac-office\/\",\"url\":\"https:\/\/alegerglobal.com\/pl\/shop-pl\/akcesoria\/stacja-dokujaca-getac-office\/\",\"name\":\"- ALEGER \u22c6 Augmented Reality\",\"isPartOf\":{\"@id\":\"https:\/\/alegerglobal.com\/pl\/#website\"},\"primaryImageOfPage\":{\"@id\":\"https:\/\/alegerglobal.com\/pl\/shop-pl\/akcesoria\/stacja-dokujaca-getac-office\/#primaryimage\"},\"image\":{\"@id\":\"https:\/\/alegerglobal.com\/pl\/shop-pl\/akcesoria\/stacja-dokujaca-getac-office\/#primaryimage\"},\"thumbnailUrl\":\"https:\/\/alegerglobal.com\/wp-content\/uploads\/2021\/02\/Unbenannt-119.jpg\",\"datePublished\":\"2022-05-17T07:02:08+00:00\",\"dateModified\":\"2022-05-17T07:02:09+00:00\",\"breadcrumb\":{\"@id\":\"https:\/\/alegerglobal.com\/pl\/shop-pl\/akcesoria\/stacja-dokujaca-getac-office\/#breadcrumb\"},\"inLanguage\":\"pl-PL\",\"potentialAction\":[{\"@type\":\"ReadAction\",\"target\":[\"https:\/\/alegerglobal.com\/pl\/shop-pl\/akcesoria\/stacja-dokujaca-getac-office\/\"]}]},{\"@type\":\"ImageObject\",\"inLanguage\":\"pl-PL\",\"@id\":\"https:\/\/alegerglobal.com\/pl\/shop-pl\/akcesoria\/stacja-dokujaca-getac-office\/#primaryimage\",\"url\":\"https:\/\/alegerglobal.com\/wp-content\/uploads\/2021\/02\/Unbenannt-119.jpg\",\"contentUrl\":\"https:\/\/alegerglobal.com\/wp-content\/uploads\/2021\/02\/Unbenannt-119.jpg\",\"width\":800,\"height\":800},{\"@type\":\"BreadcrumbList\",\"@id\":\"https:\/\/alegerglobal.com\/pl\/shop-pl\/akcesoria\/stacja-dokujaca-getac-office\/#breadcrumb\",\"itemListElement\":[{\"@type\":\"ListItem\",\"position\":1,\"name\":\"Home\",\"item\":\"https:\/\/alegerglobal.com\/pl\/nowosc-strona-glowna\/\"},{\"@type\":\"ListItem\",\"position\":2,\"name\":\"Produkty\",\"item\":\"https:\/\/alegerglobal.com\/pl\/produkty\/\"},{\"@type\":\"ListItem\",\"position\":3,\"name\":\"STACJA DOKUJ\u0104CA GETAC OFFICE\"}]},{\"@type\":\"WebSite\",\"@id\":\"https:\/\/alegerglobal.com\/pl\/#website\",\"url\":\"https:\/\/alegerglobal.com\/pl\/\",\"name\":\"ALEGER \u22c6 Augmented Reality\",\"description\":\"Die besten Augmented Reality (AR) L\u00f6sungen der Welt.\",\"publisher\":{\"@id\":\"https:\/\/alegerglobal.com\/pl\/#organization\"},\"potentialAction\":[{\"@type\":\"SearchAction\",\"target\":{\"@type\":\"EntryPoint\",\"urlTemplate\":\"https:\/\/alegerglobal.com\/pl\/?s={search_term_string}\"},\"query-input\":{\"@type\":\"PropertyValueSpecification\",\"valueRequired\":true,\"valueName\":\"search_term_string\"}}],\"inLanguage\":\"pl-PL\"},{\"@type\":\"Organization\",\"@id\":\"https:\/\/alegerglobal.com\/pl\/#organization\",\"name\":\"ALEGER \u22c6 Augmented Reality\",\"url\":\"https:\/\/alegerglobal.com\/pl\/\",\"logo\":{\"@type\":\"ImageObject\",\"inLanguage\":\"pl-PL\",\"@id\":\"https:\/\/alegerglobal.com\/pl\/#\/schema\/logo\/image\/\",\"url\":\"https:\/\/alegerglobal.com\/wp-content\/uploads\/2020\/12\/aleger-logo-quadrat.jpg\",\"contentUrl\":\"https:\/\/alegerglobal.com\/wp-content\/uploads\/2020\/12\/aleger-logo-quadrat.jpg\",\"width\":200,\"height\":176,\"caption\":\"ALEGER \u22c6 Augmented Reality\"},\"image\":{\"@id\":\"https:\/\/alegerglobal.com\/pl\/#\/schema\/logo\/image\/\"}}]}<\/script>\n<meta property=\"product:brand\" content=\"Getac\" \/>\n<meta property=\"product:price:amount\" content=\"274.99\" \/>\n<meta property=\"product:price:currency\" content=\"EUR\" \/>\n<meta property=\"og:availability\" content=\"instock\" \/>\n<meta property=\"product:availability\" content=\"instock\" \/>\n<meta property=\"product:condition\" content=\"new\" \/>\n<!-- \/ Yoast SEO Premium plugin. -->","yoast_head_json":{"title":"- ALEGER \u22c6 Augmented Reality","robots":{"index":"index","follow":"follow","max-snippet":"max-snippet:-1","max-image-preview":"max-image-preview:large","max-video-preview":"max-video-preview:-1"},"og_locale":"pl_PL","og_type":"article","og_title":"STACJA DOKUJ\u0104CA GETAC OFFICE","og_description":"Stacja dokuj\u0105ca Getac Office Dock udost\u0119pnia szereg port\u00f3w we\/wy umo\u017cliwiaj\u0105cych pod\u0142\u0105czenie najwa\u017cniejszych urz\u0105dze\u0144 peryferyjnych do urz\u0105dze\u0144 w biurze. Dzi\u0119ki wbudowanym z\u0142\u0105czom Ethernet, HDMI i USB u\u017cytkownicy mog\u0105 szybko zbiera\u0107 dane z terenu i synchronizowa\u0107 je z danymi w siedzibie g\u0142\u00f3wnej, co umo\u017cliwia raportowanie i analiz\u0119 w czasie rzeczywistym. Zintegrowane porty pogo zapewniaj\u0105 \u0142atwe \u0142adowanie przy dotkni\u0119ciu i u\u0142atwiaj\u0105 wyjmowanie tabletu jedn\u0105 r\u0119k\u0105.","og_url":"https:\/\/alegerglobal.com\/pl\/shop-pl\/akcesoria\/stacja-dokujaca-getac-office\/","og_site_name":"ALEGER \u22c6 Augmented Reality","article_modified_time":"2022-05-17T07:02:09+00:00","og_image":[{"width":800,"height":800,"url":"https:\/\/alegerglobal.com\/wp-content\/uploads\/2021\/02\/Unbenannt-119.jpg","type":"image\/jpeg"}],"twitter_card":"summary_large_image","twitter_misc":{"Cena":"&euro;274,99","Dost\u0119pno\u015b\u0107":"Dost\u0119pny"},"schema":{"@context":"https:\/\/schema.org","@graph":[{"@type":"WebPage","@id":"https:\/\/alegerglobal.com\/pl\/shop-pl\/akcesoria\/stacja-dokujaca-getac-office\/","url":"https:\/\/alegerglobal.com\/pl\/shop-pl\/akcesoria\/stacja-dokujaca-getac-office\/","name":"- ALEGER \u22c6 Augmented Reality","isPartOf":{"@id":"https:\/\/alegerglobal.com\/pl\/#website"},"primaryImageOfPage":{"@id":"https:\/\/alegerglobal.com\/pl\/shop-pl\/akcesoria\/stacja-dokujaca-getac-office\/#primaryimage"},"image":{"@id":"https:\/\/alegerglobal.com\/pl\/shop-pl\/akcesoria\/stacja-dokujaca-getac-office\/#primaryimage"},"thumbnailUrl":"https:\/\/alegerglobal.com\/wp-content\/uploads\/2021\/02\/Unbenannt-119.jpg","datePublished":"2022-05-17T07:02:08+00:00","dateModified":"2022-05-17T07:02:09+00:00","breadcrumb":{"@id":"https:\/\/alegerglobal.com\/pl\/shop-pl\/akcesoria\/stacja-dokujaca-getac-office\/#breadcrumb"},"inLanguage":"pl-PL","potentialAction":[{"@type":"ReadAction","target":["https:\/\/alegerglobal.com\/pl\/shop-pl\/akcesoria\/stacja-dokujaca-getac-office\/"]}]},{"@type":"ImageObject","inLanguage":"pl-PL","@id":"https:\/\/alegerglobal.com\/pl\/shop-pl\/akcesoria\/stacja-dokujaca-getac-office\/#primaryimage","url":"https:\/\/alegerglobal.com\/wp-content\/uploads\/2021\/02\/Unbenannt-119.jpg","contentUrl":"https:\/\/alegerglobal.com\/wp-content\/uploads\/2021\/02\/Unbenannt-119.jpg","width":800,"height":800},{"@type":"BreadcrumbList","@id":"https:\/\/alegerglobal.com\/pl\/shop-pl\/akcesoria\/stacja-dokujaca-getac-office\/#breadcrumb","itemListElement":[{"@type":"ListItem","position":1,"name":"Home","item":"https:\/\/alegerglobal.com\/pl\/nowosc-strona-glowna\/"},{"@type":"ListItem","position":2,"name":"Produkty","item":"https:\/\/alegerglobal.com\/pl\/produkty\/"},{"@type":"ListItem","position":3,"name":"STACJA DOKUJ\u0104CA GETAC OFFICE"}]},{"@type":"WebSite","@id":"https:\/\/alegerglobal.com\/pl\/#website","url":"https:\/\/alegerglobal.com\/pl\/","name":"ALEGER \u22c6 Augmented Reality","description":"Die besten Augmented Reality (AR) L\u00f6sungen der Welt.","publisher":{"@id":"https:\/\/alegerglobal.com\/pl\/#organization"},"potentialAction":[{"@type":"SearchAction","target":{"@type":"EntryPoint","urlTemplate":"https:\/\/alegerglobal.com\/pl\/?s={search_term_string}"},"query-input":{"@type":"PropertyValueSpecification","valueRequired":true,"valueName":"search_term_string"}}],"inLanguage":"pl-PL"},{"@type":"Organization","@id":"https:\/\/alegerglobal.com\/pl\/#organization","name":"ALEGER \u22c6 Augmented Reality","url":"https:\/\/alegerglobal.com\/pl\/","logo":{"@type":"ImageObject","inLanguage":"pl-PL","@id":"https:\/\/alegerglobal.com\/pl\/#\/schema\/logo\/image\/","url":"https:\/\/alegerglobal.com\/wp-content\/uploads\/2020\/12\/aleger-logo-quadrat.jpg","contentUrl":"https:\/\/alegerglobal.com\/wp-content\/uploads\/2020\/12\/aleger-logo-quadrat.jpg","width":200,"height":176,"caption":"ALEGER \u22c6 Augmented Reality"},"image":{"@id":"https:\/\/alegerglobal.com\/pl\/#\/schema\/logo\/image\/"}}]},"product_brand":"Getac","product_price_amount":"274.99","product_price_currency":"EUR","og_availability":"instock","product_availability":"instock","product_condition":"new"},"_links":{"self":[{"href":"https:\/\/alegerglobal.com\/pl\/wp-json\/wp\/v2\/product\/33704","targetHints":{"allow":["GET"]}}],"collection":[{"href":"https:\/\/alegerglobal.com\/pl\/wp-json\/wp\/v2\/product"}],"about":[{"href":"https:\/\/alegerglobal.com\/pl\/wp-json\/wp\/v2\/types\/product"}],"replies":[{"embeddable":true,"href":"https:\/\/alegerglobal.com\/pl\/wp-json\/wp\/v2\/comments?post=33704"}],"version-history":[{"count":1,"href":"https:\/\/alegerglobal.com\/pl\/wp-json\/wp\/v2\/product\/33704\/revisions"}],"predecessor-version":[{"id":33705,"href":"https:\/\/alegerglobal.com\/pl\/wp-json\/wp\/v2\/product\/33704\/revisions\/33705"}],"wp:featuredmedia":[{"embeddable":true,"href":"https:\/\/alegerglobal.com\/pl\/wp-json\/wp\/v2\/media\/16445"}],"wp:attachment":[{"href":"https:\/\/alegerglobal.com\/pl\/wp-json\/wp\/v2\/media?parent=33704"}],"wp:term":[{"taxonomy":"product_brand","embeddable":true,"href":"https:\/\/alegerglobal.com\/pl\/wp-json\/wp\/v2\/product_brand?post=33704"},{"taxonomy":"product_cat","embeddable":true,"href":"https:\/\/alegerglobal.com\/pl\/wp-json\/wp\/v2\/product_cat?post=33704"},{"taxonomy":"product_tag","embeddable":true,"href":"https:\/\/alegerglobal.com\/pl\/wp-json\/wp\/v2\/product_tag?post=33704"}],"curies":[{"name":"wp","href":"https:\/\/api.w.org\/{rel}","templated":true}]}}