{"id":33669,"date":"2021-02-04T08:22:52","date_gmt":"2022-05-17T06:53:59","guid":{"rendered":"https:\/\/alegerglobal.com\/bez-kategorii\/doktorat-urzedowy\/"},"modified":"2022-05-17T07:54:01","modified_gmt":"2022-05-17T06:54:01","slug":"doktorat-urzedowy","status":"publish","type":"product","link":"https:\/\/alegerglobal.com\/pl\/shop-pl\/akcesoria\/doktorat-urzedowy\/","title":{"rendered":"DOKTORAT URZ\u0118DOWY"},"content":{"rendered":"\t\t<div data-elementor-type=\"product-post\" data-elementor-id=\"33669\" class=\"elementor elementor-33669 elementor-4144\" data-elementor-settings=\"{&quot;ha_cmc_init_switcher&quot;:&quot;no&quot;}\" data-elementor-post-type=\"product\">\n\t\t\t\t\t\t<section class=\"elementor-section elementor-top-section elementor-element elementor-element-8409db5 elementor-section-boxed elementor-section-height-default elementor-section-height-default\" data-id=\"8409db5\" data-element_type=\"section\" data-settings=\"{&quot;jet_parallax_layout_list&quot;:[],&quot;_ha_eqh_enable&quot;:false}\">\n\t\t\t\t\t\t<div class=\"elementor-container elementor-column-gap-default\">\n\t\t\t\t\t<div class=\"elementor-column elementor-col-100 elementor-top-column elementor-element elementor-element-234c922\" data-id=\"234c922\" data-element_type=\"column\">\n\t\t\t<div class=\"elementor-widget-wrap elementor-element-populated\">\n\t\t\t\t\t\t<div class=\"elementor-element elementor-element-ab70ee1 elementor-widget elementor-widget-text-editor\" data-id=\"ab70ee1\" data-element_type=\"widget\" data-widget_type=\"text-editor.default\">\n\t\t\t\t<div class=\"elementor-widget-container\">\n\t\t\t\t\t\t\t\t\t<p><strong>Informacje o produkcie<\/strong><\/p><p>Stacja dokuj\u0105ca w biurze We\/Wy<\/p><p>Po\u0142\u0105czenia: RJ45 x 1\/USB 2.0 x 3<\/p><p>Adapter:<\/p><p>Napi\u0119cie wej\u015bciowe:<\/p><p>100 V-240 V AC<\/p><p>Napi\u0119cie wyj\u015bciowe: 12 V DC<\/p><p>Pr\u0105d wyj\u015bciowy: Maks. 2 A<\/p><p>Wymiary:<\/p><p>Doku biurowego:<\/p><p>d\u0142. 104,3 x szer. 150 x wys. 61,3 mm<\/p><p>Masa: 0,34 kg<\/p><p>Adapter:<\/p><p>d\u0142. 57,5 x szer. 69 x wys. 32,6 mm<\/p><p>Kabel wyj\u015bciowy: 1800 mm<\/p><p>Masa: 0,14 kg<\/p><p> <\/p><p><strong>ID SKU<\/strong><\/p><p>SKU ID Opis<\/p><p>GDOF5J<\/p><p>Biurowa stacja dokuj\u0105ca EX80 (podstawka \u0142aduj\u0105ca z<\/p><p>Zasilacz sieciowy, 24 W,<\/p><p>100-240 V AC, 50\/60 Hz)<\/p><p>* Nale\u017cy pami\u0119ta\u0107, \u017ce zasilacz sieciowy jest<\/p><p>jest r\u00f3wnie\u017c dost\u0119pna oddzielnie (jako zamiennik dla<\/p><p>zasilacz sieciowy stacji dokuj\u0105cej EX80).<\/p><p>(ID SKU: GAA251 Zestaw zasilacza sieciowego z<\/p><p>Wtyczka US\/EU\/UK\/CHN\/ANZ)<\/p>\t\t\t\t\t\t\t\t<\/div>\n\t\t\t\t<\/div>\n\t\t\t\t\t<\/div>\n\t\t<\/div>\n\t\t\t\t\t<\/div>\n\t\t<\/section>\n\t\t\t\t<\/div>\n\t\t","protected":false},"excerpt":{"rendered":"<p>Biurowa stacja dokuj\u0105ca Getac EX80 oferuje szerok\u0105 gam\u0119 port\u00f3w we\/wy umo\u017cliwiaj\u0105cych pod\u0142\u0105czenie najwa\u017cniejszych urz\u0105dze\u0144 peryferyjnych do urz\u0105dze\u0144 w biurze. Wbudowane porty Ethernet i USB pozwalaj\u0105 u\u017cytkownikom na szybkie zbieranie danych z terenu i synchronizowanie ich z danymi w centrali, co umo\u017cliwia raportowanie i analiz\u0119 w czasie rzeczywistym. Aby zapewni\u0107 bezpiecze\u0144stwo nawet w \u015brodowiskach zagro\u017conych wybuchem, gniazdo wej\u015bciowe pr\u0105du sta\u0142ego zosta\u0142o usuni\u0119te. Aby zapewni\u0107 maksymalne bezpiecze\u0144stwo podczas \u0142adowania, urz\u0105dzenie nale\u017cy pod\u0142\u0105czy\u0107 do biurowej stacji dokuj\u0105cej w \u015brodowisku wolnym od zagro\u017ce\u0144. Ten zestaw zasilacza zawiera pi\u0119\u0107 r\u00f3\u017cnych wtyczek sieciowych (UE\/UK\/USA\/CHN\/ANZ), kt\u00f3re pasuj\u0105 do gniazdek na ca\u0142ym \u015bwiecie. Zapewnia to dodatkowy komfort podczas pracy mobilnej.<\/p>\n","protected":false},"featured_media":16424,"comment_status":"open","ping_status":"closed","template":"","meta":{"_acf_changed":false},"product_brand":[],"product_cat":[1009,983],"product_tag":[],"class_list":{"0":"post-33669","1":"product","2":"type-product","3":"status-publish","4":"has-post-thumbnail","6":"product_cat-akcesoria","7":"product_cat-shop-pl","8":"pa_hersteller-getac-pl","10":"first","11":"instock","12":"taxable","13":"shipping-taxable","14":"purchasable","15":"product-type-simple"},"acf":[],"yoast_head":"<!-- This site is optimized with the Yoast SEO Premium plugin v20.10 (Yoast SEO v24.3) - https:\/\/yoast.com\/wordpress\/plugins\/seo\/ -->\n<title>- ALEGER \u22c6 Augmented Reality<\/title>\n<meta name=\"robots\" content=\"index, follow, max-snippet:-1, max-image-preview:large, max-video-preview:-1\" \/>\n<meta property=\"og:locale\" content=\"pl_PL\" \/>\n<meta property=\"og:type\" content=\"article\" \/>\n<meta property=\"og:title\" content=\"DOKTORAT URZ\u0118DOWY\" \/>\n<meta property=\"og:description\" content=\"Biurowa stacja dokuj\u0105ca Getac EX80 oferuje szerok\u0105 gam\u0119 port\u00f3w we\/wy umo\u017cliwiaj\u0105cych pod\u0142\u0105czenie najwa\u017cniejszych urz\u0105dze\u0144 peryferyjnych do urz\u0105dze\u0144 w biurze. Wbudowane porty Ethernet i USB pozwalaj\u0105 u\u017cytkownikom na szybkie zbieranie danych z terenu i synchronizowanie ich z danymi w centrali, co umo\u017cliwia raportowanie i analiz\u0119 w czasie rzeczywistym. Aby zapewni\u0107 bezpiecze\u0144stwo nawet w \u015brodowiskach zagro\u017conych wybuchem, gniazdo wej\u015bciowe pr\u0105du sta\u0142ego zosta\u0142o usuni\u0119te. Aby zapewni\u0107 maksymalne bezpiecze\u0144stwo podczas \u0142adowania, urz\u0105dzenie nale\u017cy pod\u0142\u0105czy\u0107 do biurowej stacji dokuj\u0105cej w \u015brodowisku wolnym od zagro\u017ce\u0144. Ten zestaw zasilacza zawiera pi\u0119\u0107 r\u00f3\u017cnych wtyczek sieciowych (UE\/UK\/USA\/CHN\/ANZ), kt\u00f3re pasuj\u0105 do gniazdek na ca\u0142ym \u015bwiecie. Zapewnia to dodatkowy komfort podczas pracy mobilnej.\" \/>\n<meta property=\"og:url\" content=\"https:\/\/alegerglobal.com\/pl\/shop-pl\/akcesoria\/doktorat-urzedowy\/\" \/>\n<meta property=\"og:site_name\" content=\"ALEGER \u22c6 Augmented Reality\" \/>\n<meta property=\"article:modified_time\" content=\"2022-05-17T06:54:01+00:00\" \/>\n<meta property=\"og:image\" content=\"https:\/\/alegerglobal.com\/wp-content\/uploads\/2021\/02\/Unbenannt-108.jpg\" \/>\n\t<meta property=\"og:image:width\" content=\"800\" \/>\n\t<meta property=\"og:image:height\" content=\"800\" \/>\n\t<meta property=\"og:image:type\" content=\"image\/jpeg\" \/>\n<meta name=\"twitter:card\" content=\"summary_large_image\" \/>\n<meta name=\"twitter:label1\" content=\"Cena\" \/>\n\t<meta name=\"twitter:data1\" content=\"&euro;54,99\" \/>\n\t<meta name=\"twitter:label2\" content=\"Dost\u0119pno\u015b\u0107\" \/>\n\t<meta name=\"twitter:data2\" content=\"Dost\u0119pny\" \/>\n<script type=\"application\/ld+json\" class=\"yoast-schema-graph\">{\"@context\":\"https:\/\/schema.org\",\"@graph\":[{\"@type\":\"WebPage\",\"@id\":\"https:\/\/alegerglobal.com\/pl\/shop-pl\/akcesoria\/doktorat-urzedowy\/\",\"url\":\"https:\/\/alegerglobal.com\/pl\/shop-pl\/akcesoria\/doktorat-urzedowy\/\",\"name\":\"- ALEGER \u22c6 Augmented Reality\",\"isPartOf\":{\"@id\":\"https:\/\/alegerglobal.com\/pl\/#website\"},\"primaryImageOfPage\":{\"@id\":\"https:\/\/alegerglobal.com\/pl\/shop-pl\/akcesoria\/doktorat-urzedowy\/#primaryimage\"},\"image\":{\"@id\":\"https:\/\/alegerglobal.com\/pl\/shop-pl\/akcesoria\/doktorat-urzedowy\/#primaryimage\"},\"thumbnailUrl\":\"https:\/\/alegerglobal.com\/wp-content\/uploads\/2021\/02\/Unbenannt-108.jpg\",\"datePublished\":\"2022-05-17T06:53:59+00:00\",\"dateModified\":\"2022-05-17T06:54:01+00:00\",\"breadcrumb\":{\"@id\":\"https:\/\/alegerglobal.com\/pl\/shop-pl\/akcesoria\/doktorat-urzedowy\/#breadcrumb\"},\"inLanguage\":\"pl-PL\",\"potentialAction\":[{\"@type\":\"ReadAction\",\"target\":[\"https:\/\/alegerglobal.com\/pl\/shop-pl\/akcesoria\/doktorat-urzedowy\/\"]}]},{\"@type\":\"ImageObject\",\"inLanguage\":\"pl-PL\",\"@id\":\"https:\/\/alegerglobal.com\/pl\/shop-pl\/akcesoria\/doktorat-urzedowy\/#primaryimage\",\"url\":\"https:\/\/alegerglobal.com\/wp-content\/uploads\/2021\/02\/Unbenannt-108.jpg\",\"contentUrl\":\"https:\/\/alegerglobal.com\/wp-content\/uploads\/2021\/02\/Unbenannt-108.jpg\",\"width\":800,\"height\":800},{\"@type\":\"BreadcrumbList\",\"@id\":\"https:\/\/alegerglobal.com\/pl\/shop-pl\/akcesoria\/doktorat-urzedowy\/#breadcrumb\",\"itemListElement\":[{\"@type\":\"ListItem\",\"position\":1,\"name\":\"Home\",\"item\":\"https:\/\/alegerglobal.com\/pl\/nowosc-strona-glowna\/\"},{\"@type\":\"ListItem\",\"position\":2,\"name\":\"Produkty\",\"item\":\"https:\/\/alegerglobal.com\/pl\/produkty\/\"},{\"@type\":\"ListItem\",\"position\":3,\"name\":\"DOKTORAT URZ\u0118DOWY\"}]},{\"@type\":\"WebSite\",\"@id\":\"https:\/\/alegerglobal.com\/pl\/#website\",\"url\":\"https:\/\/alegerglobal.com\/pl\/\",\"name\":\"ALEGER \u22c6 Augmented Reality\",\"description\":\"Die besten Augmented Reality (AR) L\u00f6sungen der Welt.\",\"publisher\":{\"@id\":\"https:\/\/alegerglobal.com\/pl\/#organization\"},\"potentialAction\":[{\"@type\":\"SearchAction\",\"target\":{\"@type\":\"EntryPoint\",\"urlTemplate\":\"https:\/\/alegerglobal.com\/pl\/?s={search_term_string}\"},\"query-input\":{\"@type\":\"PropertyValueSpecification\",\"valueRequired\":true,\"valueName\":\"search_term_string\"}}],\"inLanguage\":\"pl-PL\"},{\"@type\":\"Organization\",\"@id\":\"https:\/\/alegerglobal.com\/pl\/#organization\",\"name\":\"ALEGER \u22c6 Augmented Reality\",\"url\":\"https:\/\/alegerglobal.com\/pl\/\",\"logo\":{\"@type\":\"ImageObject\",\"inLanguage\":\"pl-PL\",\"@id\":\"https:\/\/alegerglobal.com\/pl\/#\/schema\/logo\/image\/\",\"url\":\"https:\/\/alegerglobal.com\/wp-content\/uploads\/2020\/12\/aleger-logo-quadrat.jpg\",\"contentUrl\":\"https:\/\/alegerglobal.com\/wp-content\/uploads\/2020\/12\/aleger-logo-quadrat.jpg\",\"width\":200,\"height\":176,\"caption\":\"ALEGER \u22c6 Augmented Reality\"},\"image\":{\"@id\":\"https:\/\/alegerglobal.com\/pl\/#\/schema\/logo\/image\/\"}}]}<\/script>\n<meta property=\"product:brand\" content=\"Getac\" \/>\n<meta property=\"product:price:amount\" content=\"54.99\" \/>\n<meta property=\"product:price:currency\" content=\"EUR\" \/>\n<meta property=\"og:availability\" content=\"instock\" \/>\n<meta property=\"product:availability\" content=\"instock\" \/>\n<meta property=\"product:condition\" content=\"new\" \/>\n<!-- \/ Yoast SEO Premium plugin. -->","yoast_head_json":{"title":"- ALEGER \u22c6 Augmented Reality","robots":{"index":"index","follow":"follow","max-snippet":"max-snippet:-1","max-image-preview":"max-image-preview:large","max-video-preview":"max-video-preview:-1"},"og_locale":"pl_PL","og_type":"article","og_title":"DOKTORAT URZ\u0118DOWY","og_description":"Biurowa stacja dokuj\u0105ca Getac EX80 oferuje szerok\u0105 gam\u0119 port\u00f3w we\/wy umo\u017cliwiaj\u0105cych pod\u0142\u0105czenie najwa\u017cniejszych urz\u0105dze\u0144 peryferyjnych do urz\u0105dze\u0144 w biurze. Wbudowane porty Ethernet i USB pozwalaj\u0105 u\u017cytkownikom na szybkie zbieranie danych z terenu i synchronizowanie ich z danymi w centrali, co umo\u017cliwia raportowanie i analiz\u0119 w czasie rzeczywistym. Aby zapewni\u0107 bezpiecze\u0144stwo nawet w \u015brodowiskach zagro\u017conych wybuchem, gniazdo wej\u015bciowe pr\u0105du sta\u0142ego zosta\u0142o usuni\u0119te. Aby zapewni\u0107 maksymalne bezpiecze\u0144stwo podczas \u0142adowania, urz\u0105dzenie nale\u017cy pod\u0142\u0105czy\u0107 do biurowej stacji dokuj\u0105cej w \u015brodowisku wolnym od zagro\u017ce\u0144. Ten zestaw zasilacza zawiera pi\u0119\u0107 r\u00f3\u017cnych wtyczek sieciowych (UE\/UK\/USA\/CHN\/ANZ), kt\u00f3re pasuj\u0105 do gniazdek na ca\u0142ym \u015bwiecie. Zapewnia to dodatkowy komfort podczas pracy mobilnej.","og_url":"https:\/\/alegerglobal.com\/pl\/shop-pl\/akcesoria\/doktorat-urzedowy\/","og_site_name":"ALEGER \u22c6 Augmented Reality","article_modified_time":"2022-05-17T06:54:01+00:00","og_image":[{"width":800,"height":800,"url":"https:\/\/alegerglobal.com\/wp-content\/uploads\/2021\/02\/Unbenannt-108.jpg","type":"image\/jpeg"}],"twitter_card":"summary_large_image","twitter_misc":{"Cena":"&euro;54,99","Dost\u0119pno\u015b\u0107":"Dost\u0119pny"},"schema":{"@context":"https:\/\/schema.org","@graph":[{"@type":"WebPage","@id":"https:\/\/alegerglobal.com\/pl\/shop-pl\/akcesoria\/doktorat-urzedowy\/","url":"https:\/\/alegerglobal.com\/pl\/shop-pl\/akcesoria\/doktorat-urzedowy\/","name":"- ALEGER \u22c6 Augmented Reality","isPartOf":{"@id":"https:\/\/alegerglobal.com\/pl\/#website"},"primaryImageOfPage":{"@id":"https:\/\/alegerglobal.com\/pl\/shop-pl\/akcesoria\/doktorat-urzedowy\/#primaryimage"},"image":{"@id":"https:\/\/alegerglobal.com\/pl\/shop-pl\/akcesoria\/doktorat-urzedowy\/#primaryimage"},"thumbnailUrl":"https:\/\/alegerglobal.com\/wp-content\/uploads\/2021\/02\/Unbenannt-108.jpg","datePublished":"2022-05-17T06:53:59+00:00","dateModified":"2022-05-17T06:54:01+00:00","breadcrumb":{"@id":"https:\/\/alegerglobal.com\/pl\/shop-pl\/akcesoria\/doktorat-urzedowy\/#breadcrumb"},"inLanguage":"pl-PL","potentialAction":[{"@type":"ReadAction","target":["https:\/\/alegerglobal.com\/pl\/shop-pl\/akcesoria\/doktorat-urzedowy\/"]}]},{"@type":"ImageObject","inLanguage":"pl-PL","@id":"https:\/\/alegerglobal.com\/pl\/shop-pl\/akcesoria\/doktorat-urzedowy\/#primaryimage","url":"https:\/\/alegerglobal.com\/wp-content\/uploads\/2021\/02\/Unbenannt-108.jpg","contentUrl":"https:\/\/alegerglobal.com\/wp-content\/uploads\/2021\/02\/Unbenannt-108.jpg","width":800,"height":800},{"@type":"BreadcrumbList","@id":"https:\/\/alegerglobal.com\/pl\/shop-pl\/akcesoria\/doktorat-urzedowy\/#breadcrumb","itemListElement":[{"@type":"ListItem","position":1,"name":"Home","item":"https:\/\/alegerglobal.com\/pl\/nowosc-strona-glowna\/"},{"@type":"ListItem","position":2,"name":"Produkty","item":"https:\/\/alegerglobal.com\/pl\/produkty\/"},{"@type":"ListItem","position":3,"name":"DOKTORAT URZ\u0118DOWY"}]},{"@type":"WebSite","@id":"https:\/\/alegerglobal.com\/pl\/#website","url":"https:\/\/alegerglobal.com\/pl\/","name":"ALEGER \u22c6 Augmented Reality","description":"Die besten Augmented Reality (AR) L\u00f6sungen der Welt.","publisher":{"@id":"https:\/\/alegerglobal.com\/pl\/#organization"},"potentialAction":[{"@type":"SearchAction","target":{"@type":"EntryPoint","urlTemplate":"https:\/\/alegerglobal.com\/pl\/?s={search_term_string}"},"query-input":{"@type":"PropertyValueSpecification","valueRequired":true,"valueName":"search_term_string"}}],"inLanguage":"pl-PL"},{"@type":"Organization","@id":"https:\/\/alegerglobal.com\/pl\/#organization","name":"ALEGER \u22c6 Augmented Reality","url":"https:\/\/alegerglobal.com\/pl\/","logo":{"@type":"ImageObject","inLanguage":"pl-PL","@id":"https:\/\/alegerglobal.com\/pl\/#\/schema\/logo\/image\/","url":"https:\/\/alegerglobal.com\/wp-content\/uploads\/2020\/12\/aleger-logo-quadrat.jpg","contentUrl":"https:\/\/alegerglobal.com\/wp-content\/uploads\/2020\/12\/aleger-logo-quadrat.jpg","width":200,"height":176,"caption":"ALEGER \u22c6 Augmented Reality"},"image":{"@id":"https:\/\/alegerglobal.com\/pl\/#\/schema\/logo\/image\/"}}]},"product_brand":"Getac","product_price_amount":"54.99","product_price_currency":"EUR","og_availability":"instock","product_availability":"instock","product_condition":"new"},"_links":{"self":[{"href":"https:\/\/alegerglobal.com\/pl\/wp-json\/wp\/v2\/product\/33669","targetHints":{"allow":["GET"]}}],"collection":[{"href":"https:\/\/alegerglobal.com\/pl\/wp-json\/wp\/v2\/product"}],"about":[{"href":"https:\/\/alegerglobal.com\/pl\/wp-json\/wp\/v2\/types\/product"}],"replies":[{"embeddable":true,"href":"https:\/\/alegerglobal.com\/pl\/wp-json\/wp\/v2\/comments?post=33669"}],"version-history":[{"count":1,"href":"https:\/\/alegerglobal.com\/pl\/wp-json\/wp\/v2\/product\/33669\/revisions"}],"predecessor-version":[{"id":33672,"href":"https:\/\/alegerglobal.com\/pl\/wp-json\/wp\/v2\/product\/33669\/revisions\/33672"}],"wp:featuredmedia":[{"embeddable":true,"href":"https:\/\/alegerglobal.com\/pl\/wp-json\/wp\/v2\/media\/16424"}],"wp:attachment":[{"href":"https:\/\/alegerglobal.com\/pl\/wp-json\/wp\/v2\/media?parent=33669"}],"wp:term":[{"taxonomy":"product_brand","embeddable":true,"href":"https:\/\/alegerglobal.com\/pl\/wp-json\/wp\/v2\/product_brand?post=33669"},{"taxonomy":"product_cat","embeddable":true,"href":"https:\/\/alegerglobal.com\/pl\/wp-json\/wp\/v2\/product_cat?post=33669"},{"taxonomy":"product_tag","embeddable":true,"href":"https:\/\/alegerglobal.com\/pl\/wp-json\/wp\/v2\/product_tag?post=33669"}],"curies":[{"name":"wp","href":"https:\/\/api.w.org\/{rel}","templated":true}]}}