{"id":33660,"date":"2021-02-04T10:22:38","date_gmt":"2022-05-17T06:53:57","guid":{"rendered":"https:\/\/alegerglobal.com\/bez-kategorii\/office-dock-z-zasilaczem-sieciowym-tryb-tabletu\/"},"modified":"2022-05-17T07:54:01","modified_gmt":"2022-05-17T06:54:01","slug":"office-dock-z-zasilaczem-sieciowym-tryb-tabletu","status":"publish","type":"product","link":"https:\/\/alegerglobal.com\/pl\/shop-pl\/akcesoria\/office-dock-z-zasilaczem-sieciowym-tryb-tabletu\/","title":{"rendered":"OFFICE DOCK z zasilaczem sieciowym (tryb tabletu)"},"content":{"rendered":"\t\t<div data-elementor-type=\"product-post\" data-elementor-id=\"33660\" class=\"elementor elementor-33660 elementor-4214\" data-elementor-settings=\"{&quot;ha_cmc_init_switcher&quot;:&quot;no&quot;}\" data-elementor-post-type=\"product\">\n\t\t\t\t\t\t<section class=\"elementor-section elementor-top-section elementor-element elementor-element-9a08918 elementor-section-boxed elementor-section-height-default elementor-section-height-default\" data-id=\"9a08918\" data-element_type=\"section\" data-settings=\"{&quot;jet_parallax_layout_list&quot;:[],&quot;_ha_eqh_enable&quot;:false}\">\n\t\t\t\t\t\t<div class=\"elementor-container elementor-column-gap-default\">\n\t\t\t\t\t<div class=\"elementor-column elementor-col-100 elementor-top-column elementor-element elementor-element-18e8cb8\" data-id=\"18e8cb8\" data-element_type=\"column\">\n\t\t\t<div class=\"elementor-widget-wrap elementor-element-populated\">\n\t\t\t\t\t\t<div class=\"elementor-element elementor-element-7abdddf elementor-widget elementor-widget-text-editor\" data-id=\"7abdddf\" data-element_type=\"widget\" data-widget_type=\"text-editor.default\">\n\t\t\t\t<div class=\"elementor-widget-container\">\n\t\t\t\t\t\t\t\t\t<p><strong>Informacje o produkcie<\/strong><\/p><p>Wymiary:<\/p><p>d\u0142. 313,3 x szer. 203,3 x wys. 265,7 mm<\/p><p>Masa: 1,45 kg<\/p><p>Wtyczka dokuj\u0105ca: POGO<\/p><p>* z zasilaczem sieciowym 120 W<\/p><p>Interfejs We\/Wy:<\/p><p>Gniazdo DC in x 1<\/p><p>Wyj\u015bcie audio x 1<\/p><p>Mikrofon x 1<\/p><p>USB 2.0 x 2<\/p><p>USB 3.0 x 3<\/p><p>LAN x 2<\/p><p>HDMI x 1<\/p><p>VGA x 1<\/p><p>Port szeregowy x 1<\/p><p>Zamek Kensington x 1<\/p><p> <\/p><p><strong>ID SKU<\/strong><\/p><p>ID SKU: GDOF*V<\/p><p>* EU = E, US = U, UK = K, AU = A, CHN = C,<\/p><p>TW = T &#8211; kabel sieciowy<\/p>\t\t\t\t\t\t\t\t<\/div>\n\t\t\t\t<\/div>\n\t\t\t\t\t<\/div>\n\t\t<\/div>\n\t\t\t\t\t<\/div>\n\t\t<\/section>\n\t\t\t\t<\/div>\n\t\t","protected":false},"excerpt":{"rendered":"<p>Stacja dokuj\u0105ca Getac Office Dock udost\u0119pnia szereg port\u00f3w we\/wy umo\u017cliwiaj\u0105cych pod\u0142\u0105czenie najwa\u017cniejszych urz\u0105dze\u0144 peryferyjnych do urz\u0105dze\u0144 w biurze. Wbudowane porty Ethernet, RS232 i USB umo\u017cliwiaj\u0105 u\u017cytkownikom szybkie zbieranie danych z terenu i synchronizowanie ich z danymi w centrali, co pozwala na raportowanie i analiz\u0119 w czasie rzeczywistym. Z\u0142\u0105cza HDMI i VGA umo\u017cliwiaj\u0105 tak\u017ce przenoszenie prezentacji i arkuszy roboczych na wi\u0119kszy ekran.<\/p>\n","protected":false},"featured_media":16476,"comment_status":"open","ping_status":"closed","template":"","meta":{"_acf_changed":false},"product_brand":[],"product_cat":[1009,983],"product_tag":[],"class_list":{"0":"post-33660","1":"product","2":"type-product","3":"status-publish","4":"has-post-thumbnail","6":"product_cat-akcesoria","7":"product_cat-shop-pl","8":"pa_hersteller-getac-pl","10":"first","11":"instock","12":"taxable","13":"shipping-taxable","14":"purchasable","15":"product-type-simple"},"acf":[],"yoast_head":"<!-- This site is optimized with the Yoast SEO Premium plugin v20.10 (Yoast SEO v24.3) - https:\/\/yoast.com\/wordpress\/plugins\/seo\/ -->\n<title>- ALEGER \u22c6 Augmented Reality<\/title>\n<meta name=\"robots\" content=\"index, follow, max-snippet:-1, max-image-preview:large, max-video-preview:-1\" \/>\n<meta property=\"og:locale\" content=\"pl_PL\" \/>\n<meta property=\"og:type\" content=\"article\" \/>\n<meta property=\"og:title\" content=\"OFFICE DOCK z zasilaczem sieciowym (tryb tabletu)\" \/>\n<meta property=\"og:description\" content=\"Stacja dokuj\u0105ca Getac Office Dock udost\u0119pnia szereg port\u00f3w we\/wy umo\u017cliwiaj\u0105cych pod\u0142\u0105czenie najwa\u017cniejszych urz\u0105dze\u0144 peryferyjnych do urz\u0105dze\u0144 w biurze. Wbudowane porty Ethernet, RS232 i USB umo\u017cliwiaj\u0105 u\u017cytkownikom szybkie zbieranie danych z terenu i synchronizowanie ich z danymi w centrali, co pozwala na raportowanie i analiz\u0119 w czasie rzeczywistym. Z\u0142\u0105cza HDMI i VGA umo\u017cliwiaj\u0105 tak\u017ce przenoszenie prezentacji i arkuszy roboczych na wi\u0119kszy ekran.\" \/>\n<meta property=\"og:url\" content=\"https:\/\/alegerglobal.com\/pl\/shop-pl\/akcesoria\/office-dock-z-zasilaczem-sieciowym-tryb-tabletu\/\" \/>\n<meta property=\"og:site_name\" content=\"ALEGER \u22c6 Augmented Reality\" \/>\n<meta property=\"article:modified_time\" content=\"2022-05-17T06:54:01+00:00\" \/>\n<meta property=\"og:image\" content=\"https:\/\/alegerglobal.com\/wp-content\/uploads\/2021\/02\/Unbenannt-125.jpg\" \/>\n\t<meta property=\"og:image:width\" content=\"800\" \/>\n\t<meta property=\"og:image:height\" content=\"800\" \/>\n\t<meta property=\"og:image:type\" content=\"image\/jpeg\" \/>\n<meta name=\"twitter:card\" content=\"summary_large_image\" \/>\n<meta name=\"twitter:label1\" content=\"Cena\" \/>\n\t<meta name=\"twitter:data1\" content=\"&euro;361,99\" \/>\n\t<meta name=\"twitter:label2\" content=\"Dost\u0119pno\u015b\u0107\" \/>\n\t<meta name=\"twitter:data2\" content=\"Dost\u0119pny\" \/>\n<script type=\"application\/ld+json\" class=\"yoast-schema-graph\">{\"@context\":\"https:\/\/schema.org\",\"@graph\":[{\"@type\":\"WebPage\",\"@id\":\"https:\/\/alegerglobal.com\/pl\/shop-pl\/akcesoria\/office-dock-z-zasilaczem-sieciowym-tryb-tabletu\/\",\"url\":\"https:\/\/alegerglobal.com\/pl\/shop-pl\/akcesoria\/office-dock-z-zasilaczem-sieciowym-tryb-tabletu\/\",\"name\":\"- ALEGER \u22c6 Augmented Reality\",\"isPartOf\":{\"@id\":\"https:\/\/alegerglobal.com\/pl\/#website\"},\"primaryImageOfPage\":{\"@id\":\"https:\/\/alegerglobal.com\/pl\/shop-pl\/akcesoria\/office-dock-z-zasilaczem-sieciowym-tryb-tabletu\/#primaryimage\"},\"image\":{\"@id\":\"https:\/\/alegerglobal.com\/pl\/shop-pl\/akcesoria\/office-dock-z-zasilaczem-sieciowym-tryb-tabletu\/#primaryimage\"},\"thumbnailUrl\":\"https:\/\/alegerglobal.com\/wp-content\/uploads\/2021\/02\/Unbenannt-125.jpg\",\"datePublished\":\"2022-05-17T06:53:57+00:00\",\"dateModified\":\"2022-05-17T06:54:01+00:00\",\"breadcrumb\":{\"@id\":\"https:\/\/alegerglobal.com\/pl\/shop-pl\/akcesoria\/office-dock-z-zasilaczem-sieciowym-tryb-tabletu\/#breadcrumb\"},\"inLanguage\":\"pl-PL\",\"potentialAction\":[{\"@type\":\"ReadAction\",\"target\":[\"https:\/\/alegerglobal.com\/pl\/shop-pl\/akcesoria\/office-dock-z-zasilaczem-sieciowym-tryb-tabletu\/\"]}]},{\"@type\":\"ImageObject\",\"inLanguage\":\"pl-PL\",\"@id\":\"https:\/\/alegerglobal.com\/pl\/shop-pl\/akcesoria\/office-dock-z-zasilaczem-sieciowym-tryb-tabletu\/#primaryimage\",\"url\":\"https:\/\/alegerglobal.com\/wp-content\/uploads\/2021\/02\/Unbenannt-125.jpg\",\"contentUrl\":\"https:\/\/alegerglobal.com\/wp-content\/uploads\/2021\/02\/Unbenannt-125.jpg\",\"width\":800,\"height\":800},{\"@type\":\"BreadcrumbList\",\"@id\":\"https:\/\/alegerglobal.com\/pl\/shop-pl\/akcesoria\/office-dock-z-zasilaczem-sieciowym-tryb-tabletu\/#breadcrumb\",\"itemListElement\":[{\"@type\":\"ListItem\",\"position\":1,\"name\":\"Home\",\"item\":\"https:\/\/alegerglobal.com\/pl\/nowosc-strona-glowna\/\"},{\"@type\":\"ListItem\",\"position\":2,\"name\":\"Produkty\",\"item\":\"https:\/\/alegerglobal.com\/pl\/produkty\/\"},{\"@type\":\"ListItem\",\"position\":3,\"name\":\"OFFICE DOCK z zasilaczem sieciowym (tryb tabletu)\"}]},{\"@type\":\"WebSite\",\"@id\":\"https:\/\/alegerglobal.com\/pl\/#website\",\"url\":\"https:\/\/alegerglobal.com\/pl\/\",\"name\":\"ALEGER \u22c6 Augmented Reality\",\"description\":\"Die besten Augmented Reality (AR) L\u00f6sungen der Welt.\",\"publisher\":{\"@id\":\"https:\/\/alegerglobal.com\/pl\/#organization\"},\"potentialAction\":[{\"@type\":\"SearchAction\",\"target\":{\"@type\":\"EntryPoint\",\"urlTemplate\":\"https:\/\/alegerglobal.com\/pl\/?s={search_term_string}\"},\"query-input\":{\"@type\":\"PropertyValueSpecification\",\"valueRequired\":true,\"valueName\":\"search_term_string\"}}],\"inLanguage\":\"pl-PL\"},{\"@type\":\"Organization\",\"@id\":\"https:\/\/alegerglobal.com\/pl\/#organization\",\"name\":\"ALEGER \u22c6 Augmented Reality\",\"url\":\"https:\/\/alegerglobal.com\/pl\/\",\"logo\":{\"@type\":\"ImageObject\",\"inLanguage\":\"pl-PL\",\"@id\":\"https:\/\/alegerglobal.com\/pl\/#\/schema\/logo\/image\/\",\"url\":\"https:\/\/alegerglobal.com\/wp-content\/uploads\/2020\/12\/aleger-logo-quadrat.jpg\",\"contentUrl\":\"https:\/\/alegerglobal.com\/wp-content\/uploads\/2020\/12\/aleger-logo-quadrat.jpg\",\"width\":200,\"height\":176,\"caption\":\"ALEGER \u22c6 Augmented Reality\"},\"image\":{\"@id\":\"https:\/\/alegerglobal.com\/pl\/#\/schema\/logo\/image\/\"}}]}<\/script>\n<meta property=\"product:brand\" content=\"Getac\" \/>\n<meta property=\"product:price:amount\" content=\"361.99\" \/>\n<meta property=\"product:price:currency\" content=\"EUR\" \/>\n<meta property=\"og:availability\" content=\"instock\" \/>\n<meta property=\"product:availability\" content=\"instock\" \/>\n<meta property=\"product:condition\" content=\"new\" \/>\n<!-- \/ Yoast SEO Premium plugin. -->","yoast_head_json":{"title":"- ALEGER \u22c6 Augmented Reality","robots":{"index":"index","follow":"follow","max-snippet":"max-snippet:-1","max-image-preview":"max-image-preview:large","max-video-preview":"max-video-preview:-1"},"og_locale":"pl_PL","og_type":"article","og_title":"OFFICE DOCK z zasilaczem sieciowym (tryb tabletu)","og_description":"Stacja dokuj\u0105ca Getac Office Dock udost\u0119pnia szereg port\u00f3w we\/wy umo\u017cliwiaj\u0105cych pod\u0142\u0105czenie najwa\u017cniejszych urz\u0105dze\u0144 peryferyjnych do urz\u0105dze\u0144 w biurze. Wbudowane porty Ethernet, RS232 i USB umo\u017cliwiaj\u0105 u\u017cytkownikom szybkie zbieranie danych z terenu i synchronizowanie ich z danymi w centrali, co pozwala na raportowanie i analiz\u0119 w czasie rzeczywistym. Z\u0142\u0105cza HDMI i VGA umo\u017cliwiaj\u0105 tak\u017ce przenoszenie prezentacji i arkuszy roboczych na wi\u0119kszy ekran.","og_url":"https:\/\/alegerglobal.com\/pl\/shop-pl\/akcesoria\/office-dock-z-zasilaczem-sieciowym-tryb-tabletu\/","og_site_name":"ALEGER \u22c6 Augmented Reality","article_modified_time":"2022-05-17T06:54:01+00:00","og_image":[{"width":800,"height":800,"url":"https:\/\/alegerglobal.com\/wp-content\/uploads\/2021\/02\/Unbenannt-125.jpg","type":"image\/jpeg"}],"twitter_card":"summary_large_image","twitter_misc":{"Cena":"&euro;361,99","Dost\u0119pno\u015b\u0107":"Dost\u0119pny"},"schema":{"@context":"https:\/\/schema.org","@graph":[{"@type":"WebPage","@id":"https:\/\/alegerglobal.com\/pl\/shop-pl\/akcesoria\/office-dock-z-zasilaczem-sieciowym-tryb-tabletu\/","url":"https:\/\/alegerglobal.com\/pl\/shop-pl\/akcesoria\/office-dock-z-zasilaczem-sieciowym-tryb-tabletu\/","name":"- ALEGER \u22c6 Augmented Reality","isPartOf":{"@id":"https:\/\/alegerglobal.com\/pl\/#website"},"primaryImageOfPage":{"@id":"https:\/\/alegerglobal.com\/pl\/shop-pl\/akcesoria\/office-dock-z-zasilaczem-sieciowym-tryb-tabletu\/#primaryimage"},"image":{"@id":"https:\/\/alegerglobal.com\/pl\/shop-pl\/akcesoria\/office-dock-z-zasilaczem-sieciowym-tryb-tabletu\/#primaryimage"},"thumbnailUrl":"https:\/\/alegerglobal.com\/wp-content\/uploads\/2021\/02\/Unbenannt-125.jpg","datePublished":"2022-05-17T06:53:57+00:00","dateModified":"2022-05-17T06:54:01+00:00","breadcrumb":{"@id":"https:\/\/alegerglobal.com\/pl\/shop-pl\/akcesoria\/office-dock-z-zasilaczem-sieciowym-tryb-tabletu\/#breadcrumb"},"inLanguage":"pl-PL","potentialAction":[{"@type":"ReadAction","target":["https:\/\/alegerglobal.com\/pl\/shop-pl\/akcesoria\/office-dock-z-zasilaczem-sieciowym-tryb-tabletu\/"]}]},{"@type":"ImageObject","inLanguage":"pl-PL","@id":"https:\/\/alegerglobal.com\/pl\/shop-pl\/akcesoria\/office-dock-z-zasilaczem-sieciowym-tryb-tabletu\/#primaryimage","url":"https:\/\/alegerglobal.com\/wp-content\/uploads\/2021\/02\/Unbenannt-125.jpg","contentUrl":"https:\/\/alegerglobal.com\/wp-content\/uploads\/2021\/02\/Unbenannt-125.jpg","width":800,"height":800},{"@type":"BreadcrumbList","@id":"https:\/\/alegerglobal.com\/pl\/shop-pl\/akcesoria\/office-dock-z-zasilaczem-sieciowym-tryb-tabletu\/#breadcrumb","itemListElement":[{"@type":"ListItem","position":1,"name":"Home","item":"https:\/\/alegerglobal.com\/pl\/nowosc-strona-glowna\/"},{"@type":"ListItem","position":2,"name":"Produkty","item":"https:\/\/alegerglobal.com\/pl\/produkty\/"},{"@type":"ListItem","position":3,"name":"OFFICE DOCK z zasilaczem sieciowym (tryb tabletu)"}]},{"@type":"WebSite","@id":"https:\/\/alegerglobal.com\/pl\/#website","url":"https:\/\/alegerglobal.com\/pl\/","name":"ALEGER \u22c6 Augmented Reality","description":"Die besten Augmented Reality (AR) L\u00f6sungen der Welt.","publisher":{"@id":"https:\/\/alegerglobal.com\/pl\/#organization"},"potentialAction":[{"@type":"SearchAction","target":{"@type":"EntryPoint","urlTemplate":"https:\/\/alegerglobal.com\/pl\/?s={search_term_string}"},"query-input":{"@type":"PropertyValueSpecification","valueRequired":true,"valueName":"search_term_string"}}],"inLanguage":"pl-PL"},{"@type":"Organization","@id":"https:\/\/alegerglobal.com\/pl\/#organization","name":"ALEGER \u22c6 Augmented Reality","url":"https:\/\/alegerglobal.com\/pl\/","logo":{"@type":"ImageObject","inLanguage":"pl-PL","@id":"https:\/\/alegerglobal.com\/pl\/#\/schema\/logo\/image\/","url":"https:\/\/alegerglobal.com\/wp-content\/uploads\/2020\/12\/aleger-logo-quadrat.jpg","contentUrl":"https:\/\/alegerglobal.com\/wp-content\/uploads\/2020\/12\/aleger-logo-quadrat.jpg","width":200,"height":176,"caption":"ALEGER \u22c6 Augmented Reality"},"image":{"@id":"https:\/\/alegerglobal.com\/pl\/#\/schema\/logo\/image\/"}}]},"product_brand":"Getac","product_price_amount":"361.99","product_price_currency":"EUR","og_availability":"instock","product_availability":"instock","product_condition":"new"},"_links":{"self":[{"href":"https:\/\/alegerglobal.com\/pl\/wp-json\/wp\/v2\/product\/33660","targetHints":{"allow":["GET"]}}],"collection":[{"href":"https:\/\/alegerglobal.com\/pl\/wp-json\/wp\/v2\/product"}],"about":[{"href":"https:\/\/alegerglobal.com\/pl\/wp-json\/wp\/v2\/types\/product"}],"replies":[{"embeddable":true,"href":"https:\/\/alegerglobal.com\/pl\/wp-json\/wp\/v2\/comments?post=33660"}],"version-history":[{"count":1,"href":"https:\/\/alegerglobal.com\/pl\/wp-json\/wp\/v2\/product\/33660\/revisions"}],"predecessor-version":[{"id":33664,"href":"https:\/\/alegerglobal.com\/pl\/wp-json\/wp\/v2\/product\/33660\/revisions\/33664"}],"wp:featuredmedia":[{"embeddable":true,"href":"https:\/\/alegerglobal.com\/pl\/wp-json\/wp\/v2\/media\/16476"}],"wp:attachment":[{"href":"https:\/\/alegerglobal.com\/pl\/wp-json\/wp\/v2\/media?parent=33660"}],"wp:term":[{"taxonomy":"product_brand","embeddable":true,"href":"https:\/\/alegerglobal.com\/pl\/wp-json\/wp\/v2\/product_brand?post=33660"},{"taxonomy":"product_cat","embeddable":true,"href":"https:\/\/alegerglobal.com\/pl\/wp-json\/wp\/v2\/product_cat?post=33660"},{"taxonomy":"product_tag","embeddable":true,"href":"https:\/\/alegerglobal.com\/pl\/wp-json\/wp\/v2\/product_tag?post=33660"}],"curies":[{"name":"wp","href":"https:\/\/api.w.org\/{rel}","templated":true}]}}