{"id":33578,"date":"2021-02-01T13:26:17","date_gmt":"2022-05-17T06:41:02","guid":{"rendered":"https:\/\/alegerglobal.com\/bez-kategorii\/zestaw-do-montazu-na-slupku\/"},"modified":"2022-05-17T07:41:04","modified_gmt":"2022-05-17T06:41:04","slug":"zestaw-do-montazu-na-slupku","status":"publish","type":"product","link":"https:\/\/alegerglobal.com\/pl\/shop-pl\/akcesoria\/zestaw-do-montazu-na-slupku\/","title":{"rendered":"Zestaw do monta\u017cu na s\u0142upku"},"content":{"rendered":"\t\t<div data-elementor-type=\"product-post\" data-elementor-id=\"33578\" class=\"elementor elementor-33578 elementor-3707\" data-elementor-settings=\"{&quot;ha_cmc_init_switcher&quot;:&quot;no&quot;}\" data-elementor-post-type=\"product\">\n\t\t\t\t\t\t<section class=\"elementor-section elementor-top-section elementor-element elementor-element-99da11f elementor-section-boxed elementor-section-height-default elementor-section-height-default\" data-id=\"99da11f\" data-element_type=\"section\" data-settings=\"{&quot;jet_parallax_layout_list&quot;:[],&quot;_ha_eqh_enable&quot;:false}\">\n\t\t\t\t\t\t<div class=\"elementor-container elementor-column-gap-default\">\n\t\t\t\t\t<div class=\"elementor-column elementor-col-100 elementor-top-column elementor-element elementor-element-58a0cd2\" data-id=\"58a0cd2\" data-element_type=\"column\">\n\t\t\t<div class=\"elementor-widget-wrap elementor-element-populated\">\n\t\t\t\t\t\t<div class=\"elementor-element elementor-element-7894957 elementor-widget elementor-widget-text-editor\" data-id=\"7894957\" data-element_type=\"widget\" data-widget_type=\"text-editor.default\">\n\t\t\t\t<div class=\"elementor-widget-container\">\n\t\t\t\t\t\t\t\t\t<div class=\"table-display\"><div class=\"table-display__cell roman product__header__name\"><div class=\"fs-1-2 key-features\"><strong>G\u0142\u00f3wne cechy<\/strong><\/div><\/div><div class=\"table-display__cell bottom invert product__header__link\"> <\/div><\/div><div class=\"product__header__table\"><hr><div class=\"field field-name-field-key-feature-1 field-type-text-long field-label-hidden\"><div class=\"field-items\"><div class=\"field-item even\">Obejma s\u0142upka 4&#8243; z przegubem kulowym 2,25&#8243;<\/div><\/div><\/div><hr><div class=\"field field-name-field-key-feature-2 field-type-text-long field-label-hidden\"><div class=\"field-items\"><div class=\"field-item even\">Rami\u0119 z podw\u00f3jnym gniazdem o \u015brednicy 2,25&#8243;<\/div><\/div><\/div><hr><div class=\"field field-name-field-key-feature-3 field-type-text-long field-label-hidden\"><div class=\"field-items\"><div class=\"field-item even\">P\u0142yta monta\u017cowa VESA z kul\u0105 2,25&#8243;.<\/div><\/div><\/div><hr><div class=\"field field-name-field-key-feature-4 field-type-text-long field-label-hidden\"><div class=\"field-items\"><div class=\"field-item even\">Mo\u017cliwo\u015b\u0107 pe\u0142nego pochylenia i obrotu<\/div><\/div><\/div><hr><div class=\"field field-name-field-key-feature-5 field-type-text-long field-label-hidden\"><div class=\"field-items\"><div class=\"field-item even\">Do u\u017cytku z dokami samochodowymi TOUGHBOOK<\/div><\/div><\/div><\/div>\t\t\t\t\t\t\t\t<\/div>\n\t\t\t\t<\/div>\n\t\t\t\t\t<\/div>\n\t\t<\/div>\n\t\t\t\t\t<\/div>\n\t\t<\/section>\n\t\t\t\t<\/div>\n\t\t","protected":false},"excerpt":{"rendered":"<p>G\u0142\u00f3wne cechy Obejma s\u0142upka 4&#8243; z przegubem kulowym 2,25&#8243; Rami\u0119 z podw\u00f3jnym gniazdem o \u015brednicy 2,25&#8243; P\u0142yta monta\u017cowa VESA z kul\u0105 2,25&#8243;. Mo\u017cliwo\u015b\u0107 pe\u0142nego pochylenia i obrotu Do u\u017cytku z dokami samochodowymi TOUGHBOOK<\/p>\n","protected":false},"featured_media":16059,"comment_status":"open","ping_status":"closed","template":"","meta":{"_acf_changed":false},"product_brand":[],"product_cat":[1009,983],"product_tag":[],"class_list":{"0":"post-33578","1":"product","2":"type-product","3":"status-publish","4":"has-post-thumbnail","6":"product_cat-akcesoria","7":"product_cat-shop-pl","8":"pa_hersteller-panasonic-pl","10":"first","11":"instock","12":"taxable","13":"shipping-taxable","14":"purchasable","15":"product-type-simple"},"acf":[],"yoast_head":"<!-- This site is optimized with the Yoast SEO Premium plugin v20.10 (Yoast SEO v24.3) - https:\/\/yoast.com\/wordpress\/plugins\/seo\/ -->\n<title>- ALEGER \u22c6 Augmented Reality<\/title>\n<meta name=\"robots\" content=\"index, follow, max-snippet:-1, max-image-preview:large, max-video-preview:-1\" \/>\n<meta property=\"og:locale\" content=\"pl_PL\" \/>\n<meta property=\"og:type\" content=\"article\" \/>\n<meta property=\"og:title\" content=\"Zestaw do monta\u017cu na s\u0142upku\" \/>\n<meta property=\"og:description\" content=\"G\u0142\u00f3wne cechy Obejma s\u0142upka 4&#8243; z przegubem kulowym 2,25&#8243; Rami\u0119 z podw\u00f3jnym gniazdem o \u015brednicy 2,25&#8243; P\u0142yta monta\u017cowa VESA z kul\u0105 2,25&#8243;. Mo\u017cliwo\u015b\u0107 pe\u0142nego pochylenia i obrotu Do u\u017cytku z dokami samochodowymi TOUGHBOOK\" \/>\n<meta property=\"og:url\" content=\"https:\/\/alegerglobal.com\/pl\/shop-pl\/akcesoria\/zestaw-do-montazu-na-slupku\/\" \/>\n<meta property=\"og:site_name\" content=\"ALEGER \u22c6 Augmented Reality\" \/>\n<meta property=\"article:modified_time\" content=\"2022-05-17T06:41:04+00:00\" \/>\n<meta property=\"og:image\" content=\"https:\/\/alegerglobal.com\/wp-content\/uploads\/2021\/02\/pcpe_ramfrk07_pcpe_ramfrk08_pcpe_ramfrk09.png\" \/>\n\t<meta property=\"og:image:width\" content=\"225\" \/>\n\t<meta property=\"og:image:height\" content=\"193\" \/>\n\t<meta property=\"og:image:type\" content=\"image\/png\" \/>\n<meta name=\"twitter:card\" content=\"summary_large_image\" \/>\n<meta name=\"twitter:label1\" content=\"Cena\" \/>\n\t<meta name=\"twitter:data1\" content=\"&euro;182,99\" \/>\n\t<meta name=\"twitter:label2\" content=\"Dost\u0119pno\u015b\u0107\" \/>\n\t<meta name=\"twitter:data2\" content=\"Dost\u0119pny\" \/>\n<script type=\"application\/ld+json\" class=\"yoast-schema-graph\">{\"@context\":\"https:\/\/schema.org\",\"@graph\":[{\"@type\":\"WebPage\",\"@id\":\"https:\/\/alegerglobal.com\/pl\/shop-pl\/akcesoria\/zestaw-do-montazu-na-slupku\/\",\"url\":\"https:\/\/alegerglobal.com\/pl\/shop-pl\/akcesoria\/zestaw-do-montazu-na-slupku\/\",\"name\":\"- ALEGER \u22c6 Augmented Reality\",\"isPartOf\":{\"@id\":\"https:\/\/alegerglobal.com\/pl\/#website\"},\"primaryImageOfPage\":{\"@id\":\"https:\/\/alegerglobal.com\/pl\/shop-pl\/akcesoria\/zestaw-do-montazu-na-slupku\/#primaryimage\"},\"image\":{\"@id\":\"https:\/\/alegerglobal.com\/pl\/shop-pl\/akcesoria\/zestaw-do-montazu-na-slupku\/#primaryimage\"},\"thumbnailUrl\":\"https:\/\/alegerglobal.com\/wp-content\/uploads\/2021\/02\/pcpe_ramfrk07_pcpe_ramfrk08_pcpe_ramfrk09.png\",\"datePublished\":\"2022-05-17T06:41:02+00:00\",\"dateModified\":\"2022-05-17T06:41:04+00:00\",\"breadcrumb\":{\"@id\":\"https:\/\/alegerglobal.com\/pl\/shop-pl\/akcesoria\/zestaw-do-montazu-na-slupku\/#breadcrumb\"},\"inLanguage\":\"pl-PL\",\"potentialAction\":[{\"@type\":\"ReadAction\",\"target\":[\"https:\/\/alegerglobal.com\/pl\/shop-pl\/akcesoria\/zestaw-do-montazu-na-slupku\/\"]}]},{\"@type\":\"ImageObject\",\"inLanguage\":\"pl-PL\",\"@id\":\"https:\/\/alegerglobal.com\/pl\/shop-pl\/akcesoria\/zestaw-do-montazu-na-slupku\/#primaryimage\",\"url\":\"https:\/\/alegerglobal.com\/wp-content\/uploads\/2021\/02\/pcpe_ramfrk07_pcpe_ramfrk08_pcpe_ramfrk09.png\",\"contentUrl\":\"https:\/\/alegerglobal.com\/wp-content\/uploads\/2021\/02\/pcpe_ramfrk07_pcpe_ramfrk08_pcpe_ramfrk09.png\",\"width\":225,\"height\":193},{\"@type\":\"BreadcrumbList\",\"@id\":\"https:\/\/alegerglobal.com\/pl\/shop-pl\/akcesoria\/zestaw-do-montazu-na-slupku\/#breadcrumb\",\"itemListElement\":[{\"@type\":\"ListItem\",\"position\":1,\"name\":\"Home\",\"item\":\"https:\/\/alegerglobal.com\/pl\/nowosc-strona-glowna\/\"},{\"@type\":\"ListItem\",\"position\":2,\"name\":\"Produkty\",\"item\":\"https:\/\/alegerglobal.com\/pl\/produkty\/\"},{\"@type\":\"ListItem\",\"position\":3,\"name\":\"Zestaw do monta\u017cu na s\u0142upku\"}]},{\"@type\":\"WebSite\",\"@id\":\"https:\/\/alegerglobal.com\/pl\/#website\",\"url\":\"https:\/\/alegerglobal.com\/pl\/\",\"name\":\"ALEGER \u22c6 Augmented Reality\",\"description\":\"Die besten Augmented Reality (AR) L\u00f6sungen der Welt.\",\"publisher\":{\"@id\":\"https:\/\/alegerglobal.com\/pl\/#organization\"},\"potentialAction\":[{\"@type\":\"SearchAction\",\"target\":{\"@type\":\"EntryPoint\",\"urlTemplate\":\"https:\/\/alegerglobal.com\/pl\/?s={search_term_string}\"},\"query-input\":{\"@type\":\"PropertyValueSpecification\",\"valueRequired\":true,\"valueName\":\"search_term_string\"}}],\"inLanguage\":\"pl-PL\"},{\"@type\":\"Organization\",\"@id\":\"https:\/\/alegerglobal.com\/pl\/#organization\",\"name\":\"ALEGER \u22c6 Augmented Reality\",\"url\":\"https:\/\/alegerglobal.com\/pl\/\",\"logo\":{\"@type\":\"ImageObject\",\"inLanguage\":\"pl-PL\",\"@id\":\"https:\/\/alegerglobal.com\/pl\/#\/schema\/logo\/image\/\",\"url\":\"https:\/\/alegerglobal.com\/wp-content\/uploads\/2020\/12\/aleger-logo-quadrat.jpg\",\"contentUrl\":\"https:\/\/alegerglobal.com\/wp-content\/uploads\/2020\/12\/aleger-logo-quadrat.jpg\",\"width\":200,\"height\":176,\"caption\":\"ALEGER \u22c6 Augmented Reality\"},\"image\":{\"@id\":\"https:\/\/alegerglobal.com\/pl\/#\/schema\/logo\/image\/\"}}]}<\/script>\n<meta property=\"product:brand\" content=\"Panasonic\" \/>\n<meta property=\"product:price:amount\" content=\"182.99\" \/>\n<meta property=\"product:price:currency\" content=\"EUR\" \/>\n<meta property=\"og:availability\" content=\"instock\" \/>\n<meta property=\"product:availability\" content=\"instock\" \/>\n<meta property=\"product:condition\" content=\"new\" \/>\n<!-- \/ Yoast SEO Premium plugin. -->","yoast_head_json":{"title":"- ALEGER \u22c6 Augmented Reality","robots":{"index":"index","follow":"follow","max-snippet":"max-snippet:-1","max-image-preview":"max-image-preview:large","max-video-preview":"max-video-preview:-1"},"og_locale":"pl_PL","og_type":"article","og_title":"Zestaw do monta\u017cu na s\u0142upku","og_description":"G\u0142\u00f3wne cechy Obejma s\u0142upka 4&#8243; z przegubem kulowym 2,25&#8243; Rami\u0119 z podw\u00f3jnym gniazdem o \u015brednicy 2,25&#8243; P\u0142yta monta\u017cowa VESA z kul\u0105 2,25&#8243;. Mo\u017cliwo\u015b\u0107 pe\u0142nego pochylenia i obrotu Do u\u017cytku z dokami samochodowymi TOUGHBOOK","og_url":"https:\/\/alegerglobal.com\/pl\/shop-pl\/akcesoria\/zestaw-do-montazu-na-slupku\/","og_site_name":"ALEGER \u22c6 Augmented Reality","article_modified_time":"2022-05-17T06:41:04+00:00","og_image":[{"width":225,"height":193,"url":"https:\/\/alegerglobal.com\/wp-content\/uploads\/2021\/02\/pcpe_ramfrk07_pcpe_ramfrk08_pcpe_ramfrk09.png","type":"image\/png"}],"twitter_card":"summary_large_image","twitter_misc":{"Cena":"&euro;182,99","Dost\u0119pno\u015b\u0107":"Dost\u0119pny"},"schema":{"@context":"https:\/\/schema.org","@graph":[{"@type":"WebPage","@id":"https:\/\/alegerglobal.com\/pl\/shop-pl\/akcesoria\/zestaw-do-montazu-na-slupku\/","url":"https:\/\/alegerglobal.com\/pl\/shop-pl\/akcesoria\/zestaw-do-montazu-na-slupku\/","name":"- ALEGER \u22c6 Augmented Reality","isPartOf":{"@id":"https:\/\/alegerglobal.com\/pl\/#website"},"primaryImageOfPage":{"@id":"https:\/\/alegerglobal.com\/pl\/shop-pl\/akcesoria\/zestaw-do-montazu-na-slupku\/#primaryimage"},"image":{"@id":"https:\/\/alegerglobal.com\/pl\/shop-pl\/akcesoria\/zestaw-do-montazu-na-slupku\/#primaryimage"},"thumbnailUrl":"https:\/\/alegerglobal.com\/wp-content\/uploads\/2021\/02\/pcpe_ramfrk07_pcpe_ramfrk08_pcpe_ramfrk09.png","datePublished":"2022-05-17T06:41:02+00:00","dateModified":"2022-05-17T06:41:04+00:00","breadcrumb":{"@id":"https:\/\/alegerglobal.com\/pl\/shop-pl\/akcesoria\/zestaw-do-montazu-na-slupku\/#breadcrumb"},"inLanguage":"pl-PL","potentialAction":[{"@type":"ReadAction","target":["https:\/\/alegerglobal.com\/pl\/shop-pl\/akcesoria\/zestaw-do-montazu-na-slupku\/"]}]},{"@type":"ImageObject","inLanguage":"pl-PL","@id":"https:\/\/alegerglobal.com\/pl\/shop-pl\/akcesoria\/zestaw-do-montazu-na-slupku\/#primaryimage","url":"https:\/\/alegerglobal.com\/wp-content\/uploads\/2021\/02\/pcpe_ramfrk07_pcpe_ramfrk08_pcpe_ramfrk09.png","contentUrl":"https:\/\/alegerglobal.com\/wp-content\/uploads\/2021\/02\/pcpe_ramfrk07_pcpe_ramfrk08_pcpe_ramfrk09.png","width":225,"height":193},{"@type":"BreadcrumbList","@id":"https:\/\/alegerglobal.com\/pl\/shop-pl\/akcesoria\/zestaw-do-montazu-na-slupku\/#breadcrumb","itemListElement":[{"@type":"ListItem","position":1,"name":"Home","item":"https:\/\/alegerglobal.com\/pl\/nowosc-strona-glowna\/"},{"@type":"ListItem","position":2,"name":"Produkty","item":"https:\/\/alegerglobal.com\/pl\/produkty\/"},{"@type":"ListItem","position":3,"name":"Zestaw do monta\u017cu na s\u0142upku"}]},{"@type":"WebSite","@id":"https:\/\/alegerglobal.com\/pl\/#website","url":"https:\/\/alegerglobal.com\/pl\/","name":"ALEGER \u22c6 Augmented Reality","description":"Die besten Augmented Reality (AR) L\u00f6sungen der Welt.","publisher":{"@id":"https:\/\/alegerglobal.com\/pl\/#organization"},"potentialAction":[{"@type":"SearchAction","target":{"@type":"EntryPoint","urlTemplate":"https:\/\/alegerglobal.com\/pl\/?s={search_term_string}"},"query-input":{"@type":"PropertyValueSpecification","valueRequired":true,"valueName":"search_term_string"}}],"inLanguage":"pl-PL"},{"@type":"Organization","@id":"https:\/\/alegerglobal.com\/pl\/#organization","name":"ALEGER \u22c6 Augmented Reality","url":"https:\/\/alegerglobal.com\/pl\/","logo":{"@type":"ImageObject","inLanguage":"pl-PL","@id":"https:\/\/alegerglobal.com\/pl\/#\/schema\/logo\/image\/","url":"https:\/\/alegerglobal.com\/wp-content\/uploads\/2020\/12\/aleger-logo-quadrat.jpg","contentUrl":"https:\/\/alegerglobal.com\/wp-content\/uploads\/2020\/12\/aleger-logo-quadrat.jpg","width":200,"height":176,"caption":"ALEGER \u22c6 Augmented Reality"},"image":{"@id":"https:\/\/alegerglobal.com\/pl\/#\/schema\/logo\/image\/"}}]},"product_brand":"Panasonic","product_price_amount":"182.99","product_price_currency":"EUR","og_availability":"instock","product_availability":"instock","product_condition":"new"},"_links":{"self":[{"href":"https:\/\/alegerglobal.com\/pl\/wp-json\/wp\/v2\/product\/33578","targetHints":{"allow":["GET"]}}],"collection":[{"href":"https:\/\/alegerglobal.com\/pl\/wp-json\/wp\/v2\/product"}],"about":[{"href":"https:\/\/alegerglobal.com\/pl\/wp-json\/wp\/v2\/types\/product"}],"replies":[{"embeddable":true,"href":"https:\/\/alegerglobal.com\/pl\/wp-json\/wp\/v2\/comments?post=33578"}],"version-history":[{"count":1,"href":"https:\/\/alegerglobal.com\/pl\/wp-json\/wp\/v2\/product\/33578\/revisions"}],"predecessor-version":[{"id":33581,"href":"https:\/\/alegerglobal.com\/pl\/wp-json\/wp\/v2\/product\/33578\/revisions\/33581"}],"wp:featuredmedia":[{"embeddable":true,"href":"https:\/\/alegerglobal.com\/pl\/wp-json\/wp\/v2\/media\/16059"}],"wp:attachment":[{"href":"https:\/\/alegerglobal.com\/pl\/wp-json\/wp\/v2\/media?parent=33578"}],"wp:term":[{"taxonomy":"product_brand","embeddable":true,"href":"https:\/\/alegerglobal.com\/pl\/wp-json\/wp\/v2\/product_brand?post=33578"},{"taxonomy":"product_cat","embeddable":true,"href":"https:\/\/alegerglobal.com\/pl\/wp-json\/wp\/v2\/product_cat?post=33578"},{"taxonomy":"product_tag","embeddable":true,"href":"https:\/\/alegerglobal.com\/pl\/wp-json\/wp\/v2\/product_tag?post=33578"}],"curies":[{"name":"wp","href":"https:\/\/api.w.org\/{rel}","templated":true}]}}