{"id":33564,"date":"2021-02-03T05:42:21","date_gmt":"2022-05-17T06:40:58","guid":{"rendered":"https:\/\/alegerglobal.com\/bez-kategorii\/standardowy-lub-sredniego-zasiegu-skaner-kodow-kreskowych-1d-2d\/"},"modified":"2022-05-17T07:41:05","modified_gmt":"2022-05-17T06:41:05","slug":"standardowy-lub-sredniego-zasiegu-skaner-kodow-kreskowych-1d-2d","status":"publish","type":"product","link":"https:\/\/alegerglobal.com\/pl\/shop-pl\/akcesoria\/standardowy-lub-sredniego-zasiegu-skaner-kodow-kreskowych-1d-2d\/","title":{"rendered":"Standardowy lub \u015bredniego zasi\u0119gu skaner kod\u00f3w kreskowych 1D\/2D"},"content":{"rendered":"\t\t<div data-elementor-type=\"product-post\" data-elementor-id=\"33564\" class=\"elementor elementor-33564 elementor-3848\" data-elementor-settings=\"{&quot;ha_cmc_init_switcher&quot;:&quot;no&quot;}\" data-elementor-post-type=\"product\">\n\t\t\t\t\t\t<section class=\"elementor-section elementor-top-section elementor-element elementor-element-0038cd8 elementor-section-boxed elementor-section-height-default elementor-section-height-default\" data-id=\"0038cd8\" data-element_type=\"section\" data-settings=\"{&quot;jet_parallax_layout_list&quot;:[],&quot;_ha_eqh_enable&quot;:false}\">\n\t\t\t\t\t\t<div class=\"elementor-container elementor-column-gap-default\">\n\t\t\t\t\t<div class=\"elementor-column elementor-col-100 elementor-top-column elementor-element elementor-element-bb8892a\" data-id=\"bb8892a\" data-element_type=\"column\">\n\t\t\t<div class=\"elementor-widget-wrap elementor-element-populated\">\n\t\t\t\t\t\t<div class=\"elementor-element elementor-element-864d467 elementor-widget elementor-widget-text-editor\" data-id=\"864d467\" data-element_type=\"widget\" data-widget_type=\"text-editor.default\">\n\t\t\t\t<div class=\"elementor-widget-container\">\n\t\t\t\t\t\t\t\t\t<p class=\"MsoNormal\"><strong>G\u0142\u00f3wne cechy<\/strong><\/p><p class=\"MsoNormal\">Odleg\u0142o\u015b\u0107 skanowania: Zasi\u0119g standardowy: 10-80cm; Zasi\u0119g \u015bredni: 30-150cm<\/p><p class=\"MsoNormal\">Transmisyjne sprz\u0119\u017cenie zwrotne (akustyczne, optyczne, dotykowe)<\/p><p class=\"MsoNormal\">Transmisja bezprzewodowa (868 MHz, Bluetooth Low Energy)<\/p><p class=\"MsoNormal\">\u017bywotno\u015b\u0107 baterii do 6000 skan\u00f3w<\/p><p class=\"MsoNormal\">Komunikacja dwukierunkowa<\/p>\t\t\t\t\t\t\t\t<\/div>\n\t\t\t\t<\/div>\n\t\t\t\t\t<\/div>\n\t\t<\/div>\n\t\t\t\t\t<\/div>\n\t\t<\/section>\n\t\t\t\t<\/div>\n\t\t","protected":false},"excerpt":{"rendered":"<p>G\u0142\u00f3wne cechy Odleg\u0142o\u015b\u0107 skanowania: Zasi\u0119g standardowy: 10-80cm; Zasi\u0119g \u015bredni: 30-150cm Transmisyjne sprz\u0119\u017cenie zwrotne (akustyczne, optyczne, dotykowe) Transmisja bezprzewodowa (868 MHz, Bluetooth Low Energy) \u017bywotno\u015b\u0107 baterii do 6000 skan\u00f3w Komunikacja dwukierunkowa<\/p>\n","protected":false},"featured_media":16086,"comment_status":"open","ping_status":"closed","template":"","meta":{"_acf_changed":false},"product_brand":[],"product_cat":[1009,983],"product_tag":[],"class_list":{"0":"post-33564","1":"product","2":"type-product","3":"status-publish","4":"has-post-thumbnail","6":"product_cat-akcesoria","7":"product_cat-shop-pl","8":"pa_hersteller-panasonic-pl","10":"first","11":"instock","12":"taxable","13":"shipping-taxable","14":"purchasable","15":"product-type-simple"},"acf":[],"yoast_head":"<!-- This site is optimized with the Yoast SEO Premium plugin v20.10 (Yoast SEO v24.3) - https:\/\/yoast.com\/wordpress\/plugins\/seo\/ -->\n<title>- ALEGER \u22c6 Augmented Reality<\/title>\n<meta name=\"robots\" content=\"index, follow, max-snippet:-1, max-image-preview:large, max-video-preview:-1\" \/>\n<meta property=\"og:locale\" content=\"pl_PL\" \/>\n<meta property=\"og:type\" content=\"article\" \/>\n<meta property=\"og:title\" content=\"Standardowy lub \u015bredniego zasi\u0119gu skaner kod\u00f3w kreskowych 1D\/2D\" \/>\n<meta property=\"og:description\" content=\"G\u0142\u00f3wne cechy Odleg\u0142o\u015b\u0107 skanowania: Zasi\u0119g standardowy: 10-80cm; Zasi\u0119g \u015bredni: 30-150cm Transmisyjne sprz\u0119\u017cenie zwrotne (akustyczne, optyczne, dotykowe) Transmisja bezprzewodowa (868 MHz, Bluetooth Low Energy) \u017bywotno\u015b\u0107 baterii do 6000 skan\u00f3w Komunikacja dwukierunkowa\" \/>\n<meta property=\"og:url\" content=\"https:\/\/alegerglobal.com\/pl\/shop-pl\/akcesoria\/standardowy-lub-sredniego-zasiegu-skaner-kodow-kreskowych-1d-2d\/\" \/>\n<meta property=\"og:site_name\" content=\"ALEGER \u22c6 Augmented Reality\" \/>\n<meta property=\"article:modified_time\" content=\"2022-05-17T06:41:05+00:00\" \/>\n<meta property=\"og:image\" content=\"https:\/\/alegerglobal.com\/wp-content\/uploads\/2021\/02\/pcpe-pglscn2.jpg\" \/>\n\t<meta property=\"og:image:width\" content=\"400\" \/>\n\t<meta property=\"og:image:height\" content=\"300\" \/>\n\t<meta property=\"og:image:type\" content=\"image\/jpeg\" \/>\n<meta name=\"twitter:card\" content=\"summary_large_image\" \/>\n<meta name=\"twitter:label1\" content=\"Cena\" \/>\n\t<meta name=\"twitter:data1\" content=\"&euro;99,99\" \/>\n\t<meta name=\"twitter:label2\" content=\"Dost\u0119pno\u015b\u0107\" \/>\n\t<meta name=\"twitter:data2\" content=\"Dost\u0119pny\" \/>\n<script type=\"application\/ld+json\" class=\"yoast-schema-graph\">{\"@context\":\"https:\/\/schema.org\",\"@graph\":[{\"@type\":\"WebPage\",\"@id\":\"https:\/\/alegerglobal.com\/pl\/shop-pl\/akcesoria\/standardowy-lub-sredniego-zasiegu-skaner-kodow-kreskowych-1d-2d\/\",\"url\":\"https:\/\/alegerglobal.com\/pl\/shop-pl\/akcesoria\/standardowy-lub-sredniego-zasiegu-skaner-kodow-kreskowych-1d-2d\/\",\"name\":\"- ALEGER \u22c6 Augmented Reality\",\"isPartOf\":{\"@id\":\"https:\/\/alegerglobal.com\/pl\/#website\"},\"primaryImageOfPage\":{\"@id\":\"https:\/\/alegerglobal.com\/pl\/shop-pl\/akcesoria\/standardowy-lub-sredniego-zasiegu-skaner-kodow-kreskowych-1d-2d\/#primaryimage\"},\"image\":{\"@id\":\"https:\/\/alegerglobal.com\/pl\/shop-pl\/akcesoria\/standardowy-lub-sredniego-zasiegu-skaner-kodow-kreskowych-1d-2d\/#primaryimage\"},\"thumbnailUrl\":\"https:\/\/alegerglobal.com\/wp-content\/uploads\/2021\/02\/pcpe-pglscn2.jpg\",\"datePublished\":\"2022-05-17T06:40:58+00:00\",\"dateModified\":\"2022-05-17T06:41:05+00:00\",\"breadcrumb\":{\"@id\":\"https:\/\/alegerglobal.com\/pl\/shop-pl\/akcesoria\/standardowy-lub-sredniego-zasiegu-skaner-kodow-kreskowych-1d-2d\/#breadcrumb\"},\"inLanguage\":\"pl-PL\",\"potentialAction\":[{\"@type\":\"ReadAction\",\"target\":[\"https:\/\/alegerglobal.com\/pl\/shop-pl\/akcesoria\/standardowy-lub-sredniego-zasiegu-skaner-kodow-kreskowych-1d-2d\/\"]}]},{\"@type\":\"ImageObject\",\"inLanguage\":\"pl-PL\",\"@id\":\"https:\/\/alegerglobal.com\/pl\/shop-pl\/akcesoria\/standardowy-lub-sredniego-zasiegu-skaner-kodow-kreskowych-1d-2d\/#primaryimage\",\"url\":\"https:\/\/alegerglobal.com\/wp-content\/uploads\/2021\/02\/pcpe-pglscn2.jpg\",\"contentUrl\":\"https:\/\/alegerglobal.com\/wp-content\/uploads\/2021\/02\/pcpe-pglscn2.jpg\",\"width\":400,\"height\":300},{\"@type\":\"BreadcrumbList\",\"@id\":\"https:\/\/alegerglobal.com\/pl\/shop-pl\/akcesoria\/standardowy-lub-sredniego-zasiegu-skaner-kodow-kreskowych-1d-2d\/#breadcrumb\",\"itemListElement\":[{\"@type\":\"ListItem\",\"position\":1,\"name\":\"Home\",\"item\":\"https:\/\/alegerglobal.com\/pl\/nowosc-strona-glowna\/\"},{\"@type\":\"ListItem\",\"position\":2,\"name\":\"Produkty\",\"item\":\"https:\/\/alegerglobal.com\/pl\/produkty\/\"},{\"@type\":\"ListItem\",\"position\":3,\"name\":\"Standardowy lub \u015bredniego zasi\u0119gu skaner kod\u00f3w kreskowych 1D\/2D\"}]},{\"@type\":\"WebSite\",\"@id\":\"https:\/\/alegerglobal.com\/pl\/#website\",\"url\":\"https:\/\/alegerglobal.com\/pl\/\",\"name\":\"ALEGER \u22c6 Augmented Reality\",\"description\":\"Die besten Augmented Reality (AR) L\u00f6sungen der Welt.\",\"publisher\":{\"@id\":\"https:\/\/alegerglobal.com\/pl\/#organization\"},\"potentialAction\":[{\"@type\":\"SearchAction\",\"target\":{\"@type\":\"EntryPoint\",\"urlTemplate\":\"https:\/\/alegerglobal.com\/pl\/?s={search_term_string}\"},\"query-input\":{\"@type\":\"PropertyValueSpecification\",\"valueRequired\":true,\"valueName\":\"search_term_string\"}}],\"inLanguage\":\"pl-PL\"},{\"@type\":\"Organization\",\"@id\":\"https:\/\/alegerglobal.com\/pl\/#organization\",\"name\":\"ALEGER \u22c6 Augmented Reality\",\"url\":\"https:\/\/alegerglobal.com\/pl\/\",\"logo\":{\"@type\":\"ImageObject\",\"inLanguage\":\"pl-PL\",\"@id\":\"https:\/\/alegerglobal.com\/pl\/#\/schema\/logo\/image\/\",\"url\":\"https:\/\/alegerglobal.com\/wp-content\/uploads\/2020\/12\/aleger-logo-quadrat.jpg\",\"contentUrl\":\"https:\/\/alegerglobal.com\/wp-content\/uploads\/2020\/12\/aleger-logo-quadrat.jpg\",\"width\":200,\"height\":176,\"caption\":\"ALEGER \u22c6 Augmented Reality\"},\"image\":{\"@id\":\"https:\/\/alegerglobal.com\/pl\/#\/schema\/logo\/image\/\"}}]}<\/script>\n<meta property=\"product:brand\" content=\"Panasonic\" \/>\n<meta property=\"product:price:amount\" content=\"99.99\" \/>\n<meta property=\"product:price:currency\" content=\"EUR\" \/>\n<meta property=\"og:availability\" content=\"instock\" \/>\n<meta property=\"product:availability\" content=\"instock\" \/>\n<meta property=\"product:condition\" content=\"new\" \/>\n<!-- \/ Yoast SEO Premium plugin. -->","yoast_head_json":{"title":"- ALEGER \u22c6 Augmented Reality","robots":{"index":"index","follow":"follow","max-snippet":"max-snippet:-1","max-image-preview":"max-image-preview:large","max-video-preview":"max-video-preview:-1"},"og_locale":"pl_PL","og_type":"article","og_title":"Standardowy lub \u015bredniego zasi\u0119gu skaner kod\u00f3w kreskowych 1D\/2D","og_description":"G\u0142\u00f3wne cechy Odleg\u0142o\u015b\u0107 skanowania: Zasi\u0119g standardowy: 10-80cm; Zasi\u0119g \u015bredni: 30-150cm Transmisyjne sprz\u0119\u017cenie zwrotne (akustyczne, optyczne, dotykowe) Transmisja bezprzewodowa (868 MHz, Bluetooth Low Energy) \u017bywotno\u015b\u0107 baterii do 6000 skan\u00f3w Komunikacja dwukierunkowa","og_url":"https:\/\/alegerglobal.com\/pl\/shop-pl\/akcesoria\/standardowy-lub-sredniego-zasiegu-skaner-kodow-kreskowych-1d-2d\/","og_site_name":"ALEGER \u22c6 Augmented Reality","article_modified_time":"2022-05-17T06:41:05+00:00","og_image":[{"width":400,"height":300,"url":"https:\/\/alegerglobal.com\/wp-content\/uploads\/2021\/02\/pcpe-pglscn2.jpg","type":"image\/jpeg"}],"twitter_card":"summary_large_image","twitter_misc":{"Cena":"&euro;99,99","Dost\u0119pno\u015b\u0107":"Dost\u0119pny"},"schema":{"@context":"https:\/\/schema.org","@graph":[{"@type":"WebPage","@id":"https:\/\/alegerglobal.com\/pl\/shop-pl\/akcesoria\/standardowy-lub-sredniego-zasiegu-skaner-kodow-kreskowych-1d-2d\/","url":"https:\/\/alegerglobal.com\/pl\/shop-pl\/akcesoria\/standardowy-lub-sredniego-zasiegu-skaner-kodow-kreskowych-1d-2d\/","name":"- ALEGER \u22c6 Augmented Reality","isPartOf":{"@id":"https:\/\/alegerglobal.com\/pl\/#website"},"primaryImageOfPage":{"@id":"https:\/\/alegerglobal.com\/pl\/shop-pl\/akcesoria\/standardowy-lub-sredniego-zasiegu-skaner-kodow-kreskowych-1d-2d\/#primaryimage"},"image":{"@id":"https:\/\/alegerglobal.com\/pl\/shop-pl\/akcesoria\/standardowy-lub-sredniego-zasiegu-skaner-kodow-kreskowych-1d-2d\/#primaryimage"},"thumbnailUrl":"https:\/\/alegerglobal.com\/wp-content\/uploads\/2021\/02\/pcpe-pglscn2.jpg","datePublished":"2022-05-17T06:40:58+00:00","dateModified":"2022-05-17T06:41:05+00:00","breadcrumb":{"@id":"https:\/\/alegerglobal.com\/pl\/shop-pl\/akcesoria\/standardowy-lub-sredniego-zasiegu-skaner-kodow-kreskowych-1d-2d\/#breadcrumb"},"inLanguage":"pl-PL","potentialAction":[{"@type":"ReadAction","target":["https:\/\/alegerglobal.com\/pl\/shop-pl\/akcesoria\/standardowy-lub-sredniego-zasiegu-skaner-kodow-kreskowych-1d-2d\/"]}]},{"@type":"ImageObject","inLanguage":"pl-PL","@id":"https:\/\/alegerglobal.com\/pl\/shop-pl\/akcesoria\/standardowy-lub-sredniego-zasiegu-skaner-kodow-kreskowych-1d-2d\/#primaryimage","url":"https:\/\/alegerglobal.com\/wp-content\/uploads\/2021\/02\/pcpe-pglscn2.jpg","contentUrl":"https:\/\/alegerglobal.com\/wp-content\/uploads\/2021\/02\/pcpe-pglscn2.jpg","width":400,"height":300},{"@type":"BreadcrumbList","@id":"https:\/\/alegerglobal.com\/pl\/shop-pl\/akcesoria\/standardowy-lub-sredniego-zasiegu-skaner-kodow-kreskowych-1d-2d\/#breadcrumb","itemListElement":[{"@type":"ListItem","position":1,"name":"Home","item":"https:\/\/alegerglobal.com\/pl\/nowosc-strona-glowna\/"},{"@type":"ListItem","position":2,"name":"Produkty","item":"https:\/\/alegerglobal.com\/pl\/produkty\/"},{"@type":"ListItem","position":3,"name":"Standardowy lub \u015bredniego zasi\u0119gu skaner kod\u00f3w kreskowych 1D\/2D"}]},{"@type":"WebSite","@id":"https:\/\/alegerglobal.com\/pl\/#website","url":"https:\/\/alegerglobal.com\/pl\/","name":"ALEGER \u22c6 Augmented Reality","description":"Die besten Augmented Reality (AR) L\u00f6sungen der Welt.","publisher":{"@id":"https:\/\/alegerglobal.com\/pl\/#organization"},"potentialAction":[{"@type":"SearchAction","target":{"@type":"EntryPoint","urlTemplate":"https:\/\/alegerglobal.com\/pl\/?s={search_term_string}"},"query-input":{"@type":"PropertyValueSpecification","valueRequired":true,"valueName":"search_term_string"}}],"inLanguage":"pl-PL"},{"@type":"Organization","@id":"https:\/\/alegerglobal.com\/pl\/#organization","name":"ALEGER \u22c6 Augmented Reality","url":"https:\/\/alegerglobal.com\/pl\/","logo":{"@type":"ImageObject","inLanguage":"pl-PL","@id":"https:\/\/alegerglobal.com\/pl\/#\/schema\/logo\/image\/","url":"https:\/\/alegerglobal.com\/wp-content\/uploads\/2020\/12\/aleger-logo-quadrat.jpg","contentUrl":"https:\/\/alegerglobal.com\/wp-content\/uploads\/2020\/12\/aleger-logo-quadrat.jpg","width":200,"height":176,"caption":"ALEGER \u22c6 Augmented Reality"},"image":{"@id":"https:\/\/alegerglobal.com\/pl\/#\/schema\/logo\/image\/"}}]},"product_brand":"Panasonic","product_price_amount":"99.99","product_price_currency":"EUR","og_availability":"instock","product_availability":"instock","product_condition":"new"},"_links":{"self":[{"href":"https:\/\/alegerglobal.com\/pl\/wp-json\/wp\/v2\/product\/33564","targetHints":{"allow":["GET"]}}],"collection":[{"href":"https:\/\/alegerglobal.com\/pl\/wp-json\/wp\/v2\/product"}],"about":[{"href":"https:\/\/alegerglobal.com\/pl\/wp-json\/wp\/v2\/types\/product"}],"replies":[{"embeddable":true,"href":"https:\/\/alegerglobal.com\/pl\/wp-json\/wp\/v2\/comments?post=33564"}],"version-history":[{"count":1,"href":"https:\/\/alegerglobal.com\/pl\/wp-json\/wp\/v2\/product\/33564\/revisions"}],"predecessor-version":[{"id":33566,"href":"https:\/\/alegerglobal.com\/pl\/wp-json\/wp\/v2\/product\/33564\/revisions\/33566"}],"wp:featuredmedia":[{"embeddable":true,"href":"https:\/\/alegerglobal.com\/pl\/wp-json\/wp\/v2\/media\/16086"}],"wp:attachment":[{"href":"https:\/\/alegerglobal.com\/pl\/wp-json\/wp\/v2\/media?parent=33564"}],"wp:term":[{"taxonomy":"product_brand","embeddable":true,"href":"https:\/\/alegerglobal.com\/pl\/wp-json\/wp\/v2\/product_brand?post=33564"},{"taxonomy":"product_cat","embeddable":true,"href":"https:\/\/alegerglobal.com\/pl\/wp-json\/wp\/v2\/product_cat?post=33564"},{"taxonomy":"product_tag","embeddable":true,"href":"https:\/\/alegerglobal.com\/pl\/wp-json\/wp\/v2\/product_tag?post=33564"}],"curies":[{"name":"wp","href":"https:\/\/api.w.org\/{rel}","templated":true}]}}