{"id":33563,"date":"2020-01-15T04:59:12","date_gmt":"2022-05-17T06:40:58","guid":{"rendered":"https:\/\/alegerglobal.com\/bez-kategorii\/nrealne-okulary-ar-do-smartfonow-z-systemem-android-wyswietlacz-full-hd-pole-widzenia-50-stopni-ekran-chroniacy-prywatnosc\/"},"modified":"2022-05-17T07:40:58","modified_gmt":"2022-05-17T06:40:58","slug":"nreal-light-2","status":"publish","type":"product","link":"https:\/\/alegerglobal.com\/pl\/shop-pl\/inteligentne-okulary\/nreal-light-2\/","title":{"rendered":"nRealne okulary AR do smartfon\u00f3w z systemem Android, wy\u015bwietlacz Full HD, pole widzenia 50 stopni, ekran chroni\u0105cy prywatno\u015b\u0107"},"content":{"rendered":"","protected":false},"excerpt":{"rendered":"<p><b>Regulowane dopasowanie: <\/b><span style=\"font-weight: 400;\">Do\u0142\u0105czone noski pozwalaj\u0105 na dopasowanie do kszta\u0142tu g\u0142owy.<\/span><\/p>\n<p><b>Wysoka rozdzielczo\u015b\u0107: <\/b><span style=\"font-weight: 400;\">Rozdzielczo\u015b\u0107 Full HD i pole widzenia 50 stopni zapewniaj\u0105 ostry obraz i optymalny przegl\u0105d sytuacji podczas pracy<\/span><\/p>\n<p><b>U\u017cywanie ze smartfonem:<\/b><span style=\"font-weight: 400;\"> Zgodno\u015b\u0107 z wybranymi smartfonami z systemem Android firm Samsung, Sony i Oppo.<\/span><\/p>\n<p><b>W\u0142asna aplikacja: <\/b><span style=\"font-weight: 400;\">Aplikacja Nebula tworzy interfejs mi\u0119dzy smartfonem a okularami<\/span><\/p>\n<p><b>Kompaktowa strona<\/b><span style=\"font-weight: 400;\">: <\/span><span style=\"font-weight: 400;\">146 x 175 x 44 mm i maksymalnej grubo\u015bci 23 mm<\/span><\/p>\n<p><b>Lekka waga:<\/b><span style=\"font-weight: 400;\"> 106 g masy ca\u0142kowitej<\/span><\/p>\n<p><b>Bogate wyposa\u017cenie dodatkowe: <\/b><span style=\"font-weight: 400;\">Z noskiem, os\u0142on\u0105 twarzy i pokrowcem<\/span><\/p>\n","protected":false},"featured_media":16914,"comment_status":"open","ping_status":"closed","template":"","meta":{"_acf_changed":false},"product_brand":[],"product_cat":[1008,983],"product_tag":[],"class_list":{"0":"post-33563","1":"product","2":"type-product","3":"status-publish","4":"has-post-thumbnail","6":"product_cat-inteligentne-okulary","7":"product_cat-shop-pl","8":"pa_hersteller-nreal-pl","10":"first","11":"instock","12":"taxable","13":"shipping-taxable","14":"product-type-simple"},"acf":[],"yoast_head":"<!-- This site is optimized with the Yoast SEO Premium plugin v20.10 (Yoast SEO v24.3) - https:\/\/yoast.com\/wordpress\/plugins\/seo\/ -->\n<title>Kup okulary nReal AR Glasses (2022) - ALEGER \u22c6 Augmented Reality<\/title>\n<meta name=\"description\" content=\"Okulary AR firmy nReal zosta\u0142y zaprojektowane jako okulary mieszanej rzeczywisto\u015bci i s\u0105 przeznaczone nie tylko do u\u017cytku profesjonalnego, ale mog\u0105 by\u0107 r\u00f3wnie\u017c u\u017cywane w sytuacjach prywatnych.\" \/>\n<meta name=\"robots\" content=\"index, follow, max-snippet:-1, max-image-preview:large, max-video-preview:-1\" \/>\n<meta property=\"og:locale\" content=\"pl_PL\" \/>\n<meta property=\"og:type\" content=\"article\" \/>\n<meta property=\"og:title\" content=\"nRealne okulary AR do smartfon\u00f3w z systemem Android, wy\u015bwietlacz Full HD, pole widzenia 50 stopni, ekran chroni\u0105cy prywatno\u015b\u0107\" \/>\n<meta property=\"og:description\" content=\"Okulary AR firmy nReal zosta\u0142y zaprojektowane jako okulary mieszanej rzeczywisto\u015bci i s\u0105 przeznaczone nie tylko do u\u017cytku profesjonalnego, ale mog\u0105 by\u0107 r\u00f3wnie\u017c u\u017cywane w sytuacjach prywatnych.\" \/>\n<meta property=\"og:url\" content=\"https:\/\/alegerglobal.com\/pl\/shop-pl\/inteligentne-okulary\/nreal-light-2\/\" \/>\n<meta property=\"og:site_name\" content=\"ALEGER \u22c6 Augmented Reality\" \/>\n<meta property=\"og:image\" content=\"https:\/\/alegerglobal.com\/wp-content\/uploads\/2021\/01\/Unbenannt-28-1.jpg\" \/>\n\t<meta property=\"og:image:width\" content=\"800\" \/>\n\t<meta property=\"og:image:height\" content=\"800\" \/>\n\t<meta property=\"og:image:type\" content=\"image\/jpeg\" \/>\n<meta name=\"twitter:card\" content=\"summary_large_image\" \/>\n<meta name=\"twitter:label1\" content=\"Cena\" \/>\n\t<meta name=\"twitter:data1\" content=\"\" \/>\n\t<meta name=\"twitter:label2\" content=\"Dost\u0119pno\u015b\u0107\" \/>\n\t<meta name=\"twitter:data2\" content=\"Dost\u0119pny\" \/>\n<script type=\"application\/ld+json\" class=\"yoast-schema-graph\">{\"@context\":\"https:\/\/schema.org\",\"@graph\":[{\"@type\":\"WebPage\",\"@id\":\"https:\/\/alegerglobal.com\/pl\/shop-pl\/inteligentne-okulary\/nreal-light-2\/\",\"url\":\"https:\/\/alegerglobal.com\/pl\/shop-pl\/inteligentne-okulary\/nreal-light-2\/\",\"name\":\"Kup okulary nReal AR Glasses (2022) - ALEGER \u22c6 Augmented Reality\",\"isPartOf\":{\"@id\":\"https:\/\/alegerglobal.com\/pl\/#website\"},\"primaryImageOfPage\":{\"@id\":\"https:\/\/alegerglobal.com\/pl\/shop-pl\/inteligentne-okulary\/nreal-light-2\/#primaryimage\"},\"image\":{\"@id\":\"https:\/\/alegerglobal.com\/pl\/shop-pl\/inteligentne-okulary\/nreal-light-2\/#primaryimage\"},\"thumbnailUrl\":\"https:\/\/alegerglobal.com\/wp-content\/uploads\/2021\/01\/Unbenannt-28-1.jpg\",\"datePublished\":\"2022-05-17T06:40:58+00:00\",\"dateModified\":\"2022-05-17T06:40:58+00:00\",\"description\":\"Okulary AR firmy nReal zosta\u0142y zaprojektowane jako okulary mieszanej rzeczywisto\u015bci i s\u0105 przeznaczone nie tylko do u\u017cytku profesjonalnego, ale mog\u0105 by\u0107 r\u00f3wnie\u017c u\u017cywane w sytuacjach prywatnych.\",\"breadcrumb\":{\"@id\":\"https:\/\/alegerglobal.com\/pl\/shop-pl\/inteligentne-okulary\/nreal-light-2\/#breadcrumb\"},\"inLanguage\":\"pl-PL\",\"potentialAction\":[{\"@type\":\"ReadAction\",\"target\":[\"https:\/\/alegerglobal.com\/pl\/shop-pl\/inteligentne-okulary\/nreal-light-2\/\"]}]},{\"@type\":\"ImageObject\",\"inLanguage\":\"pl-PL\",\"@id\":\"https:\/\/alegerglobal.com\/pl\/shop-pl\/inteligentne-okulary\/nreal-light-2\/#primaryimage\",\"url\":\"https:\/\/alegerglobal.com\/wp-content\/uploads\/2021\/01\/Unbenannt-28-1.jpg\",\"contentUrl\":\"https:\/\/alegerglobal.com\/wp-content\/uploads\/2021\/01\/Unbenannt-28-1.jpg\",\"width\":800,\"height\":800},{\"@type\":\"BreadcrumbList\",\"@id\":\"https:\/\/alegerglobal.com\/pl\/shop-pl\/inteligentne-okulary\/nreal-light-2\/#breadcrumb\",\"itemListElement\":[{\"@type\":\"ListItem\",\"position\":1,\"name\":\"Home\",\"item\":\"https:\/\/alegerglobal.com\/pl\/nowosc-strona-glowna\/\"},{\"@type\":\"ListItem\",\"position\":2,\"name\":\"Produkty\",\"item\":\"https:\/\/alegerglobal.com\/pl\/produkty\/\"},{\"@type\":\"ListItem\",\"position\":3,\"name\":\"nRealne okulary AR do smartfon\u00f3w z systemem Android, wy\u015bwietlacz Full HD, pole widzenia 50 stopni, ekran chroni\u0105cy prywatno\u015b\u0107\"}]},{\"@type\":\"WebSite\",\"@id\":\"https:\/\/alegerglobal.com\/pl\/#website\",\"url\":\"https:\/\/alegerglobal.com\/pl\/\",\"name\":\"ALEGER \u22c6 Augmented Reality\",\"description\":\"Die besten Augmented Reality (AR) L\u00f6sungen der Welt.\",\"publisher\":{\"@id\":\"https:\/\/alegerglobal.com\/pl\/#organization\"},\"potentialAction\":[{\"@type\":\"SearchAction\",\"target\":{\"@type\":\"EntryPoint\",\"urlTemplate\":\"https:\/\/alegerglobal.com\/pl\/?s={search_term_string}\"},\"query-input\":{\"@type\":\"PropertyValueSpecification\",\"valueRequired\":true,\"valueName\":\"search_term_string\"}}],\"inLanguage\":\"pl-PL\"},{\"@type\":\"Organization\",\"@id\":\"https:\/\/alegerglobal.com\/pl\/#organization\",\"name\":\"ALEGER \u22c6 Augmented Reality\",\"url\":\"https:\/\/alegerglobal.com\/pl\/\",\"logo\":{\"@type\":\"ImageObject\",\"inLanguage\":\"pl-PL\",\"@id\":\"https:\/\/alegerglobal.com\/pl\/#\/schema\/logo\/image\/\",\"url\":\"https:\/\/alegerglobal.com\/wp-content\/uploads\/2020\/12\/aleger-logo-quadrat.jpg\",\"contentUrl\":\"https:\/\/alegerglobal.com\/wp-content\/uploads\/2020\/12\/aleger-logo-quadrat.jpg\",\"width\":200,\"height\":176,\"caption\":\"ALEGER \u22c6 Augmented Reality\"},\"image\":{\"@id\":\"https:\/\/alegerglobal.com\/pl\/#\/schema\/logo\/image\/\"}}]}<\/script>\n<meta property=\"product:brand\" content=\"Nreal\" \/>\n<meta property=\"product:price:amount\" content=\"0.00\" \/>\n<meta property=\"product:price:currency\" content=\"EUR\" \/>\n<meta property=\"og:availability\" content=\"instock\" \/>\n<meta property=\"product:availability\" content=\"instock\" \/>\n<meta property=\"product:condition\" content=\"new\" \/>\n<!-- \/ Yoast SEO Premium plugin. -->","yoast_head_json":{"title":"Kup okulary nReal AR Glasses (2022) - ALEGER \u22c6 Augmented Reality","description":"Okulary AR firmy nReal zosta\u0142y zaprojektowane jako okulary mieszanej rzeczywisto\u015bci i s\u0105 przeznaczone nie tylko do u\u017cytku profesjonalnego, ale mog\u0105 by\u0107 r\u00f3wnie\u017c u\u017cywane w sytuacjach prywatnych.","robots":{"index":"index","follow":"follow","max-snippet":"max-snippet:-1","max-image-preview":"max-image-preview:large","max-video-preview":"max-video-preview:-1"},"og_locale":"pl_PL","og_type":"article","og_title":"nRealne okulary AR do smartfon\u00f3w z systemem Android, wy\u015bwietlacz Full HD, pole widzenia 50 stopni, ekran chroni\u0105cy prywatno\u015b\u0107","og_description":"Okulary AR firmy nReal zosta\u0142y zaprojektowane jako okulary mieszanej rzeczywisto\u015bci i s\u0105 przeznaczone nie tylko do u\u017cytku profesjonalnego, ale mog\u0105 by\u0107 r\u00f3wnie\u017c u\u017cywane w sytuacjach prywatnych.","og_url":"https:\/\/alegerglobal.com\/pl\/shop-pl\/inteligentne-okulary\/nreal-light-2\/","og_site_name":"ALEGER \u22c6 Augmented Reality","og_image":[{"width":800,"height":800,"url":"https:\/\/alegerglobal.com\/wp-content\/uploads\/2021\/01\/Unbenannt-28-1.jpg","type":"image\/jpeg"}],"twitter_card":"summary_large_image","twitter_misc":{"Cena":"","Dost\u0119pno\u015b\u0107":"Dost\u0119pny"},"schema":{"@context":"https:\/\/schema.org","@graph":[{"@type":"WebPage","@id":"https:\/\/alegerglobal.com\/pl\/shop-pl\/inteligentne-okulary\/nreal-light-2\/","url":"https:\/\/alegerglobal.com\/pl\/shop-pl\/inteligentne-okulary\/nreal-light-2\/","name":"Kup okulary nReal AR Glasses (2022) - ALEGER \u22c6 Augmented Reality","isPartOf":{"@id":"https:\/\/alegerglobal.com\/pl\/#website"},"primaryImageOfPage":{"@id":"https:\/\/alegerglobal.com\/pl\/shop-pl\/inteligentne-okulary\/nreal-light-2\/#primaryimage"},"image":{"@id":"https:\/\/alegerglobal.com\/pl\/shop-pl\/inteligentne-okulary\/nreal-light-2\/#primaryimage"},"thumbnailUrl":"https:\/\/alegerglobal.com\/wp-content\/uploads\/2021\/01\/Unbenannt-28-1.jpg","datePublished":"2022-05-17T06:40:58+00:00","dateModified":"2022-05-17T06:40:58+00:00","description":"Okulary AR firmy nReal zosta\u0142y zaprojektowane jako okulary mieszanej rzeczywisto\u015bci i s\u0105 przeznaczone nie tylko do u\u017cytku profesjonalnego, ale mog\u0105 by\u0107 r\u00f3wnie\u017c u\u017cywane w sytuacjach prywatnych.","breadcrumb":{"@id":"https:\/\/alegerglobal.com\/pl\/shop-pl\/inteligentne-okulary\/nreal-light-2\/#breadcrumb"},"inLanguage":"pl-PL","potentialAction":[{"@type":"ReadAction","target":["https:\/\/alegerglobal.com\/pl\/shop-pl\/inteligentne-okulary\/nreal-light-2\/"]}]},{"@type":"ImageObject","inLanguage":"pl-PL","@id":"https:\/\/alegerglobal.com\/pl\/shop-pl\/inteligentne-okulary\/nreal-light-2\/#primaryimage","url":"https:\/\/alegerglobal.com\/wp-content\/uploads\/2021\/01\/Unbenannt-28-1.jpg","contentUrl":"https:\/\/alegerglobal.com\/wp-content\/uploads\/2021\/01\/Unbenannt-28-1.jpg","width":800,"height":800},{"@type":"BreadcrumbList","@id":"https:\/\/alegerglobal.com\/pl\/shop-pl\/inteligentne-okulary\/nreal-light-2\/#breadcrumb","itemListElement":[{"@type":"ListItem","position":1,"name":"Home","item":"https:\/\/alegerglobal.com\/pl\/nowosc-strona-glowna\/"},{"@type":"ListItem","position":2,"name":"Produkty","item":"https:\/\/alegerglobal.com\/pl\/produkty\/"},{"@type":"ListItem","position":3,"name":"nRealne okulary AR do smartfon\u00f3w z systemem Android, wy\u015bwietlacz Full HD, pole widzenia 50 stopni, ekran chroni\u0105cy prywatno\u015b\u0107"}]},{"@type":"WebSite","@id":"https:\/\/alegerglobal.com\/pl\/#website","url":"https:\/\/alegerglobal.com\/pl\/","name":"ALEGER \u22c6 Augmented Reality","description":"Die besten Augmented Reality (AR) L\u00f6sungen der Welt.","publisher":{"@id":"https:\/\/alegerglobal.com\/pl\/#organization"},"potentialAction":[{"@type":"SearchAction","target":{"@type":"EntryPoint","urlTemplate":"https:\/\/alegerglobal.com\/pl\/?s={search_term_string}"},"query-input":{"@type":"PropertyValueSpecification","valueRequired":true,"valueName":"search_term_string"}}],"inLanguage":"pl-PL"},{"@type":"Organization","@id":"https:\/\/alegerglobal.com\/pl\/#organization","name":"ALEGER \u22c6 Augmented Reality","url":"https:\/\/alegerglobal.com\/pl\/","logo":{"@type":"ImageObject","inLanguage":"pl-PL","@id":"https:\/\/alegerglobal.com\/pl\/#\/schema\/logo\/image\/","url":"https:\/\/alegerglobal.com\/wp-content\/uploads\/2020\/12\/aleger-logo-quadrat.jpg","contentUrl":"https:\/\/alegerglobal.com\/wp-content\/uploads\/2020\/12\/aleger-logo-quadrat.jpg","width":200,"height":176,"caption":"ALEGER \u22c6 Augmented Reality"},"image":{"@id":"https:\/\/alegerglobal.com\/pl\/#\/schema\/logo\/image\/"}}]},"product_brand":"Nreal","product_price_amount":"0.00","product_price_currency":"EUR","og_availability":"instock","product_availability":"instock","product_condition":"new"},"_links":{"self":[{"href":"https:\/\/alegerglobal.com\/pl\/wp-json\/wp\/v2\/product\/33563","targetHints":{"allow":["GET"]}}],"collection":[{"href":"https:\/\/alegerglobal.com\/pl\/wp-json\/wp\/v2\/product"}],"about":[{"href":"https:\/\/alegerglobal.com\/pl\/wp-json\/wp\/v2\/types\/product"}],"replies":[{"embeddable":true,"href":"https:\/\/alegerglobal.com\/pl\/wp-json\/wp\/v2\/comments?post=33563"}],"version-history":[{"count":0,"href":"https:\/\/alegerglobal.com\/pl\/wp-json\/wp\/v2\/product\/33563\/revisions"}],"wp:featuredmedia":[{"embeddable":true,"href":"https:\/\/alegerglobal.com\/pl\/wp-json\/wp\/v2\/media\/16914"}],"wp:attachment":[{"href":"https:\/\/alegerglobal.com\/pl\/wp-json\/wp\/v2\/media?parent=33563"}],"wp:term":[{"taxonomy":"product_brand","embeddable":true,"href":"https:\/\/alegerglobal.com\/pl\/wp-json\/wp\/v2\/product_brand?post=33563"},{"taxonomy":"product_cat","embeddable":true,"href":"https:\/\/alegerglobal.com\/pl\/wp-json\/wp\/v2\/product_cat?post=33563"},{"taxonomy":"product_tag","embeddable":true,"href":"https:\/\/alegerglobal.com\/pl\/wp-json\/wp\/v2\/product_tag?post=33563"}],"curies":[{"name":"wp","href":"https:\/\/api.w.org\/{rel}","templated":true}]}}