{"id":33549,"date":"2020-03-13T06:00:50","date_gmt":"2022-05-17T06:38:16","guid":{"rendered":"https:\/\/alegerglobal.com\/bez-kategorii\/miedzynarodowy-zasilacz-sieciowy\/"},"modified":"2022-05-17T07:38:16","modified_gmt":"2022-05-17T06:38:16","slug":"miedzynarodowy-zasilacz-sieciowy","status":"publish","type":"product","link":"https:\/\/alegerglobal.com\/pl\/shop-pl\/akcesoria\/miedzynarodowy-zasilacz-sieciowy\/","title":{"rendered":"Mi\u0119dzynarodowy zasilacz sieciowy"},"content":{"rendered":"\t\t<div data-elementor-type=\"product-post\" data-elementor-id=\"33549\" class=\"elementor elementor-33549 elementor-5368\" data-elementor-settings=\"{&quot;ha_cmc_init_switcher&quot;:&quot;no&quot;}\" data-elementor-post-type=\"product\">\n\t\t\t\t\t\t<section class=\"elementor-section elementor-top-section elementor-element elementor-element-dc2f5e2 elementor-section-boxed elementor-section-height-default elementor-section-height-default\" data-id=\"dc2f5e2\" data-element_type=\"section\" data-settings=\"{&quot;jet_parallax_layout_list&quot;:[],&quot;_ha_eqh_enable&quot;:false}\">\n\t\t\t\t\t\t<div class=\"elementor-container elementor-column-gap-default\">\n\t\t\t\t\t<div class=\"elementor-column elementor-col-100 elementor-top-column elementor-element elementor-element-0cfcbdc\" data-id=\"0cfcbdc\" data-element_type=\"column\">\n\t\t\t<div class=\"elementor-widget-wrap elementor-element-populated\">\n\t\t\t\t\t\t<div class=\"elementor-element elementor-element-ac8976f elementor-widget elementor-widget-text-editor\" data-id=\"ac8976f\" data-element_type=\"widget\" data-widget_type=\"text-editor.default\">\n\t\t\t\t<div class=\"elementor-widget-container\">\n\t\t\t\t\t\t\t\t\t<ul style=\"margin-right: 0px; margin-bottom: 17.5px; margin-left: 35px; padding: 0px; list-style-position: outside; list-style-image: initial; color: #888888; font-family: Helvetica, 'Helvetica Neue', Arial, 'Lucida Grande', sans-serif; font-size: 16px; background-color: #ffffff;\"><li style=\"list-style: inherit; margin-bottom: 4px;\">Cztery porty USB 2,4A, 5V, maks. 2,4A<\/li><li style=\"list-style: inherit; margin-bottom: 4px;\">Jeden port USB typu C 3,0 A, 5 V, maks. 3 A<\/li><li style=\"list-style: inherit; margin-bottom: 4px;\">Jedno gniazdo pr\u0105du zmiennego 10A, 100-240V~50\/60HZ<\/li><li style=\"list-style: inherit; margin-bottom: 4px;\">Certyfikat CE i FCC<\/li><li style=\"list-style: inherit; margin-bottom: 4px;\">Podw\u00f3jny bezpiecznik przeci\u0105\u017ceniowy 10A<\/li><li style=\"list-style: inherit; margin-bottom: 4px;\">Zabezpieczenie przeciwzwarciowe<\/li><li style=\"list-style: inherit; margin-bottom: 4px;\">Trudnopalny PC(94V0)<\/li><li style=\"list-style: inherit; margin-bottom: 4px;\">Walizka transportowa chroni, gdy nie jest u\u017cywana<\/li><li style=\"list-style: inherit;\">Mechanizm suwakowy i zwalniaj\u0105cy u\u0142atwiaj\u0105cy obs\u0142ug\u0119<\/li><\/ul>\t\t\t\t\t\t\t\t<\/div>\n\t\t\t\t<\/div>\n\t\t\t\t\t<\/div>\n\t\t<\/div>\n\t\t\t\t\t<\/div>\n\t\t<\/section>\n\t\t\t\t<\/div>\n\t\t","protected":false},"excerpt":{"rendered":"<p>Dzi\u0119ki mi\u0119dzynarodowemu zasilaczowi mo\u017cna \u0142adowa\u0107 jednocze\u015bnie do 6 urz\u0105dze\u0144 HMT-1 w 150 krajach.<\/p>\n","protected":false},"featured_media":16457,"comment_status":"open","ping_status":"closed","template":"","meta":{"_acf_changed":false},"product_brand":[],"product_cat":[1009,983],"product_tag":[],"class_list":{"0":"post-33549","1":"product","2":"type-product","3":"status-publish","4":"has-post-thumbnail","6":"product_cat-akcesoria","7":"product_cat-shop-pl","8":"pa_hersteller-realwear-pl","10":"first","11":"instock","12":"taxable","13":"shipping-taxable","14":"purchasable","15":"product-type-simple"},"acf":[],"yoast_head":"<!-- This site is optimized with the Yoast SEO Premium plugin v20.10 (Yoast SEO v24.3) - https:\/\/yoast.com\/wordpress\/plugins\/seo\/ -->\n<title>- ALEGER \u22c6 Augmented Reality<\/title>\n<meta name=\"robots\" content=\"index, follow, max-snippet:-1, max-image-preview:large, max-video-preview:-1\" \/>\n<meta property=\"og:locale\" content=\"pl_PL\" \/>\n<meta property=\"og:type\" content=\"article\" \/>\n<meta property=\"og:title\" content=\"Mi\u0119dzynarodowy zasilacz sieciowy\" \/>\n<meta property=\"og:description\" content=\"Dzi\u0119ki mi\u0119dzynarodowemu zasilaczowi mo\u017cna \u0142adowa\u0107 jednocze\u015bnie do 6 urz\u0105dze\u0144 HMT-1 w 150 krajach.\" \/>\n<meta property=\"og:url\" content=\"https:\/\/alegerglobal.com\/pl\/shop-pl\/akcesoria\/miedzynarodowy-zasilacz-sieciowy\/\" \/>\n<meta property=\"og:site_name\" content=\"ALEGER \u22c6 Augmented Reality\" \/>\n<meta property=\"og:image\" content=\"https:\/\/alegerglobal.com\/wp-content\/uploads\/2020\/03\/Unbenannt-1.jpg\" \/>\n\t<meta property=\"og:image:width\" content=\"800\" \/>\n\t<meta property=\"og:image:height\" content=\"800\" \/>\n\t<meta property=\"og:image:type\" content=\"image\/jpeg\" \/>\n<meta name=\"twitter:card\" content=\"summary_large_image\" \/>\n<meta name=\"twitter:label1\" content=\"Cena\" \/>\n\t<meta name=\"twitter:data1\" content=\"&euro;59,00\" \/>\n\t<meta name=\"twitter:label2\" content=\"Dost\u0119pno\u015b\u0107\" \/>\n\t<meta name=\"twitter:data2\" content=\"Dost\u0119pny\" \/>\n<script type=\"application\/ld+json\" class=\"yoast-schema-graph\">{\"@context\":\"https:\/\/schema.org\",\"@graph\":[{\"@type\":\"WebPage\",\"@id\":\"https:\/\/alegerglobal.com\/pl\/shop-pl\/akcesoria\/miedzynarodowy-zasilacz-sieciowy\/\",\"url\":\"https:\/\/alegerglobal.com\/pl\/shop-pl\/akcesoria\/miedzynarodowy-zasilacz-sieciowy\/\",\"name\":\"- ALEGER \u22c6 Augmented Reality\",\"isPartOf\":{\"@id\":\"https:\/\/alegerglobal.com\/pl\/#website\"},\"primaryImageOfPage\":{\"@id\":\"https:\/\/alegerglobal.com\/pl\/shop-pl\/akcesoria\/miedzynarodowy-zasilacz-sieciowy\/#primaryimage\"},\"image\":{\"@id\":\"https:\/\/alegerglobal.com\/pl\/shop-pl\/akcesoria\/miedzynarodowy-zasilacz-sieciowy\/#primaryimage\"},\"thumbnailUrl\":\"https:\/\/alegerglobal.com\/wp-content\/uploads\/2020\/03\/Unbenannt-1.jpg\",\"datePublished\":\"2022-05-17T06:38:16+00:00\",\"dateModified\":\"2022-05-17T06:38:16+00:00\",\"breadcrumb\":{\"@id\":\"https:\/\/alegerglobal.com\/pl\/shop-pl\/akcesoria\/miedzynarodowy-zasilacz-sieciowy\/#breadcrumb\"},\"inLanguage\":\"pl-PL\",\"potentialAction\":[{\"@type\":\"ReadAction\",\"target\":[\"https:\/\/alegerglobal.com\/pl\/shop-pl\/akcesoria\/miedzynarodowy-zasilacz-sieciowy\/\"]}]},{\"@type\":\"ImageObject\",\"inLanguage\":\"pl-PL\",\"@id\":\"https:\/\/alegerglobal.com\/pl\/shop-pl\/akcesoria\/miedzynarodowy-zasilacz-sieciowy\/#primaryimage\",\"url\":\"https:\/\/alegerglobal.com\/wp-content\/uploads\/2020\/03\/Unbenannt-1.jpg\",\"contentUrl\":\"https:\/\/alegerglobal.com\/wp-content\/uploads\/2020\/03\/Unbenannt-1.jpg\",\"width\":800,\"height\":800},{\"@type\":\"BreadcrumbList\",\"@id\":\"https:\/\/alegerglobal.com\/pl\/shop-pl\/akcesoria\/miedzynarodowy-zasilacz-sieciowy\/#breadcrumb\",\"itemListElement\":[{\"@type\":\"ListItem\",\"position\":1,\"name\":\"Home\",\"item\":\"https:\/\/alegerglobal.com\/pl\/nowosc-strona-glowna\/\"},{\"@type\":\"ListItem\",\"position\":2,\"name\":\"Produkty\",\"item\":\"https:\/\/alegerglobal.com\/pl\/produkty\/\"},{\"@type\":\"ListItem\",\"position\":3,\"name\":\"Mi\u0119dzynarodowy zasilacz sieciowy\"}]},{\"@type\":\"WebSite\",\"@id\":\"https:\/\/alegerglobal.com\/pl\/#website\",\"url\":\"https:\/\/alegerglobal.com\/pl\/\",\"name\":\"ALEGER \u22c6 Augmented Reality\",\"description\":\"Die besten Augmented Reality (AR) L\u00f6sungen der Welt.\",\"publisher\":{\"@id\":\"https:\/\/alegerglobal.com\/pl\/#organization\"},\"potentialAction\":[{\"@type\":\"SearchAction\",\"target\":{\"@type\":\"EntryPoint\",\"urlTemplate\":\"https:\/\/alegerglobal.com\/pl\/?s={search_term_string}\"},\"query-input\":{\"@type\":\"PropertyValueSpecification\",\"valueRequired\":true,\"valueName\":\"search_term_string\"}}],\"inLanguage\":\"pl-PL\"},{\"@type\":\"Organization\",\"@id\":\"https:\/\/alegerglobal.com\/pl\/#organization\",\"name\":\"ALEGER \u22c6 Augmented Reality\",\"url\":\"https:\/\/alegerglobal.com\/pl\/\",\"logo\":{\"@type\":\"ImageObject\",\"inLanguage\":\"pl-PL\",\"@id\":\"https:\/\/alegerglobal.com\/pl\/#\/schema\/logo\/image\/\",\"url\":\"https:\/\/alegerglobal.com\/wp-content\/uploads\/2020\/12\/aleger-logo-quadrat.jpg\",\"contentUrl\":\"https:\/\/alegerglobal.com\/wp-content\/uploads\/2020\/12\/aleger-logo-quadrat.jpg\",\"width\":200,\"height\":176,\"caption\":\"ALEGER \u22c6 Augmented Reality\"},\"image\":{\"@id\":\"https:\/\/alegerglobal.com\/pl\/#\/schema\/logo\/image\/\"}}]}<\/script>\n<meta property=\"product:brand\" content=\"RealWear\" \/>\n<meta property=\"product:price:amount\" content=\"59.00\" \/>\n<meta property=\"product:price:currency\" content=\"EUR\" \/>\n<meta property=\"og:availability\" content=\"instock\" \/>\n<meta property=\"product:availability\" content=\"instock\" \/>\n<meta property=\"product:condition\" content=\"new\" \/>\n<!-- \/ Yoast SEO Premium plugin. -->","yoast_head_json":{"title":"- ALEGER \u22c6 Augmented Reality","robots":{"index":"index","follow":"follow","max-snippet":"max-snippet:-1","max-image-preview":"max-image-preview:large","max-video-preview":"max-video-preview:-1"},"og_locale":"pl_PL","og_type":"article","og_title":"Mi\u0119dzynarodowy zasilacz sieciowy","og_description":"Dzi\u0119ki mi\u0119dzynarodowemu zasilaczowi mo\u017cna \u0142adowa\u0107 jednocze\u015bnie do 6 urz\u0105dze\u0144 HMT-1 w 150 krajach.","og_url":"https:\/\/alegerglobal.com\/pl\/shop-pl\/akcesoria\/miedzynarodowy-zasilacz-sieciowy\/","og_site_name":"ALEGER \u22c6 Augmented Reality","og_image":[{"width":800,"height":800,"url":"https:\/\/alegerglobal.com\/wp-content\/uploads\/2020\/03\/Unbenannt-1.jpg","type":"image\/jpeg"}],"twitter_card":"summary_large_image","twitter_misc":{"Cena":"&euro;59,00","Dost\u0119pno\u015b\u0107":"Dost\u0119pny"},"schema":{"@context":"https:\/\/schema.org","@graph":[{"@type":"WebPage","@id":"https:\/\/alegerglobal.com\/pl\/shop-pl\/akcesoria\/miedzynarodowy-zasilacz-sieciowy\/","url":"https:\/\/alegerglobal.com\/pl\/shop-pl\/akcesoria\/miedzynarodowy-zasilacz-sieciowy\/","name":"- ALEGER \u22c6 Augmented Reality","isPartOf":{"@id":"https:\/\/alegerglobal.com\/pl\/#website"},"primaryImageOfPage":{"@id":"https:\/\/alegerglobal.com\/pl\/shop-pl\/akcesoria\/miedzynarodowy-zasilacz-sieciowy\/#primaryimage"},"image":{"@id":"https:\/\/alegerglobal.com\/pl\/shop-pl\/akcesoria\/miedzynarodowy-zasilacz-sieciowy\/#primaryimage"},"thumbnailUrl":"https:\/\/alegerglobal.com\/wp-content\/uploads\/2020\/03\/Unbenannt-1.jpg","datePublished":"2022-05-17T06:38:16+00:00","dateModified":"2022-05-17T06:38:16+00:00","breadcrumb":{"@id":"https:\/\/alegerglobal.com\/pl\/shop-pl\/akcesoria\/miedzynarodowy-zasilacz-sieciowy\/#breadcrumb"},"inLanguage":"pl-PL","potentialAction":[{"@type":"ReadAction","target":["https:\/\/alegerglobal.com\/pl\/shop-pl\/akcesoria\/miedzynarodowy-zasilacz-sieciowy\/"]}]},{"@type":"ImageObject","inLanguage":"pl-PL","@id":"https:\/\/alegerglobal.com\/pl\/shop-pl\/akcesoria\/miedzynarodowy-zasilacz-sieciowy\/#primaryimage","url":"https:\/\/alegerglobal.com\/wp-content\/uploads\/2020\/03\/Unbenannt-1.jpg","contentUrl":"https:\/\/alegerglobal.com\/wp-content\/uploads\/2020\/03\/Unbenannt-1.jpg","width":800,"height":800},{"@type":"BreadcrumbList","@id":"https:\/\/alegerglobal.com\/pl\/shop-pl\/akcesoria\/miedzynarodowy-zasilacz-sieciowy\/#breadcrumb","itemListElement":[{"@type":"ListItem","position":1,"name":"Home","item":"https:\/\/alegerglobal.com\/pl\/nowosc-strona-glowna\/"},{"@type":"ListItem","position":2,"name":"Produkty","item":"https:\/\/alegerglobal.com\/pl\/produkty\/"},{"@type":"ListItem","position":3,"name":"Mi\u0119dzynarodowy zasilacz sieciowy"}]},{"@type":"WebSite","@id":"https:\/\/alegerglobal.com\/pl\/#website","url":"https:\/\/alegerglobal.com\/pl\/","name":"ALEGER \u22c6 Augmented Reality","description":"Die besten Augmented Reality (AR) L\u00f6sungen der Welt.","publisher":{"@id":"https:\/\/alegerglobal.com\/pl\/#organization"},"potentialAction":[{"@type":"SearchAction","target":{"@type":"EntryPoint","urlTemplate":"https:\/\/alegerglobal.com\/pl\/?s={search_term_string}"},"query-input":{"@type":"PropertyValueSpecification","valueRequired":true,"valueName":"search_term_string"}}],"inLanguage":"pl-PL"},{"@type":"Organization","@id":"https:\/\/alegerglobal.com\/pl\/#organization","name":"ALEGER \u22c6 Augmented Reality","url":"https:\/\/alegerglobal.com\/pl\/","logo":{"@type":"ImageObject","inLanguage":"pl-PL","@id":"https:\/\/alegerglobal.com\/pl\/#\/schema\/logo\/image\/","url":"https:\/\/alegerglobal.com\/wp-content\/uploads\/2020\/12\/aleger-logo-quadrat.jpg","contentUrl":"https:\/\/alegerglobal.com\/wp-content\/uploads\/2020\/12\/aleger-logo-quadrat.jpg","width":200,"height":176,"caption":"ALEGER \u22c6 Augmented Reality"},"image":{"@id":"https:\/\/alegerglobal.com\/pl\/#\/schema\/logo\/image\/"}}]},"product_brand":"RealWear","product_price_amount":"59.00","product_price_currency":"EUR","og_availability":"instock","product_availability":"instock","product_condition":"new"},"_links":{"self":[{"href":"https:\/\/alegerglobal.com\/pl\/wp-json\/wp\/v2\/product\/33549","targetHints":{"allow":["GET"]}}],"collection":[{"href":"https:\/\/alegerglobal.com\/pl\/wp-json\/wp\/v2\/product"}],"about":[{"href":"https:\/\/alegerglobal.com\/pl\/wp-json\/wp\/v2\/types\/product"}],"replies":[{"embeddable":true,"href":"https:\/\/alegerglobal.com\/pl\/wp-json\/wp\/v2\/comments?post=33549"}],"version-history":[{"count":1,"href":"https:\/\/alegerglobal.com\/pl\/wp-json\/wp\/v2\/product\/33549\/revisions"}],"predecessor-version":[{"id":33551,"href":"https:\/\/alegerglobal.com\/pl\/wp-json\/wp\/v2\/product\/33549\/revisions\/33551"}],"wp:featuredmedia":[{"embeddable":true,"href":"https:\/\/alegerglobal.com\/pl\/wp-json\/wp\/v2\/media\/16457"}],"wp:attachment":[{"href":"https:\/\/alegerglobal.com\/pl\/wp-json\/wp\/v2\/media?parent=33549"}],"wp:term":[{"taxonomy":"product_brand","embeddable":true,"href":"https:\/\/alegerglobal.com\/pl\/wp-json\/wp\/v2\/product_brand?post=33549"},{"taxonomy":"product_cat","embeddable":true,"href":"https:\/\/alegerglobal.com\/pl\/wp-json\/wp\/v2\/product_cat?post=33549"},{"taxonomy":"product_tag","embeddable":true,"href":"https:\/\/alegerglobal.com\/pl\/wp-json\/wp\/v2\/product_tag?post=33549"}],"curies":[{"name":"wp","href":"https:\/\/api.w.org\/{rel}","templated":true}]}}